{"id":8533,"date":"2018-12-11T17:30:22","date_gmt":"2018-12-11T16:30:22","guid":{"rendered":"http:\/\/klasmann-deilmann.com\/?page_id=8533"},"modified":"2018-12-11T17:32:36","modified_gmt":"2018-12-11T16:32:36","slug":"privacy-forms","status":"publish","type":"page","link":"https:\/\/klasmann-deilmann.com\/pl\/privacy-forms\/","title":{"rendered":"Polityka prywatno\u015bci dla formularza kontaktowego"},"content":{"rendered":"<div class=\"wpb-content-wrapper\">[vc_row][vc_column][kd_header_image_banner image=&#8221;897&#8243;][\/vc_column][vc_column][vc_row_inner][vc_column_inner width=&#8221;1\/6&#8243;][\/vc_column_inner][vc_column_inner width=&#8221;4\/6&#8243;][vc_column_text]<\/p>\n<h1>Polityka prywatno\u015bci dla formularza kontaktowego<\/h1>\n<p>[\/vc_column_text][vc_column_text]Dzi\u0119kujemy za skontaktowanie si\u0119 z nami i odwiedzenie naszej strony internetowej. Ochrona danych osobowych i zachowanie prywatno\u015bci jest dla nas bardzo wa\u017cna. W zwi\u0105zku z tym informujemy o gromadzeniu i korzystaniu z danych osobowych zgodnie z odpowiednimi przepisami o ochronie danych.<\/p>\n<p><strong>Wykorzystanie danych osobowych<\/strong><\/p>\n<p>odbywa si\u0119 wy\u0142\u0105cznie w celu skontaktowania si\u0119 z Tob\u0105 w celu udzielenia odpowiedzi na Twoje zapytanie, a tak\u017ce do cel\u00f3w odpowiedniej administracji technicznej. \u017badne dane nie zostan\u0105 przekazane stronom trzecim.<\/p>\n<p>W ka\u017cdej chwili masz prawo za\u017c\u0105da\u0107 wgl\u0105du w dotycz\u0105ce Twojej osoby dane, kt\u00f3re zapisane s\u0105 w naszym systemie, oraz zapyta\u0107 o cel, w jakim s\u0105 u\u017cywane. Ponadto mo\u017cesz poprawi\u0107 niedok\u0142adne dane lub usun\u0105\u0107 wszelkie informacje, kt\u00f3re nie mog\u0105 by\u0107 przechowywane lub nie s\u0105 ju\u017c potrzebne.<\/p>\n<p>Je\u015bli nie ma ju\u017c powodu do przechowywania konkretnych informacji lub up\u0142ynie okres przechowywania danych ustalony przez europejski organ regulacyjny lub inny organ regulacyjny, wszystkie dane osobowe zostan\u0105 automatycznie zablokowane lub usuni\u0119te zgodnie z przepisami prawnymi.<\/p>\n<p><strong>Wi\u0119cej informacji i kontakt<\/strong><\/p>\n<p>W przypadku jakichkolwiek pyta\u0144 dotycz\u0105cych ochrony danych, prosimy o kontakt z nami w dowolnym momencie. W przypadku jakichkolwiek pyta\u0144 zwi\u0105zanych ze zbieraniem, przetwarzaniem lub wykorzystywaniem Twoich danych osobowych, a tak\u017ce w sprawach zwi\u0105zanych z poprawianiem, blokowaniem, usuwaniem\u00a0 i informacj\u0105 o danych, uprzejmie prosimy o wys\u0142anie wiadomo\u015bci e-mail na adres: <a href=\"mailto:datenschutz@klasmann-deilmann.com\">datenschutz@klasmann-deilmann.com<\/a>.[\/vc_column_text][\/vc_column_inner][vc_column_inner width=&#8221;1\/6&#8243;][\/vc_column_inner][\/vc_row_inner][\/vc_column][\/vc_row][vc_row][vc_column][vc_column_text]<\/p>\n<p>[\/vc_column_text][\/vc_column][\/vc_row]<\/p><\/div>\n","protected":false},"excerpt":{"rendered":"<p>[vc_row][vc_column][kd_header_image_banner image=&#8221;897&#8243;][\/vc_column][vc_column][vc_row_inner][vc_column_inner width=&#8221;1\/6&#8243;][\/vc_column_inner][vc_column_inner width=&#8221;4\/6&#8243;][vc_column_text] Polityka prywatno\u015bci dla formularza kontaktowego [\/vc_column_text][vc_column_text]Dzi\u0119kujemy za skontaktowanie si\u0119 z nami i odwiedzenie naszej strony internetowej. Ochrona danych osobowych i zachowanie prywatno\u015bci jest dla nas bardzo wa\u017cna. W zwi\u0105zku z tym informujemy o gromadzeniu i korzystaniu z danych osobowych zgodnie z odpowiednimi przepisami o ochronie danych. Wykorzystanie danych osobowych odbywa si\u0119 wy\u0142\u0105cznie w celu skontaktowania si\u0119 z Tob\u0105 w celu udzielenia odpowiedzi na Twoje zapytanie, a tak\u017ce do cel\u00f3w odpowiedniej administracji technicznej. \u017badne dane nie zostan\u0105<\/p>\n","protected":false},"author":2,"featured_media":0,"parent":0,"menu_order":553,"comment_status":"closed","ping_status":"closed","template":"","meta":{"_acf_changed":false,"inline_featured_image":false,"footnotes":""},"class_list":["post-8533","page","type-page","status-publish","hentry"],"acf":[],"yoast_head":"<!-- This site is optimized with the Yoast SEO plugin v27.5 - https:\/\/yoast.com\/product\/yoast-seo-wordpress\/ -->\n<title>Polityka prywatno\u015bci dla formularza kontaktowego - Klasmann-Deilmann<\/title>\n<meta name=\"robots\" content=\"index, follow, max-snippet:-1, max-image-preview:large, max-video-preview:-1\" \/>\n<link rel=\"canonical\" href=\"https:\/\/klasmann-deilmann.com\/pl\/privacy-forms\/\" \/>\n<meta property=\"og:locale\" content=\"pl_PL\" \/>\n<meta property=\"og:type\" content=\"article\" \/>\n<meta property=\"og:title\" content=\"Polityka prywatno\u015bci dla formularza kontaktowego - Klasmann-Deilmann\" \/>\n<meta property=\"og:description\" content=\"[vc_row][vc_column][kd_header_image_banner image=&#8221;897&#8243;][\/vc_column][vc_column][vc_row_inner][vc_column_inner width=&#8221;1\/6&#8243;][\/vc_column_inner][vc_column_inner width=&#8221;4\/6&#8243;][vc_column_text] Polityka prywatno\u015bci dla formularza kontaktowego [\/vc_column_text][vc_column_text]Dzi\u0119kujemy za skontaktowanie si\u0119 z nami i odwiedzenie naszej strony internetowej. Ochrona danych osobowych i zachowanie prywatno\u015bci jest dla nas bardzo wa\u017cna. W zwi\u0105zku z tym informujemy o gromadzeniu i korzystaniu z danych osobowych zgodnie z odpowiednimi przepisami o ochronie danych. Wykorzystanie danych osobowych odbywa si\u0119 wy\u0142\u0105cznie w celu skontaktowania si\u0119 z Tob\u0105 w celu udzielenia odpowiedzi na Twoje zapytanie, a tak\u017ce do cel\u00f3w odpowiedniej administracji technicznej. \u017badne dane nie zostan\u0105\" \/>\n<meta property=\"og:url\" content=\"https:\/\/klasmann-deilmann.com\/pl\/privacy-forms\/\" \/>\n<meta property=\"og:site_name\" content=\"Klasmann-Deilmann\" \/>\n<meta property=\"article:modified_time\" content=\"2018-12-11T16:32:36+00:00\" \/>\n<meta name=\"twitter:card\" content=\"summary_large_image\" \/>\n<meta name=\"twitter:label1\" content=\"Szacowany czas czytania\" \/>\n\t<meta name=\"twitter:data1\" content=\"2 minuty\" \/>\n<script type=\"application\/ld+json\" class=\"yoast-schema-graph\">{\"@context\":\"https:\\\/\\\/schema.org\",\"@graph\":[{\"@type\":\"WebPage\",\"@id\":\"https:\\\/\\\/klasmann-deilmann.com\\\/pl\\\/privacy-forms\\\/\",\"url\":\"https:\\\/\\\/klasmann-deilmann.com\\\/pl\\\/privacy-forms\\\/\",\"name\":\"Polityka prywatno\u015bci dla formularza kontaktowego - Klasmann-Deilmann\",\"isPartOf\":{\"@id\":\"https:\\\/\\\/klasmann-deilmann.com\\\/en\\\/#website\"},\"datePublished\":\"2018-12-11T16:30:22+00:00\",\"dateModified\":\"2018-12-11T16:32:36+00:00\",\"breadcrumb\":{\"@id\":\"https:\\\/\\\/klasmann-deilmann.com\\\/pl\\\/privacy-forms\\\/#breadcrumb\"},\"inLanguage\":\"pl-PL\",\"potentialAction\":[{\"@type\":\"ReadAction\",\"target\":[\"https:\\\/\\\/klasmann-deilmann.com\\\/pl\\\/privacy-forms\\\/\"]}]},{\"@type\":\"BreadcrumbList\",\"@id\":\"https:\\\/\\\/klasmann-deilmann.com\\\/pl\\\/privacy-forms\\\/#breadcrumb\",\"itemListElement\":[{\"@type\":\"ListItem\",\"position\":1,\"name\":\"Home\",\"item\":\"https:\\\/\\\/klasmann-deilmann.com\\\/pl\\\/\"},{\"@type\":\"ListItem\",\"position\":2,\"name\":\"Polityka prywatno\u015bci dla formularza kontaktowego\"}]},{\"@type\":\"WebSite\",\"@id\":\"https:\\\/\\\/klasmann-deilmann.com\\\/en\\\/#website\",\"url\":\"https:\\\/\\\/klasmann-deilmann.com\\\/en\\\/\",\"name\":\"Klasmann-Deilmann\",\"description\":\"\",\"potentialAction\":[{\"@type\":\"SearchAction\",\"target\":{\"@type\":\"EntryPoint\",\"urlTemplate\":\"https:\\\/\\\/klasmann-deilmann.com\\\/en\\\/?s={search_term_string}\"},\"query-input\":{\"@type\":\"PropertyValueSpecification\",\"valueRequired\":true,\"valueName\":\"search_term_string\"}}],\"inLanguage\":\"pl-PL\"}]}<\/script>\n<!-- \/ Yoast SEO plugin. -->","yoast_head_json":{"title":"Polityka prywatno\u015bci dla formularza kontaktowego - Klasmann-Deilmann","robots":{"index":"index","follow":"follow","max-snippet":"max-snippet:-1","max-image-preview":"max-image-preview:large","max-video-preview":"max-video-preview:-1"},"canonical":"https:\/\/klasmann-deilmann.com\/pl\/privacy-forms\/","og_locale":"pl_PL","og_type":"article","og_title":"Polityka prywatno\u015bci dla formularza kontaktowego - Klasmann-Deilmann","og_description":"[vc_row][vc_column][kd_header_image_banner image=&#8221;897&#8243;][\/vc_column][vc_column][vc_row_inner][vc_column_inner width=&#8221;1\/6&#8243;][\/vc_column_inner][vc_column_inner width=&#8221;4\/6&#8243;][vc_column_text] Polityka prywatno\u015bci dla formularza kontaktowego [\/vc_column_text][vc_column_text]Dzi\u0119kujemy za skontaktowanie si\u0119 z nami i odwiedzenie naszej strony internetowej. Ochrona danych osobowych i zachowanie prywatno\u015bci jest dla nas bardzo wa\u017cna. W zwi\u0105zku z tym informujemy o gromadzeniu i korzystaniu z danych osobowych zgodnie z odpowiednimi przepisami o ochronie danych. Wykorzystanie danych osobowych odbywa si\u0119 wy\u0142\u0105cznie w celu skontaktowania si\u0119 z Tob\u0105 w celu udzielenia odpowiedzi na Twoje zapytanie, a tak\u017ce do cel\u00f3w odpowiedniej administracji technicznej. \u017badne dane nie zostan\u0105","og_url":"https:\/\/klasmann-deilmann.com\/pl\/privacy-forms\/","og_site_name":"Klasmann-Deilmann","article_modified_time":"2018-12-11T16:32:36+00:00","twitter_card":"summary_large_image","twitter_misc":{"Szacowany czas czytania":"2 minuty"},"schema":{"@context":"https:\/\/schema.org","@graph":[{"@type":"WebPage","@id":"https:\/\/klasmann-deilmann.com\/pl\/privacy-forms\/","url":"https:\/\/klasmann-deilmann.com\/pl\/privacy-forms\/","name":"Polityka prywatno\u015bci dla formularza kontaktowego - Klasmann-Deilmann","isPartOf":{"@id":"https:\/\/klasmann-deilmann.com\/en\/#website"},"datePublished":"2018-12-11T16:30:22+00:00","dateModified":"2018-12-11T16:32:36+00:00","breadcrumb":{"@id":"https:\/\/klasmann-deilmann.com\/pl\/privacy-forms\/#breadcrumb"},"inLanguage":"pl-PL","potentialAction":[{"@type":"ReadAction","target":["https:\/\/klasmann-deilmann.com\/pl\/privacy-forms\/"]}]},{"@type":"BreadcrumbList","@id":"https:\/\/klasmann-deilmann.com\/pl\/privacy-forms\/#breadcrumb","itemListElement":[{"@type":"ListItem","position":1,"name":"Home","item":"https:\/\/klasmann-deilmann.com\/pl\/"},{"@type":"ListItem","position":2,"name":"Polityka prywatno\u015bci dla formularza kontaktowego"}]},{"@type":"WebSite","@id":"https:\/\/klasmann-deilmann.com\/en\/#website","url":"https:\/\/klasmann-deilmann.com\/en\/","name":"Klasmann-Deilmann","description":"","potentialAction":[{"@type":"SearchAction","target":{"@type":"EntryPoint","urlTemplate":"https:\/\/klasmann-deilmann.com\/en\/?s={search_term_string}"},"query-input":{"@type":"PropertyValueSpecification","valueRequired":true,"valueName":"search_term_string"}}],"inLanguage":"pl-PL"}]}},"_links":{"self":[{"href":"https:\/\/klasmann-deilmann.com\/pl\/wp-json\/wp\/v2\/pages\/8533","targetHints":{"allow":["GET"]}}],"collection":[{"href":"https:\/\/klasmann-deilmann.com\/pl\/wp-json\/wp\/v2\/pages"}],"about":[{"href":"https:\/\/klasmann-deilmann.com\/pl\/wp-json\/wp\/v2\/types\/page"}],"author":[{"embeddable":true,"href":"https:\/\/klasmann-deilmann.com\/pl\/wp-json\/wp\/v2\/users\/2"}],"replies":[{"embeddable":true,"href":"https:\/\/klasmann-deilmann.com\/pl\/wp-json\/wp\/v2\/comments?post=8533"}],"version-history":[{"count":3,"href":"https:\/\/klasmann-deilmann.com\/pl\/wp-json\/wp\/v2\/pages\/8533\/revisions"}],"predecessor-version":[{"id":8537,"href":"https:\/\/klasmann-deilmann.com\/pl\/wp-json\/wp\/v2\/pages\/8533\/revisions\/8537"}],"wp:attachment":[{"href":"https:\/\/klasmann-deilmann.com\/pl\/wp-json\/wp\/v2\/media?parent=8533"}],"curies":[{"name":"wp","href":"https:\/\/api.w.org\/{rel}","templated":true}]}}