{"id":77402,"date":"2024-03-18T13:47:12","date_gmt":"2024-03-18T12:47:12","guid":{"rendered":"https:\/\/klasmann-deilmann.com\/?page_id=77402"},"modified":"2025-11-03T08:52:33","modified_gmt":"2025-11-03T07:52:33","slug":"growbag","status":"publish","type":"page","link":"https:\/\/klasmann-deilmann.com\/nl\/producten-en-oplossingen\/growbag\/","title":{"rendered":"Growbag"},"content":{"rendered":"<div class=\"wpb-content-wrapper\">[vc_row][vc_column][kd_header_random_image_banner kindofbanner=&#8221;slideshow&#8221; timetillslide=&#8221;3&#8243; image=&#8221;77444&#8243;][\/kd_header_random_image_banner][\/vc_column][\/vc_row][vc_row css=&#8221;.vc_custom_1646825184402{margin-bottom: 30px !important;}&#8221;][vc_column][vc_row_inner][vc_column_inner][vc_gallery interval=&#8221;5&#8243; images=&#8221;81650&#8243; img_size=&#8221;full&#8221; onclick=&#8221;&#8221;][\/vc_column_inner][\/vc_row_inner][\/vc_column][\/vc_row][vc_row css=&#8221;.vc_custom_1646825184402{margin-bottom: 30px !important;}&#8221;][vc_column][vc_row_inner][vc_column_inner][vc_column_text css=&#8221;&#8221;]<\/p>\n<h2>Bag to the future:<br \/>\nDe Growbag, twee keer uniek<\/h2>\n<p>Elke innovatie heeft zijn tijd. Die van de Growbag is nu. Met de Growbag Advanced en Growbag Coco productlijnen brengt Klasmann-Deilmann \u00e9\u00e9n van de belangrijkste teeltmethoden in de commerci\u00eble tuinbouw naar een geheel nieuw niveau. Altijd met de hoogste kwaliteit en duurzaamheid. En met precies die mate van individualiteit die uw gewassen nodig hebben en aan uw eisen voldoen. Het maakt niet uit of u groenten wilt telen &#8211; bijvoorbeeld tomaten, paprika&#8217;s, komkommers&#8230; &#8211; of aardbeien.[\/vc_column_text][\/vc_column_inner][\/vc_row_inner][\/vc_column][\/vc_row][vc_row equal_height=&#8221;yes&#8221; css=&#8221;.vc_custom_1701852484201{margin-bottom: 70px !important;padding-top: 30px !important;}&#8221;][vc_column][vc_row_inner][vc_column_inner width=&#8221;1\/3&#8243;][vc_column_text css=&#8221;.vc_custom_1742393497734{border-radius: 2px !important;}&#8221;]<a href=\"https:\/\/klasmann-deilmann.com\/nl\/producten-en-oplossingen\/growbag\/growbag-advanced\/\"><img loading=\"lazy\" decoding=\"async\" width=\"700\" height=\"400\" class=\"alignnone size-full wp-image-78067\" src=\"\/wp-content\/uploads\/klasmann-deilmann_growbag_advanced_logo_kontur.jpg\" alt=\"\" srcset=\"https:\/\/klasmann-deilmann.com\/wp-content\/uploads\/klasmann-deilmann_growbag_advanced_logo_kontur.jpg 700w, https:\/\/klasmann-deilmann.com\/wp-content\/uploads\/klasmann-deilmann_growbag_advanced_logo_kontur-300x171.jpg 300w\" sizes=\"auto, (max-width: 700px) 100vw, 700px\" \/><\/a><\/p>\n<p>De innovatieve oplossing met speciale aandacht voor duurzaamheid, geschikt voor de Europese markt en op aanvraag.[\/vc_column_text][kd_download_button show_link_download1=&#8221;link&#8221; link1=&#8221;url:https%3A%2F%2Fklasmann-deilmann.com%2Fnl%2Fproducten-en-oplossingen%2Fgrowbag%2Fgrowbag-advanced%2F|title:Meer%20informatie%20over%20de%20Growbag%20Advanced&#8221;][\/vc_column_inner][vc_column_inner width=&#8221;1\/3&#8243;][vc_column_text css=&#8221;&#8221;]<a href=\"https:\/\/klasmann-deilmann.com\/nl\/toepassingsgebieden\/zacht-fruit\/zachtfruit-en-growbag\/growbag-coco\/\"><img loading=\"lazy\" decoding=\"async\" class=\"alignnone wp-image-91413\" src=\"\/wp-content\/uploads\/K_Growbag_Coco_neu2-2-300x173.png\" alt=\"\" width=\"501\" height=\"289\" srcset=\"https:\/\/klasmann-deilmann.com\/wp-content\/uploads\/K_Growbag_Coco_neu2-2-300x173.png 300w, https:\/\/klasmann-deilmann.com\/wp-content\/uploads\/K_Growbag_Coco_neu2-2.png 556w\" sizes=\"auto, (max-width: 501px) 100vw, 501px\" \/><\/a><\/p>\n<p>De innovatieve oplossing met de speciale eigenschappen van kokosproducten, geschikt voor de Aziatische en Europese markt en op aanvraag.[\/vc_column_text][kd_download_button show_link_download1=&#8221;link&#8221; link1=&#8221;url:https%3A%2F%2Fklasmann-deilmann.com%2Fnl%2Ftoepassingsgebieden%2Fzacht-fruit%2Fzachtfruit-en-growbag%2Fgrowbag-coco%2F|title:Meer%20informatie%20over%20de%20Growbag%20COCO&#8221;][\/vc_column_inner][\/vc_row_inner][\/vc_column][\/vc_row][vc_row css=&#8221;.vc_custom_1701859744849{margin-bottom: 70px !important;}&#8221;][vc_column width=&#8221;1\/2&#8243;][vc_row_inner][vc_column_inner][vc_column_text css=&#8221;&#8221;]<\/p>\n<h2>Twee productlijnen, talloze voordelen:<\/h2>\n<p>[\/vc_column_text][vc_column_text]<img loading=\"lazy\" decoding=\"async\" width=\"2560\" height=\"1920\" class=\"alignnone size-full wp-image-82190\" src=\"\/wp-content\/uploads\/klasmann-deilmann_growbag_advanced_tomato.jpg\" alt=\"\" srcset=\"https:\/\/klasmann-deilmann.com\/wp-content\/uploads\/klasmann-deilmann_growbag_advanced_tomato.jpg 2560w, https:\/\/klasmann-deilmann.com\/wp-content\/uploads\/klasmann-deilmann_growbag_advanced_tomato-300x225.jpg 300w, https:\/\/klasmann-deilmann.com\/wp-content\/uploads\/klasmann-deilmann_growbag_advanced_tomato-1024x768.jpg 1024w, https:\/\/klasmann-deilmann.com\/wp-content\/uploads\/klasmann-deilmann_growbag_advanced_tomato-768x576.jpg 768w, https:\/\/klasmann-deilmann.com\/wp-content\/uploads\/klasmann-deilmann_growbag_advanced_tomato-1536x1152.jpg 1536w, https:\/\/klasmann-deilmann.com\/wp-content\/uploads\/klasmann-deilmann_growbag_advanced_tomato-2048x1536.jpg 2048w\" sizes=\"auto, (max-width: 2560px) 100vw, 2560px\" \/>[\/vc_column_text][\/vc_column_inner][\/vc_row_inner][\/vc_column][vc_column width=&#8221;1\/2&#8243;][vc_row_inner][vc_column_inner][vc_column_text css=&#8221;&#8221; el_class=&#8221;pluslist green&#8221;]<\/p>\n<h3>Vooruitstrevende duurzaamheid:<\/h3>\n<ul>\n<li>Geen steenwol, perliet of turf<\/li>\n<li>Hernieuwbaar en volledig composteerbaar<\/li>\n<li>Significante CO<sub>2 <\/sub>reductie (vooral met GROWBAG Advanced)<\/li>\n<li>Minder wortelproblemen (met GROWBAG Advanced)<\/li>\n<\/ul>\n<h3><strong>Optimale teelteigenschappen:<\/strong><\/h3>\n<ul>\n<li>Specifieke mengsels voor elk gewas en elke klimaatsituatie<\/li>\n<li>Hoog luchtgehalte en drainage<\/li>\n<li>Optimale irrigatiecontrole<\/li>\n<li>Minder wortelproblemen (met GROWBAG Advanced)<\/li>\n<\/ul>\n<h3><strong>Uitstekende kwaliteit:<\/strong><\/h3>\n<ul>\n<li>Productieprocessen volgens RHP-kwaliteitsnormen<\/li>\n<li>Alle kokosproducten zijn afkomstig van onze eigen RHP goedgekeurde bronnen in India en Sri Lanka<\/li>\n<li>Kokosproducten specifiek gecertificeerd volgens de SA8000-standaard voor sociale verantwoordelijkheid<\/li>\n<\/ul>\n<p>&nbsp;[\/vc_column_text][\/vc_column_inner][\/vc_row_inner][\/vc_column][\/vc_row][vc_row css=&#8221;.vc_custom_1701857624819{margin-bottom: 30px !important;background-color: #414345 !important;}&#8221;][vc_column width=&#8221;1\/2&#8243;][vc_row_inner][vc_column_inner][vc_column_text css=&#8221;&#8221;]<\/p>\n<h2>Wilt u een Growbag? U krijgt een Growbag!<\/h2>\n<p>Ongeacht de huidige crises en verstoorde supply chains, gaan de huidige prognoses ervan uit dat er in de toekomst internationaal een veel grotere vraag zal zijn naar groeimedia en de benodigde grondstoffen.<\/p>\n<p>Klasmann-Deilmann heeft er daarom in een vroeg stadium en met succes voor gezorgd dat de verder toenemende vraag naar producten voor de tuinbouw &#8211; zoals onze Growbags &#8211; kan worden gegarandeerd door een stabiele aanvoer van grondstoffen en leveranciersinfrastructuur.[\/vc_column_text][\/vc_column_inner][\/vc_row_inner][\/vc_column][vc_column width=&#8221;1\/2&#8243;][vc_row_inner][vc_column_inner][vc_column_text]<img loading=\"lazy\" decoding=\"async\" class=\"alignnone wp-image-77550 size-full\" src=\"https:\/\/klasmann-deilmann.com\/wp-content\/uploads\/klasmann-deilmann_raffael_koschmieder_raw_materials.jpg\" alt=\"\" width=\"2560\" height=\"1707\" srcset=\"https:\/\/klasmann-deilmann.com\/wp-content\/uploads\/klasmann-deilmann_raffael_koschmieder_raw_materials.jpg 2560w, https:\/\/klasmann-deilmann.com\/wp-content\/uploads\/klasmann-deilmann_raffael_koschmieder_raw_materials-300x200.jpg 300w, https:\/\/klasmann-deilmann.com\/wp-content\/uploads\/klasmann-deilmann_raffael_koschmieder_raw_materials-1024x683.jpg 1024w, https:\/\/klasmann-deilmann.com\/wp-content\/uploads\/klasmann-deilmann_raffael_koschmieder_raw_materials-768x512.jpg 768w, https:\/\/klasmann-deilmann.com\/wp-content\/uploads\/klasmann-deilmann_raffael_koschmieder_raw_materials-1536x1024.jpg 1536w, https:\/\/klasmann-deilmann.com\/wp-content\/uploads\/klasmann-deilmann_raffael_koschmieder_raw_materials-2048x1366.jpg 2048w\" sizes=\"auto, (max-width: 2560px) 100vw, 2560px\" \/>[\/vc_column_text][\/vc_column_inner][\/vc_row_inner][\/vc_column][\/vc_row][vc_row css=&#8221;.vc_custom_1685106664126{margin-bottom: 70px !important;}&#8221;][vc_column][vc_row_inner background_color=&#8221;kdorange&#8221;][vc_column_inner][vc_column_text css=&#8221;.vc_custom_1742201398935{padding-top: 30px !important;padding-right: 30px !important;padding-bottom: 30px !important;padding-left: 30px !important;}&#8221; el_class=&#8221;pluslist green&#8221;]<\/p>\n<h2 style=\"color: #ffffff;\">Wij zorgen ervoor dat al onze klanten te allen tijde worden voorzien van onze producten &#8211; zelfs in moeilijke fasen met gespannen supply chains.<\/h2>\n<p>[\/vc_column_text][\/vc_column_inner][\/vc_row_inner][\/vc_column][\/vc_row][vc_row css=&#8221;.vc_custom_1701785124726{margin-bottom: 70px !important;}&#8221;][vc_column width=&#8221;1\/2&#8243;][vc_row_inner][vc_column_inner css=&#8221;.vc_custom_1685534669819{margin-right: 15px !important;}&#8221;][vc_column_text]<img loading=\"lazy\" decoding=\"async\" width=\"2560\" height=\"1509\" class=\"alignnone size-full wp-image-82268\" src=\"\/wp-content\/uploads\/klasmann-deilmann_growbag_jan_vanoverschelde.jpg\" alt=\"\" srcset=\"https:\/\/klasmann-deilmann.com\/wp-content\/uploads\/klasmann-deilmann_growbag_jan_vanoverschelde.jpg 2560w, https:\/\/klasmann-deilmann.com\/wp-content\/uploads\/klasmann-deilmann_growbag_jan_vanoverschelde-300x177.jpg 300w, https:\/\/klasmann-deilmann.com\/wp-content\/uploads\/klasmann-deilmann_growbag_jan_vanoverschelde-1024x604.jpg 1024w, https:\/\/klasmann-deilmann.com\/wp-content\/uploads\/klasmann-deilmann_growbag_jan_vanoverschelde-768x453.jpg 768w, https:\/\/klasmann-deilmann.com\/wp-content\/uploads\/klasmann-deilmann_growbag_jan_vanoverschelde-1536x905.jpg 1536w, https:\/\/klasmann-deilmann.com\/wp-content\/uploads\/klasmann-deilmann_growbag_jan_vanoverschelde-2048x1207.jpg 2048w\" sizes=\"auto, (max-width: 2560px) 100vw, 2560px\" \/>[\/vc_column_text][\/vc_column_inner][\/vc_row_inner][\/vc_column][vc_column width=&#8221;1\/2&#8243;][vc_row_inner][vc_column_inner][vc_column_text css=&#8221;&#8221; el_class=&#8221;pluslist green&#8221;]<\/p>\n<h2>We beantwoorden je vragen met een glimlach<br \/>\nEn met veel expertise.<\/h2>\n<p>[\/vc_column_text][vc_column_text css=&#8221;&#8221; el_class=&#8221;pluslist green&#8221;]<a href=\"mailto:jan.vanoverschelde@klasmann-deilmann.com\">Jan Vanoverschelde &#8211; Group Product Manager Growbags bij Klasmann-Deilmann<\/a> &#8211; ziet uw e-mail graag tegemoet.[\/vc_column_text][\/vc_column_inner][\/vc_row_inner][\/vc_column][\/vc_row][vc_row][vc_column][kd_getintouch image=&#8221;32948&#8243;][\/vc_column][\/vc_row]<\/div>\n","protected":false},"excerpt":{"rendered":"<p>[vc_row][vc_column][kd_header_random_image_banner kindofbanner=&#8221;slideshow&#8221; timetillslide=&#8221;3&#8243; image=&#8221;77444&#8243;][\/kd_header_random_image_banner][\/vc_column][\/vc_row][vc_row css=&#8221;.vc_custom_1646825184402{margin-bottom: 30px !important;}&#8221;][vc_column][vc_row_inner][vc_column_inner][vc_gallery interval=&#8221;5&#8243; images=&#8221;81650&#8243; img_size=&#8221;full&#8221; onclick=&#8221;&#8221;][\/vc_column_inner][\/vc_row_inner][\/vc_column][\/vc_row][vc_row css=&#8221;.vc_custom_1646825184402{margin-bottom: 30px !important;}&#8221;][vc_column][vc_row_inner][vc_column_inner][vc_column_text css=&#8221;&#8221;] Bag to the future: De Growbag, twee keer uniek Elke innovatie heeft zijn tijd. Die van de Growbag is nu. Met de Growbag Advanced en Growbag Coco productlijnen brengt Klasmann-Deilmann \u00e9\u00e9n van de belangrijkste teeltmethoden in de commerci\u00eble tuinbouw naar een geheel nieuw niveau. Altijd met de hoogste kwaliteit en duurzaamheid. En met precies die mate van individualiteit die uw gewassen nodig hebben en aan<\/p>\n","protected":false},"author":7,"featured_media":0,"parent":50615,"menu_order":391,"comment_status":"closed","ping_status":"closed","template":"","meta":{"_acf_changed":false,"inline_featured_image":false,"footnotes":""},"class_list":["post-77402","page","type-page","status-publish","hentry"],"acf":[],"yoast_head":"<!-- This site is optimized with the Yoast SEO plugin v27.5 - https:\/\/yoast.com\/product\/yoast-seo-wordpress\/ -->\n<title>Growbag - Klasmann-Deilmann<\/title>\n<meta name=\"robots\" content=\"index, follow, max-snippet:-1, max-image-preview:large, max-video-preview:-1\" \/>\n<link rel=\"canonical\" href=\"https:\/\/klasmann-deilmann.com\/nl\/producten-en-oplossingen\/growbag\/\" \/>\n<meta property=\"og:locale\" content=\"nl_NL\" \/>\n<meta property=\"og:type\" content=\"article\" \/>\n<meta property=\"og:title\" content=\"Growbag - Klasmann-Deilmann\" \/>\n<meta property=\"og:description\" content=\"[vc_row][vc_column][kd_header_random_image_banner kindofbanner=&#8221;slideshow&#8221; timetillslide=&#8221;3&#8243; image=&#8221;77444&#8243;][\/kd_header_random_image_banner][\/vc_column][\/vc_row][vc_row css=&#8221;.vc_custom_1646825184402{margin-bottom: 30px !important;}&#8221;][vc_column][vc_row_inner][vc_column_inner][vc_gallery interval=&#8221;5&#8243; images=&#8221;81650&#8243; img_size=&#8221;full&#8221; onclick=&#8221;&#8221;][\/vc_column_inner][\/vc_row_inner][\/vc_column][\/vc_row][vc_row css=&#8221;.vc_custom_1646825184402{margin-bottom: 30px !important;}&#8221;][vc_column][vc_row_inner][vc_column_inner][vc_column_text css=&#8221;&#8221;] Bag to the future: De Growbag, twee keer uniek Elke innovatie heeft zijn tijd. Die van de Growbag is nu. Met de Growbag Advanced en Growbag Coco productlijnen brengt Klasmann-Deilmann \u00e9\u00e9n van de belangrijkste teeltmethoden in de commerci\u00eble tuinbouw naar een geheel nieuw niveau. Altijd met de hoogste kwaliteit en duurzaamheid. En met precies die mate van individualiteit die uw gewassen nodig hebben en aan\" \/>\n<meta property=\"og:url\" content=\"https:\/\/klasmann-deilmann.com\/nl\/producten-en-oplossingen\/growbag\/\" \/>\n<meta property=\"og:site_name\" content=\"Klasmann-Deilmann\" \/>\n<meta property=\"article:modified_time\" content=\"2025-11-03T07:52:33+00:00\" \/>\n<meta property=\"og:image\" content=\"https:\/\/klasmann-deilmann.com\/wp-content\/uploads\/klasmann-deilmann_raffael_koschmieder_raw_materials.jpg\" \/>\n<meta name=\"twitter:card\" content=\"summary_large_image\" \/>\n<meta name=\"twitter:label1\" content=\"Geschatte leestijd\" \/>\n\t<meta name=\"twitter:data1\" content=\"4 minuten\" \/>\n<script type=\"application\/ld+json\" class=\"yoast-schema-graph\">{\"@context\":\"https:\\\/\\\/schema.org\",\"@graph\":[{\"@type\":\"WebPage\",\"@id\":\"https:\\\/\\\/klasmann-deilmann.com\\\/nl\\\/producten-en-oplossingen\\\/growbag\\\/\",\"url\":\"https:\\\/\\\/klasmann-deilmann.com\\\/nl\\\/producten-en-oplossingen\\\/growbag\\\/\",\"name\":\"Growbag - Klasmann-Deilmann\",\"isPartOf\":{\"@id\":\"https:\\\/\\\/klasmann-deilmann.com\\\/en\\\/#website\"},\"primaryImageOfPage\":{\"@id\":\"https:\\\/\\\/klasmann-deilmann.com\\\/nl\\\/producten-en-oplossingen\\\/growbag\\\/#primaryimage\"},\"image\":{\"@id\":\"https:\\\/\\\/klasmann-deilmann.com\\\/nl\\\/producten-en-oplossingen\\\/growbag\\\/#primaryimage\"},\"thumbnailUrl\":\"https:\\\/\\\/klasmann-deilmann.com\\\/wp-content\\\/uploads\\\/klasmann-deilmann_raffael_koschmieder_raw_materials.jpg\",\"datePublished\":\"2024-03-18T12:47:12+00:00\",\"dateModified\":\"2025-11-03T07:52:33+00:00\",\"breadcrumb\":{\"@id\":\"https:\\\/\\\/klasmann-deilmann.com\\\/nl\\\/producten-en-oplossingen\\\/growbag\\\/#breadcrumb\"},\"inLanguage\":\"nl-NL\",\"potentialAction\":[{\"@type\":\"ReadAction\",\"target\":[\"https:\\\/\\\/klasmann-deilmann.com\\\/nl\\\/producten-en-oplossingen\\\/growbag\\\/\"]}]},{\"@type\":\"ImageObject\",\"inLanguage\":\"nl-NL\",\"@id\":\"https:\\\/\\\/klasmann-deilmann.com\\\/nl\\\/producten-en-oplossingen\\\/growbag\\\/#primaryimage\",\"url\":\"https:\\\/\\\/klasmann-deilmann.com\\\/wp-content\\\/uploads\\\/klasmann-deilmann_raffael_koschmieder_raw_materials.jpg\",\"contentUrl\":\"https:\\\/\\\/klasmann-deilmann.com\\\/wp-content\\\/uploads\\\/klasmann-deilmann_raffael_koschmieder_raw_materials.jpg\"},{\"@type\":\"BreadcrumbList\",\"@id\":\"https:\\\/\\\/klasmann-deilmann.com\\\/nl\\\/producten-en-oplossingen\\\/growbag\\\/#breadcrumb\",\"itemListElement\":[{\"@type\":\"ListItem\",\"position\":1,\"name\":\"Home\",\"item\":\"https:\\\/\\\/klasmann-deilmann.com\\\/nl\\\/\"},{\"@type\":\"ListItem\",\"position\":2,\"name\":\"Producten en oplossingen\",\"item\":\"https:\\\/\\\/klasmann-deilmann.com\\\/nl\\\/producten-en-oplossingen\\\/\"},{\"@type\":\"ListItem\",\"position\":3,\"name\":\"Growbag\"}]},{\"@type\":\"WebSite\",\"@id\":\"https:\\\/\\\/klasmann-deilmann.com\\\/en\\\/#website\",\"url\":\"https:\\\/\\\/klasmann-deilmann.com\\\/en\\\/\",\"name\":\"Klasmann-Deilmann\",\"description\":\"\",\"potentialAction\":[{\"@type\":\"SearchAction\",\"target\":{\"@type\":\"EntryPoint\",\"urlTemplate\":\"https:\\\/\\\/klasmann-deilmann.com\\\/en\\\/?s={search_term_string}\"},\"query-input\":{\"@type\":\"PropertyValueSpecification\",\"valueRequired\":true,\"valueName\":\"search_term_string\"}}],\"inLanguage\":\"nl-NL\"}]}<\/script>\n<!-- \/ Yoast SEO plugin. -->","yoast_head_json":{"title":"Growbag - Klasmann-Deilmann","robots":{"index":"index","follow":"follow","max-snippet":"max-snippet:-1","max-image-preview":"max-image-preview:large","max-video-preview":"max-video-preview:-1"},"canonical":"https:\/\/klasmann-deilmann.com\/nl\/producten-en-oplossingen\/growbag\/","og_locale":"nl_NL","og_type":"article","og_title":"Growbag - Klasmann-Deilmann","og_description":"[vc_row][vc_column][kd_header_random_image_banner kindofbanner=&#8221;slideshow&#8221; timetillslide=&#8221;3&#8243; image=&#8221;77444&#8243;][\/kd_header_random_image_banner][\/vc_column][\/vc_row][vc_row css=&#8221;.vc_custom_1646825184402{margin-bottom: 30px !important;}&#8221;][vc_column][vc_row_inner][vc_column_inner][vc_gallery interval=&#8221;5&#8243; images=&#8221;81650&#8243; img_size=&#8221;full&#8221; onclick=&#8221;&#8221;][\/vc_column_inner][\/vc_row_inner][\/vc_column][\/vc_row][vc_row css=&#8221;.vc_custom_1646825184402{margin-bottom: 30px !important;}&#8221;][vc_column][vc_row_inner][vc_column_inner][vc_column_text css=&#8221;&#8221;] Bag to the future: De Growbag, twee keer uniek Elke innovatie heeft zijn tijd. Die van de Growbag is nu. Met de Growbag Advanced en Growbag Coco productlijnen brengt Klasmann-Deilmann \u00e9\u00e9n van de belangrijkste teeltmethoden in de commerci\u00eble tuinbouw naar een geheel nieuw niveau. Altijd met de hoogste kwaliteit en duurzaamheid. En met precies die mate van individualiteit die uw gewassen nodig hebben en aan","og_url":"https:\/\/klasmann-deilmann.com\/nl\/producten-en-oplossingen\/growbag\/","og_site_name":"Klasmann-Deilmann","article_modified_time":"2025-11-03T07:52:33+00:00","og_image":[{"url":"https:\/\/klasmann-deilmann.com\/wp-content\/uploads\/klasmann-deilmann_raffael_koschmieder_raw_materials.jpg","type":"","width":"","height":""}],"twitter_card":"summary_large_image","twitter_misc":{"Geschatte leestijd":"4 minuten"},"schema":{"@context":"https:\/\/schema.org","@graph":[{"@type":"WebPage","@id":"https:\/\/klasmann-deilmann.com\/nl\/producten-en-oplossingen\/growbag\/","url":"https:\/\/klasmann-deilmann.com\/nl\/producten-en-oplossingen\/growbag\/","name":"Growbag - Klasmann-Deilmann","isPartOf":{"@id":"https:\/\/klasmann-deilmann.com\/en\/#website"},"primaryImageOfPage":{"@id":"https:\/\/klasmann-deilmann.com\/nl\/producten-en-oplossingen\/growbag\/#primaryimage"},"image":{"@id":"https:\/\/klasmann-deilmann.com\/nl\/producten-en-oplossingen\/growbag\/#primaryimage"},"thumbnailUrl":"https:\/\/klasmann-deilmann.com\/wp-content\/uploads\/klasmann-deilmann_raffael_koschmieder_raw_materials.jpg","datePublished":"2024-03-18T12:47:12+00:00","dateModified":"2025-11-03T07:52:33+00:00","breadcrumb":{"@id":"https:\/\/klasmann-deilmann.com\/nl\/producten-en-oplossingen\/growbag\/#breadcrumb"},"inLanguage":"nl-NL","potentialAction":[{"@type":"ReadAction","target":["https:\/\/klasmann-deilmann.com\/nl\/producten-en-oplossingen\/growbag\/"]}]},{"@type":"ImageObject","inLanguage":"nl-NL","@id":"https:\/\/klasmann-deilmann.com\/nl\/producten-en-oplossingen\/growbag\/#primaryimage","url":"https:\/\/klasmann-deilmann.com\/wp-content\/uploads\/klasmann-deilmann_raffael_koschmieder_raw_materials.jpg","contentUrl":"https:\/\/klasmann-deilmann.com\/wp-content\/uploads\/klasmann-deilmann_raffael_koschmieder_raw_materials.jpg"},{"@type":"BreadcrumbList","@id":"https:\/\/klasmann-deilmann.com\/nl\/producten-en-oplossingen\/growbag\/#breadcrumb","itemListElement":[{"@type":"ListItem","position":1,"name":"Home","item":"https:\/\/klasmann-deilmann.com\/nl\/"},{"@type":"ListItem","position":2,"name":"Producten en oplossingen","item":"https:\/\/klasmann-deilmann.com\/nl\/producten-en-oplossingen\/"},{"@type":"ListItem","position":3,"name":"Growbag"}]},{"@type":"WebSite","@id":"https:\/\/klasmann-deilmann.com\/en\/#website","url":"https:\/\/klasmann-deilmann.com\/en\/","name":"Klasmann-Deilmann","description":"","potentialAction":[{"@type":"SearchAction","target":{"@type":"EntryPoint","urlTemplate":"https:\/\/klasmann-deilmann.com\/en\/?s={search_term_string}"},"query-input":{"@type":"PropertyValueSpecification","valueRequired":true,"valueName":"search_term_string"}}],"inLanguage":"nl-NL"}]}},"_links":{"self":[{"href":"https:\/\/klasmann-deilmann.com\/nl\/wp-json\/wp\/v2\/pages\/77402","targetHints":{"allow":["GET"]}}],"collection":[{"href":"https:\/\/klasmann-deilmann.com\/nl\/wp-json\/wp\/v2\/pages"}],"about":[{"href":"https:\/\/klasmann-deilmann.com\/nl\/wp-json\/wp\/v2\/types\/page"}],"author":[{"embeddable":true,"href":"https:\/\/klasmann-deilmann.com\/nl\/wp-json\/wp\/v2\/users\/7"}],"replies":[{"embeddable":true,"href":"https:\/\/klasmann-deilmann.com\/nl\/wp-json\/wp\/v2\/comments?post=77402"}],"version-history":[{"count":26,"href":"https:\/\/klasmann-deilmann.com\/nl\/wp-json\/wp\/v2\/pages\/77402\/revisions"}],"predecessor-version":[{"id":93455,"href":"https:\/\/klasmann-deilmann.com\/nl\/wp-json\/wp\/v2\/pages\/77402\/revisions\/93455"}],"up":[{"embeddable":true,"href":"https:\/\/klasmann-deilmann.com\/nl\/wp-json\/wp\/v2\/pages\/50615"}],"wp:attachment":[{"href":"https:\/\/klasmann-deilmann.com\/nl\/wp-json\/wp\/v2\/media?parent=77402"}],"curies":[{"name":"wp","href":"https:\/\/api.w.org\/{rel}","templated":true}]}}