{"id":50650,"date":"2021-08-27T09:27:20","date_gmt":"2021-08-27T07:27:20","guid":{"rendered":"https:\/\/klasmann-deilmann.com\/producten-en-oplossingen\/grondstoffen\/peat\/"},"modified":"2022-04-05T14:06:11","modified_gmt":"2022-04-05T12:06:11","slug":"turf","status":"publish","type":"page","link":"https:\/\/klasmann-deilmann.com\/nl\/producten-en-oplossingen\/grondstoffen\/turf\/","title":{"rendered":"Turf"},"content":{"rendered":"<div class=\"wpb-content-wrapper\">[vc_row][vc_column][kd_header_random_image_banner image=&#8221;36820&#8243;][\/kd_header_random_image_banner][\/vc_column][\/vc_row][vc_row][vc_column][vc_row_inner][vc_column_inner width=&#8221;1\/2&#8243;][vc_column_text]<\/p>\n<h2>Onze turfgrondstoffen<\/h2>\n<p>[\/vc_column_text][vc_column_text]Vanwege hun uitstekende fysische, chemische en biologische eigenschappen blijven wit- en zwartveenturf de belangrijkste ingredi\u00ebnten van onze substraten. Om ideale mengsels voor onze substraten te cre\u00ebren vullen we deze materialen vaak aan met andere organische en minerale ingredi\u00ebnten, zoals houtvezel, groencompost en kokos. We gebruiken ook onze eigen oplossingen voor mestformules, bevochtigingsmiddelen en toevoegingen.[\/vc_column_text][\/vc_column_inner][vc_column_inner width=&#8221;1\/2&#8243;][vc_column_text]<img loading=\"lazy\" decoding=\"async\" width=\"2560\" height=\"1700\" class=\"alignnone size-full wp-image-44847\" src=\"\/wp-content\/uploads\/klasmann-deilmann_peat_subbrand_flag.jpg\" alt=\"\" srcset=\"https:\/\/klasmann-deilmann.com\/wp-content\/uploads\/klasmann-deilmann_peat_subbrand_flag.jpg 2560w, https:\/\/klasmann-deilmann.com\/wp-content\/uploads\/klasmann-deilmann_peat_subbrand_flag-300x199.jpg 300w, https:\/\/klasmann-deilmann.com\/wp-content\/uploads\/klasmann-deilmann_peat_subbrand_flag-1024x680.jpg 1024w, https:\/\/klasmann-deilmann.com\/wp-content\/uploads\/klasmann-deilmann_peat_subbrand_flag-768x510.jpg 768w, https:\/\/klasmann-deilmann.com\/wp-content\/uploads\/klasmann-deilmann_peat_subbrand_flag-1536x1020.jpg 1536w, https:\/\/klasmann-deilmann.com\/wp-content\/uploads\/klasmann-deilmann_peat_subbrand_flag-2048x1360.jpg 2048w\" sizes=\"auto, (max-width: 2560px) 100vw, 2560px\" \/>[\/vc_column_text][\/vc_column_inner][\/vc_row_inner][\/vc_column][\/vc_row][vc_row css=&#8221;.vc_custom_1637245110096{margin-top: 70px !important;padding-bottom: 30px !important;background-color: #414345 !important;}&#8221;][vc_column][vc_row_inner][vc_column_inner][vc_column_text]<\/p>\n<h2>Waarom turf?<\/h2>\n<p>[\/vc_column_text][vc_column_text]Turf \u2026[\/vc_column_text][\/vc_column_inner][vc_column_inner width=&#8221;1\/2&#8243;][vc_column_text el_class=&#8221;pluslist green&#8221;]<\/p>\n<ul>\n<li>\u2026blijft het hoofdingredi\u00ebnt bij de substraatproductie<\/li>\n<li>\u2026maakt het gebruik van iedere andere, alternatieve grondstof mogelijk<\/li>\n<li>\u2026is langdurig het hele jaar door volop beschikbaar<\/li>\n<li>\u2026biedt uniforme eigenschappen<\/li>\n<li>\u2026garandeert een stabiele pH-waarde en een optimaal gehalte aan voedingsstoffen<\/li>\n<\/ul>\n<p>[\/vc_column_text][\/vc_column_inner][vc_column_inner width=&#8221;1\/2&#8243;][vc_column_text el_class=&#8221;pluslist green&#8221;]<\/p>\n<ul>\n<li>\u2026vertoont goede buffercapaciteiten<\/li>\n<li>\u2026heeft een grote structurele stabiliteit en goede vochtopname<\/li>\n<li>\u2026biedt een optimale verhouding tussen lucht- en watercapaciteit<\/li>\n<li>\u2026bevat geen pathogenen of schadelijke stoffen en vrijwel geen onkruidzaden<\/li>\n<\/ul>\n<p>[\/vc_column_text][\/vc_column_inner][\/vc_row_inner][\/vc_column][\/vc_row][vc_row css=&#8221;.vc_custom_1637245086774{margin-top: 70px !important;}&#8221;][vc_column][vc_row_inner][vc_column_inner][vc_column_text]<\/p>\n<h2>Uitzonderlijke eigenschappen<\/h2>\n<p>Onze methoden voor het verder verwerken van grondstoffen worden continu geoptimaliseerd om de specifieke eigenschappen ervan te behouden. Met onze behoedzame processen benutten we ze optimaal, wat een hoge lucht- en watercapaciteit, ideale drainage-eigenschappen en structurele stabiliteit oplevert. Dat biedt planten en wortels de houvast, de zuurstof en het vocht dat ze nodig hebben.[\/vc_column_text][\/vc_column_inner][\/vc_row_inner][vc_row_inner][vc_column_inner width=&#8221;1\/2&#8243;][vc_column_text]<img loading=\"lazy\" decoding=\"async\" class=\"alignnone wp-image-44836 size-full\" src=\"https:\/\/klasmann-deilmann.com\/wp-content\/uploads\/weiss-schwarztorf-1-e1637247879296.jpg\" alt=\"\" width=\"1497\" height=\"1145\" srcset=\"https:\/\/klasmann-deilmann.com\/wp-content\/uploads\/weiss-schwarztorf-1-e1637247879296.jpg 1497w, https:\/\/klasmann-deilmann.com\/wp-content\/uploads\/weiss-schwarztorf-1-e1637247879296-300x229.jpg 300w, https:\/\/klasmann-deilmann.com\/wp-content\/uploads\/weiss-schwarztorf-1-e1637247879296-1024x783.jpg 1024w, https:\/\/klasmann-deilmann.com\/wp-content\/uploads\/weiss-schwarztorf-1-e1637247879296-768x587.jpg 768w\" sizes=\"auto, (max-width: 1497px) 100vw, 1497px\" \/>[\/vc_column_text][\/vc_column_inner][vc_column_inner width=&#8221;1\/2&#8243;][vc_column_text el_class=&#8221;pluslist green&#8221;]<\/p>\n<h3>Witveen<\/h3>\n<p>Voor de winning van witveenturf hebben wij uitgestrekte bronnen in Litouwen, Letland en Ierland beschikbaar. Als we de turf in plaggen winnen, geven we de voorkeur aan de turfsteektechniek. Voor het verkrijgen van fabrieksmatig verwerkte turf gebruiken we moderne graafmachines. Dit garandeert dat onze productiefaciliteiten nog vele decennia voorzien zullen zijn.[\/vc_column_text][vc_column_text el_class=&#8221;pluslist green&#8221;]<\/p>\n<h3>Zwartveen<\/h3>\n<p>In Duitsland hebben we uitgestrekte winlocaties voor zwartveenturf, die we in de wintermaanden laten bevriezen, waarna het veen in het voorjaar wordt afgegraven. Ook in Litouwen is al een aantal jaren veen van hoge kwaliteitsniveaus met een hogere graad van ontbinding beschikbaar. Dit wordt in toenemende mate gebruikt voor de substraatproductie.[\/vc_column_text][\/vc_column_inner][\/vc_row_inner][\/vc_column][\/vc_row][vc_row css=&#8221;.vc_custom_1629210488512{margin-top: 70px !important;}&#8221;][vc_column][kd_getintouch image=&#8221;32948&#8243;][\/vc_column][\/vc_row]<\/p><\/div>\n","protected":false},"excerpt":{"rendered":"<p>[vc_row][vc_column][kd_header_random_image_banner image=&#8221;36820&#8243;][\/kd_header_random_image_banner][\/vc_column][\/vc_row][vc_row][vc_column][vc_row_inner][vc_column_inner width=&#8221;1\/2&#8243;][vc_column_text] Onze turfgrondstoffen [\/vc_column_text][vc_column_text]Vanwege hun uitstekende fysische, chemische en biologische eigenschappen blijven wit- en zwartveenturf de belangrijkste ingredi\u00ebnten van onze substraten. Om ideale mengsels voor onze substraten te cre\u00ebren vullen we deze materialen vaak aan met andere organische en minerale ingredi\u00ebnten, zoals houtvezel, groencompost en kokos. We gebruiken ook onze eigen oplossingen voor mestformules, bevochtigingsmiddelen en toevoegingen.[\/vc_column_text][\/vc_column_inner][vc_column_inner width=&#8221;1\/2&#8243;][vc_column_text][\/vc_column_text][\/vc_column_inner][\/vc_row_inner][\/vc_column][\/vc_row][vc_row css=&#8221;.vc_custom_1637245110096{margin-top: 70px !important;padding-bottom: 30px !important;background-color: #414345 !important;}&#8221;][vc_column][vc_row_inner][vc_column_inner][vc_column_text] Waarom turf? [\/vc_column_text][vc_column_text]Turf \u2026[\/vc_column_text][\/vc_column_inner][vc_column_inner width=&#8221;1\/2&#8243;][vc_column_text el_class=&#8221;pluslist green&#8221;] \u2026blijft het hoofdingredi\u00ebnt bij de substraatproductie<\/p>\n","protected":false},"author":7,"featured_media":0,"parent":50648,"menu_order":438,"comment_status":"closed","ping_status":"closed","template":"","meta":{"_acf_changed":false,"inline_featured_image":false,"footnotes":""},"class_list":["post-50650","page","type-page","status-publish","hentry"],"acf":[],"yoast_head":"<!-- This site is optimized with the Yoast SEO plugin v27.5 - https:\/\/yoast.com\/product\/yoast-seo-wordpress\/ -->\n<title>Turf - Klasmann-Deilmann<\/title>\n<meta name=\"robots\" content=\"index, follow, max-snippet:-1, max-image-preview:large, max-video-preview:-1\" \/>\n<link rel=\"canonical\" href=\"https:\/\/klasmann-deilmann.com\/nl\/producten-en-oplossingen\/grondstoffen\/turf\/\" \/>\n<meta property=\"og:locale\" content=\"nl_NL\" \/>\n<meta property=\"og:type\" content=\"article\" \/>\n<meta property=\"og:title\" content=\"Turf - Klasmann-Deilmann\" \/>\n<meta property=\"og:description\" content=\"[vc_row][vc_column][kd_header_random_image_banner image=&#8221;36820&#8243;][\/kd_header_random_image_banner][\/vc_column][\/vc_row][vc_row][vc_column][vc_row_inner][vc_column_inner width=&#8221;1\/2&#8243;][vc_column_text] Onze turfgrondstoffen [\/vc_column_text][vc_column_text]Vanwege hun uitstekende fysische, chemische en biologische eigenschappen blijven wit- en zwartveenturf de belangrijkste ingredi\u00ebnten van onze substraten. Om ideale mengsels voor onze substraten te cre\u00ebren vullen we deze materialen vaak aan met andere organische en minerale ingredi\u00ebnten, zoals houtvezel, groencompost en kokos. We gebruiken ook onze eigen oplossingen voor mestformules, bevochtigingsmiddelen en toevoegingen.[\/vc_column_text][\/vc_column_inner][vc_column_inner width=&#8221;1\/2&#8243;][vc_column_text][\/vc_column_text][\/vc_column_inner][\/vc_row_inner][\/vc_column][\/vc_row][vc_row css=&#8221;.vc_custom_1637245110096{margin-top: 70px !important;padding-bottom: 30px !important;background-color: #414345 !important;}&#8221;][vc_column][vc_row_inner][vc_column_inner][vc_column_text] Waarom turf? [\/vc_column_text][vc_column_text]Turf \u2026[\/vc_column_text][\/vc_column_inner][vc_column_inner width=&#8221;1\/2&#8243;][vc_column_text el_class=&#8221;pluslist green&#8221;] \u2026blijft het hoofdingredi\u00ebnt bij de substraatproductie\" \/>\n<meta property=\"og:url\" content=\"https:\/\/klasmann-deilmann.com\/nl\/producten-en-oplossingen\/grondstoffen\/turf\/\" \/>\n<meta property=\"og:site_name\" content=\"Klasmann-Deilmann\" \/>\n<meta property=\"article:modified_time\" content=\"2022-04-05T12:06:11+00:00\" \/>\n<meta property=\"og:image\" content=\"https:\/\/klasmann-deilmann.com\/wp-content\/uploads\/weiss-schwarztorf-1-e1637247879296.jpg\" \/>\n<meta name=\"twitter:card\" content=\"summary_large_image\" \/>\n<meta name=\"twitter:label1\" content=\"Geschatte leestijd\" \/>\n\t<meta name=\"twitter:data1\" content=\"3 minuten\" \/>\n<script type=\"application\/ld+json\" class=\"yoast-schema-graph\">{\"@context\":\"https:\\\/\\\/schema.org\",\"@graph\":[{\"@type\":\"WebPage\",\"@id\":\"https:\\\/\\\/klasmann-deilmann.com\\\/nl\\\/producten-en-oplossingen\\\/grondstoffen\\\/turf\\\/\",\"url\":\"https:\\\/\\\/klasmann-deilmann.com\\\/nl\\\/producten-en-oplossingen\\\/grondstoffen\\\/turf\\\/\",\"name\":\"Turf - Klasmann-Deilmann\",\"isPartOf\":{\"@id\":\"https:\\\/\\\/klasmann-deilmann.com\\\/en\\\/#website\"},\"primaryImageOfPage\":{\"@id\":\"https:\\\/\\\/klasmann-deilmann.com\\\/nl\\\/producten-en-oplossingen\\\/grondstoffen\\\/turf\\\/#primaryimage\"},\"image\":{\"@id\":\"https:\\\/\\\/klasmann-deilmann.com\\\/nl\\\/producten-en-oplossingen\\\/grondstoffen\\\/turf\\\/#primaryimage\"},\"thumbnailUrl\":\"https:\\\/\\\/klasmann-deilmann.com\\\/wp-content\\\/uploads\\\/weiss-schwarztorf-1-e1637247879296.jpg\",\"datePublished\":\"2021-08-27T07:27:20+00:00\",\"dateModified\":\"2022-04-05T12:06:11+00:00\",\"breadcrumb\":{\"@id\":\"https:\\\/\\\/klasmann-deilmann.com\\\/nl\\\/producten-en-oplossingen\\\/grondstoffen\\\/turf\\\/#breadcrumb\"},\"inLanguage\":\"nl-NL\",\"potentialAction\":[{\"@type\":\"ReadAction\",\"target\":[\"https:\\\/\\\/klasmann-deilmann.com\\\/nl\\\/producten-en-oplossingen\\\/grondstoffen\\\/turf\\\/\"]}]},{\"@type\":\"ImageObject\",\"inLanguage\":\"nl-NL\",\"@id\":\"https:\\\/\\\/klasmann-deilmann.com\\\/nl\\\/producten-en-oplossingen\\\/grondstoffen\\\/turf\\\/#primaryimage\",\"url\":\"https:\\\/\\\/klasmann-deilmann.com\\\/wp-content\\\/uploads\\\/weiss-schwarztorf-1-e1637247879296.jpg\",\"contentUrl\":\"https:\\\/\\\/klasmann-deilmann.com\\\/wp-content\\\/uploads\\\/weiss-schwarztorf-1-e1637247879296.jpg\"},{\"@type\":\"BreadcrumbList\",\"@id\":\"https:\\\/\\\/klasmann-deilmann.com\\\/nl\\\/producten-en-oplossingen\\\/grondstoffen\\\/turf\\\/#breadcrumb\",\"itemListElement\":[{\"@type\":\"ListItem\",\"position\":1,\"name\":\"Home\",\"item\":\"https:\\\/\\\/klasmann-deilmann.com\\\/nl\\\/\"},{\"@type\":\"ListItem\",\"position\":2,\"name\":\"Producten en oplossingen\",\"item\":\"https:\\\/\\\/klasmann-deilmann.com\\\/nl\\\/producten-en-oplossingen\\\/\"},{\"@type\":\"ListItem\",\"position\":3,\"name\":\"Grondstoffen\",\"item\":\"https:\\\/\\\/klasmann-deilmann.com\\\/nl\\\/producten-en-oplossingen\\\/grondstoffen\\\/\"},{\"@type\":\"ListItem\",\"position\":4,\"name\":\"Turf\"}]},{\"@type\":\"WebSite\",\"@id\":\"https:\\\/\\\/klasmann-deilmann.com\\\/en\\\/#website\",\"url\":\"https:\\\/\\\/klasmann-deilmann.com\\\/en\\\/\",\"name\":\"Klasmann-Deilmann\",\"description\":\"\",\"potentialAction\":[{\"@type\":\"SearchAction\",\"target\":{\"@type\":\"EntryPoint\",\"urlTemplate\":\"https:\\\/\\\/klasmann-deilmann.com\\\/en\\\/?s={search_term_string}\"},\"query-input\":{\"@type\":\"PropertyValueSpecification\",\"valueRequired\":true,\"valueName\":\"search_term_string\"}}],\"inLanguage\":\"nl-NL\"}]}<\/script>\n<!-- \/ Yoast SEO plugin. -->","yoast_head_json":{"title":"Turf - Klasmann-Deilmann","robots":{"index":"index","follow":"follow","max-snippet":"max-snippet:-1","max-image-preview":"max-image-preview:large","max-video-preview":"max-video-preview:-1"},"canonical":"https:\/\/klasmann-deilmann.com\/nl\/producten-en-oplossingen\/grondstoffen\/turf\/","og_locale":"nl_NL","og_type":"article","og_title":"Turf - Klasmann-Deilmann","og_description":"[vc_row][vc_column][kd_header_random_image_banner image=&#8221;36820&#8243;][\/kd_header_random_image_banner][\/vc_column][\/vc_row][vc_row][vc_column][vc_row_inner][vc_column_inner width=&#8221;1\/2&#8243;][vc_column_text] Onze turfgrondstoffen [\/vc_column_text][vc_column_text]Vanwege hun uitstekende fysische, chemische en biologische eigenschappen blijven wit- en zwartveenturf de belangrijkste ingredi\u00ebnten van onze substraten. Om ideale mengsels voor onze substraten te cre\u00ebren vullen we deze materialen vaak aan met andere organische en minerale ingredi\u00ebnten, zoals houtvezel, groencompost en kokos. We gebruiken ook onze eigen oplossingen voor mestformules, bevochtigingsmiddelen en toevoegingen.[\/vc_column_text][\/vc_column_inner][vc_column_inner width=&#8221;1\/2&#8243;][vc_column_text][\/vc_column_text][\/vc_column_inner][\/vc_row_inner][\/vc_column][\/vc_row][vc_row css=&#8221;.vc_custom_1637245110096{margin-top: 70px !important;padding-bottom: 30px !important;background-color: #414345 !important;}&#8221;][vc_column][vc_row_inner][vc_column_inner][vc_column_text] Waarom turf? [\/vc_column_text][vc_column_text]Turf \u2026[\/vc_column_text][\/vc_column_inner][vc_column_inner width=&#8221;1\/2&#8243;][vc_column_text el_class=&#8221;pluslist green&#8221;] \u2026blijft het hoofdingredi\u00ebnt bij de substraatproductie","og_url":"https:\/\/klasmann-deilmann.com\/nl\/producten-en-oplossingen\/grondstoffen\/turf\/","og_site_name":"Klasmann-Deilmann","article_modified_time":"2022-04-05T12:06:11+00:00","og_image":[{"url":"https:\/\/klasmann-deilmann.com\/wp-content\/uploads\/weiss-schwarztorf-1-e1637247879296.jpg","type":"","width":"","height":""}],"twitter_card":"summary_large_image","twitter_misc":{"Geschatte leestijd":"3 minuten"},"schema":{"@context":"https:\/\/schema.org","@graph":[{"@type":"WebPage","@id":"https:\/\/klasmann-deilmann.com\/nl\/producten-en-oplossingen\/grondstoffen\/turf\/","url":"https:\/\/klasmann-deilmann.com\/nl\/producten-en-oplossingen\/grondstoffen\/turf\/","name":"Turf - Klasmann-Deilmann","isPartOf":{"@id":"https:\/\/klasmann-deilmann.com\/en\/#website"},"primaryImageOfPage":{"@id":"https:\/\/klasmann-deilmann.com\/nl\/producten-en-oplossingen\/grondstoffen\/turf\/#primaryimage"},"image":{"@id":"https:\/\/klasmann-deilmann.com\/nl\/producten-en-oplossingen\/grondstoffen\/turf\/#primaryimage"},"thumbnailUrl":"https:\/\/klasmann-deilmann.com\/wp-content\/uploads\/weiss-schwarztorf-1-e1637247879296.jpg","datePublished":"2021-08-27T07:27:20+00:00","dateModified":"2022-04-05T12:06:11+00:00","breadcrumb":{"@id":"https:\/\/klasmann-deilmann.com\/nl\/producten-en-oplossingen\/grondstoffen\/turf\/#breadcrumb"},"inLanguage":"nl-NL","potentialAction":[{"@type":"ReadAction","target":["https:\/\/klasmann-deilmann.com\/nl\/producten-en-oplossingen\/grondstoffen\/turf\/"]}]},{"@type":"ImageObject","inLanguage":"nl-NL","@id":"https:\/\/klasmann-deilmann.com\/nl\/producten-en-oplossingen\/grondstoffen\/turf\/#primaryimage","url":"https:\/\/klasmann-deilmann.com\/wp-content\/uploads\/weiss-schwarztorf-1-e1637247879296.jpg","contentUrl":"https:\/\/klasmann-deilmann.com\/wp-content\/uploads\/weiss-schwarztorf-1-e1637247879296.jpg"},{"@type":"BreadcrumbList","@id":"https:\/\/klasmann-deilmann.com\/nl\/producten-en-oplossingen\/grondstoffen\/turf\/#breadcrumb","itemListElement":[{"@type":"ListItem","position":1,"name":"Home","item":"https:\/\/klasmann-deilmann.com\/nl\/"},{"@type":"ListItem","position":2,"name":"Producten en oplossingen","item":"https:\/\/klasmann-deilmann.com\/nl\/producten-en-oplossingen\/"},{"@type":"ListItem","position":3,"name":"Grondstoffen","item":"https:\/\/klasmann-deilmann.com\/nl\/producten-en-oplossingen\/grondstoffen\/"},{"@type":"ListItem","position":4,"name":"Turf"}]},{"@type":"WebSite","@id":"https:\/\/klasmann-deilmann.com\/en\/#website","url":"https:\/\/klasmann-deilmann.com\/en\/","name":"Klasmann-Deilmann","description":"","potentialAction":[{"@type":"SearchAction","target":{"@type":"EntryPoint","urlTemplate":"https:\/\/klasmann-deilmann.com\/en\/?s={search_term_string}"},"query-input":{"@type":"PropertyValueSpecification","valueRequired":true,"valueName":"search_term_string"}}],"inLanguage":"nl-NL"}]}},"_links":{"self":[{"href":"https:\/\/klasmann-deilmann.com\/nl\/wp-json\/wp\/v2\/pages\/50650","targetHints":{"allow":["GET"]}}],"collection":[{"href":"https:\/\/klasmann-deilmann.com\/nl\/wp-json\/wp\/v2\/pages"}],"about":[{"href":"https:\/\/klasmann-deilmann.com\/nl\/wp-json\/wp\/v2\/types\/page"}],"author":[{"embeddable":true,"href":"https:\/\/klasmann-deilmann.com\/nl\/wp-json\/wp\/v2\/users\/7"}],"replies":[{"embeddable":true,"href":"https:\/\/klasmann-deilmann.com\/nl\/wp-json\/wp\/v2\/comments?post=50650"}],"version-history":[{"count":2,"href":"https:\/\/klasmann-deilmann.com\/nl\/wp-json\/wp\/v2\/pages\/50650\/revisions"}],"predecessor-version":[{"id":50667,"href":"https:\/\/klasmann-deilmann.com\/nl\/wp-json\/wp\/v2\/pages\/50650\/revisions\/50667"}],"up":[{"embeddable":true,"href":"https:\/\/klasmann-deilmann.com\/nl\/wp-json\/wp\/v2\/pages\/50648"}],"wp:attachment":[{"href":"https:\/\/klasmann-deilmann.com\/nl\/wp-json\/wp\/v2\/media?parent=50650"}],"curies":[{"name":"wp","href":"https:\/\/api.w.org\/{rel}","templated":true}]}}