{"id":6773,"date":"2018-05-30T09:10:24","date_gmt":"2018-05-30T07:10:24","guid":{"rendered":"\/\/klasmann-deilmann.com\/?page_id=6773"},"modified":"2023-05-30T16:00:12","modified_gmt":"2023-05-30T14:00:12","slug":"musu-vertibas","status":"publish","type":"page","link":"https:\/\/klasmann-deilmann.com\/lv\/bioenergy\/musu-vertibas\/","title":{"rendered":"M\u016bsu v\u0113rt\u012bbas"},"content":{"rendered":"<div class=\"wpb-content-wrapper\">[vc_row][vc_column][kd_header_random_image_banner image=&#8221;14666,14657,14648&#8243; header_text=&#8221;\u201cKurin\u0101m\u0101s \u0161\u0137eldas ra\u017eo\u0161ana un tirdzniec\u012bba\u201d&#8221;][\/kd_header_random_image_banner][vc_row_inner][vc_column_inner width=&#8221;1\/12&#8243;][\/vc_column_inner][vc_column_inner width=&#8221;10\/12&#8243;][vc_column_text]<\/p>\n<h1>Sadarb\u012bba ar klientiem<\/h1>\n<p>Ikdien\u0101 darbojamies ar profesion\u0101lu attieksmi, savstarp\u0113ju uztic\u012bbu un balstoties uz skaidriem nosac\u012bjumiem, kas ir pamats veiksm\u012bgai sadarb\u012bbai. V\u0113r\u012bbu piev\u0113r\u0161am ik katrai klienta pras\u012bbai. M\u0113s esam galvenais faktors J\u016bsu biznesa m\u0113r\u0137u sasnieg\u0161an\u0101.[\/vc_column_text][\/vc_column_inner][vc_column_inner width=&#8221;1\/12&#8243;][\/vc_column_inner][\/vc_row_inner][vc_row_inner][vc_column_inner][vc_separator][\/vc_column_inner][\/vc_row_inner][vc_row_inner content_placement=&#8221;top&#8221;][vc_column_inner width=&#8221;1\/2&#8243;][vc_column_text]<\/p>\n<h1>Vair\u0101k ener\u0123ijas no ilgtsp\u0113j\u012bgiem resursiem<\/h1>\n<p>Eiropas Savien\u012bbas atjaunojam\u0101s ener\u0123ijas direkt\u012bv\u0101, ir noteikts, ka l\u012bdz 2020. gadam vismaz 20% no gal\u0113j\u0101 ener\u0123ijas pat\u0113ri\u0146a j\u0101rodas no atjaunojamiem ener\u0123ijas avotiem.<\/p>\n<p>Paredzams, ka piepras\u012bjums p\u0113c alternat\u012bviem ener\u0123ijas avotiem iev\u0113rojami pieaugs, ko m\u0113s uzskat\u0101m par m\u016bsu biznesa mode\u013ca pamatu. Izmantojot atjaunojamos resursus un biomasu, m\u0113s sekm\u0113jam ilgtsp\u0113j\u012bgu att\u012bst\u012bbu savas darb\u012bbas re\u0123ionos.<\/p>\n<h3><strong>M\u016bsu ra\u017eot\u0101 \u0161\u0137elda:<\/strong><\/h3>\n<ul>\n<li>atbilst ES direkt\u012bvas pras\u012bb\u0101m;<\/li>\n<li>ir videi draudz\u012bgs ener\u0123ijas avots no ilgtsp\u0113j\u012bgi apsaimniekotiem avotiem;<\/li>\n<li>samazina CO2 emisijas, mazinot fosil\u0101s ener\u0123ijas avotu izmanto\u0161anu;<\/li>\n<li>ir konkur\u0113tsp\u0113j\u012bgs produkts, kas ieg\u016bts no viet\u0113jiem resursiem;<\/li>\n<li>rada darba vietas (gan tie\u0161i, gan netie\u0161i) lauku re\u0123ionos.<\/li>\n<\/ul>\n<h3 style=\"font-weight: 400;\"><strong>Pamatdarba pras\u012bbu politika ietekm\u0113taj\u0101m iesaist\u012btaj\u0101m pus\u0113m.<\/strong><\/h3>\n<p style=\"font-weight: 400;\"><b><span lang=\"LV\">SIA \u201cKlasmann-Deilmann Bioenergy\u201d <\/span><\/b><span lang=\"LV\">atbilsto\u0161i pieg\u0101des \u0137\u0113des standartiem iev\u0113ro \u0161\u0101das pamatpras\u012bbas<\/span>:<\/p>\n<ul>\n<li style=\"font-weight: 400;\">\n<p style=\"font-weight: 400;\"><span style=\"font-style: normal !important; font-weight: normal !important;\">neizmanto b\u0113rnu darbu;<\/span><\/p>\n<\/li>\n<li style=\"font-weight: 400;\">\n<p style=\"font-weight: 400;\"><span style=\"font-style: normal !important; font-weight: normal !important;\">aizliedz un neatbalsta visus piespiedu darba veidus;<\/span><\/p>\n<\/li>\n<li style=\"font-weight: 400;\">\n<p style=\"font-weight: 400;\"><span style=\"font-style: normal !important; font-weight: normal !important;\">nodro\u0161ina, ka nodarbin\u0101t\u012bb\u0101 un profesij\u0101 nav diskrimin\u0101cijas;<\/span><\/p>\n<\/li>\n<li style=\"font-weight: 400;\">\n<p style=\"font-weight: 400;\"><span style=\"font-style: normal !important; font-weight: normal !important;\">iev\u0113ro biedr\u012bbu, apvien\u012bbu un arodbiedr\u012bbu dibin\u0101\u0161anas br\u012bv\u012bbu un ties\u012bbas uz kopl\u012bgumu.<\/span><\/p>\n<\/li>\n<\/ul>\n<p>[\/vc_column_text][\/vc_column_inner][vc_column_inner width=&#8221;1\/2&#8243;][vc_column_text]<img loading=\"lazy\" decoding=\"async\" width=\"1200\" height=\"940\" class=\"alignnone size-full wp-image-5817\" src=\"\/\/klasmann-deilmann.com\/wp-content\/uploads\/Anspruch_01.jpg\" alt=\"\" srcset=\"https:\/\/klasmann-deilmann.com\/wp-content\/uploads\/Anspruch_01.jpg 1200w, https:\/\/klasmann-deilmann.com\/wp-content\/uploads\/Anspruch_01-300x235.jpg 300w, https:\/\/klasmann-deilmann.com\/wp-content\/uploads\/Anspruch_01-768x602.jpg 768w, https:\/\/klasmann-deilmann.com\/wp-content\/uploads\/Anspruch_01-1024x802.jpg 1024w, https:\/\/klasmann-deilmann.com\/wp-content\/uploads\/Anspruch_01-600x470.jpg 600w, https:\/\/klasmann-deilmann.com\/wp-content\/uploads\/Anspruch_01-125x98.jpg 125w\" sizes=\"auto, (max-width: 1200px) 100vw, 1200px\" \/>[\/vc_column_text][kd_download_button show_link_download1=&#8221;download&#8221; download1=&#8221;5548&#8243; showinpdfreader=&#8221;&#8221;][kd_download_button show_link_download1=&#8221;download&#8221; download1=&#8221;20420&#8243; showinpdfreader=&#8221;&#8221;][\/vc_column_inner][\/vc_row_inner][vc_separator style=&#8221;dotted&#8221;][vc_row_inner content_placement=&#8221;top&#8221;][vc_column_inner][vc_column_text]<\/p>\n<h1>Bioener\u0123ijas strukt\u016brvien\u012bba<\/h1>\n<p>[\/vc_column_text][\/vc_column_inner][\/vc_row_inner][vc_row_inner][vc_column_inner width=&#8221;1\/2&#8243;][vc_column_text]Pirms 10 gadiem pie\u0146emtais l\u0113mums par Klasmann-Deilmann t\u0101l\u0101ku att\u012bst\u012bbu veicin\u0101ja iesaisti bioener\u0123ijas sektor\u0101. \u0145emot v\u0113r\u0101 m\u016bsu pieredzi ra\u017eo\u0161an\u0101 un pla\u0161u zemes plat\u012bbu p\u0101rvald\u012b\u0161an\u0101, atjaunojam\u0101s ener\u0123ijas sektors tika identific\u0113ts k\u0101 piem\u0113rot\u0101kais virziens darb\u012bbas papla\u0161in\u0101nai.<\/p>\n<p>2008. gad\u0101 tika izveidots tirdzniec\u012bbas uz\u0146\u0113mums Lietuv\u0101 &#8211; UAB Klasmann-Deilmann Bioenergy, kas deva iesp\u0113ju darboties Baltijas valstu atjaunojam\u0101s ener\u0123ijas resursu tirg\u016b. Kop\u0161 2010. gada m\u0113s esam \u012bstenoju\u0161i pla\u0161a m\u0113roga \u0101traudz\u012bgo k\u0101rklu plant\u0101ciju projektus. \u0160is re\u0123ions ir \u012bpa\u0161i piem\u0113rots alternat\u012bvo resursu ra\u017eo\u0161anai, p\u0101rstr\u0101dei un tirdzniec\u012bbai, jo palielin\u0101s piepras\u012bjums p\u0113c biomasas k\u0101 ener\u0123ijas avota, ir labv\u0113l\u012bgi aug\u0161anas apst\u0101k\u013ci, k\u0101 ar\u012b \u0161\u012b re\u0123iona ekonomisk\u0101 vide v\u0113rt\u0113jama k\u0101 uz\u0146\u0113m\u0113jam draudz\u012bga.[\/vc_column_text][\/vc_column_inner][vc_column_inner width=&#8221;1\/2&#8243;][vc_column_text]Bez \u0161\u0137eldas, ar\u012b kurin\u0101m\u0101 k\u016bdra sp\u0113l\u0113 noz\u012bm\u012bgu lomu re\u0123ion\u0101laj\u0101 ener\u0123ijas bilanc\u0113. Abu \u0161o ener\u0123ijas avotu izmanto\u0161ana \u013cauj palielin\u0101t viet\u0113jo resursu \u012bpatsvaru siltuma un elektroener\u0123ijas ra\u017eo\u0161an\u0101 un mazin\u0101t atkar\u012bbu no t\u0101d\u0101m fosilaj\u0101m degviel\u0101m k\u0101 g\u0101ze, nafta un ogles.<\/p>\n<p>Kop\u0161 2016. gada Klasmann-Deilmann grupai pievienti tr\u012bs no vado\u0161ajiem Latvijas uz\u0146\u0113mumiem biomasas nozar\u0113. K\u0101 jau tirdzniec\u012bbas uz\u0146\u0113mumiem, tiem ir v\u0113sturiska saikne ar galvenajiem \u0161\u0137eldas ra\u017eot\u0101jiem un pat\u0113r\u0113t\u0101jiem siltuma un ener\u0123ijas sektor\u0101 gan Baltij\u0101, gan Skandin\u0101vij\u0101. 2017. gad\u0101 \u0161ie uz\u0146\u0113mumi tika apvienoti izveidojot Klasmann- Deilmann Bioenergy SIA. Jaun\u0101 uz\u0146\u0113muma galven\u0101 strukt\u016brvien\u012bba atrodas R\u012bg\u0101, ta\u010du darbojas fili\u0101les ar\u012b Jelgav\u0101, Liep\u0101j\u0101 un Zil\u0101kaln\u0101.[\/vc_column_text][\/vc_column_inner][\/vc_row_inner][kd_google_maps multiplesingleselect=&#8221;multiple&#8221; region=&#8221;kontakt-bioenergy&#8221; zoomall=&#8221;true&#8221; select_target=&#8221;748&#8243; show_add_addresses=&#8221;&#8221;][kd_greenstripe_downloads show_follow_us=&#8221;&#8221; show_link_download1=&#8221;contacts&#8221; multiple_single_select1=&#8221;single-special&#8221; specialcontact1=&#8221;5826&#8243; show_link_download2=&#8221;contacts&#8221; multiple_single_select2=&#8221;single-special&#8221; specialcontact2=&#8221;5827&#8243; headline=&#8221;Pla\u0161\u0101ka inform\u0101cija&#8221; buttontext1=&#8221;Kontakti Lietuva&#8221; buttontext2=&#8221;Kontakti Latvija&#8221;][\/vc_column][\/vc_row][vc_row][vc_column][vc_column_text]<\/p>\n<p>[\/vc_column_text][\/vc_column][\/vc_row]<\/p><\/div>\n","protected":false},"excerpt":{"rendered":"<p>[vc_row][vc_column][kd_header_random_image_banner image=&#8221;14666,14657,14648&#8243; header_text=&#8221;\u201cKurin\u0101m\u0101s \u0161\u0137eldas ra\u017eo\u0161ana un tirdzniec\u012bba\u201d&#8221;][\/kd_header_random_image_banner][vc_row_inner][vc_column_inner width=&#8221;1\/12&#8243;][\/vc_column_inner][vc_column_inner width=&#8221;10\/12&#8243;][vc_column_text] Sadarb\u012bba ar klientiem Ikdien\u0101 darbojamies ar profesion\u0101lu attieksmi, savstarp\u0113ju uztic\u012bbu un balstoties uz skaidriem nosac\u012bjumiem, kas ir pamats veiksm\u012bgai sadarb\u012bbai. V\u0113r\u012bbu piev\u0113r\u0161am ik katrai klienta pras\u012bbai. M\u0113s esam galvenais faktors J\u016bsu biznesa m\u0113r\u0137u sasnieg\u0161an\u0101.[\/vc_column_text][\/vc_column_inner][vc_column_inner width=&#8221;1\/12&#8243;][\/vc_column_inner][\/vc_row_inner][vc_row_inner][vc_column_inner][vc_separator][\/vc_column_inner][\/vc_row_inner][vc_row_inner content_placement=&#8221;top&#8221;][vc_column_inner width=&#8221;1\/2&#8243;][vc_column_text] Vair\u0101k ener\u0123ijas no ilgtsp\u0113j\u012bgiem resursiem Eiropas Savien\u012bbas atjaunojam\u0101s ener\u0123ijas direkt\u012bv\u0101, ir noteikts, ka l\u012bdz 2020. gadam vismaz 20% no gal\u0113j\u0101 ener\u0123ijas pat\u0113ri\u0146a j\u0101rodas no atjaunojamiem ener\u0123ijas avotiem. Paredzams, ka piepras\u012bjums p\u0113c alternat\u012bviem ener\u0123ijas avotiem<\/p>\n","protected":false},"author":2,"featured_media":0,"parent":6775,"menu_order":505,"comment_status":"closed","ping_status":"closed","template":"","meta":{"_acf_changed":false,"inline_featured_image":false,"footnotes":""},"class_list":["post-6773","page","type-page","status-publish","hentry"],"acf":[],"yoast_head":"<!-- This site is optimized with the Yoast SEO plugin v27.3 - https:\/\/yoast.com\/product\/yoast-seo-wordpress\/ -->\n<title>M\u016bsu v\u0113rt\u012bbas - Klasmann-Deilmann<\/title>\n<meta name=\"robots\" content=\"index, follow, max-snippet:-1, max-image-preview:large, max-video-preview:-1\" \/>\n<link rel=\"canonical\" href=\"https:\/\/klasmann-deilmann.com\/lv\/bioenergy\/musu-vertibas\/\" \/>\n<meta property=\"og:locale\" content=\"lv_LV\" \/>\n<meta property=\"og:type\" content=\"article\" \/>\n<meta property=\"og:title\" content=\"M\u016bsu v\u0113rt\u012bbas - Klasmann-Deilmann\" \/>\n<meta property=\"og:description\" content=\"[vc_row][vc_column][kd_header_random_image_banner image=&#8221;14666,14657,14648&#8243; header_text=&#8221;\u201cKurin\u0101m\u0101s \u0161\u0137eldas ra\u017eo\u0161ana un tirdzniec\u012bba\u201d&#8221;][\/kd_header_random_image_banner][vc_row_inner][vc_column_inner width=&#8221;1\/12&#8243;][\/vc_column_inner][vc_column_inner width=&#8221;10\/12&#8243;][vc_column_text] Sadarb\u012bba ar klientiem Ikdien\u0101 darbojamies ar profesion\u0101lu attieksmi, savstarp\u0113ju uztic\u012bbu un balstoties uz skaidriem nosac\u012bjumiem, kas ir pamats veiksm\u012bgai sadarb\u012bbai. V\u0113r\u012bbu piev\u0113r\u0161am ik katrai klienta pras\u012bbai. M\u0113s esam galvenais faktors J\u016bsu biznesa m\u0113r\u0137u sasnieg\u0161an\u0101.[\/vc_column_text][\/vc_column_inner][vc_column_inner width=&#8221;1\/12&#8243;][\/vc_column_inner][\/vc_row_inner][vc_row_inner][vc_column_inner][vc_separator][\/vc_column_inner][\/vc_row_inner][vc_row_inner content_placement=&#8221;top&#8221;][vc_column_inner width=&#8221;1\/2&#8243;][vc_column_text] Vair\u0101k ener\u0123ijas no ilgtsp\u0113j\u012bgiem resursiem Eiropas Savien\u012bbas atjaunojam\u0101s ener\u0123ijas direkt\u012bv\u0101, ir noteikts, ka l\u012bdz 2020. gadam vismaz 20% no gal\u0113j\u0101 ener\u0123ijas pat\u0113ri\u0146a j\u0101rodas no atjaunojamiem ener\u0123ijas avotiem. Paredzams, ka piepras\u012bjums p\u0113c alternat\u012bviem ener\u0123ijas avotiem\" \/>\n<meta property=\"og:url\" content=\"https:\/\/klasmann-deilmann.com\/lv\/bioenergy\/musu-vertibas\/\" \/>\n<meta property=\"og:site_name\" content=\"Klasmann-Deilmann\" \/>\n<meta property=\"article:modified_time\" content=\"2023-05-30T14:00:12+00:00\" \/>\n<meta name=\"twitter:card\" content=\"summary_large_image\" \/>\n<meta name=\"twitter:label1\" content=\"Est. reading time\" \/>\n\t<meta name=\"twitter:data1\" content=\"4 minutes\" \/>\n<script type=\"application\/ld+json\" class=\"yoast-schema-graph\">{\"@context\":\"https:\\\/\\\/schema.org\",\"@graph\":[{\"@type\":\"WebPage\",\"@id\":\"https:\\\/\\\/klasmann-deilmann.com\\\/lv\\\/bioenergy\\\/musu-vertibas\\\/\",\"url\":\"https:\\\/\\\/klasmann-deilmann.com\\\/lv\\\/bioenergy\\\/musu-vertibas\\\/\",\"name\":\"M\u016bsu v\u0113rt\u012bbas - Klasmann-Deilmann\",\"isPartOf\":{\"@id\":\"https:\\\/\\\/klasmann-deilmann.com\\\/en\\\/#website\"},\"datePublished\":\"2018-05-30T07:10:24+00:00\",\"dateModified\":\"2023-05-30T14:00:12+00:00\",\"breadcrumb\":{\"@id\":\"https:\\\/\\\/klasmann-deilmann.com\\\/lv\\\/bioenergy\\\/musu-vertibas\\\/#breadcrumb\"},\"inLanguage\":\"lv-LV\",\"potentialAction\":[{\"@type\":\"ReadAction\",\"target\":[\"https:\\\/\\\/klasmann-deilmann.com\\\/lv\\\/bioenergy\\\/musu-vertibas\\\/\"]}]},{\"@type\":\"BreadcrumbList\",\"@id\":\"https:\\\/\\\/klasmann-deilmann.com\\\/lv\\\/bioenergy\\\/musu-vertibas\\\/#breadcrumb\",\"itemListElement\":[{\"@type\":\"ListItem\",\"position\":1,\"name\":\"Home\",\"item\":\"https:\\\/\\\/klasmann-deilmann.com\\\/lv\\\/home-2-2\\\/\"},{\"@type\":\"ListItem\",\"position\":2,\"name\":\"BIOENERGY\",\"item\":\"https:\\\/\\\/klasmann-deilmann.com\\\/lv\\\/bioenergy\\\/\"},{\"@type\":\"ListItem\",\"position\":3,\"name\":\"M\u016bsu v\u0113rt\u012bbas\"}]},{\"@type\":\"WebSite\",\"@id\":\"https:\\\/\\\/klasmann-deilmann.com\\\/en\\\/#website\",\"url\":\"https:\\\/\\\/klasmann-deilmann.com\\\/en\\\/\",\"name\":\"Klasmann-Deilmann\",\"description\":\"\",\"potentialAction\":[{\"@type\":\"SearchAction\",\"target\":{\"@type\":\"EntryPoint\",\"urlTemplate\":\"https:\\\/\\\/klasmann-deilmann.com\\\/en\\\/?s={search_term_string}\"},\"query-input\":{\"@type\":\"PropertyValueSpecification\",\"valueRequired\":true,\"valueName\":\"search_term_string\"}}],\"inLanguage\":\"lv-LV\"}]}<\/script>\n<!-- \/ Yoast SEO plugin. -->","yoast_head_json":{"title":"M\u016bsu v\u0113rt\u012bbas - Klasmann-Deilmann","robots":{"index":"index","follow":"follow","max-snippet":"max-snippet:-1","max-image-preview":"max-image-preview:large","max-video-preview":"max-video-preview:-1"},"canonical":"https:\/\/klasmann-deilmann.com\/lv\/bioenergy\/musu-vertibas\/","og_locale":"lv_LV","og_type":"article","og_title":"M\u016bsu v\u0113rt\u012bbas - Klasmann-Deilmann","og_description":"[vc_row][vc_column][kd_header_random_image_banner image=&#8221;14666,14657,14648&#8243; header_text=&#8221;\u201cKurin\u0101m\u0101s \u0161\u0137eldas ra\u017eo\u0161ana un tirdzniec\u012bba\u201d&#8221;][\/kd_header_random_image_banner][vc_row_inner][vc_column_inner width=&#8221;1\/12&#8243;][\/vc_column_inner][vc_column_inner width=&#8221;10\/12&#8243;][vc_column_text] Sadarb\u012bba ar klientiem Ikdien\u0101 darbojamies ar profesion\u0101lu attieksmi, savstarp\u0113ju uztic\u012bbu un balstoties uz skaidriem nosac\u012bjumiem, kas ir pamats veiksm\u012bgai sadarb\u012bbai. V\u0113r\u012bbu piev\u0113r\u0161am ik katrai klienta pras\u012bbai. M\u0113s esam galvenais faktors J\u016bsu biznesa m\u0113r\u0137u sasnieg\u0161an\u0101.[\/vc_column_text][\/vc_column_inner][vc_column_inner width=&#8221;1\/12&#8243;][\/vc_column_inner][\/vc_row_inner][vc_row_inner][vc_column_inner][vc_separator][\/vc_column_inner][\/vc_row_inner][vc_row_inner content_placement=&#8221;top&#8221;][vc_column_inner width=&#8221;1\/2&#8243;][vc_column_text] Vair\u0101k ener\u0123ijas no ilgtsp\u0113j\u012bgiem resursiem Eiropas Savien\u012bbas atjaunojam\u0101s ener\u0123ijas direkt\u012bv\u0101, ir noteikts, ka l\u012bdz 2020. gadam vismaz 20% no gal\u0113j\u0101 ener\u0123ijas pat\u0113ri\u0146a j\u0101rodas no atjaunojamiem ener\u0123ijas avotiem. Paredzams, ka piepras\u012bjums p\u0113c alternat\u012bviem ener\u0123ijas avotiem","og_url":"https:\/\/klasmann-deilmann.com\/lv\/bioenergy\/musu-vertibas\/","og_site_name":"Klasmann-Deilmann","article_modified_time":"2023-05-30T14:00:12+00:00","twitter_card":"summary_large_image","twitter_misc":{"Est. reading time":"4 minutes"},"schema":{"@context":"https:\/\/schema.org","@graph":[{"@type":"WebPage","@id":"https:\/\/klasmann-deilmann.com\/lv\/bioenergy\/musu-vertibas\/","url":"https:\/\/klasmann-deilmann.com\/lv\/bioenergy\/musu-vertibas\/","name":"M\u016bsu v\u0113rt\u012bbas - Klasmann-Deilmann","isPartOf":{"@id":"https:\/\/klasmann-deilmann.com\/en\/#website"},"datePublished":"2018-05-30T07:10:24+00:00","dateModified":"2023-05-30T14:00:12+00:00","breadcrumb":{"@id":"https:\/\/klasmann-deilmann.com\/lv\/bioenergy\/musu-vertibas\/#breadcrumb"},"inLanguage":"lv-LV","potentialAction":[{"@type":"ReadAction","target":["https:\/\/klasmann-deilmann.com\/lv\/bioenergy\/musu-vertibas\/"]}]},{"@type":"BreadcrumbList","@id":"https:\/\/klasmann-deilmann.com\/lv\/bioenergy\/musu-vertibas\/#breadcrumb","itemListElement":[{"@type":"ListItem","position":1,"name":"Home","item":"https:\/\/klasmann-deilmann.com\/lv\/home-2-2\/"},{"@type":"ListItem","position":2,"name":"BIOENERGY","item":"https:\/\/klasmann-deilmann.com\/lv\/bioenergy\/"},{"@type":"ListItem","position":3,"name":"M\u016bsu v\u0113rt\u012bbas"}]},{"@type":"WebSite","@id":"https:\/\/klasmann-deilmann.com\/en\/#website","url":"https:\/\/klasmann-deilmann.com\/en\/","name":"Klasmann-Deilmann","description":"","potentialAction":[{"@type":"SearchAction","target":{"@type":"EntryPoint","urlTemplate":"https:\/\/klasmann-deilmann.com\/en\/?s={search_term_string}"},"query-input":{"@type":"PropertyValueSpecification","valueRequired":true,"valueName":"search_term_string"}}],"inLanguage":"lv-LV"}]}},"_links":{"self":[{"href":"https:\/\/klasmann-deilmann.com\/lv\/wp-json\/wp\/v2\/pages\/6773","targetHints":{"allow":["GET"]}}],"collection":[{"href":"https:\/\/klasmann-deilmann.com\/lv\/wp-json\/wp\/v2\/pages"}],"about":[{"href":"https:\/\/klasmann-deilmann.com\/lv\/wp-json\/wp\/v2\/types\/page"}],"author":[{"embeddable":true,"href":"https:\/\/klasmann-deilmann.com\/lv\/wp-json\/wp\/v2\/users\/2"}],"replies":[{"embeddable":true,"href":"https:\/\/klasmann-deilmann.com\/lv\/wp-json\/wp\/v2\/comments?post=6773"}],"version-history":[{"count":25,"href":"https:\/\/klasmann-deilmann.com\/lv\/wp-json\/wp\/v2\/pages\/6773\/revisions"}],"predecessor-version":[{"id":77859,"href":"https:\/\/klasmann-deilmann.com\/lv\/wp-json\/wp\/v2\/pages\/6773\/revisions\/77859"}],"up":[{"embeddable":true,"href":"https:\/\/klasmann-deilmann.com\/lv\/wp-json\/wp\/v2\/pages\/6775"}],"wp:attachment":[{"href":"https:\/\/klasmann-deilmann.com\/lv\/wp-json\/wp\/v2\/media?parent=6773"}],"curies":[{"name":"wp","href":"https:\/\/api.w.org\/{rel}","templated":true}]}}