{"id":6766,"date":"2018-05-30T09:04:09","date_gmt":"2018-05-30T07:04:09","guid":{"rendered":"\/\/klasmann-deilmann.com\/?page_id=6766"},"modified":"2021-12-14T15:42:43","modified_gmt":"2021-12-14T14:42:43","slug":"atraudzigo-karklu-plantacijas","status":"publish","type":"page","link":"https:\/\/klasmann-deilmann.com\/lv\/bioenergy\/atraudzigo-karklu-plantacijas\/","title":{"rendered":"\u0100traudz\u012bgo k\u0101rklu plant\u0101cijas"},"content":{"rendered":"<div class=\"wpb-content-wrapper\">\n<p>[vc_row][vc_column][kd_header_random_image_banner image=&#8221;14666,14657,14648&#8243; header_text=&#8221;\u201cKurin\u0101m\u0101s \u0161\u0137eldas ra\u017eo\u0161ana un tirdzniec\u012bba\u201d&#8221;][vc_row_inner][vc_column_inner width=&#8221;1\/12&#8243;][\/vc_column_inner][vc_column_inner width=&#8221;10\/12&#8243;][vc_column_text]<\/p>\n<h1>Atjaunojamie un fosilie energoresursi<\/h1>\n<p>Lai veicin\u0101tu ilgtsp\u0113j\u012bgu ener\u0123ijas avotu izmanto\u0161anu n\u0101kotn\u0113, ir j\u0101palielina atjaun\u012bgo energoresursu \u012bpatsvars prim\u0101r\u0101s ener\u0123ijas bilanc\u0113.<\/p>\n<p>Koksne ie\u0146em arvien noz\u012bm\u012bg\u0101ku lomu p\u0101rej\u0101 no fosilajiem uz videi draudz\u012bgiem ener\u0123ijas avotiem. At\u0161\u0137ir\u012bb\u0101 no fosil\u0101 kurin\u0101m\u0101 \u2013 naftas, dabasg\u0101zes un akme\u0146ogl\u0113m \u2013 atjaunojamie resursi ir atk\u0101rtoti pieejami.[\/vc_column_text][\/vc_column_inner][vc_column_inner width=&#8221;1\/12&#8243;][\/vc_column_inner][\/vc_row_inner][vc_row_inner][vc_column_inner][vc_separator][\/vc_column_inner][\/vc_row_inner][vc_row_inner content_placement=&#8221;top&#8221;][vc_column_inner width=&#8221;2\/12&#8243;]<\/p>\n<div class=\"kd_icon vc_icon_element vc_icon_element-outer vc_icon_element-align-center notext\">\n<div class=\"vc_icon_element-inner vc_icon_element-style-rounded vc_icon_element-background kdgreen\"><span class=\"vc_icon_element-icon kdicon kdicon-co2\"><\/span><\/div>\n<\/div>\n<p>[\/vc_column_inner][vc_column_inner width=&#8221;10\/12&#8243;][vc_column_text]<\/p>\n<h2>Samazin\u0101ta negat\u012bv\u0101 ietekme uz klimatu<\/h2>\n<p>Atjaunojamie energoresursi samazina negat\u012bvo ietekmi uz klimatu:<\/p>\n<ul>\n<li>aizvietojot fosilo kurin\u0101mo;<\/li>\n<li>neitraliz\u0113jot CO<sub>2<\/sub> izme\u0161us \u2013 sadedzin\u0101\u0161anas laik\u0101 rad\u012btie CO<sub>2<\/sub> izme\u0161i tiek atkal uzkr\u0101ti fotosint\u0113zes veid\u0101;<\/li>\n<li>izmantojot modernas un l\u012bdz ar to energoefekt\u012bvas tehnolo\u0123ijas ko\u0123ener\u0101cijas stacij\u0101s.<\/li>\n<\/ul>\n<p>[\/vc_column_text][\/vc_column_inner][\/vc_row_inner][vc_separator style=&#8221;dotted&#8221;][vc_row_inner content_placement=&#8221;top&#8221;][vc_column_inner width=&#8221;2\/12&#8243;]<\/p>\n<div class=\"kd_icon vc_icon_element vc_icon_element-outer vc_icon_element-align-center notext\">\n<div class=\"vc_icon_element-inner vc_icon_element-style-rounded vc_icon_element-background kddarkgreen\"><span class=\"vc_icon_element-icon kdicon kdicon-short-rotation-coppice\"><\/span><\/div>\n<\/div>\n<p>[\/vc_column_inner][vc_column_inner width=&#8221;10\/12&#8243;][vc_column_text]<\/p>\n<h2>\u0100traudz\u012bgie k\u0101rkli<\/h2>\n<p>\u0100traudz\u012bgo k\u0101rklu plant\u0101cij\u0101s izmantojam tikai strauji augo\u0161as un klimatiskajiem apst\u0101k\u013ciem piem\u0113rotas k\u0101rklu \u0161\u0137irnes. Ra\u017ea tiek nov\u0101kta p\u0113c trim l\u012bdz \u010detriem gadiem un tiek izmantota gan ener\u0123ijas ieguvei, gan k\u0101 izejmateri\u0101ls citu produktu ra\u017eo\u0161anai. M\u0113s audz\u0113jam ar\u012b k\u0101rklu spraude\u0146us kult\u016bras pavairo\u0161anai.[\/vc_column_text][\/vc_column_inner][\/vc_row_inner][vc_separator style=&#8221;dotted&#8221;][vc_row_inner content_placement=&#8221;top&#8221;][vc_column_inner width=&#8221;2\/12&#8243;]<\/p>\n<div class=\"kd_icon vc_icon_element vc_icon_element-outer vc_icon_element-align-center notext\">\n<div class=\"vc_icon_element-inner vc_icon_element-style-rounded vc_icon_element-background kdyellow\"><span class=\"vc_icon_element-icon kdicon kdicon-low-energy\"><\/span><\/div>\n<\/div>\n<p>[\/vc_column_inner][vc_column_inner width=&#8221;10\/12&#8243;][vc_column_text]<\/p>\n<h2>Zemas resursu izmaksas<\/h2>\n<p>\u0100traudz\u012bgo k\u0101rklu plant\u0101cijas ir ieguld\u012bto resursu zi\u0146\u0101 efekt\u012bv\u0101kais ener\u0123\u0113tisko kult\u016bru audz\u0113\u0161anas veids, sal\u012bdzinot, piem\u0113ram, ar kukur\u016bzu. \u0145emot v\u0113r\u0101 ekolo\u0123iskos, ekonomiskos un soci\u0101los aspektus, \u0101traudz\u012bgo k\u0101rklu plant\u0101cijas piln\u012bb\u0101 atbilst ilgtsp\u0113j\u012bbas krit\u0113rijiem.[\/vc_column_text][\/vc_column_inner][\/vc_row_inner][vc_separator style=&#8221;dotted&#8221;][vc_row_inner content_placement=&#8221;top&#8221;][vc_column_inner width=&#8221;2\/12&#8243;]<\/p>\n<div class=\"kd_icon vc_icon_element vc_icon_element-outer vc_icon_element-align-center notext\">\n<div class=\"vc_icon_element-inner vc_icon_element-style-rounded vc_icon_element-background kdorange\"><span class=\"vc_icon_element-icon kdicon kdicon-tractor\"><\/span><\/div>\n<\/div>\n<p>[\/vc_column_inner][vc_column_inner width=&#8221;10\/12&#8243;][vc_column_text]<\/p>\n<h2>M\u016bsu \u0101traudz\u012bgo k\u0101rklu plant\u0101cijas<\/h2>\n<p>\u0100traudz\u012bgo k\u0101rklu plant\u0101cijas \u013cauj apsaimniekot lielas zemes plat\u012bbas, taj\u0101 pa\u0161\u0101 laik\u0101 ieg\u016bstot v\u0113rt\u012bgu izejmateri\u0101lu ener\u0123ijas ra\u017eo\u0161anai. Kop\u0161 2010. gada \u0161aj\u0101 sektor\u0101 esam \u012bstenoju\u0161i v\u0113rien\u012bgus projektus. Kop\u0113j\u0101 Klasmann-Deilmann apsaimniekot\u0101 \u0101traudz\u012bgo k\u0101rklu plant\u0101ciju plat\u012bba Lietuv\u0101 ir 2400 hekt\u0101ru.[\/vc_column_text][\/vc_column_inner][\/vc_row_inner][\/vc_column][\/vc_row]<\/p>\n<\/div>\n","protected":false},"excerpt":{"rendered":"<p>[vc_row][vc_column][kd_header_random_image_banner image=&#8221;14666,14657,14648&#8243; header_text=&#8221;\u201cKurin\u0101m\u0101s \u0161\u0137eldas ra\u017eo\u0161ana un tirdzniec\u012bba\u201d&#8221;][vc_row_inner][vc_column_inner width=&#8221;1\/12&#8243;][\/vc_column_inner][vc_column_inner width=&#8221;10\/12&#8243;][vc_column_text] Atjaunojamie un fosilie energoresursi Lai veicin\u0101tu ilgtsp\u0113j\u012bgu ener\u0123ijas avotu izmanto\u0161anu n\u0101kotn\u0113, ir j\u0101palielina atjaun\u012bgo energoresursu \u012bpatsvars prim\u0101r\u0101s ener\u0123ijas bilanc\u0113. Koksne ie\u0146em arvien noz\u012bm\u012bg\u0101ku lomu p\u0101rej\u0101 no fosilajiem uz videi draudz\u012bgiem ener\u0123ijas avotiem. At\u0161\u0137ir\u012bb\u0101 no fosil\u0101 kurin\u0101m\u0101 \u2013 naftas, dabasg\u0101zes un akme\u0146ogl\u0113m \u2013 atjaunojamie resursi ir atk\u0101rtoti pieejami.[\/vc_column_text][\/vc_column_inner][vc_column_inner width=&#8221;1\/12&#8243;][\/vc_column_inner][\/vc_row_inner][vc_row_inner][vc_column_inner][vc_separator][\/vc_column_inner][\/vc_row_inner][vc_row_inner content_placement=&#8221;top&#8221;][vc_column_inner width=&#8221;2\/12&#8243;][\/vc_column_inner][vc_column_inner width=&#8221;10\/12&#8243;][vc_column_text] Samazin\u0101ta negat\u012bv\u0101 ietekme uz klimatu Atjaunojamie energoresursi samazina negat\u012bvo ietekmi uz klimatu: aizvietojot fosilo kurin\u0101mo; neitraliz\u0113jot CO2 izme\u0161us \u2013 sadedzin\u0101\u0161anas<\/p>\n","protected":false},"author":2,"featured_media":0,"parent":6775,"menu_order":508,"comment_status":"closed","ping_status":"closed","template":"","meta":{"_acf_changed":false,"inline_featured_image":false,"footnotes":""},"class_list":["post-6766","page","type-page","status-publish","hentry"],"acf":[],"yoast_head":"<!-- This site is optimized with the Yoast SEO plugin v27.3 - https:\/\/yoast.com\/product\/yoast-seo-wordpress\/ -->\n<title>\u0100traudz\u012bgo k\u0101rklu plant\u0101cijas - Klasmann-Deilmann<\/title>\n<meta name=\"robots\" content=\"index, follow, max-snippet:-1, max-image-preview:large, max-video-preview:-1\" \/>\n<link rel=\"canonical\" href=\"https:\/\/klasmann-deilmann.com\/lv\/bioenergy\/atraudzigo-karklu-plantacijas\/\" \/>\n<meta property=\"og:locale\" content=\"lv_LV\" \/>\n<meta property=\"og:type\" content=\"article\" \/>\n<meta property=\"og:title\" content=\"\u0100traudz\u012bgo k\u0101rklu plant\u0101cijas - Klasmann-Deilmann\" \/>\n<meta property=\"og:description\" content=\"[vc_row][vc_column][kd_header_random_image_banner image=&#8221;14666,14657,14648&#8243; header_text=&#8221;\u201cKurin\u0101m\u0101s \u0161\u0137eldas ra\u017eo\u0161ana un tirdzniec\u012bba\u201d&#8221;][vc_row_inner][vc_column_inner width=&#8221;1\/12&#8243;][\/vc_column_inner][vc_column_inner width=&#8221;10\/12&#8243;][vc_column_text] Atjaunojamie un fosilie energoresursi Lai veicin\u0101tu ilgtsp\u0113j\u012bgu ener\u0123ijas avotu izmanto\u0161anu n\u0101kotn\u0113, ir j\u0101palielina atjaun\u012bgo energoresursu \u012bpatsvars prim\u0101r\u0101s ener\u0123ijas bilanc\u0113. Koksne ie\u0146em arvien noz\u012bm\u012bg\u0101ku lomu p\u0101rej\u0101 no fosilajiem uz videi draudz\u012bgiem ener\u0123ijas avotiem. At\u0161\u0137ir\u012bb\u0101 no fosil\u0101 kurin\u0101m\u0101 \u2013 naftas, dabasg\u0101zes un akme\u0146ogl\u0113m \u2013 atjaunojamie resursi ir atk\u0101rtoti pieejami.[\/vc_column_text][\/vc_column_inner][vc_column_inner width=&#8221;1\/12&#8243;][\/vc_column_inner][\/vc_row_inner][vc_row_inner][vc_column_inner][vc_separator][\/vc_column_inner][\/vc_row_inner][vc_row_inner content_placement=&#8221;top&#8221;][vc_column_inner width=&#8221;2\/12&#8243;][\/vc_column_inner][vc_column_inner width=&#8221;10\/12&#8243;][vc_column_text] Samazin\u0101ta negat\u012bv\u0101 ietekme uz klimatu Atjaunojamie energoresursi samazina negat\u012bvo ietekmi uz klimatu: aizvietojot fosilo kurin\u0101mo; neitraliz\u0113jot CO2 izme\u0161us \u2013 sadedzin\u0101\u0161anas\" \/>\n<meta property=\"og:url\" content=\"https:\/\/klasmann-deilmann.com\/lv\/bioenergy\/atraudzigo-karklu-plantacijas\/\" \/>\n<meta property=\"og:site_name\" content=\"Klasmann-Deilmann\" \/>\n<meta property=\"article:modified_time\" content=\"2021-12-14T14:42:43+00:00\" \/>\n<meta name=\"twitter:card\" content=\"summary_large_image\" \/>\n<meta name=\"twitter:label1\" content=\"Est. reading time\" \/>\n\t<meta name=\"twitter:data1\" content=\"3 minutes\" \/>\n<script type=\"application\/ld+json\" class=\"yoast-schema-graph\">{\"@context\":\"https:\\\/\\\/schema.org\",\"@graph\":[{\"@type\":\"WebPage\",\"@id\":\"https:\\\/\\\/klasmann-deilmann.com\\\/lv\\\/bioenergy\\\/atraudzigo-karklu-plantacijas\\\/\",\"url\":\"https:\\\/\\\/klasmann-deilmann.com\\\/lv\\\/bioenergy\\\/atraudzigo-karklu-plantacijas\\\/\",\"name\":\"\u0100traudz\u012bgo k\u0101rklu plant\u0101cijas - Klasmann-Deilmann\",\"isPartOf\":{\"@id\":\"https:\\\/\\\/klasmann-deilmann.com\\\/en\\\/#website\"},\"datePublished\":\"2018-05-30T07:04:09+00:00\",\"dateModified\":\"2021-12-14T14:42:43+00:00\",\"breadcrumb\":{\"@id\":\"https:\\\/\\\/klasmann-deilmann.com\\\/lv\\\/bioenergy\\\/atraudzigo-karklu-plantacijas\\\/#breadcrumb\"},\"inLanguage\":\"lv-LV\",\"potentialAction\":[{\"@type\":\"ReadAction\",\"target\":[\"https:\\\/\\\/klasmann-deilmann.com\\\/lv\\\/bioenergy\\\/atraudzigo-karklu-plantacijas\\\/\"]}]},{\"@type\":\"BreadcrumbList\",\"@id\":\"https:\\\/\\\/klasmann-deilmann.com\\\/lv\\\/bioenergy\\\/atraudzigo-karklu-plantacijas\\\/#breadcrumb\",\"itemListElement\":[{\"@type\":\"ListItem\",\"position\":1,\"name\":\"Home\",\"item\":\"https:\\\/\\\/klasmann-deilmann.com\\\/lv\\\/home-2-2\\\/\"},{\"@type\":\"ListItem\",\"position\":2,\"name\":\"BIOENERGY\",\"item\":\"https:\\\/\\\/klasmann-deilmann.com\\\/lv\\\/bioenergy\\\/\"},{\"@type\":\"ListItem\",\"position\":3,\"name\":\"\u0100traudz\u012bgo k\u0101rklu plant\u0101cijas\"}]},{\"@type\":\"WebSite\",\"@id\":\"https:\\\/\\\/klasmann-deilmann.com\\\/en\\\/#website\",\"url\":\"https:\\\/\\\/klasmann-deilmann.com\\\/en\\\/\",\"name\":\"Klasmann-Deilmann\",\"description\":\"\",\"potentialAction\":[{\"@type\":\"SearchAction\",\"target\":{\"@type\":\"EntryPoint\",\"urlTemplate\":\"https:\\\/\\\/klasmann-deilmann.com\\\/en\\\/?s={search_term_string}\"},\"query-input\":{\"@type\":\"PropertyValueSpecification\",\"valueRequired\":true,\"valueName\":\"search_term_string\"}}],\"inLanguage\":\"lv-LV\"}]}<\/script>\n<!-- \/ Yoast SEO plugin. -->","yoast_head_json":{"title":"\u0100traudz\u012bgo k\u0101rklu plant\u0101cijas - Klasmann-Deilmann","robots":{"index":"index","follow":"follow","max-snippet":"max-snippet:-1","max-image-preview":"max-image-preview:large","max-video-preview":"max-video-preview:-1"},"canonical":"https:\/\/klasmann-deilmann.com\/lv\/bioenergy\/atraudzigo-karklu-plantacijas\/","og_locale":"lv_LV","og_type":"article","og_title":"\u0100traudz\u012bgo k\u0101rklu plant\u0101cijas - Klasmann-Deilmann","og_description":"[vc_row][vc_column][kd_header_random_image_banner image=&#8221;14666,14657,14648&#8243; header_text=&#8221;\u201cKurin\u0101m\u0101s \u0161\u0137eldas ra\u017eo\u0161ana un tirdzniec\u012bba\u201d&#8221;][vc_row_inner][vc_column_inner width=&#8221;1\/12&#8243;][\/vc_column_inner][vc_column_inner width=&#8221;10\/12&#8243;][vc_column_text] Atjaunojamie un fosilie energoresursi Lai veicin\u0101tu ilgtsp\u0113j\u012bgu ener\u0123ijas avotu izmanto\u0161anu n\u0101kotn\u0113, ir j\u0101palielina atjaun\u012bgo energoresursu \u012bpatsvars prim\u0101r\u0101s ener\u0123ijas bilanc\u0113. Koksne ie\u0146em arvien noz\u012bm\u012bg\u0101ku lomu p\u0101rej\u0101 no fosilajiem uz videi draudz\u012bgiem ener\u0123ijas avotiem. At\u0161\u0137ir\u012bb\u0101 no fosil\u0101 kurin\u0101m\u0101 \u2013 naftas, dabasg\u0101zes un akme\u0146ogl\u0113m \u2013 atjaunojamie resursi ir atk\u0101rtoti pieejami.[\/vc_column_text][\/vc_column_inner][vc_column_inner width=&#8221;1\/12&#8243;][\/vc_column_inner][\/vc_row_inner][vc_row_inner][vc_column_inner][vc_separator][\/vc_column_inner][\/vc_row_inner][vc_row_inner content_placement=&#8221;top&#8221;][vc_column_inner width=&#8221;2\/12&#8243;][\/vc_column_inner][vc_column_inner width=&#8221;10\/12&#8243;][vc_column_text] Samazin\u0101ta negat\u012bv\u0101 ietekme uz klimatu Atjaunojamie energoresursi samazina negat\u012bvo ietekmi uz klimatu: aizvietojot fosilo kurin\u0101mo; neitraliz\u0113jot CO2 izme\u0161us \u2013 sadedzin\u0101\u0161anas","og_url":"https:\/\/klasmann-deilmann.com\/lv\/bioenergy\/atraudzigo-karklu-plantacijas\/","og_site_name":"Klasmann-Deilmann","article_modified_time":"2021-12-14T14:42:43+00:00","twitter_card":"summary_large_image","twitter_misc":{"Est. reading time":"3 minutes"},"schema":{"@context":"https:\/\/schema.org","@graph":[{"@type":"WebPage","@id":"https:\/\/klasmann-deilmann.com\/lv\/bioenergy\/atraudzigo-karklu-plantacijas\/","url":"https:\/\/klasmann-deilmann.com\/lv\/bioenergy\/atraudzigo-karklu-plantacijas\/","name":"\u0100traudz\u012bgo k\u0101rklu plant\u0101cijas - Klasmann-Deilmann","isPartOf":{"@id":"https:\/\/klasmann-deilmann.com\/en\/#website"},"datePublished":"2018-05-30T07:04:09+00:00","dateModified":"2021-12-14T14:42:43+00:00","breadcrumb":{"@id":"https:\/\/klasmann-deilmann.com\/lv\/bioenergy\/atraudzigo-karklu-plantacijas\/#breadcrumb"},"inLanguage":"lv-LV","potentialAction":[{"@type":"ReadAction","target":["https:\/\/klasmann-deilmann.com\/lv\/bioenergy\/atraudzigo-karklu-plantacijas\/"]}]},{"@type":"BreadcrumbList","@id":"https:\/\/klasmann-deilmann.com\/lv\/bioenergy\/atraudzigo-karklu-plantacijas\/#breadcrumb","itemListElement":[{"@type":"ListItem","position":1,"name":"Home","item":"https:\/\/klasmann-deilmann.com\/lv\/home-2-2\/"},{"@type":"ListItem","position":2,"name":"BIOENERGY","item":"https:\/\/klasmann-deilmann.com\/lv\/bioenergy\/"},{"@type":"ListItem","position":3,"name":"\u0100traudz\u012bgo k\u0101rklu plant\u0101cijas"}]},{"@type":"WebSite","@id":"https:\/\/klasmann-deilmann.com\/en\/#website","url":"https:\/\/klasmann-deilmann.com\/en\/","name":"Klasmann-Deilmann","description":"","potentialAction":[{"@type":"SearchAction","target":{"@type":"EntryPoint","urlTemplate":"https:\/\/klasmann-deilmann.com\/en\/?s={search_term_string}"},"query-input":{"@type":"PropertyValueSpecification","valueRequired":true,"valueName":"search_term_string"}}],"inLanguage":"lv-LV"}]}},"_links":{"self":[{"href":"https:\/\/klasmann-deilmann.com\/lv\/wp-json\/wp\/v2\/pages\/6766","targetHints":{"allow":["GET"]}}],"collection":[{"href":"https:\/\/klasmann-deilmann.com\/lv\/wp-json\/wp\/v2\/pages"}],"about":[{"href":"https:\/\/klasmann-deilmann.com\/lv\/wp-json\/wp\/v2\/types\/page"}],"author":[{"embeddable":true,"href":"https:\/\/klasmann-deilmann.com\/lv\/wp-json\/wp\/v2\/users\/2"}],"replies":[{"embeddable":true,"href":"https:\/\/klasmann-deilmann.com\/lv\/wp-json\/wp\/v2\/comments?post=6766"}],"version-history":[{"count":5,"href":"https:\/\/klasmann-deilmann.com\/lv\/wp-json\/wp\/v2\/pages\/6766\/revisions"}],"predecessor-version":[{"id":14677,"href":"https:\/\/klasmann-deilmann.com\/lv\/wp-json\/wp\/v2\/pages\/6766\/revisions\/14677"}],"up":[{"embeddable":true,"href":"https:\/\/klasmann-deilmann.com\/lv\/wp-json\/wp\/v2\/pages\/6775"}],"wp:attachment":[{"href":"https:\/\/klasmann-deilmann.com\/lv\/wp-json\/wp\/v2\/media?parent=6766"}],"curies":[{"name":"wp","href":"https:\/\/api.w.org\/{rel}","templated":true}]}}