{"id":6762,"date":"2018-05-30T08:57:22","date_gmt":"2018-05-30T06:57:22","guid":{"rendered":"\/\/klasmann-deilmann.com\/?page_id=6762"},"modified":"2021-12-14T15:42:26","modified_gmt":"2021-12-14T14:42:26","slug":"pakalpojumi","status":"publish","type":"page","link":"https:\/\/klasmann-deilmann.com\/lv\/bioenergy\/pakalpojumi\/","title":{"rendered":"Pakalpojumi"},"content":{"rendered":"<div class=\"wpb-content-wrapper\">\n<p>[vc_row][vc_column][kd_header_random_image_banner image=&#8221;14666,14657,14648&#8243; header_text=&#8221;\u201cKurin\u0101m\u0101s \u0161\u0137eldas ra\u017eo\u0161ana un tirdzniec\u012bba\u201d&#8221;][vc_row_inner][vc_column_inner width=&#8221;1\/12&#8243;][\/vc_column_inner][vc_column_inner width=&#8221;10\/12&#8243;][vc_column_text]<\/p>\n<h1>Pakalpojumi<\/h1>\n<p>Klasmann-Deilmann Bioenergy specializ\u0113jas biomasas ra\u017eo\u0161an\u0101 un tirdzniec\u012bb\u0101, kokmateri\u0101lu tirdzniec\u012bb\u0101 un me\u017esaimniec\u012bbas pakalpojumu snieg\u0161an\u0101.[\/vc_column_text][\/vc_column_inner][vc_column_inner width=&#8221;1\/12&#8243;][\/vc_column_inner][\/vc_row_inner][vc_row_inner][vc_column_inner][vc_separator][\/vc_column_inner][\/vc_row_inner][vc_row_inner][vc_column_inner width=&#8221;1\/2&#8243;][vc_column_text]<img loading=\"lazy\" decoding=\"async\" class=\"alignnone wp-image-5833\" src=\"\/\/klasmann-deilmann.com\/wp-content\/uploads\/k-bioenergy_woodchips.png\" alt=\"\" width=\"264\" height=\"66\" \/><\/p>\n<p>\u0160\u0137elda tiek ra\u017eota, \u0161\u0137eldojot zarus, me\u017esaimniec\u012bbas vai kokr\u016bpniec\u012bbas atlikumus. Atkar\u012bb\u0101 no kvalit\u0101tes, tos izmanto ener\u0123ijas un siltuma vai celulozes ra\u017eo\u0161anai.<\/p>\n<p>Klasmann-Deilmann Bioenergy ra\u017eo un p\u0101rdod augstas kvalit\u0101tes \u0161\u0137eldu, kas ieg\u016bta no da\u017e\u0101d\u0101m koku sug\u0101m. Tehnisk\u0101 specifik\u0101cija:<\/p>\n<ul>\n<li>Mitrums: 35% &#8211; 60%<\/li>\n<li>Pelni: 1% &#8211; 2%;<\/li>\n<li>Svars: 300 kg &#8211; 450 kg\/m<sup>3<\/sup><\/li>\n<li>Ener\u0123\u0113tisk\u0101 v\u0113rt\u012bba: l\u012bdz 2,2 MWh\/t jeb 7,92 GJ\/t.<\/li>\n<\/ul>\n<p>Klasmann-Deilmann Bioenergy nodro\u0161ina kvalitat\u012bvus lo\u0123istikas pakalpojumus un veic pieg\u0101des atbilsto\u0161i klienta pras\u012bb\u0101m.[\/vc_column_text][\/vc_column_inner][vc_column_inner width=&#8221;1\/2&#8243;][vc_column_text]<img loading=\"lazy\" decoding=\"async\" width=\"1200\" height=\"940\" class=\"alignnone size-full wp-image-5819\" src=\"\/\/klasmann-deilmann.com\/wp-content\/uploads\/Leistungen_01.jpg\" alt=\"\" srcset=\"https:\/\/klasmann-deilmann.com\/wp-content\/uploads\/Leistungen_01.jpg 1200w, https:\/\/klasmann-deilmann.com\/wp-content\/uploads\/Leistungen_01-300x235.jpg 300w, https:\/\/klasmann-deilmann.com\/wp-content\/uploads\/Leistungen_01-768x602.jpg 768w, https:\/\/klasmann-deilmann.com\/wp-content\/uploads\/Leistungen_01-1024x802.jpg 1024w, https:\/\/klasmann-deilmann.com\/wp-content\/uploads\/Leistungen_01-600x470.jpg 600w, https:\/\/klasmann-deilmann.com\/wp-content\/uploads\/Leistungen_01-125x98.jpg 125w\" sizes=\"auto, (max-width: 1200px) 100vw, 1200px\" \/>[\/vc_column_text][\/vc_column_inner][\/vc_row_inner][vc_separator style=&#8221;dotted&#8221;][vc_row_inner][vc_column_inner width=&#8221;1\/2&#8243;][vc_column_text]<\/p>\n<h4><strong>Skaida<\/strong><\/h4>\n<p>M\u016bsu produktu kl\u0101st\u0101 ietilpst ar\u012b z\u0101\u0123skaidas, kas piem\u0113rotas granulu, celulozes vai brike\u0161u ra\u017eo\u0161anai. Ilgtermi\u0146a l\u012bgumi ar pieg\u0101d\u0101t\u0101jiem nodro\u0161ina past\u0101v\u012bgu resursa pieejam\u012bbu.[\/vc_column_text][\/vc_column_inner][vc_column_inner width=&#8221;1\/2&#8243;][vc_column_text]<\/p>\n<h4>Ra\u017eo\u0161ana<\/h4>\n<p>\u0160\u0137eldas ra\u017eo\u0161ana notiek uz vietas objekt\u0101, izmantojot p\u0101rvietojamus \u0161\u0137eldot\u0101jus un kravas automa\u0161\u012bnas.<\/p>\n<p>Ra\u017eo\u0161anas tehnikas sast\u0101v\u0101 ir \u010detri Volvo kravas automobi\u013ci, kas apr\u012bkoti ar Mus Max \u0161\u0137eldot\u0101jiem. Tie \u013cauj sasniegt ra\u017eo\u0161anas jaudu l\u012bdz 500 000 m\u00b3 \u0161\u0137eldas gad\u0101. Katram \u0161\u0137eldot\u0101jam piesaist\u012btas vair\u0101kas transporta tehnikas vien\u012bbas, t\u0101d\u0113j\u0101di nodro\u0161inot nep\u0101rtrauktu un efekt\u012bvu ra\u017eo\u0161anas procesu.<\/p>\n<p>Esam ier\u012bkoju\u0161i gatav\u0101s produkcijas uzglab\u0101\u0161anas laukumus no lo\u0123istikas viedok\u013ca izdev\u012bg\u0101s viet\u0101s, no kur\u0101m, s\u0101koties apkures sezonai, veicam pieg\u0101des.[\/vc_column_text][\/vc_column_inner][\/vc_row_inner][vc_row_inner][vc_column_inner][vc_separator][\/vc_column_inner][\/vc_row_inner][vc_row_inner][vc_column_inner width=&#8221;1\/2&#8243;][vc_column_text]<img loading=\"lazy\" decoding=\"async\" class=\"alignnone wp-image-5835\" src=\"\/\/klasmann-deilmann.com\/wp-content\/uploads\/k-bioenergy_woodtrading.png\" alt=\"\" width=\"296\" height=\"66\" \/><br \/>\nKlasmann-Deilmann Bioenergy SIA papla\u0161ina savu darb\u012bbas sf\u0113ru, iesaistoties apa\u013ckoku tirdzniec\u012bb\u0101. Jau \u0161obr\u012bd sadarbojamies ar partneriem \u0101rpus Baltijas. M\u016bsu klienti atzin\u012bgi nov\u0113rt\u0113 sniegtos pakalpojumus, k\u0101 ar\u012b individ\u0101lo pieeju.[\/vc_column_text][\/vc_column_inner][vc_column_inner width=&#8221;1\/2&#8243;][vc_column_text]<img loading=\"lazy\" decoding=\"async\" width=\"1200\" height=\"630\" class=\"alignnone size-full wp-image-5820\" src=\"\/\/klasmann-deilmann.com\/wp-content\/uploads\/Leistungen_02.jpg\" alt=\"\" srcset=\"https:\/\/klasmann-deilmann.com\/wp-content\/uploads\/Leistungen_02.jpg 1200w, https:\/\/klasmann-deilmann.com\/wp-content\/uploads\/Leistungen_02-300x158.jpg 300w, https:\/\/klasmann-deilmann.com\/wp-content\/uploads\/Leistungen_02-768x403.jpg 768w, https:\/\/klasmann-deilmann.com\/wp-content\/uploads\/Leistungen_02-1024x538.jpg 1024w, https:\/\/klasmann-deilmann.com\/wp-content\/uploads\/Leistungen_02-600x315.jpg 600w, https:\/\/klasmann-deilmann.com\/wp-content\/uploads\/Leistungen_02-125x66.jpg 125w\" sizes=\"auto, (max-width: 1200px) 100vw, 1200px\" \/>[\/vc_column_text][\/vc_column_inner][\/vc_row_inner][vc_row_inner][vc_column_inner][vc_separator][\/vc_column_inner][\/vc_row_inner][vc_row_inner content_placement=&#8221;top&#8221;][vc_column_inner width=&#8221;1\/2&#8243;][vc_column_text]<strong><img loading=\"lazy\" decoding=\"async\" class=\"alignnone wp-image-5924\" src=\"\/\/klasmann-deilmann.com\/wp-content\/uploads\/k-bioenergy_woodservice.png\" alt=\"\" width=\"283\" height=\"66\" \/><\/strong><\/p>\n<h4><strong>Me\u017eu apsaimnieko\u0161ana<\/strong><\/h4>\n<p>Latvij\u0101 un Lietuv\u0101 Klasmann-Deilmann ir viens no pionieriem me\u017ea apsaimnieko\u0161anas pakalpojumu snieg\u0161an\u0101 atbilsto\u0161i close-to-nature metodei. \u0160ai metodei sal\u012bdzinot ar tradicion\u0101laj\u0101m ir sekojo\u0161as priek\u0161oc\u012bbas:<\/p>\n<ul>\n<li>Individu\u0101lu koku nov\u0113rt\u0113\u0161ana un apsaimnieko\u0161ana atbilsto\u0161i audzes apst\u0101k\u013ciem;<\/li>\n<li>Tiek uzlabota kokmateri\u0101la kvalit\u0101te;<\/li>\n<li>Netiek veiktas kailcirtes;<\/li>\n<li>Palielin\u0101ti realiz\u0101cijas ie\u0146\u0113mumi;<\/li>\n<li>Samazin\u0101tas \u012bpa\u0161uma apsaimnieko\u0161anas izmaksas.<\/li>\n<\/ul>\n<p>[\/vc_column_text][\/vc_column_inner][vc_column_inner width=&#8221;1\/2&#8243;][vc_column_text]<img loading=\"lazy\" decoding=\"async\" width=\"1200\" height=\"940\" class=\"alignnone size-full wp-image-5821\" src=\"\/\/klasmann-deilmann.com\/wp-content\/uploads\/Leistungen_03.jpg\" alt=\"\" srcset=\"https:\/\/klasmann-deilmann.com\/wp-content\/uploads\/Leistungen_03.jpg 1200w, https:\/\/klasmann-deilmann.com\/wp-content\/uploads\/Leistungen_03-300x235.jpg 300w, https:\/\/klasmann-deilmann.com\/wp-content\/uploads\/Leistungen_03-768x602.jpg 768w, https:\/\/klasmann-deilmann.com\/wp-content\/uploads\/Leistungen_03-1024x802.jpg 1024w, https:\/\/klasmann-deilmann.com\/wp-content\/uploads\/Leistungen_03-600x470.jpg 600w, https:\/\/klasmann-deilmann.com\/wp-content\/uploads\/Leistungen_03-125x98.jpg 125w\" sizes=\"auto, (max-width: 1200px) 100vw, 1200px\" \/>[\/vc_column_text][\/vc_column_inner][\/vc_row_inner][vc_separator style=&#8221;dotted&#8221;][vc_row_inner][vc_column_inner width=&#8221;1\/2&#8243;][vc_column_text]<\/p>\n<h4>M\u016bsu pied\u0101v\u0101tie me\u017ea apsaimnieko\u0161anas pakalpojumi ietver:<\/h4>\n<ul>\n<li>Me\u017eaudzes ilgtermi\u0146a apsaimnieko\u0161anas strat\u0113\u0123ijas izstr\u0101di<\/li>\n<li>Visaptvero\u0161u izmaksu un ieguvumu anal\u012bzi;<\/li>\n<li>Koksnes produktu realiz\u0101ciju.<\/li>\n<\/ul>\n<p>Praktiski veicam cirsmu pl\u0101no\u0161anu, cirsmas robe\u017eu iez\u012bm\u0113\u0161anu, cir\u0161anas at\u013cauju sa\u0146em\u0161anu, me\u017ea infrastrukt\u016bras pl\u0101no\u0161anu k\u0101 ar\u012b citus pakalpojumus.[\/vc_column_text][\/vc_column_inner][vc_column_inner width=&#8221;1\/2&#8243;][vc_column_text]<\/p>\n<h4><strong>Aizaugu\u0161u plat\u012bbu apsaimnieko\u0161ana<\/strong><\/h4>\n<p>Augstas kvalit\u0101tes ener\u0123\u0113tisk\u0101 koksne tiek ieg\u016bta no aizaugu\u0161\u0101m lauksaimniec\u012bbas zem\u0113m, gr\u0101vjiem un uzb\u0113rumiem. Tie\u0161i t\u0101d\u0113\u013c m\u0113s pied\u0101v\u0101jam aizaugu\u0161u plat\u012bbu att\u012br\u012b\u0161anas pakalpojumus lauksaimniekiem, viet\u0113j\u0101m pa\u0161vald\u012bb\u0101m, me\u017eu \u012bpa\u0161niekiem, k\u0101 ar\u012b citiem klientiem. Ar\u012b \u0161aj\u0101 sf\u0113r\u0101 izmantojam m\u016bsu ilggad\u0113jo pieredzi un apr\u012bkojumu, kas nodro\u0161ina maksim\u0101lu klientu apmierin\u0101t\u012bbu.<\/p>\n<h4><strong>\u0160\u0137eldo\u0161anas pakalpojumi<\/strong><\/h4>\n<p>Klasmann-Deilmann Bioenergy pied\u0101v\u0101 pilnu koksnes \u0161\u0137eldo\u0161anas pakalpojumu kl\u0101stu. Skaidri nosac\u012bjumi, m\u016bsdien\u012bgas iek\u0101rtas un pieredz\u0113ju\u0161i operatori sniegs jums augst\u0101k\u0101s kvalit\u0101tes pakalpojumu.[\/vc_column_text][\/vc_column_inner][\/vc_row_inner][\/vc_column][\/vc_row]<\/p>\n<\/div>\n","protected":false},"excerpt":{"rendered":"<p>[vc_row][vc_column][kd_header_random_image_banner image=&#8221;14666,14657,14648&#8243; header_text=&#8221;\u201cKurin\u0101m\u0101s \u0161\u0137eldas ra\u017eo\u0161ana un tirdzniec\u012bba\u201d&#8221;][vc_row_inner][vc_column_inner width=&#8221;1\/12&#8243;][\/vc_column_inner][vc_column_inner width=&#8221;10\/12&#8243;][vc_column_text] Pakalpojumi Klasmann-Deilmann Bioenergy specializ\u0113jas biomasas ra\u017eo\u0161an\u0101 un tirdzniec\u012bb\u0101, kokmateri\u0101lu tirdzniec\u012bb\u0101 un me\u017esaimniec\u012bbas pakalpojumu snieg\u0161an\u0101.[\/vc_column_text][\/vc_column_inner][vc_column_inner width=&#8221;1\/12&#8243;][\/vc_column_inner][\/vc_row_inner][vc_row_inner][vc_column_inner][vc_separator][\/vc_column_inner][\/vc_row_inner][vc_row_inner][vc_column_inner width=&#8221;1\/2&#8243;][vc_column_text] \u0160\u0137elda tiek ra\u017eota, \u0161\u0137eldojot zarus, me\u017esaimniec\u012bbas vai kokr\u016bpniec\u012bbas atlikumus. Atkar\u012bb\u0101 no kvalit\u0101tes, tos izmanto ener\u0123ijas un siltuma vai celulozes ra\u017eo\u0161anai. Klasmann-Deilmann Bioenergy ra\u017eo un p\u0101rdod augstas kvalit\u0101tes \u0161\u0137eldu, kas ieg\u016bta no da\u017e\u0101d\u0101m koku sug\u0101m. Tehnisk\u0101 specifik\u0101cija: Mitrums: 35% &#8211; 60% Pelni: 1% &#8211; 2%; Svars: 300 kg &#8211; 450 kg\/m3 Ener\u0123\u0113tisk\u0101 v\u0113rt\u012bba: l\u012bdz 2,2 MWh\/t<\/p>\n","protected":false},"author":2,"featured_media":0,"parent":6775,"menu_order":507,"comment_status":"closed","ping_status":"closed","template":"","meta":{"_acf_changed":false,"inline_featured_image":false,"footnotes":""},"class_list":["post-6762","page","type-page","status-publish","hentry"],"acf":[],"yoast_head":"<!-- This site is optimized with the Yoast SEO plugin v27.3 - https:\/\/yoast.com\/product\/yoast-seo-wordpress\/ -->\n<title>Pakalpojumi - Klasmann-Deilmann<\/title>\n<meta name=\"robots\" content=\"index, follow, max-snippet:-1, max-image-preview:large, max-video-preview:-1\" \/>\n<link rel=\"canonical\" href=\"https:\/\/klasmann-deilmann.com\/lv\/bioenergy\/pakalpojumi\/\" \/>\n<meta property=\"og:locale\" content=\"lv_LV\" \/>\n<meta property=\"og:type\" content=\"article\" \/>\n<meta property=\"og:title\" content=\"Pakalpojumi - Klasmann-Deilmann\" \/>\n<meta property=\"og:description\" content=\"[vc_row][vc_column][kd_header_random_image_banner image=&#8221;14666,14657,14648&#8243; header_text=&#8221;\u201cKurin\u0101m\u0101s \u0161\u0137eldas ra\u017eo\u0161ana un tirdzniec\u012bba\u201d&#8221;][vc_row_inner][vc_column_inner width=&#8221;1\/12&#8243;][\/vc_column_inner][vc_column_inner width=&#8221;10\/12&#8243;][vc_column_text] Pakalpojumi Klasmann-Deilmann Bioenergy specializ\u0113jas biomasas ra\u017eo\u0161an\u0101 un tirdzniec\u012bb\u0101, kokmateri\u0101lu tirdzniec\u012bb\u0101 un me\u017esaimniec\u012bbas pakalpojumu snieg\u0161an\u0101.[\/vc_column_text][\/vc_column_inner][vc_column_inner width=&#8221;1\/12&#8243;][\/vc_column_inner][\/vc_row_inner][vc_row_inner][vc_column_inner][vc_separator][\/vc_column_inner][\/vc_row_inner][vc_row_inner][vc_column_inner width=&#8221;1\/2&#8243;][vc_column_text] \u0160\u0137elda tiek ra\u017eota, \u0161\u0137eldojot zarus, me\u017esaimniec\u012bbas vai kokr\u016bpniec\u012bbas atlikumus. Atkar\u012bb\u0101 no kvalit\u0101tes, tos izmanto ener\u0123ijas un siltuma vai celulozes ra\u017eo\u0161anai. Klasmann-Deilmann Bioenergy ra\u017eo un p\u0101rdod augstas kvalit\u0101tes \u0161\u0137eldu, kas ieg\u016bta no da\u017e\u0101d\u0101m koku sug\u0101m. Tehnisk\u0101 specifik\u0101cija: Mitrums: 35% &#8211; 60% Pelni: 1% &#8211; 2%; Svars: 300 kg &#8211; 450 kg\/m3 Ener\u0123\u0113tisk\u0101 v\u0113rt\u012bba: l\u012bdz 2,2 MWh\/t\" \/>\n<meta property=\"og:url\" content=\"https:\/\/klasmann-deilmann.com\/lv\/bioenergy\/pakalpojumi\/\" \/>\n<meta property=\"og:site_name\" content=\"Klasmann-Deilmann\" \/>\n<meta property=\"article:modified_time\" content=\"2021-12-14T14:42:26+00:00\" \/>\n<meta property=\"og:image\" content=\"\/\/klasmann-deilmann.com\/wp-content\/uploads\/k-bioenergy_woodchips.png\" \/>\n<meta name=\"twitter:card\" content=\"summary_large_image\" \/>\n<meta name=\"twitter:label1\" content=\"Est. reading time\" \/>\n\t<meta name=\"twitter:data1\" content=\"4 minutes\" \/>\n<script type=\"application\/ld+json\" class=\"yoast-schema-graph\">{\"@context\":\"https:\\\/\\\/schema.org\",\"@graph\":[{\"@type\":\"WebPage\",\"@id\":\"https:\\\/\\\/klasmann-deilmann.com\\\/lv\\\/bioenergy\\\/pakalpojumi\\\/\",\"url\":\"https:\\\/\\\/klasmann-deilmann.com\\\/lv\\\/bioenergy\\\/pakalpojumi\\\/\",\"name\":\"Pakalpojumi - Klasmann-Deilmann\",\"isPartOf\":{\"@id\":\"https:\\\/\\\/klasmann-deilmann.com\\\/en\\\/#website\"},\"datePublished\":\"2018-05-30T06:57:22+00:00\",\"dateModified\":\"2021-12-14T14:42:26+00:00\",\"breadcrumb\":{\"@id\":\"https:\\\/\\\/klasmann-deilmann.com\\\/lv\\\/bioenergy\\\/pakalpojumi\\\/#breadcrumb\"},\"inLanguage\":\"lv-LV\",\"potentialAction\":[{\"@type\":\"ReadAction\",\"target\":[\"https:\\\/\\\/klasmann-deilmann.com\\\/lv\\\/bioenergy\\\/pakalpojumi\\\/\"]}]},{\"@type\":\"BreadcrumbList\",\"@id\":\"https:\\\/\\\/klasmann-deilmann.com\\\/lv\\\/bioenergy\\\/pakalpojumi\\\/#breadcrumb\",\"itemListElement\":[{\"@type\":\"ListItem\",\"position\":1,\"name\":\"Home\",\"item\":\"https:\\\/\\\/klasmann-deilmann.com\\\/lv\\\/home-2-2\\\/\"},{\"@type\":\"ListItem\",\"position\":2,\"name\":\"BIOENERGY\",\"item\":\"https:\\\/\\\/klasmann-deilmann.com\\\/lv\\\/bioenergy\\\/\"},{\"@type\":\"ListItem\",\"position\":3,\"name\":\"Pakalpojumi\"}]},{\"@type\":\"WebSite\",\"@id\":\"https:\\\/\\\/klasmann-deilmann.com\\\/en\\\/#website\",\"url\":\"https:\\\/\\\/klasmann-deilmann.com\\\/en\\\/\",\"name\":\"Klasmann-Deilmann\",\"description\":\"\",\"potentialAction\":[{\"@type\":\"SearchAction\",\"target\":{\"@type\":\"EntryPoint\",\"urlTemplate\":\"https:\\\/\\\/klasmann-deilmann.com\\\/en\\\/?s={search_term_string}\"},\"query-input\":{\"@type\":\"PropertyValueSpecification\",\"valueRequired\":true,\"valueName\":\"search_term_string\"}}],\"inLanguage\":\"lv-LV\"}]}<\/script>\n<!-- \/ Yoast SEO plugin. -->","yoast_head_json":{"title":"Pakalpojumi - Klasmann-Deilmann","robots":{"index":"index","follow":"follow","max-snippet":"max-snippet:-1","max-image-preview":"max-image-preview:large","max-video-preview":"max-video-preview:-1"},"canonical":"https:\/\/klasmann-deilmann.com\/lv\/bioenergy\/pakalpojumi\/","og_locale":"lv_LV","og_type":"article","og_title":"Pakalpojumi - Klasmann-Deilmann","og_description":"[vc_row][vc_column][kd_header_random_image_banner image=&#8221;14666,14657,14648&#8243; header_text=&#8221;\u201cKurin\u0101m\u0101s \u0161\u0137eldas ra\u017eo\u0161ana un tirdzniec\u012bba\u201d&#8221;][vc_row_inner][vc_column_inner width=&#8221;1\/12&#8243;][\/vc_column_inner][vc_column_inner width=&#8221;10\/12&#8243;][vc_column_text] Pakalpojumi Klasmann-Deilmann Bioenergy specializ\u0113jas biomasas ra\u017eo\u0161an\u0101 un tirdzniec\u012bb\u0101, kokmateri\u0101lu tirdzniec\u012bb\u0101 un me\u017esaimniec\u012bbas pakalpojumu snieg\u0161an\u0101.[\/vc_column_text][\/vc_column_inner][vc_column_inner width=&#8221;1\/12&#8243;][\/vc_column_inner][\/vc_row_inner][vc_row_inner][vc_column_inner][vc_separator][\/vc_column_inner][\/vc_row_inner][vc_row_inner][vc_column_inner width=&#8221;1\/2&#8243;][vc_column_text] \u0160\u0137elda tiek ra\u017eota, \u0161\u0137eldojot zarus, me\u017esaimniec\u012bbas vai kokr\u016bpniec\u012bbas atlikumus. Atkar\u012bb\u0101 no kvalit\u0101tes, tos izmanto ener\u0123ijas un siltuma vai celulozes ra\u017eo\u0161anai. Klasmann-Deilmann Bioenergy ra\u017eo un p\u0101rdod augstas kvalit\u0101tes \u0161\u0137eldu, kas ieg\u016bta no da\u017e\u0101d\u0101m koku sug\u0101m. Tehnisk\u0101 specifik\u0101cija: Mitrums: 35% &#8211; 60% Pelni: 1% &#8211; 2%; Svars: 300 kg &#8211; 450 kg\/m3 Ener\u0123\u0113tisk\u0101 v\u0113rt\u012bba: l\u012bdz 2,2 MWh\/t","og_url":"https:\/\/klasmann-deilmann.com\/lv\/bioenergy\/pakalpojumi\/","og_site_name":"Klasmann-Deilmann","article_modified_time":"2021-12-14T14:42:26+00:00","og_image":[{"url":"\/\/klasmann-deilmann.com\/wp-content\/uploads\/k-bioenergy_woodchips.png","type":"","width":"","height":""}],"twitter_card":"summary_large_image","twitter_misc":{"Est. reading time":"4 minutes"},"schema":{"@context":"https:\/\/schema.org","@graph":[{"@type":"WebPage","@id":"https:\/\/klasmann-deilmann.com\/lv\/bioenergy\/pakalpojumi\/","url":"https:\/\/klasmann-deilmann.com\/lv\/bioenergy\/pakalpojumi\/","name":"Pakalpojumi - Klasmann-Deilmann","isPartOf":{"@id":"https:\/\/klasmann-deilmann.com\/en\/#website"},"datePublished":"2018-05-30T06:57:22+00:00","dateModified":"2021-12-14T14:42:26+00:00","breadcrumb":{"@id":"https:\/\/klasmann-deilmann.com\/lv\/bioenergy\/pakalpojumi\/#breadcrumb"},"inLanguage":"lv-LV","potentialAction":[{"@type":"ReadAction","target":["https:\/\/klasmann-deilmann.com\/lv\/bioenergy\/pakalpojumi\/"]}]},{"@type":"BreadcrumbList","@id":"https:\/\/klasmann-deilmann.com\/lv\/bioenergy\/pakalpojumi\/#breadcrumb","itemListElement":[{"@type":"ListItem","position":1,"name":"Home","item":"https:\/\/klasmann-deilmann.com\/lv\/home-2-2\/"},{"@type":"ListItem","position":2,"name":"BIOENERGY","item":"https:\/\/klasmann-deilmann.com\/lv\/bioenergy\/"},{"@type":"ListItem","position":3,"name":"Pakalpojumi"}]},{"@type":"WebSite","@id":"https:\/\/klasmann-deilmann.com\/en\/#website","url":"https:\/\/klasmann-deilmann.com\/en\/","name":"Klasmann-Deilmann","description":"","potentialAction":[{"@type":"SearchAction","target":{"@type":"EntryPoint","urlTemplate":"https:\/\/klasmann-deilmann.com\/en\/?s={search_term_string}"},"query-input":{"@type":"PropertyValueSpecification","valueRequired":true,"valueName":"search_term_string"}}],"inLanguage":"lv-LV"}]}},"_links":{"self":[{"href":"https:\/\/klasmann-deilmann.com\/lv\/wp-json\/wp\/v2\/pages\/6762","targetHints":{"allow":["GET"]}}],"collection":[{"href":"https:\/\/klasmann-deilmann.com\/lv\/wp-json\/wp\/v2\/pages"}],"about":[{"href":"https:\/\/klasmann-deilmann.com\/lv\/wp-json\/wp\/v2\/types\/page"}],"author":[{"embeddable":true,"href":"https:\/\/klasmann-deilmann.com\/lv\/wp-json\/wp\/v2\/users\/2"}],"replies":[{"embeddable":true,"href":"https:\/\/klasmann-deilmann.com\/lv\/wp-json\/wp\/v2\/comments?post=6762"}],"version-history":[{"count":10,"href":"https:\/\/klasmann-deilmann.com\/lv\/wp-json\/wp\/v2\/pages\/6762\/revisions"}],"predecessor-version":[{"id":14674,"href":"https:\/\/klasmann-deilmann.com\/lv\/wp-json\/wp\/v2\/pages\/6762\/revisions\/14674"}],"up":[{"embeddable":true,"href":"https:\/\/klasmann-deilmann.com\/lv\/wp-json\/wp\/v2\/pages\/6775"}],"wp:attachment":[{"href":"https:\/\/klasmann-deilmann.com\/lv\/wp-json\/wp\/v2\/media?parent=6762"}],"curies":[{"name":"wp","href":"https:\/\/api.w.org\/{rel}","templated":true}]}}