{"id":5483,"date":"2016-09-15T10:10:00","date_gmt":"2016-09-15T08:10:00","guid":{"rendered":"\/\/klasmann-deilmann.com\/imprint\/"},"modified":"2024-10-07T10:51:19","modified_gmt":"2024-10-07T08:51:19","slug":"imprint","status":"publish","type":"page","link":"https:\/\/klasmann-deilmann.com\/lv\/imprint\/","title":{"rendered":"Imprint"},"content":{"rendered":"<div class=\"wpb-content-wrapper\">[vc_row][vc_column][kd_header_image_banner image=&#8221;340&#8243;][\/vc_column][vc_column][vc_row_inner][vc_column_inner][vc_column_text]<\/p>\n<h2>Imprint<\/h2>\n<p>[\/vc_column_text][vc_column_text css=&#8221;&#8221;]<strong>Klasmann-Deilmann GmbH<\/strong><br \/>\nGeorg-Klasmann-Stra\u00dfe 2-10<br \/>\n49744 Geeste<br \/>\nGermany<\/p>\n<p><span class=\"phoneicon kdicon-phone\">+ 49 5937 31 0<\/span><br \/>\n<span class=\"faxicon kdicon-fax\">+ 49 5937 31-279<\/span><\/p>\n<p>Please send enquiries to: <a href=\"mailto:info@klasmann-deilmann.com\">info@klasmann-deilmann.com<\/a><\/p>\n<p>Entry in the Commercial Register: HRB 120005<br \/>\nPlace of business\/register court: Osnabr\u00fcck<br \/>\nValue added tax identification number: DE 117330851<br \/>\nManaging Directors:<br \/>\nMoritz B\u00f6cking<br \/>\nDamian Ikemann<\/p>\n<p><strong>Concept &amp; Design, Realisation:<\/strong><br \/>\nExpect More Kommunikation GmbH<br \/>\nSalzbergener Stra\u00dfe 8 &#8211; 16<br \/>\n48431 Rheine<br \/>\n<a href=\"http:\/\/www.expectmore.de\">www.expectmore.de<\/a><\/p>\n<p><strong>Programming:<\/strong><\/p>\n<div class=\"contact-grab-content cf clearfix\">\n<div id=\"contactdata\">\n\t\t\tKlopmeyer \u2013 Kommunikation<br \/>Salmstra\u00dfe 19a, 46509 Xanten<br \/>Tel.: <a href=\"tel:02801\/7004731\">02801\/7004731<\/a><br \/>E-Mail: <a href=\"mailto:info@klopmeyer.de\" class=\"mailto-link\">info@klopmeyer.de<\/a><br \/>Internet: <a href=\"https:\/\/klopmeyer.de\" target=\"_blank\">klopmeyer.de<\/a>\n\t\t<\/div>\n<\/div>\n<p>&nbsp;<\/p>\n<p><strong><b class=\"b5\">Photograph sources<\/b>:<\/strong><br \/>\nArchive Klasmann-Deilmann<br \/>\nVaida Baskiene<br \/>\nRobert Dylka<br \/>\nCarsten Handke<br \/>\nKim Karotki<br \/>\nMelanie Mebius<br \/>\nCarmen Mecklenburg<br \/>\nMarcus Pietrek<br \/>\nDirk R\u00f6se<br \/>\nStefan Sch\u00f6ning<br \/>\nOliver Tjaden<br \/>\nGerard-Jan Vlekke<br \/>\nfotolia<br \/>\ngettyimages<br \/>\nistockphoto<br \/>\nplainpicture<br \/>\nshutterstock<br \/>\nTelemaz Corporate<br \/>\nthinkstock<br \/>\nWikipedia<br \/>\nEmsland Touristik GmbH[\/vc_column_text][\/vc_column_inner][\/vc_row_inner][vc_row_inner][vc_column_inner][vc_column_text]<\/p>\n<h4>Disclaimer:<\/h4>\n<div>&nbsp;<\/div>\n<div><strong>1. Website contents <\/strong><br \/>\nThe contents of our website have been prepared with the greatest of care. Nevertheless, we assume no liability whatsoever for the topicality, accuracy, completeness or quality of the information provided. All data provided on our websites is intended for general information purposes only and is not to be understood as a consulting service. All offers are without obligation and subject to change. We reserve the right to modify, supplement and\/or delete parts of the website or the entire website without notice and\/or to discontinue publication temporarily or permanently.<\/div>\n<p><strong>2. References and links <\/strong><br \/>\nThe contents of external websites which can be accessed from our website via hyperlinks or which refer to our website are third-party contents which are beyond our control and for which we assume no liability whatsoever. At the time of creating the links to external websites, there was no indication of any illegal contents on these websites. We have no influence whatsoever on the present or future design, contents or authorship of the linked websites and consequently explicitly dissociate ourselves from the entire contents of all linked websites which are modified after creation of the link. We shall immediately remove any links which constitute a legal offence as soon as this comes to our notice.<\/p>\n<p><strong>3. Copyright and trademarks <\/strong><br \/>\nAll brands and trademarks featured on our website which may be registered for third parties are subject without reservation to the provisions of trademark law as amended from time to time and to the ownership rights of the registered owner. The reproduction, editing, dissemination or utilisation of any parts of this website in any manner whatsoever shall require our prior written consent. Third-party copyright has been observed in respect of all contents on this site which were not prepared by the operator. You are kindly requested to notify us if you nevertheless identify any infringement of copyright. We shall immediately remove any contents which constitute a legal offence as soon as this comes to our notice.<br \/>\n<strong><br \/>\n4. Legal validity of this disclaimer <\/strong><br \/>\nThis disclaimer forms an integral part of our website. Should any parts or individual clauses of this disclaimer not conform, no longer or not fully conform to the present legal situation, this shall not affect the contents or validity of the remaining parts of the disclaimer.<\/p>\n<p>[\/vc_column_text][\/vc_column_inner][\/vc_row_inner][vc_separator][vc_row_inner][vc_column_inner][vc_column_text]<\/p>\n<h4><strong>Bildmaterial heidelbeeren.klasmann-deilmann.com<\/strong><\/h4>\n<p>Home:<br \/>\n&#8211; Hintergrund: \u00a9 iStockphoto \/ Diane Labombarbe \u2013 www.istockphoto.de<\/p>\n<p>Wissenswertes:<br \/>\n&#8211; Hintergrund: \u00a9 iStockphoto \/ wholden \u2013 www.istockphoto.de<\/p>\n<p>Rezepte:<br \/>\n&#8211; Hintergrund: \u00a9 iStockphoto \/ Lena_Zajchikova \u2013 www.istockphoto.de<br \/>\n&#8211; Vorschau Rezept 1 \/ Hintergrund: \u00a9 iStockphoto \/ \u00a9 monica-photo \u2013 www.istockphoto.de<br \/>\n&#8211; Vorschau Rezept 2 \/ Hintergrund: \u00a9 iStockphoto \/ Arseniaya Pavlova \u2013 www.istockphoto.de<br \/>\n&#8211; Vorschau Rezept 3 \/ Hintergrund: \u00a9 iStockphoto \/ Lesyy \u2013 www.istockphoto.de<br \/>\n&#8211; Vorschau Rezept 4 \/ Hintergrund: \u00a9 iStockphoto \/ Brent Hofacker \u2013 www.istockphoto.de<\/p>\n<p>Anfahrt:<br \/>\n&#8211; Hintergrund: \u00a9 iStockphoto \/ jtyler \u2013 www.istockphoto.de<\/p>\n<p>Kontakt:<br \/>\n&#8211; Hintergrund: \u00a9 iStockphoto \/ wholden \u2013 www.istockphoto.de<br \/>\n&#8211; Beitrag: \u00a9 iStockphoto \/ FamVeld \u2013 www.istockphoto.de (Beitragsbild)[\/vc_column_text][\/vc_column_inner][\/vc_row_inner][\/vc_column][\/vc_row][vc_row][vc_column][vc_column_text]<\/p>\n<p>[\/vc_column_text][\/vc_column][\/vc_row]<\/p><\/div>\n","protected":false},"excerpt":{"rendered":"<p>[vc_row][vc_column][kd_header_image_banner image=&#8221;340&#8243;][\/vc_column][vc_column][vc_row_inner][vc_column_inner][vc_column_text] Imprint [\/vc_column_text][vc_column_text css=&#8221;&#8221;]Klasmann-Deilmann GmbH Georg-Klasmann-Stra\u00dfe 2-10 49744 Geeste Germany + 49 5937 31 0 + 49 5937 31-279 Please send enquiries to: info@klasmann-deilmann.com Entry in the Commercial Register: HRB 120005 Place of business\/register court: Osnabr\u00fcck Value added tax identification number: DE 117330851 Managing Directors: Moritz B\u00f6cking Damian Ikemann Concept &amp; Design, Realisation: Expect More Kommunikation GmbH Salzbergener Stra\u00dfe 8 &#8211; 16 48431 Rheine www.expectmore.de Programming: &nbsp; Photograph sources: Archive Klasmann-Deilmann Vaida Baskiene Robert Dylka Carsten Handke Kim Karotki<\/p>\n","protected":false},"author":2,"featured_media":0,"parent":0,"menu_order":542,"comment_status":"closed","ping_status":"closed","template":"","meta":{"_acf_changed":false,"inline_featured_image":false,"footnotes":""},"class_list":["post-5483","page","type-page","status-publish","hentry"],"acf":[],"yoast_head":"<!-- This site is optimized with the Yoast SEO plugin v27.5 - https:\/\/yoast.com\/product\/yoast-seo-wordpress\/ -->\n<title>Imprint - Klasmann-Deilmann<\/title>\n<meta name=\"robots\" content=\"index, follow, max-snippet:-1, max-image-preview:large, max-video-preview:-1\" \/>\n<link rel=\"canonical\" href=\"https:\/\/klasmann-deilmann.com\/lv\/imprint\/\" \/>\n<meta property=\"og:locale\" content=\"lv_LV\" \/>\n<meta property=\"og:type\" content=\"article\" \/>\n<meta property=\"og:title\" content=\"Imprint - Klasmann-Deilmann\" \/>\n<meta property=\"og:description\" content=\"[vc_row][vc_column][kd_header_image_banner image=&#8221;340&#8243;][\/vc_column][vc_column][vc_row_inner][vc_column_inner][vc_column_text] Imprint [\/vc_column_text][vc_column_text css=&#8221;&#8221;]Klasmann-Deilmann GmbH Georg-Klasmann-Stra\u00dfe 2-10 49744 Geeste Germany + 49 5937 31 0 + 49 5937 31-279 Please send enquiries to: info@klasmann-deilmann.com Entry in the Commercial Register: HRB 120005 Place of business\/register court: Osnabr\u00fcck Value added tax identification number: DE 117330851 Managing Directors: Moritz B\u00f6cking Damian Ikemann Concept &amp; Design, Realisation: Expect More Kommunikation GmbH Salzbergener Stra\u00dfe 8 &#8211; 16 48431 Rheine www.expectmore.de Programming: &nbsp; Photograph sources: Archive Klasmann-Deilmann Vaida Baskiene Robert Dylka Carsten Handke Kim Karotki\" \/>\n<meta property=\"og:url\" content=\"https:\/\/klasmann-deilmann.com\/lv\/imprint\/\" \/>\n<meta property=\"og:site_name\" content=\"Klasmann-Deilmann\" \/>\n<meta property=\"article:modified_time\" content=\"2024-10-07T08:51:19+00:00\" \/>\n<meta name=\"twitter:card\" content=\"summary_large_image\" \/>\n<meta name=\"twitter:label1\" content=\"Est. reading time\" \/>\n\t<meta name=\"twitter:data1\" content=\"3 minutes\" \/>\n<script type=\"application\/ld+json\" class=\"yoast-schema-graph\">{\"@context\":\"https:\\\/\\\/schema.org\",\"@graph\":[{\"@type\":\"WebPage\",\"@id\":\"https:\\\/\\\/klasmann-deilmann.com\\\/lv\\\/imprint\\\/\",\"url\":\"https:\\\/\\\/klasmann-deilmann.com\\\/lv\\\/imprint\\\/\",\"name\":\"Imprint - Klasmann-Deilmann\",\"isPartOf\":{\"@id\":\"https:\\\/\\\/klasmann-deilmann.com\\\/en\\\/#website\"},\"datePublished\":\"2016-09-15T08:10:00+00:00\",\"dateModified\":\"2024-10-07T08:51:19+00:00\",\"breadcrumb\":{\"@id\":\"https:\\\/\\\/klasmann-deilmann.com\\\/lv\\\/imprint\\\/#breadcrumb\"},\"inLanguage\":\"lv-LV\",\"potentialAction\":[{\"@type\":\"ReadAction\",\"target\":[\"https:\\\/\\\/klasmann-deilmann.com\\\/lv\\\/imprint\\\/\"]}]},{\"@type\":\"BreadcrumbList\",\"@id\":\"https:\\\/\\\/klasmann-deilmann.com\\\/lv\\\/imprint\\\/#breadcrumb\",\"itemListElement\":[{\"@type\":\"ListItem\",\"position\":1,\"name\":\"Home\",\"item\":\"https:\\\/\\\/klasmann-deilmann.com\\\/lv\\\/home-2-2\\\/\"},{\"@type\":\"ListItem\",\"position\":2,\"name\":\"Imprint\"}]},{\"@type\":\"WebSite\",\"@id\":\"https:\\\/\\\/klasmann-deilmann.com\\\/en\\\/#website\",\"url\":\"https:\\\/\\\/klasmann-deilmann.com\\\/en\\\/\",\"name\":\"Klasmann-Deilmann\",\"description\":\"\",\"potentialAction\":[{\"@type\":\"SearchAction\",\"target\":{\"@type\":\"EntryPoint\",\"urlTemplate\":\"https:\\\/\\\/klasmann-deilmann.com\\\/en\\\/?s={search_term_string}\"},\"query-input\":{\"@type\":\"PropertyValueSpecification\",\"valueRequired\":true,\"valueName\":\"search_term_string\"}}],\"inLanguage\":\"lv-LV\"}]}<\/script>\n<!-- \/ Yoast SEO plugin. -->","yoast_head_json":{"title":"Imprint - Klasmann-Deilmann","robots":{"index":"index","follow":"follow","max-snippet":"max-snippet:-1","max-image-preview":"max-image-preview:large","max-video-preview":"max-video-preview:-1"},"canonical":"https:\/\/klasmann-deilmann.com\/lv\/imprint\/","og_locale":"lv_LV","og_type":"article","og_title":"Imprint - Klasmann-Deilmann","og_description":"[vc_row][vc_column][kd_header_image_banner image=&#8221;340&#8243;][\/vc_column][vc_column][vc_row_inner][vc_column_inner][vc_column_text] Imprint [\/vc_column_text][vc_column_text css=&#8221;&#8221;]Klasmann-Deilmann GmbH Georg-Klasmann-Stra\u00dfe 2-10 49744 Geeste Germany + 49 5937 31 0 + 49 5937 31-279 Please send enquiries to: info@klasmann-deilmann.com Entry in the Commercial Register: HRB 120005 Place of business\/register court: Osnabr\u00fcck Value added tax identification number: DE 117330851 Managing Directors: Moritz B\u00f6cking Damian Ikemann Concept &amp; Design, Realisation: Expect More Kommunikation GmbH Salzbergener Stra\u00dfe 8 &#8211; 16 48431 Rheine www.expectmore.de Programming: &nbsp; Photograph sources: Archive Klasmann-Deilmann Vaida Baskiene Robert Dylka Carsten Handke Kim Karotki","og_url":"https:\/\/klasmann-deilmann.com\/lv\/imprint\/","og_site_name":"Klasmann-Deilmann","article_modified_time":"2024-10-07T08:51:19+00:00","twitter_card":"summary_large_image","twitter_misc":{"Est. reading time":"3 minutes"},"schema":{"@context":"https:\/\/schema.org","@graph":[{"@type":"WebPage","@id":"https:\/\/klasmann-deilmann.com\/lv\/imprint\/","url":"https:\/\/klasmann-deilmann.com\/lv\/imprint\/","name":"Imprint - Klasmann-Deilmann","isPartOf":{"@id":"https:\/\/klasmann-deilmann.com\/en\/#website"},"datePublished":"2016-09-15T08:10:00+00:00","dateModified":"2024-10-07T08:51:19+00:00","breadcrumb":{"@id":"https:\/\/klasmann-deilmann.com\/lv\/imprint\/#breadcrumb"},"inLanguage":"lv-LV","potentialAction":[{"@type":"ReadAction","target":["https:\/\/klasmann-deilmann.com\/lv\/imprint\/"]}]},{"@type":"BreadcrumbList","@id":"https:\/\/klasmann-deilmann.com\/lv\/imprint\/#breadcrumb","itemListElement":[{"@type":"ListItem","position":1,"name":"Home","item":"https:\/\/klasmann-deilmann.com\/lv\/home-2-2\/"},{"@type":"ListItem","position":2,"name":"Imprint"}]},{"@type":"WebSite","@id":"https:\/\/klasmann-deilmann.com\/en\/#website","url":"https:\/\/klasmann-deilmann.com\/en\/","name":"Klasmann-Deilmann","description":"","potentialAction":[{"@type":"SearchAction","target":{"@type":"EntryPoint","urlTemplate":"https:\/\/klasmann-deilmann.com\/en\/?s={search_term_string}"},"query-input":{"@type":"PropertyValueSpecification","valueRequired":true,"valueName":"search_term_string"}}],"inLanguage":"lv-LV"}]}},"_links":{"self":[{"href":"https:\/\/klasmann-deilmann.com\/lv\/wp-json\/wp\/v2\/pages\/5483","targetHints":{"allow":["GET"]}}],"collection":[{"href":"https:\/\/klasmann-deilmann.com\/lv\/wp-json\/wp\/v2\/pages"}],"about":[{"href":"https:\/\/klasmann-deilmann.com\/lv\/wp-json\/wp\/v2\/types\/page"}],"author":[{"embeddable":true,"href":"https:\/\/klasmann-deilmann.com\/lv\/wp-json\/wp\/v2\/users\/2"}],"replies":[{"embeddable":true,"href":"https:\/\/klasmann-deilmann.com\/lv\/wp-json\/wp\/v2\/comments?post=5483"}],"version-history":[{"count":6,"href":"https:\/\/klasmann-deilmann.com\/lv\/wp-json\/wp\/v2\/pages\/5483\/revisions"}],"predecessor-version":[{"id":87044,"href":"https:\/\/klasmann-deilmann.com\/lv\/wp-json\/wp\/v2\/pages\/5483\/revisions\/87044"}],"wp:attachment":[{"href":"https:\/\/klasmann-deilmann.com\/lv\/wp-json\/wp\/v2\/media?parent=5483"}],"curies":[{"name":"wp","href":"https:\/\/api.w.org\/{rel}","templated":true}]}}