{"id":5461,"date":"2017-04-28T13:52:23","date_gmt":"2017-04-28T11:52:23","guid":{"rendered":"\/\/klasmann-deilmann.com\/?page_id=5461\/"},"modified":"2018-10-29T11:59:39","modified_gmt":"2018-10-29T10:59:39","slug":"home-2-2","status":"publish","type":"page","link":"https:\/\/klasmann-deilmann.com\/lv\/","title":{"rendered":"Home"},"content":{"rendered":"<div class=\"wpb-content-wrapper\">[vc_row][vc_column][kd_header_image_banner image=&#8221;5818&#8243; pos_container=&#8221;pbotleft&#8221; header_text=&#8221;\u201cKurin\u0101m\u0101s \u0161\u0137eldas ra\u017eo\u0161ana un tirdzniec\u012bba\u201d&#8221;][vc_row_inner][vc_column_inner width=&#8221;1\/12&#8243;][\/vc_column_inner][vc_column_inner width=&#8221;10\/12&#8243;][vc_column_text]<\/p>\n<h1>Atjaunojamie energoresursi<\/h1>\n<p>Klasmann-Deilmann ir viens no liel\u0101kajiem biomasas ra\u017eot\u0101jiem Latvij\u0101 un Lietuv\u0101. M\u016bsu pan\u0101kumu atsl\u0113ga ir zin\u0101\u0161anas, ko esam ieguvu\u0161i vair\u0101k nek\u0101 100 gadu gait\u0101 pla\u0161u teritoriju apsaimnieko\u0161an\u0101, taj\u0101 skait\u0101 ieg\u016bstot biomasu. \u0160obr\u012bd strauji papla\u0161in\u0101m uz\u0146\u0113m\u0113jdarb\u012bbu \u0161\u0137eldas ra\u017eo\u0161anas, tirdzniec\u012bbas, k\u0101 ar\u012b me\u017esaimniec\u012bbas pakalpojumu jom\u0101.[\/vc_column_text][\/vc_column_inner][vc_column_inner width=&#8221;1\/12&#8243;][\/vc_column_inner][\/vc_row_inner][vc_row_inner][vc_column_inner width=&#8221;1\/4&#8243;]<\/p>\n<div class=\"kd_icon vc_icon_element vc_icon_element-outer vc_icon_element-align-center textabove\">\n<div class=\"kd_icon_text clearfix\"><span class=\"icontext\">Atjaunojamie energoresursi<\/span><\/div>\n<div class=\"vc_icon_element-inner vc_icon_element-style-rounded vc_icon_element-background kdgreen\"><span class=\"vc_icon_element-icon kdicon kdicon-renewable_energy\"><\/span><\/div>\n<\/div>\n<p>[\/vc_column_inner][vc_column_inner width=&#8221;1\/4&#8243;]<\/p>\n<div class=\"kd_icon vc_icon_element vc_icon_element-outer vc_icon_element-align-center textabove\">\n<div class=\"kd_icon_text clearfix\"><span class=\"icontext\">\u0160\u0137elda<\/span><\/div>\n<div class=\"vc_icon_element-inner vc_icon_element-style-rounded vc_icon_element-background kdorange\"><span class=\"vc_icon_element-icon kdicon kdicon-woodtrees\"><\/span><\/div>\n<\/div>\n<p>[\/vc_column_inner][vc_column_inner width=&#8221;1\/4&#8243;]<\/p>\n<div class=\"kd_icon vc_icon_element vc_icon_element-outer vc_icon_element-align-center textabove\">\n<div class=\"kd_icon_text clearfix\"><span class=\"icontext\">Apa\u013ckoku tirdzniec\u012bba<\/span><\/div>\n<div class=\"vc_icon_element-inner vc_icon_element-style-rounded vc_icon_element-background kdyellow\"><span class=\"vc_icon_element-icon kdicon kdicon-sales-partners\"><\/span><\/div>\n<\/div>\n<p>[\/vc_column_inner][vc_column_inner width=&#8221;1\/4&#8243;]<\/p>\n<div class=\"kd_icon vc_icon_element vc_icon_element-outer vc_icon_element-align-center textabove\">\n<div class=\"kd_icon_text clearfix\"><span class=\"icontext\">Me\u017eu apsaimnieko\u0161ana<\/span><\/div>\n<div class=\"vc_icon_element-inner vc_icon_element-style-rounded vc_icon_element-background kdwinered\"><span class=\"vc_icon_element-icon kdicon kdicon-forestry-services\"><\/span><\/div>\n<\/div>\n<p>[\/vc_column_inner][\/vc_row_inner][vc_row_inner][vc_column_inner][vc_separator][\/vc_column_inner][\/vc_row_inner][vc_row_inner content_placement=&#8221;top&#8221;][vc_column_inner width=&#8221;1\/2&#8243;][vc_column_text]<\/p>\n<h1>\u0100traudz\u012bgo k\u0101rklu plant\u0101cijas<\/h1>\n<p>Past\u0101v\u012bga pieeja resursiem nodro\u0161ina stabilas un paredzamas \u0161\u0137eldas pieg\u0101des klientiem. \u0100traudz\u012bgo k\u0101rklu plant\u0101cijas ir b\u016btiskas nep\u0101rtrauktu atjaunojam\u0101s energijas pieg\u0101\u017eu nodro\u0161in\u0101\u0161an\u0101. Jau \u0161obr\u012bd esam l\u012bderis \u0101traudz\u012bgo k\u0101rklu plant\u0101ciju jom\u0101 Lietuv\u0101.[\/vc_column_text][\/vc_column_inner][vc_column_inner width=&#8221;1\/2&#8243;][vc_column_text]<img loading=\"lazy\" decoding=\"async\" width=\"1200\" height=\"630\" class=\"alignnone size-full wp-image-5822\" src=\"\/\/klasmann-deilmann.com\/wp-content\/uploads\/Ueber_uns_01.jpg\" alt=\"\" srcset=\"https:\/\/klasmann-deilmann.com\/wp-content\/uploads\/Ueber_uns_01.jpg 1200w, https:\/\/klasmann-deilmann.com\/wp-content\/uploads\/Ueber_uns_01-300x158.jpg 300w, https:\/\/klasmann-deilmann.com\/wp-content\/uploads\/Ueber_uns_01-768x403.jpg 768w, https:\/\/klasmann-deilmann.com\/wp-content\/uploads\/Ueber_uns_01-1024x538.jpg 1024w, https:\/\/klasmann-deilmann.com\/wp-content\/uploads\/Ueber_uns_01-600x315.jpg 600w, https:\/\/klasmann-deilmann.com\/wp-content\/uploads\/Ueber_uns_01-125x66.jpg 125w\" sizes=\"auto, (max-width: 1200px) 100vw, 1200px\" \/>[\/vc_column_text][\/vc_column_inner][\/vc_row_inner][vc_separator style=&#8221;dotted&#8221;][vc_row_inner content_placement=&#8221;top&#8221;][vc_column_inner width=&#8221;1\/2&#8243;][vc_column_text]<\/p>\n<h1>Me\u017eu apsaimnieko\u0161ana<\/h1>\n<p>Papla\u0161in\u0101m savu darb\u012bbu, pied\u0101v\u0101jot me\u017eu apsaimnieko\u0161anas pakalpojumus priv\u0101tperson\u0101m. Sadarbojoties ar mums, klients ieg\u016bs maksim\u0101lu ekonomisku labumu no sava \u012bpa\u0161uma.[\/vc_column_text][\/vc_column_inner][vc_column_inner width=&#8221;1\/2&#8243;][vc_column_text]<img loading=\"lazy\" decoding=\"async\" width=\"1200\" height=\"630\" class=\"alignnone size-full wp-image-5823\" src=\"\/\/klasmann-deilmann.com\/wp-content\/uploads\/Ueber_uns_02.jpg\" alt=\"\" srcset=\"https:\/\/klasmann-deilmann.com\/wp-content\/uploads\/Ueber_uns_02.jpg 1200w, https:\/\/klasmann-deilmann.com\/wp-content\/uploads\/Ueber_uns_02-300x158.jpg 300w, https:\/\/klasmann-deilmann.com\/wp-content\/uploads\/Ueber_uns_02-768x403.jpg 768w, https:\/\/klasmann-deilmann.com\/wp-content\/uploads\/Ueber_uns_02-1024x538.jpg 1024w, https:\/\/klasmann-deilmann.com\/wp-content\/uploads\/Ueber_uns_02-600x315.jpg 600w, https:\/\/klasmann-deilmann.com\/wp-content\/uploads\/Ueber_uns_02-125x66.jpg 125w\" sizes=\"auto, (max-width: 1200px) 100vw, 1200px\" \/>[\/vc_column_text][\/vc_column_inner][\/vc_row_inner][vc_row_inner][vc_column_inner][vc_separator][vc_column_text]<\/p>\n<h1>M\u0113s esam blakus<\/h1>\n<p>[\/vc_column_text][\/vc_column_inner][\/vc_row_inner][vc_row_inner][vc_column_inner width=&#8221;1\/2&#8243;][vc_column_text]Lai nodro\u0161in\u0101tu tie\u0161u kontaktu ar klientiem un izejmateri\u0101lu pieg\u0101d\u0101t\u0101jiem, esam izveidoju\u0161i strukt\u016brvien\u012bbas Latvij\u0101 un Lietuv\u0101.[\/vc_column_text][kd_addresses multiple_single_select=&#8221;single-special&#8221; specialcontact=&#8221;5827&#8243; headinfo=&#8221;country&#8221; show_country_context=&#8221;&#8221; show_frame_flagg=&#8221;&#8221; show_region_context=&#8221;&#8221;][kd_addresses multiple_single_select=&#8221;single-special&#8221; specialcontact=&#8221;5826&#8243; headinfo=&#8221;country&#8221; show_country_context=&#8221;&#8221; show_frame_flagg=&#8221;&#8221; show_region_context=&#8221;&#8221;][\/vc_column_inner][vc_column_inner width=&#8221;1\/2&#8243;][vc_column_text]<strong>M\u016bsu klienti ir:<\/strong><\/p>\n<ul>\n<li>Ko\u0123ener\u0101cijas stacijas<\/li>\n<li>Kurin\u0101mo granulu un brike\u0161u ra\u017eot\u0101ji<\/li>\n<li>Zemnieki un lauksaimniec\u012bbas zemju \u012bpa\u0161nieki<\/li>\n<li>Me\u017eu \u012bpa\u0161nieki<\/li>\n<li>Kokz\u0101\u0123\u0113tavas<\/li>\n<li>Celulozes ra\u017eot\u0101ji<\/li>\n<\/ul>\n<p>M\u0113s piedal\u0101mies publisko iepirkumu konkursos, k\u0101 ar\u012b veidojam tie\u0161u sadarb\u012bbu ar klientiem. Izmantojam BALTPOOL biomasas bir\u017eu k\u0101 vienu no p\u0101rdo\u0161anas platform\u0101m.[\/vc_column_text][\/vc_column_inner][\/vc_row_inner][kd_greenstripe_downloads show_follow_us=&#8221;&#8221; show_link_download1=&#8221;contacts&#8221; region1=&#8221;kontakt-bioenergy&#8221; headline=&#8221;Pla\u0161\u0101ka inform\u0101cija&#8221; buttontext1=&#8221;Kontakti&#8221;][\/vc_column][\/vc_row]<\/p><\/div>\n","protected":false},"excerpt":{"rendered":"<p>[vc_row][vc_column][kd_header_image_banner image=&#8221;5818&#8243; pos_container=&#8221;pbotleft&#8221; header_text=&#8221;\u201cKurin\u0101m\u0101s \u0161\u0137eldas ra\u017eo\u0161ana un tirdzniec\u012bba\u201d&#8221;][vc_row_inner][vc_column_inner width=&#8221;1\/12&#8243;][\/vc_column_inner][vc_column_inner width=&#8221;10\/12&#8243;][vc_column_text] Atjaunojamie energoresursi Klasmann-Deilmann ir viens no liel\u0101kajiem biomasas ra\u017eot\u0101jiem Latvij\u0101 un Lietuv\u0101. M\u016bsu pan\u0101kumu atsl\u0113ga ir zin\u0101\u0161anas, ko esam ieguvu\u0161i vair\u0101k nek\u0101 100 gadu gait\u0101 pla\u0161u teritoriju apsaimnieko\u0161an\u0101, taj\u0101 skait\u0101 ieg\u016bstot biomasu. \u0160obr\u012bd strauji papla\u0161in\u0101m uz\u0146\u0113m\u0113jdarb\u012bbu \u0161\u0137eldas ra\u017eo\u0161anas, tirdzniec\u012bbas, k\u0101 ar\u012b me\u017esaimniec\u012bbas pakalpojumu jom\u0101.[\/vc_column_text][\/vc_column_inner][vc_column_inner width=&#8221;1\/12&#8243;][\/vc_column_inner][\/vc_row_inner][vc_row_inner][vc_column_inner width=&#8221;1\/4&#8243;][\/vc_column_inner][vc_column_inner width=&#8221;1\/4&#8243;][\/vc_column_inner][vc_column_inner width=&#8221;1\/4&#8243;][\/vc_column_inner][vc_column_inner width=&#8221;1\/4&#8243;][\/vc_column_inner][\/vc_row_inner][vc_row_inner][vc_column_inner][vc_separator][\/vc_column_inner][\/vc_row_inner][vc_row_inner content_placement=&#8221;top&#8221;][vc_column_inner width=&#8221;1\/2&#8243;][vc_column_text] \u0100traudz\u012bgo k\u0101rklu plant\u0101cijas Past\u0101v\u012bga pieeja resursiem nodro\u0161ina stabilas un paredzamas \u0161\u0137eldas pieg\u0101des klientiem. \u0100traudz\u012bgo k\u0101rklu plant\u0101cijas ir b\u016btiskas nep\u0101rtrauktu<\/p>\n","protected":false},"author":2,"featured_media":0,"parent":0,"menu_order":60,"comment_status":"closed","ping_status":"open","template":"","meta":{"_acf_changed":false,"inline_featured_image":false,"footnotes":""},"class_list":["post-5461","page","type-page","status-publish","hentry"],"acf":[],"yoast_head":"<!-- This site is optimized with the Yoast SEO plugin v27.3 - https:\/\/yoast.com\/product\/yoast-seo-wordpress\/ -->\n<title>Home - Klasmann-Deilmann<\/title>\n<meta name=\"robots\" content=\"index, follow, max-snippet:-1, max-image-preview:large, max-video-preview:-1\" \/>\n<link rel=\"canonical\" href=\"https:\/\/klasmann-deilmann.com\/lv\/home-2-2\/\" \/>\n<meta property=\"og:locale\" content=\"lv_LV\" \/>\n<meta property=\"og:type\" content=\"article\" \/>\n<meta property=\"og:title\" content=\"Home - Klasmann-Deilmann\" \/>\n<meta property=\"og:description\" content=\"[vc_row][vc_column][kd_header_image_banner image=&#8221;5818&#8243; pos_container=&#8221;pbotleft&#8221; header_text=&#8221;\u201cKurin\u0101m\u0101s \u0161\u0137eldas ra\u017eo\u0161ana un tirdzniec\u012bba\u201d&#8221;][vc_row_inner][vc_column_inner width=&#8221;1\/12&#8243;][\/vc_column_inner][vc_column_inner width=&#8221;10\/12&#8243;][vc_column_text] Atjaunojamie energoresursi Klasmann-Deilmann ir viens no liel\u0101kajiem biomasas ra\u017eot\u0101jiem Latvij\u0101 un Lietuv\u0101. M\u016bsu pan\u0101kumu atsl\u0113ga ir zin\u0101\u0161anas, ko esam ieguvu\u0161i vair\u0101k nek\u0101 100 gadu gait\u0101 pla\u0161u teritoriju apsaimnieko\u0161an\u0101, taj\u0101 skait\u0101 ieg\u016bstot biomasu. \u0160obr\u012bd strauji papla\u0161in\u0101m uz\u0146\u0113m\u0113jdarb\u012bbu \u0161\u0137eldas ra\u017eo\u0161anas, tirdzniec\u012bbas, k\u0101 ar\u012b me\u017esaimniec\u012bbas pakalpojumu jom\u0101.[\/vc_column_text][\/vc_column_inner][vc_column_inner width=&#8221;1\/12&#8243;][\/vc_column_inner][\/vc_row_inner][vc_row_inner][vc_column_inner width=&#8221;1\/4&#8243;][\/vc_column_inner][vc_column_inner width=&#8221;1\/4&#8243;][\/vc_column_inner][vc_column_inner width=&#8221;1\/4&#8243;][\/vc_column_inner][vc_column_inner width=&#8221;1\/4&#8243;][\/vc_column_inner][\/vc_row_inner][vc_row_inner][vc_column_inner][vc_separator][\/vc_column_inner][\/vc_row_inner][vc_row_inner content_placement=&#8221;top&#8221;][vc_column_inner width=&#8221;1\/2&#8243;][vc_column_text] \u0100traudz\u012bgo k\u0101rklu plant\u0101cijas Past\u0101v\u012bga pieeja resursiem nodro\u0161ina stabilas un paredzamas \u0161\u0137eldas pieg\u0101des klientiem. \u0100traudz\u012bgo k\u0101rklu plant\u0101cijas ir b\u016btiskas nep\u0101rtrauktu\" \/>\n<meta property=\"og:url\" content=\"https:\/\/klasmann-deilmann.com\/lv\/home-2-2\/\" \/>\n<meta property=\"og:site_name\" content=\"Klasmann-Deilmann\" \/>\n<meta property=\"article:modified_time\" content=\"2018-10-29T10:59:39+00:00\" \/>\n<meta property=\"og:image\" content=\"\/\/klasmann-deilmann.com\/wp-content\/uploads\/Ueber_uns_01.jpg\" \/>\n<meta name=\"twitter:card\" content=\"summary_large_image\" \/>\n<meta name=\"twitter:label1\" content=\"Est. reading time\" \/>\n\t<meta name=\"twitter:data1\" content=\"3 minutes\" \/>\n<script type=\"application\/ld+json\" class=\"yoast-schema-graph\">{\"@context\":\"https:\\\/\\\/schema.org\",\"@graph\":[{\"@type\":\"WebPage\",\"@id\":\"https:\\\/\\\/klasmann-deilmann.com\\\/lv\\\/home-2-2\\\/\",\"url\":\"https:\\\/\\\/klasmann-deilmann.com\\\/lv\\\/home-2-2\\\/\",\"name\":\"Home - Klasmann-Deilmann\",\"isPartOf\":{\"@id\":\"https:\\\/\\\/klasmann-deilmann.com\\\/en\\\/#website\"},\"datePublished\":\"2017-04-28T11:52:23+00:00\",\"dateModified\":\"2018-10-29T10:59:39+00:00\",\"breadcrumb\":{\"@id\":\"https:\\\/\\\/klasmann-deilmann.com\\\/lv\\\/home-2-2\\\/#breadcrumb\"},\"inLanguage\":\"lv-LV\",\"potentialAction\":[{\"@type\":\"ReadAction\",\"target\":[\"https:\\\/\\\/klasmann-deilmann.com\\\/lv\\\/home-2-2\\\/\"]}]},{\"@type\":\"BreadcrumbList\",\"@id\":\"https:\\\/\\\/klasmann-deilmann.com\\\/lv\\\/home-2-2\\\/#breadcrumb\",\"itemListElement\":[{\"@type\":\"ListItem\",\"position\":1,\"name\":\"Home\",\"item\":\"https:\\\/\\\/klasmann-deilmann.com\\\/lv\\\/home-2-2\\\/\"},{\"@type\":\"ListItem\",\"position\":2,\"name\":\"Home\"}]},{\"@type\":\"WebSite\",\"@id\":\"https:\\\/\\\/klasmann-deilmann.com\\\/en\\\/#website\",\"url\":\"https:\\\/\\\/klasmann-deilmann.com\\\/en\\\/\",\"name\":\"Klasmann-Deilmann\",\"description\":\"\",\"potentialAction\":[{\"@type\":\"SearchAction\",\"target\":{\"@type\":\"EntryPoint\",\"urlTemplate\":\"https:\\\/\\\/klasmann-deilmann.com\\\/en\\\/?s={search_term_string}\"},\"query-input\":{\"@type\":\"PropertyValueSpecification\",\"valueRequired\":true,\"valueName\":\"search_term_string\"}}],\"inLanguage\":\"lv-LV\"}]}<\/script>\n<!-- \/ Yoast SEO plugin. -->","yoast_head_json":{"title":"Home - Klasmann-Deilmann","robots":{"index":"index","follow":"follow","max-snippet":"max-snippet:-1","max-image-preview":"max-image-preview:large","max-video-preview":"max-video-preview:-1"},"canonical":"https:\/\/klasmann-deilmann.com\/lv\/home-2-2\/","og_locale":"lv_LV","og_type":"article","og_title":"Home - Klasmann-Deilmann","og_description":"[vc_row][vc_column][kd_header_image_banner image=&#8221;5818&#8243; pos_container=&#8221;pbotleft&#8221; header_text=&#8221;\u201cKurin\u0101m\u0101s \u0161\u0137eldas ra\u017eo\u0161ana un tirdzniec\u012bba\u201d&#8221;][vc_row_inner][vc_column_inner width=&#8221;1\/12&#8243;][\/vc_column_inner][vc_column_inner width=&#8221;10\/12&#8243;][vc_column_text] Atjaunojamie energoresursi Klasmann-Deilmann ir viens no liel\u0101kajiem biomasas ra\u017eot\u0101jiem Latvij\u0101 un Lietuv\u0101. M\u016bsu pan\u0101kumu atsl\u0113ga ir zin\u0101\u0161anas, ko esam ieguvu\u0161i vair\u0101k nek\u0101 100 gadu gait\u0101 pla\u0161u teritoriju apsaimnieko\u0161an\u0101, taj\u0101 skait\u0101 ieg\u016bstot biomasu. \u0160obr\u012bd strauji papla\u0161in\u0101m uz\u0146\u0113m\u0113jdarb\u012bbu \u0161\u0137eldas ra\u017eo\u0161anas, tirdzniec\u012bbas, k\u0101 ar\u012b me\u017esaimniec\u012bbas pakalpojumu jom\u0101.[\/vc_column_text][\/vc_column_inner][vc_column_inner width=&#8221;1\/12&#8243;][\/vc_column_inner][\/vc_row_inner][vc_row_inner][vc_column_inner width=&#8221;1\/4&#8243;][\/vc_column_inner][vc_column_inner width=&#8221;1\/4&#8243;][\/vc_column_inner][vc_column_inner width=&#8221;1\/4&#8243;][\/vc_column_inner][vc_column_inner width=&#8221;1\/4&#8243;][\/vc_column_inner][\/vc_row_inner][vc_row_inner][vc_column_inner][vc_separator][\/vc_column_inner][\/vc_row_inner][vc_row_inner content_placement=&#8221;top&#8221;][vc_column_inner width=&#8221;1\/2&#8243;][vc_column_text] \u0100traudz\u012bgo k\u0101rklu plant\u0101cijas Past\u0101v\u012bga pieeja resursiem nodro\u0161ina stabilas un paredzamas \u0161\u0137eldas pieg\u0101des klientiem. \u0100traudz\u012bgo k\u0101rklu plant\u0101cijas ir b\u016btiskas nep\u0101rtrauktu","og_url":"https:\/\/klasmann-deilmann.com\/lv\/home-2-2\/","og_site_name":"Klasmann-Deilmann","article_modified_time":"2018-10-29T10:59:39+00:00","og_image":[{"url":"\/\/klasmann-deilmann.com\/wp-content\/uploads\/Ueber_uns_01.jpg","type":"","width":"","height":""}],"twitter_card":"summary_large_image","twitter_misc":{"Est. reading time":"3 minutes"},"schema":{"@context":"https:\/\/schema.org","@graph":[{"@type":"WebPage","@id":"https:\/\/klasmann-deilmann.com\/lv\/home-2-2\/","url":"https:\/\/klasmann-deilmann.com\/lv\/home-2-2\/","name":"Home - Klasmann-Deilmann","isPartOf":{"@id":"https:\/\/klasmann-deilmann.com\/en\/#website"},"datePublished":"2017-04-28T11:52:23+00:00","dateModified":"2018-10-29T10:59:39+00:00","breadcrumb":{"@id":"https:\/\/klasmann-deilmann.com\/lv\/home-2-2\/#breadcrumb"},"inLanguage":"lv-LV","potentialAction":[{"@type":"ReadAction","target":["https:\/\/klasmann-deilmann.com\/lv\/home-2-2\/"]}]},{"@type":"BreadcrumbList","@id":"https:\/\/klasmann-deilmann.com\/lv\/home-2-2\/#breadcrumb","itemListElement":[{"@type":"ListItem","position":1,"name":"Home","item":"https:\/\/klasmann-deilmann.com\/lv\/home-2-2\/"},{"@type":"ListItem","position":2,"name":"Home"}]},{"@type":"WebSite","@id":"https:\/\/klasmann-deilmann.com\/en\/#website","url":"https:\/\/klasmann-deilmann.com\/en\/","name":"Klasmann-Deilmann","description":"","potentialAction":[{"@type":"SearchAction","target":{"@type":"EntryPoint","urlTemplate":"https:\/\/klasmann-deilmann.com\/en\/?s={search_term_string}"},"query-input":{"@type":"PropertyValueSpecification","valueRequired":true,"valueName":"search_term_string"}}],"inLanguage":"lv-LV"}]}},"_links":{"self":[{"href":"https:\/\/klasmann-deilmann.com\/lv\/wp-json\/wp\/v2\/pages\/5461","targetHints":{"allow":["GET"]}}],"collection":[{"href":"https:\/\/klasmann-deilmann.com\/lv\/wp-json\/wp\/v2\/pages"}],"about":[{"href":"https:\/\/klasmann-deilmann.com\/lv\/wp-json\/wp\/v2\/types\/page"}],"author":[{"embeddable":true,"href":"https:\/\/klasmann-deilmann.com\/lv\/wp-json\/wp\/v2\/users\/2"}],"replies":[{"embeddable":true,"href":"https:\/\/klasmann-deilmann.com\/lv\/wp-json\/wp\/v2\/comments?post=5461"}],"version-history":[{"count":26,"href":"https:\/\/klasmann-deilmann.com\/lv\/wp-json\/wp\/v2\/pages\/5461\/revisions"}],"predecessor-version":[{"id":8148,"href":"https:\/\/klasmann-deilmann.com\/lv\/wp-json\/wp\/v2\/pages\/5461\/revisions\/8148"}],"wp:attachment":[{"href":"https:\/\/klasmann-deilmann.com\/lv\/wp-json\/wp\/v2\/media?parent=5461"}],"curies":[{"name":"wp","href":"https:\/\/api.w.org\/{rel}","templated":true}]}}