{"id":7724,"date":"2018-08-03T21:02:45","date_gmt":"2018-08-03T19:02:45","guid":{"rendered":"http:\/\/klasmann-deilmann.com\/?page_id=7724"},"modified":"2018-08-03T21:05:22","modified_gmt":"2018-08-03T19:05:22","slug":"politique-de-confidentialite-pour-le-formulaire-de-contact","status":"publish","type":"page","link":"https:\/\/klasmann-deilmann.com\/fr\/politique-de-confidentialite-pour-le-formulaire-de-contact\/","title":{"rendered":"Politique de confidentialit\u00e9 pour le formulaire de contact"},"content":{"rendered":"<div class=\"wpb-content-wrapper\">[vc_row][vc_column][kd_header_image_banner image=\u00a0\u00bb897&Prime;][\/vc_column][vc_column][vc_row_inner][vc_column_inner width=\u00a0\u00bb1\/6&Prime;][\/vc_column_inner][vc_column_inner width=\u00a0\u00bb4\/6&Prime;][vc_column_text]<\/p>\n<h1>Politique de confidentialit\u00e9 pour le formulaire de contact<\/h1>\n<p>[\/vc_column_text][vc_column_text]Merci de nous contacter et de visiter notre site Web. Prot\u00e9ger vos donn\u00e9es personnelles et pr\u00e9server votre vie priv\u00e9e est tr\u00e8s important pour nous. Par cons\u00e9quent, nous aimerions vous informer sur la collecte et l&rsquo;utilisation de vos donn\u00e9es personnelles conform\u00e9ment aux r\u00e9glementations de protection des donn\u00e9es respectives.<\/p>\n<p><strong>Utilisation de vos donn\u00e9es personnelles<\/strong><\/p>\n<p>Toutes les donn\u00e9es personnelles, que vous nous fournissez dans le cadre de ce formulaire de contact, seront utilis\u00e9es exclusivement pour vous contacter afin de r\u00e9pondre \u00e0 votre demande ainsi que pour l&rsquo;administration technique concern\u00e9e. Aucune donn\u00e9e ne sera transmise \u00e0 des tiers.<\/p>\n<p>\u00c0 tout moment, vous avez le droit de demander des informations sur les donn\u00e9es relatives \u00e0 votre personne, enregistr\u00e9es dans notre syst\u00e8me, ainsi que sur les finalit\u00e9s pour lesquelles elles sont utilis\u00e9es. De plus, vous pouvez corriger des donn\u00e9es inexactes ou supprimer toute information qui ne doit plus \u00eatre enregistr\u00e9e ou s\u2019av\u00e8re inutile.<\/p>\n<p>S&rsquo;il n&rsquo;y a plus aucune raison de sauvegarder une information particuli\u00e8re ou si la p\u00e9riode de conservation d\u00e9finie par l&rsquo;autorit\u00e9 r\u00e9glementaire europ\u00e9enne ou une autre autorit\u00e9 r\u00e9glementaire expire, toutes les donn\u00e9es personnelles seront automatiquement verrouill\u00e9es ou supprim\u00e9es conform\u00e9ment aux dispositions l\u00e9gales.<\/p>\n<p><strong>Plus d&rsquo;informations et contact<\/strong><\/p>\n<p>Si vous avez des questions concernant la protection des donn\u00e9es, n&rsquo;h\u00e9sitez pas \u00e0 nous contacter \u00e0 tout moment. Pour toute question relative \u00e0 la collecte, au traitement ou \u00e0 l&rsquo;utilisation de vos donn\u00e9es personnelles, ainsi que pour toute information, correction, verrouillage ou suppression de donn\u00e9es, veuillez envoyer un courrier \u00e9lectronique \u00e0 l&rsquo;adresse suivante: <a href=\"mailto:datenschutz@klasmann-deilmann.com\">datenschutz@klasmann-deilmann.com<\/a>.[\/vc_column_text][\/vc_column_inner][vc_column_inner width=\u00a0\u00bb1\/6&Prime;][\/vc_column_inner][\/vc_row_inner][\/vc_column][\/vc_row][vc_row][vc_column][vc_column_text]<\/p>\n<p>[\/vc_column_text][\/vc_column][\/vc_row]<\/p><\/div>\n","protected":false},"excerpt":{"rendered":"<p>[vc_row][vc_column][kd_header_image_banner image=\u00a0\u00bb897&Prime;][\/vc_column][vc_column][vc_row_inner][vc_column_inner width=\u00a0\u00bb1\/6&Prime;][\/vc_column_inner][vc_column_inner width=\u00a0\u00bb4\/6&Prime;][vc_column_text] Politique de confidentialit\u00e9 pour le formulaire de contact [\/vc_column_text][vc_column_text]Merci de nous contacter et de visiter notre site Web. Prot\u00e9ger vos donn\u00e9es personnelles et pr\u00e9server votre vie priv\u00e9e est tr\u00e8s important pour nous. Par cons\u00e9quent, nous aimerions vous informer sur la collecte et l&rsquo;utilisation de vos donn\u00e9es personnelles conform\u00e9ment aux r\u00e9glementations de protection des donn\u00e9es respectives. Utilisation de vos donn\u00e9es personnelles Toutes les donn\u00e9es personnelles, que vous nous fournissez dans le cadre de ce formulaire de contact,<\/p>\n","protected":false},"author":12,"featured_media":0,"parent":0,"menu_order":566,"comment_status":"closed","ping_status":"closed","template":"","meta":{"_acf_changed":false,"inline_featured_image":false,"footnotes":""},"class_list":["post-7724","page","type-page","status-publish","hentry"],"acf":[],"yoast_head":"<!-- This site is optimized with the Yoast SEO plugin v27.5 - https:\/\/yoast.com\/product\/yoast-seo-wordpress\/ -->\n<title>Politique de confidentialit\u00e9 pour le formulaire de contact - Klasmann-Deilmann<\/title>\n<meta name=\"robots\" content=\"index, follow, max-snippet:-1, max-image-preview:large, max-video-preview:-1\" \/>\n<link rel=\"canonical\" href=\"https:\/\/klasmann-deilmann.com\/fr\/politique-de-confidentialite-pour-le-formulaire-de-contact\/\" \/>\n<meta property=\"og:locale\" content=\"fr_FR\" \/>\n<meta property=\"og:type\" content=\"article\" \/>\n<meta property=\"og:title\" content=\"Politique de confidentialit\u00e9 pour le formulaire de contact - Klasmann-Deilmann\" \/>\n<meta property=\"og:description\" content=\"[vc_row][vc_column][kd_header_image_banner image=\u00a0\u00bb897&Prime;][\/vc_column][vc_column][vc_row_inner][vc_column_inner width=\u00a0\u00bb1\/6&Prime;][\/vc_column_inner][vc_column_inner width=\u00a0\u00bb4\/6&Prime;][vc_column_text] Politique de confidentialit\u00e9 pour le formulaire de contact [\/vc_column_text][vc_column_text]Merci de nous contacter et de visiter notre site Web. Prot\u00e9ger vos donn\u00e9es personnelles et pr\u00e9server votre vie priv\u00e9e est tr\u00e8s important pour nous. Par cons\u00e9quent, nous aimerions vous informer sur la collecte et l&rsquo;utilisation de vos donn\u00e9es personnelles conform\u00e9ment aux r\u00e9glementations de protection des donn\u00e9es respectives. Utilisation de vos donn\u00e9es personnelles Toutes les donn\u00e9es personnelles, que vous nous fournissez dans le cadre de ce formulaire de contact,\" \/>\n<meta property=\"og:url\" content=\"https:\/\/klasmann-deilmann.com\/fr\/politique-de-confidentialite-pour-le-formulaire-de-contact\/\" \/>\n<meta property=\"og:site_name\" content=\"Klasmann-Deilmann\" \/>\n<meta property=\"article:modified_time\" content=\"2018-08-03T19:05:22+00:00\" \/>\n<meta name=\"twitter:card\" content=\"summary_large_image\" \/>\n<meta name=\"twitter:label1\" content=\"Dur\u00e9e de lecture estim\u00e9e\" \/>\n\t<meta name=\"twitter:data1\" content=\"2 minutes\" \/>\n<script type=\"application\/ld+json\" class=\"yoast-schema-graph\">{\"@context\":\"https:\\\/\\\/schema.org\",\"@graph\":[{\"@type\":\"WebPage\",\"@id\":\"https:\\\/\\\/klasmann-deilmann.com\\\/fr\\\/politique-de-confidentialite-pour-le-formulaire-de-contact\\\/\",\"url\":\"https:\\\/\\\/klasmann-deilmann.com\\\/fr\\\/politique-de-confidentialite-pour-le-formulaire-de-contact\\\/\",\"name\":\"Politique de confidentialit\u00e9 pour le formulaire de contact - Klasmann-Deilmann\",\"isPartOf\":{\"@id\":\"https:\\\/\\\/klasmann-deilmann.com\\\/en\\\/#website\"},\"datePublished\":\"2018-08-03T19:02:45+00:00\",\"dateModified\":\"2018-08-03T19:05:22+00:00\",\"breadcrumb\":{\"@id\":\"https:\\\/\\\/klasmann-deilmann.com\\\/fr\\\/politique-de-confidentialite-pour-le-formulaire-de-contact\\\/#breadcrumb\"},\"inLanguage\":\"fr-FR\",\"potentialAction\":[{\"@type\":\"ReadAction\",\"target\":[\"https:\\\/\\\/klasmann-deilmann.com\\\/fr\\\/politique-de-confidentialite-pour-le-formulaire-de-contact\\\/\"]}]},{\"@type\":\"BreadcrumbList\",\"@id\":\"https:\\\/\\\/klasmann-deilmann.com\\\/fr\\\/politique-de-confidentialite-pour-le-formulaire-de-contact\\\/#breadcrumb\",\"itemListElement\":[{\"@type\":\"ListItem\",\"position\":1,\"name\":\"Home\",\"item\":\"https:\\\/\\\/klasmann-deilmann.com\\\/fr\\\/\"},{\"@type\":\"ListItem\",\"position\":2,\"name\":\"Politique de confidentialit\u00e9 pour le formulaire de contact\"}]},{\"@type\":\"WebSite\",\"@id\":\"https:\\\/\\\/klasmann-deilmann.com\\\/en\\\/#website\",\"url\":\"https:\\\/\\\/klasmann-deilmann.com\\\/en\\\/\",\"name\":\"Klasmann-Deilmann\",\"description\":\"\",\"potentialAction\":[{\"@type\":\"SearchAction\",\"target\":{\"@type\":\"EntryPoint\",\"urlTemplate\":\"https:\\\/\\\/klasmann-deilmann.com\\\/en\\\/?s={search_term_string}\"},\"query-input\":{\"@type\":\"PropertyValueSpecification\",\"valueRequired\":true,\"valueName\":\"search_term_string\"}}],\"inLanguage\":\"fr-FR\"}]}<\/script>\n<!-- \/ Yoast SEO plugin. -->","yoast_head_json":{"title":"Politique de confidentialit\u00e9 pour le formulaire de contact - Klasmann-Deilmann","robots":{"index":"index","follow":"follow","max-snippet":"max-snippet:-1","max-image-preview":"max-image-preview:large","max-video-preview":"max-video-preview:-1"},"canonical":"https:\/\/klasmann-deilmann.com\/fr\/politique-de-confidentialite-pour-le-formulaire-de-contact\/","og_locale":"fr_FR","og_type":"article","og_title":"Politique de confidentialit\u00e9 pour le formulaire de contact - Klasmann-Deilmann","og_description":"[vc_row][vc_column][kd_header_image_banner image=\u00a0\u00bb897&Prime;][\/vc_column][vc_column][vc_row_inner][vc_column_inner width=\u00a0\u00bb1\/6&Prime;][\/vc_column_inner][vc_column_inner width=\u00a0\u00bb4\/6&Prime;][vc_column_text] Politique de confidentialit\u00e9 pour le formulaire de contact [\/vc_column_text][vc_column_text]Merci de nous contacter et de visiter notre site Web. Prot\u00e9ger vos donn\u00e9es personnelles et pr\u00e9server votre vie priv\u00e9e est tr\u00e8s important pour nous. Par cons\u00e9quent, nous aimerions vous informer sur la collecte et l&rsquo;utilisation de vos donn\u00e9es personnelles conform\u00e9ment aux r\u00e9glementations de protection des donn\u00e9es respectives. Utilisation de vos donn\u00e9es personnelles Toutes les donn\u00e9es personnelles, que vous nous fournissez dans le cadre de ce formulaire de contact,","og_url":"https:\/\/klasmann-deilmann.com\/fr\/politique-de-confidentialite-pour-le-formulaire-de-contact\/","og_site_name":"Klasmann-Deilmann","article_modified_time":"2018-08-03T19:05:22+00:00","twitter_card":"summary_large_image","twitter_misc":{"Dur\u00e9e de lecture estim\u00e9e":"2 minutes"},"schema":{"@context":"https:\/\/schema.org","@graph":[{"@type":"WebPage","@id":"https:\/\/klasmann-deilmann.com\/fr\/politique-de-confidentialite-pour-le-formulaire-de-contact\/","url":"https:\/\/klasmann-deilmann.com\/fr\/politique-de-confidentialite-pour-le-formulaire-de-contact\/","name":"Politique de confidentialit\u00e9 pour le formulaire de contact - Klasmann-Deilmann","isPartOf":{"@id":"https:\/\/klasmann-deilmann.com\/en\/#website"},"datePublished":"2018-08-03T19:02:45+00:00","dateModified":"2018-08-03T19:05:22+00:00","breadcrumb":{"@id":"https:\/\/klasmann-deilmann.com\/fr\/politique-de-confidentialite-pour-le-formulaire-de-contact\/#breadcrumb"},"inLanguage":"fr-FR","potentialAction":[{"@type":"ReadAction","target":["https:\/\/klasmann-deilmann.com\/fr\/politique-de-confidentialite-pour-le-formulaire-de-contact\/"]}]},{"@type":"BreadcrumbList","@id":"https:\/\/klasmann-deilmann.com\/fr\/politique-de-confidentialite-pour-le-formulaire-de-contact\/#breadcrumb","itemListElement":[{"@type":"ListItem","position":1,"name":"Home","item":"https:\/\/klasmann-deilmann.com\/fr\/"},{"@type":"ListItem","position":2,"name":"Politique de confidentialit\u00e9 pour le formulaire de contact"}]},{"@type":"WebSite","@id":"https:\/\/klasmann-deilmann.com\/en\/#website","url":"https:\/\/klasmann-deilmann.com\/en\/","name":"Klasmann-Deilmann","description":"","potentialAction":[{"@type":"SearchAction","target":{"@type":"EntryPoint","urlTemplate":"https:\/\/klasmann-deilmann.com\/en\/?s={search_term_string}"},"query-input":{"@type":"PropertyValueSpecification","valueRequired":true,"valueName":"search_term_string"}}],"inLanguage":"fr-FR"}]}},"_links":{"self":[{"href":"https:\/\/klasmann-deilmann.com\/fr\/wp-json\/wp\/v2\/pages\/7724","targetHints":{"allow":["GET"]}}],"collection":[{"href":"https:\/\/klasmann-deilmann.com\/fr\/wp-json\/wp\/v2\/pages"}],"about":[{"href":"https:\/\/klasmann-deilmann.com\/fr\/wp-json\/wp\/v2\/types\/page"}],"author":[{"embeddable":true,"href":"https:\/\/klasmann-deilmann.com\/fr\/wp-json\/wp\/v2\/users\/12"}],"replies":[{"embeddable":true,"href":"https:\/\/klasmann-deilmann.com\/fr\/wp-json\/wp\/v2\/comments?post=7724"}],"version-history":[{"count":3,"href":"https:\/\/klasmann-deilmann.com\/fr\/wp-json\/wp\/v2\/pages\/7724\/revisions"}],"predecessor-version":[{"id":7727,"href":"https:\/\/klasmann-deilmann.com\/fr\/wp-json\/wp\/v2\/pages\/7724\/revisions\/7727"}],"wp:attachment":[{"href":"https:\/\/klasmann-deilmann.com\/fr\/wp-json\/wp\/v2\/media?parent=7724"}],"curies":[{"name":"wp","href":"https:\/\/api.w.org\/{rel}","templated":true}]}}