{"id":7275,"date":"2018-07-20T09:25:33","date_gmt":"2018-07-20T07:25:33","guid":{"rendered":"\/\/klasmann-deilmann.com\/?page_id=7275"},"modified":"2024-10-07T10:51:44","modified_gmt":"2024-10-07T08:51:44","slug":"mentions-legales","status":"publish","type":"page","link":"https:\/\/klasmann-deilmann.com\/fr\/mentions-legales\/","title":{"rendered":"Mentions l\u00e9gales"},"content":{"rendered":"<div class=\"wpb-content-wrapper\">[vc_row][vc_column][kd_header_image_banner image=\u00a0\u00bb340&Prime;][vc_column_text]<\/p>\n<h1 style=\"text-align: center;\"><span lang=\"FR\">Mentions l\u00e9gales<\/span><\/h1>\n<p>[\/vc_column_text][\/vc_column][vc_column][vc_row_inner][vc_column_inner][vc_column_text css=\u00a0\u00bb\u00a0\u00bb]<strong><span lang=\"FR\">Propri\u00e9t\u00e9&nbsp;:<\/span><\/strong><\/p>\n<p><strong>Klasmann-Deilmann GmbH<\/strong><br \/>\nGeorg-Klasmann-Stra\u00dfe 2-10<br \/>\n49744 Geeste<br \/>\nGermany<\/p>\n<p><span class=\"phoneicon kdicon-phone\">+ 49 5937 31 0<\/span><br \/>\n<span class=\"faxicon kdicon-fax\">+ 49 5937 31-279<\/span><\/p>\n<p><span lang=\"FR\">Contact&nbsp;<\/span>: <a href=\"mailto:info@klasmann-deilmann.com\">info@klasmann-deilmann.com<\/a><\/p>\n<p><span lang=\"FR\">Registre du&nbsp;commerce: HRB 120005<br \/>\nLieu de tribunal de&nbsp;commerce \/ registre: Osnabr\u00fcck<br \/>\nNum\u00e9ro d&rsquo;identification fiscale: DE 117330851<br \/>\nLes directeurs g\u00e9n\u00e9raux sont<br \/>\nMoritz B\u00f6cking<br \/>\nDamian Ikemann<\/span><\/p>\n<p><strong>Concept &amp; Design :<\/strong><br \/>\nN21 GmbH<br \/>\nRonsdorfer Stra\u00dfe 74 | Geb\u00e4ude 5<br \/>\n40233 D\u00fcsseldorf<br \/>\n<a href=\"http:\/\/www.newton21.de\">www.newton21.de<\/a><\/p>\n<p><strong><span lang=\"FR\">R\u00e9alisation&nbsp;<\/span>:<\/strong><br \/>\nExpect More Kommunikation GmbH<br \/>\nSalzbergener Stra\u00dfe 8 &#8211; 16<br \/>\n48431 Rheine<br \/>\n<a href=\"http:\/\/www.expectmore.de\">www.expectmore.de<\/a><\/p>\n<p><strong><span lang=\"FR\">Programmation&nbsp;<\/span>:<\/strong><\/p>\n<div class=\"contact-grab-content cf clearfix\">\n<div id=\"contactdata\">\n\t\t\tKlopmeyer \u2013 Kommunikation<br \/>Salmstra\u00dfe 19a, 46509 Xanten<br \/>Tel.: <a href=\"tel:02801\/7004731\">02801\/7004731<\/a><br \/>E-Mail: <a href=\"mailto:info@klopmeyer.de\" class=\"mailto-link\">info@klopmeyer.de<\/a><br \/>Internet: <a href=\"https:\/\/klopmeyer.de\" target=\"_blank\">klopmeyer.de<\/a>\n\t\t<\/div>\n<\/div>\n<p>&nbsp;<\/p>\n<p><strong><span lang=\"FR\">Sources des photographies&nbsp;\u2013 Cr\u00e9dit images <\/span>:<\/strong><br \/>\nArchive Klasmann-Deilmann<br \/>\nVaida Baskiene<br \/>\nRobert Dylka<br \/>\nCarsten Handke<br \/>\nKim Karotki<br \/>\nMelanie Mebius<br \/>\nCarmen Mecklenburg<br \/>\nMarcus Pietrek<br \/>\nDirk R\u00f6se<br \/>\nStefan Sch\u00f6ning<br \/>\nOliver Tjaden<br \/>\nGerard-Jan Vlekke<br \/>\nfotolia<br \/>\ngettyimages<br \/>\nistockphoto<br \/>\nplainpicture<br \/>\nshutterstock<br \/>\nTelemaz Corporate<br \/>\nthinkstock<br \/>\nWikipedia<br \/>\nEmsland Touristik GmbH<\/p>\n<h3>Avertissement :<\/h3>\n<h4>1. Contenu du site Web<\/h4>\n<p>Le contenu de notre site Web a \u00e9t\u00e9 pr\u00e9par\u00e9 avec le plus grand soin.&nbsp;N\u00e9anmoins, nous d\u00e9clinons toute responsabilit\u00e9 quant \u00e0 l&rsquo;actualit\u00e9, l&rsquo;exactitude, l&rsquo;exhaustivit\u00e9 ou la qualit\u00e9 des informations fournies.&nbsp;Toutes les donn\u00e9es fournies sur nos sites Web sont destin\u00e9es \u00e0 des fins d&rsquo;information g\u00e9n\u00e9rale seulement et ne doit pas \u00eatre comprise comme un service de consultation.&nbsp;Toutes les offres sont sans engagement et sujettes \u00e0 changement.&nbsp;Nous nous r\u00e9servons le droit de modifier, de compl\u00e9ter et \/ ou de supprimer des parties du site Web ou du site Web en entier sans pr\u00e9avis et \/ ou d&rsquo;interrompre la publication temporairement ou d\u00e9finitivement.<\/p>\n<h4>2. R\u00e9f\u00e9rences et liens<\/h4>\n<p>Les contenus de sites externes accessibles depuis notre site via des liens hypertexte ou qui se r\u00e9f\u00e8rent \u00e0 notre site sont des contenus de tiers ind\u00e9pendants de notre volont\u00e9 et pour lesquels nous d\u00e9clinons toute responsabilit\u00e9.&nbsp;Au moment de cr\u00e9er les liens vers des sites externes, il n&rsquo;y avait aucune indication de contenu ill\u00e9gal sur ces sites.&nbsp;Nous n&rsquo;avons aucune influence sur la conception actuelle ou future, le contenu ou la paternit\u00e9 des sites li\u00e9s et, par cons\u00e9quent, nous dissocions explicitement de tout le contenu de tous les sites li\u00e9s qui sont modifi\u00e9s apr\u00e8s la cr\u00e9ation du lien.&nbsp;Nous supprimerons imm\u00e9diatement tout lien constituant une infraction l\u00e9gale d\u00e8s que nous en aurons connaissance.<\/p>\n<h4>3. Copyright et marques commerciales<\/h4>\n<p>Toutes les marques et marques d\u00e9pos\u00e9es sur notre site Web qui peuvent \u00eatre enregistr\u00e9es pour des tiers sont soumises sans r\u00e9serve aux dispositions du droit des marques telles que modifi\u00e9es de temps en temps et aux droits de propri\u00e9t\u00e9 du propri\u00e9taire enregistr\u00e9.&nbsp;La reproduction, l&rsquo;\u00e9dition, la diffusion ou l&rsquo;utilisation de toute partie de ce site de quelque mani\u00e8re que ce soit requiert notre consentement \u00e9crit pr\u00e9alable.&nbsp;Des droits d&rsquo;auteur de tiers ont \u00e9t\u00e9 observ\u00e9s sur tous les contenus de ce site qui n&rsquo;ont pas \u00e9t\u00e9 pr\u00e9par\u00e9s par l&rsquo;op\u00e9rateur.&nbsp;Vous \u00eates pri\u00e9s de nous informer si vous identifiez n\u00e9anmoins une violation du droit d&rsquo;auteur.&nbsp;Nous supprimerons imm\u00e9diatement tout contenu constituant une infraction l\u00e9gale d\u00e8s que nous en aurons connaissance.<\/p>\n<h4>4. Validit\u00e9 juridique de cette exclusion de responsabilit\u00e9<\/h4>\n<p>Cette exclusion de responsabilit\u00e9 fait partie int\u00e9grante de notre site Web.&nbsp;Si des parties ou des clauses individuelles de cet avertissement ne sont pas conformes, ne sont plus ou pas enti\u00e8rement conformes \u00e0 la situation juridique actuelle, cela n&rsquo;affecte pas le contenu ou la validit\u00e9 des parties restantes de la clause de non-responsabilit\u00e9.[\/vc_column_text][\/vc_column_inner][\/vc_row_inner][\/vc_column][\/vc_row]<\/p><\/div>\n","protected":false},"excerpt":{"rendered":"<p>[vc_row][vc_column][kd_header_image_banner image=\u00a0\u00bb340&Prime;][vc_column_text] Mentions l\u00e9gales [\/vc_column_text][\/vc_column][vc_column][vc_row_inner][vc_column_inner][vc_column_text css=\u00a0\u00bb\u00a0\u00bb]Propri\u00e9t\u00e9&nbsp;: Klasmann-Deilmann GmbH Georg-Klasmann-Stra\u00dfe 2-10 49744 Geeste Germany + 49 5937 31 0 + 49 5937 31-279 Contact&nbsp;: info@klasmann-deilmann.com Registre du&nbsp;commerce: HRB 120005 Lieu de tribunal de&nbsp;commerce \/ registre: Osnabr\u00fcck Num\u00e9ro d&rsquo;identification fiscale: DE 117330851 Les directeurs g\u00e9n\u00e9raux sont Moritz B\u00f6cking Damian Ikemann Concept &amp; Design : N21 GmbH Ronsdorfer Stra\u00dfe 74 | Geb\u00e4ude 5 40233 D\u00fcsseldorf www.newton21.de R\u00e9alisation&nbsp;: Expect More Kommunikation GmbH Salzbergener Stra\u00dfe 8 &#8211; 16 48431 Rheine www.expectmore.de Programmation&nbsp;: &nbsp; Sources des<\/p>\n","protected":false},"author":2,"featured_media":0,"parent":0,"menu_order":548,"comment_status":"closed","ping_status":"closed","template":"","meta":{"_acf_changed":false,"inline_featured_image":false,"footnotes":""},"class_list":["post-7275","page","type-page","status-publish","hentry"],"acf":[],"yoast_head":"<!-- This site is optimized with the Yoast SEO plugin v27.4 - https:\/\/yoast.com\/product\/yoast-seo-wordpress\/ -->\n<title>Mentions l\u00e9gales - Klasmann-Deilmann<\/title>\n<meta name=\"robots\" content=\"index, follow, max-snippet:-1, max-image-preview:large, max-video-preview:-1\" \/>\n<link rel=\"canonical\" href=\"https:\/\/klasmann-deilmann.com\/fr\/mentions-legales\/\" \/>\n<meta property=\"og:locale\" content=\"fr_FR\" \/>\n<meta property=\"og:type\" content=\"article\" \/>\n<meta property=\"og:title\" content=\"Mentions l\u00e9gales - Klasmann-Deilmann\" \/>\n<meta property=\"og:description\" content=\"[vc_row][vc_column][kd_header_image_banner image=\u00a0\u00bb340&Prime;][vc_column_text] Mentions l\u00e9gales [\/vc_column_text][\/vc_column][vc_column][vc_row_inner][vc_column_inner][vc_column_text css=\u00a0\u00bb\u00a0\u00bb]Propri\u00e9t\u00e9&nbsp;: Klasmann-Deilmann GmbH Georg-Klasmann-Stra\u00dfe 2-10 49744 Geeste Germany + 49 5937 31 0 + 49 5937 31-279 Contact&nbsp;: info@klasmann-deilmann.com Registre du&nbsp;commerce: HRB 120005 Lieu de tribunal de&nbsp;commerce \/ registre: Osnabr\u00fcck Num\u00e9ro d&rsquo;identification fiscale: DE 117330851 Les directeurs g\u00e9n\u00e9raux sont Moritz B\u00f6cking Damian Ikemann Concept &amp; Design : N21 GmbH Ronsdorfer Stra\u00dfe 74 | Geb\u00e4ude 5 40233 D\u00fcsseldorf www.newton21.de R\u00e9alisation&nbsp;: Expect More Kommunikation GmbH Salzbergener Stra\u00dfe 8 &#8211; 16 48431 Rheine www.expectmore.de Programmation&nbsp;: &nbsp; Sources des\" \/>\n<meta property=\"og:url\" content=\"https:\/\/klasmann-deilmann.com\/fr\/mentions-legales\/\" \/>\n<meta property=\"og:site_name\" content=\"Klasmann-Deilmann\" \/>\n<meta property=\"article:modified_time\" content=\"2024-10-07T08:51:44+00:00\" \/>\n<meta name=\"twitter:card\" content=\"summary_large_image\" \/>\n<meta name=\"twitter:label1\" content=\"Dur\u00e9e de lecture estim\u00e9e\" \/>\n\t<meta name=\"twitter:data1\" content=\"3 minutes\" \/>\n<script type=\"application\/ld+json\" class=\"yoast-schema-graph\">{\"@context\":\"https:\\\/\\\/schema.org\",\"@graph\":[{\"@type\":\"WebPage\",\"@id\":\"https:\\\/\\\/klasmann-deilmann.com\\\/fr\\\/mentions-legales\\\/\",\"url\":\"https:\\\/\\\/klasmann-deilmann.com\\\/fr\\\/mentions-legales\\\/\",\"name\":\"Mentions l\u00e9gales - Klasmann-Deilmann\",\"isPartOf\":{\"@id\":\"https:\\\/\\\/klasmann-deilmann.com\\\/en\\\/#website\"},\"datePublished\":\"2018-07-20T07:25:33+00:00\",\"dateModified\":\"2024-10-07T08:51:44+00:00\",\"breadcrumb\":{\"@id\":\"https:\\\/\\\/klasmann-deilmann.com\\\/fr\\\/mentions-legales\\\/#breadcrumb\"},\"inLanguage\":\"fr-FR\",\"potentialAction\":[{\"@type\":\"ReadAction\",\"target\":[\"https:\\\/\\\/klasmann-deilmann.com\\\/fr\\\/mentions-legales\\\/\"]}]},{\"@type\":\"BreadcrumbList\",\"@id\":\"https:\\\/\\\/klasmann-deilmann.com\\\/fr\\\/mentions-legales\\\/#breadcrumb\",\"itemListElement\":[{\"@type\":\"ListItem\",\"position\":1,\"name\":\"Home\",\"item\":\"https:\\\/\\\/klasmann-deilmann.com\\\/fr\\\/\"},{\"@type\":\"ListItem\",\"position\":2,\"name\":\"Mentions l\u00e9gales\"}]},{\"@type\":\"WebSite\",\"@id\":\"https:\\\/\\\/klasmann-deilmann.com\\\/en\\\/#website\",\"url\":\"https:\\\/\\\/klasmann-deilmann.com\\\/en\\\/\",\"name\":\"Klasmann-Deilmann\",\"description\":\"\",\"potentialAction\":[{\"@type\":\"SearchAction\",\"target\":{\"@type\":\"EntryPoint\",\"urlTemplate\":\"https:\\\/\\\/klasmann-deilmann.com\\\/en\\\/?s={search_term_string}\"},\"query-input\":{\"@type\":\"PropertyValueSpecification\",\"valueRequired\":true,\"valueName\":\"search_term_string\"}}],\"inLanguage\":\"fr-FR\"}]}<\/script>\n<!-- \/ Yoast SEO plugin. -->","yoast_head_json":{"title":"Mentions l\u00e9gales - Klasmann-Deilmann","robots":{"index":"index","follow":"follow","max-snippet":"max-snippet:-1","max-image-preview":"max-image-preview:large","max-video-preview":"max-video-preview:-1"},"canonical":"https:\/\/klasmann-deilmann.com\/fr\/mentions-legales\/","og_locale":"fr_FR","og_type":"article","og_title":"Mentions l\u00e9gales - Klasmann-Deilmann","og_description":"[vc_row][vc_column][kd_header_image_banner image=\u00a0\u00bb340&Prime;][vc_column_text] Mentions l\u00e9gales [\/vc_column_text][\/vc_column][vc_column][vc_row_inner][vc_column_inner][vc_column_text css=\u00a0\u00bb\u00a0\u00bb]Propri\u00e9t\u00e9&nbsp;: Klasmann-Deilmann GmbH Georg-Klasmann-Stra\u00dfe 2-10 49744 Geeste Germany + 49 5937 31 0 + 49 5937 31-279 Contact&nbsp;: info@klasmann-deilmann.com Registre du&nbsp;commerce: HRB 120005 Lieu de tribunal de&nbsp;commerce \/ registre: Osnabr\u00fcck Num\u00e9ro d&rsquo;identification fiscale: DE 117330851 Les directeurs g\u00e9n\u00e9raux sont Moritz B\u00f6cking Damian Ikemann Concept &amp; Design : N21 GmbH Ronsdorfer Stra\u00dfe 74 | Geb\u00e4ude 5 40233 D\u00fcsseldorf www.newton21.de R\u00e9alisation&nbsp;: Expect More Kommunikation GmbH Salzbergener Stra\u00dfe 8 &#8211; 16 48431 Rheine www.expectmore.de Programmation&nbsp;: &nbsp; Sources des","og_url":"https:\/\/klasmann-deilmann.com\/fr\/mentions-legales\/","og_site_name":"Klasmann-Deilmann","article_modified_time":"2024-10-07T08:51:44+00:00","twitter_card":"summary_large_image","twitter_misc":{"Dur\u00e9e de lecture estim\u00e9e":"3 minutes"},"schema":{"@context":"https:\/\/schema.org","@graph":[{"@type":"WebPage","@id":"https:\/\/klasmann-deilmann.com\/fr\/mentions-legales\/","url":"https:\/\/klasmann-deilmann.com\/fr\/mentions-legales\/","name":"Mentions l\u00e9gales - Klasmann-Deilmann","isPartOf":{"@id":"https:\/\/klasmann-deilmann.com\/en\/#website"},"datePublished":"2018-07-20T07:25:33+00:00","dateModified":"2024-10-07T08:51:44+00:00","breadcrumb":{"@id":"https:\/\/klasmann-deilmann.com\/fr\/mentions-legales\/#breadcrumb"},"inLanguage":"fr-FR","potentialAction":[{"@type":"ReadAction","target":["https:\/\/klasmann-deilmann.com\/fr\/mentions-legales\/"]}]},{"@type":"BreadcrumbList","@id":"https:\/\/klasmann-deilmann.com\/fr\/mentions-legales\/#breadcrumb","itemListElement":[{"@type":"ListItem","position":1,"name":"Home","item":"https:\/\/klasmann-deilmann.com\/fr\/"},{"@type":"ListItem","position":2,"name":"Mentions l\u00e9gales"}]},{"@type":"WebSite","@id":"https:\/\/klasmann-deilmann.com\/en\/#website","url":"https:\/\/klasmann-deilmann.com\/en\/","name":"Klasmann-Deilmann","description":"","potentialAction":[{"@type":"SearchAction","target":{"@type":"EntryPoint","urlTemplate":"https:\/\/klasmann-deilmann.com\/en\/?s={search_term_string}"},"query-input":{"@type":"PropertyValueSpecification","valueRequired":true,"valueName":"search_term_string"}}],"inLanguage":"fr-FR"}]}},"_links":{"self":[{"href":"https:\/\/klasmann-deilmann.com\/fr\/wp-json\/wp\/v2\/pages\/7275","targetHints":{"allow":["GET"]}}],"collection":[{"href":"https:\/\/klasmann-deilmann.com\/fr\/wp-json\/wp\/v2\/pages"}],"about":[{"href":"https:\/\/klasmann-deilmann.com\/fr\/wp-json\/wp\/v2\/types\/page"}],"author":[{"embeddable":true,"href":"https:\/\/klasmann-deilmann.com\/fr\/wp-json\/wp\/v2\/users\/2"}],"replies":[{"embeddable":true,"href":"https:\/\/klasmann-deilmann.com\/fr\/wp-json\/wp\/v2\/comments?post=7275"}],"version-history":[{"count":7,"href":"https:\/\/klasmann-deilmann.com\/fr\/wp-json\/wp\/v2\/pages\/7275\/revisions"}],"predecessor-version":[{"id":87046,"href":"https:\/\/klasmann-deilmann.com\/fr\/wp-json\/wp\/v2\/pages\/7275\/revisions\/87046"}],"wp:attachment":[{"href":"https:\/\/klasmann-deilmann.com\/fr\/wp-json\/wp\/v2\/media?parent=7275"}],"curies":[{"name":"wp","href":"https:\/\/api.w.org\/{rel}","templated":true}]}}