{"id":7270,"date":"2018-07-20T09:23:22","date_gmt":"2018-07-20T07:23:22","guid":{"rendered":"\/\/klasmann-deilmann.com\/?page_id=7270"},"modified":"2020-05-18T06:40:17","modified_gmt":"2020-05-18T04:40:17","slug":"cgv-france","status":"publish","type":"page","link":"https:\/\/klasmann-deilmann.com\/fr\/cgv-france\/","title":{"rendered":"CGV France"},"content":{"rendered":"<div class=\"wpb-content-wrapper\">[vc_row][vc_column][kd_header_image_banner image=\u00a0\u00bb340&Prime;][vc_column_text]<\/p>\n<h1><span class=\"CharacterStyle1\"><span lang=\"FR\">Condition <\/span><\/span><span class=\"characterstyle1\"><span lang=\"FR\">g\u00e9n\u00e9rales <\/span><\/span><span class=\"CharacterStyle1\"><span lang=\"FR\">de vente<\/span><\/span><\/h1>\n<p>[\/vc_column_text][\/vc_column][vc_column][vc_row_inner][vc_column_inner][vc_column_text]<strong>Ces conditions g\u00e9n\u00e9rales de vente sont applicables uniquement en m\u00e9tropole fran\u00e7aise, Corse et les DROM COM<\/strong><\/p>\n<p>Pour les ventes en dehors de la France, Corse et DROM COM, merci de vous r\u00e9f\u00e9rer aux&nbsp; <a href=\"\/fr\/cgv-international\/\">Conditions g\u00e9n\u00e9rales Internationales du Groupe Klasmann-Deilmann<\/a>[\/vc_column_text][\/vc_column_inner][\/vc_row_inner][vc_row_inner][vc_column_inner][vc_column_text]Les commandes prises par nos agents ne nous engagent qu&rsquo;apr\u00e8s confirmation \u00e9crite de notre part.<\/p>\n<p>Les pr\u00e9sentes conditions g\u00e9n\u00e9rales de vente (CGV) sont syst\u00e9matiquement adress\u00e9es ou remises \u00e0 chaque acheteur. Quelles que soient les conditions des acheteurs, le seul fait de nous passer commande implique l&rsquo;acceptation pure et simple des conditions ci-dessous, sans restriction, ni r\u00e9serves, et ce, quelles que soient les stipulations pouvant figurer aux conditions g\u00e9n\u00e9rales d&rsquo;achat de ceux-ci.<\/p>\n<p>Les pr\u00e9sentes conditions s\u2019appliquent \u00e0 toutes les ventes de produits de la soci\u00e9t\u00e9 Klasmann-Deilmann France sauf, le cas \u00e9ch\u00e9ant, accord expr\u00e8s sp\u00e9cifique pr\u00e9alable \u00e0 la commande convenu par \u00e9crit entre les parties.<\/p>\n<p>Dans tous les cas de changement de situation du client, d\u00e9c\u00e8s, incapacit\u00e9, faillite, proc\u00e9dure de sauvegarde, de redressement ou de liquidation judiciaire, suspension de paiement, cr\u00e9dit douteux, dissolution ou modification de soci\u00e9t\u00e9, nous avons le droit d&rsquo;annuler les march\u00e9s ou d&rsquo;exiger des garanties.<\/p>\n<p>A leur demande, les clients peuvent obtenir communication des bar\u00e8mes de prix. La facturation s&rsquo;effectue au tarif au jour du d\u00e9part de l\u2019usine ou du d\u00e9p\u00f4t et le cas \u00e9ch\u00e9ant, pour la m\u00e9tropole uniquement, de la proposition commerciale particuli\u00e8re \u00e9tablie par accord.<\/p>\n<p>Les tarifs \u00e9tant fix\u00e9s en fonction des conditions \u00e9conomiques actuelles, nous nous r\u00e9servons le droit de les modifier \u00e0 tout moment, sans pr\u00e9avis,notamment en cas d\u2019\u00e9volution significative du co\u00fbt des mati\u00e8res premi\u00e8resou des transports.<\/p>\n<h3>MODALIT\u00c9S DE PAIEMENT<\/h3>\n<p>Sauf conventions contraires, nos factures sont payables dans les strictes conditions indiqu\u00e9es au recto du bon de commande. En outre, si votre risque de d\u00e9faillance n\u2019est plus couvert par notre assureur, nous nous r\u00e9servons la possibilit\u00e9 d\u2019exiger un paiement comptant pour toute nouvelle commande de votre part \u00e0 compter de la date de ce refus.<\/p>\n<p>Le d\u00e9faut de paiement d&rsquo;un seul effet ou d&rsquo;une seule facture, \u00e0 son \u00e9ch\u00e9ance, rend imm\u00e9diatement exigibles toutes les cr\u00e9ances de notre soci\u00e9t\u00e9 m\u00eame non encore \u00e9chues. D\u00e8s la date de l&rsquo;\u00e9ch\u00e9ance, il sera d\u00fb \u00e0 titre d&rsquo;int\u00e9r\u00eat de retard, un int\u00e9r\u00eat \u00e9gal \u00e0 trois fois le taux d\u2019int\u00e9r\u00eat l\u00e9gal.<\/p>\n<p>Dans le cas o\u00f9 la carence du d\u00e9biteur nous contraindrait \u00e0 confier \u00e0 notre service contentieux, le recouvrement des sommes dues \u00e0 notre soci\u00e9t\u00e9, celles-ci se trouveraient major\u00e9es, en plus des int\u00e9r\u00eats pr\u00e9cit\u00e9s, d&rsquo;une indemnit\u00e9 fix\u00e9e \u00e0 QUINZE POUR CENT (15 %) de leur montant, \u00e9tablie \u00e0 titre de clause p\u00e9nale, conform\u00e9ment aux articles 1152 et 1226 du Code Civil, outre versement de l\u2019indemnit\u00e9 forfaitaire pour frais de recouvrement de 40 euros, pr\u00e9vue par l\u2019article L442-6 du Code de commerce.<\/p>\n<p>De convention formelle, les \u00e9v\u00e9nements de gr\u00e8ve, lockout, incendie, inondation, avarie de mat\u00e9riel, \u00e9meute, guerre \u00e9pid\u00e9mie, etc\u2026 soit chez nous, soit chez les fournisseurs ou transporteurs ou chez les destinataires, seront tenus pour cas de force majeure qui nous d\u00e9lient compl\u00e8tement de tout contrat de plein droit et sans indemnit\u00e9.<\/p>\n<p>Toutes nos marchandises, que l&rsquo;envoi soit fait en port d\u00fb ou en port pay\u00e9, ou d\u00e9part d&rsquo;usine, voyagent aux risques et p\u00e9rils du destinataire, seul qualifi\u00e9 pour pr\u00e9senter au transporteur les r\u00e9clamations concernant les manquants, avaries, etc&#8230;<\/p>\n<p>Nos repr\u00e9sentants ne sont pas habilit\u00e9s \u00e0 recevoir les paiements en liquide.<\/p>\n<h3>RESPONSABILIT\u00c9<\/h3>\n<p>Le producteur ou le responsable de la mise sur le march\u00e9 garantit la qualit\u00e9 loyale et marchande de ses produits, exempts de vices cach\u00e9s, vendus dans leur emballage et \u00e9tat d&rsquo;origine.<\/p>\n<p>Toutefois sa responsabilit\u00e9 est express\u00e9ment exclue dans les cas ci-apr\u00e8s :<\/p>\n<ol>\n<li>Perte d&rsquo;identit\u00e9 du produit cons\u00e9cutive \u00e0 une modification de son \u00e9tat d&rsquo;origine (qualit\u00e9s physiques et\/ou chimiques notamment) du fait du revendeur et\/ou de l&rsquo;utilisateur final. Toute r\u00e9clamation portant sur un produit ayant subi des adjonctions diverses du fait de l&rsquo;utilisateur et\/ou du revendeur, changeant de ce fait les caract\u00e9ristiques initiales, ne sera pas recevable.<\/li>\n<li>D\u00e9tournement d&rsquo;usage du produit.<\/li>\n<li>Utilisation erron\u00e9e de celui-ci ou non conforme \u00e0 la prudence et aux usages de la profession.<\/li>\n<li>Nous d\u00e9clinons toute garantie en cas de stockage non conforme aux prescriptions ci&shy;-apr\u00e8s :<\/li>\n<\/ol>\n<ul>\n<li>Les produits en vrac seront stock\u00e9s sur plateforme en b\u00e9ton ou pav\u00e9e, recouverte de plastique \u00e9tanche, avec s\u00e9paration lat\u00e9rale par un mur en b\u00e9ton ou en bois ou en plastique, avec couverture ad\u00e9quate contre pluie, soleil et vent.<\/li>\n<li>Les produits conditionn\u00e9s seront stock\u00e9s dans un endroit temp\u00e9r\u00e9, prot\u00e9g\u00e9 du soleil direct et des pr\u00e9cipitations.<\/li>\n<li>Les premiers produits entr\u00e9s en stock ou fabriqu\u00e9s seront les premiers sortis ou employ\u00e9s.<\/li>\n<\/ul>\n<p>Toute r\u00e9clamation pour non-conformit\u00e9 des quantit\u00e9s ou r\u00e9f\u00e9rences de produits livr\u00e9es par rapport \u00e0 la commande devra intervenir dans un d\u00e9lai maximal de huit (8) jours ouvr\u00e9s \u00e0 compter de la mise \u00e0 disposition ou livraison de ces produits etdevra \u00eatre confirm\u00e9e par \u00e9crit dans les plus brefs d\u00e9lais.Le client ayant l\u2019obligation de v\u00e9rifier, d\u00e8s r\u00e9ception des marchandises, la conformit\u00e9 de la livraison par rapport aux marchandises et quantit\u00e9s command\u00e9es et l\u2019obligation de notifier les r\u00e9serves d\u2019usage sur la lettre de voiture CMR. Sans cette notification, aucune r\u00e9clamation ou litige ne pourra \u00eatre recevable par Klasmann-Deilmann France.<\/p>\n<p>Toute r\u00e9clamation concernant la non-conformit\u00e9 de la qualit\u00e9 des produits devra intervenir dans un d\u00e9lai maximal de trois (3) mois \u00e0 compter de la mise \u00e0 disposition ou de la livraison de ces produits. Elle devra \u00eatre confirm\u00e9e par \u00e9crit dans les plus brefs d\u00e9lais et \u00eatre appuy\u00e9e :<\/p>\n<ul>\n<li>d&rsquo;un constat d&rsquo;huissier effectu\u00e9 en pr\u00e9sence du Producteur ou du Responsable de la mise sur le march\u00e9 faisant notamment \u00e9tat des conditions de stockage dont il est question ci&shy;-dessus,<\/li>\n<li>d&rsquo;un pr\u00e9l\u00e8vement minimum par l&rsquo;huissier de 4 \u00e9chantillons de produits non utilis\u00e9s et repr\u00e9sentatifs de la livraison. Ces 4 \u00e9chantillons seront conserv\u00e9s par l&rsquo;huissier (2 pour le compte de chaque partie).<\/li>\n<\/ul>\n<p>Toute r\u00e9clamation recevable concernant la qualit\u00e9 d\u2019un produit sera pr\u00e9alablement soumise \u00e0 une expertise amiable comportant une analyse des \u00e9chantillons par un laboratoire agr\u00e9\u00e9, appliquant les contr\u00f4l\u00e9s pr\u00e9vus par la norme des supports de culture.<\/p>\n<p>Les d\u00e9lais et modes de r\u00e9clamation stipul\u00e9s ci-dessus ne sont valables que pour ceux de nos produits class\u00e9s \u00ab\u00a0supports de culture\u00a0\u00bb et se substituent \u00e0 ceux de nos conditions g\u00e9n\u00e9rales de ventes qui leur seraient contraires.<\/p>\n<p>En l\u2019absence de toute notification de r\u00e9clamation dans ces d\u00e9lais, les produits seront consid\u00e9r\u00e9s comme ayant \u00e9t\u00e9 livr\u00e9s en bon \u00e9tat et conformes \u00e0 la commande, sans recours possible du client pour non-conformit\u00e9.<\/p>\n<h3>R\u00c9SERVE DE PROPRI\u00c9T\u00c9<\/h3>\n<p><strong>En application des dispositions de l&rsquo;article L. 624-16 du Code de commerce, nos marchandises demeurent la propri\u00e9t\u00e9 pleine et enti\u00e8re de la soci\u00e9t\u00e9 Klasmann-Deilmann France, jusqu&rsquo;\u00e0 r\u00e8glement complet des factures correspondantes. Elles ne peuvent donc pas \u00eatre revendues en l&rsquo;\u00e9tat ou transform\u00e9es sans notre accord ou faire l&rsquo;objet de cession de la cr\u00e9ance du sous acqu\u00e9reur.<\/strong><\/p>\n<p>A d\u00e9faut de paiement par l&rsquo;acheteur, d&rsquo;une seule fraction du prix aux \u00e9ch\u00e9ances convenues, et QUINZE jours apr\u00e8s une mise en demeure par simple lettre recommand\u00e9e avec avis de r\u00e9ception demeur\u00e9e infructueuse, la pr\u00e9sente vente sera r\u00e9solue de plein droit et les marchandises restitu\u00e9es sans d\u00e9lai.<\/p>\n<p>Les dispositions ci-dessus ne font pas obstacle au transfert des risques \u00e0 la charge du Client (notamment risque de perte, de d\u00e9t\u00e9rioration, et dommages \u00e9ventuels occasionn\u00e9s par les produits) d\u00e8s la remise des produits.<\/p>\n<h3>RESTITUTION DES MARCHANDISES<\/h3>\n<p>Tout produit retourn\u00e9 sans notre accord ne donnera pas lieu \u00e0 l\u2019\u00e9tablissement d\u2019un avoir, ni \u00e0 remboursement.<\/p>\n<p>En cas de d\u00e9saccords sur les modalit\u00e9s de restitution des produits, celle-ci pourra \u00eatre obtenue par ordonnance de r\u00e9f\u00e9r\u00e9 rendue par M. le Pr\u00e9sident du Tribunal de Commerce de Lyon auquel les parties attribuent express\u00e9ment comp\u00e9tence. La m\u00eame d\u00e9cision d\u00e9signera un expert en vue de constater l&rsquo;\u00e9tat des marchandises restitu\u00e9es et d&rsquo;en fixer la valeur au jour de la reprise ; sur cette base, les comptes des parties seront liquid\u00e9s sans pr\u00e9judice d&rsquo;\u00e9ventuels dommages et int\u00e9r\u00eats qui pourraient \u00eatre dus par l&rsquo;acheteur en r\u00e9paration du pr\u00e9judice subi par le vendeur du fait de la r\u00e9solution de la vente.<\/p>\n<h3>LANGUE \u2013 LOI APPLICABLE<\/h3>\n<p>Les pr\u00e9sentes conditions g\u00e9n\u00e9rales de vente sontr\u00e9dig\u00e9es en langue fran\u00e7aise etsont soumises \u00e0 la loi fran\u00e7aise.<\/p>\n<h3>LITIGES<\/h3>\n<p>Tout litige sera de la comp\u00e9tence du Tribunal de Commerce de Lyon, dont la juridiction est reconnue comme exclusive, m\u00eame en cas de pluralit\u00e9 de d\u00e9fendeurs ou d&rsquo;appel en garantie.[\/vc_column_text][\/vc_column_inner][\/vc_row_inner][\/vc_column][\/vc_row][vc_row][vc_column][vc_column_text]<\/p>\n<p>[\/vc_column_text][\/vc_column][\/vc_row]<\/p><\/div>\n","protected":false},"excerpt":{"rendered":"<p>[vc_row][vc_column][kd_header_image_banner image=\u00a0\u00bb340&Prime;][vc_column_text] Condition g\u00e9n\u00e9rales de vente [\/vc_column_text][\/vc_column][vc_column][vc_row_inner][vc_column_inner][vc_column_text]Ces conditions g\u00e9n\u00e9rales de vente sont applicables uniquement en m\u00e9tropole fran\u00e7aise, Corse et les DROM COM Pour les ventes en dehors de la France, Corse et DROM COM, merci de vous r\u00e9f\u00e9rer aux&nbsp; Conditions g\u00e9n\u00e9rales Internationales du Groupe Klasmann-Deilmann[\/vc_column_text][\/vc_column_inner][\/vc_row_inner][vc_row_inner][vc_column_inner][vc_column_text]Les commandes prises par nos agents ne nous engagent qu&rsquo;apr\u00e8s confirmation \u00e9crite de notre part. Les pr\u00e9sentes conditions g\u00e9n\u00e9rales de vente (CGV) sont syst\u00e9matiquement adress\u00e9es ou remises \u00e0 chaque acheteur. Quelles que soient les conditions des<\/p>\n","protected":false},"author":2,"featured_media":0,"parent":0,"menu_order":578,"comment_status":"closed","ping_status":"closed","template":"","meta":{"_acf_changed":false,"inline_featured_image":false,"footnotes":""},"class_list":["post-7270","page","type-page","status-publish","hentry"],"acf":[],"yoast_head":"<!-- This site is optimized with the Yoast SEO plugin v27.5 - https:\/\/yoast.com\/product\/yoast-seo-wordpress\/ -->\n<title>CGV France - Klasmann-Deilmann<\/title>\n<meta name=\"robots\" content=\"index, follow, max-snippet:-1, max-image-preview:large, max-video-preview:-1\" \/>\n<link rel=\"canonical\" href=\"https:\/\/klasmann-deilmann.com\/fr\/cgv-france\/\" \/>\n<meta property=\"og:locale\" content=\"fr_FR\" \/>\n<meta property=\"og:type\" content=\"article\" \/>\n<meta property=\"og:title\" content=\"CGV France - Klasmann-Deilmann\" \/>\n<meta property=\"og:description\" content=\"[vc_row][vc_column][kd_header_image_banner image=\u00a0\u00bb340&Prime;][vc_column_text] Condition g\u00e9n\u00e9rales de vente [\/vc_column_text][\/vc_column][vc_column][vc_row_inner][vc_column_inner][vc_column_text]Ces conditions g\u00e9n\u00e9rales de vente sont applicables uniquement en m\u00e9tropole fran\u00e7aise, Corse et les DROM COM Pour les ventes en dehors de la France, Corse et DROM COM, merci de vous r\u00e9f\u00e9rer aux&nbsp; Conditions g\u00e9n\u00e9rales Internationales du Groupe Klasmann-Deilmann[\/vc_column_text][\/vc_column_inner][\/vc_row_inner][vc_row_inner][vc_column_inner][vc_column_text]Les commandes prises par nos agents ne nous engagent qu&rsquo;apr\u00e8s confirmation \u00e9crite de notre part. Les pr\u00e9sentes conditions g\u00e9n\u00e9rales de vente (CGV) sont syst\u00e9matiquement adress\u00e9es ou remises \u00e0 chaque acheteur. Quelles que soient les conditions des\" \/>\n<meta property=\"og:url\" content=\"https:\/\/klasmann-deilmann.com\/fr\/cgv-france\/\" \/>\n<meta property=\"og:site_name\" content=\"Klasmann-Deilmann\" \/>\n<meta property=\"article:modified_time\" content=\"2020-05-18T04:40:17+00:00\" \/>\n<meta name=\"twitter:card\" content=\"summary_large_image\" \/>\n<meta name=\"twitter:label1\" content=\"Dur\u00e9e de lecture estim\u00e9e\" \/>\n\t<meta name=\"twitter:data1\" content=\"8 minutes\" \/>\n<script type=\"application\/ld+json\" class=\"yoast-schema-graph\">{\"@context\":\"https:\\\/\\\/schema.org\",\"@graph\":[{\"@type\":\"WebPage\",\"@id\":\"https:\\\/\\\/klasmann-deilmann.com\\\/fr\\\/cgv-france\\\/\",\"url\":\"https:\\\/\\\/klasmann-deilmann.com\\\/fr\\\/cgv-france\\\/\",\"name\":\"CGV France - Klasmann-Deilmann\",\"isPartOf\":{\"@id\":\"https:\\\/\\\/klasmann-deilmann.com\\\/en\\\/#website\"},\"datePublished\":\"2018-07-20T07:23:22+00:00\",\"dateModified\":\"2020-05-18T04:40:17+00:00\",\"breadcrumb\":{\"@id\":\"https:\\\/\\\/klasmann-deilmann.com\\\/fr\\\/cgv-france\\\/#breadcrumb\"},\"inLanguage\":\"fr-FR\",\"potentialAction\":[{\"@type\":\"ReadAction\",\"target\":[\"https:\\\/\\\/klasmann-deilmann.com\\\/fr\\\/cgv-france\\\/\"]}]},{\"@type\":\"BreadcrumbList\",\"@id\":\"https:\\\/\\\/klasmann-deilmann.com\\\/fr\\\/cgv-france\\\/#breadcrumb\",\"itemListElement\":[{\"@type\":\"ListItem\",\"position\":1,\"name\":\"Home\",\"item\":\"https:\\\/\\\/klasmann-deilmann.com\\\/fr\\\/\"},{\"@type\":\"ListItem\",\"position\":2,\"name\":\"CGV France\"}]},{\"@type\":\"WebSite\",\"@id\":\"https:\\\/\\\/klasmann-deilmann.com\\\/en\\\/#website\",\"url\":\"https:\\\/\\\/klasmann-deilmann.com\\\/en\\\/\",\"name\":\"Klasmann-Deilmann\",\"description\":\"\",\"potentialAction\":[{\"@type\":\"SearchAction\",\"target\":{\"@type\":\"EntryPoint\",\"urlTemplate\":\"https:\\\/\\\/klasmann-deilmann.com\\\/en\\\/?s={search_term_string}\"},\"query-input\":{\"@type\":\"PropertyValueSpecification\",\"valueRequired\":true,\"valueName\":\"search_term_string\"}}],\"inLanguage\":\"fr-FR\"}]}<\/script>\n<!-- \/ Yoast SEO plugin. -->","yoast_head_json":{"title":"CGV France - Klasmann-Deilmann","robots":{"index":"index","follow":"follow","max-snippet":"max-snippet:-1","max-image-preview":"max-image-preview:large","max-video-preview":"max-video-preview:-1"},"canonical":"https:\/\/klasmann-deilmann.com\/fr\/cgv-france\/","og_locale":"fr_FR","og_type":"article","og_title":"CGV France - Klasmann-Deilmann","og_description":"[vc_row][vc_column][kd_header_image_banner image=\u00a0\u00bb340&Prime;][vc_column_text] Condition g\u00e9n\u00e9rales de vente [\/vc_column_text][\/vc_column][vc_column][vc_row_inner][vc_column_inner][vc_column_text]Ces conditions g\u00e9n\u00e9rales de vente sont applicables uniquement en m\u00e9tropole fran\u00e7aise, Corse et les DROM COM Pour les ventes en dehors de la France, Corse et DROM COM, merci de vous r\u00e9f\u00e9rer aux&nbsp; Conditions g\u00e9n\u00e9rales Internationales du Groupe Klasmann-Deilmann[\/vc_column_text][\/vc_column_inner][\/vc_row_inner][vc_row_inner][vc_column_inner][vc_column_text]Les commandes prises par nos agents ne nous engagent qu&rsquo;apr\u00e8s confirmation \u00e9crite de notre part. Les pr\u00e9sentes conditions g\u00e9n\u00e9rales de vente (CGV) sont syst\u00e9matiquement adress\u00e9es ou remises \u00e0 chaque acheteur. Quelles que soient les conditions des","og_url":"https:\/\/klasmann-deilmann.com\/fr\/cgv-france\/","og_site_name":"Klasmann-Deilmann","article_modified_time":"2020-05-18T04:40:17+00:00","twitter_card":"summary_large_image","twitter_misc":{"Dur\u00e9e de lecture estim\u00e9e":"8 minutes"},"schema":{"@context":"https:\/\/schema.org","@graph":[{"@type":"WebPage","@id":"https:\/\/klasmann-deilmann.com\/fr\/cgv-france\/","url":"https:\/\/klasmann-deilmann.com\/fr\/cgv-france\/","name":"CGV France - Klasmann-Deilmann","isPartOf":{"@id":"https:\/\/klasmann-deilmann.com\/en\/#website"},"datePublished":"2018-07-20T07:23:22+00:00","dateModified":"2020-05-18T04:40:17+00:00","breadcrumb":{"@id":"https:\/\/klasmann-deilmann.com\/fr\/cgv-france\/#breadcrumb"},"inLanguage":"fr-FR","potentialAction":[{"@type":"ReadAction","target":["https:\/\/klasmann-deilmann.com\/fr\/cgv-france\/"]}]},{"@type":"BreadcrumbList","@id":"https:\/\/klasmann-deilmann.com\/fr\/cgv-france\/#breadcrumb","itemListElement":[{"@type":"ListItem","position":1,"name":"Home","item":"https:\/\/klasmann-deilmann.com\/fr\/"},{"@type":"ListItem","position":2,"name":"CGV France"}]},{"@type":"WebSite","@id":"https:\/\/klasmann-deilmann.com\/en\/#website","url":"https:\/\/klasmann-deilmann.com\/en\/","name":"Klasmann-Deilmann","description":"","potentialAction":[{"@type":"SearchAction","target":{"@type":"EntryPoint","urlTemplate":"https:\/\/klasmann-deilmann.com\/en\/?s={search_term_string}"},"query-input":{"@type":"PropertyValueSpecification","valueRequired":true,"valueName":"search_term_string"}}],"inLanguage":"fr-FR"}]}},"_links":{"self":[{"href":"https:\/\/klasmann-deilmann.com\/fr\/wp-json\/wp\/v2\/pages\/7270","targetHints":{"allow":["GET"]}}],"collection":[{"href":"https:\/\/klasmann-deilmann.com\/fr\/wp-json\/wp\/v2\/pages"}],"about":[{"href":"https:\/\/klasmann-deilmann.com\/fr\/wp-json\/wp\/v2\/types\/page"}],"author":[{"embeddable":true,"href":"https:\/\/klasmann-deilmann.com\/fr\/wp-json\/wp\/v2\/users\/2"}],"replies":[{"embeddable":true,"href":"https:\/\/klasmann-deilmann.com\/fr\/wp-json\/wp\/v2\/comments?post=7270"}],"version-history":[{"count":5,"href":"https:\/\/klasmann-deilmann.com\/fr\/wp-json\/wp\/v2\/pages\/7270\/revisions"}],"predecessor-version":[{"id":18569,"href":"https:\/\/klasmann-deilmann.com\/fr\/wp-json\/wp\/v2\/pages\/7270\/revisions\/18569"}],"wp:attachment":[{"href":"https:\/\/klasmann-deilmann.com\/fr\/wp-json\/wp\/v2\/media?parent=7270"}],"curies":[{"name":"wp","href":"https:\/\/api.w.org\/{rel}","templated":true}]}}