{"id":18390,"date":"2020-04-24T13:15:53","date_gmt":"2020-04-24T11:15:53","guid":{"rendered":"https:\/\/klasmann-deilmann.com\/?page_id=18390"},"modified":"2020-04-24T13:38:16","modified_gmt":"2020-04-24T11:38:16","slug":"k-newsery","status":"publish","type":"page","link":"https:\/\/klasmann-deilmann.com\/fr\/k-newsery\/","title":{"rendered":"K-Newsery"},"content":{"rendered":"<div class=\"wpb-content-wrapper\">[vc_row el_class=\u00a0\u00bbreducedhidden\u00a0\u00bb][vc_column][kd_header_image_banner image=\u00a0\u00bb16241&Prime;][\/vc_column][\/vc_row][vc_row el_class=\u00a0\u00bbreducedhidden\u00a0\u00bb][vc_column][vc_row_inner][vc_column_inner width=\u00a0\u00bb2\/12&Prime;][\/vc_column_inner][vc_column_inner width=\u00a0\u00bb8\/12&Prime;][vc_column_text]<\/p>\n<h1>Bienvenue chez K\u2011Newsery,<br \/>\nle nouveau bulletin d&rsquo;information num\u00e9rique de Klasmann-Deilmann<\/h1>\n<p>Qu&rsquo;il s&rsquo;agisse de l&rsquo;alimentation de la population mondiale, du changement climatique, de l&rsquo;utilisation de tourbe dans l&rsquo;horticulture ou de concepts prometteurs dans le domaine des substrats : K\u2011Newsery n&rsquo;est pas seulement un bulletin d&rsquo;information num\u00e9rique. K\u2011Newsery se consid\u00e8re comme une plate-forme globale permettant de faire face aux challenges de notre \u00e9poque. K\u2011Newsery regarde vers l&rsquo;avenir, examine la contribution que peut apporter l&rsquo;horticulture de production.<\/p>\n<p>Notre propre exp\u00e9rience en tant que producteur leader pour les substrats de culture a autant de poids que les avis ind\u00e9pendants d&rsquo;experts confirm\u00e9s du monde entier.<\/p>\n<p>&nbsp;[\/vc_column_text][\/vc_column_inner][vc_column_inner width=\u00a0\u00bb2\/12&Prime;][\/vc_column_inner][\/vc_row_inner][\/vc_column][\/vc_row][vc_row el_class=\u00a0\u00bbgreyhighlight\u00a0\u00bb][vc_column][vc_row_inner][vc_column_inner width=\u00a0\u00bb2\/12&Prime;][\/vc_column_inner][vc_column_inner width=\u00a0\u00bb8\/12&Prime;][vc_column_text]<\/p>\n<div class=\"reducedhidden\">\n<h2>Inscrivez-vous d\u00e8s maintenant ici.<\/h2>\n<p>De mani\u00e8re rapide, simple et absolument sans engagement :<\/p>\n<\/div>\n<form method=\"post\" action=\"https:\/\/klasmann-deilmann.com\/wp-admin\/admin-ajax.php?action=tnp&amp;na=s\" class=\"tnp-subscription\" style=\"\">\n<input type=\"hidden\" name=\"nlang\" value=\"fr\"><\/p>\n<div class=\"tnp-field tnp-field-firstname\"><label for=\"tnp-1\">Pr\u00e9nom<\/label><br \/>\n<input class=\"tnp-name\" type=\"text\" name=\"nn\" id=\"tnp-1\" value=\"\" placeholder=\"\"><\/div>\n<div class=\"tnp-field tnp-field-surname\"><label for=\"tnp-2\">Nom<\/label><br \/>\n<input class=\"tnp-surname\" type=\"text\" name=\"ns\" id=\"tnp-2\" value=\"\" placeholder=\"\"><\/div>\n<div class=\"tnp-field tnp-field-profile\"><label for=\"tnp-3\">Entreprise<\/label><br \/>\n<input class=\"tnp-profile tnp-profile-1\" id=\"tnp-profile_1\" type=\"text\" size=\"\" name=\"np1\" placeholder=\"company\"><\/div>\n<div class=\"tnp-field tnp-field-email\"><label for=\"tnp-4\">E-mail<\/label><br \/>\n<input class=\"tnp-email\" type=\"email\" name=\"ne\" id=\"tnp-4\" value=\"\" placeholder=\"\" required><\/div>\n<div class=\"tnp-field tnp-field-checkbox tnp-field-privacy\"><input type=\"checkbox\" name=\"ny\" required class=\"tnp-privacy\" id=\"tnp-5\"> <label for=\"tnp-5\"><a target=\"_blank\" href=\"https:\/\/klasmann-deilmann.com\/fr\/regles-de-confidentialite\/\">En poursuivant, vous acceptez notre d\u00e9claration de confidentialit\u00e9 sur la protection des donn\u00e9es.<\/a><\/label><\/div>\n<div class=\"tnp-field tnp-field-button\" style=\"text-align: left\"><input class=\"tnp-submit\" type=\"submit\" value=\"S&#039;abonner\" style=\"\">\n<\/div>\n<\/form>\n<p>[\/vc_column_text][\/vc_column_inner][vc_column_inner width=\u00a0\u00bb2\/12&Prime;][\/vc_column_inner][\/vc_row_inner][\/vc_column][\/vc_row]<\/p><\/div>\n","protected":false},"excerpt":{"rendered":"<p>[vc_row el_class=\u00a0\u00bbreducedhidden\u00a0\u00bb][vc_column][kd_header_image_banner image=\u00a0\u00bb16241&Prime;][\/vc_column][\/vc_row][vc_row el_class=\u00a0\u00bbreducedhidden\u00a0\u00bb][vc_column][vc_row_inner][vc_column_inner width=\u00a0\u00bb2\/12&Prime;][\/vc_column_inner][vc_column_inner width=\u00a0\u00bb8\/12&Prime;][vc_column_text] Bienvenue chez K\u2011Newsery, le nouveau bulletin d&rsquo;information num\u00e9rique de Klasmann-Deilmann Qu&rsquo;il s&rsquo;agisse de l&rsquo;alimentation de la population mondiale, du changement climatique, de l&rsquo;utilisation de tourbe dans l&rsquo;horticulture ou de concepts prometteurs dans le domaine des substrats : K\u2011Newsery n&rsquo;est pas seulement un bulletin d&rsquo;information num\u00e9rique. K\u2011Newsery se consid\u00e8re comme une plate-forme globale permettant de faire face aux challenges de notre \u00e9poque. K\u2011Newsery regarde vers l&rsquo;avenir, examine la contribution que peut apporter l&rsquo;horticulture de production.<\/p>\n","protected":false},"author":2,"featured_media":0,"parent":0,"menu_order":480,"comment_status":"closed","ping_status":"closed","template":"","meta":{"_acf_changed":false,"inline_featured_image":false,"footnotes":""},"class_list":["post-18390","page","type-page","status-publish","hentry"],"acf":[],"yoast_head":"<!-- This site is optimized with the Yoast SEO plugin v27.5 - https:\/\/yoast.com\/product\/yoast-seo-wordpress\/ -->\n<title>K-Newsery - Klasmann-Deilmann<\/title>\n<meta name=\"robots\" content=\"index, follow, max-snippet:-1, max-image-preview:large, max-video-preview:-1\" \/>\n<link rel=\"canonical\" href=\"https:\/\/klasmann-deilmann.com\/fr\/k-newsery\/\" \/>\n<meta property=\"og:locale\" content=\"fr_FR\" \/>\n<meta property=\"og:type\" content=\"article\" \/>\n<meta property=\"og:title\" content=\"K-Newsery - Klasmann-Deilmann\" \/>\n<meta property=\"og:description\" content=\"[vc_row el_class=\u00a0\u00bbreducedhidden\u00a0\u00bb][vc_column][kd_header_image_banner image=\u00a0\u00bb16241&Prime;][\/vc_column][\/vc_row][vc_row el_class=\u00a0\u00bbreducedhidden\u00a0\u00bb][vc_column][vc_row_inner][vc_column_inner width=\u00a0\u00bb2\/12&Prime;][\/vc_column_inner][vc_column_inner width=\u00a0\u00bb8\/12&Prime;][vc_column_text] Bienvenue chez K\u2011Newsery, le nouveau bulletin d&rsquo;information num\u00e9rique de Klasmann-Deilmann Qu&rsquo;il s&rsquo;agisse de l&rsquo;alimentation de la population mondiale, du changement climatique, de l&rsquo;utilisation de tourbe dans l&rsquo;horticulture ou de concepts prometteurs dans le domaine des substrats : K\u2011Newsery n&rsquo;est pas seulement un bulletin d&rsquo;information num\u00e9rique. K\u2011Newsery se consid\u00e8re comme une plate-forme globale permettant de faire face aux challenges de notre \u00e9poque. K\u2011Newsery regarde vers l&rsquo;avenir, examine la contribution que peut apporter l&rsquo;horticulture de production.\" \/>\n<meta property=\"og:url\" content=\"https:\/\/klasmann-deilmann.com\/fr\/k-newsery\/\" \/>\n<meta property=\"og:site_name\" content=\"Klasmann-Deilmann\" \/>\n<meta property=\"article:modified_time\" content=\"2020-04-24T11:38:16+00:00\" \/>\n<meta name=\"twitter:card\" content=\"summary_large_image\" \/>\n<meta name=\"twitter:label1\" content=\"Dur\u00e9e de lecture estim\u00e9e\" \/>\n\t<meta name=\"twitter:data1\" content=\"1 minute\" \/>\n<script type=\"application\/ld+json\" class=\"yoast-schema-graph\">{\"@context\":\"https:\\\/\\\/schema.org\",\"@graph\":[{\"@type\":\"WebPage\",\"@id\":\"https:\\\/\\\/klasmann-deilmann.com\\\/fr\\\/k-newsery\\\/\",\"url\":\"https:\\\/\\\/klasmann-deilmann.com\\\/fr\\\/k-newsery\\\/\",\"name\":\"K-Newsery - Klasmann-Deilmann\",\"isPartOf\":{\"@id\":\"https:\\\/\\\/klasmann-deilmann.com\\\/en\\\/#website\"},\"datePublished\":\"2020-04-24T11:15:53+00:00\",\"dateModified\":\"2020-04-24T11:38:16+00:00\",\"breadcrumb\":{\"@id\":\"https:\\\/\\\/klasmann-deilmann.com\\\/fr\\\/k-newsery\\\/#breadcrumb\"},\"inLanguage\":\"fr-FR\",\"potentialAction\":[{\"@type\":\"ReadAction\",\"target\":[\"https:\\\/\\\/klasmann-deilmann.com\\\/fr\\\/k-newsery\\\/\"]}]},{\"@type\":\"BreadcrumbList\",\"@id\":\"https:\\\/\\\/klasmann-deilmann.com\\\/fr\\\/k-newsery\\\/#breadcrumb\",\"itemListElement\":[{\"@type\":\"ListItem\",\"position\":1,\"name\":\"Home\",\"item\":\"https:\\\/\\\/klasmann-deilmann.com\\\/fr\\\/\"},{\"@type\":\"ListItem\",\"position\":2,\"name\":\"K-Newsery\"}]},{\"@type\":\"WebSite\",\"@id\":\"https:\\\/\\\/klasmann-deilmann.com\\\/en\\\/#website\",\"url\":\"https:\\\/\\\/klasmann-deilmann.com\\\/en\\\/\",\"name\":\"Klasmann-Deilmann\",\"description\":\"\",\"potentialAction\":[{\"@type\":\"SearchAction\",\"target\":{\"@type\":\"EntryPoint\",\"urlTemplate\":\"https:\\\/\\\/klasmann-deilmann.com\\\/en\\\/?s={search_term_string}\"},\"query-input\":{\"@type\":\"PropertyValueSpecification\",\"valueRequired\":true,\"valueName\":\"search_term_string\"}}],\"inLanguage\":\"fr-FR\"}]}<\/script>\n<!-- \/ Yoast SEO plugin. -->","yoast_head_json":{"title":"K-Newsery - Klasmann-Deilmann","robots":{"index":"index","follow":"follow","max-snippet":"max-snippet:-1","max-image-preview":"max-image-preview:large","max-video-preview":"max-video-preview:-1"},"canonical":"https:\/\/klasmann-deilmann.com\/fr\/k-newsery\/","og_locale":"fr_FR","og_type":"article","og_title":"K-Newsery - Klasmann-Deilmann","og_description":"[vc_row el_class=\u00a0\u00bbreducedhidden\u00a0\u00bb][vc_column][kd_header_image_banner image=\u00a0\u00bb16241&Prime;][\/vc_column][\/vc_row][vc_row el_class=\u00a0\u00bbreducedhidden\u00a0\u00bb][vc_column][vc_row_inner][vc_column_inner width=\u00a0\u00bb2\/12&Prime;][\/vc_column_inner][vc_column_inner width=\u00a0\u00bb8\/12&Prime;][vc_column_text] Bienvenue chez K\u2011Newsery, le nouveau bulletin d&rsquo;information num\u00e9rique de Klasmann-Deilmann Qu&rsquo;il s&rsquo;agisse de l&rsquo;alimentation de la population mondiale, du changement climatique, de l&rsquo;utilisation de tourbe dans l&rsquo;horticulture ou de concepts prometteurs dans le domaine des substrats : K\u2011Newsery n&rsquo;est pas seulement un bulletin d&rsquo;information num\u00e9rique. K\u2011Newsery se consid\u00e8re comme une plate-forme globale permettant de faire face aux challenges de notre \u00e9poque. K\u2011Newsery regarde vers l&rsquo;avenir, examine la contribution que peut apporter l&rsquo;horticulture de production.","og_url":"https:\/\/klasmann-deilmann.com\/fr\/k-newsery\/","og_site_name":"Klasmann-Deilmann","article_modified_time":"2020-04-24T11:38:16+00:00","twitter_card":"summary_large_image","twitter_misc":{"Dur\u00e9e de lecture estim\u00e9e":"1 minute"},"schema":{"@context":"https:\/\/schema.org","@graph":[{"@type":"WebPage","@id":"https:\/\/klasmann-deilmann.com\/fr\/k-newsery\/","url":"https:\/\/klasmann-deilmann.com\/fr\/k-newsery\/","name":"K-Newsery - Klasmann-Deilmann","isPartOf":{"@id":"https:\/\/klasmann-deilmann.com\/en\/#website"},"datePublished":"2020-04-24T11:15:53+00:00","dateModified":"2020-04-24T11:38:16+00:00","breadcrumb":{"@id":"https:\/\/klasmann-deilmann.com\/fr\/k-newsery\/#breadcrumb"},"inLanguage":"fr-FR","potentialAction":[{"@type":"ReadAction","target":["https:\/\/klasmann-deilmann.com\/fr\/k-newsery\/"]}]},{"@type":"BreadcrumbList","@id":"https:\/\/klasmann-deilmann.com\/fr\/k-newsery\/#breadcrumb","itemListElement":[{"@type":"ListItem","position":1,"name":"Home","item":"https:\/\/klasmann-deilmann.com\/fr\/"},{"@type":"ListItem","position":2,"name":"K-Newsery"}]},{"@type":"WebSite","@id":"https:\/\/klasmann-deilmann.com\/en\/#website","url":"https:\/\/klasmann-deilmann.com\/en\/","name":"Klasmann-Deilmann","description":"","potentialAction":[{"@type":"SearchAction","target":{"@type":"EntryPoint","urlTemplate":"https:\/\/klasmann-deilmann.com\/en\/?s={search_term_string}"},"query-input":{"@type":"PropertyValueSpecification","valueRequired":true,"valueName":"search_term_string"}}],"inLanguage":"fr-FR"}]}},"_links":{"self":[{"href":"https:\/\/klasmann-deilmann.com\/fr\/wp-json\/wp\/v2\/pages\/18390","targetHints":{"allow":["GET"]}}],"collection":[{"href":"https:\/\/klasmann-deilmann.com\/fr\/wp-json\/wp\/v2\/pages"}],"about":[{"href":"https:\/\/klasmann-deilmann.com\/fr\/wp-json\/wp\/v2\/types\/page"}],"author":[{"embeddable":true,"href":"https:\/\/klasmann-deilmann.com\/fr\/wp-json\/wp\/v2\/users\/2"}],"replies":[{"embeddable":true,"href":"https:\/\/klasmann-deilmann.com\/fr\/wp-json\/wp\/v2\/comments?post=18390"}],"version-history":[{"count":2,"href":"https:\/\/klasmann-deilmann.com\/fr\/wp-json\/wp\/v2\/pages\/18390\/revisions"}],"predecessor-version":[{"id":18398,"href":"https:\/\/klasmann-deilmann.com\/fr\/wp-json\/wp\/v2\/pages\/18390\/revisions\/18398"}],"wp:attachment":[{"href":"https:\/\/klasmann-deilmann.com\/fr\/wp-json\/wp\/v2\/media?parent=18390"}],"curies":[{"name":"wp","href":"https:\/\/api.w.org\/{rel}","templated":true}]}}