{"id":92249,"date":"2024-10-15T10:49:05","date_gmt":"2024-10-15T08:49:05","guid":{"rendered":"https:\/\/klasmann-deilmann.com\/ambitos-de-aplicacion\/frutos-rojos\/frambuesas-y-moras\/propagation-substrates-for-raspberry-blackberry\/"},"modified":"2026-03-31T15:13:11","modified_gmt":"2026-03-31T13:13:11","slug":"propagacion-substratos-para-frambuesa-y-mora","status":"publish","type":"page","link":"https:\/\/klasmann-deilmann.com\/es\/ambitos-de-aplicacion\/frutos-rojos\/frambuesas-y-moras\/propagacion-substratos-para-frambuesa-y-mora\/","title":{"rendered":"Propagaci\u00f3n"},"content":{"rendered":"<div class=\"wpb-content-wrapper\">[vc_row][vc_column][kd_header_random_image_banner image=\u00bb87285&#8243;][\/kd_header_random_image_banner][kd_side_image_menu title=\u00bbOtros cultivos\u00bb images=\u00bb92325,85750&#8243; links=\u00bb%5B%7B%22link%22%3A%22url%3Ahttps%253A%252F%252Fklasmann-deilmann.com%252Fes%252Fambitos-de-aplicacion%252Ffrutos-rojos%252Ffresas%252F%7Ctitle%3ASoft%2520fruits%22%7D%2C%7B%22link%22%3A%22url%3Ahttps%253A%252F%252Fklasmann-deilmann.com%252Fes%252Fambitos-de-aplicacion%252Ffrutos-rojos%252Farandanos%252F%7Ctitle%3ASoft%2520fruits%22%7D%5D\u00bb][\/vc_column][\/vc_row][vc_row el_class=\u00bbsoftfruits-grid-row\u00bb][vc_column][vc_row_inner gap=\u00bb30&#8243;][vc_column_inner width=\u00bb2\/3&#8243;][vc_column_text css=\u00bb\u00bb]<\/p>\n<h2 style=\"text-align: left;\"><strong>Sustratos de propagaci\u00f3n para frambuesa y mora<\/strong><\/h2>\n<p>Sustratos de propagaci\u00f3n estructuralmente estables y cuidadosamente cribados, con una baja proporci\u00f3n de part\u00edculas finas, constituyen una base importante para conseguir saludables pl\u00e1ntulas de frutos rojos. Una fertilizaci\u00f3n precisa y uniforme, junto con un \u00f3ptimo ajuste del pH, resulta clave para asegurar plantones, esquejes enraizados y estolones fuertes y homog\u00e9neos. Nuestros productos se elaboran con turba rubia o fibra de coco de alta calidad procedentes de nuestras propias fuentes, en mezclas especialmente dise\u00f1adas con perlita de producci\u00f3n propia y nuestra innovadora GreenFibre\u00ae, una fibra de madera de fuentes renovables. Estos avanzados sustratos de propagaci\u00f3n para frutos rojos han demostrado ser beneficiosos para el cultivo de pl\u00e1ntulas en bandejas de alv\u00e9olos, ofreciendo numerosas ventajas. Su estructura de sustrato extrafina y suelta hace que sean id\u00f3neos para emplearlos en todas las l\u00edneas de llenado autom\u00e1tico.[\/vc_column_text][\/vc_column_inner][vc_column_inner width=\u00bb1\/3&#8243; el_id=\u00bbcontact-marginalia\u00bb][vc_column_text css=\u00bb\u00bb]<\/p>\n<h2><strong>Contacte con su colaborador local:<\/strong><\/h2>\n<p>[\/vc_column_text][kd_get_contact_by_country topic=\u00bb580&#8243;][\/vc_column_inner][\/vc_row_inner][\/vc_column][\/vc_row][vc_row css=\u00bb.vc_custom_1720617601140{padding-bottom: 70px !important;}\u00bb][vc_column][vc_row_inner gap=\u00bb30&#8243;][vc_column_inner width=\u00bb1\/3&#8243;][vc_column_text css=\u00bb\u00bb]<img loading=\"lazy\" decoding=\"async\" class=\"alignnone wp-image-33172 size-medium\" src=\"\/wp-content\/uploads\/kd_ts1_packshot_220922.png\" alt=\"\" width=\"251\" height=\"300\" \/>[\/vc_column_text][vc_column_text css=\u00bb\u00bb el_class=\u00bbpluslist green\u00bb]<\/p>\n<h3><strong>F\u00f3rmula 881:<br \/>\nTS 1 Propagaci\u00f3n para frutos rojos<\/strong><\/h3>\n<ul>\n<li>Caracter\u00edsticas: sustrato para plantones de estructura fina adecuado para l\u00edneas de llenado autom\u00e1tico, incluye el agente humectante Hydro-S<\/li>\n<li>Se usa para: fresas, frambuesas y otros frutos<\/li>\n<\/ul>\n<p>[\/vc_column_text][vc_btn title=\u00bbM\u00e1s informaci\u00f3n\u00bb css=\u00bb\u00bb link=\u00bburl:%23ts1-fine-soft-fruit-propagation\u00bb][\/vc_column_inner][vc_column_inner width=\u00bb1\/3&#8243;][vc_column_text css=\u00bb\u00bb]<img loading=\"lazy\" decoding=\"async\" class=\"alignnone wp-image-33172 size-medium\" src=\"\/wp-content\/uploads\/kd_ts1_packshot_220922.png\" alt=\"\" width=\"251\" height=\"300\" \/>[\/vc_column_text][vc_column_text css=\u00bb\u00bb el_class=\u00bbpluslist green\u00bb]<\/p>\n<h3><strong>F\u00f3rmula Y75:<br \/>\nTS 1 Propagaci\u00f3n para frutos rojos<\/strong><\/h3>\n<ul>\n<li>Caracter\u00edsticas: mezcla extraligera, suelta, con drenaje mejorado y bajo valor de pH<\/li>\n<li>Se usa para: pl\u00e1ntulas de fresa<\/li>\n<\/ul>\n<p>[\/vc_column_text][vc_btn title=\u00bbM\u00e1s informaci\u00f3n\u00bb css=\u00bb\u00bb link=\u00bburl:%23ts4-coarse-blueberry-with-coir-greenfibre\u00bb][\/vc_column_inner][vc_column_inner width=\u00bb1\/3&#8243;][\/vc_column_inner][\/vc_row_inner][\/vc_column][\/vc_row][vc_row css=\u00bb.vc_custom_1720772067036{margin-top: 70px !important;padding-top: 30px !important;padding-bottom: 70px !important;background-color: #414345 !important;}\u00bb][vc_column][vc_row_inner equal_height=\u00bbyes\u00bb][vc_column_inner width=\u00bb1\/2&#8243; css=\u00bb.vc_custom_1628691617282{padding-top: 30px !important;padding-right: 30px !important;padding-bottom: 30px !important;padding-left: 30px !important;}\u00bb][vc_column_text css=\u00bb\u00bb]<\/p>\n<h2>Las ventajas de los sustratos de propagaci\u00f3n ADVANCED:<\/h2>\n<p>[\/vc_column_text][vc_column_text css=\u00bb\u00bb el_class=\u00bbpluslist green\u00bb]<\/p>\n<ul>\n<li>Formulaciones de sustratos finos y extrafinos, ideales para la producci\u00f3n de plantones en bandejas<\/li>\n<li>Materias primas estructuralmente estables aseguran un drenaje y una aireaci\u00f3n \u00f3ptimos en la zona radicular<\/li>\n<li>Estructura suelta que asegura un llenado de bandejas homog\u00e9neo y un crecimiento uniforme de las plantas<\/li>\n<li>Solo se emplean ingredientes pr\u00e9mium de calidad RHP para asegurar resultados de cultivo inmejorables<\/li>\n<li>Disponibilidad de mezclas personalizadas<\/li>\n<\/ul>\n<p>[\/vc_column_text][\/vc_column_inner][vc_column_inner width=\u00bb1\/2&#8243; css=\u00bb.vc_custom_1628692250337{background-position: center !important;background-repeat: no-repeat !important;background-size: cover !important;}\u00bb][vc_column_text css=\u00bb\u00bb]<img loading=\"lazy\" decoding=\"async\" width=\"2560\" height=\"1707\" class=\"alignnone size-full wp-image-87300\" src=\"\/wp-content\/uploads\/klasmann-deilmann_softfruits_raspberry_blackberry_propagation_advantages.jpg\" alt=\"\" srcset=\"https:\/\/klasmann-deilmann.com\/wp-content\/uploads\/klasmann-deilmann_softfruits_raspberry_blackberry_propagation_advantages.jpg 2560w, https:\/\/klasmann-deilmann.com\/wp-content\/uploads\/klasmann-deilmann_softfruits_raspberry_blackberry_propagation_advantages-300x200.jpg 300w, https:\/\/klasmann-deilmann.com\/wp-content\/uploads\/klasmann-deilmann_softfruits_raspberry_blackberry_propagation_advantages-1024x683.jpg 1024w, https:\/\/klasmann-deilmann.com\/wp-content\/uploads\/klasmann-deilmann_softfruits_raspberry_blackberry_propagation_advantages-768x512.jpg 768w, https:\/\/klasmann-deilmann.com\/wp-content\/uploads\/klasmann-deilmann_softfruits_raspberry_blackberry_propagation_advantages-1536x1024.jpg 1536w, https:\/\/klasmann-deilmann.com\/wp-content\/uploads\/klasmann-deilmann_softfruits_raspberry_blackberry_propagation_advantages-2048x1366.jpg 2048w\" sizes=\"auto, (max-width: 2560px) 100vw, 2560px\" \/>[\/vc_column_text][\/vc_column_inner][\/vc_row_inner][\/vc_column][\/vc_row][vc_row css=\u00bb.vc_custom_1720705518127{padding-top: 30px !important;padding-bottom: 30px !important;}\u00bb][vc_column][vc_row_inner equal_height=\u00bbyes\u00bb][vc_column_inner width=\u00bb1\/2&#8243; css=\u00bb.vc_custom_1628692250337{background-position: center !important;background-repeat: no-repeat !important;background-size: cover !important;}\u00bb][vc_column_text css=\u00bb\u00bb]<img loading=\"lazy\" decoding=\"async\" width=\"2560\" height=\"1707\" class=\"alignnone size-full wp-image-80080\" src=\"\/wp-content\/uploads\/klasmann-deilmann_alternative_raw_materials_greenfibre-1.jpg\" alt=\"\" srcset=\"https:\/\/klasmann-deilmann.com\/wp-content\/uploads\/klasmann-deilmann_alternative_raw_materials_greenfibre-1.jpg 2560w, https:\/\/klasmann-deilmann.com\/wp-content\/uploads\/klasmann-deilmann_alternative_raw_materials_greenfibre-1-300x200.jpg 300w, https:\/\/klasmann-deilmann.com\/wp-content\/uploads\/klasmann-deilmann_alternative_raw_materials_greenfibre-1-1024x683.jpg 1024w, https:\/\/klasmann-deilmann.com\/wp-content\/uploads\/klasmann-deilmann_alternative_raw_materials_greenfibre-1-768x512.jpg 768w, https:\/\/klasmann-deilmann.com\/wp-content\/uploads\/klasmann-deilmann_alternative_raw_materials_greenfibre-1-1536x1024.jpg 1536w, https:\/\/klasmann-deilmann.com\/wp-content\/uploads\/klasmann-deilmann_alternative_raw_materials_greenfibre-1-2048x1366.jpg 2048w\" sizes=\"auto, (max-width: 2560px) 100vw, 2560px\" \/>[\/vc_column_text][\/vc_column_inner][vc_column_inner width=\u00bb1\/2&#8243; css=\u00bb.vc_custom_1628691617282{padding-top: 30px !important;padding-right: 30px !important;padding-bottom: 30px !important;padding-left: 30px !important;}\u00bb][vc_column_text css=\u00bb\u00bb]<\/p>\n<h2>GreenFibre\u00ae: nuestra fibra de madera de primera calidad<\/h2>\n<p>[\/vc_column_text][vc_column_text css=\u00bb\u00bb el_class=\u00bbpluslist green\u00bb]<\/p>\n<ul>\n<li>Desarrollada espec\u00edficamente para las necesidades de la horticultura moderna<\/li>\n<li>Fabricada internamente por Klasmann-Deilmann y con certificaci\u00f3n RHP completa<\/li>\n<li>Elaborada con madera virgen procedente de fuentes gestionadas de forma responsable<\/li>\n<li>Mejora la aireaci\u00f3n y la estabilidad estructural de los sustratos<\/li>\n<li>Equilibrio de nitr\u00f3geno estable que se adapta al r\u00e9gimen de alimentaci\u00f3n normal<\/li>\n<li>Peso reducido y baja huella de carbono<\/li>\n<li>Componente muy seguro y disponible durante todo el a\u00f1o<\/li>\n<\/ul>\n<p>[\/vc_column_text][\/vc_column_inner][\/vc_row_inner][\/vc_column][\/vc_row][vc_row css=\u00bb.vc_custom_1721295853375{padding-top: 30px !important;}\u00bb][vc_column][vc_row_inner equal_height=\u00bbyes\u00bb][vc_column_inner css=\u00bb.vc_custom_1628692250337{background-position: center !important;background-repeat: no-repeat !important;background-size: cover !important;}\u00bb][vc_column_text css=\u00bb\u00bb]<\/p>\n<h2>Nuestros sustratos de propagaci\u00f3n ADVANCED de forma detallada:<\/h2>\n<p>[\/vc_column_text][\/vc_column_inner][\/vc_row_inner][\/vc_column][\/vc_row][vc_row el_id=\u00bbts1-fine-soft-fruit-propagation\u00bb][vc_column][vc_row_inner][vc_column_inner][kd_single_products productselect=\u00bb92252&#8243;][\/vc_column_inner][\/vc_row_inner][\/vc_column][\/vc_row][vc_row el_id=\u00bbts1-fine-soft-fruit-propagation\u00bb][vc_column][vc_row_inner][vc_column_inner][kd_single_products productselect=\u00bb92203&#8243;][\/vc_column_inner][\/vc_row_inner][\/vc_column][\/vc_row][vc_row][vc_column][\/vc_column][\/vc_row][vc_row css=\u00bb.vc_custom_1720772067036{margin-top: 70px !important;padding-top: 30px !important;padding-bottom: 70px !important;background-color: #414345 !important;}\u00bb][vc_column][vc_row_inner equal_height=\u00bbyes\u00bb][vc_column_inner width=\u00bb1\/2&#8243; css=\u00bb.vc_custom_1628691617282{padding-top: 30px !important;padding-right: 30px !important;padding-bottom: 30px !important;padding-left: 30px !important;}\u00bb][vc_column_text css=\u00bb\u00bb]<\/p>\n<h2>Acceso exclusivo: nuestras materias primas de coco de primera calidad<\/h2>\n<p>[\/vc_column_text][vc_column_text css=\u00bb\u00bb el_class=\u00bbpluslist green\u00bb]Klasmann-Deilmann tiene acceso directo y exclusivo a amplias materias primas de coco en la India y Sri Lanka y, gracias a su estrecha colaboraci\u00f3n con Shakti Cocos desde 2020, a dos modernas instalaciones de producci\u00f3n especializadas. Esto nos permite ofrecer una completa gama de productos de coco para el cultivo de frutas blandas y garantizar las cantidades de fibra de coco necesarias para el Grupo Klasmann-Deilmann durante las pr\u00f3ximas d\u00e9cadas. A trav\u00e9s de nuestras propias actividades en estos pa\u00edses de origen, tambi\u00e9n mejoramos la calidad de esta importante materia prima y reforzamos a\u00fan m\u00e1s los est\u00e1ndares locales para la producci\u00f3n responsable de fibra de coco.[\/vc_column_text][\/vc_column_inner][vc_column_inner width=\u00bb1\/2&#8243; css=\u00bb.vc_custom_1628692250337{background-position: center !important;background-repeat: no-repeat !important;background-size: cover !important;}\u00bb][kd_image_with_proportion image=\u00bb90797&#8243; img_size=\u00bbfull\u00bb proportion=\u00bb5\/3&#8243;][\/vc_column_inner][\/vc_row_inner][\/vc_column][\/vc_row]<\/p><\/div>\n","protected":false},"excerpt":{"rendered":"<p>[vc_row][vc_column][kd_header_random_image_banner image=\u00bb87285&#8243;][\/kd_header_random_image_banner][kd_side_image_menu title=\u00bbOtros cultivos\u00bb images=\u00bb92325,85750&#8243; links=\u00bb%5B%7B%22link%22%3A%22url%3Ahttps%253A%252F%252Fklasmann-deilmann.com%252Fes%252Fambitos-de-aplicacion%252Ffrutos-rojos%252Ffresas%252F%7Ctitle%3ASoft%2520fruits%22%7D%2C%7B%22link%22%3A%22url%3Ahttps%253A%252F%252Fklasmann-deilmann.com%252Fes%252Fambitos-de-aplicacion%252Ffrutos-rojos%252Farandanos%252F%7Ctitle%3ASoft%2520fruits%22%7D%5D\u00bb][\/vc_column][\/vc_row][vc_row el_class=\u00bbsoftfruits-grid-row\u00bb][vc_column][vc_row_inner gap=\u00bb30&#8243;][vc_column_inner width=\u00bb2\/3&#8243;][vc_column_text css=\u00bb\u00bb] Sustratos de propagaci\u00f3n para frambuesa y mora Sustratos de propagaci\u00f3n estructuralmente estables y cuidadosamente cribados, con una baja proporci\u00f3n de part\u00edculas finas, constituyen una base importante para conseguir saludables pl\u00e1ntulas de frutos rojos. Una fertilizaci\u00f3n precisa y uniforme, junto con un \u00f3ptimo ajuste del pH, resulta clave para asegurar plantones, esquejes enraizados y estolones fuertes y homog\u00e9neos. Nuestros productos se elaboran con turba rubia o fibra de coco de alta<\/p>\n","protected":false},"author":7,"featured_media":0,"parent":92246,"menu_order":194,"comment_status":"closed","ping_status":"closed","template":"","meta":{"_acf_changed":false,"inline_featured_image":false,"footnotes":""},"class_list":["post-92249","page","type-page","status-publish","hentry"],"acf":[],"yoast_head":"<!-- This site is optimized with the Yoast SEO plugin v27.5 - https:\/\/yoast.com\/product\/yoast-seo-wordpress\/ -->\n<title>Propagaci\u00f3n - Klasmann-Deilmann<\/title>\n<meta name=\"robots\" content=\"index, follow, max-snippet:-1, max-image-preview:large, max-video-preview:-1\" \/>\n<link rel=\"canonical\" href=\"https:\/\/klasmann-deilmann.com\/es\/ambitos-de-aplicacion\/frutos-rojos\/frambuesas-y-moras\/propagacion-substratos-para-frambuesa-y-mora\/\" \/>\n<meta property=\"og:locale\" content=\"es_ES\" \/>\n<meta property=\"og:type\" content=\"article\" \/>\n<meta property=\"og:title\" content=\"Propagaci\u00f3n - Klasmann-Deilmann\" \/>\n<meta property=\"og:description\" content=\"[vc_row][vc_column][kd_header_random_image_banner image=\u00bb87285&#8243;][\/kd_header_random_image_banner][kd_side_image_menu title=\u00bbOtros cultivos\u00bb images=\u00bb92325,85750&#8243; links=\u00bb%5B%7B%22link%22%3A%22url%3Ahttps%253A%252F%252Fklasmann-deilmann.com%252Fes%252Fambitos-de-aplicacion%252Ffrutos-rojos%252Ffresas%252F%7Ctitle%3ASoft%2520fruits%22%7D%2C%7B%22link%22%3A%22url%3Ahttps%253A%252F%252Fklasmann-deilmann.com%252Fes%252Fambitos-de-aplicacion%252Ffrutos-rojos%252Farandanos%252F%7Ctitle%3ASoft%2520fruits%22%7D%5D\u00bb][\/vc_column][\/vc_row][vc_row el_class=\u00bbsoftfruits-grid-row\u00bb][vc_column][vc_row_inner gap=\u00bb30&#8243;][vc_column_inner width=\u00bb2\/3&#8243;][vc_column_text css=\u00bb\u00bb] Sustratos de propagaci\u00f3n para frambuesa y mora Sustratos de propagaci\u00f3n estructuralmente estables y cuidadosamente cribados, con una baja proporci\u00f3n de part\u00edculas finas, constituyen una base importante para conseguir saludables pl\u00e1ntulas de frutos rojos. Una fertilizaci\u00f3n precisa y uniforme, junto con un \u00f3ptimo ajuste del pH, resulta clave para asegurar plantones, esquejes enraizados y estolones fuertes y homog\u00e9neos. Nuestros productos se elaboran con turba rubia o fibra de coco de alta\" \/>\n<meta property=\"og:url\" content=\"https:\/\/klasmann-deilmann.com\/es\/ambitos-de-aplicacion\/frutos-rojos\/frambuesas-y-moras\/propagacion-substratos-para-frambuesa-y-mora\/\" \/>\n<meta property=\"og:site_name\" content=\"Klasmann-Deilmann\" \/>\n<meta property=\"article:modified_time\" content=\"2026-03-31T13:13:11+00:00\" \/>\n<meta name=\"twitter:card\" content=\"summary_large_image\" \/>\n<meta name=\"twitter:label1\" content=\"Tiempo de lectura\" \/>\n\t<meta name=\"twitter:data1\" content=\"5 minutos\" \/>\n<script type=\"application\/ld+json\" class=\"yoast-schema-graph\">{\"@context\":\"https:\\\/\\\/schema.org\",\"@graph\":[{\"@type\":\"WebPage\",\"@id\":\"https:\\\/\\\/klasmann-deilmann.com\\\/es\\\/ambitos-de-aplicacion\\\/frutos-rojos\\\/frambuesas-y-moras\\\/propagacion-substratos-para-frambuesa-y-mora\\\/\",\"url\":\"https:\\\/\\\/klasmann-deilmann.com\\\/es\\\/ambitos-de-aplicacion\\\/frutos-rojos\\\/frambuesas-y-moras\\\/propagacion-substratos-para-frambuesa-y-mora\\\/\",\"name\":\"Propagaci\u00f3n - Klasmann-Deilmann\",\"isPartOf\":{\"@id\":\"https:\\\/\\\/klasmann-deilmann.com\\\/en\\\/#website\"},\"datePublished\":\"2024-10-15T08:49:05+00:00\",\"dateModified\":\"2026-03-31T13:13:11+00:00\",\"breadcrumb\":{\"@id\":\"https:\\\/\\\/klasmann-deilmann.com\\\/es\\\/ambitos-de-aplicacion\\\/frutos-rojos\\\/frambuesas-y-moras\\\/propagacion-substratos-para-frambuesa-y-mora\\\/#breadcrumb\"},\"inLanguage\":\"es\",\"potentialAction\":[{\"@type\":\"ReadAction\",\"target\":[\"https:\\\/\\\/klasmann-deilmann.com\\\/es\\\/ambitos-de-aplicacion\\\/frutos-rojos\\\/frambuesas-y-moras\\\/propagacion-substratos-para-frambuesa-y-mora\\\/\"]}]},{\"@type\":\"BreadcrumbList\",\"@id\":\"https:\\\/\\\/klasmann-deilmann.com\\\/es\\\/ambitos-de-aplicacion\\\/frutos-rojos\\\/frambuesas-y-moras\\\/propagacion-substratos-para-frambuesa-y-mora\\\/#breadcrumb\",\"itemListElement\":[{\"@type\":\"ListItem\",\"position\":1,\"name\":\"Home\",\"item\":\"https:\\\/\\\/klasmann-deilmann.com\\\/es\\\/\"},{\"@type\":\"ListItem\",\"position\":2,\"name\":\"\u00c1mbitos de aplicaci\u00f3n\",\"item\":\"https:\\\/\\\/klasmann-deilmann.com\\\/es\\\/ambitos-de-aplicacion\\\/\"},{\"@type\":\"ListItem\",\"position\":3,\"name\":\"Frutos rojos\",\"item\":\"https:\\\/\\\/klasmann-deilmann.com\\\/es\\\/ambitos-de-aplicacion\\\/frutos-rojos\\\/\"},{\"@type\":\"ListItem\",\"position\":4,\"name\":\"Frambuesas y Moras\",\"item\":\"https:\\\/\\\/klasmann-deilmann.com\\\/es\\\/ambitos-de-aplicacion\\\/frutos-rojos\\\/frambuesas-y-moras\\\/\"},{\"@type\":\"ListItem\",\"position\":5,\"name\":\"Propagaci\u00f3n\"}]},{\"@type\":\"WebSite\",\"@id\":\"https:\\\/\\\/klasmann-deilmann.com\\\/en\\\/#website\",\"url\":\"https:\\\/\\\/klasmann-deilmann.com\\\/en\\\/\",\"name\":\"Klasmann-Deilmann\",\"description\":\"\",\"potentialAction\":[{\"@type\":\"SearchAction\",\"target\":{\"@type\":\"EntryPoint\",\"urlTemplate\":\"https:\\\/\\\/klasmann-deilmann.com\\\/en\\\/?s={search_term_string}\"},\"query-input\":{\"@type\":\"PropertyValueSpecification\",\"valueRequired\":true,\"valueName\":\"search_term_string\"}}],\"inLanguage\":\"es\"}]}<\/script>\n<!-- \/ Yoast SEO plugin. -->","yoast_head_json":{"title":"Propagaci\u00f3n - Klasmann-Deilmann","robots":{"index":"index","follow":"follow","max-snippet":"max-snippet:-1","max-image-preview":"max-image-preview:large","max-video-preview":"max-video-preview:-1"},"canonical":"https:\/\/klasmann-deilmann.com\/es\/ambitos-de-aplicacion\/frutos-rojos\/frambuesas-y-moras\/propagacion-substratos-para-frambuesa-y-mora\/","og_locale":"es_ES","og_type":"article","og_title":"Propagaci\u00f3n - Klasmann-Deilmann","og_description":"[vc_row][vc_column][kd_header_random_image_banner image=\u00bb87285&#8243;][\/kd_header_random_image_banner][kd_side_image_menu title=\u00bbOtros cultivos\u00bb images=\u00bb92325,85750&#8243; links=\u00bb%5B%7B%22link%22%3A%22url%3Ahttps%253A%252F%252Fklasmann-deilmann.com%252Fes%252Fambitos-de-aplicacion%252Ffrutos-rojos%252Ffresas%252F%7Ctitle%3ASoft%2520fruits%22%7D%2C%7B%22link%22%3A%22url%3Ahttps%253A%252F%252Fklasmann-deilmann.com%252Fes%252Fambitos-de-aplicacion%252Ffrutos-rojos%252Farandanos%252F%7Ctitle%3ASoft%2520fruits%22%7D%5D\u00bb][\/vc_column][\/vc_row][vc_row el_class=\u00bbsoftfruits-grid-row\u00bb][vc_column][vc_row_inner gap=\u00bb30&#8243;][vc_column_inner width=\u00bb2\/3&#8243;][vc_column_text css=\u00bb\u00bb] Sustratos de propagaci\u00f3n para frambuesa y mora Sustratos de propagaci\u00f3n estructuralmente estables y cuidadosamente cribados, con una baja proporci\u00f3n de part\u00edculas finas, constituyen una base importante para conseguir saludables pl\u00e1ntulas de frutos rojos. Una fertilizaci\u00f3n precisa y uniforme, junto con un \u00f3ptimo ajuste del pH, resulta clave para asegurar plantones, esquejes enraizados y estolones fuertes y homog\u00e9neos. Nuestros productos se elaboran con turba rubia o fibra de coco de alta","og_url":"https:\/\/klasmann-deilmann.com\/es\/ambitos-de-aplicacion\/frutos-rojos\/frambuesas-y-moras\/propagacion-substratos-para-frambuesa-y-mora\/","og_site_name":"Klasmann-Deilmann","article_modified_time":"2026-03-31T13:13:11+00:00","twitter_card":"summary_large_image","twitter_misc":{"Tiempo de lectura":"5 minutos"},"schema":{"@context":"https:\/\/schema.org","@graph":[{"@type":"WebPage","@id":"https:\/\/klasmann-deilmann.com\/es\/ambitos-de-aplicacion\/frutos-rojos\/frambuesas-y-moras\/propagacion-substratos-para-frambuesa-y-mora\/","url":"https:\/\/klasmann-deilmann.com\/es\/ambitos-de-aplicacion\/frutos-rojos\/frambuesas-y-moras\/propagacion-substratos-para-frambuesa-y-mora\/","name":"Propagaci\u00f3n - Klasmann-Deilmann","isPartOf":{"@id":"https:\/\/klasmann-deilmann.com\/en\/#website"},"datePublished":"2024-10-15T08:49:05+00:00","dateModified":"2026-03-31T13:13:11+00:00","breadcrumb":{"@id":"https:\/\/klasmann-deilmann.com\/es\/ambitos-de-aplicacion\/frutos-rojos\/frambuesas-y-moras\/propagacion-substratos-para-frambuesa-y-mora\/#breadcrumb"},"inLanguage":"es","potentialAction":[{"@type":"ReadAction","target":["https:\/\/klasmann-deilmann.com\/es\/ambitos-de-aplicacion\/frutos-rojos\/frambuesas-y-moras\/propagacion-substratos-para-frambuesa-y-mora\/"]}]},{"@type":"BreadcrumbList","@id":"https:\/\/klasmann-deilmann.com\/es\/ambitos-de-aplicacion\/frutos-rojos\/frambuesas-y-moras\/propagacion-substratos-para-frambuesa-y-mora\/#breadcrumb","itemListElement":[{"@type":"ListItem","position":1,"name":"Home","item":"https:\/\/klasmann-deilmann.com\/es\/"},{"@type":"ListItem","position":2,"name":"\u00c1mbitos de aplicaci\u00f3n","item":"https:\/\/klasmann-deilmann.com\/es\/ambitos-de-aplicacion\/"},{"@type":"ListItem","position":3,"name":"Frutos rojos","item":"https:\/\/klasmann-deilmann.com\/es\/ambitos-de-aplicacion\/frutos-rojos\/"},{"@type":"ListItem","position":4,"name":"Frambuesas y Moras","item":"https:\/\/klasmann-deilmann.com\/es\/ambitos-de-aplicacion\/frutos-rojos\/frambuesas-y-moras\/"},{"@type":"ListItem","position":5,"name":"Propagaci\u00f3n"}]},{"@type":"WebSite","@id":"https:\/\/klasmann-deilmann.com\/en\/#website","url":"https:\/\/klasmann-deilmann.com\/en\/","name":"Klasmann-Deilmann","description":"","potentialAction":[{"@type":"SearchAction","target":{"@type":"EntryPoint","urlTemplate":"https:\/\/klasmann-deilmann.com\/en\/?s={search_term_string}"},"query-input":{"@type":"PropertyValueSpecification","valueRequired":true,"valueName":"search_term_string"}}],"inLanguage":"es"}]}},"_links":{"self":[{"href":"https:\/\/klasmann-deilmann.com\/es\/wp-json\/wp\/v2\/pages\/92249","targetHints":{"allow":["GET"]}}],"collection":[{"href":"https:\/\/klasmann-deilmann.com\/es\/wp-json\/wp\/v2\/pages"}],"about":[{"href":"https:\/\/klasmann-deilmann.com\/es\/wp-json\/wp\/v2\/types\/page"}],"author":[{"embeddable":true,"href":"https:\/\/klasmann-deilmann.com\/es\/wp-json\/wp\/v2\/users\/7"}],"replies":[{"embeddable":true,"href":"https:\/\/klasmann-deilmann.com\/es\/wp-json\/wp\/v2\/comments?post=92249"}],"version-history":[{"count":7,"href":"https:\/\/klasmann-deilmann.com\/es\/wp-json\/wp\/v2\/pages\/92249\/revisions"}],"predecessor-version":[{"id":106315,"href":"https:\/\/klasmann-deilmann.com\/es\/wp-json\/wp\/v2\/pages\/92249\/revisions\/106315"}],"up":[{"embeddable":true,"href":"https:\/\/klasmann-deilmann.com\/es\/wp-json\/wp\/v2\/pages\/92246"}],"wp:attachment":[{"href":"https:\/\/klasmann-deilmann.com\/es\/wp-json\/wp\/v2\/media?parent=92249"}],"curies":[{"name":"wp","href":"https:\/\/api.w.org\/{rel}","templated":true}]}}