{"id":92246,"date":"2024-10-15T10:47:38","date_gmt":"2024-10-15T08:47:38","guid":{"rendered":"https:\/\/klasmann-deilmann.com\/ambitos-de-aplicacion\/frutos-rojos\/raspberries-blackberries\/"},"modified":"2026-03-31T15:09:49","modified_gmt":"2026-03-31T13:09:49","slug":"frambuesas-y-moras","status":"publish","type":"page","link":"https:\/\/klasmann-deilmann.com\/es\/ambitos-de-aplicacion\/frutos-rojos\/frambuesas-y-moras\/","title":{"rendered":"Frambuesas y Moras"},"content":{"rendered":"<div class=\"wpb-content-wrapper\">[vc_row][vc_column][kd_header_random_image_banner image=\u00bb87373&#8243;][\/kd_header_random_image_banner][kd_side_image_menu title=\u00bbOtros cultivos\u00bb images=\u00bb92325,85750&#8243; links=\u00bb%5B%7B%22link%22%3A%22url%3Ahttps%253A%252F%252Fklasmann-deilmann.com%252Fes%252Fambitos-de-aplicacion%252Ffrutos-rojos%252Ffresas%252F%7Ctitle%3ASoft%2520fruits%22%7D%2C%7B%22link%22%3A%22url%3Ahttps%253A%252F%252Fklasmann-deilmann.com%252Fes%252Fambitos-de-aplicacion%252Ffrutos-rojos%252Farandanos%252F%7Ctitle%3ASoft%2520fruits%22%7D%5D\u00bb][\/vc_column][\/vc_row][vc_row el_class=\u00bbsoftfruits-grid-row\u00bb][vc_column][vc_row_inner gap=\u00bb30&#8243;][vc_column_inner width=\u00bb2\/3&#8243; css=\u00bb.vc_custom_1757314950696{padding-top: 100px !important;}\u00bb][vc_column_text css=\u00bb\u00bb]<\/p>\n<h2 style=\"text-align: left;\"><strong>Nuestras soluciones para frambuesas y moras.<\/strong><\/h2>\n<p>Ya se trate de sustratos especialmente desarrollados para cultivar moras y frambuesas con un gran nivel de sostenibilidad o del innovador sistema de propagaci\u00f3n Growcoon, le brindamos una completa gama de soluciones excepcionales que podr\u00e1 emplear con arreglo a sus exigencias individuales y le permitir\u00e1 cultivar sus frutos rojos con \u00e9xito en cualquier circunstancia.[\/vc_column_text][\/vc_column_inner][vc_column_inner width=\u00bb1\/3&#8243; el_id=\u00bbcontact-marginalia\u00bb][vc_column_text css=\u00bb\u00bb]<\/p>\n<div class=\"wpb_text_column wpb_content_element\">\n<div class=\"wpb_wrapper\">\n<h2>Contacte con su colaborador local:<\/h2>\n<\/div>\n<\/div>\n<p>[\/vc_column_text][kd_get_contact_by_country topic=\u00bb580&#8243;][\/vc_column_inner][\/vc_row_inner][\/vc_column][\/vc_row][vc_row css=\u00bb.vc_custom_1720617601140{padding-bottom: 70px !important;}\u00bb][vc_column][vc_row_inner][vc_column_inner][vc_column_text css=\u00bb\u00bb]<\/p>\n<h2><strong>Nuestros sustratos y soluciones de cultivo<\/strong><\/h2>\n<p>[\/vc_column_text][\/vc_column_inner][\/vc_row_inner][vc_row_inner gap=\u00bb30&#8243;][vc_column_inner width=\u00bb1\/3&#8243;][kd_image_with_proportion image=\u00bb87285&#8243; img_size=\u00bbfull\u00bb proportion=\u00bb4\/3&#8243;][vc_column_text css=\u00bb\u00bb]<\/p>\n<h2><strong>Sustratos ADVANCED para propagaci\u00f3n<\/strong><\/h2>\n<p>[\/vc_column_text][vc_btn title=\u00bbM\u00e1s informaci\u00f3n\u00bb css=\u00bb\u00bb link=\u00bburl:https%3A%2F%2Fklasmann-deilmann.com%2Fes%2Fambitos-de-aplicacion%2Ffrutos-rojos%2Fframbuesas-y-moras%2Fpropagacion-substratos-para-frambuesa-y-mora%2F|title:Propagation%20substrates%20for%20rasberry%20%26%20blackberry\u00bb][\/vc_column_inner][vc_column_inner width=\u00bb1\/3&#8243;][kd_image_with_proportion image=\u00bb87315&#8243; img_size=\u00bbfull\u00bb proportion=\u00bb4\/3&#8243;][vc_column_text css=\u00bb\u00bb]<\/p>\n<h2><strong>Sustratos ADVANCED para producci\u00f3n de fruta<\/strong><\/h2>\n<p>[\/vc_column_text][vc_btn title=\u00bbM\u00e1s informaci\u00f3n\u00bb css=\u00bb\u00bb link=\u00bburl:https%3A%2F%2Fklasmann-deilmann.com%2Fes%2Fambitos-de-aplicacion%2Ffrutos-rojos%2Fframbuesas-y-moras%2Fsubstratos-para-produccion-de-fruta%2F|title:Substrates%20for%20Fruit%20production\u00bb][\/vc_column_inner][vc_column_inner width=\u00bb1\/3&#8243;][kd_image_with_proportion image=\u00bb105799&#8243; img_size=\u00bbfull\u00bb proportion=\u00bb4\/3&#8243;][vc_column_text css=\u00bb\u00bb]<\/p>\n<h2><strong>El sistema de propagaci\u00f3n Growcoon<\/strong><\/h2>\n<p>[\/vc_column_text][vc_btn title=\u00bbM\u00e1s informaci\u00f3n\u00bb css=\u00bb\u00bb link=\u00bburl:https%3A%2F%2Fklasmann-deilmann.com%2Fes%2Fambitos-de-aplicacion%2Ffrutos-rojos%2Ffrutos-rojos-y-growcoon%2F|title:Soft%20fruits%20and%20Growcoon\u00bb][\/vc_column_inner][\/vc_row_inner][\/vc_column][\/vc_row]<\/p><\/div>\n","protected":false},"excerpt":{"rendered":"<p>[vc_row][vc_column][kd_header_random_image_banner image=\u00bb87373&#8243;][\/kd_header_random_image_banner][kd_side_image_menu title=\u00bbOtros cultivos\u00bb images=\u00bb92325,85750&#8243; links=\u00bb%5B%7B%22link%22%3A%22url%3Ahttps%253A%252F%252Fklasmann-deilmann.com%252Fes%252Fambitos-de-aplicacion%252Ffrutos-rojos%252Ffresas%252F%7Ctitle%3ASoft%2520fruits%22%7D%2C%7B%22link%22%3A%22url%3Ahttps%253A%252F%252Fklasmann-deilmann.com%252Fes%252Fambitos-de-aplicacion%252Ffrutos-rojos%252Farandanos%252F%7Ctitle%3ASoft%2520fruits%22%7D%5D\u00bb][\/vc_column][\/vc_row][vc_row el_class=\u00bbsoftfruits-grid-row\u00bb][vc_column][vc_row_inner gap=\u00bb30&#8243;][vc_column_inner width=\u00bb2\/3&#8243; css=\u00bb.vc_custom_1757314950696{padding-top: 100px !important;}\u00bb][vc_column_text css=\u00bb\u00bb] Nuestras soluciones para frambuesas y moras. Ya se trate de sustratos especialmente desarrollados para cultivar moras y frambuesas con un gran nivel de sostenibilidad o del innovador sistema de propagaci\u00f3n Growcoon, le brindamos una completa gama de soluciones excepcionales que podr\u00e1 emplear con arreglo a sus exigencias individuales y le permitir\u00e1 cultivar sus frutos rojos con \u00e9xito en cualquier circunstancia.[\/vc_column_text][\/vc_column_inner][vc_column_inner width=\u00bb1\/3&#8243; el_id=\u00bbcontact-marginalia\u00bb][vc_column_text css=\u00bb\u00bb] Contacte con su colaborador<\/p>\n","protected":false},"author":2,"featured_media":0,"parent":92145,"menu_order":183,"comment_status":"closed","ping_status":"closed","template":"","meta":{"_acf_changed":false,"inline_featured_image":false,"footnotes":""},"class_list":["post-92246","page","type-page","status-publish","hentry"],"acf":[],"yoast_head":"<!-- This site is optimized with the Yoast SEO plugin v27.5 - https:\/\/yoast.com\/product\/yoast-seo-wordpress\/ -->\n<title>Frambuesas y Moras - Klasmann-Deilmann<\/title>\n<meta name=\"robots\" content=\"index, follow, max-snippet:-1, max-image-preview:large, max-video-preview:-1\" \/>\n<link rel=\"canonical\" href=\"https:\/\/klasmann-deilmann.com\/es\/ambitos-de-aplicacion\/frutos-rojos\/frambuesas-y-moras\/\" \/>\n<meta property=\"og:locale\" content=\"es_ES\" \/>\n<meta property=\"og:type\" content=\"article\" \/>\n<meta property=\"og:title\" content=\"Frambuesas y Moras - Klasmann-Deilmann\" \/>\n<meta property=\"og:description\" content=\"[vc_row][vc_column][kd_header_random_image_banner image=\u00bb87373&#8243;][\/kd_header_random_image_banner][kd_side_image_menu title=\u00bbOtros cultivos\u00bb images=\u00bb92325,85750&#8243; links=\u00bb%5B%7B%22link%22%3A%22url%3Ahttps%253A%252F%252Fklasmann-deilmann.com%252Fes%252Fambitos-de-aplicacion%252Ffrutos-rojos%252Ffresas%252F%7Ctitle%3ASoft%2520fruits%22%7D%2C%7B%22link%22%3A%22url%3Ahttps%253A%252F%252Fklasmann-deilmann.com%252Fes%252Fambitos-de-aplicacion%252Ffrutos-rojos%252Farandanos%252F%7Ctitle%3ASoft%2520fruits%22%7D%5D\u00bb][\/vc_column][\/vc_row][vc_row el_class=\u00bbsoftfruits-grid-row\u00bb][vc_column][vc_row_inner gap=\u00bb30&#8243;][vc_column_inner width=\u00bb2\/3&#8243; css=\u00bb.vc_custom_1757314950696{padding-top: 100px !important;}\u00bb][vc_column_text css=\u00bb\u00bb] Nuestras soluciones para frambuesas y moras. Ya se trate de sustratos especialmente desarrollados para cultivar moras y frambuesas con un gran nivel de sostenibilidad o del innovador sistema de propagaci\u00f3n Growcoon, le brindamos una completa gama de soluciones excepcionales que podr\u00e1 emplear con arreglo a sus exigencias individuales y le permitir\u00e1 cultivar sus frutos rojos con \u00e9xito en cualquier circunstancia.[\/vc_column_text][\/vc_column_inner][vc_column_inner width=\u00bb1\/3&#8243; el_id=\u00bbcontact-marginalia\u00bb][vc_column_text css=\u00bb\u00bb] Contacte con su colaborador\" \/>\n<meta property=\"og:url\" content=\"https:\/\/klasmann-deilmann.com\/es\/ambitos-de-aplicacion\/frutos-rojos\/frambuesas-y-moras\/\" \/>\n<meta property=\"og:site_name\" content=\"Klasmann-Deilmann\" \/>\n<meta property=\"article:modified_time\" content=\"2026-03-31T13:09:49+00:00\" \/>\n<meta name=\"twitter:card\" content=\"summary_large_image\" \/>\n<meta name=\"twitter:label1\" content=\"Tiempo de lectura\" \/>\n\t<meta name=\"twitter:data1\" content=\"2 minutos\" \/>\n<script type=\"application\/ld+json\" class=\"yoast-schema-graph\">{\"@context\":\"https:\\\/\\\/schema.org\",\"@graph\":[{\"@type\":\"WebPage\",\"@id\":\"https:\\\/\\\/klasmann-deilmann.com\\\/es\\\/ambitos-de-aplicacion\\\/frutos-rojos\\\/frambuesas-y-moras\\\/\",\"url\":\"https:\\\/\\\/klasmann-deilmann.com\\\/es\\\/ambitos-de-aplicacion\\\/frutos-rojos\\\/frambuesas-y-moras\\\/\",\"name\":\"Frambuesas y Moras - Klasmann-Deilmann\",\"isPartOf\":{\"@id\":\"https:\\\/\\\/klasmann-deilmann.com\\\/en\\\/#website\"},\"datePublished\":\"2024-10-15T08:47:38+00:00\",\"dateModified\":\"2026-03-31T13:09:49+00:00\",\"breadcrumb\":{\"@id\":\"https:\\\/\\\/klasmann-deilmann.com\\\/es\\\/ambitos-de-aplicacion\\\/frutos-rojos\\\/frambuesas-y-moras\\\/#breadcrumb\"},\"inLanguage\":\"es\",\"potentialAction\":[{\"@type\":\"ReadAction\",\"target\":[\"https:\\\/\\\/klasmann-deilmann.com\\\/es\\\/ambitos-de-aplicacion\\\/frutos-rojos\\\/frambuesas-y-moras\\\/\"]}]},{\"@type\":\"BreadcrumbList\",\"@id\":\"https:\\\/\\\/klasmann-deilmann.com\\\/es\\\/ambitos-de-aplicacion\\\/frutos-rojos\\\/frambuesas-y-moras\\\/#breadcrumb\",\"itemListElement\":[{\"@type\":\"ListItem\",\"position\":1,\"name\":\"Home\",\"item\":\"https:\\\/\\\/klasmann-deilmann.com\\\/es\\\/\"},{\"@type\":\"ListItem\",\"position\":2,\"name\":\"\u00c1mbitos de aplicaci\u00f3n\",\"item\":\"https:\\\/\\\/klasmann-deilmann.com\\\/es\\\/ambitos-de-aplicacion\\\/\"},{\"@type\":\"ListItem\",\"position\":3,\"name\":\"Frutos rojos\",\"item\":\"https:\\\/\\\/klasmann-deilmann.com\\\/es\\\/ambitos-de-aplicacion\\\/frutos-rojos\\\/\"},{\"@type\":\"ListItem\",\"position\":4,\"name\":\"Frambuesas y Moras\"}]},{\"@type\":\"WebSite\",\"@id\":\"https:\\\/\\\/klasmann-deilmann.com\\\/en\\\/#website\",\"url\":\"https:\\\/\\\/klasmann-deilmann.com\\\/en\\\/\",\"name\":\"Klasmann-Deilmann\",\"description\":\"\",\"potentialAction\":[{\"@type\":\"SearchAction\",\"target\":{\"@type\":\"EntryPoint\",\"urlTemplate\":\"https:\\\/\\\/klasmann-deilmann.com\\\/en\\\/?s={search_term_string}\"},\"query-input\":{\"@type\":\"PropertyValueSpecification\",\"valueRequired\":true,\"valueName\":\"search_term_string\"}}],\"inLanguage\":\"es\"}]}<\/script>\n<!-- \/ Yoast SEO plugin. -->","yoast_head_json":{"title":"Frambuesas y Moras - Klasmann-Deilmann","robots":{"index":"index","follow":"follow","max-snippet":"max-snippet:-1","max-image-preview":"max-image-preview:large","max-video-preview":"max-video-preview:-1"},"canonical":"https:\/\/klasmann-deilmann.com\/es\/ambitos-de-aplicacion\/frutos-rojos\/frambuesas-y-moras\/","og_locale":"es_ES","og_type":"article","og_title":"Frambuesas y Moras - Klasmann-Deilmann","og_description":"[vc_row][vc_column][kd_header_random_image_banner image=\u00bb87373&#8243;][\/kd_header_random_image_banner][kd_side_image_menu title=\u00bbOtros cultivos\u00bb images=\u00bb92325,85750&#8243; links=\u00bb%5B%7B%22link%22%3A%22url%3Ahttps%253A%252F%252Fklasmann-deilmann.com%252Fes%252Fambitos-de-aplicacion%252Ffrutos-rojos%252Ffresas%252F%7Ctitle%3ASoft%2520fruits%22%7D%2C%7B%22link%22%3A%22url%3Ahttps%253A%252F%252Fklasmann-deilmann.com%252Fes%252Fambitos-de-aplicacion%252Ffrutos-rojos%252Farandanos%252F%7Ctitle%3ASoft%2520fruits%22%7D%5D\u00bb][\/vc_column][\/vc_row][vc_row el_class=\u00bbsoftfruits-grid-row\u00bb][vc_column][vc_row_inner gap=\u00bb30&#8243;][vc_column_inner width=\u00bb2\/3&#8243; css=\u00bb.vc_custom_1757314950696{padding-top: 100px !important;}\u00bb][vc_column_text css=\u00bb\u00bb] Nuestras soluciones para frambuesas y moras. Ya se trate de sustratos especialmente desarrollados para cultivar moras y frambuesas con un gran nivel de sostenibilidad o del innovador sistema de propagaci\u00f3n Growcoon, le brindamos una completa gama de soluciones excepcionales que podr\u00e1 emplear con arreglo a sus exigencias individuales y le permitir\u00e1 cultivar sus frutos rojos con \u00e9xito en cualquier circunstancia.[\/vc_column_text][\/vc_column_inner][vc_column_inner width=\u00bb1\/3&#8243; el_id=\u00bbcontact-marginalia\u00bb][vc_column_text css=\u00bb\u00bb] Contacte con su colaborador","og_url":"https:\/\/klasmann-deilmann.com\/es\/ambitos-de-aplicacion\/frutos-rojos\/frambuesas-y-moras\/","og_site_name":"Klasmann-Deilmann","article_modified_time":"2026-03-31T13:09:49+00:00","twitter_card":"summary_large_image","twitter_misc":{"Tiempo de lectura":"2 minutos"},"schema":{"@context":"https:\/\/schema.org","@graph":[{"@type":"WebPage","@id":"https:\/\/klasmann-deilmann.com\/es\/ambitos-de-aplicacion\/frutos-rojos\/frambuesas-y-moras\/","url":"https:\/\/klasmann-deilmann.com\/es\/ambitos-de-aplicacion\/frutos-rojos\/frambuesas-y-moras\/","name":"Frambuesas y Moras - Klasmann-Deilmann","isPartOf":{"@id":"https:\/\/klasmann-deilmann.com\/en\/#website"},"datePublished":"2024-10-15T08:47:38+00:00","dateModified":"2026-03-31T13:09:49+00:00","breadcrumb":{"@id":"https:\/\/klasmann-deilmann.com\/es\/ambitos-de-aplicacion\/frutos-rojos\/frambuesas-y-moras\/#breadcrumb"},"inLanguage":"es","potentialAction":[{"@type":"ReadAction","target":["https:\/\/klasmann-deilmann.com\/es\/ambitos-de-aplicacion\/frutos-rojos\/frambuesas-y-moras\/"]}]},{"@type":"BreadcrumbList","@id":"https:\/\/klasmann-deilmann.com\/es\/ambitos-de-aplicacion\/frutos-rojos\/frambuesas-y-moras\/#breadcrumb","itemListElement":[{"@type":"ListItem","position":1,"name":"Home","item":"https:\/\/klasmann-deilmann.com\/es\/"},{"@type":"ListItem","position":2,"name":"\u00c1mbitos de aplicaci\u00f3n","item":"https:\/\/klasmann-deilmann.com\/es\/ambitos-de-aplicacion\/"},{"@type":"ListItem","position":3,"name":"Frutos rojos","item":"https:\/\/klasmann-deilmann.com\/es\/ambitos-de-aplicacion\/frutos-rojos\/"},{"@type":"ListItem","position":4,"name":"Frambuesas y Moras"}]},{"@type":"WebSite","@id":"https:\/\/klasmann-deilmann.com\/en\/#website","url":"https:\/\/klasmann-deilmann.com\/en\/","name":"Klasmann-Deilmann","description":"","potentialAction":[{"@type":"SearchAction","target":{"@type":"EntryPoint","urlTemplate":"https:\/\/klasmann-deilmann.com\/en\/?s={search_term_string}"},"query-input":{"@type":"PropertyValueSpecification","valueRequired":true,"valueName":"search_term_string"}}],"inLanguage":"es"}]}},"_links":{"self":[{"href":"https:\/\/klasmann-deilmann.com\/es\/wp-json\/wp\/v2\/pages\/92246","targetHints":{"allow":["GET"]}}],"collection":[{"href":"https:\/\/klasmann-deilmann.com\/es\/wp-json\/wp\/v2\/pages"}],"about":[{"href":"https:\/\/klasmann-deilmann.com\/es\/wp-json\/wp\/v2\/types\/page"}],"author":[{"embeddable":true,"href":"https:\/\/klasmann-deilmann.com\/es\/wp-json\/wp\/v2\/users\/2"}],"replies":[{"embeddable":true,"href":"https:\/\/klasmann-deilmann.com\/es\/wp-json\/wp\/v2\/comments?post=92246"}],"version-history":[{"count":8,"href":"https:\/\/klasmann-deilmann.com\/es\/wp-json\/wp\/v2\/pages\/92246\/revisions"}],"predecessor-version":[{"id":106311,"href":"https:\/\/klasmann-deilmann.com\/es\/wp-json\/wp\/v2\/pages\/92246\/revisions\/106311"}],"up":[{"embeddable":true,"href":"https:\/\/klasmann-deilmann.com\/es\/wp-json\/wp\/v2\/pages\/92145"}],"wp:attachment":[{"href":"https:\/\/klasmann-deilmann.com\/es\/wp-json\/wp\/v2\/media?parent=92246"}],"curies":[{"name":"wp","href":"https:\/\/api.w.org\/{rel}","templated":true}]}}