{"id":92226,"date":"2024-08-28T11:29:35","date_gmt":"2024-08-28T09:29:35","guid":{"rendered":"https:\/\/klasmann-deilmann.com\/ambitos-de-aplicacion\/frutos-rojos\/blueberries-new\/"},"modified":"2026-03-31T14:52:08","modified_gmt":"2026-03-31T12:52:08","slug":"arandanos","status":"publish","type":"page","link":"https:\/\/klasmann-deilmann.com\/es\/ambitos-de-aplicacion\/frutos-rojos\/arandanos\/","title":{"rendered":"Ar\u00e1ndanos"},"content":{"rendered":"<div class=\"wpb-content-wrapper\">[vc_row][vc_column][kd_header_random_image_banner image=\u00bb86008&#8243;][\/kd_header_random_image_banner][kd_side_image_menu title=\u00bbOtros cultivos\u00bb images=\u00bb92325,85763,85737&#8243; links=\u00bb%5B%7B%22link%22%3A%22url%3Ahttps%253A%252F%252Fklasmann-deilmann.com%252Fes%252Fambitos-de-aplicacion%252Ffrutos-rojos%252Ffresas%252F%7Ctitle%3ABlueberries%22%7D%2C%7B%22link%22%3A%22url%3Ahttps%253A%252F%252Fklasmann-deilmann.com%252Fes%252Fambitos-de-aplicacion%252Ffrutos-rojos%252Fframbuesas-y-moras%252F%7Ctitle%3AStrawberries%22%7D%2C%7B%22link%22%3A%22url%3Ahttps%253A%252F%252Fklasmann-deilmann.com%252Fes%252Fambitos-de-aplicacion%252Ffrutos-rojos%252Fframbuesas-y-moras%252F%7Ctitle%3AStrawberries%22%7D%5D\u00bb][\/vc_column][\/vc_row][vc_row el_class=\u00bbsoftfruits-grid-row\u00bb][vc_column][vc_row_inner gap=\u00bb30&#8243;][vc_column_inner width=\u00bb2\/3&#8243; css=\u00bb.vc_custom_1757315064475{padding-top: 100px !important;}\u00bb][vc_column_text css=\u00bb\u00bb]<\/p>\n<h2 style=\"text-align: left;\"><strong>H\u00e9roes de capa azul para unos altos rendimientos:<br \/>\nNuestras soluciones para sus ar\u00e1ndanos<\/strong><\/h2>\n<p>Ya se trate de nuestros sobradamente probados sustratos para ar\u00e1ndano, de mezclas personalizadas para la situaci\u00f3n particular de su cultivo, de nuevos sustratos de cultivo altamente sostenibles o de Growcoon, nuestro innovador sistema de propagaci\u00f3n, le brindamos una vasta gama de excelentes soluciones. Al adaptarse a sus requisitos individuales, todas ellas le permiten cultivar ar\u00e1ndanos con \u00e9xito.[\/vc_column_text][\/vc_column_inner][vc_column_inner width=\u00bb1\/3&#8243; el_id=\u00bbcontact-marginalia\u00bb][vc_column_text css=\u00bb\u00bb]<\/p>\n<div class=\"wpb_text_column wpb_content_element\">\n<div class=\"wpb_wrapper\">\n<h2>Contacte con su colaborador local:<\/h2>\n<\/div>\n<\/div>\n<p>[\/vc_column_text][kd_get_contact_by_country topic=\u00bb580&#8243;][\/vc_column_inner][\/vc_row_inner][\/vc_column][\/vc_row][vc_row css=\u00bb.vc_custom_1720617601140{padding-bottom: 70px !important;}\u00bb][vc_column][vc_row_inner][vc_column_inner][vc_column_text css=\u00bb\u00bb]<\/p>\n<h2><strong>Nuestros sustratos y soluciones de cultivo<\/strong><\/h2>\n<p>[\/vc_column_text][\/vc_column_inner][\/vc_row_inner][vc_row_inner gap=\u00bb30&#8243;][vc_column_inner width=\u00bb1\/3&#8243;][kd_image_with_proportion image=\u00bb86055&#8243; img_size=\u00bbfull\u00bb proportion=\u00bb4\/3&#8243;][vc_column_text css=\u00bb\u00bb]<\/p>\n<h2><strong>Sustratos ADVANCED para el cultivo de ar\u00e1ndanos<\/strong><\/h2>\n<p>[\/vc_column_text][vc_btn title=\u00bbM\u00e1s informaci\u00f3n\u00bb css=\u00bb\u00bb link=\u00bburl:https%3A%2F%2Fklasmann-deilmann.com%2Fes%2Fambitos-de-aplicacion%2Ffrutos-rojos%2Farandanos%2Fsustratos-para-arandano%2F|title:Blueberry%20substrates\u00bb][\/vc_column_inner][vc_column_inner width=\u00bb1\/3&#8243;][kd_image_with_proportion image=\u00bb105799&#8243; img_size=\u00bbfull\u00bb proportion=\u00bb4\/3&#8243;][vc_column_text css=\u00bb\u00bb]<\/p>\n<h2><strong>El sistema de propagaci\u00f3n Growcoon<\/strong><\/h2>\n<p>[\/vc_column_text][vc_btn title=\u00bbM\u00e1s informaci\u00f3n\u00bb css=\u00bb\u00bb link=\u00bburl:https%3A%2F%2Fklasmann-deilmann.com%2Fes%2Fambitos-de-aplicacion%2Ffrutos-rojos%2Ffrutos-rojos-y-growcoon%2F|title:Soft%20fruit%20and%20Growbag\u00bb][\/vc_column_inner][vc_column_inner width=\u00bb1\/3&#8243;][\/vc_column_inner][\/vc_row_inner][\/vc_column][\/vc_row][vc_row css=\u00bb.vc_custom_1728306632197{padding-top: 70px !important;padding-bottom: 70px !important;background-image: url(https:\/\/klasmann-deilmann.com\/wp-content\/uploads\/Blueberry_U55_Su\u0308dafrika_Stellfla\u0308che.jpg?id=34415) !important;background-position: center !important;background-repeat: no-repeat !important;background-size: cover !important;}\u00bb overlay_color=\u00bbrgba(0,0,0,0.5)\u00bb][vc_column][vc_row_inner][vc_column_inner][kd_quote source_text=\u00bbAnthony Droui, asesor t\u00e9cnico, Klasmann-Deilmann (Alemania)\u00bb posarrow=\u00bbnone\u00bb color=\u00bbno-bg-color\u00bb]\u201cNuestros sustratos ADVANCED para ar\u00e1ndano aportan propiedades f\u00edsicas bien equilibradas y una alta estabilidad estructural a largo plazo que responden a cualquier condici\u00f3n de cultivo. Est\u00e1n dise\u00f1ados para combinar rendimientos inmejorables con un cultivo eficiente y bajas emisiones de carbono. GreenFibre\u00ae ha demostrado ser el componente perfecto para la producci\u00f3n de ar\u00e1ndanos\u201d.[\/kd_quote][\/vc_column_inner][\/vc_row_inner][\/vc_column][\/vc_row][vc_row css=\u00bb.vc_custom_1720617918993{padding-top: 70px !important;padding-bottom: 70px !important;}\u00bb][vc_column][vc_row_inner][vc_column_inner][kd_image_with_proportion image=\u00bb86506&#8243; img_size=\u00bbfull\u00bb proportion=\u00bb20\/10&#8243;][\/vc_column_inner][\/vc_row_inner][vc_row_inner gap=\u00bb30&#8243;][vc_column_inner width=\u00bb1\/2&#8243;][vc_column_text css=\u00bb\u00bb]<\/p>\n<h3>Sostenibilidad de nuestros sustratos ADVANCED:<\/h3>\n<ul class=\"plus-list\">\n<li>Modernos, sostenibles y de eficacia probada<\/li>\n<li>Componentes de calidad pr\u00e9mium y de fabricaci\u00f3n propia<\/li>\n<li>Mayor empleo de materias primas renovables y circulares<\/li>\n<li>Considerable reducci\u00f3n de emisiones<\/li>\n<li>Peso reducido del sustrato<\/li>\n<\/ul>\n<p>[\/vc_column_text][\/vc_column_inner][vc_column_inner width=\u00bb1\/2&#8243;][vc_column_text css=\u00bb\u00bb]<\/p>\n<h3>Sostenibilidad del sistema de propagaci\u00f3n Growcoon:<\/h3>\n<ul class=\"plus-list\">\n<li>Tasas de fracaso m\u00e1s bajas y ciclos de cultivo m\u00e1s cortos<\/li>\n<li>Basado en pol\u00edmeros totalmente biodegradables<\/li>\n<li>Sin residuos y con desperdicio cero<\/li>\n<li>Seguro para las plantas, el ser humano y el medio ambiente<\/li>\n<li>Apto para cultivo org\u00e1nico, con certificaci\u00f3n FiBL y SKAL<\/li>\n<\/ul>\n<p>[\/vc_column_text][\/vc_column_inner][\/vc_row_inner][vc_row_inner][vc_column_inner][vc_btn title=\u00bbM\u00e1s informaci\u00f3n sobre sostenibilidad en Klasmann-Deilmann\u00bb css=\u00bb\u00bb link=\u00bburl:https%3A%2F%2Fklasmann-deilmann.com%2Fes%2Fla-empresa%2Fsostenibilidad%2F|title:Sustainability\u00bb][\/vc_column_inner][\/vc_row_inner][\/vc_column][\/vc_row][vc_row css=\u00bb.vc_custom_1723030109459{padding-top: 70px !important;padding-bottom: 70px !important;}\u00bb][vc_column][kd_image_with_proportion image=\u00bb25786&#8243; img_size=\u00bbfull\u00bb proportion=\u00bb20\/6&#8243;][\/vc_column][\/vc_row][vc_row css=\u00bb.vc_custom_1720617918993{padding-top: 70px !important;padding-bottom: 70px !important;}\u00bb][vc_column][vc_row_inner][vc_column_inner][vc_column_text css=\u00bb\u00bb]<\/p>\n<h2><strong>Cuando se trata de calidad y seguridad, las opiniones coinciden. Lo que cuenta son datos y cifras independientes.<\/strong><\/h2>\n<p>Nuestros sustratos de cultivo representan la m\u00e1s alta calidad a nivel mundial. Son la base fundamental para el crecimiento de las plantas y el \u00e9xito de nuestros clientes. Nuestras innovaciones son decisivas para todo un sector. Las exigencias con las que medimos nuestra calidad y nuestros procesos no solo nos las imponemos nosotros. Todas las \u00e1reas clave de Klasmann-Deilmann son auditadas y certificadas peri\u00f3dicamente por organismos independientes conforme a normas de calidad internacionales:[\/vc_column_text][\/vc_column_inner][\/vc_row_inner][vc_row_inner gap=\u00bb30&#8243;][vc_column_inner width=\u00bb1\/2&#8243;][vc_column_text css=\u00bb\u00bb]<\/p>\n<ul class=\"plus-list\">\n<li>Constante aseguramiento de la calidad de nuestros sustratos de cultivo a lo largo de toda la cadena de valor, desde las materias primas, pasando por los centros de producci\u00f3n, hasta el producto terminado<\/li>\n<li>Calidad y origen de todos los componentes de sustrato empleados en nuestros productos<\/li>\n<li>La calidad de nuestros sustratos ProLine para cultivo org\u00e1nico, as\u00ed como la conformidad con los requisitos exigidos por asociaciones ecol\u00f3gicas nacionales e internacionales<\/li>\n<\/ul>\n<p>[\/vc_column_text][\/vc_column_inner][vc_column_inner width=\u00bb1\/2&#8243;][vc_column_text css=\u00bb\u00bb]<\/p>\n<ul class=\"plus-list\">\n<li>Medidas constructivas para la protecci\u00f3n medioambiental y la renaturalizaci\u00f3n, en particular la rehumidificaci\u00f3n de turberas y la reducci\u00f3n de emisiones en nuestros procesos de producci\u00f3n<\/li>\n<li>La huella de carbono de nuestro producto y nuestra empresa conforme a ISO 14064 y 14067.<\/li>\n<li>Una estrategia de sostenibilidad hol\u00edstica que engloba econom\u00eda, ecolog\u00eda y responsabilidad social<\/li>\n<\/ul>\n<p>[\/vc_column_text][\/vc_column_inner][\/vc_row_inner][vc_row_inner][vc_column_inner][vc_column_text css=\u00bb\u00bb]Esto nos permite mejorar continuamente nuestros procesos y brindar a nuestros clientes la seguridad y la sostenibilidad que ellos esperan de nosotros.[\/vc_column_text][\/vc_column_inner][\/vc_row_inner][vc_row_inner][vc_column_inner width=\u00bb1\/6&#8243;][vc_single_image image=\u00bb18853&#8243; img_size=\u00bbfull\u00bb css=\u00bb\u00bb][\/vc_column_inner][vc_column_inner width=\u00bb1\/6&#8243;][vc_single_image image=\u00bb56323&#8243; img_size=\u00bbfull\u00bb css=\u00bb\u00bb][\/vc_column_inner][vc_column_inner width=\u00bb1\/4&#8243;][vc_single_image image=\u00bb16426&#8243; img_size=\u00bbfull\u00bb css=\u00bb\u00bb][\/vc_column_inner][\/vc_row_inner][\/vc_column][\/vc_row]<\/p><\/div>\n","protected":false},"excerpt":{"rendered":"<p>[vc_row][vc_column][kd_header_random_image_banner image=\u00bb86008&#8243;][\/kd_header_random_image_banner][kd_side_image_menu title=\u00bbOtros cultivos\u00bb images=\u00bb92325,85763,85737&#8243; links=\u00bb%5B%7B%22link%22%3A%22url%3Ahttps%253A%252F%252Fklasmann-deilmann.com%252Fes%252Fambitos-de-aplicacion%252Ffrutos-rojos%252Ffresas%252F%7Ctitle%3ABlueberries%22%7D%2C%7B%22link%22%3A%22url%3Ahttps%253A%252F%252Fklasmann-deilmann.com%252Fes%252Fambitos-de-aplicacion%252Ffrutos-rojos%252Fframbuesas-y-moras%252F%7Ctitle%3AStrawberries%22%7D%2C%7B%22link%22%3A%22url%3Ahttps%253A%252F%252Fklasmann-deilmann.com%252Fes%252Fambitos-de-aplicacion%252Ffrutos-rojos%252Fframbuesas-y-moras%252F%7Ctitle%3AStrawberries%22%7D%5D\u00bb][\/vc_column][\/vc_row][vc_row el_class=\u00bbsoftfruits-grid-row\u00bb][vc_column][vc_row_inner gap=\u00bb30&#8243;][vc_column_inner width=\u00bb2\/3&#8243; css=\u00bb.vc_custom_1757315064475{padding-top: 100px !important;}\u00bb][vc_column_text css=\u00bb\u00bb] H\u00e9roes de capa azul para unos altos rendimientos: Nuestras soluciones para sus ar\u00e1ndanos Ya se trate de nuestros sobradamente probados sustratos para ar\u00e1ndano, de mezclas personalizadas para la situaci\u00f3n particular de su cultivo, de nuevos sustratos de cultivo altamente sostenibles o de Growcoon, nuestro innovador sistema de propagaci\u00f3n, le brindamos una vasta gama de excelentes soluciones. Al adaptarse a sus requisitos individuales, todas ellas le permiten cultivar<\/p>\n","protected":false},"author":2,"featured_media":0,"parent":92145,"menu_order":172,"comment_status":"closed","ping_status":"closed","template":"","meta":{"_acf_changed":false,"inline_featured_image":false,"footnotes":""},"class_list":["post-92226","page","type-page","status-publish","hentry"],"acf":[],"yoast_head":"<!-- This site is optimized with the Yoast SEO plugin v27.5 - https:\/\/yoast.com\/product\/yoast-seo-wordpress\/ -->\n<title>Ar\u00e1ndanos - Klasmann-Deilmann<\/title>\n<meta name=\"robots\" content=\"index, follow, max-snippet:-1, max-image-preview:large, max-video-preview:-1\" \/>\n<link rel=\"canonical\" href=\"https:\/\/klasmann-deilmann.com\/es\/ambitos-de-aplicacion\/frutos-rojos\/arandanos\/\" \/>\n<meta property=\"og:locale\" content=\"es_ES\" \/>\n<meta property=\"og:type\" content=\"article\" \/>\n<meta property=\"og:title\" content=\"Ar\u00e1ndanos - Klasmann-Deilmann\" \/>\n<meta property=\"og:description\" content=\"[vc_row][vc_column][kd_header_random_image_banner image=\u00bb86008&#8243;][\/kd_header_random_image_banner][kd_side_image_menu title=\u00bbOtros cultivos\u00bb images=\u00bb92325,85763,85737&#8243; links=\u00bb%5B%7B%22link%22%3A%22url%3Ahttps%253A%252F%252Fklasmann-deilmann.com%252Fes%252Fambitos-de-aplicacion%252Ffrutos-rojos%252Ffresas%252F%7Ctitle%3ABlueberries%22%7D%2C%7B%22link%22%3A%22url%3Ahttps%253A%252F%252Fklasmann-deilmann.com%252Fes%252Fambitos-de-aplicacion%252Ffrutos-rojos%252Fframbuesas-y-moras%252F%7Ctitle%3AStrawberries%22%7D%2C%7B%22link%22%3A%22url%3Ahttps%253A%252F%252Fklasmann-deilmann.com%252Fes%252Fambitos-de-aplicacion%252Ffrutos-rojos%252Fframbuesas-y-moras%252F%7Ctitle%3AStrawberries%22%7D%5D\u00bb][\/vc_column][\/vc_row][vc_row el_class=\u00bbsoftfruits-grid-row\u00bb][vc_column][vc_row_inner gap=\u00bb30&#8243;][vc_column_inner width=\u00bb2\/3&#8243; css=\u00bb.vc_custom_1757315064475{padding-top: 100px !important;}\u00bb][vc_column_text css=\u00bb\u00bb] H\u00e9roes de capa azul para unos altos rendimientos: Nuestras soluciones para sus ar\u00e1ndanos Ya se trate de nuestros sobradamente probados sustratos para ar\u00e1ndano, de mezclas personalizadas para la situaci\u00f3n particular de su cultivo, de nuevos sustratos de cultivo altamente sostenibles o de Growcoon, nuestro innovador sistema de propagaci\u00f3n, le brindamos una vasta gama de excelentes soluciones. Al adaptarse a sus requisitos individuales, todas ellas le permiten cultivar\" \/>\n<meta property=\"og:url\" content=\"https:\/\/klasmann-deilmann.com\/es\/ambitos-de-aplicacion\/frutos-rojos\/arandanos\/\" \/>\n<meta property=\"og:site_name\" content=\"Klasmann-Deilmann\" \/>\n<meta property=\"article:modified_time\" content=\"2026-03-31T12:52:08+00:00\" \/>\n<meta name=\"twitter:card\" content=\"summary_large_image\" \/>\n<meta name=\"twitter:label1\" content=\"Tiempo de lectura\" \/>\n\t<meta name=\"twitter:data1\" content=\"5 minutos\" \/>\n<script type=\"application\/ld+json\" class=\"yoast-schema-graph\">{\"@context\":\"https:\\\/\\\/schema.org\",\"@graph\":[{\"@type\":\"WebPage\",\"@id\":\"https:\\\/\\\/klasmann-deilmann.com\\\/es\\\/ambitos-de-aplicacion\\\/frutos-rojos\\\/arandanos\\\/\",\"url\":\"https:\\\/\\\/klasmann-deilmann.com\\\/es\\\/ambitos-de-aplicacion\\\/frutos-rojos\\\/arandanos\\\/\",\"name\":\"Ar\u00e1ndanos - Klasmann-Deilmann\",\"isPartOf\":{\"@id\":\"https:\\\/\\\/klasmann-deilmann.com\\\/en\\\/#website\"},\"datePublished\":\"2024-08-28T09:29:35+00:00\",\"dateModified\":\"2026-03-31T12:52:08+00:00\",\"breadcrumb\":{\"@id\":\"https:\\\/\\\/klasmann-deilmann.com\\\/es\\\/ambitos-de-aplicacion\\\/frutos-rojos\\\/arandanos\\\/#breadcrumb\"},\"inLanguage\":\"es\",\"potentialAction\":[{\"@type\":\"ReadAction\",\"target\":[\"https:\\\/\\\/klasmann-deilmann.com\\\/es\\\/ambitos-de-aplicacion\\\/frutos-rojos\\\/arandanos\\\/\"]}]},{\"@type\":\"BreadcrumbList\",\"@id\":\"https:\\\/\\\/klasmann-deilmann.com\\\/es\\\/ambitos-de-aplicacion\\\/frutos-rojos\\\/arandanos\\\/#breadcrumb\",\"itemListElement\":[{\"@type\":\"ListItem\",\"position\":1,\"name\":\"Home\",\"item\":\"https:\\\/\\\/klasmann-deilmann.com\\\/es\\\/\"},{\"@type\":\"ListItem\",\"position\":2,\"name\":\"\u00c1mbitos de aplicaci\u00f3n\",\"item\":\"https:\\\/\\\/klasmann-deilmann.com\\\/es\\\/ambitos-de-aplicacion\\\/\"},{\"@type\":\"ListItem\",\"position\":3,\"name\":\"Frutos rojos\",\"item\":\"https:\\\/\\\/klasmann-deilmann.com\\\/es\\\/ambitos-de-aplicacion\\\/frutos-rojos\\\/\"},{\"@type\":\"ListItem\",\"position\":4,\"name\":\"Ar\u00e1ndanos\"}]},{\"@type\":\"WebSite\",\"@id\":\"https:\\\/\\\/klasmann-deilmann.com\\\/en\\\/#website\",\"url\":\"https:\\\/\\\/klasmann-deilmann.com\\\/en\\\/\",\"name\":\"Klasmann-Deilmann\",\"description\":\"\",\"potentialAction\":[{\"@type\":\"SearchAction\",\"target\":{\"@type\":\"EntryPoint\",\"urlTemplate\":\"https:\\\/\\\/klasmann-deilmann.com\\\/en\\\/?s={search_term_string}\"},\"query-input\":{\"@type\":\"PropertyValueSpecification\",\"valueRequired\":true,\"valueName\":\"search_term_string\"}}],\"inLanguage\":\"es\"}]}<\/script>\n<!-- \/ Yoast SEO plugin. -->","yoast_head_json":{"title":"Ar\u00e1ndanos - Klasmann-Deilmann","robots":{"index":"index","follow":"follow","max-snippet":"max-snippet:-1","max-image-preview":"max-image-preview:large","max-video-preview":"max-video-preview:-1"},"canonical":"https:\/\/klasmann-deilmann.com\/es\/ambitos-de-aplicacion\/frutos-rojos\/arandanos\/","og_locale":"es_ES","og_type":"article","og_title":"Ar\u00e1ndanos - Klasmann-Deilmann","og_description":"[vc_row][vc_column][kd_header_random_image_banner image=\u00bb86008&#8243;][\/kd_header_random_image_banner][kd_side_image_menu title=\u00bbOtros cultivos\u00bb images=\u00bb92325,85763,85737&#8243; links=\u00bb%5B%7B%22link%22%3A%22url%3Ahttps%253A%252F%252Fklasmann-deilmann.com%252Fes%252Fambitos-de-aplicacion%252Ffrutos-rojos%252Ffresas%252F%7Ctitle%3ABlueberries%22%7D%2C%7B%22link%22%3A%22url%3Ahttps%253A%252F%252Fklasmann-deilmann.com%252Fes%252Fambitos-de-aplicacion%252Ffrutos-rojos%252Fframbuesas-y-moras%252F%7Ctitle%3AStrawberries%22%7D%2C%7B%22link%22%3A%22url%3Ahttps%253A%252F%252Fklasmann-deilmann.com%252Fes%252Fambitos-de-aplicacion%252Ffrutos-rojos%252Fframbuesas-y-moras%252F%7Ctitle%3AStrawberries%22%7D%5D\u00bb][\/vc_column][\/vc_row][vc_row el_class=\u00bbsoftfruits-grid-row\u00bb][vc_column][vc_row_inner gap=\u00bb30&#8243;][vc_column_inner width=\u00bb2\/3&#8243; css=\u00bb.vc_custom_1757315064475{padding-top: 100px !important;}\u00bb][vc_column_text css=\u00bb\u00bb] H\u00e9roes de capa azul para unos altos rendimientos: Nuestras soluciones para sus ar\u00e1ndanos Ya se trate de nuestros sobradamente probados sustratos para ar\u00e1ndano, de mezclas personalizadas para la situaci\u00f3n particular de su cultivo, de nuevos sustratos de cultivo altamente sostenibles o de Growcoon, nuestro innovador sistema de propagaci\u00f3n, le brindamos una vasta gama de excelentes soluciones. Al adaptarse a sus requisitos individuales, todas ellas le permiten cultivar","og_url":"https:\/\/klasmann-deilmann.com\/es\/ambitos-de-aplicacion\/frutos-rojos\/arandanos\/","og_site_name":"Klasmann-Deilmann","article_modified_time":"2026-03-31T12:52:08+00:00","twitter_card":"summary_large_image","twitter_misc":{"Tiempo de lectura":"5 minutos"},"schema":{"@context":"https:\/\/schema.org","@graph":[{"@type":"WebPage","@id":"https:\/\/klasmann-deilmann.com\/es\/ambitos-de-aplicacion\/frutos-rojos\/arandanos\/","url":"https:\/\/klasmann-deilmann.com\/es\/ambitos-de-aplicacion\/frutos-rojos\/arandanos\/","name":"Ar\u00e1ndanos - Klasmann-Deilmann","isPartOf":{"@id":"https:\/\/klasmann-deilmann.com\/en\/#website"},"datePublished":"2024-08-28T09:29:35+00:00","dateModified":"2026-03-31T12:52:08+00:00","breadcrumb":{"@id":"https:\/\/klasmann-deilmann.com\/es\/ambitos-de-aplicacion\/frutos-rojos\/arandanos\/#breadcrumb"},"inLanguage":"es","potentialAction":[{"@type":"ReadAction","target":["https:\/\/klasmann-deilmann.com\/es\/ambitos-de-aplicacion\/frutos-rojos\/arandanos\/"]}]},{"@type":"BreadcrumbList","@id":"https:\/\/klasmann-deilmann.com\/es\/ambitos-de-aplicacion\/frutos-rojos\/arandanos\/#breadcrumb","itemListElement":[{"@type":"ListItem","position":1,"name":"Home","item":"https:\/\/klasmann-deilmann.com\/es\/"},{"@type":"ListItem","position":2,"name":"\u00c1mbitos de aplicaci\u00f3n","item":"https:\/\/klasmann-deilmann.com\/es\/ambitos-de-aplicacion\/"},{"@type":"ListItem","position":3,"name":"Frutos rojos","item":"https:\/\/klasmann-deilmann.com\/es\/ambitos-de-aplicacion\/frutos-rojos\/"},{"@type":"ListItem","position":4,"name":"Ar\u00e1ndanos"}]},{"@type":"WebSite","@id":"https:\/\/klasmann-deilmann.com\/en\/#website","url":"https:\/\/klasmann-deilmann.com\/en\/","name":"Klasmann-Deilmann","description":"","potentialAction":[{"@type":"SearchAction","target":{"@type":"EntryPoint","urlTemplate":"https:\/\/klasmann-deilmann.com\/en\/?s={search_term_string}"},"query-input":{"@type":"PropertyValueSpecification","valueRequired":true,"valueName":"search_term_string"}}],"inLanguage":"es"}]}},"_links":{"self":[{"href":"https:\/\/klasmann-deilmann.com\/es\/wp-json\/wp\/v2\/pages\/92226","targetHints":{"allow":["GET"]}}],"collection":[{"href":"https:\/\/klasmann-deilmann.com\/es\/wp-json\/wp\/v2\/pages"}],"about":[{"href":"https:\/\/klasmann-deilmann.com\/es\/wp-json\/wp\/v2\/types\/page"}],"author":[{"embeddable":true,"href":"https:\/\/klasmann-deilmann.com\/es\/wp-json\/wp\/v2\/users\/2"}],"replies":[{"embeddable":true,"href":"https:\/\/klasmann-deilmann.com\/es\/wp-json\/wp\/v2\/comments?post=92226"}],"version-history":[{"count":11,"href":"https:\/\/klasmann-deilmann.com\/es\/wp-json\/wp\/v2\/pages\/92226\/revisions"}],"predecessor-version":[{"id":106302,"href":"https:\/\/klasmann-deilmann.com\/es\/wp-json\/wp\/v2\/pages\/92226\/revisions\/106302"}],"up":[{"embeddable":true,"href":"https:\/\/klasmann-deilmann.com\/es\/wp-json\/wp\/v2\/pages\/92145"}],"wp:attachment":[{"href":"https:\/\/klasmann-deilmann.com\/es\/wp-json\/wp\/v2\/media?parent=92226"}],"curies":[{"name":"wp","href":"https:\/\/api.w.org\/{rel}","templated":true}]}}