{"id":92220,"date":"2024-08-28T11:30:52","date_gmt":"2024-08-28T09:30:52","guid":{"rendered":"https:\/\/klasmann-deilmann.com\/ambitos-de-aplicacion\/frutos-rojos\/soft-fruits-and-growcoon\/"},"modified":"2026-03-31T14:48:43","modified_gmt":"2026-03-31T12:48:43","slug":"frutos-rojos-y-growcoon","status":"publish","type":"page","link":"https:\/\/klasmann-deilmann.com\/es\/ambitos-de-aplicacion\/frutos-rojos\/frutos-rojos-y-growcoon\/","title":{"rendered":"Frutos rojos y Growcoon"},"content":{"rendered":"<div class=\"wpb-content-wrapper\">[vc_row][vc_column][kd_header_random_image_banner kindofbanner=\u00bbslideshow\u00bb timetillslide=\u00bb3&#8243; image=\u00bb105844&#8243;][\/kd_header_random_image_banner][\/vc_column][\/vc_row][vc_row el_class=\u00bbsoftfruits-grid-row\u00bb][vc_column][vc_row_inner gap=\u00bb30&#8243;][vc_column_inner width=\u00bb2\/3&#8243;][vc_column_text css=\u00bb\u00bb]<\/p>\n<h2 style=\"text-align: left;\"><strong>La innovadora soluci\u00f3n de cultivo:<br \/>\nNuestro Growcoon para la propagaci\u00f3n de frutos rojos<\/strong><\/h2>\n<p>[\/vc_column_text][vc_column_text css=\u00bb\u00bb]Growcoon es una malla-maceta para plantones biodegradable, con una estructura reticulada abierta, estable pero flexible. Permite un mejor y m\u00e1s r\u00e1pido enraizamiento, mayor aireaci\u00f3n de la zona radicular y forma un cepell\u00f3n estable cuando se usa en combinaci\u00f3n con un sustrato para plant\u00f3n de alta calidad. Growcoon es el sistema \u00f3ptimo para todos los m\u00e9todos de propagaci\u00f3n de frutos rojos.<\/p>\n<p>Adem\u00e1s, como cultivador de pl\u00e1ntulas de frutos rojos, es l\u00f3gico que desee suministrar a sus clientes el cultivo m\u00e1s fuerte y sano posible. Fresas, frambuesas, moras y ar\u00e1ndanos resilientes y que desarrollan el fruto r\u00e1pidamente. Growcoon proporciona el impulso inicial a su cultivo, permiti\u00e9ndole entregarlo o plantarlo m\u00e1s pronto.[\/vc_column_text][\/vc_column_inner][vc_column_inner width=\u00bb1\/3&#8243; el_id=\u00bbcontact-marginalia\u00bb][vc_column_text css=\u00bb\u00bb]<\/p>\n<h2><strong>Contacte con su colaborador local:<\/strong><\/h2>\n<p>[\/vc_column_text][kd_get_contact_by_country topic=\u00bb580&#8243;][\/vc_column_inner][\/vc_row_inner][\/vc_column][\/vc_row][vc_section css=\u00bb.vc_custom_1629097542526{padding-top: 60px !important;}\u00bb][vc_row][vc_column][vc_row_inner][vc_column_inner][vc_column_text css=\u00bb\u00bb]<\/p>\n<h2><strong>Ventajas del Growcoon para frutos rojos:<\/strong><\/h2>\n<p>[\/vc_column_text][\/vc_column_inner][\/vc_row_inner][\/vc_column][\/vc_row][vc_row][vc_column width=\u00bb1\/2&#8243;][vc_column_text css=\u00bb\u00bb]<img loading=\"lazy\" decoding=\"async\" class=\"alignnone wp-image-91022 size-full\" src=\"https:\/\/klasmann-deilmann.com\/wp-content\/uploads\/klasmann-deilmann_growcoon_braun-1.jpg\" alt=\"\" width=\"2024\" height=\"2560\" srcset=\"https:\/\/klasmann-deilmann.com\/wp-content\/uploads\/klasmann-deilmann_growcoon_braun-1.jpg 2024w, https:\/\/klasmann-deilmann.com\/wp-content\/uploads\/klasmann-deilmann_growcoon_braun-1-237x300.jpg 237w, https:\/\/klasmann-deilmann.com\/wp-content\/uploads\/klasmann-deilmann_growcoon_braun-1-810x1024.jpg 810w, https:\/\/klasmann-deilmann.com\/wp-content\/uploads\/klasmann-deilmann_growcoon_braun-1-768x971.jpg 768w, https:\/\/klasmann-deilmann.com\/wp-content\/uploads\/klasmann-deilmann_growcoon_braun-1-1214x1536.jpg 1214w, https:\/\/klasmann-deilmann.com\/wp-content\/uploads\/klasmann-deilmann_growcoon_braun-1-1619x2048.jpg 1619w\" sizes=\"auto, (max-width: 2024px) 100vw, 2024px\" \/>[\/vc_column_text][\/vc_column][vc_column width=\u00bb1\/2&#8243;][vc_tta_accordion shape=\u00bbsquare\u00bb gap=\u00bb30&#8243; active_section=\u00bb99&#8243; color=\u00bbkdlightgray\u00bb collapsible_all=\u00bbtrue\u00bb el_class=\u00bbhighlight-accordeon\u00bb][vc_tta_section title=\u00bbPrincipales ventajas\u00bb tab_id=\u00bb1629097234014-dec0a1c4-be50&#8243;][vc_column_text css=\u00bb\u00bb el_class=\u00bbpluslist green\u00bb]<\/p>\n<ul>\n<li>Ciclos de cultivo m\u00e1s cortos<\/li>\n<li>Plantas robustas<\/li>\n<li>Mayor estabilidad del cepell\u00f3n<\/li>\n<li>Tasas de fracaso m\u00e1s bajas<\/li>\n<li>3 tipos de Growcoon disponibles (de menor a mayor degradaci\u00f3n): progresivo, est\u00e1ndar, tropical<\/li>\n<\/ul>\n<p>[\/vc_column_text][\/vc_tta_section][vc_tta_section title=\u00bbCultivo\u00bb tab_id=\u00bb1629097243007-626cd052-9fd5&#8243;][vc_column_text css=\u00bb\u00bb el_class=\u00bbpluslist green\u00bb]<\/p>\n<ul>\n<li>Cepell\u00f3n compacto y s\u00f3lido<\/li>\n<li>R\u00e1pido crecimiento radicular<\/li>\n<li>Proliferaci\u00f3n de ra\u00edces pilosas<\/li>\n<li>F\u00e1cil estaquillado de esquejes gracias a que el sustrato no est\u00e1 muy compacto<\/li>\n<\/ul>\n<p>[\/vc_column_text][\/vc_tta_section][vc_tta_section title=\u00bbManipulaci\u00f3n\u00bb tab_id=\u00bb1629097234032-bf3601dd-e10c\u00bb][vc_column_text css=\u00bb\u00bb el_class=\u00bbpluslist green\u00bb]<\/p>\n<ul>\n<li>Encaja perfectamente en bandeja gracias a unas dimensiones constantes<\/li>\n<li>F\u00e1cil de extraer de la bandeja<\/li>\n<li>F\u00e1cil selecci\u00f3n y reacomodo para un r\u00e1pido proceso de expedici\u00f3n<\/li>\n<li>No se da\u00f1an cepellones ni ra\u00edces durante el trasplante<\/li>\n<\/ul>\n<p>[\/vc_column_text][\/vc_tta_section][vc_tta_section title=\u00bbLog\u00edstica\u00bb tab_id=\u00bb1629097312672-5d8b526f-cc7b\u00bb][vc_column_text css=\u00bb\u00bb el_class=\u00bbpluslist green\u00bb]<\/p>\n<ul>\n<li>Apilable de forma compacta<\/li>\n<li>Gran n\u00famero de Growcoons por caja\/palet<\/li>\n<li>Facilita un transporte eficiente<\/li>\n<\/ul>\n<p>[\/vc_column_text][\/vc_tta_section][vc_tta_section title=\u00bbPerfecto microclima\u00bb tab_id=\u00bb1629097376463-e9eb6071-02e7&#8243;][vc_column_text css=\u00bb\u00bb el_class=\u00bbpluslist green\u00bb]<\/p>\n<ul>\n<li>Dise\u00f1ado para encajar perfectamente en los alv\u00e9olos de las bandejas<\/li>\n<li>Su forma c\u00f3nica permite un colch\u00f3n extra de ox\u00edgeno entre Growcoon y alv\u00e9olo de la bandeja<\/li>\n<li>Estructura reticulada abierta<\/li>\n<li>Uso de sustrato poco compacto<\/li>\n<\/ul>\n<p>[\/vc_column_text][\/vc_tta_section][\/vc_tta_accordion][vc_row_inner][vc_column_inner][vc_column_text css=\u00bb\u00bb]Growcoon es un innovador producto fruto de nuestra colaboraci\u00f3n con Maan Biobased Products B.V., empresa l\u00edder en el campo de la tecnolog\u00eda de pol\u00edmeros. Desarrollado por Maan, Klasmann-Deilmann lo comercializa en exclusiva a escala internacional. Growcoon conjuga la fuerza innovadora de Maan Biobased Products y la potencia comercial de Klasmann-Deilmann.[\/vc_column_text][\/vc_column_inner][\/vc_row_inner][\/vc_column][\/vc_row][\/vc_section][vc_row css=\u00bb.vc_custom_1720772067036{margin-top: 70px !important;padding-top: 30px !important;padding-bottom: 70px !important;background-color: #414345 !important;}\u00bb][vc_column][vc_row_inner equal_height=\u00bbyes\u00bb][vc_column_inner width=\u00bb1\/2&#8243; css=\u00bb.vc_custom_1628692250337{background-position: center !important;background-repeat: no-repeat !important;background-size: cover !important;}\u00bb][vc_column_text css=\u00bb\u00bb]<\/p>\n<h2>El Growcoon para frutos rojos:<br \/>\nEl primer impulso para sus pl\u00e1ntulas<\/h2>\n<p>[\/vc_column_text][vc_column_text css=\u00bb\u00bb]La inteligente forma c\u00f3nica de Growcoon crea un colch\u00f3n de aire entre el cepell\u00f3n y la pared del alv\u00e9olo de la bandeja. Esto brinda a las ra\u00edces de la planta m\u00e1s aire y espacio de sobra para crecer. Y no se pegan a la bandeja, por lo que las ra\u00edces no sufren da\u00f1os al trasplantarlas. Nada impide el desarrollo radicular. El resultado es un cultivo homog\u00e9neo y pl\u00e1ntulas fuertes de frutos rojos m\u00e1s resistentes a influencias externas da\u00f1inas.[\/vc_column_text][\/vc_column_inner][vc_column_inner width=\u00bb1\/2&#8243; css=\u00bb.vc_custom_1628691617282{padding-top: 30px !important;padding-right: 30px !important;padding-bottom: 30px !important;padding-left: 30px !important;}\u00bb][vc_column_text css=\u00bb\u00bb]<img decoding=\"async\" class=\"alignnone size-full wp-image-85957\" src=\"\/wp-content\/uploads\/klasmann-deilmann_softfruits_growcoon_roots.jpg\" alt=\"\" \/>[\/vc_column_text][\/vc_column_inner][\/vc_row_inner][\/vc_column][\/vc_row][vc_row css=\u00bb.vc_custom_1720617601140{padding-bottom: 70px !important;}\u00bb][vc_column][vc_row_inner][vc_column_inner width=\u00bb1\/2&#8243;][vc_column_text css=\u00bb\u00bb]<img loading=\"lazy\" decoding=\"async\" width=\"2560\" height=\"1707\" class=\"alignnone size-full wp-image-86492\" src=\"\/wp-content\/uploads\/122205990.jpg\" alt=\"\" srcset=\"https:\/\/klasmann-deilmann.com\/wp-content\/uploads\/122205990.jpg 2560w, https:\/\/klasmann-deilmann.com\/wp-content\/uploads\/122205990-300x200.jpg 300w, https:\/\/klasmann-deilmann.com\/wp-content\/uploads\/122205990-1024x683.jpg 1024w, https:\/\/klasmann-deilmann.com\/wp-content\/uploads\/122205990-768x512.jpg 768w, https:\/\/klasmann-deilmann.com\/wp-content\/uploads\/122205990-1536x1024.jpg 1536w, https:\/\/klasmann-deilmann.com\/wp-content\/uploads\/122205990-2048x1366.jpg 2048w\" sizes=\"auto, (max-width: 2560px) 100vw, 2560px\" \/>[\/vc_column_text][\/vc_column_inner][vc_column_inner width=\u00bb1\/2&#8243;][vc_column_text css=\u00bb\u00bb]<\/p>\n<h2><strong>Growcoon est\u00e1 aprobado para cultivo org\u00e1nico<\/strong><\/h2>\n<p>[\/vc_column_text][vc_column_text css=\u00bb\u00bb]Growcoon ya se puede emplear en cultivo org\u00e1nico en varios pa\u00edses. Est\u00e1 compuesto de pol\u00edmeros totalmente biodegradables, despu\u00e9s de usarlo no queda nada (aparte de agua y CO<sub>2<\/sub>). En otras palabras: residuo cero. Growcoon cuenta con la certificaci\u00f3n FiBL en Francia, Italia, Suiza y Alemania y figura desde hace a\u00f1os en la lista de insumos neerlandesa SKAL. Por otra parte, nuestro Growcoon ostenta los certificados de biodegradabilidad \u201cOK Soil\u201d y \u201cOK Compost\u201d. De este modo puede tener la seguridad de que puede usar Growcoon con tranquilidad en su cultivo org\u00e1nico.[\/vc_column_text][vc_btn title=\u00bbAqu\u00ed encontrar\u00e1 el sustrato perfecto para cultivo org\u00e1nico\u00bb css=\u00bb\u00bb link=\u00bburl:https%3A%2F%2Fklasmann-deilmann.com%2Fes%2Fproductos-y-soluciones%2Fsustratos-proline%2F|title:ProLine%20Substrates\u00bb][\/vc_column_inner][\/vc_row_inner][\/vc_column][\/vc_row][vc_row css=\u00bb.vc_custom_1720772067036{margin-top: 70px !important;padding-top: 30px !important;padding-bottom: 70px !important;background-color: #414345 !important;}\u00bb][vc_column][vc_row_inner equal_height=\u00bbyes\u00bb][vc_column_inner width=\u00bb1\/2&#8243; css=\u00bb.vc_custom_1628692250337{background-position: center !important;background-repeat: no-repeat !important;background-size: cover !important;}\u00bb][vc_column_text css=\u00bb\u00bb]<\/p>\n<h2>La eficiencia Growcoon:<br \/>\nF\u00e1cil automatizaci\u00f3n<\/h2>\n<p>[\/vc_column_text][vc_column_text css=\u00bb\u00bb]\u00bfSus costes laborales tambi\u00e9n aumentan por la inflaci\u00f3n? A muchos cultivadores les preocupa la mano de obra. Esto no parece que vaya a cambiar, ni hoy ni en los pr\u00f3ximos a\u00f1os. \u00bfEso c\u00f3mo le afecta? Ah\u00f3rrese costes laborales invirtiendo en automatizaci\u00f3n. Es una forma de crecer con facilidad y de reducir sus costes laborales.<\/p>\n<p>Growcoon hace posible la automatizaci\u00f3n: el dispensador autom\u00e1tico coloca los Growcoons en las bandejas. Los esquejes y plantones cultivados en el Growcoon pueden ser seleccionados, reacomodados y trasplantados por maquinaria autom\u00e1tica, agilizando su flujo de trabajo.[\/vc_column_text][vc_btn title=\u00bbM\u00e1s informaci\u00f3n\u00bb css=\u00bb\u00bb link=\u00bburl:https%3A%2F%2Fwww.growcoon.com%2Fes%2Ffacil-de-automatizar|target:_blank\u00bb][\/vc_column_inner][vc_column_inner width=\u00bb1\/2&#8243; css=\u00bb.vc_custom_1628691617282{padding-top: 30px !important;padding-right: 30px !important;padding-bottom: 30px !important;padding-left: 30px !important;}\u00bb][vc_column_text css=\u00bb\u00bb]<img loading=\"lazy\" decoding=\"async\" width=\"2560\" height=\"1708\" class=\"alignnone size-full wp-image-85986\" src=\"\/wp-content\/uploads\/klasmann-deilmann_softfruits_growcoon_dispenser.jpg\" alt=\"\" srcset=\"https:\/\/klasmann-deilmann.com\/wp-content\/uploads\/klasmann-deilmann_softfruits_growcoon_dispenser.jpg 2560w, https:\/\/klasmann-deilmann.com\/wp-content\/uploads\/klasmann-deilmann_softfruits_growcoon_dispenser-300x200.jpg 300w, https:\/\/klasmann-deilmann.com\/wp-content\/uploads\/klasmann-deilmann_softfruits_growcoon_dispenser-1024x683.jpg 1024w, https:\/\/klasmann-deilmann.com\/wp-content\/uploads\/klasmann-deilmann_softfruits_growcoon_dispenser-768x512.jpg 768w, https:\/\/klasmann-deilmann.com\/wp-content\/uploads\/klasmann-deilmann_softfruits_growcoon_dispenser-1536x1025.jpg 1536w, https:\/\/klasmann-deilmann.com\/wp-content\/uploads\/klasmann-deilmann_softfruits_growcoon_dispenser-2048x1366.jpg 2048w\" sizes=\"auto, (max-width: 2560px) 100vw, 2560px\" \/>[\/vc_column_text][\/vc_column_inner][\/vc_row_inner][\/vc_column][\/vc_row]<\/div>\n","protected":false},"excerpt":{"rendered":"<p>[vc_row][vc_column][kd_header_random_image_banner kindofbanner=\u00bbslideshow\u00bb timetillslide=\u00bb3&#8243; image=\u00bb105844&#8243;][\/kd_header_random_image_banner][\/vc_column][\/vc_row][vc_row el_class=\u00bbsoftfruits-grid-row\u00bb][vc_column][vc_row_inner gap=\u00bb30&#8243;][vc_column_inner width=\u00bb2\/3&#8243;][vc_column_text css=\u00bb\u00bb] La innovadora soluci\u00f3n de cultivo: Nuestro Growcoon para la propagaci\u00f3n de frutos rojos [\/vc_column_text][vc_column_text css=\u00bb\u00bb]Growcoon es una malla-maceta para plantones biodegradable, con una estructura reticulada abierta, estable pero flexible. Permite un mejor y m\u00e1s r\u00e1pido enraizamiento, mayor aireaci\u00f3n de la zona radicular y forma un cepell\u00f3n estable cuando se usa en combinaci\u00f3n con un sustrato para plant\u00f3n de alta calidad. Growcoon es el sistema \u00f3ptimo para todos los m\u00e9todos de propagaci\u00f3n de<\/p>\n","protected":false},"author":2,"featured_media":0,"parent":92145,"menu_order":216,"comment_status":"closed","ping_status":"closed","template":"","meta":{"_acf_changed":false,"inline_featured_image":false,"footnotes":""},"class_list":["post-92220","page","type-page","status-publish","hentry"],"acf":[],"yoast_head":"<!-- This site is optimized with the Yoast SEO plugin v27.5 - https:\/\/yoast.com\/product\/yoast-seo-wordpress\/ -->\n<title>Frutos rojos y Growcoon - Klasmann-Deilmann<\/title>\n<meta name=\"robots\" content=\"index, follow, max-snippet:-1, max-image-preview:large, max-video-preview:-1\" \/>\n<link rel=\"canonical\" href=\"https:\/\/klasmann-deilmann.com\/es\/ambitos-de-aplicacion\/frutos-rojos\/frutos-rojos-y-growcoon\/\" \/>\n<meta property=\"og:locale\" content=\"es_ES\" \/>\n<meta property=\"og:type\" content=\"article\" \/>\n<meta property=\"og:title\" content=\"Frutos rojos y Growcoon - Klasmann-Deilmann\" \/>\n<meta property=\"og:description\" content=\"[vc_row][vc_column][kd_header_random_image_banner kindofbanner=\u00bbslideshow\u00bb timetillslide=\u00bb3&#8243; image=\u00bb105844&#8243;][\/kd_header_random_image_banner][\/vc_column][\/vc_row][vc_row el_class=\u00bbsoftfruits-grid-row\u00bb][vc_column][vc_row_inner gap=\u00bb30&#8243;][vc_column_inner width=\u00bb2\/3&#8243;][vc_column_text css=\u00bb\u00bb] La innovadora soluci\u00f3n de cultivo: Nuestro Growcoon para la propagaci\u00f3n de frutos rojos [\/vc_column_text][vc_column_text css=\u00bb\u00bb]Growcoon es una malla-maceta para plantones biodegradable, con una estructura reticulada abierta, estable pero flexible. Permite un mejor y m\u00e1s r\u00e1pido enraizamiento, mayor aireaci\u00f3n de la zona radicular y forma un cepell\u00f3n estable cuando se usa en combinaci\u00f3n con un sustrato para plant\u00f3n de alta calidad. Growcoon es el sistema \u00f3ptimo para todos los m\u00e9todos de propagaci\u00f3n de\" \/>\n<meta property=\"og:url\" content=\"https:\/\/klasmann-deilmann.com\/es\/ambitos-de-aplicacion\/frutos-rojos\/frutos-rojos-y-growcoon\/\" \/>\n<meta property=\"og:site_name\" content=\"Klasmann-Deilmann\" \/>\n<meta property=\"article:modified_time\" content=\"2026-03-31T12:48:43+00:00\" \/>\n<meta property=\"og:image\" content=\"https:\/\/klasmann-deilmann.com\/wp-content\/uploads\/klasmann-deilmann_growcoon_braun-1.jpg\" \/>\n\t<meta property=\"og:image:width\" content=\"2024\" \/>\n\t<meta property=\"og:image:height\" content=\"2560\" \/>\n\t<meta property=\"og:image:type\" content=\"image\/jpeg\" \/>\n<meta name=\"twitter:card\" content=\"summary_large_image\" \/>\n<meta name=\"twitter:label1\" content=\"Tiempo de lectura\" \/>\n\t<meta name=\"twitter:data1\" content=\"5 minutos\" \/>\n<script type=\"application\/ld+json\" class=\"yoast-schema-graph\">{\"@context\":\"https:\\\/\\\/schema.org\",\"@graph\":[{\"@type\":\"WebPage\",\"@id\":\"https:\\\/\\\/klasmann-deilmann.com\\\/es\\\/ambitos-de-aplicacion\\\/frutos-rojos\\\/frutos-rojos-y-growcoon\\\/\",\"url\":\"https:\\\/\\\/klasmann-deilmann.com\\\/es\\\/ambitos-de-aplicacion\\\/frutos-rojos\\\/frutos-rojos-y-growcoon\\\/\",\"name\":\"Frutos rojos y Growcoon - Klasmann-Deilmann\",\"isPartOf\":{\"@id\":\"https:\\\/\\\/klasmann-deilmann.com\\\/en\\\/#website\"},\"primaryImageOfPage\":{\"@id\":\"https:\\\/\\\/klasmann-deilmann.com\\\/es\\\/ambitos-de-aplicacion\\\/frutos-rojos\\\/frutos-rojos-y-growcoon\\\/#primaryimage\"},\"image\":{\"@id\":\"https:\\\/\\\/klasmann-deilmann.com\\\/es\\\/ambitos-de-aplicacion\\\/frutos-rojos\\\/frutos-rojos-y-growcoon\\\/#primaryimage\"},\"thumbnailUrl\":\"https:\\\/\\\/klasmann-deilmann.com\\\/wp-content\\\/uploads\\\/klasmann-deilmann_growcoon_braun-1.jpg\",\"datePublished\":\"2024-08-28T09:30:52+00:00\",\"dateModified\":\"2026-03-31T12:48:43+00:00\",\"breadcrumb\":{\"@id\":\"https:\\\/\\\/klasmann-deilmann.com\\\/es\\\/ambitos-de-aplicacion\\\/frutos-rojos\\\/frutos-rojos-y-growcoon\\\/#breadcrumb\"},\"inLanguage\":\"es\",\"potentialAction\":[{\"@type\":\"ReadAction\",\"target\":[\"https:\\\/\\\/klasmann-deilmann.com\\\/es\\\/ambitos-de-aplicacion\\\/frutos-rojos\\\/frutos-rojos-y-growcoon\\\/\"]}]},{\"@type\":\"ImageObject\",\"inLanguage\":\"es\",\"@id\":\"https:\\\/\\\/klasmann-deilmann.com\\\/es\\\/ambitos-de-aplicacion\\\/frutos-rojos\\\/frutos-rojos-y-growcoon\\\/#primaryimage\",\"url\":\"https:\\\/\\\/klasmann-deilmann.com\\\/wp-content\\\/uploads\\\/klasmann-deilmann_growcoon_braun-1.jpg\",\"contentUrl\":\"https:\\\/\\\/klasmann-deilmann.com\\\/wp-content\\\/uploads\\\/klasmann-deilmann_growcoon_braun-1.jpg\"},{\"@type\":\"BreadcrumbList\",\"@id\":\"https:\\\/\\\/klasmann-deilmann.com\\\/es\\\/ambitos-de-aplicacion\\\/frutos-rojos\\\/frutos-rojos-y-growcoon\\\/#breadcrumb\",\"itemListElement\":[{\"@type\":\"ListItem\",\"position\":1,\"name\":\"Home\",\"item\":\"https:\\\/\\\/klasmann-deilmann.com\\\/es\\\/\"},{\"@type\":\"ListItem\",\"position\":2,\"name\":\"\u00c1mbitos de aplicaci\u00f3n\",\"item\":\"https:\\\/\\\/klasmann-deilmann.com\\\/es\\\/ambitos-de-aplicacion\\\/\"},{\"@type\":\"ListItem\",\"position\":3,\"name\":\"Frutos rojos\",\"item\":\"https:\\\/\\\/klasmann-deilmann.com\\\/es\\\/ambitos-de-aplicacion\\\/frutos-rojos\\\/\"},{\"@type\":\"ListItem\",\"position\":4,\"name\":\"Frutos rojos y Growcoon\"}]},{\"@type\":\"WebSite\",\"@id\":\"https:\\\/\\\/klasmann-deilmann.com\\\/en\\\/#website\",\"url\":\"https:\\\/\\\/klasmann-deilmann.com\\\/en\\\/\",\"name\":\"Klasmann-Deilmann\",\"description\":\"\",\"potentialAction\":[{\"@type\":\"SearchAction\",\"target\":{\"@type\":\"EntryPoint\",\"urlTemplate\":\"https:\\\/\\\/klasmann-deilmann.com\\\/en\\\/?s={search_term_string}\"},\"query-input\":{\"@type\":\"PropertyValueSpecification\",\"valueRequired\":true,\"valueName\":\"search_term_string\"}}],\"inLanguage\":\"es\"}]}<\/script>\n<!-- \/ Yoast SEO plugin. -->","yoast_head_json":{"title":"Frutos rojos y Growcoon - Klasmann-Deilmann","robots":{"index":"index","follow":"follow","max-snippet":"max-snippet:-1","max-image-preview":"max-image-preview:large","max-video-preview":"max-video-preview:-1"},"canonical":"https:\/\/klasmann-deilmann.com\/es\/ambitos-de-aplicacion\/frutos-rojos\/frutos-rojos-y-growcoon\/","og_locale":"es_ES","og_type":"article","og_title":"Frutos rojos y Growcoon - Klasmann-Deilmann","og_description":"[vc_row][vc_column][kd_header_random_image_banner kindofbanner=\u00bbslideshow\u00bb timetillslide=\u00bb3&#8243; image=\u00bb105844&#8243;][\/kd_header_random_image_banner][\/vc_column][\/vc_row][vc_row el_class=\u00bbsoftfruits-grid-row\u00bb][vc_column][vc_row_inner gap=\u00bb30&#8243;][vc_column_inner width=\u00bb2\/3&#8243;][vc_column_text css=\u00bb\u00bb] La innovadora soluci\u00f3n de cultivo: Nuestro Growcoon para la propagaci\u00f3n de frutos rojos [\/vc_column_text][vc_column_text css=\u00bb\u00bb]Growcoon es una malla-maceta para plantones biodegradable, con una estructura reticulada abierta, estable pero flexible. Permite un mejor y m\u00e1s r\u00e1pido enraizamiento, mayor aireaci\u00f3n de la zona radicular y forma un cepell\u00f3n estable cuando se usa en combinaci\u00f3n con un sustrato para plant\u00f3n de alta calidad. Growcoon es el sistema \u00f3ptimo para todos los m\u00e9todos de propagaci\u00f3n de","og_url":"https:\/\/klasmann-deilmann.com\/es\/ambitos-de-aplicacion\/frutos-rojos\/frutos-rojos-y-growcoon\/","og_site_name":"Klasmann-Deilmann","article_modified_time":"2026-03-31T12:48:43+00:00","og_image":[{"width":2024,"height":2560,"url":"https:\/\/klasmann-deilmann.com\/wp-content\/uploads\/klasmann-deilmann_growcoon_braun-1.jpg","type":"image\/jpeg"}],"twitter_card":"summary_large_image","twitter_misc":{"Tiempo de lectura":"5 minutos"},"schema":{"@context":"https:\/\/schema.org","@graph":[{"@type":"WebPage","@id":"https:\/\/klasmann-deilmann.com\/es\/ambitos-de-aplicacion\/frutos-rojos\/frutos-rojos-y-growcoon\/","url":"https:\/\/klasmann-deilmann.com\/es\/ambitos-de-aplicacion\/frutos-rojos\/frutos-rojos-y-growcoon\/","name":"Frutos rojos y Growcoon - Klasmann-Deilmann","isPartOf":{"@id":"https:\/\/klasmann-deilmann.com\/en\/#website"},"primaryImageOfPage":{"@id":"https:\/\/klasmann-deilmann.com\/es\/ambitos-de-aplicacion\/frutos-rojos\/frutos-rojos-y-growcoon\/#primaryimage"},"image":{"@id":"https:\/\/klasmann-deilmann.com\/es\/ambitos-de-aplicacion\/frutos-rojos\/frutos-rojos-y-growcoon\/#primaryimage"},"thumbnailUrl":"https:\/\/klasmann-deilmann.com\/wp-content\/uploads\/klasmann-deilmann_growcoon_braun-1.jpg","datePublished":"2024-08-28T09:30:52+00:00","dateModified":"2026-03-31T12:48:43+00:00","breadcrumb":{"@id":"https:\/\/klasmann-deilmann.com\/es\/ambitos-de-aplicacion\/frutos-rojos\/frutos-rojos-y-growcoon\/#breadcrumb"},"inLanguage":"es","potentialAction":[{"@type":"ReadAction","target":["https:\/\/klasmann-deilmann.com\/es\/ambitos-de-aplicacion\/frutos-rojos\/frutos-rojos-y-growcoon\/"]}]},{"@type":"ImageObject","inLanguage":"es","@id":"https:\/\/klasmann-deilmann.com\/es\/ambitos-de-aplicacion\/frutos-rojos\/frutos-rojos-y-growcoon\/#primaryimage","url":"https:\/\/klasmann-deilmann.com\/wp-content\/uploads\/klasmann-deilmann_growcoon_braun-1.jpg","contentUrl":"https:\/\/klasmann-deilmann.com\/wp-content\/uploads\/klasmann-deilmann_growcoon_braun-1.jpg"},{"@type":"BreadcrumbList","@id":"https:\/\/klasmann-deilmann.com\/es\/ambitos-de-aplicacion\/frutos-rojos\/frutos-rojos-y-growcoon\/#breadcrumb","itemListElement":[{"@type":"ListItem","position":1,"name":"Home","item":"https:\/\/klasmann-deilmann.com\/es\/"},{"@type":"ListItem","position":2,"name":"\u00c1mbitos de aplicaci\u00f3n","item":"https:\/\/klasmann-deilmann.com\/es\/ambitos-de-aplicacion\/"},{"@type":"ListItem","position":3,"name":"Frutos rojos","item":"https:\/\/klasmann-deilmann.com\/es\/ambitos-de-aplicacion\/frutos-rojos\/"},{"@type":"ListItem","position":4,"name":"Frutos rojos y Growcoon"}]},{"@type":"WebSite","@id":"https:\/\/klasmann-deilmann.com\/en\/#website","url":"https:\/\/klasmann-deilmann.com\/en\/","name":"Klasmann-Deilmann","description":"","potentialAction":[{"@type":"SearchAction","target":{"@type":"EntryPoint","urlTemplate":"https:\/\/klasmann-deilmann.com\/en\/?s={search_term_string}"},"query-input":{"@type":"PropertyValueSpecification","valueRequired":true,"valueName":"search_term_string"}}],"inLanguage":"es"}]}},"_links":{"self":[{"href":"https:\/\/klasmann-deilmann.com\/es\/wp-json\/wp\/v2\/pages\/92220","targetHints":{"allow":["GET"]}}],"collection":[{"href":"https:\/\/klasmann-deilmann.com\/es\/wp-json\/wp\/v2\/pages"}],"about":[{"href":"https:\/\/klasmann-deilmann.com\/es\/wp-json\/wp\/v2\/types\/page"}],"author":[{"embeddable":true,"href":"https:\/\/klasmann-deilmann.com\/es\/wp-json\/wp\/v2\/users\/2"}],"replies":[{"embeddable":true,"href":"https:\/\/klasmann-deilmann.com\/es\/wp-json\/wp\/v2\/comments?post=92220"}],"version-history":[{"count":5,"href":"https:\/\/klasmann-deilmann.com\/es\/wp-json\/wp\/v2\/pages\/92220\/revisions"}],"predecessor-version":[{"id":106298,"href":"https:\/\/klasmann-deilmann.com\/es\/wp-json\/wp\/v2\/pages\/92220\/revisions\/106298"}],"up":[{"embeddable":true,"href":"https:\/\/klasmann-deilmann.com\/es\/wp-json\/wp\/v2\/pages\/92145"}],"wp:attachment":[{"href":"https:\/\/klasmann-deilmann.com\/es\/wp-json\/wp\/v2\/media?parent=92220"}],"curies":[{"name":"wp","href":"https:\/\/api.w.org\/{rel}","templated":true}]}}