{"id":92215,"date":"2025-08-07T13:45:25","date_gmt":"2025-08-07T11:45:25","guid":{"rendered":"https:\/\/klasmann-deilmann.com\/ambitos-de-aplicacion\/frutos-rojos\/frutos-rojos-y-growbag\/growbag-cocos\/"},"modified":"2026-03-23T10:26:45","modified_gmt":"2026-03-23T09:26:45","slug":"growbag-coco","status":"publish","type":"page","link":"https:\/\/klasmann-deilmann.com\/es\/ambitos-de-aplicacion\/frutos-rojos\/frutos-rojos-y-growbag\/growbag-coco\/","title":{"rendered":"Growbag Coco"},"content":{"rendered":"<div class=\"wpb-content-wrapper\">[vc_row][vc_column][kd_header_random_image_banner image=\u00bb90955&#8243;][\/kd_header_random_image_banner][\/vc_column][\/vc_row][vc_row el_class=\u00bbsoftfruits-grid-row\u00bb][vc_column][vc_row_inner gap=\u00bb30&#8243;][vc_column_inner width=\u00bb2\/3&#8243;][vc_column_text css=\u00bb\u00bb]<\/p>\n<h2 style=\"text-align: left;\"><strong>Tu soluci\u00f3n de cultivo del futuro:<br \/>\nEl Growbag COCO<\/strong><\/h2>\n<p style=\"font-weight: 400;\">Klasmann-Deilmann ofrece una gama de mezclas de fibra de coco especialmente desarrolladas para el cultivo en bolsas de cultivo. Para cada cultivo y cada situaci\u00f3n de cultivo, suministramos la opci\u00f3n m\u00e1s eficiente para sus necesidades espec\u00edficas. La bolsa de cultivo COCO ayuda a nuestros clientes de todo el mundo en el cultivo sin suelo de frutas y verduras blandas. Por lo tanto, contribuye al suministro sostenible de alimentos saludables para la poblaci\u00f3n mundial.<\/p>\n<p>[\/vc_column_text][vc_gallery interval=\u00bb3&#8243; images=\u00bb90968&#8243; img_size=\u00bbfull\u00bb onclick=\u00bb\u00bb css=\u00bb\u00bb][\/vc_column_inner][vc_column_inner width=\u00bb1\/3&#8243; el_id=\u00bbcontact-marginalia\u00bb][vc_column_text css=\u00bb\u00bb]<\/p>\n<h2><strong>Contacte con nuestro experto de Growbag \u2026<\/strong><\/h2>\n<p>[\/vc_column_text][kd_contact_person singleorlist=\u00bbsingle\u00bb singlecontact=\u00bb85508|Jan Vanoverschelde\u00bb template=\u00bbtemplate02&#8243; useemailtemplate=\u00bb\u00bb altemail=\u00bb\u00bb altphone=\u00bb\u00bb][vc_column_text css=\u00bb\u00bb]<\/p>\n<h2><strong>\u2026 o contacte con su colaborador local:<\/strong><\/h2>\n<p>[\/vc_column_text][kd_get_contact_by_country topic=\u00bb580&#8243;][\/vc_column_inner][\/vc_row_inner][\/vc_column][\/vc_row][vc_row css=\u00bb.vc_custom_1720772067036{margin-top: 70px !important;padding-top: 30px !important;padding-bottom: 70px !important;background-color: #414345 !important;}\u00bb][vc_column][vc_row_inner][vc_column_inner][vc_column_text css=\u00bb\u00bb]<\/p>\n<h2>Datos t\u00e9cnicos de Growbag COCO<\/h2>\n<p>[\/vc_column_text][\/vc_column_inner][\/vc_row_inner][vc_row_inner equal_height=\u00bbyes\u00bb][vc_column_inner width=\u00bb1\/2&#8243; css=\u00bb.vc_custom_1628691617282{padding-top: 30px !important;padding-right: 30px !important;padding-bottom: 30px !important;padding-left: 30px !important;}\u00bb][kd_image_with_proportion image=\u00bb90982&#8243; img_size=\u00bbfull\u00bb proportion=\u00bb2:4&#8243;][\/vc_column_inner][vc_column_inner width=\u00bb1\/2&#8243; css=\u00bb.vc_custom_1628692250337{background-position: center !important;background-repeat: no-repeat !important;background-size: cover !important;}\u00bb][vc_column_text css=\u00bb\u00bb el_class=\u00bbpluslist green\u00bb]<\/p>\n<h3>Qu\u00edmicamente<\/h3>\n<p style=\"font-weight: 400;\">En general, la mayor\u00eda de las Growbags est\u00e1n amortiguadas, por ejemplo, para el cultivo de tomates y pimientos. En el caso de cultivos m\u00e1s sensibles, como las fresas, la experiencia demuestra que el rendimiento puede mejorarse utilizando Growbags con Shakti Amla\u00ae coco, que estabiliza adicionalmente el pH. Sin embargo, si su m\u00e9todo de cultivo permite tamponar y lavar las Growbags durante su uso, siempre existe la posibilidad de utilizar coco sin lavar o lavado como materia prima en las Growbags.<\/p>\n<h3>F\u00edsicamente<\/h3>\n<p style=\"font-weight: 400;\">Las mezclas para Growbag pueden elaborarse con m\u00e9dula de coco, coco triturado y fibra de coco. Las m\u00e1s comunes son las mezclas con m\u00e9dula de coco y coco triturado. El coco triturado puede ser el est\u00e1ndar de 0-15 mm o el m\u00e1s fino de 0-7 mm. Una mezcla homog\u00e9nea es esencial para obtener Growbags consistentes. Cuanto m\u00e1s coco triturado se mezcla en una Growbag, m\u00e1s seca queda la bolsa, lo que significa un menor contenido de agua y un mayor contenido de aire. Las Growbags secas necesitan m\u00e1s agua durante el d\u00eda, pero son m\u00e1s f\u00e1ciles de drenar durante la noche.<\/p>\n<h3>Adem\u00e1s de los tama\u00f1os est\u00e1ndar, hay disponible una amplia variedad de tama\u00f1os entre:<\/h3>\n<ul>\n<li>Hasta 120 cm de largo<\/li>\n<li>Hasta 40 cm de ancho<\/li>\n<li>Hasta 20 cm de alto<\/li>\n<\/ul>\n<h3>Agujeros para plantas, drenaje y goteo<\/h3>\n<p>Bajo pedido, se pueden cortar agujeros para plantas en el pl\u00e1stico para facilitar el trasplante de bloques de plantaci\u00f3n con plantas j\u00f3venes. Si se utilizan tapones, los agujeros para plantas se pueden perforar en el coco hasta un di\u00e1metro de 5 cm.<br \/>\nSe pueden perforar orificios para goteros de 6 mm de di\u00e1metro en el coco para facilitar la colocaci\u00f3n de los goteros en el material seco. El drenaje libre es al menos tan importante como el riego. Se pueden cortar orificios de drenaje en forma de diamante en el pl\u00e1stico.<\/p>\n<h3>Pl\u00e1stico<\/h3>\n<p>A menos que se solicite lo contrario, el pl\u00e1stico es blanco por fuera y negro por dentro. El exterior blanco refleja la luz solar y ayuda a evitar temperaturas excesivas en la zona radicular. El interior negro mantiene la zona radicular oscura, ya que las ra\u00edces prefieren la oscuridad para rendir al m\u00e1ximo. Hay diferentes tipos de pl\u00e1stico disponibles:<\/p>\n<ul>\n<li>Calibre 300 con 1 a\u00f1o de estabilidad UV<\/li>\n<li>Calibre 350 con 1 a\u00f1o de estabilidad UV<\/li>\n<li>Calibre 400 con 2 a\u00f1os de estabilidad UV<\/li>\n<li>Calibre 500 con 3 a\u00f1os de estabilidad UV<\/li>\n<\/ul>\n<p>[\/vc_column_text][\/vc_column_inner][\/vc_row_inner][\/vc_column][\/vc_row][vc_row css=\u00bb.vc_custom_1720705518127{padding-top: 30px !important;padding-bottom: 30px !important;}\u00bb][vc_column][vc_row_inner equal_height=\u00bbyes\u00bb][vc_column_inner width=\u00bb1\/2&#8243; css=\u00bb.vc_custom_1628692250337{background-position: center !important;background-repeat: no-repeat !important;background-size: cover !important;}\u00bb][kd_image_with_proportion image=\u00bb90797&#8243; img_size=\u00bbfull\u00bb proportion=\u00bb5\/3&#8243;][\/vc_column_inner][vc_column_inner width=\u00bb1\/2&#8243; css=\u00bb.vc_custom_1628691617282{padding-top: 30px !important;padding-right: 30px !important;padding-bottom: 30px !important;padding-left: 30px !important;}\u00bb][vc_column_text css=\u00bb\u00bb]<\/p>\n<h2>Acceso exclusivo: nuestras materias primas de coco de primera calidad<\/h2>\n<p>[\/vc_column_text][vc_column_text css=\u00bb\u00bb el_class=\u00bbpluslist green\u00bb]Klasmann-Deilmann tiene acceso directo y exclusivo a amplias materias primas de coco en la India y Sri Lanka y, gracias a su estrecha colaboraci\u00f3n con Shakti Cocos desde 2020, a dos modernas instalaciones de producci\u00f3n especializadas. Esto nos permite ofrecer una completa gama de productos de coco para el cultivo de frutas blandas y garantizar las cantidades de fibra de coco necesarias para el Grupo Klasmann-Deilmann durante las pr\u00f3ximas d\u00e9cadas. A trav\u00e9s de nuestras propias actividades en estos pa\u00edses de origen, tambi\u00e9n mejoramos la calidad de esta importante materia prima y reforzamos a\u00fan m\u00e1s los est\u00e1ndares locales para la producci\u00f3n responsable de fibra de coco.[\/vc_column_text][\/vc_column_inner][\/vc_row_inner][\/vc_column][\/vc_row]<\/p><\/div>\n","protected":false},"excerpt":{"rendered":"<p>[vc_row][vc_column][kd_header_random_image_banner image=\u00bb90955&#8243;][\/kd_header_random_image_banner][\/vc_column][\/vc_row][vc_row el_class=\u00bbsoftfruits-grid-row\u00bb][vc_column][vc_row_inner gap=\u00bb30&#8243;][vc_column_inner width=\u00bb2\/3&#8243;][vc_column_text css=\u00bb\u00bb] Tu soluci\u00f3n de cultivo del futuro: El Growbag COCO Klasmann-Deilmann ofrece una gama de mezclas de fibra de coco especialmente desarrolladas para el cultivo en bolsas de cultivo. Para cada cultivo y cada situaci\u00f3n de cultivo, suministramos la opci\u00f3n m\u00e1s eficiente para sus necesidades espec\u00edficas. La bolsa de cultivo COCO ayuda a nuestros clientes de todo el mundo en el cultivo sin suelo de frutas y verduras blandas. Por lo tanto, contribuye al suministro<\/p>\n","protected":false},"author":7,"featured_media":0,"parent":92209,"menu_order":207,"comment_status":"closed","ping_status":"closed","template":"","meta":{"_acf_changed":false,"inline_featured_image":false,"footnotes":""},"class_list":["post-92215","page","type-page","status-publish","hentry"],"acf":[],"yoast_head":"<!-- This site is optimized with the Yoast SEO plugin v27.5 - https:\/\/yoast.com\/product\/yoast-seo-wordpress\/ -->\n<title>Growbag Coco - Klasmann-Deilmann<\/title>\n<meta name=\"robots\" content=\"index, follow, max-snippet:-1, max-image-preview:large, max-video-preview:-1\" \/>\n<link rel=\"canonical\" href=\"https:\/\/klasmann-deilmann.com\/es\/ambitos-de-aplicacion\/frutos-rojos\/frutos-rojos-y-growbag\/growbag-coco\/\" \/>\n<meta property=\"og:locale\" content=\"es_ES\" \/>\n<meta property=\"og:type\" content=\"article\" \/>\n<meta property=\"og:title\" content=\"Growbag Coco - Klasmann-Deilmann\" \/>\n<meta property=\"og:description\" content=\"[vc_row][vc_column][kd_header_random_image_banner image=\u00bb90955&#8243;][\/kd_header_random_image_banner][\/vc_column][\/vc_row][vc_row el_class=\u00bbsoftfruits-grid-row\u00bb][vc_column][vc_row_inner gap=\u00bb30&#8243;][vc_column_inner width=\u00bb2\/3&#8243;][vc_column_text css=\u00bb\u00bb] Tu soluci\u00f3n de cultivo del futuro: El Growbag COCO Klasmann-Deilmann ofrece una gama de mezclas de fibra de coco especialmente desarrolladas para el cultivo en bolsas de cultivo. Para cada cultivo y cada situaci\u00f3n de cultivo, suministramos la opci\u00f3n m\u00e1s eficiente para sus necesidades espec\u00edficas. La bolsa de cultivo COCO ayuda a nuestros clientes de todo el mundo en el cultivo sin suelo de frutas y verduras blandas. Por lo tanto, contribuye al suministro\" \/>\n<meta property=\"og:url\" content=\"https:\/\/klasmann-deilmann.com\/es\/ambitos-de-aplicacion\/frutos-rojos\/frutos-rojos-y-growbag\/growbag-coco\/\" \/>\n<meta property=\"og:site_name\" content=\"Klasmann-Deilmann\" \/>\n<meta property=\"article:modified_time\" content=\"2026-03-23T09:26:45+00:00\" \/>\n<meta name=\"twitter:card\" content=\"summary_large_image\" \/>\n<meta name=\"twitter:label1\" content=\"Tiempo de lectura\" \/>\n\t<meta name=\"twitter:data1\" content=\"4 minutos\" \/>\n<script type=\"application\/ld+json\" class=\"yoast-schema-graph\">{\"@context\":\"https:\\\/\\\/schema.org\",\"@graph\":[{\"@type\":\"WebPage\",\"@id\":\"https:\\\/\\\/klasmann-deilmann.com\\\/es\\\/ambitos-de-aplicacion\\\/frutos-rojos\\\/frutos-rojos-y-growbag\\\/growbag-coco\\\/\",\"url\":\"https:\\\/\\\/klasmann-deilmann.com\\\/es\\\/ambitos-de-aplicacion\\\/frutos-rojos\\\/frutos-rojos-y-growbag\\\/growbag-coco\\\/\",\"name\":\"Growbag Coco - Klasmann-Deilmann\",\"isPartOf\":{\"@id\":\"https:\\\/\\\/klasmann-deilmann.com\\\/en\\\/#website\"},\"datePublished\":\"2025-08-07T11:45:25+00:00\",\"dateModified\":\"2026-03-23T09:26:45+00:00\",\"breadcrumb\":{\"@id\":\"https:\\\/\\\/klasmann-deilmann.com\\\/es\\\/ambitos-de-aplicacion\\\/frutos-rojos\\\/frutos-rojos-y-growbag\\\/growbag-coco\\\/#breadcrumb\"},\"inLanguage\":\"es\",\"potentialAction\":[{\"@type\":\"ReadAction\",\"target\":[\"https:\\\/\\\/klasmann-deilmann.com\\\/es\\\/ambitos-de-aplicacion\\\/frutos-rojos\\\/frutos-rojos-y-growbag\\\/growbag-coco\\\/\"]}]},{\"@type\":\"BreadcrumbList\",\"@id\":\"https:\\\/\\\/klasmann-deilmann.com\\\/es\\\/ambitos-de-aplicacion\\\/frutos-rojos\\\/frutos-rojos-y-growbag\\\/growbag-coco\\\/#breadcrumb\",\"itemListElement\":[{\"@type\":\"ListItem\",\"position\":1,\"name\":\"Home\",\"item\":\"https:\\\/\\\/klasmann-deilmann.com\\\/es\\\/\"},{\"@type\":\"ListItem\",\"position\":2,\"name\":\"\u00c1mbitos de aplicaci\u00f3n\",\"item\":\"https:\\\/\\\/klasmann-deilmann.com\\\/es\\\/ambitos-de-aplicacion\\\/\"},{\"@type\":\"ListItem\",\"position\":3,\"name\":\"Frutos rojos\",\"item\":\"https:\\\/\\\/klasmann-deilmann.com\\\/es\\\/ambitos-de-aplicacion\\\/frutos-rojos\\\/\"},{\"@type\":\"ListItem\",\"position\":4,\"name\":\"Frutos rojos y Growbag\",\"item\":\"https:\\\/\\\/klasmann-deilmann.com\\\/es\\\/ambitos-de-aplicacion\\\/frutos-rojos\\\/frutos-rojos-y-growbag\\\/\"},{\"@type\":\"ListItem\",\"position\":5,\"name\":\"Growbag Coco\"}]},{\"@type\":\"WebSite\",\"@id\":\"https:\\\/\\\/klasmann-deilmann.com\\\/en\\\/#website\",\"url\":\"https:\\\/\\\/klasmann-deilmann.com\\\/en\\\/\",\"name\":\"Klasmann-Deilmann\",\"description\":\"\",\"potentialAction\":[{\"@type\":\"SearchAction\",\"target\":{\"@type\":\"EntryPoint\",\"urlTemplate\":\"https:\\\/\\\/klasmann-deilmann.com\\\/en\\\/?s={search_term_string}\"},\"query-input\":{\"@type\":\"PropertyValueSpecification\",\"valueRequired\":true,\"valueName\":\"search_term_string\"}}],\"inLanguage\":\"es\"}]}<\/script>\n<!-- \/ Yoast SEO plugin. -->","yoast_head_json":{"title":"Growbag Coco - Klasmann-Deilmann","robots":{"index":"index","follow":"follow","max-snippet":"max-snippet:-1","max-image-preview":"max-image-preview:large","max-video-preview":"max-video-preview:-1"},"canonical":"https:\/\/klasmann-deilmann.com\/es\/ambitos-de-aplicacion\/frutos-rojos\/frutos-rojos-y-growbag\/growbag-coco\/","og_locale":"es_ES","og_type":"article","og_title":"Growbag Coco - Klasmann-Deilmann","og_description":"[vc_row][vc_column][kd_header_random_image_banner image=\u00bb90955&#8243;][\/kd_header_random_image_banner][\/vc_column][\/vc_row][vc_row el_class=\u00bbsoftfruits-grid-row\u00bb][vc_column][vc_row_inner gap=\u00bb30&#8243;][vc_column_inner width=\u00bb2\/3&#8243;][vc_column_text css=\u00bb\u00bb] Tu soluci\u00f3n de cultivo del futuro: El Growbag COCO Klasmann-Deilmann ofrece una gama de mezclas de fibra de coco especialmente desarrolladas para el cultivo en bolsas de cultivo. Para cada cultivo y cada situaci\u00f3n de cultivo, suministramos la opci\u00f3n m\u00e1s eficiente para sus necesidades espec\u00edficas. La bolsa de cultivo COCO ayuda a nuestros clientes de todo el mundo en el cultivo sin suelo de frutas y verduras blandas. Por lo tanto, contribuye al suministro","og_url":"https:\/\/klasmann-deilmann.com\/es\/ambitos-de-aplicacion\/frutos-rojos\/frutos-rojos-y-growbag\/growbag-coco\/","og_site_name":"Klasmann-Deilmann","article_modified_time":"2026-03-23T09:26:45+00:00","twitter_card":"summary_large_image","twitter_misc":{"Tiempo de lectura":"4 minutos"},"schema":{"@context":"https:\/\/schema.org","@graph":[{"@type":"WebPage","@id":"https:\/\/klasmann-deilmann.com\/es\/ambitos-de-aplicacion\/frutos-rojos\/frutos-rojos-y-growbag\/growbag-coco\/","url":"https:\/\/klasmann-deilmann.com\/es\/ambitos-de-aplicacion\/frutos-rojos\/frutos-rojos-y-growbag\/growbag-coco\/","name":"Growbag Coco - Klasmann-Deilmann","isPartOf":{"@id":"https:\/\/klasmann-deilmann.com\/en\/#website"},"datePublished":"2025-08-07T11:45:25+00:00","dateModified":"2026-03-23T09:26:45+00:00","breadcrumb":{"@id":"https:\/\/klasmann-deilmann.com\/es\/ambitos-de-aplicacion\/frutos-rojos\/frutos-rojos-y-growbag\/growbag-coco\/#breadcrumb"},"inLanguage":"es","potentialAction":[{"@type":"ReadAction","target":["https:\/\/klasmann-deilmann.com\/es\/ambitos-de-aplicacion\/frutos-rojos\/frutos-rojos-y-growbag\/growbag-coco\/"]}]},{"@type":"BreadcrumbList","@id":"https:\/\/klasmann-deilmann.com\/es\/ambitos-de-aplicacion\/frutos-rojos\/frutos-rojos-y-growbag\/growbag-coco\/#breadcrumb","itemListElement":[{"@type":"ListItem","position":1,"name":"Home","item":"https:\/\/klasmann-deilmann.com\/es\/"},{"@type":"ListItem","position":2,"name":"\u00c1mbitos de aplicaci\u00f3n","item":"https:\/\/klasmann-deilmann.com\/es\/ambitos-de-aplicacion\/"},{"@type":"ListItem","position":3,"name":"Frutos rojos","item":"https:\/\/klasmann-deilmann.com\/es\/ambitos-de-aplicacion\/frutos-rojos\/"},{"@type":"ListItem","position":4,"name":"Frutos rojos y Growbag","item":"https:\/\/klasmann-deilmann.com\/es\/ambitos-de-aplicacion\/frutos-rojos\/frutos-rojos-y-growbag\/"},{"@type":"ListItem","position":5,"name":"Growbag Coco"}]},{"@type":"WebSite","@id":"https:\/\/klasmann-deilmann.com\/en\/#website","url":"https:\/\/klasmann-deilmann.com\/en\/","name":"Klasmann-Deilmann","description":"","potentialAction":[{"@type":"SearchAction","target":{"@type":"EntryPoint","urlTemplate":"https:\/\/klasmann-deilmann.com\/en\/?s={search_term_string}"},"query-input":{"@type":"PropertyValueSpecification","valueRequired":true,"valueName":"search_term_string"}}],"inLanguage":"es"}]}},"_links":{"self":[{"href":"https:\/\/klasmann-deilmann.com\/es\/wp-json\/wp\/v2\/pages\/92215","targetHints":{"allow":["GET"]}}],"collection":[{"href":"https:\/\/klasmann-deilmann.com\/es\/wp-json\/wp\/v2\/pages"}],"about":[{"href":"https:\/\/klasmann-deilmann.com\/es\/wp-json\/wp\/v2\/types\/page"}],"author":[{"embeddable":true,"href":"https:\/\/klasmann-deilmann.com\/es\/wp-json\/wp\/v2\/users\/7"}],"replies":[{"embeddable":true,"href":"https:\/\/klasmann-deilmann.com\/es\/wp-json\/wp\/v2\/comments?post=92215"}],"version-history":[{"count":12,"href":"https:\/\/klasmann-deilmann.com\/es\/wp-json\/wp\/v2\/pages\/92215\/revisions"}],"predecessor-version":[{"id":105922,"href":"https:\/\/klasmann-deilmann.com\/es\/wp-json\/wp\/v2\/pages\/92215\/revisions\/105922"}],"up":[{"embeddable":true,"href":"https:\/\/klasmann-deilmann.com\/es\/wp-json\/wp\/v2\/pages\/92209"}],"wp:attachment":[{"href":"https:\/\/klasmann-deilmann.com\/es\/wp-json\/wp\/v2\/media?parent=92215"}],"curies":[{"name":"wp","href":"https:\/\/api.w.org\/{rel}","templated":true}]}}