{"id":92209,"date":"2024-07-10T12:39:00","date_gmt":"2024-07-10T10:39:00","guid":{"rendered":"https:\/\/klasmann-deilmann.com\/ambitos-de-aplicacion\/frutos-rojos\/soft-fruit-and-growbag\/"},"modified":"2025-09-30T15:32:37","modified_gmt":"2025-09-30T13:32:37","slug":"frutos-rojos-y-growbag","status":"publish","type":"page","link":"https:\/\/klasmann-deilmann.com\/es\/ambitos-de-aplicacion\/frutos-rojos\/frutos-rojos-y-growbag\/","title":{"rendered":"Frutos rojos y Growbag"},"content":{"rendered":"<div class=\"wpb-content-wrapper\">[vc_row][vc_column][kd_header_random_image_banner image=\u00bb90911&#8243;][\/kd_header_random_image_banner][\/vc_column][\/vc_row][vc_row el_class=\u00bbsoftfruits-grid-row\u00bb][vc_column][vc_row_inner gap=\u00bb30&#8243;][vc_column_inner width=\u00bb2\/3&#8243;][vc_column_text css=\u00bb\u00bb]<\/p>\n<h2 style=\"text-align: left;\"><strong>Su camino al \u00e9xito:<br \/>\nNuestras soluciones Growbag para la fresa.<\/strong><\/h2>\n<p>Toda innovaci\u00f3n tiene su momento, y el de nuestra nueva Growbag ya est\u00e1 aqu\u00ed. Klasmann-Deilmann est\u00e1 elevando uno de los m\u00e9todos de cultivo m\u00e1s importantes de la horticultura comercial a un nivel totalmente nuevo. Siempre con el m\u00e1ximo nivel de calidad, pero poniendo un gran \u00e9nfasis en la sostenibilidad. Y con el grado de individualidad preciso que requieren sus cultivos de fresa y que cumple con sus exigencias.[\/vc_column_text][vc_gallery interval=\u00bb3&#8243; images=\u00bb85655&#8243; img_size=\u00bbfull\u00bb onclick=\u00bb\u00bb css=\u00bb\u00bb][\/vc_column_inner][vc_column_inner width=\u00bb1\/3&#8243; el_id=\u00bbcontact-marginalia\u00bb][vc_column_text css=\u00bb\u00bb]<\/p>\n<h2><strong>Contacte con nuestro experto de Growbag \u2026<\/strong><\/h2>\n<p>[\/vc_column_text][kd_contact_person singleorlist=\u00bbsingle\u00bb singlecontact=\u00bb85508|Jan Vanoverschelde\u00bb template=\u00bbtemplate02&#8243; useemailtemplate=\u00bb\u00bb altemail=\u00bb\u00bb altphone=\u00bb\u00bb][vc_column_text css=\u00bb\u00bb]<\/p>\n<h2><strong>\u2026 o contacte con su colaborador local:<\/strong><\/h2>\n<p>[\/vc_column_text][kd_get_contact_by_country topic=\u00bb580&#8243;][\/vc_column_inner][\/vc_row_inner][\/vc_column][\/vc_row][vc_row equal_height=\u00bbyes\u00bb css=\u00bb.vc_custom_1701852484201{margin-bottom: 70px !important;padding-top: 30px !important;}\u00bb][vc_column][vc_row_inner][vc_column_inner][vc_column_text css=\u00bb\u00bb]<\/p>\n<h2><strong>Nuestras Growbags siguen una consigna muy moderna:<br \/>\nCultive fresas de una forma m\u00e1s sostenible, donde y como quiera.<\/strong><\/h2>\n<p>[\/vc_column_text][\/vc_column_inner][\/vc_row_inner][vc_row_inner][vc_column_inner width=\u00bb1\/3&#8243;][vc_column_text css=\u00bb.vc_custom_1758787253490{border-radius: 2px !important;}\u00bb]<a href=\"https:\/\/klasmann-deilmann.com\/es\/ambitos-de-aplicacion\/frutos-rojos\/frutos-rojos-y-growbag\/frutos-rojos-y-growbag-advanced\/\"><img loading=\"lazy\" decoding=\"async\" width=\"700\" height=\"400\" class=\"alignnone size-full wp-image-78067\" src=\"\/wp-content\/uploads\/klasmann-deilmann_growbag_advanced_logo_kontur.jpg\" alt=\"\" srcset=\"https:\/\/klasmann-deilmann.com\/wp-content\/uploads\/klasmann-deilmann_growbag_advanced_logo_kontur.jpg 700w, https:\/\/klasmann-deilmann.com\/wp-content\/uploads\/klasmann-deilmann_growbag_advanced_logo_kontur-300x171.jpg 300w\" sizes=\"auto, (max-width: 700px) 100vw, 700px\" \/><\/a><\/p>\n<p>La soluci\u00f3n innovadora centrada especialmente en la sostenibilidad. Para el mercado europeo y bajo demanda.[\/vc_column_text][kd_download_button show_link_download1=\u00bblink\u00bb link1=\u00bburl:https%3A%2F%2Fklasmann-deilmann.com%2Fes%2Fambitos-de-aplicacion%2Ffrutos-rojos%2Ffrutos-rojos-y-growbag%2Ffrutos-rojos-y-growbag-advanced%2F|title:M%C3%A1s%20informaci%C3%B3n\u00bb][\/vc_column_inner][vc_column_inner width=\u00bb1\/3&#8243;][vc_column_text css=\u00bb\u00bb]<a href=\"https:\/\/www.agsolutions.net.au\/growbags\" target=\"_blank\" rel=\"noopener\"><img loading=\"lazy\" decoding=\"async\" width=\"701\" height=\"400\" class=\"alignnone size-full wp-image-78094\" src=\"\/wp-content\/uploads\/klasmann-deilmann_growbag_advanced_ags_logo_kontur.jpg\" alt=\"\" srcset=\"https:\/\/klasmann-deilmann.com\/wp-content\/uploads\/klasmann-deilmann_growbag_advanced_ags_logo_kontur.jpg 701w, https:\/\/klasmann-deilmann.com\/wp-content\/uploads\/klasmann-deilmann_growbag_advanced_ags_logo_kontur-300x171.jpg 300w\" sizes=\"auto, (max-width: 701px) 100vw, 701px\" \/><\/a><\/p>\n<p>La soluci\u00f3n innovadora centrada especialmente en la sostenibilidad. Para los mercados de Australia y Ocean\u00eda y bajo demanda.[\/vc_column_text][kd_download_button show_link_download1=\u00bblink\u00bb link1=\u00bburl:https%3A%2F%2Fwww.agsolutions.net.au%2Fgrowbags|title:M%C3%A1s%20informaci%C3%B3n|target:_blank\u00bb][\/vc_column_inner][vc_column_inner width=\u00bb1\/3&#8243;][vc_column_text css=\u00bb\u00bb]<a href=\"https:\/\/klasmann-deilmann.com\/es\/ambitos-de-aplicacion\/frutos-rojos\/frutos-rojos-y-growbag\/growbag-coco\/\" target=\"_blank\" rel=\"noopener\"><img decoding=\"async\" class=\"alignnone size-full wp-image-91345\" src=\"\/wp-content\/uploads\/klasmann-deilmann_growbag_coco_logo_kontur_2.jpg\" alt=\"\" \/><\/a><\/p>\n<p>Las propiedades probadas de los productos de coco, pero de producci\u00f3n responsable. Para los mercados asi\u00e1tico y europeo y bajo demanda.[\/vc_column_text][kd_download_button show_link_download1=\u00bblink\u00bb link1=\u00bburl:https%3A%2F%2Fklasmann-deilmann.com%2Fes%2Fambitos-de-aplicacion%2Ffrutos-rojos%2Ffrutos-rojos-y-growbag%2Fgrowbag-coco%2F|title:M%C3%A1s%20informaci%C3%B3n\u00bb][\/vc_column_inner][\/vc_row_inner][\/vc_column][\/vc_row]<\/p><\/div>\n","protected":false},"excerpt":{"rendered":"<p>[vc_row][vc_column][kd_header_random_image_banner image=\u00bb90911&#8243;][\/kd_header_random_image_banner][\/vc_column][\/vc_row][vc_row el_class=\u00bbsoftfruits-grid-row\u00bb][vc_column][vc_row_inner gap=\u00bb30&#8243;][vc_column_inner width=\u00bb2\/3&#8243;][vc_column_text css=\u00bb\u00bb] Su camino al \u00e9xito: Nuestras soluciones Growbag para la fresa. Toda innovaci\u00f3n tiene su momento, y el de nuestra nueva Growbag ya est\u00e1 aqu\u00ed. Klasmann-Deilmann est\u00e1 elevando uno de los m\u00e9todos de cultivo m\u00e1s importantes de la horticultura comercial a un nivel totalmente nuevo. Siempre con el m\u00e1ximo nivel de calidad, pero poniendo un gran \u00e9nfasis en la sostenibilidad. Y con el grado de individualidad preciso que requieren sus cultivos de fresa y que<\/p>\n","protected":false},"author":2,"featured_media":0,"parent":92145,"menu_order":200,"comment_status":"closed","ping_status":"closed","template":"","meta":{"_acf_changed":false,"inline_featured_image":false,"footnotes":""},"class_list":["post-92209","page","type-page","status-publish","hentry"],"acf":[],"yoast_head":"<!-- This site is optimized with the Yoast SEO plugin v27.5 - https:\/\/yoast.com\/product\/yoast-seo-wordpress\/ -->\n<title>Frutos rojos y Growbag - Klasmann-Deilmann<\/title>\n<meta name=\"robots\" content=\"index, follow, max-snippet:-1, max-image-preview:large, max-video-preview:-1\" \/>\n<link rel=\"canonical\" href=\"https:\/\/klasmann-deilmann.com\/es\/ambitos-de-aplicacion\/frutos-rojos\/frutos-rojos-y-growbag\/\" \/>\n<meta property=\"og:locale\" content=\"es_ES\" \/>\n<meta property=\"og:type\" content=\"article\" \/>\n<meta property=\"og:title\" content=\"Frutos rojos y Growbag - Klasmann-Deilmann\" \/>\n<meta property=\"og:description\" content=\"[vc_row][vc_column][kd_header_random_image_banner image=\u00bb90911&#8243;][\/kd_header_random_image_banner][\/vc_column][\/vc_row][vc_row el_class=\u00bbsoftfruits-grid-row\u00bb][vc_column][vc_row_inner gap=\u00bb30&#8243;][vc_column_inner width=\u00bb2\/3&#8243;][vc_column_text css=\u00bb\u00bb] Su camino al \u00e9xito: Nuestras soluciones Growbag para la fresa. Toda innovaci\u00f3n tiene su momento, y el de nuestra nueva Growbag ya est\u00e1 aqu\u00ed. Klasmann-Deilmann est\u00e1 elevando uno de los m\u00e9todos de cultivo m\u00e1s importantes de la horticultura comercial a un nivel totalmente nuevo. Siempre con el m\u00e1ximo nivel de calidad, pero poniendo un gran \u00e9nfasis en la sostenibilidad. Y con el grado de individualidad preciso que requieren sus cultivos de fresa y que\" \/>\n<meta property=\"og:url\" content=\"https:\/\/klasmann-deilmann.com\/es\/ambitos-de-aplicacion\/frutos-rojos\/frutos-rojos-y-growbag\/\" \/>\n<meta property=\"og:site_name\" content=\"Klasmann-Deilmann\" \/>\n<meta property=\"article:modified_time\" content=\"2025-09-30T13:32:37+00:00\" \/>\n<meta name=\"twitter:card\" content=\"summary_large_image\" \/>\n<meta name=\"twitter:label1\" content=\"Tiempo de lectura\" \/>\n\t<meta name=\"twitter:data1\" content=\"2 minutos\" \/>\n<script type=\"application\/ld+json\" class=\"yoast-schema-graph\">{\"@context\":\"https:\\\/\\\/schema.org\",\"@graph\":[{\"@type\":\"WebPage\",\"@id\":\"https:\\\/\\\/klasmann-deilmann.com\\\/es\\\/ambitos-de-aplicacion\\\/frutos-rojos\\\/frutos-rojos-y-growbag\\\/\",\"url\":\"https:\\\/\\\/klasmann-deilmann.com\\\/es\\\/ambitos-de-aplicacion\\\/frutos-rojos\\\/frutos-rojos-y-growbag\\\/\",\"name\":\"Frutos rojos y Growbag - Klasmann-Deilmann\",\"isPartOf\":{\"@id\":\"https:\\\/\\\/klasmann-deilmann.com\\\/en\\\/#website\"},\"datePublished\":\"2024-07-10T10:39:00+00:00\",\"dateModified\":\"2025-09-30T13:32:37+00:00\",\"breadcrumb\":{\"@id\":\"https:\\\/\\\/klasmann-deilmann.com\\\/es\\\/ambitos-de-aplicacion\\\/frutos-rojos\\\/frutos-rojos-y-growbag\\\/#breadcrumb\"},\"inLanguage\":\"es\",\"potentialAction\":[{\"@type\":\"ReadAction\",\"target\":[\"https:\\\/\\\/klasmann-deilmann.com\\\/es\\\/ambitos-de-aplicacion\\\/frutos-rojos\\\/frutos-rojos-y-growbag\\\/\"]}]},{\"@type\":\"BreadcrumbList\",\"@id\":\"https:\\\/\\\/klasmann-deilmann.com\\\/es\\\/ambitos-de-aplicacion\\\/frutos-rojos\\\/frutos-rojos-y-growbag\\\/#breadcrumb\",\"itemListElement\":[{\"@type\":\"ListItem\",\"position\":1,\"name\":\"Home\",\"item\":\"https:\\\/\\\/klasmann-deilmann.com\\\/es\\\/\"},{\"@type\":\"ListItem\",\"position\":2,\"name\":\"\u00c1mbitos de aplicaci\u00f3n\",\"item\":\"https:\\\/\\\/klasmann-deilmann.com\\\/es\\\/ambitos-de-aplicacion\\\/\"},{\"@type\":\"ListItem\",\"position\":3,\"name\":\"Frutos rojos\",\"item\":\"https:\\\/\\\/klasmann-deilmann.com\\\/es\\\/ambitos-de-aplicacion\\\/frutos-rojos\\\/\"},{\"@type\":\"ListItem\",\"position\":4,\"name\":\"Frutos rojos y Growbag\"}]},{\"@type\":\"WebSite\",\"@id\":\"https:\\\/\\\/klasmann-deilmann.com\\\/en\\\/#website\",\"url\":\"https:\\\/\\\/klasmann-deilmann.com\\\/en\\\/\",\"name\":\"Klasmann-Deilmann\",\"description\":\"\",\"potentialAction\":[{\"@type\":\"SearchAction\",\"target\":{\"@type\":\"EntryPoint\",\"urlTemplate\":\"https:\\\/\\\/klasmann-deilmann.com\\\/en\\\/?s={search_term_string}\"},\"query-input\":{\"@type\":\"PropertyValueSpecification\",\"valueRequired\":true,\"valueName\":\"search_term_string\"}}],\"inLanguage\":\"es\"}]}<\/script>\n<!-- \/ Yoast SEO plugin. -->","yoast_head_json":{"title":"Frutos rojos y Growbag - Klasmann-Deilmann","robots":{"index":"index","follow":"follow","max-snippet":"max-snippet:-1","max-image-preview":"max-image-preview:large","max-video-preview":"max-video-preview:-1"},"canonical":"https:\/\/klasmann-deilmann.com\/es\/ambitos-de-aplicacion\/frutos-rojos\/frutos-rojos-y-growbag\/","og_locale":"es_ES","og_type":"article","og_title":"Frutos rojos y Growbag - Klasmann-Deilmann","og_description":"[vc_row][vc_column][kd_header_random_image_banner image=\u00bb90911&#8243;][\/kd_header_random_image_banner][\/vc_column][\/vc_row][vc_row el_class=\u00bbsoftfruits-grid-row\u00bb][vc_column][vc_row_inner gap=\u00bb30&#8243;][vc_column_inner width=\u00bb2\/3&#8243;][vc_column_text css=\u00bb\u00bb] Su camino al \u00e9xito: Nuestras soluciones Growbag para la fresa. Toda innovaci\u00f3n tiene su momento, y el de nuestra nueva Growbag ya est\u00e1 aqu\u00ed. Klasmann-Deilmann est\u00e1 elevando uno de los m\u00e9todos de cultivo m\u00e1s importantes de la horticultura comercial a un nivel totalmente nuevo. Siempre con el m\u00e1ximo nivel de calidad, pero poniendo un gran \u00e9nfasis en la sostenibilidad. Y con el grado de individualidad preciso que requieren sus cultivos de fresa y que","og_url":"https:\/\/klasmann-deilmann.com\/es\/ambitos-de-aplicacion\/frutos-rojos\/frutos-rojos-y-growbag\/","og_site_name":"Klasmann-Deilmann","article_modified_time":"2025-09-30T13:32:37+00:00","twitter_card":"summary_large_image","twitter_misc":{"Tiempo de lectura":"2 minutos"},"schema":{"@context":"https:\/\/schema.org","@graph":[{"@type":"WebPage","@id":"https:\/\/klasmann-deilmann.com\/es\/ambitos-de-aplicacion\/frutos-rojos\/frutos-rojos-y-growbag\/","url":"https:\/\/klasmann-deilmann.com\/es\/ambitos-de-aplicacion\/frutos-rojos\/frutos-rojos-y-growbag\/","name":"Frutos rojos y Growbag - Klasmann-Deilmann","isPartOf":{"@id":"https:\/\/klasmann-deilmann.com\/en\/#website"},"datePublished":"2024-07-10T10:39:00+00:00","dateModified":"2025-09-30T13:32:37+00:00","breadcrumb":{"@id":"https:\/\/klasmann-deilmann.com\/es\/ambitos-de-aplicacion\/frutos-rojos\/frutos-rojos-y-growbag\/#breadcrumb"},"inLanguage":"es","potentialAction":[{"@type":"ReadAction","target":["https:\/\/klasmann-deilmann.com\/es\/ambitos-de-aplicacion\/frutos-rojos\/frutos-rojos-y-growbag\/"]}]},{"@type":"BreadcrumbList","@id":"https:\/\/klasmann-deilmann.com\/es\/ambitos-de-aplicacion\/frutos-rojos\/frutos-rojos-y-growbag\/#breadcrumb","itemListElement":[{"@type":"ListItem","position":1,"name":"Home","item":"https:\/\/klasmann-deilmann.com\/es\/"},{"@type":"ListItem","position":2,"name":"\u00c1mbitos de aplicaci\u00f3n","item":"https:\/\/klasmann-deilmann.com\/es\/ambitos-de-aplicacion\/"},{"@type":"ListItem","position":3,"name":"Frutos rojos","item":"https:\/\/klasmann-deilmann.com\/es\/ambitos-de-aplicacion\/frutos-rojos\/"},{"@type":"ListItem","position":4,"name":"Frutos rojos y Growbag"}]},{"@type":"WebSite","@id":"https:\/\/klasmann-deilmann.com\/en\/#website","url":"https:\/\/klasmann-deilmann.com\/en\/","name":"Klasmann-Deilmann","description":"","potentialAction":[{"@type":"SearchAction","target":{"@type":"EntryPoint","urlTemplate":"https:\/\/klasmann-deilmann.com\/en\/?s={search_term_string}"},"query-input":{"@type":"PropertyValueSpecification","valueRequired":true,"valueName":"search_term_string"}}],"inLanguage":"es"}]}},"_links":{"self":[{"href":"https:\/\/klasmann-deilmann.com\/es\/wp-json\/wp\/v2\/pages\/92209","targetHints":{"allow":["GET"]}}],"collection":[{"href":"https:\/\/klasmann-deilmann.com\/es\/wp-json\/wp\/v2\/pages"}],"about":[{"href":"https:\/\/klasmann-deilmann.com\/es\/wp-json\/wp\/v2\/types\/page"}],"author":[{"embeddable":true,"href":"https:\/\/klasmann-deilmann.com\/es\/wp-json\/wp\/v2\/users\/2"}],"replies":[{"embeddable":true,"href":"https:\/\/klasmann-deilmann.com\/es\/wp-json\/wp\/v2\/comments?post=92209"}],"version-history":[{"count":6,"href":"https:\/\/klasmann-deilmann.com\/es\/wp-json\/wp\/v2\/pages\/92209\/revisions"}],"predecessor-version":[{"id":92619,"href":"https:\/\/klasmann-deilmann.com\/es\/wp-json\/wp\/v2\/pages\/92209\/revisions\/92619"}],"up":[{"embeddable":true,"href":"https:\/\/klasmann-deilmann.com\/es\/wp-json\/wp\/v2\/pages\/92145"}],"wp:attachment":[{"href":"https:\/\/klasmann-deilmann.com\/es\/wp-json\/wp\/v2\/media?parent=92209"}],"curies":[{"name":"wp","href":"https:\/\/api.w.org\/{rel}","templated":true}]}}