{"id":92145,"date":"2024-07-10T12:36:38","date_gmt":"2024-07-10T10:36:38","guid":{"rendered":"https:\/\/klasmann-deilmann.com\/ambitos-de-aplicacion\/soft-fruits-new\/"},"modified":"2026-03-31T14:30:35","modified_gmt":"2026-03-31T12:30:35","slug":"frutos-rojos","status":"publish","type":"page","link":"https:\/\/klasmann-deilmann.com\/es\/ambitos-de-aplicacion\/frutos-rojos\/","title":{"rendered":"Frutos rojos"},"content":{"rendered":"<div class=\"wpb-content-wrapper\">[vc_row][vc_column][kd_header_random_image_banner image=\u00bb85257&#8243;][\/kd_header_random_image_banner][\/vc_column][\/vc_row][vc_row css=\u00bb.vc_custom_1720519701904{padding-top: 70px !important;padding-bottom: 70px !important;background-color: #414345 !important;}\u00bb el_class=\u00bbsoftfruits-grid-row\u00bb][vc_column][vc_row_inner][vc_column_inner][vc_column_text css=\u00bb\u00bb]<\/p>\n<h2 style=\"text-align: left;\">\u00a1Vaya bayas!<br \/>\nSoluciones de cultivo para frutos rojos de Klasmann-Deilmann<\/h2>\n<p>[\/vc_column_text][\/vc_column_inner][\/vc_row_inner][vc_row_inner el_class=\u00bbgrid grid-two-rows\u00bb][vc_column_inner el_class=\u00bbmain-grid-container\u00bb width=\u00bb1\/4&#8243; css=\u00bb.vc_custom_1754573652945{background-color: #44a12b !important;}\u00bb][vc_column_text css=\u00bb\u00bb]<\/p>\n<h2>Fortalezas de Klasmann-Deilmann<\/h2>\n<ul class=\"plus-list\">\n<li>Fabricante de sustratos l\u00edder a escala internacional<\/li>\n<li>Proveedor de sustratos de cultivo pr\u00e9mium e innovadoras soluciones de cultivo<\/li>\n<li>Gran n\u00famero de empresas de distribuci\u00f3n y de producci\u00f3n en Europa, Asia y Am\u00e9rica<\/li>\n<li>S\u00f3lida asistencia t\u00e9cnica por parte de nuestro equipo de asesores y nuestro gestor global de cultivo de frutos rojos<\/li>\n<\/ul>\n<p>[\/vc_column_text][\/vc_column_inner][vc_column_inner el_class=\u00bbadd-grid-container\u00bb width=\u00bb1\/2&#8243;][vc_column_text css=\u00bb.vc_custom_1759224253812{background-image: url(https:\/\/klasmann-deilmann.com\/wp-content\/uploads\/20210726KS-78-e1723705784820.jpg?id=85310) !important;}\u00bb el_class=\u00bbgrid-container\u00bb]<\/p>\n<h2>Fresas<\/h2>\n<p><a class=\"btn-white\" href=\"https:\/\/klasmann-deilmann.com\/es\/ambitos-de-aplicacion\/frutos-rojos\/fresas\/\">M\u00e1s informaci\u00f3n<\/a>[\/vc_column_text][vc_column_text css=\u00bb.vc_custom_1759224270879{background-image: url(https:\/\/klasmann-deilmann.com\/wp-content\/uploads\/Blaubeeren.jpg?id=25786) !important;}\u00bb el_class=\u00bbgrid-container\u00bb]<\/p>\n<h2>Ar\u00e1ndanos<\/h2>\n<p><a class=\"btn-white\" href=\"https:\/\/klasmann-deilmann.com\/es\/ambitos-de-aplicacion\/frutos-rojos\/arandanos\/\">M\u00e1s informaci\u00f3n<\/a>[\/vc_column_text][vc_column_text css=\u00bb.vc_custom_1759224279816{background-image: url(https:\/\/klasmann-deilmann.com\/wp-content\/uploads\/20210726KS-114.jpg?id=85297) !important;}\u00bb el_class=\u00bbgrid-container\u00bb]<\/p>\n<h2>Frambuesas<\/h2>\n<p><a class=\"btn-white\" href=\"https:\/\/klasmann-deilmann.com\/es\/ambitos-de-aplicacion\/frutos-rojos\/frambuesas-y-moras\/\">M\u00e1s informaci\u00f3n<\/a>[\/vc_column_text][vc_column_text css=\u00bb.vc_custom_1758792087857{background-image: url(https:\/\/klasmann-deilmann.com\/wp-content\/uploads\/1215167279-square.jpg?id=85565) !important;}\u00bb el_class=\u00bbgrid-container\u00bb]<\/p>\n<h2>Moras<\/h2>\n<p><a class=\"btn-white\" href=\"https:\/\/klasmann-deilmann.com\/es\/ambitos-de-aplicacion\/frutos-rojos\/frambuesas-y-moras\/\">M\u00e1s informaci\u00f3n<\/a>[\/vc_column_text][\/vc_column_inner][vc_column_inner el_class=\u00bb.second-main-grid-container\u00bb width=\u00bb1\/4&#8243; css=\u00bb.vc_custom_1754576773225{background-color: #44A12B !important;}\u00bb][vc_column_text css=\u00bb\u00bb]<\/p>\n<h2>Nuestras fortalezas en cultivos de frutos rojos<\/h2>\n<ul class=\"plus-list\">\n<li>Modernos sustratos de eficacia probada que tambi\u00e9n cumplen normas sostenibles<\/li>\n<li>Control de calidad basado \u00edntegramente en el estricto sistema RHP para sustratos<\/li>\n<li>Nuevas soluciones punteras de cultivo que redefinen la propagaci\u00f3n de plantas<\/li>\n<li>Profundo conocimiento de los sustratos para frutos rojos tras 110 a\u00f1os de experiencia<\/li>\n<\/ul>\n<p>[\/vc_column_text][\/vc_column_inner][\/vc_row_inner][\/vc_column][\/vc_row][vc_row disable_element=\u00bbyes\u00bb css=\u00bb.vc_custom_1722516865712{padding-top: 70px !important;padding-bottom: 70px !important;background-color: #414345 !important;}\u00bb el_class=\u00bbsoftfruits-grid-row\u00bb][vc_column][vc_row_inner][vc_column_inner][vc_column_text css=\u00bb\u00bb]<\/p>\n<h2 style=\"text-align: left;\">Berry impressive:<br \/>\nSolutions for soft fruits by Klasmann-Deilmann<\/h2>\n<p>[\/vc_column_text][\/vc_column_inner][\/vc_row_inner][vc_row_inner el_class=\u00bbgrid\u00bb][vc_column_inner el_class=\u00bbmain-grid-container\u00bb width=\u00bb1\/3&#8243; css=\u00bb.vc_custom_1720520134746{background-color: #44a12b !important;}\u00bb][vc_column_text css=\u00bb\u00bb]<\/p>\n<h2>Why Klasmann-Deilmann?<\/h2>\n<ul class=\"plus-list\">\n<li>For decades a guarantee for culture-safe soft fruit substrates<\/li>\n<li>Leading player in peat alternatives (quality and quantity)<\/li>\n<li>Direct access to raw materials (peat, alternatives) from own resources<\/li>\n<li>Alternatives (wood, compost, coco, bark) from natural material cycles<\/li>\n<li>RHP monitors raw materials and production processes<\/li>\n<li>Certified to ISO 9001 (quality), ISO 14001 (environment), ISO 14064 (carbon footprint)<\/li>\n<li>Sustainability Report in line with GRI Standards 2016<\/li>\n<\/ul>\n<p>[\/vc_column_text][\/vc_column_inner][vc_column_inner el_class=\u00bbadd-grid-container\u00bb width=\u00bb2\/3&#8243;][vc_column_text css=\u00bb.vc_custom_1720604175115{background-image: url(https:\/\/klasmann-deilmann.com\/wp-content\/uploads\/20210726KS-78.jpg?id=85310) !important;}\u00bb el_class=\u00bbgrid-container\u00bb]<\/p>\n<h2>Strawberries<\/h2>\n<p><a class=\"btn-white\" href=\"https:\/\/klasmann-deilmann.com\/es\/ambitos-de-aplicacion\/soft-fruits\/fresas\/\">Learn more<\/a>[\/vc_column_text][vc_column_text css=\u00bb.vc_custom_1720604181509{background-image: url(https:\/\/klasmann-deilmann.com\/wp-content\/uploads\/509515996.jpg?id=85284) !important;}\u00bb el_class=\u00bbgrid-container\u00bb]<\/p>\n<h2>Blueberries<\/h2>\n<p><a class=\"btn-white\" href=\"https:\/\/klasmann-deilmann.com\/es\/ambitos-de-aplicacion\/soft-fruits\/fresas\/\">Learn more<\/a>[\/vc_column_text][vc_column_text css=\u00bb.vc_custom_1720674772941{background-image: url(https:\/\/klasmann-deilmann.com\/wp-content\/uploads\/1215167279-square.jpg?id=85565) !important;}\u00bb el_class=\u00bbgrid-container\u00bb]<\/p>\n<h2>Blackberries<\/h2>\n<p><a class=\"btn-white\" href=\"https:\/\/klasmann-deilmann.com\/es\/ambitos-de-aplicacion\/soft-fruits\/fresas\/\">Learn more<\/a>[\/vc_column_text][vc_column_text css=\u00bb.vc_custom_1720604194261{background-image: url(https:\/\/klasmann-deilmann.com\/wp-content\/uploads\/20210726KS-114.jpg?id=85297) !important;}\u00bb el_class=\u00bbgrid-container\u00bb]<\/p>\n<h2>Raspberries<\/h2>\n<p><a class=\"btn-white\" href=\"https:\/\/klasmann-deilmann.com\/es\/ambitos-de-aplicacion\/soft-fruits\/fresas\/\">Learn more<\/a>[\/vc_column_text][\/vc_column_inner][\/vc_row_inner][\/vc_column][\/vc_row][vc_row equal_height=\u00bbyes\u00bb el_class=\u00bbcontact-full-row\u00bb css=\u00bb.vc_custom_1720596710643{margin-top: 50px !important;}\u00bb][vc_column width=\u00bb1\/2&#8243; css=\u00bb.vc_custom_1774960230368{background-image: url(https:\/\/klasmann-deilmann.com\/wp-content\/uploads\/355A3917-scaled.jpg?id=106273) !important;background-position: center !important;background-repeat: no-repeat !important;background-size: cover !important;}\u00bb][\/vc_column][vc_column width=\u00bb1\/2&#8243; css=\u00bb.vc_custom_1720596704495{padding-bottom: 50px !important;background-color: #44a12b !important;}\u00bb el_class=\u00bbcol-half wrap\u00bb][vc_column_text css=\u00bb\u00bb]<\/p>\n<h2>Contacte con su colaborador local:<\/h2>\n<p>[\/vc_column_text][kd_get_contact_by_country topic=\u00bb580&#8243;][\/vc_column][\/vc_row]<\/p><\/div>\n","protected":false},"excerpt":{"rendered":"<p>[vc_row][vc_column][kd_header_random_image_banner image=\u00bb85257&#8243;][\/kd_header_random_image_banner][\/vc_column][\/vc_row][vc_row css=\u00bb.vc_custom_1720519701904{padding-top: 70px !important;padding-bottom: 70px !important;background-color: #414345 !important;}\u00bb el_class=\u00bbsoftfruits-grid-row\u00bb][vc_column][vc_row_inner][vc_column_inner][vc_column_text css=\u00bb\u00bb] \u00a1Vaya bayas! Soluciones de cultivo para frutos rojos de Klasmann-Deilmann [\/vc_column_text][\/vc_column_inner][\/vc_row_inner][vc_row_inner el_class=\u00bbgrid grid-two-rows\u00bb][vc_column_inner el_class=\u00bbmain-grid-container\u00bb width=\u00bb1\/4&#8243; css=\u00bb.vc_custom_1754573652945{background-color: #44a12b !important;}\u00bb][vc_column_text css=\u00bb\u00bb] Fortalezas de Klasmann-Deilmann Fabricante de sustratos l\u00edder a escala internacional Proveedor de sustratos de cultivo pr\u00e9mium e innovadoras soluciones de cultivo Gran n\u00famero de empresas de distribuci\u00f3n y de producci\u00f3n en Europa, Asia y Am\u00e9rica S\u00f3lida asistencia t\u00e9cnica por parte de nuestro equipo de asesores y nuestro gestor global de<\/p>\n","protected":false},"author":2,"featured_media":0,"parent":76747,"menu_order":157,"comment_status":"closed","ping_status":"closed","template":"","meta":{"_acf_changed":false,"inline_featured_image":false,"footnotes":""},"class_list":["post-92145","page","type-page","status-publish","hentry"],"acf":[],"yoast_head":"<!-- This site is optimized with the Yoast SEO plugin v27.5 - https:\/\/yoast.com\/product\/yoast-seo-wordpress\/ -->\n<title>Frutos rojos - Klasmann-Deilmann<\/title>\n<meta name=\"robots\" content=\"index, follow, max-snippet:-1, max-image-preview:large, max-video-preview:-1\" \/>\n<link rel=\"canonical\" href=\"https:\/\/klasmann-deilmann.com\/es\/ambitos-de-aplicacion\/frutos-rojos\/\" \/>\n<meta property=\"og:locale\" content=\"es_ES\" \/>\n<meta property=\"og:type\" content=\"article\" \/>\n<meta property=\"og:title\" content=\"Frutos rojos - Klasmann-Deilmann\" \/>\n<meta property=\"og:description\" content=\"[vc_row][vc_column][kd_header_random_image_banner image=\u00bb85257&#8243;][\/kd_header_random_image_banner][\/vc_column][\/vc_row][vc_row css=\u00bb.vc_custom_1720519701904{padding-top: 70px !important;padding-bottom: 70px !important;background-color: #414345 !important;}\u00bb el_class=\u00bbsoftfruits-grid-row\u00bb][vc_column][vc_row_inner][vc_column_inner][vc_column_text css=\u00bb\u00bb] \u00a1Vaya bayas! Soluciones de cultivo para frutos rojos de Klasmann-Deilmann [\/vc_column_text][\/vc_column_inner][\/vc_row_inner][vc_row_inner el_class=\u00bbgrid grid-two-rows\u00bb][vc_column_inner el_class=\u00bbmain-grid-container\u00bb width=\u00bb1\/4&#8243; css=\u00bb.vc_custom_1754573652945{background-color: #44a12b !important;}\u00bb][vc_column_text css=\u00bb\u00bb] Fortalezas de Klasmann-Deilmann Fabricante de sustratos l\u00edder a escala internacional Proveedor de sustratos de cultivo pr\u00e9mium e innovadoras soluciones de cultivo Gran n\u00famero de empresas de distribuci\u00f3n y de producci\u00f3n en Europa, Asia y Am\u00e9rica S\u00f3lida asistencia t\u00e9cnica por parte de nuestro equipo de asesores y nuestro gestor global de\" \/>\n<meta property=\"og:url\" content=\"https:\/\/klasmann-deilmann.com\/es\/ambitos-de-aplicacion\/frutos-rojos\/\" \/>\n<meta property=\"og:site_name\" content=\"Klasmann-Deilmann\" \/>\n<meta property=\"article:modified_time\" content=\"2026-03-31T12:30:35+00:00\" \/>\n<meta name=\"twitter:card\" content=\"summary_large_image\" \/>\n<meta name=\"twitter:label1\" content=\"Tiempo de lectura\" \/>\n\t<meta name=\"twitter:data1\" content=\"2 minutos\" \/>\n<script type=\"application\/ld+json\" class=\"yoast-schema-graph\">{\"@context\":\"https:\\\/\\\/schema.org\",\"@graph\":[{\"@type\":\"WebPage\",\"@id\":\"https:\\\/\\\/klasmann-deilmann.com\\\/es\\\/ambitos-de-aplicacion\\\/frutos-rojos\\\/\",\"url\":\"https:\\\/\\\/klasmann-deilmann.com\\\/es\\\/ambitos-de-aplicacion\\\/frutos-rojos\\\/\",\"name\":\"Frutos rojos - Klasmann-Deilmann\",\"isPartOf\":{\"@id\":\"https:\\\/\\\/klasmann-deilmann.com\\\/en\\\/#website\"},\"datePublished\":\"2024-07-10T10:36:38+00:00\",\"dateModified\":\"2026-03-31T12:30:35+00:00\",\"breadcrumb\":{\"@id\":\"https:\\\/\\\/klasmann-deilmann.com\\\/es\\\/ambitos-de-aplicacion\\\/frutos-rojos\\\/#breadcrumb\"},\"inLanguage\":\"es\",\"potentialAction\":[{\"@type\":\"ReadAction\",\"target\":[\"https:\\\/\\\/klasmann-deilmann.com\\\/es\\\/ambitos-de-aplicacion\\\/frutos-rojos\\\/\"]}]},{\"@type\":\"BreadcrumbList\",\"@id\":\"https:\\\/\\\/klasmann-deilmann.com\\\/es\\\/ambitos-de-aplicacion\\\/frutos-rojos\\\/#breadcrumb\",\"itemListElement\":[{\"@type\":\"ListItem\",\"position\":1,\"name\":\"Home\",\"item\":\"https:\\\/\\\/klasmann-deilmann.com\\\/es\\\/\"},{\"@type\":\"ListItem\",\"position\":2,\"name\":\"\u00c1mbitos de aplicaci\u00f3n\",\"item\":\"https:\\\/\\\/klasmann-deilmann.com\\\/es\\\/ambitos-de-aplicacion\\\/\"},{\"@type\":\"ListItem\",\"position\":3,\"name\":\"Frutos rojos\"}]},{\"@type\":\"WebSite\",\"@id\":\"https:\\\/\\\/klasmann-deilmann.com\\\/en\\\/#website\",\"url\":\"https:\\\/\\\/klasmann-deilmann.com\\\/en\\\/\",\"name\":\"Klasmann-Deilmann\",\"description\":\"\",\"potentialAction\":[{\"@type\":\"SearchAction\",\"target\":{\"@type\":\"EntryPoint\",\"urlTemplate\":\"https:\\\/\\\/klasmann-deilmann.com\\\/en\\\/?s={search_term_string}\"},\"query-input\":{\"@type\":\"PropertyValueSpecification\",\"valueRequired\":true,\"valueName\":\"search_term_string\"}}],\"inLanguage\":\"es\"}]}<\/script>\n<!-- \/ Yoast SEO plugin. -->","yoast_head_json":{"title":"Frutos rojos - Klasmann-Deilmann","robots":{"index":"index","follow":"follow","max-snippet":"max-snippet:-1","max-image-preview":"max-image-preview:large","max-video-preview":"max-video-preview:-1"},"canonical":"https:\/\/klasmann-deilmann.com\/es\/ambitos-de-aplicacion\/frutos-rojos\/","og_locale":"es_ES","og_type":"article","og_title":"Frutos rojos - Klasmann-Deilmann","og_description":"[vc_row][vc_column][kd_header_random_image_banner image=\u00bb85257&#8243;][\/kd_header_random_image_banner][\/vc_column][\/vc_row][vc_row css=\u00bb.vc_custom_1720519701904{padding-top: 70px !important;padding-bottom: 70px !important;background-color: #414345 !important;}\u00bb el_class=\u00bbsoftfruits-grid-row\u00bb][vc_column][vc_row_inner][vc_column_inner][vc_column_text css=\u00bb\u00bb] \u00a1Vaya bayas! Soluciones de cultivo para frutos rojos de Klasmann-Deilmann [\/vc_column_text][\/vc_column_inner][\/vc_row_inner][vc_row_inner el_class=\u00bbgrid grid-two-rows\u00bb][vc_column_inner el_class=\u00bbmain-grid-container\u00bb width=\u00bb1\/4&#8243; css=\u00bb.vc_custom_1754573652945{background-color: #44a12b !important;}\u00bb][vc_column_text css=\u00bb\u00bb] Fortalezas de Klasmann-Deilmann Fabricante de sustratos l\u00edder a escala internacional Proveedor de sustratos de cultivo pr\u00e9mium e innovadoras soluciones de cultivo Gran n\u00famero de empresas de distribuci\u00f3n y de producci\u00f3n en Europa, Asia y Am\u00e9rica S\u00f3lida asistencia t\u00e9cnica por parte de nuestro equipo de asesores y nuestro gestor global de","og_url":"https:\/\/klasmann-deilmann.com\/es\/ambitos-de-aplicacion\/frutos-rojos\/","og_site_name":"Klasmann-Deilmann","article_modified_time":"2026-03-31T12:30:35+00:00","twitter_card":"summary_large_image","twitter_misc":{"Tiempo de lectura":"2 minutos"},"schema":{"@context":"https:\/\/schema.org","@graph":[{"@type":"WebPage","@id":"https:\/\/klasmann-deilmann.com\/es\/ambitos-de-aplicacion\/frutos-rojos\/","url":"https:\/\/klasmann-deilmann.com\/es\/ambitos-de-aplicacion\/frutos-rojos\/","name":"Frutos rojos - Klasmann-Deilmann","isPartOf":{"@id":"https:\/\/klasmann-deilmann.com\/en\/#website"},"datePublished":"2024-07-10T10:36:38+00:00","dateModified":"2026-03-31T12:30:35+00:00","breadcrumb":{"@id":"https:\/\/klasmann-deilmann.com\/es\/ambitos-de-aplicacion\/frutos-rojos\/#breadcrumb"},"inLanguage":"es","potentialAction":[{"@type":"ReadAction","target":["https:\/\/klasmann-deilmann.com\/es\/ambitos-de-aplicacion\/frutos-rojos\/"]}]},{"@type":"BreadcrumbList","@id":"https:\/\/klasmann-deilmann.com\/es\/ambitos-de-aplicacion\/frutos-rojos\/#breadcrumb","itemListElement":[{"@type":"ListItem","position":1,"name":"Home","item":"https:\/\/klasmann-deilmann.com\/es\/"},{"@type":"ListItem","position":2,"name":"\u00c1mbitos de aplicaci\u00f3n","item":"https:\/\/klasmann-deilmann.com\/es\/ambitos-de-aplicacion\/"},{"@type":"ListItem","position":3,"name":"Frutos rojos"}]},{"@type":"WebSite","@id":"https:\/\/klasmann-deilmann.com\/en\/#website","url":"https:\/\/klasmann-deilmann.com\/en\/","name":"Klasmann-Deilmann","description":"","potentialAction":[{"@type":"SearchAction","target":{"@type":"EntryPoint","urlTemplate":"https:\/\/klasmann-deilmann.com\/en\/?s={search_term_string}"},"query-input":{"@type":"PropertyValueSpecification","valueRequired":true,"valueName":"search_term_string"}}],"inLanguage":"es"}]}},"_links":{"self":[{"href":"https:\/\/klasmann-deilmann.com\/es\/wp-json\/wp\/v2\/pages\/92145","targetHints":{"allow":["GET"]}}],"collection":[{"href":"https:\/\/klasmann-deilmann.com\/es\/wp-json\/wp\/v2\/pages"}],"about":[{"href":"https:\/\/klasmann-deilmann.com\/es\/wp-json\/wp\/v2\/types\/page"}],"author":[{"embeddable":true,"href":"https:\/\/klasmann-deilmann.com\/es\/wp-json\/wp\/v2\/users\/2"}],"replies":[{"embeddable":true,"href":"https:\/\/klasmann-deilmann.com\/es\/wp-json\/wp\/v2\/comments?post=92145"}],"version-history":[{"count":5,"href":"https:\/\/klasmann-deilmann.com\/es\/wp-json\/wp\/v2\/pages\/92145\/revisions"}],"predecessor-version":[{"id":106284,"href":"https:\/\/klasmann-deilmann.com\/es\/wp-json\/wp\/v2\/pages\/92145\/revisions\/106284"}],"up":[{"embeddable":true,"href":"https:\/\/klasmann-deilmann.com\/es\/wp-json\/wp\/v2\/pages\/76747"}],"wp:attachment":[{"href":"https:\/\/klasmann-deilmann.com\/es\/wp-json\/wp\/v2\/media?parent=92145"}],"curies":[{"name":"wp","href":"https:\/\/api.w.org\/{rel}","templated":true}]}}