{"id":90199,"date":"2025-01-17T12:04:46","date_gmt":"2025-01-17T11:04:46","guid":{"rendered":"https:\/\/klasmann-deilmann.com\/relax\/"},"modified":"2026-04-02T13:29:25","modified_gmt":"2026-04-02T11:29:25","slug":"relax","status":"publish","type":"page","link":"https:\/\/klasmann-deilmann.com\/es\/relax\/","title":{"rendered":"Relax"},"content":{"rendered":"<div class=\"wpb-content-wrapper\">[vc_row][vc_column][kd_header_container bannerstyle=\u00bbfullheightarrow\u00bb][kd_slider_video poscontainer=\u00bbpcentercenter\u00bb video=\u00bbhttps:\/\/klasmann-deilmann.com\/wp-content\/uploads\/KD_Imagekampagne_2024_Microsite_Header_v03_animiert.mp4&#8243;][\/kd_slider_video][\/kd_header_container][\/vc_column][\/vc_row][vc_row css=\u00bb.vc_custom_1736854685468{margin-bottom: 30px !important;}\u00bb][vc_column][vc_row_inner][vc_column_inner][vc_column_text css=\u00bb\u00bb]<\/p>\n<h2>\u00a1Nosotros nos encargamos!<\/h2>\n<p>[\/vc_column_text][\/vc_column_inner][vc_column_inner width=\u00bb1\/2&#8243;][vc_column_text css=\u00bb\u00bb]La horticultura se enfrenta hoy en d\u00eda a varios retos. Escasez de mano de obra cualificada, transici\u00f3n energ\u00e9tica, menor disponibilidad de productos fitosanitarios, aumento de la demanda de una producci\u00f3n vegetal m\u00e1s sostenible.[\/vc_column_text][\/vc_column_inner][vc_column_inner width=\u00bb1\/2&#8243;][vc_column_text css=\u00bb\u00bb]Sus medios de cultivo no deber\u00edan ser una preocupaci\u00f3n. Con Klasmann-Deilmann puede estar seguro de contar con el socio ideal para obtener medios de cultivo fiables, sostenibles e innovadores de primera calidad.[\/vc_column_text][\/vc_column_inner][\/vc_row_inner][\/vc_column][\/vc_row][vc_row css=\u00bb.vc_custom_1736854685468{margin-bottom: 30px !important;}\u00bb][vc_column][vc_row_inner][vc_column_inner][vc_column_text css=\u00bb\u00bb]<\/p>\n<h2>Sabemos que&#8230;<\/h2>\n<p>[\/vc_column_text][\/vc_column_inner][\/vc_row_inner][vc_row_inner][vc_column_inner width=\u00bb1\/3&#8243;][vc_column_text css=\u00bb.vc_custom_1748343473252{margin-bottom: -35px !important;}\u00bb]<\/p>\n<h3><strong>LA FIABILIDAD es clave:<\/strong><\/h3>\n<p>[\/vc_column_text][vc_column_text css=\u00bb.vc_custom_1737038959841{margin-bottom: -35px !important;}\u00bb]<img loading=\"lazy\" decoding=\"async\" width=\"2560\" height=\"1300\" class=\"alignnone size-full wp-image-87970\" src=\"\/wp-content\/uploads\/klasmann-deilmann_relax_reliability.jpg\" alt=\"\" srcset=\"https:\/\/klasmann-deilmann.com\/wp-content\/uploads\/klasmann-deilmann_relax_reliability.jpg 2560w, https:\/\/klasmann-deilmann.com\/wp-content\/uploads\/klasmann-deilmann_relax_reliability-300x152.jpg 300w, https:\/\/klasmann-deilmann.com\/wp-content\/uploads\/klasmann-deilmann_relax_reliability-1024x520.jpg 1024w, https:\/\/klasmann-deilmann.com\/wp-content\/uploads\/klasmann-deilmann_relax_reliability-768x390.jpg 768w, https:\/\/klasmann-deilmann.com\/wp-content\/uploads\/klasmann-deilmann_relax_reliability-1536x780.jpg 1536w, https:\/\/klasmann-deilmann.com\/wp-content\/uploads\/klasmann-deilmann_relax_reliability-2048x1040.jpg 2048w\" sizes=\"auto, (max-width: 2560px) 100vw, 2560px\" \/>[\/vc_column_text][vc_column_text css=\u00bb\u00bb]Puede confiar en nosotros para que le entreguemos sus medios de cultivo siempre a tiempo y en su totalidad. En todo el mundo. <a href=\"https:\/\/klasmann-deilmann.com\/en\/company\/deliverability\/\" target=\"_blank\" rel=\"noopener\">M\u00e1s informaci\u00f3n.<\/a>[\/vc_column_text][\/vc_column_inner][vc_column_inner width=\u00bb1\/3&#8243;][vc_column_text css=\u00bb.vc_custom_1748343520998{margin-bottom: -35px !important;}\u00bb]<\/p>\n<h3>LA DISPONIBILIDAD es clave:<\/h3>\n<p>[\/vc_column_text][vc_column_text css=\u00bb.vc_custom_1737039064085{margin-bottom: -35px !important;}\u00bb]<img loading=\"lazy\" decoding=\"async\" width=\"2560\" height=\"1300\" class=\"alignnone size-full wp-image-87984\" src=\"\/wp-content\/uploads\/klasmann-deilmann_relax_availability.jpg\" alt=\"\" srcset=\"https:\/\/klasmann-deilmann.com\/wp-content\/uploads\/klasmann-deilmann_relax_availability.jpg 2560w, https:\/\/klasmann-deilmann.com\/wp-content\/uploads\/klasmann-deilmann_relax_availability-300x152.jpg 300w, https:\/\/klasmann-deilmann.com\/wp-content\/uploads\/klasmann-deilmann_relax_availability-1024x520.jpg 1024w, https:\/\/klasmann-deilmann.com\/wp-content\/uploads\/klasmann-deilmann_relax_availability-768x390.jpg 768w, https:\/\/klasmann-deilmann.com\/wp-content\/uploads\/klasmann-deilmann_relax_availability-1536x780.jpg 1536w, https:\/\/klasmann-deilmann.com\/wp-content\/uploads\/klasmann-deilmann_relax_availability-2048x1040.jpg 2048w\" sizes=\"auto, (max-width: 2560px) 100vw, 2560px\" \/>[\/vc_column_text][vc_column_text css=\u00bb\u00bb]<\/p>\n<p class=\"p1\">Por lo tanto, garantizamos el suministro de todos los componentes del sustrato con nuestra propia producci\u00f3n de materias primas y plantas de fabricaci\u00f3n especializadas. <a href=\"https:\/\/klasmann-deilmann.com\/es\/productos-y-soluciones\/materias-primas\/\" target=\"_blank\" rel=\"noopener\">M\u00e1s informaci\u00f3n.<\/a><\/p>\n<p>[\/vc_column_text][\/vc_column_inner][vc_column_inner width=\u00bb1\/3&#8243;][vc_column_text css=\u00bb.vc_custom_1748343532473{margin-bottom: -35px !important;}\u00bb]<\/p>\n<h3>LA CALIDAD es clave:<\/h3>\n<p>[\/vc_column_text][vc_column_text css=\u00bb.vc_custom_1737039086371{margin-bottom: -35px !important;}\u00bb]<img loading=\"lazy\" decoding=\"async\" width=\"2560\" height=\"1300\" class=\"alignnone size-full wp-image-88023\" src=\"\/wp-content\/uploads\/klasmann-deilmann_relax_quality.jpg\" alt=\"\" srcset=\"https:\/\/klasmann-deilmann.com\/wp-content\/uploads\/klasmann-deilmann_relax_quality.jpg 2560w, https:\/\/klasmann-deilmann.com\/wp-content\/uploads\/klasmann-deilmann_relax_quality-300x152.jpg 300w, https:\/\/klasmann-deilmann.com\/wp-content\/uploads\/klasmann-deilmann_relax_quality-1024x520.jpg 1024w, https:\/\/klasmann-deilmann.com\/wp-content\/uploads\/klasmann-deilmann_relax_quality-768x390.jpg 768w, https:\/\/klasmann-deilmann.com\/wp-content\/uploads\/klasmann-deilmann_relax_quality-1536x780.jpg 1536w, https:\/\/klasmann-deilmann.com\/wp-content\/uploads\/klasmann-deilmann_relax_quality-2048x1040.jpg 2048w\" sizes=\"auto, (max-width: 2560px) 100vw, 2560px\" \/>[\/vc_column_text][vc_column_text css=\u00bb\u00bb]<\/p>\n<p class=\"p1\">Por lo tanto, invertimos continuamente en f\u00e1bricas de sustratos de \u00faltima generaci\u00f3n para ofrecerle la mejor calidad de producto, incluso con poca antelaci\u00f3n. <a href=\"https:\/\/klasmann-deilmann.com\/es\/la-empresa\/quality-certification\/\" target=\"_blank\" rel=\"noopener\">M\u00e1s informaci\u00f3n.<\/a><\/p>\n<p>[\/vc_column_text][\/vc_column_inner][\/vc_row_inner][vc_row_inner][vc_column_inner width=\u00bb1\/3&#8243;][vc_column_text css=\u00bb.vc_custom_1748343594945{margin-bottom: -35px !important;}\u00bb]<\/p>\n<h3>LA SOSTENIBILIDAD es clave:<\/h3>\n<p>[\/vc_column_text][vc_column_text css=\u00bb.vc_custom_1737039109501{margin-bottom: -35px !important;}\u00bb]<img loading=\"lazy\" decoding=\"async\" width=\"2560\" height=\"1300\" class=\"alignnone size-full wp-image-88036\" src=\"\/wp-content\/uploads\/klasmann-deilmann_relax_sustainability.jpg\" alt=\"\" srcset=\"https:\/\/klasmann-deilmann.com\/wp-content\/uploads\/klasmann-deilmann_relax_sustainability.jpg 2560w, https:\/\/klasmann-deilmann.com\/wp-content\/uploads\/klasmann-deilmann_relax_sustainability-300x152.jpg 300w, https:\/\/klasmann-deilmann.com\/wp-content\/uploads\/klasmann-deilmann_relax_sustainability-1024x520.jpg 1024w, https:\/\/klasmann-deilmann.com\/wp-content\/uploads\/klasmann-deilmann_relax_sustainability-768x390.jpg 768w, https:\/\/klasmann-deilmann.com\/wp-content\/uploads\/klasmann-deilmann_relax_sustainability-1536x780.jpg 1536w, https:\/\/klasmann-deilmann.com\/wp-content\/uploads\/klasmann-deilmann_relax_sustainability-2048x1040.jpg 2048w\" sizes=\"auto, (max-width: 2560px) 100vw, 2560px\" \/>[\/vc_column_text][vc_column_text css=\u00bb\u00bb]<\/p>\n<p class=\"p1\">Aumentamos la proporci\u00f3n de materias primas circulares alternativas, apuntamos al 50 % de nuestro volumen de producci\u00f3n total para 2030. <a href=\"https:\/\/klasmann-deilmann.com\/es\/la-empresa\/sostenibilidad\/\" target=\"_blank\" rel=\"noopener\">M\u00e1s informaci\u00f3n.<\/a><\/p>\n<p>[\/vc_column_text][\/vc_column_inner][vc_column_inner width=\u00bb1\/3&#8243;][vc_column_text css=\u00bb.vc_custom_1748343627987{margin-bottom: -35px !important;}\u00bb]<\/p>\n<h3>EL KNOW-HOW es clave:<\/h3>\n<p>[\/vc_column_text][vc_column_text css=\u00bb.vc_custom_1737039125150{margin-bottom: -35px !important;}\u00bb]<img loading=\"lazy\" decoding=\"async\" width=\"2560\" height=\"1300\" class=\"alignnone size-full wp-image-88010\" src=\"\/wp-content\/uploads\/klasmann-deilmann_relax_know-how.jpg\" alt=\"\" srcset=\"https:\/\/klasmann-deilmann.com\/wp-content\/uploads\/klasmann-deilmann_relax_know-how.jpg 2560w, https:\/\/klasmann-deilmann.com\/wp-content\/uploads\/klasmann-deilmann_relax_know-how-300x152.jpg 300w, https:\/\/klasmann-deilmann.com\/wp-content\/uploads\/klasmann-deilmann_relax_know-how-1024x520.jpg 1024w, https:\/\/klasmann-deilmann.com\/wp-content\/uploads\/klasmann-deilmann_relax_know-how-768x390.jpg 768w, https:\/\/klasmann-deilmann.com\/wp-content\/uploads\/klasmann-deilmann_relax_know-how-1536x780.jpg 1536w, https:\/\/klasmann-deilmann.com\/wp-content\/uploads\/klasmann-deilmann_relax_know-how-2048x1040.jpg 2048w\" sizes=\"auto, (max-width: 2560px) 100vw, 2560px\" \/>[\/vc_column_text][vc_column_text css=\u00bb\u00bb]Nuestro experimentado equipo de asesores le brinda apoyo a nivel internacional para lograr los mejores resultados de cultivo. <a href=\"#kontakt\" target=\"_blank\" rel=\"noopener\">M\u00e1s informaci\u00f3n.<\/a>[\/vc_column_text][\/vc_column_inner][vc_column_inner width=\u00bb1\/3&#8243;][vc_column_text css=\u00bb.vc_custom_1748343661153{margin-bottom: -35px !important;}\u00bb]<\/p>\n<h3>LA INNOVACI\u00d3N es clave:<\/h3>\n<p>[\/vc_column_text][vc_column_text css=\u00bb.vc_custom_1737039143612{margin-bottom: -35px !important;}\u00bb]<img loading=\"lazy\" decoding=\"async\" width=\"2560\" height=\"1300\" class=\"alignnone size-full wp-image-87997\" src=\"\/wp-content\/uploads\/klasmann-deilmann_relax_innovation.jpg\" alt=\"\" srcset=\"https:\/\/klasmann-deilmann.com\/wp-content\/uploads\/klasmann-deilmann_relax_innovation.jpg 2560w, https:\/\/klasmann-deilmann.com\/wp-content\/uploads\/klasmann-deilmann_relax_innovation-300x152.jpg 300w, https:\/\/klasmann-deilmann.com\/wp-content\/uploads\/klasmann-deilmann_relax_innovation-1024x520.jpg 1024w, https:\/\/klasmann-deilmann.com\/wp-content\/uploads\/klasmann-deilmann_relax_innovation-768x390.jpg 768w, https:\/\/klasmann-deilmann.com\/wp-content\/uploads\/klasmann-deilmann_relax_innovation-1536x780.jpg 1536w, https:\/\/klasmann-deilmann.com\/wp-content\/uploads\/klasmann-deilmann_relax_innovation-2048x1040.jpg 2048w\" sizes=\"auto, (max-width: 2560px) 100vw, 2560px\" \/>[\/vc_column_text][vc_column_text css=\u00bb\u00bb]En nuestras modernas instalaciones de investigaci\u00f3n, nuestro equipo de I+D desarrolla soluciones de cultivo innovadoras para las cambiantes necesidades de la horticultura. Tambi\u00e9n llevamos a cabo proyectos con una red de socios de investigaci\u00f3n en todo el mundo. <a href=\"https:\/\/klasmann-deilmann.com\/es\/productos-y-soluciones\/\" target=\"_blank\" rel=\"noopener\">M\u00e1s informaci\u00f3n.<\/a>[\/vc_column_text][\/vc_column_inner][\/vc_row_inner][\/vc_column][\/vc_row][vc_row css=\u00bb.vc_custom_1737457598771{margin-bottom: 35px !important;}\u00bb][vc_column][vc_row_inner][vc_column_inner][vc_column_text css=\u00bb\u00bb]<\/p>\n<h2>Eche un vistazo al v\u00eddeo:<\/h2>\n<p>[\/vc_column_text][\/vc_column_inner][\/vc_row_inner][vc_row_inner][vc_column_inner][kd_videobox videofrom=\u00bbyoutube\u00bb link=\u00bbhttps:\/\/youtu.be\/JjdEDnh2ekU\u00bb][\/vc_column_inner][\/vc_row_inner][\/vc_column][\/vc_row][vc_row equal_height=\u00bbyes\u00bb css=\u00bb.vc_custom_1736854752407{padding-top: 50px !important;padding-bottom: 35px !important;background-color: #414345 !important;}\u00bb][vc_column][vc_row_inner][vc_column_inner css=\u00bb.vc_custom_1736852189538{padding-right: 30px !important;}\u00bb][vc_column_text css=\u00bb\u00bb]<\/p>\n<h2>Nuestras \u00faltimas innovaciones de productos:<\/h2>\n<p>[\/vc_column_text][\/vc_column_inner][\/vc_row_inner][vc_row_inner equal_height=\u00bbyes\u00bb][vc_column_inner width=\u00bb1\/3&#8243;][vc_hoverbox image=\u00bb88075&#8243; shape=\u00bb75&#8243; primary_title=\u00bbTecnolog\u00eda de pol\u00edmeros innovadora: Nygaia\u00bb hover_title=\u00bb\u00bb hover_background_color=\u00bbcustom\u00bb hover_custom_background=\u00bb#44a12b\u00bb]Desarrollamos Nygaia, el sustrato del futuro 100 % biodegradable. Basado en pol\u00edmeros, es limpio, inerte e ideal para el cultivo hidrop\u00f3nico. <strong><a style=\"color: #ffffff;\" href=\"https:\/\/www.nygaia.com\/en\" target=\"_blank\" rel=\"noopener\">Leer m\u00e1s<\/a><\/strong>[\/vc_hoverbox][\/vc_column_inner][vc_column_inner width=\u00bb1\/3&#8243;][vc_hoverbox image=\u00bb87679&#8243; shape=\u00bb75&#8243; primary_title=\u00bbSoluci\u00f3n de cultivo innovadora: Sphaxx\u00ae\u00bb hover_title=\u00bb\u00bb hover_background_color=\u00bbcustom\u00bb hover_custom_background=\u00bb#ffcc00&#8243;]Creamos Sphaxx\u00ae, hecho de musgo sphagnum muy puro procedente de cultivos controlados. El nuevo m\u00e9todo de producci\u00f3n controlada, pionero en su tipo, garantiza la m\u00e1xima calidad y disponibilidad durante todo el a\u00f1o. <a href=\"https:\/\/sphaxx.com\/\" target=\"_blank\" rel=\"noopener\"><strong style=\"color: #ffffff;\">Leer m\u00e1s<\/strong><\/a>[\/vc_hoverbox][\/vc_column_inner][vc_column_inner width=\u00bb1\/3&#8243;][vc_hoverbox image=\u00bb106878&#8243; shape=\u00bb75&#8243; primary_title=\u00bbPropagaci\u00f3n innovadora: Growcoon\u00bb hover_title=\u00bb\u00bb hover_background_color=\u00bbcustom\u00bb hover_custom_background=\u00bb#df4417&#8243;]Suministramos Growcoon, el sistema de propagaci\u00f3n eficiente y sostenible basado en tecnolog\u00eda de pol\u00edmeros biodegradables. <strong><a style=\"color: #ffffff;\" href=\"https:\/\/www.growcoon.com\/en\" target=\"_blank\" rel=\"noopener\">Leer m\u00e1s<\/a><\/strong>[\/vc_hoverbox][\/vc_column_inner][\/vc_row_inner][vc_row_inner equal_height=\u00bbyes\u00bb][vc_column_inner width=\u00bb1\/3&#8243;][vc_hoverbox image=\u00bb88114&#8243; shape=\u00bb75&#8243; primary_title=\u00bbCultivo innovador: Growbag ADVANCED\u00bb hover_title=\u00bb\u00bb hover_background_color=\u00bbcustom\u00bb hover_custom_background=\u00bb#235b43&#8243;]Creamos la bolsa de cultivo de \u00faltima generaci\u00f3n basada en materias primas circulares que convence por su f\u00e1cil manejo y su significativa reducci\u00f3n de emisiones. <strong><a style=\"color: #ffffff;\" href=\"https:\/\/klasmann-deilmann.com\/es\/productos-y-soluciones\/growbag\/\" target=\"_blank\" rel=\"noopener\">Leer m\u00e1s<\/a><\/strong>[\/vc_hoverbox][\/vc_column_inner][vc_column_inner width=\u00bb1\/3&#8243;][vc_hoverbox image=\u00bb88057&#8243; shape=\u00bb75&#8243; primary_title=\u00bbComponente innovador: humus de corteza TerrAktiv\u00ae\u00bb hover_title=\u00bb\u00bb hover_background_color=\u00bbcustom\u00bb hover_custom_background=\u00bb#A22237&#8243;]Producimos humus de corteza TerrAktiv\u00ae, una materia prima renovable y microbiana activa con muchos efectos positivos para el cultivo de plantas sanas y m\u00e1s resistentes al estr\u00e9s. <strong><a style=\"color: #ffffff;\" href=\"https:\/\/klasmann-deilmann.com\/es\/productos-y-soluciones\/materias-primas\/terraktiv-ft\/\" target=\"_blank\" rel=\"noopener\">Leer m\u00e1s<\/a><\/strong>[\/vc_hoverbox][\/vc_column_inner][vc_column_inner width=\u00bb1\/3&#8243;][vc_hoverbox image=\u00bb88127&#8243; shape=\u00bb75&#8243; primary_title=\u00bbMedios de cultivo innovadores: sustratos ADVANCED\u00bb hover_title=\u00bb\u00bb hover_background_color=\u00bbcustom\u00bb hover_custom_background=\u00bb#44a12b\u00bb]Nuestros modernos sustratos con bajo contenido de turba y sin turba combinan una alta sostenibilidad con una alta seguridad de cultivo. Desarrollamos mezclas fiables de materias primas propias a partir de turba, fibra de madera, coco, corteza y otros materiales para lograr los mejores resultados en el cultivo. <strong><a style=\"color: #ffffff;\" href=\"https:\/\/klasmann-deilmann.com\/es\/productos-y-soluciones\/sustratos-advanced\/\" target=\"_blank\" rel=\"noopener\">Leer m\u00e1s<\/a><\/strong>[\/vc_hoverbox][\/vc_column_inner][\/vc_row_inner][vc_row_inner equal_height=\u00bbyes\u00bb][vc_column_inner width=\u00bb1\/3&#8243;][vc_hoverbox image=\u00bb88101&#8243; shape=\u00bb75&#8243; primary_title=\u00bbSostenibilidad innovadora: biocarb\u00f3n\u00bb hover_title=\u00bb\u00bb hover_background_color=\u00bbcustom\u00bb hover_custom_background=\u00bb#ffcc00&#8243;]Producimos un biocarb\u00f3n de \u00faltima generaci\u00f3n para lograr una reducci\u00f3n significativa de CO<sub>2<\/sub> en los sustratos de cultivo. Un gran paso hacia la horticultura clim\u00e1ticamente neutra del futuro.[\/vc_hoverbox][\/vc_column_inner][vc_column_inner width=\u00bb1\/3&#8243;][\/vc_column_inner][vc_column_inner width=\u00bb1\/3&#8243;][\/vc_column_inner][\/vc_row_inner][\/vc_column][\/vc_row][vc_row css=\u00bb.vc_custom_1736864876075{margin-top: 70px !important;margin-bottom: 70px !important;}\u00bb el_id=\u00bbkontakt\u00bb][vc_column][kd_getintouch image=\u00bb88282&#8243;][\/vc_column][\/vc_row]<\/div>\n","protected":false},"excerpt":{"rendered":"<p>[vc_row][vc_column][kd_header_container bannerstyle=\u00bbfullheightarrow\u00bb][kd_slider_video poscontainer=\u00bbpcentercenter\u00bb video=\u00bbhttps:\/\/klasmann-deilmann.com\/wp-content\/uploads\/KD_Imagekampagne_2024_Microsite_Header_v03_animiert.mp4&#8243;][\/kd_slider_video][\/kd_header_container][\/vc_column][\/vc_row][vc_row css=\u00bb.vc_custom_1736854685468{margin-bottom: 30px !important;}\u00bb][vc_column][vc_row_inner][vc_column_inner][vc_column_text css=\u00bb\u00bb] \u00a1Nosotros nos encargamos! [\/vc_column_text][\/vc_column_inner][vc_column_inner width=\u00bb1\/2&#8243;][vc_column_text css=\u00bb\u00bb]La horticultura se enfrenta hoy en d\u00eda a varios retos. Escasez de mano de obra cualificada, transici\u00f3n energ\u00e9tica, menor disponibilidad de productos fitosanitarios, aumento de la demanda de una producci\u00f3n vegetal m\u00e1s sostenible.[\/vc_column_text][\/vc_column_inner][vc_column_inner width=\u00bb1\/2&#8243;][vc_column_text css=\u00bb\u00bb]Sus medios de cultivo no deber\u00edan ser una preocupaci\u00f3n. Con Klasmann-Deilmann puede estar seguro de contar con el socio ideal para obtener medios de cultivo fiables, sostenibles e innovadores de primera calidad.[\/vc_column_text][\/vc_column_inner][\/vc_row_inner][\/vc_column][\/vc_row][vc_row css=\u00bb.vc_custom_1736854685468{margin-bottom:<\/p>\n","protected":false},"author":7,"featured_media":0,"parent":0,"menu_order":16,"comment_status":"closed","ping_status":"closed","template":"","meta":{"_acf_changed":false,"inline_featured_image":false,"footnotes":""},"class_list":["post-90199","page","type-page","status-publish","hentry"],"acf":[],"yoast_head":"<!-- This site is optimized with the Yoast SEO plugin v27.5 - https:\/\/yoast.com\/product\/yoast-seo-wordpress\/ -->\n<title>Relax - Klasmann-Deilmann<\/title>\n<meta name=\"robots\" content=\"index, follow, max-snippet:-1, max-image-preview:large, max-video-preview:-1\" \/>\n<link rel=\"canonical\" href=\"https:\/\/klasmann-deilmann.com\/es\/relax\/\" \/>\n<meta property=\"og:locale\" content=\"es_ES\" \/>\n<meta property=\"og:type\" content=\"article\" \/>\n<meta property=\"og:title\" content=\"Relax - Klasmann-Deilmann\" \/>\n<meta property=\"og:description\" content=\"[vc_row][vc_column][kd_header_container bannerstyle=\u00bbfullheightarrow\u00bb][kd_slider_video poscontainer=\u00bbpcentercenter\u00bb video=\u00bbhttps:\/\/klasmann-deilmann.com\/wp-content\/uploads\/KD_Imagekampagne_2024_Microsite_Header_v03_animiert.mp4&#8243;][\/kd_slider_video][\/kd_header_container][\/vc_column][\/vc_row][vc_row css=\u00bb.vc_custom_1736854685468{margin-bottom: 30px !important;}\u00bb][vc_column][vc_row_inner][vc_column_inner][vc_column_text css=\u00bb\u00bb] \u00a1Nosotros nos encargamos! [\/vc_column_text][\/vc_column_inner][vc_column_inner width=\u00bb1\/2&#8243;][vc_column_text css=\u00bb\u00bb]La horticultura se enfrenta hoy en d\u00eda a varios retos. Escasez de mano de obra cualificada, transici\u00f3n energ\u00e9tica, menor disponibilidad de productos fitosanitarios, aumento de la demanda de una producci\u00f3n vegetal m\u00e1s sostenible.[\/vc_column_text][\/vc_column_inner][vc_column_inner width=\u00bb1\/2&#8243;][vc_column_text css=\u00bb\u00bb]Sus medios de cultivo no deber\u00edan ser una preocupaci\u00f3n. Con Klasmann-Deilmann puede estar seguro de contar con el socio ideal para obtener medios de cultivo fiables, sostenibles e innovadores de primera calidad.[\/vc_column_text][\/vc_column_inner][\/vc_row_inner][\/vc_column][\/vc_row][vc_row css=\u00bb.vc_custom_1736854685468{margin-bottom:\" \/>\n<meta property=\"og:url\" content=\"https:\/\/klasmann-deilmann.com\/es\/relax\/\" \/>\n<meta property=\"og:site_name\" content=\"Klasmann-Deilmann\" \/>\n<meta property=\"article:modified_time\" content=\"2026-04-02T11:29:25+00:00\" \/>\n<meta name=\"twitter:card\" content=\"summary_large_image\" \/>\n<meta name=\"twitter:label1\" content=\"Tiempo de lectura\" \/>\n\t<meta name=\"twitter:data1\" content=\"5 minutos\" \/>\n<script type=\"application\/ld+json\" class=\"yoast-schema-graph\">{\"@context\":\"https:\\\/\\\/schema.org\",\"@graph\":[{\"@type\":\"WebPage\",\"@id\":\"https:\\\/\\\/klasmann-deilmann.com\\\/es\\\/relax\\\/\",\"url\":\"https:\\\/\\\/klasmann-deilmann.com\\\/es\\\/relax\\\/\",\"name\":\"Relax - Klasmann-Deilmann\",\"isPartOf\":{\"@id\":\"https:\\\/\\\/klasmann-deilmann.com\\\/en\\\/#website\"},\"datePublished\":\"2025-01-17T11:04:46+00:00\",\"dateModified\":\"2026-04-02T11:29:25+00:00\",\"breadcrumb\":{\"@id\":\"https:\\\/\\\/klasmann-deilmann.com\\\/es\\\/relax\\\/#breadcrumb\"},\"inLanguage\":\"es\",\"potentialAction\":[{\"@type\":\"ReadAction\",\"target\":[\"https:\\\/\\\/klasmann-deilmann.com\\\/es\\\/relax\\\/\"]}]},{\"@type\":\"BreadcrumbList\",\"@id\":\"https:\\\/\\\/klasmann-deilmann.com\\\/es\\\/relax\\\/#breadcrumb\",\"itemListElement\":[{\"@type\":\"ListItem\",\"position\":1,\"name\":\"Home\",\"item\":\"https:\\\/\\\/klasmann-deilmann.com\\\/es\\\/\"},{\"@type\":\"ListItem\",\"position\":2,\"name\":\"Relax\"}]},{\"@type\":\"WebSite\",\"@id\":\"https:\\\/\\\/klasmann-deilmann.com\\\/en\\\/#website\",\"url\":\"https:\\\/\\\/klasmann-deilmann.com\\\/en\\\/\",\"name\":\"Klasmann-Deilmann\",\"description\":\"\",\"potentialAction\":[{\"@type\":\"SearchAction\",\"target\":{\"@type\":\"EntryPoint\",\"urlTemplate\":\"https:\\\/\\\/klasmann-deilmann.com\\\/en\\\/?s={search_term_string}\"},\"query-input\":{\"@type\":\"PropertyValueSpecification\",\"valueRequired\":true,\"valueName\":\"search_term_string\"}}],\"inLanguage\":\"es\"}]}<\/script>\n<!-- \/ Yoast SEO plugin. -->","yoast_head_json":{"title":"Relax - Klasmann-Deilmann","robots":{"index":"index","follow":"follow","max-snippet":"max-snippet:-1","max-image-preview":"max-image-preview:large","max-video-preview":"max-video-preview:-1"},"canonical":"https:\/\/klasmann-deilmann.com\/es\/relax\/","og_locale":"es_ES","og_type":"article","og_title":"Relax - Klasmann-Deilmann","og_description":"[vc_row][vc_column][kd_header_container bannerstyle=\u00bbfullheightarrow\u00bb][kd_slider_video poscontainer=\u00bbpcentercenter\u00bb video=\u00bbhttps:\/\/klasmann-deilmann.com\/wp-content\/uploads\/KD_Imagekampagne_2024_Microsite_Header_v03_animiert.mp4&#8243;][\/kd_slider_video][\/kd_header_container][\/vc_column][\/vc_row][vc_row css=\u00bb.vc_custom_1736854685468{margin-bottom: 30px !important;}\u00bb][vc_column][vc_row_inner][vc_column_inner][vc_column_text css=\u00bb\u00bb] \u00a1Nosotros nos encargamos! [\/vc_column_text][\/vc_column_inner][vc_column_inner width=\u00bb1\/2&#8243;][vc_column_text css=\u00bb\u00bb]La horticultura se enfrenta hoy en d\u00eda a varios retos. Escasez de mano de obra cualificada, transici\u00f3n energ\u00e9tica, menor disponibilidad de productos fitosanitarios, aumento de la demanda de una producci\u00f3n vegetal m\u00e1s sostenible.[\/vc_column_text][\/vc_column_inner][vc_column_inner width=\u00bb1\/2&#8243;][vc_column_text css=\u00bb\u00bb]Sus medios de cultivo no deber\u00edan ser una preocupaci\u00f3n. Con Klasmann-Deilmann puede estar seguro de contar con el socio ideal para obtener medios de cultivo fiables, sostenibles e innovadores de primera calidad.[\/vc_column_text][\/vc_column_inner][\/vc_row_inner][\/vc_column][\/vc_row][vc_row css=\u00bb.vc_custom_1736854685468{margin-bottom:","og_url":"https:\/\/klasmann-deilmann.com\/es\/relax\/","og_site_name":"Klasmann-Deilmann","article_modified_time":"2026-04-02T11:29:25+00:00","twitter_card":"summary_large_image","twitter_misc":{"Tiempo de lectura":"5 minutos"},"schema":{"@context":"https:\/\/schema.org","@graph":[{"@type":"WebPage","@id":"https:\/\/klasmann-deilmann.com\/es\/relax\/","url":"https:\/\/klasmann-deilmann.com\/es\/relax\/","name":"Relax - Klasmann-Deilmann","isPartOf":{"@id":"https:\/\/klasmann-deilmann.com\/en\/#website"},"datePublished":"2025-01-17T11:04:46+00:00","dateModified":"2026-04-02T11:29:25+00:00","breadcrumb":{"@id":"https:\/\/klasmann-deilmann.com\/es\/relax\/#breadcrumb"},"inLanguage":"es","potentialAction":[{"@type":"ReadAction","target":["https:\/\/klasmann-deilmann.com\/es\/relax\/"]}]},{"@type":"BreadcrumbList","@id":"https:\/\/klasmann-deilmann.com\/es\/relax\/#breadcrumb","itemListElement":[{"@type":"ListItem","position":1,"name":"Home","item":"https:\/\/klasmann-deilmann.com\/es\/"},{"@type":"ListItem","position":2,"name":"Relax"}]},{"@type":"WebSite","@id":"https:\/\/klasmann-deilmann.com\/en\/#website","url":"https:\/\/klasmann-deilmann.com\/en\/","name":"Klasmann-Deilmann","description":"","potentialAction":[{"@type":"SearchAction","target":{"@type":"EntryPoint","urlTemplate":"https:\/\/klasmann-deilmann.com\/en\/?s={search_term_string}"},"query-input":{"@type":"PropertyValueSpecification","valueRequired":true,"valueName":"search_term_string"}}],"inLanguage":"es"}]}},"_links":{"self":[{"href":"https:\/\/klasmann-deilmann.com\/es\/wp-json\/wp\/v2\/pages\/90199","targetHints":{"allow":["GET"]}}],"collection":[{"href":"https:\/\/klasmann-deilmann.com\/es\/wp-json\/wp\/v2\/pages"}],"about":[{"href":"https:\/\/klasmann-deilmann.com\/es\/wp-json\/wp\/v2\/types\/page"}],"author":[{"embeddable":true,"href":"https:\/\/klasmann-deilmann.com\/es\/wp-json\/wp\/v2\/users\/7"}],"replies":[{"embeddable":true,"href":"https:\/\/klasmann-deilmann.com\/es\/wp-json\/wp\/v2\/comments?post=90199"}],"version-history":[{"count":5,"href":"https:\/\/klasmann-deilmann.com\/es\/wp-json\/wp\/v2\/pages\/90199\/revisions"}],"predecessor-version":[{"id":106882,"href":"https:\/\/klasmann-deilmann.com\/es\/wp-json\/wp\/v2\/pages\/90199\/revisions\/106882"}],"wp:attachment":[{"href":"https:\/\/klasmann-deilmann.com\/es\/wp-json\/wp\/v2\/media?parent=90199"}],"curies":[{"name":"wp","href":"https:\/\/api.w.org\/{rel}","templated":true}]}}