{"id":77403,"date":"2024-03-22T10:20:48","date_gmt":"2024-03-22T09:20:48","guid":{"rendered":"https:\/\/klasmann-deilmann.com\/?page_id=77403"},"modified":"2025-10-30T15:48:09","modified_gmt":"2025-10-30T14:48:09","slug":"growbag","status":"publish","type":"page","link":"https:\/\/klasmann-deilmann.com\/es\/productos-y-soluciones\/growbag\/","title":{"rendered":"Growbag"},"content":{"rendered":"<div class=\"wpb-content-wrapper\">[vc_row][vc_column][kd_header_random_image_banner kindofbanner=\u00bbslideshow\u00bb timetillslide=\u00bb3&#8243; image=\u00bb77444&#8243;][\/kd_header_random_image_banner][\/vc_column][\/vc_row][vc_row css=\u00bb.vc_custom_1646825184402{margin-bottom: 30px !important;}\u00bb][vc_column][vc_row_inner][vc_column_inner][vc_gallery interval=\u00bb5&#8243; images=\u00bb81650&#8243; img_size=\u00bbfull\u00bb onclick=\u00bb\u00bb][\/vc_column_inner][\/vc_row_inner][\/vc_column][\/vc_row][vc_row css=\u00bb.vc_custom_1646825184402{margin-bottom: 30px !important;}\u00bb][vc_column][vc_row_inner][vc_column_inner][vc_column_text css=\u00bb\u00bb]<\/p>\n<h2>El futuro en una bolsa:<br \/>\nGrowbag, tres veces \u00fanico<\/h2>\n<p>Cada innovaci\u00f3n tiene su momento. El de Growbag es ahora. Con las l\u00edneas de productos Growbag Advanced y Growbag Advanced AGS, Klasmann-Deilmann lleva uno de los m\u00e9todos de cultivo m\u00e1s importantes de la horticultura comercial a un nivel completamente nuevo. Siempre con el m\u00e1s alto nivel de calidad y sostenibilidad. Y con el nivel exacto de individualidad que sus cultivos necesitan y que le permiten a usted satisfacer sus demandas. No importa si quiere cultivar hortalizas -por ejemplo, tomates, pimientos, pepinos- o fresas.[\/vc_column_text][\/vc_column_inner][\/vc_row_inner][\/vc_column][\/vc_row][vc_row equal_height=\u00bbyes\u00bb css=\u00bb.vc_custom_1701852484201{margin-bottom: 70px !important;padding-top: 30px !important;}\u00bb][vc_column][vc_row_inner][vc_column_inner width=\u00bb1\/3&#8243;][vc_column_text css=\u00bb.vc_custom_1748355816368{border-radius: 2px !important;}\u00bb]<a href=\"https:\/\/klasmann-deilmann.com\/es\/productos-y-soluciones\/growbag\/growbag-advanced\/\"><img loading=\"lazy\" decoding=\"async\" width=\"700\" height=\"400\" class=\"alignnone size-full wp-image-78067\" src=\"\/wp-content\/uploads\/klasmann-deilmann_growbag_advanced_logo_kontur.jpg\" alt=\"\" srcset=\"https:\/\/klasmann-deilmann.com\/wp-content\/uploads\/klasmann-deilmann_growbag_advanced_logo_kontur.jpg 700w, https:\/\/klasmann-deilmann.com\/wp-content\/uploads\/klasmann-deilmann_growbag_advanced_logo_kontur-300x171.jpg 300w\" sizes=\"auto, (max-width: 700px) 100vw, 700px\" \/><\/a><\/p>\n<p>La soluci\u00f3n innovadora con un enfoque especial en la sostenibilidad. Para el mercado europeo y, exclusivamente, pedido.[\/vc_column_text][kd_download_button show_link_download1=\u00bblink\u00bb link1=\u00bburl:https%3A%2F%2Fklasmann-deilmann.com%2Fes%2Fproductos-y-soluciones%2Fgrowbag%2Fgrowbag-advanced%2F|title:M%C3%A1s%20informaci%C3%B3n%20sobre%20Growbag%20Advanced\u00bb][\/vc_column_inner][vc_column_inner width=\u00bb1\/3&#8243;][vc_column_text css=\u00bb\u00bb]<a href=\"https:\/\/www.agsolutions.net.au\/growbags\" target=\"_blank\" rel=\"noopener\"><img loading=\"lazy\" decoding=\"async\" width=\"701\" height=\"400\" class=\"alignnone size-full wp-image-78094\" src=\"\/wp-content\/uploads\/klasmann-deilmann_growbag_advanced_ags_logo_kontur.jpg\" alt=\"\" srcset=\"https:\/\/klasmann-deilmann.com\/wp-content\/uploads\/klasmann-deilmann_growbag_advanced_ags_logo_kontur.jpg 701w, https:\/\/klasmann-deilmann.com\/wp-content\/uploads\/klasmann-deilmann_growbag_advanced_ags_logo_kontur-300x171.jpg 300w\" sizes=\"auto, (max-width: 701px) 100vw, 701px\" \/><\/a><\/p>\n<p>La soluci\u00f3n innovadora con un enfoque especial en la sostenibilidad. Para los mercados de Australia y Ocean\u00eda y, exclusivamente, pedido.[\/vc_column_text][\/vc_column_inner][vc_column_inner width=\u00bb1\/3&#8243;][vc_column_text css=\u00bb\u00bb]<a href=\"https:\/\/klasmann-deilmann.com\/es\/ambitos-de-aplicacion\/frutos-rojos\/frutos-rojos-y-growbag\/growbag-coco\/\"><img loading=\"lazy\" decoding=\"async\" class=\"alignnone wp-image-91423\" src=\"\/wp-content\/uploads\/K_Growbag_Coco_neu2-2-300x173.png\" alt=\"\" width=\"499\" height=\"288\" srcset=\"https:\/\/klasmann-deilmann.com\/wp-content\/uploads\/K_Growbag_Coco_neu2-2-300x173.png 300w, https:\/\/klasmann-deilmann.com\/wp-content\/uploads\/K_Growbag_Coco_neu2-2.png 556w\" sizes=\"auto, (max-width: 499px) 100vw, 499px\" \/><\/a><\/p>\n<p>La soluci\u00f3n innovadora con las propiedades especiales de los productos de coco. Para los mercados asi\u00e1tico y europeo y, exclusivamente, pedido.[\/vc_column_text][kd_download_button show_link_download1=\u00bblink\u00bb link1=\u00bburl:https%3A%2F%2Fklasmann-deilmann.com%2Fes%2Fambitos-de-aplicacion%2Ffrutos-rojos%2Ffrutos-rojos-y-growbag%2Fgrowbag-coco%2F|title:M%C3%A1s%20informaci%C3%B3n%20sobre%20Growbag%20COCO\u00bb][\/vc_column_inner][\/vc_row_inner][\/vc_column][\/vc_row][vc_row css=\u00bb.vc_custom_1701859744849{margin-bottom: 70px !important;}\u00bb][vc_column width=\u00bb1\/2&#8243;][vc_row_inner][vc_column_inner][vc_column_text css=\u00bb\u00bb]<\/p>\n<h2>Tres l\u00edneas de producto, numerosas ventajas:<\/h2>\n<p>[\/vc_column_text][vc_column_text]<img loading=\"lazy\" decoding=\"async\" width=\"2560\" height=\"1920\" class=\"alignnone size-full wp-image-82190\" src=\"\/wp-content\/uploads\/klasmann-deilmann_growbag_advanced_tomato.jpg\" alt=\"\" srcset=\"https:\/\/klasmann-deilmann.com\/wp-content\/uploads\/klasmann-deilmann_growbag_advanced_tomato.jpg 2560w, https:\/\/klasmann-deilmann.com\/wp-content\/uploads\/klasmann-deilmann_growbag_advanced_tomato-300x225.jpg 300w, https:\/\/klasmann-deilmann.com\/wp-content\/uploads\/klasmann-deilmann_growbag_advanced_tomato-1024x768.jpg 1024w, https:\/\/klasmann-deilmann.com\/wp-content\/uploads\/klasmann-deilmann_growbag_advanced_tomato-768x576.jpg 768w, https:\/\/klasmann-deilmann.com\/wp-content\/uploads\/klasmann-deilmann_growbag_advanced_tomato-1536x1152.jpg 1536w, https:\/\/klasmann-deilmann.com\/wp-content\/uploads\/klasmann-deilmann_growbag_advanced_tomato-2048x1536.jpg 2048w\" sizes=\"auto, (max-width: 2560px) 100vw, 2560px\" \/>[\/vc_column_text][\/vc_column_inner][\/vc_row_inner][\/vc_column][vc_column width=\u00bb1\/2&#8243;][vc_row_inner][vc_column_inner][vc_column_text css=\u00bb\u00bb el_class=\u00bbpluslist green\u00bb]<\/p>\n<h3>Altamente sostenible:<\/h3>\n<ul>\n<li>Sin lana de roca, perlita ni turba<\/li>\n<li>Renovable y totalmente compostable<\/li>\n<li>Reducci\u00f3n significativa de CO<sub>2<\/sub> (especialmente con GROWBAG Advanced)<\/li>\n<li>Reducci\u00f3n de la aparici\u00f3n de \u00abra\u00edces locas\u00bb (con GROWBAG Advanced)<\/li>\n<\/ul>\n<h3>Las mejores propiedades de cultivo:<\/h3>\n<ul>\n<li>Mezclas espec\u00edficas para cada cultivo y situaci\u00f3n clim\u00e1tica<\/li>\n<li>Alto contenido de aire y drenaje<\/li>\n<li>Control \u00f3ptimo del riego<\/li>\n<\/ul>\n<h3>La mejor calidad:<\/h3>\n<ul>\n<li>Procesos de producci\u00f3n de acuerdo con los est\u00e1ndares de calidad RHP<\/li>\n<li>Todos los productos de coco proceden de nuestras propias fuentes aprobadas por RHP en India y Sri Lanka<\/li>\n<li>Productos de coco espec\u00edficamente certificados seg\u00fan el est\u00e1ndar SA8000 de responsabilidad social<\/li>\n<\/ul>\n<p>[\/vc_column_text][\/vc_column_inner][\/vc_row_inner][\/vc_column][\/vc_row][vc_row css=\u00bb.vc_custom_1701857624819{margin-bottom: 30px !important;background-color: #414345 !important;}\u00bb][vc_column width=\u00bb1\/2&#8243;][vc_row_inner][vc_column_inner][vc_column_text css=\u00bb\u00bb]<\/p>\n<h2>\u00bfUsted quiere su Growbag? \u00a1Usted obtendr\u00e1 su Growbag!<\/h2>\n<p>Independientemente de las crisis actuales y de las cadenas de suministro interrumpidas, las previsiones actuales suponen que habr\u00e1 una demanda mucho mayor de medios de cultivo y de las materias primas necesarias a nivel internacional en el futuro.<\/p>\n<p>Por lo tanto, Klasmann-Deilmann se ha asegurado con \u00e9xito y desde el principio de que la creciente demanda de productos para el negocio de la horticultura, como nuestros Growbags, pueda garantizarse con un suministro estable de materias primas y una infraestructura de proveedores.<br \/>\n[\/vc_column_text][\/vc_column_inner][\/vc_row_inner][\/vc_column][vc_column width=\u00bb1\/2&#8243;][vc_row_inner][vc_column_inner][vc_column_text]<img loading=\"lazy\" decoding=\"async\" class=\"alignnone wp-image-77550 size-full\" src=\"https:\/\/klasmann-deilmann.com\/wp-content\/uploads\/klasmann-deilmann_raffael_koschmieder_raw_materials.jpg\" alt=\"\" width=\"2560\" height=\"1707\" srcset=\"https:\/\/klasmann-deilmann.com\/wp-content\/uploads\/klasmann-deilmann_raffael_koschmieder_raw_materials.jpg 2560w, https:\/\/klasmann-deilmann.com\/wp-content\/uploads\/klasmann-deilmann_raffael_koschmieder_raw_materials-300x200.jpg 300w, https:\/\/klasmann-deilmann.com\/wp-content\/uploads\/klasmann-deilmann_raffael_koschmieder_raw_materials-1024x683.jpg 1024w, https:\/\/klasmann-deilmann.com\/wp-content\/uploads\/klasmann-deilmann_raffael_koschmieder_raw_materials-768x512.jpg 768w, https:\/\/klasmann-deilmann.com\/wp-content\/uploads\/klasmann-deilmann_raffael_koschmieder_raw_materials-1536x1024.jpg 1536w, https:\/\/klasmann-deilmann.com\/wp-content\/uploads\/klasmann-deilmann_raffael_koschmieder_raw_materials-2048x1366.jpg 2048w\" sizes=\"auto, (max-width: 2560px) 100vw, 2560px\" \/>[\/vc_column_text][\/vc_column_inner][\/vc_row_inner][\/vc_column][\/vc_row][vc_row css=\u00bb.vc_custom_1685106664126{margin-bottom: 70px !important;}\u00bb][vc_column][vc_row_inner background_color=\u00bbkdorange\u00bb][vc_column_inner][vc_column_text css=\u00bb.vc_custom_1748356064882{padding-top: 30px !important;padding-right: 30px !important;padding-bottom: 30px !important;padding-left: 30px !important;}\u00bb el_class=\u00bbpluslist green\u00bb]<\/p>\n<h2 style=\"color: #ffffff;\">Nos aseguramos de que todos nuestros clientes reciban nuestros productos en todo momento, incluso en fases dif\u00edciles con cadenas de suministro tensas.<\/h2>\n<p>[\/vc_column_text][\/vc_column_inner][\/vc_row_inner][\/vc_column][\/vc_row][vc_row css=\u00bb.vc_custom_1701785124726{margin-bottom: 70px !important;}\u00bb][vc_column width=\u00bb1\/2&#8243;][vc_row_inner][vc_column_inner css=\u00bb.vc_custom_1685534669819{margin-right: 15px !important;}\u00bb][vc_column_text]<img loading=\"lazy\" decoding=\"async\" width=\"2560\" height=\"1509\" class=\"alignnone size-full wp-image-82268\" src=\"\/wp-content\/uploads\/klasmann-deilmann_growbag_jan_vanoverschelde.jpg\" alt=\"\" srcset=\"https:\/\/klasmann-deilmann.com\/wp-content\/uploads\/klasmann-deilmann_growbag_jan_vanoverschelde.jpg 2560w, https:\/\/klasmann-deilmann.com\/wp-content\/uploads\/klasmann-deilmann_growbag_jan_vanoverschelde-300x177.jpg 300w, https:\/\/klasmann-deilmann.com\/wp-content\/uploads\/klasmann-deilmann_growbag_jan_vanoverschelde-1024x604.jpg 1024w, https:\/\/klasmann-deilmann.com\/wp-content\/uploads\/klasmann-deilmann_growbag_jan_vanoverschelde-768x453.jpg 768w, https:\/\/klasmann-deilmann.com\/wp-content\/uploads\/klasmann-deilmann_growbag_jan_vanoverschelde-1536x905.jpg 1536w, https:\/\/klasmann-deilmann.com\/wp-content\/uploads\/klasmann-deilmann_growbag_jan_vanoverschelde-2048x1207.jpg 2048w\" sizes=\"auto, (max-width: 2560px) 100vw, 2560px\" \/>[\/vc_column_text][\/vc_column_inner][\/vc_row_inner][\/vc_column][vc_column width=\u00bb1\/2&#8243;][vc_row_inner][vc_column_inner][vc_column_text css=\u00bb\u00bb el_class=\u00bbpluslist green\u00bb]<\/p>\n<h2>Responderemos a sus preguntas con una sonrisa.<br \/>\nY con mucha experiencia.<\/h2>\n<p>[\/vc_column_text][vc_column_text css=\u00bb\u00bb el_class=\u00bbpluslist green\u00bb]<a href=\"mailto:jan.vanoverschelde@klasmann-deilmann.com\">Jan Vanoverschelde, director de producto del grupo Growbags en Klasmann-Deilmann<\/a>, espera recibir su correo electr\u00f3nico.[\/vc_column_text][\/vc_column_inner][\/vc_row_inner][\/vc_column][\/vc_row][vc_row][vc_column][kd_getintouch image=\u00bb32948&#8243;][\/vc_column][\/vc_row]<\/div>\n","protected":false},"excerpt":{"rendered":"<p>[vc_row][vc_column][kd_header_random_image_banner kindofbanner=\u00bbslideshow\u00bb timetillslide=\u00bb3&#8243; image=\u00bb77444&#8243;][\/kd_header_random_image_banner][\/vc_column][\/vc_row][vc_row css=\u00bb.vc_custom_1646825184402{margin-bottom: 30px !important;}\u00bb][vc_column][vc_row_inner][vc_column_inner][vc_gallery interval=\u00bb5&#8243; images=\u00bb81650&#8243; img_size=\u00bbfull\u00bb onclick=\u00bb\u00bb][\/vc_column_inner][\/vc_row_inner][\/vc_column][\/vc_row][vc_row css=\u00bb.vc_custom_1646825184402{margin-bottom: 30px !important;}\u00bb][vc_column][vc_row_inner][vc_column_inner][vc_column_text css=\u00bb\u00bb] El futuro en una bolsa: Growbag, tres veces \u00fanico Cada innovaci\u00f3n tiene su momento. El de Growbag es ahora. Con las l\u00edneas de productos Growbag Advanced y Growbag Advanced AGS, Klasmann-Deilmann lleva uno de los m\u00e9todos de cultivo m\u00e1s importantes de la horticultura comercial a un nivel completamente nuevo. Siempre con el m\u00e1s alto nivel de calidad y sostenibilidad. Y con el nivel exacto de<\/p>\n","protected":false},"author":7,"featured_media":0,"parent":76147,"menu_order":390,"comment_status":"closed","ping_status":"closed","template":"","meta":{"_acf_changed":false,"inline_featured_image":false,"footnotes":""},"class_list":["post-77403","page","type-page","status-publish","hentry"],"acf":[],"yoast_head":"<!-- This site is optimized with the Yoast SEO plugin v27.5 - https:\/\/yoast.com\/product\/yoast-seo-wordpress\/ -->\n<title>Growbag - Klasmann-Deilmann<\/title>\n<meta name=\"robots\" content=\"index, follow, max-snippet:-1, max-image-preview:large, max-video-preview:-1\" \/>\n<link rel=\"canonical\" href=\"https:\/\/klasmann-deilmann.com\/es\/productos-y-soluciones\/growbag\/\" \/>\n<meta property=\"og:locale\" content=\"es_ES\" \/>\n<meta property=\"og:type\" content=\"article\" \/>\n<meta property=\"og:title\" content=\"Growbag - Klasmann-Deilmann\" \/>\n<meta property=\"og:description\" content=\"[vc_row][vc_column][kd_header_random_image_banner kindofbanner=\u00bbslideshow\u00bb timetillslide=\u00bb3&#8243; image=\u00bb77444&#8243;][\/kd_header_random_image_banner][\/vc_column][\/vc_row][vc_row css=\u00bb.vc_custom_1646825184402{margin-bottom: 30px !important;}\u00bb][vc_column][vc_row_inner][vc_column_inner][vc_gallery interval=\u00bb5&#8243; images=\u00bb81650&#8243; img_size=\u00bbfull\u00bb onclick=\u00bb\u00bb][\/vc_column_inner][\/vc_row_inner][\/vc_column][\/vc_row][vc_row css=\u00bb.vc_custom_1646825184402{margin-bottom: 30px !important;}\u00bb][vc_column][vc_row_inner][vc_column_inner][vc_column_text css=\u00bb\u00bb] El futuro en una bolsa: Growbag, tres veces \u00fanico Cada innovaci\u00f3n tiene su momento. El de Growbag es ahora. Con las l\u00edneas de productos Growbag Advanced y Growbag Advanced AGS, Klasmann-Deilmann lleva uno de los m\u00e9todos de cultivo m\u00e1s importantes de la horticultura comercial a un nivel completamente nuevo. Siempre con el m\u00e1s alto nivel de calidad y sostenibilidad. Y con el nivel exacto de\" \/>\n<meta property=\"og:url\" content=\"https:\/\/klasmann-deilmann.com\/es\/productos-y-soluciones\/growbag\/\" \/>\n<meta property=\"og:site_name\" content=\"Klasmann-Deilmann\" \/>\n<meta property=\"article:modified_time\" content=\"2025-10-30T14:48:09+00:00\" \/>\n<meta property=\"og:image\" content=\"https:\/\/klasmann-deilmann.com\/wp-content\/uploads\/klasmann-deilmann_raffael_koschmieder_raw_materials.jpg\" \/>\n<meta name=\"twitter:card\" content=\"summary_large_image\" \/>\n<meta name=\"twitter:label1\" content=\"Tiempo de lectura\" \/>\n\t<meta name=\"twitter:data1\" content=\"4 minutos\" \/>\n<script type=\"application\/ld+json\" class=\"yoast-schema-graph\">{\"@context\":\"https:\\\/\\\/schema.org\",\"@graph\":[{\"@type\":\"WebPage\",\"@id\":\"https:\\\/\\\/klasmann-deilmann.com\\\/es\\\/productos-y-soluciones\\\/growbag\\\/\",\"url\":\"https:\\\/\\\/klasmann-deilmann.com\\\/es\\\/productos-y-soluciones\\\/growbag\\\/\",\"name\":\"Growbag - Klasmann-Deilmann\",\"isPartOf\":{\"@id\":\"https:\\\/\\\/klasmann-deilmann.com\\\/en\\\/#website\"},\"primaryImageOfPage\":{\"@id\":\"https:\\\/\\\/klasmann-deilmann.com\\\/es\\\/productos-y-soluciones\\\/growbag\\\/#primaryimage\"},\"image\":{\"@id\":\"https:\\\/\\\/klasmann-deilmann.com\\\/es\\\/productos-y-soluciones\\\/growbag\\\/#primaryimage\"},\"thumbnailUrl\":\"https:\\\/\\\/klasmann-deilmann.com\\\/wp-content\\\/uploads\\\/klasmann-deilmann_raffael_koschmieder_raw_materials.jpg\",\"datePublished\":\"2024-03-22T09:20:48+00:00\",\"dateModified\":\"2025-10-30T14:48:09+00:00\",\"breadcrumb\":{\"@id\":\"https:\\\/\\\/klasmann-deilmann.com\\\/es\\\/productos-y-soluciones\\\/growbag\\\/#breadcrumb\"},\"inLanguage\":\"es\",\"potentialAction\":[{\"@type\":\"ReadAction\",\"target\":[\"https:\\\/\\\/klasmann-deilmann.com\\\/es\\\/productos-y-soluciones\\\/growbag\\\/\"]}]},{\"@type\":\"ImageObject\",\"inLanguage\":\"es\",\"@id\":\"https:\\\/\\\/klasmann-deilmann.com\\\/es\\\/productos-y-soluciones\\\/growbag\\\/#primaryimage\",\"url\":\"https:\\\/\\\/klasmann-deilmann.com\\\/wp-content\\\/uploads\\\/klasmann-deilmann_raffael_koschmieder_raw_materials.jpg\",\"contentUrl\":\"https:\\\/\\\/klasmann-deilmann.com\\\/wp-content\\\/uploads\\\/klasmann-deilmann_raffael_koschmieder_raw_materials.jpg\"},{\"@type\":\"BreadcrumbList\",\"@id\":\"https:\\\/\\\/klasmann-deilmann.com\\\/es\\\/productos-y-soluciones\\\/growbag\\\/#breadcrumb\",\"itemListElement\":[{\"@type\":\"ListItem\",\"position\":1,\"name\":\"Home\",\"item\":\"https:\\\/\\\/klasmann-deilmann.com\\\/es\\\/\"},{\"@type\":\"ListItem\",\"position\":2,\"name\":\"Productos y soluciones\",\"item\":\"https:\\\/\\\/klasmann-deilmann.com\\\/es\\\/productos-y-soluciones\\\/\"},{\"@type\":\"ListItem\",\"position\":3,\"name\":\"Growbag\"}]},{\"@type\":\"WebSite\",\"@id\":\"https:\\\/\\\/klasmann-deilmann.com\\\/en\\\/#website\",\"url\":\"https:\\\/\\\/klasmann-deilmann.com\\\/en\\\/\",\"name\":\"Klasmann-Deilmann\",\"description\":\"\",\"potentialAction\":[{\"@type\":\"SearchAction\",\"target\":{\"@type\":\"EntryPoint\",\"urlTemplate\":\"https:\\\/\\\/klasmann-deilmann.com\\\/en\\\/?s={search_term_string}\"},\"query-input\":{\"@type\":\"PropertyValueSpecification\",\"valueRequired\":true,\"valueName\":\"search_term_string\"}}],\"inLanguage\":\"es\"}]}<\/script>\n<!-- \/ Yoast SEO plugin. -->","yoast_head_json":{"title":"Growbag - Klasmann-Deilmann","robots":{"index":"index","follow":"follow","max-snippet":"max-snippet:-1","max-image-preview":"max-image-preview:large","max-video-preview":"max-video-preview:-1"},"canonical":"https:\/\/klasmann-deilmann.com\/es\/productos-y-soluciones\/growbag\/","og_locale":"es_ES","og_type":"article","og_title":"Growbag - Klasmann-Deilmann","og_description":"[vc_row][vc_column][kd_header_random_image_banner kindofbanner=\u00bbslideshow\u00bb timetillslide=\u00bb3&#8243; image=\u00bb77444&#8243;][\/kd_header_random_image_banner][\/vc_column][\/vc_row][vc_row css=\u00bb.vc_custom_1646825184402{margin-bottom: 30px !important;}\u00bb][vc_column][vc_row_inner][vc_column_inner][vc_gallery interval=\u00bb5&#8243; images=\u00bb81650&#8243; img_size=\u00bbfull\u00bb onclick=\u00bb\u00bb][\/vc_column_inner][\/vc_row_inner][\/vc_column][\/vc_row][vc_row css=\u00bb.vc_custom_1646825184402{margin-bottom: 30px !important;}\u00bb][vc_column][vc_row_inner][vc_column_inner][vc_column_text css=\u00bb\u00bb] El futuro en una bolsa: Growbag, tres veces \u00fanico Cada innovaci\u00f3n tiene su momento. El de Growbag es ahora. Con las l\u00edneas de productos Growbag Advanced y Growbag Advanced AGS, Klasmann-Deilmann lleva uno de los m\u00e9todos de cultivo m\u00e1s importantes de la horticultura comercial a un nivel completamente nuevo. Siempre con el m\u00e1s alto nivel de calidad y sostenibilidad. Y con el nivel exacto de","og_url":"https:\/\/klasmann-deilmann.com\/es\/productos-y-soluciones\/growbag\/","og_site_name":"Klasmann-Deilmann","article_modified_time":"2025-10-30T14:48:09+00:00","og_image":[{"url":"https:\/\/klasmann-deilmann.com\/wp-content\/uploads\/klasmann-deilmann_raffael_koschmieder_raw_materials.jpg","type":"","width":"","height":""}],"twitter_card":"summary_large_image","twitter_misc":{"Tiempo de lectura":"4 minutos"},"schema":{"@context":"https:\/\/schema.org","@graph":[{"@type":"WebPage","@id":"https:\/\/klasmann-deilmann.com\/es\/productos-y-soluciones\/growbag\/","url":"https:\/\/klasmann-deilmann.com\/es\/productos-y-soluciones\/growbag\/","name":"Growbag - Klasmann-Deilmann","isPartOf":{"@id":"https:\/\/klasmann-deilmann.com\/en\/#website"},"primaryImageOfPage":{"@id":"https:\/\/klasmann-deilmann.com\/es\/productos-y-soluciones\/growbag\/#primaryimage"},"image":{"@id":"https:\/\/klasmann-deilmann.com\/es\/productos-y-soluciones\/growbag\/#primaryimage"},"thumbnailUrl":"https:\/\/klasmann-deilmann.com\/wp-content\/uploads\/klasmann-deilmann_raffael_koschmieder_raw_materials.jpg","datePublished":"2024-03-22T09:20:48+00:00","dateModified":"2025-10-30T14:48:09+00:00","breadcrumb":{"@id":"https:\/\/klasmann-deilmann.com\/es\/productos-y-soluciones\/growbag\/#breadcrumb"},"inLanguage":"es","potentialAction":[{"@type":"ReadAction","target":["https:\/\/klasmann-deilmann.com\/es\/productos-y-soluciones\/growbag\/"]}]},{"@type":"ImageObject","inLanguage":"es","@id":"https:\/\/klasmann-deilmann.com\/es\/productos-y-soluciones\/growbag\/#primaryimage","url":"https:\/\/klasmann-deilmann.com\/wp-content\/uploads\/klasmann-deilmann_raffael_koschmieder_raw_materials.jpg","contentUrl":"https:\/\/klasmann-deilmann.com\/wp-content\/uploads\/klasmann-deilmann_raffael_koschmieder_raw_materials.jpg"},{"@type":"BreadcrumbList","@id":"https:\/\/klasmann-deilmann.com\/es\/productos-y-soluciones\/growbag\/#breadcrumb","itemListElement":[{"@type":"ListItem","position":1,"name":"Home","item":"https:\/\/klasmann-deilmann.com\/es\/"},{"@type":"ListItem","position":2,"name":"Productos y soluciones","item":"https:\/\/klasmann-deilmann.com\/es\/productos-y-soluciones\/"},{"@type":"ListItem","position":3,"name":"Growbag"}]},{"@type":"WebSite","@id":"https:\/\/klasmann-deilmann.com\/en\/#website","url":"https:\/\/klasmann-deilmann.com\/en\/","name":"Klasmann-Deilmann","description":"","potentialAction":[{"@type":"SearchAction","target":{"@type":"EntryPoint","urlTemplate":"https:\/\/klasmann-deilmann.com\/en\/?s={search_term_string}"},"query-input":{"@type":"PropertyValueSpecification","valueRequired":true,"valueName":"search_term_string"}}],"inLanguage":"es"}]}},"_links":{"self":[{"href":"https:\/\/klasmann-deilmann.com\/es\/wp-json\/wp\/v2\/pages\/77403","targetHints":{"allow":["GET"]}}],"collection":[{"href":"https:\/\/klasmann-deilmann.com\/es\/wp-json\/wp\/v2\/pages"}],"about":[{"href":"https:\/\/klasmann-deilmann.com\/es\/wp-json\/wp\/v2\/types\/page"}],"author":[{"embeddable":true,"href":"https:\/\/klasmann-deilmann.com\/es\/wp-json\/wp\/v2\/users\/7"}],"replies":[{"embeddable":true,"href":"https:\/\/klasmann-deilmann.com\/es\/wp-json\/wp\/v2\/comments?post=77403"}],"version-history":[{"count":13,"href":"https:\/\/klasmann-deilmann.com\/es\/wp-json\/wp\/v2\/pages\/77403\/revisions"}],"predecessor-version":[{"id":93444,"href":"https:\/\/klasmann-deilmann.com\/es\/wp-json\/wp\/v2\/pages\/77403\/revisions\/93444"}],"up":[{"embeddable":true,"href":"https:\/\/klasmann-deilmann.com\/es\/wp-json\/wp\/v2\/pages\/76147"}],"wp:attachment":[{"href":"https:\/\/klasmann-deilmann.com\/es\/wp-json\/wp\/v2\/media?parent=77403"}],"curies":[{"name":"wp","href":"https:\/\/api.w.org\/{rel}","templated":true}]}}