{"id":76801,"date":"2021-08-13T14:09:02","date_gmt":"2021-08-13T12:09:02","guid":{"rendered":"https:\/\/klasmann-deilmann.com\/ambitos-de-aplicacion\/plantas-forestales\/forestry-substrates\/"},"modified":"2023-05-11T16:49:15","modified_gmt":"2023-05-11T14:49:15","slug":"sustratos-forestales","status":"publish","type":"page","link":"https:\/\/klasmann-deilmann.com\/es\/ambitos-de-aplicacion\/plantas-forestales\/sustratos-forestales\/","title":{"rendered":"Sustratos forestales"},"content":{"rendered":"<div class=\"wpb-content-wrapper\">[vc_row][vc_column][kd_header_random_image_banner image=\u00bb34513&#8243;][\/kd_header_random_image_banner][\/vc_column][\/vc_row][vc_section el_id=\u00bbts1-fine-perlite\u00bb][vc_row][vc_column][vc_row_inner][vc_column_inner][kd_single_products productselect=\u00bb34748&#8243;][\/vc_column_inner][\/vc_row_inner][kd_accordion_custom color=\u00bbkdgreen\u00bb shape=\u00bbsquare\u00bb collapsible_all=\u00bbtrue\u00bb active_section=\u00bb99&#8243;][vc_tta_section title=\u00bbResultados del cultivo\u00bb tab_id=\u00bb1628165114477-64d9169a-06961628856745300&#8243;][vc_row_inner][vc_column_inner width=\u00bb1\/2&#8243;][vc_column_text el_class=\u00bbpluslist\u00bb]<img loading=\"lazy\" decoding=\"async\" class=\"alignnone wp-image-35408 size-full\" src=\"https:\/\/klasmann-deilmann.com\/wp-content\/uploads\/Larix-in-Tray-substrate_KDF.jpg\" alt=\"\" width=\"616\" height=\"798\" srcset=\"https:\/\/klasmann-deilmann.com\/wp-content\/uploads\/Larix-in-Tray-substrate_KDF.jpg 616w, https:\/\/klasmann-deilmann.com\/wp-content\/uploads\/Larix-in-Tray-substrate_KDF-232x300.jpg 232w\" sizes=\"auto, (max-width: 616px) 100vw, 616px\" \/>Plantaci\u00f3n en Francia[\/vc_column_text][\/vc_column_inner][vc_column_inner width=\u00bb1\/2&#8243;][\/vc_column_inner][\/vc_row_inner][\/vc_tta_section][\/kd_accordion_custom][\/vc_column][\/vc_row][\/vc_section][vc_section el_id=\u00bbts1-fine-greenfibre\u00bb][vc_row][vc_column][vc_row_inner][vc_column_inner][kd_single_products productselect=\u00bb34751&#8243;][\/vc_column_inner][\/vc_row_inner][kd_accordion_custom color=\u00bbkdgreen\u00bb shape=\u00bbsquare\u00bb gap=\u00bb20&#8243; collapsible_all=\u00bbtrue\u00bb active_section=\u00bb99&#8243;][vc_tta_section title=\u00bbResultados del cultivo\u00bb tab_id=\u00bb1628674548951-a11e7fae-f3e41628856745408&#8243;][vc_row_inner][vc_column_inner width=\u00bb1\/2&#8243;][vc_column_text el_class=\u00bbpluslist\u00bb]<img loading=\"lazy\" decoding=\"async\" width=\"640\" height=\"480\" class=\"alignnone size-full wp-image-35413\" src=\"\/wp-content\/uploads\/IMG_0942.jpg\" alt=\"\" srcset=\"https:\/\/klasmann-deilmann.com\/wp-content\/uploads\/IMG_0942.jpg 640w, https:\/\/klasmann-deilmann.com\/wp-content\/uploads\/IMG_0942-300x225.jpg 300w\" sizes=\"auto, (max-width: 640px) 100vw, 640px\" \/>[\/vc_column_text][\/vc_column_inner][vc_column_inner width=\u00bb1\/2&#8243;][vc_column_text]<img loading=\"lazy\" decoding=\"async\" width=\"640\" height=\"480\" class=\"alignnone size-full wp-image-35415\" src=\"\/wp-content\/uploads\/IMG_0929.jpg\" alt=\"\" srcset=\"https:\/\/klasmann-deilmann.com\/wp-content\/uploads\/IMG_0929.jpg 640w, https:\/\/klasmann-deilmann.com\/wp-content\/uploads\/IMG_0929-300x225.jpg 300w\" sizes=\"auto, (max-width: 640px) 100vw, 640px\" \/>[\/vc_column_text][\/vc_column_inner][\/vc_row_inner][vc_row_inner][vc_column_inner width=\u00bb1\/2&#8243;][vc_column_text]<img loading=\"lazy\" decoding=\"async\" width=\"640\" height=\"480\" class=\"alignnone size-full wp-image-35417\" src=\"\/wp-content\/uploads\/IMG_0945.jpg\" alt=\"\" srcset=\"https:\/\/klasmann-deilmann.com\/wp-content\/uploads\/IMG_0945.jpg 640w, https:\/\/klasmann-deilmann.com\/wp-content\/uploads\/IMG_0945-300x225.jpg 300w\" sizes=\"auto, (max-width: 640px) 100vw, 640px\" \/>Pinos y p\u00edceas cultivados en bandejas con TS 1 fino + GreenFibre\u00ae (f\u00f3rmula 6X3); plantaci\u00f3n en Escocia[\/vc_column_text][\/vc_column_inner][vc_column_inner width=\u00bb1\/2&#8243;][\/vc_column_inner][\/vc_row_inner][\/vc_tta_section][\/kd_accordion_custom][\/vc_column][\/vc_row][\/vc_section][vc_section el_id=\u00bbts3-fine-greenfibre\u00bb][vc_row][vc_column][vc_row_inner][vc_column_inner][kd_single_products productselect=\u00bb34752&#8243;][\/vc_column_inner][\/vc_row_inner][kd_accordion_custom color=\u00bbkdgreen\u00bb shape=\u00bbsquare\u00bb collapsible_all=\u00bbtrue\u00bb active_section=\u00bb99&#8243;][vc_tta_section title=\u00bbResultados del cultivo\u00bb tab_id=\u00bb1628674556501-d06cb20e-aa1c1628856471439&#8243;][vc_row_inner][vc_column_inner width=\u00bb1\/2&#8243;][vc_column_text]<img loading=\"lazy\" decoding=\"async\" class=\"alignnone wp-image-35420 size-full\" src=\"https:\/\/klasmann-deilmann.com\/wp-content\/uploads\/fruit_trees_in_paper_pots-01.jpg\" alt=\"\" width=\"640\" height=\"480\" srcset=\"https:\/\/klasmann-deilmann.com\/wp-content\/uploads\/fruit_trees_in_paper_pots-01.jpg 640w, https:\/\/klasmann-deilmann.com\/wp-content\/uploads\/fruit_trees_in_paper_pots-01-300x225.jpg 300w\" sizes=\"auto, (max-width: 640px) 100vw, 640px\" \/>\u00c1rboles frutales en macetas de papel para emplear en plantaciones (plantaci\u00f3n en Sud\u00e1frica)[\/vc_column_text][\/vc_column_inner][vc_column_inner width=\u00bb1\/2&#8243;][\/vc_column_inner][\/vc_row_inner][\/vc_tta_section][\/kd_accordion_custom][\/vc_column][\/vc_row][\/vc_section][vc_row css=\u00bb.vc_custom_1628596781167{margin-top: 70px !important;background-color: #414345 !important;}\u00bb][vc_column][vc_row_inner content_placement=\u00bbmiddle\u00bb][vc_column_inner width=\u00bb1\/2&#8243;][vc_column_text]<img loading=\"lazy\" decoding=\"async\" width=\"2560\" height=\"1788\" class=\"alignnone size-full wp-image-34601\" src=\"\/wp-content\/uploads\/organic-growing-1.jpg\" alt=\"\" srcset=\"https:\/\/klasmann-deilmann.com\/wp-content\/uploads\/organic-growing-1.jpg 2560w, https:\/\/klasmann-deilmann.com\/wp-content\/uploads\/organic-growing-1-300x210.jpg 300w, https:\/\/klasmann-deilmann.com\/wp-content\/uploads\/organic-growing-1-1024x715.jpg 1024w, https:\/\/klasmann-deilmann.com\/wp-content\/uploads\/organic-growing-1-768x536.jpg 768w, https:\/\/klasmann-deilmann.com\/wp-content\/uploads\/organic-growing-1-1536x1073.jpg 1536w, https:\/\/klasmann-deilmann.com\/wp-content\/uploads\/organic-growing-1-2048x1430.jpg 2048w\" sizes=\"auto, (max-width: 2560px) 100vw, 2560px\" \/>[\/vc_column_text][\/vc_column_inner][vc_column_inner width=\u00bb1\/2&#8243;][vc_column_text]<\/p>\n<h2 style=\"text-align: left;\">Cultivo org\u00e1nico:<\/h2>\n<h4>Si busca el sustrato adecuado para un cultivo org\u00e1nico, nuestros sustratos ProLine son la elecci\u00f3n perfecta. Se puede encontrar m\u00e1s informaci\u00f3n aqu\u00ed:<\/h4>\n<p>[\/vc_column_text][kd_download_button show_link_download1=\u00bblink\u00bb link1=\u00bburl:https%3A%2F%2Fklasmann-deilmann.com%2Fes%2Fproductos-y-soluciones%2Fsustratos-proline%2F|title:M%C3%A1s%20informaci%C3%B3n%20sobre%20ProLine\u00bb][\/vc_column_inner][\/vc_row_inner][\/vc_column][\/vc_row][vc_row css=\u00bb.vc_custom_1628596773135{padding-top: 70px !important;}\u00bb][vc_column][vc_row_inner content_placement=\u00bbmiddle\u00bb][vc_column_inner width=\u00bb1\/2&#8243;][vc_column_text]<\/p>\n<h2><strong>F\u00f3rmulas individuales:<\/strong><\/h2>\n<h4>Desde la propagaci\u00f3n hasta camas de plantaci\u00f3n, existen f\u00f3rmulas individuales para casi todos los \u00e1mbitos de aplicaci\u00f3n. Nuestra vasta experiencia asegura que podamos cumplir los requisitos f\u00edsicos y qu\u00edmicos exactos para sus productos hort\u00edcolas y su sistema de cultivo. Encuentre aqu\u00ed su contacto personal:<\/h4>\n<p>[\/vc_column_text][\/vc_column_inner][vc_column_inner width=\u00bb1\/2&#8243;][vc_column_text]<img loading=\"lazy\" decoding=\"async\" width=\"2560\" height=\"1707\" class=\"alignnone size-full wp-image-34604\" src=\"\/wp-content\/uploads\/individual_compositions.jpg\" alt=\"\" srcset=\"https:\/\/klasmann-deilmann.com\/wp-content\/uploads\/individual_compositions.jpg 2560w, https:\/\/klasmann-deilmann.com\/wp-content\/uploads\/individual_compositions-300x200.jpg 300w, https:\/\/klasmann-deilmann.com\/wp-content\/uploads\/individual_compositions-1024x683.jpg 1024w, https:\/\/klasmann-deilmann.com\/wp-content\/uploads\/individual_compositions-768x512.jpg 768w, https:\/\/klasmann-deilmann.com\/wp-content\/uploads\/individual_compositions-1536x1024.jpg 1536w, https:\/\/klasmann-deilmann.com\/wp-content\/uploads\/individual_compositions-2048x1366.jpg 2048w\" sizes=\"auto, (max-width: 2560px) 100vw, 2560px\" \/>[\/vc_column_text][\/vc_column_inner][\/vc_row_inner][\/vc_column][\/vc_row][vc_row css=\u00bb.vc_custom_1627485951011{padding-top: 50px !important;padding-bottom: 50px !important;}\u00bb][vc_column][kd_getintouch image=\u00bb32948&#8243;][\/vc_column][\/vc_row]<\/div>\n","protected":false},"excerpt":{"rendered":"<p>[vc_row][vc_column][kd_header_random_image_banner image=\u00bb34513&#8243;][\/kd_header_random_image_banner][\/vc_column][\/vc_row][vc_section el_id=\u00bbts1-fine-perlite\u00bb][vc_row][vc_column][vc_row_inner][vc_column_inner][kd_single_products productselect=\u00bb34748&#8243;][\/vc_column_inner][\/vc_row_inner][kd_accordion_custom color=\u00bbkdgreen\u00bb shape=\u00bbsquare\u00bb collapsible_all=\u00bbtrue\u00bb active_section=\u00bb99&#8243;][vc_tta_section title=\u00bbResultados del cultivo\u00bb tab_id=\u00bb1628165114477-64d9169a-06961628856745300&#8243;][vc_row_inner][vc_column_inner width=\u00bb1\/2&#8243;][vc_column_text el_class=\u00bbpluslist\u00bb]Plantaci\u00f3n en Francia[\/vc_column_text][\/vc_column_inner][vc_column_inner width=\u00bb1\/2&#8243;][\/vc_column_inner][\/vc_row_inner][\/vc_tta_section][\/kd_accordion_custom][\/vc_column][\/vc_row][\/vc_section][vc_section el_id=\u00bbts1-fine-greenfibre\u00bb][vc_row][vc_column][vc_row_inner][vc_column_inner][kd_single_products productselect=\u00bb34751&#8243;][\/vc_column_inner][\/vc_row_inner][kd_accordion_custom color=\u00bbkdgreen\u00bb shape=\u00bbsquare\u00bb gap=\u00bb20&#8243; collapsible_all=\u00bbtrue\u00bb active_section=\u00bb99&#8243;][vc_tta_section title=\u00bbResultados del cultivo\u00bb tab_id=\u00bb1628674548951-a11e7fae-f3e41628856745408&#8243;][vc_row_inner][vc_column_inner width=\u00bb1\/2&#8243;][vc_column_text el_class=\u00bbpluslist\u00bb][\/vc_column_text][\/vc_column_inner][vc_column_inner width=\u00bb1\/2&#8243;][vc_column_text][\/vc_column_text][\/vc_column_inner][\/vc_row_inner][vc_row_inner][vc_column_inner width=\u00bb1\/2&#8243;][vc_column_text]Pinos y p\u00edceas cultivados en bandejas con TS 1 fino + GreenFibre\u00ae (f\u00f3rmula 6X3); plantaci\u00f3n en Escocia[\/vc_column_text][\/vc_column_inner][vc_column_inner width=\u00bb1\/2&#8243;][\/vc_column_inner][\/vc_row_inner][\/vc_tta_section][\/kd_accordion_custom][\/vc_column][\/vc_row][\/vc_section][vc_section el_id=\u00bbts3-fine-greenfibre\u00bb][vc_row][vc_column][vc_row_inner][vc_column_inner][kd_single_products productselect=\u00bb34752&#8243;][\/vc_column_inner][\/vc_row_inner][kd_accordion_custom color=\u00bbkdgreen\u00bb shape=\u00bbsquare\u00bb collapsible_all=\u00bbtrue\u00bb active_section=\u00bb99&#8243;][vc_tta_section title=\u00bbResultados del cultivo\u00bb tab_id=\u00bb1628674556501-d06cb20e-aa1c1628856471439&#8243;][vc_row_inner][vc_column_inner width=\u00bb1\/2&#8243;][vc_column_text]\u00c1rboles frutales en macetas de papel para emplear en plantaciones (plantaci\u00f3n en Sud\u00e1frica)[\/vc_column_text][\/vc_column_inner][vc_column_inner width=\u00bb1\/2&#8243;][\/vc_column_inner][\/vc_row_inner][\/vc_tta_section][\/kd_accordion_custom][\/vc_column][\/vc_row][\/vc_section][vc_row css=\u00bb.vc_custom_1628596781167{margin-top: 70px !important;background-color: #414345 !important;}\u00bb][vc_column][vc_row_inner content_placement=\u00bbmiddle\u00bb][vc_column_inner width=\u00bb1\/2&#8243;][vc_column_text][\/vc_column_text][\/vc_column_inner][vc_column_inner<\/p>\n","protected":false},"author":7,"featured_media":0,"parent":76798,"menu_order":153,"comment_status":"closed","ping_status":"closed","template":"","meta":{"_acf_changed":false,"inline_featured_image":false,"footnotes":""},"class_list":["post-76801","page","type-page","status-publish","hentry"],"acf":[],"yoast_head":"<!-- This site is optimized with the Yoast SEO plugin v27.3 - https:\/\/yoast.com\/product\/yoast-seo-wordpress\/ -->\n<title>Sustratos forestales - Klasmann-Deilmann<\/title>\n<meta name=\"robots\" content=\"index, follow, max-snippet:-1, max-image-preview:large, max-video-preview:-1\" \/>\n<link rel=\"canonical\" href=\"https:\/\/klasmann-deilmann.com\/es\/ambitos-de-aplicacion\/plantas-forestales\/sustratos-forestales\/\" \/>\n<meta property=\"og:locale\" content=\"es_ES\" \/>\n<meta property=\"og:type\" content=\"article\" \/>\n<meta property=\"og:title\" content=\"Sustratos forestales - Klasmann-Deilmann\" \/>\n<meta property=\"og:description\" content=\"[vc_row][vc_column][kd_header_random_image_banner image=\u00bb34513&#8243;][\/kd_header_random_image_banner][\/vc_column][\/vc_row][vc_section el_id=\u00bbts1-fine-perlite\u00bb][vc_row][vc_column][vc_row_inner][vc_column_inner][kd_single_products productselect=\u00bb34748&#8243;][\/vc_column_inner][\/vc_row_inner][kd_accordion_custom color=\u00bbkdgreen\u00bb shape=\u00bbsquare\u00bb collapsible_all=\u00bbtrue\u00bb active_section=\u00bb99&#8243;][vc_tta_section title=\u00bbResultados del cultivo\u00bb tab_id=\u00bb1628165114477-64d9169a-06961628856745300&#8243;][vc_row_inner][vc_column_inner width=\u00bb1\/2&#8243;][vc_column_text el_class=\u00bbpluslist\u00bb]Plantaci\u00f3n en Francia[\/vc_column_text][\/vc_column_inner][vc_column_inner width=\u00bb1\/2&#8243;][\/vc_column_inner][\/vc_row_inner][\/vc_tta_section][\/kd_accordion_custom][\/vc_column][\/vc_row][\/vc_section][vc_section el_id=\u00bbts1-fine-greenfibre\u00bb][vc_row][vc_column][vc_row_inner][vc_column_inner][kd_single_products productselect=\u00bb34751&#8243;][\/vc_column_inner][\/vc_row_inner][kd_accordion_custom color=\u00bbkdgreen\u00bb shape=\u00bbsquare\u00bb gap=\u00bb20&#8243; collapsible_all=\u00bbtrue\u00bb active_section=\u00bb99&#8243;][vc_tta_section title=\u00bbResultados del cultivo\u00bb tab_id=\u00bb1628674548951-a11e7fae-f3e41628856745408&#8243;][vc_row_inner][vc_column_inner width=\u00bb1\/2&#8243;][vc_column_text el_class=\u00bbpluslist\u00bb][\/vc_column_text][\/vc_column_inner][vc_column_inner width=\u00bb1\/2&#8243;][vc_column_text][\/vc_column_text][\/vc_column_inner][\/vc_row_inner][vc_row_inner][vc_column_inner width=\u00bb1\/2&#8243;][vc_column_text]Pinos y p\u00edceas cultivados en bandejas con TS 1 fino + GreenFibre\u00ae (f\u00f3rmula 6X3); plantaci\u00f3n en Escocia[\/vc_column_text][\/vc_column_inner][vc_column_inner width=\u00bb1\/2&#8243;][\/vc_column_inner][\/vc_row_inner][\/vc_tta_section][\/kd_accordion_custom][\/vc_column][\/vc_row][\/vc_section][vc_section el_id=\u00bbts3-fine-greenfibre\u00bb][vc_row][vc_column][vc_row_inner][vc_column_inner][kd_single_products productselect=\u00bb34752&#8243;][\/vc_column_inner][\/vc_row_inner][kd_accordion_custom color=\u00bbkdgreen\u00bb shape=\u00bbsquare\u00bb collapsible_all=\u00bbtrue\u00bb active_section=\u00bb99&#8243;][vc_tta_section title=\u00bbResultados del cultivo\u00bb tab_id=\u00bb1628674556501-d06cb20e-aa1c1628856471439&#8243;][vc_row_inner][vc_column_inner width=\u00bb1\/2&#8243;][vc_column_text]\u00c1rboles frutales en macetas de papel para emplear en plantaciones (plantaci\u00f3n en Sud\u00e1frica)[\/vc_column_text][\/vc_column_inner][vc_column_inner width=\u00bb1\/2&#8243;][\/vc_column_inner][\/vc_row_inner][\/vc_tta_section][\/kd_accordion_custom][\/vc_column][\/vc_row][\/vc_section][vc_row css=\u00bb.vc_custom_1628596781167{margin-top: 70px !important;background-color: #414345 !important;}\u00bb][vc_column][vc_row_inner content_placement=\u00bbmiddle\u00bb][vc_column_inner width=\u00bb1\/2&#8243;][vc_column_text][\/vc_column_text][\/vc_column_inner][vc_column_inner\" \/>\n<meta property=\"og:url\" content=\"https:\/\/klasmann-deilmann.com\/es\/ambitos-de-aplicacion\/plantas-forestales\/sustratos-forestales\/\" \/>\n<meta property=\"og:site_name\" content=\"Klasmann-Deilmann\" \/>\n<meta property=\"article:modified_time\" content=\"2023-05-11T14:49:15+00:00\" \/>\n<meta property=\"og:image\" content=\"https:\/\/klasmann-deilmann.com\/wp-content\/uploads\/Larix-in-Tray-substrate_KDF.jpg\" \/>\n<meta name=\"twitter:card\" content=\"summary_large_image\" \/>\n<meta name=\"twitter:label1\" content=\"Tiempo de lectura\" \/>\n\t<meta name=\"twitter:data1\" content=\"3 minutos\" \/>\n<script type=\"application\/ld+json\" class=\"yoast-schema-graph\">{\"@context\":\"https:\\\/\\\/schema.org\",\"@graph\":[{\"@type\":\"WebPage\",\"@id\":\"https:\\\/\\\/klasmann-deilmann.com\\\/es\\\/ambitos-de-aplicacion\\\/plantas-forestales\\\/sustratos-forestales\\\/\",\"url\":\"https:\\\/\\\/klasmann-deilmann.com\\\/es\\\/ambitos-de-aplicacion\\\/plantas-forestales\\\/sustratos-forestales\\\/\",\"name\":\"Sustratos forestales - Klasmann-Deilmann\",\"isPartOf\":{\"@id\":\"https:\\\/\\\/klasmann-deilmann.com\\\/en\\\/#website\"},\"primaryImageOfPage\":{\"@id\":\"https:\\\/\\\/klasmann-deilmann.com\\\/es\\\/ambitos-de-aplicacion\\\/plantas-forestales\\\/sustratos-forestales\\\/#primaryimage\"},\"image\":{\"@id\":\"https:\\\/\\\/klasmann-deilmann.com\\\/es\\\/ambitos-de-aplicacion\\\/plantas-forestales\\\/sustratos-forestales\\\/#primaryimage\"},\"thumbnailUrl\":\"https:\\\/\\\/klasmann-deilmann.com\\\/wp-content\\\/uploads\\\/Larix-in-Tray-substrate_KDF.jpg\",\"datePublished\":\"2021-08-13T12:09:02+00:00\",\"dateModified\":\"2023-05-11T14:49:15+00:00\",\"breadcrumb\":{\"@id\":\"https:\\\/\\\/klasmann-deilmann.com\\\/es\\\/ambitos-de-aplicacion\\\/plantas-forestales\\\/sustratos-forestales\\\/#breadcrumb\"},\"inLanguage\":\"es\",\"potentialAction\":[{\"@type\":\"ReadAction\",\"target\":[\"https:\\\/\\\/klasmann-deilmann.com\\\/es\\\/ambitos-de-aplicacion\\\/plantas-forestales\\\/sustratos-forestales\\\/\"]}]},{\"@type\":\"ImageObject\",\"inLanguage\":\"es\",\"@id\":\"https:\\\/\\\/klasmann-deilmann.com\\\/es\\\/ambitos-de-aplicacion\\\/plantas-forestales\\\/sustratos-forestales\\\/#primaryimage\",\"url\":\"https:\\\/\\\/klasmann-deilmann.com\\\/wp-content\\\/uploads\\\/Larix-in-Tray-substrate_KDF.jpg\",\"contentUrl\":\"https:\\\/\\\/klasmann-deilmann.com\\\/wp-content\\\/uploads\\\/Larix-in-Tray-substrate_KDF.jpg\"},{\"@type\":\"BreadcrumbList\",\"@id\":\"https:\\\/\\\/klasmann-deilmann.com\\\/es\\\/ambitos-de-aplicacion\\\/plantas-forestales\\\/sustratos-forestales\\\/#breadcrumb\",\"itemListElement\":[{\"@type\":\"ListItem\",\"position\":1,\"name\":\"Home\",\"item\":\"https:\\\/\\\/klasmann-deilmann.com\\\/es\\\/\"},{\"@type\":\"ListItem\",\"position\":2,\"name\":\"\u00c1mbitos de aplicaci\u00f3n\",\"item\":\"https:\\\/\\\/klasmann-deilmann.com\\\/es\\\/ambitos-de-aplicacion\\\/\"},{\"@type\":\"ListItem\",\"position\":3,\"name\":\"Plantas forestales\",\"item\":\"https:\\\/\\\/klasmann-deilmann.com\\\/es\\\/ambitos-de-aplicacion\\\/plantas-forestales\\\/\"},{\"@type\":\"ListItem\",\"position\":4,\"name\":\"Sustratos forestales\"}]},{\"@type\":\"WebSite\",\"@id\":\"https:\\\/\\\/klasmann-deilmann.com\\\/en\\\/#website\",\"url\":\"https:\\\/\\\/klasmann-deilmann.com\\\/en\\\/\",\"name\":\"Klasmann-Deilmann\",\"description\":\"\",\"potentialAction\":[{\"@type\":\"SearchAction\",\"target\":{\"@type\":\"EntryPoint\",\"urlTemplate\":\"https:\\\/\\\/klasmann-deilmann.com\\\/en\\\/?s={search_term_string}\"},\"query-input\":{\"@type\":\"PropertyValueSpecification\",\"valueRequired\":true,\"valueName\":\"search_term_string\"}}],\"inLanguage\":\"es\"}]}<\/script>\n<!-- \/ Yoast SEO plugin. -->","yoast_head_json":{"title":"Sustratos forestales - Klasmann-Deilmann","robots":{"index":"index","follow":"follow","max-snippet":"max-snippet:-1","max-image-preview":"max-image-preview:large","max-video-preview":"max-video-preview:-1"},"canonical":"https:\/\/klasmann-deilmann.com\/es\/ambitos-de-aplicacion\/plantas-forestales\/sustratos-forestales\/","og_locale":"es_ES","og_type":"article","og_title":"Sustratos forestales - Klasmann-Deilmann","og_description":"[vc_row][vc_column][kd_header_random_image_banner image=\u00bb34513&#8243;][\/kd_header_random_image_banner][\/vc_column][\/vc_row][vc_section el_id=\u00bbts1-fine-perlite\u00bb][vc_row][vc_column][vc_row_inner][vc_column_inner][kd_single_products productselect=\u00bb34748&#8243;][\/vc_column_inner][\/vc_row_inner][kd_accordion_custom color=\u00bbkdgreen\u00bb shape=\u00bbsquare\u00bb collapsible_all=\u00bbtrue\u00bb active_section=\u00bb99&#8243;][vc_tta_section title=\u00bbResultados del cultivo\u00bb tab_id=\u00bb1628165114477-64d9169a-06961628856745300&#8243;][vc_row_inner][vc_column_inner width=\u00bb1\/2&#8243;][vc_column_text el_class=\u00bbpluslist\u00bb]Plantaci\u00f3n en Francia[\/vc_column_text][\/vc_column_inner][vc_column_inner width=\u00bb1\/2&#8243;][\/vc_column_inner][\/vc_row_inner][\/vc_tta_section][\/kd_accordion_custom][\/vc_column][\/vc_row][\/vc_section][vc_section el_id=\u00bbts1-fine-greenfibre\u00bb][vc_row][vc_column][vc_row_inner][vc_column_inner][kd_single_products productselect=\u00bb34751&#8243;][\/vc_column_inner][\/vc_row_inner][kd_accordion_custom color=\u00bbkdgreen\u00bb shape=\u00bbsquare\u00bb gap=\u00bb20&#8243; collapsible_all=\u00bbtrue\u00bb active_section=\u00bb99&#8243;][vc_tta_section title=\u00bbResultados del cultivo\u00bb tab_id=\u00bb1628674548951-a11e7fae-f3e41628856745408&#8243;][vc_row_inner][vc_column_inner width=\u00bb1\/2&#8243;][vc_column_text el_class=\u00bbpluslist\u00bb][\/vc_column_text][\/vc_column_inner][vc_column_inner width=\u00bb1\/2&#8243;][vc_column_text][\/vc_column_text][\/vc_column_inner][\/vc_row_inner][vc_row_inner][vc_column_inner width=\u00bb1\/2&#8243;][vc_column_text]Pinos y p\u00edceas cultivados en bandejas con TS 1 fino + GreenFibre\u00ae (f\u00f3rmula 6X3); plantaci\u00f3n en Escocia[\/vc_column_text][\/vc_column_inner][vc_column_inner width=\u00bb1\/2&#8243;][\/vc_column_inner][\/vc_row_inner][\/vc_tta_section][\/kd_accordion_custom][\/vc_column][\/vc_row][\/vc_section][vc_section el_id=\u00bbts3-fine-greenfibre\u00bb][vc_row][vc_column][vc_row_inner][vc_column_inner][kd_single_products productselect=\u00bb34752&#8243;][\/vc_column_inner][\/vc_row_inner][kd_accordion_custom color=\u00bbkdgreen\u00bb shape=\u00bbsquare\u00bb collapsible_all=\u00bbtrue\u00bb active_section=\u00bb99&#8243;][vc_tta_section title=\u00bbResultados del cultivo\u00bb tab_id=\u00bb1628674556501-d06cb20e-aa1c1628856471439&#8243;][vc_row_inner][vc_column_inner width=\u00bb1\/2&#8243;][vc_column_text]\u00c1rboles frutales en macetas de papel para emplear en plantaciones (plantaci\u00f3n en Sud\u00e1frica)[\/vc_column_text][\/vc_column_inner][vc_column_inner width=\u00bb1\/2&#8243;][\/vc_column_inner][\/vc_row_inner][\/vc_tta_section][\/kd_accordion_custom][\/vc_column][\/vc_row][\/vc_section][vc_row css=\u00bb.vc_custom_1628596781167{margin-top: 70px !important;background-color: #414345 !important;}\u00bb][vc_column][vc_row_inner content_placement=\u00bbmiddle\u00bb][vc_column_inner width=\u00bb1\/2&#8243;][vc_column_text][\/vc_column_text][\/vc_column_inner][vc_column_inner","og_url":"https:\/\/klasmann-deilmann.com\/es\/ambitos-de-aplicacion\/plantas-forestales\/sustratos-forestales\/","og_site_name":"Klasmann-Deilmann","article_modified_time":"2023-05-11T14:49:15+00:00","og_image":[{"url":"https:\/\/klasmann-deilmann.com\/wp-content\/uploads\/Larix-in-Tray-substrate_KDF.jpg","type":"","width":"","height":""}],"twitter_card":"summary_large_image","twitter_misc":{"Tiempo de lectura":"3 minutos"},"schema":{"@context":"https:\/\/schema.org","@graph":[{"@type":"WebPage","@id":"https:\/\/klasmann-deilmann.com\/es\/ambitos-de-aplicacion\/plantas-forestales\/sustratos-forestales\/","url":"https:\/\/klasmann-deilmann.com\/es\/ambitos-de-aplicacion\/plantas-forestales\/sustratos-forestales\/","name":"Sustratos forestales - Klasmann-Deilmann","isPartOf":{"@id":"https:\/\/klasmann-deilmann.com\/en\/#website"},"primaryImageOfPage":{"@id":"https:\/\/klasmann-deilmann.com\/es\/ambitos-de-aplicacion\/plantas-forestales\/sustratos-forestales\/#primaryimage"},"image":{"@id":"https:\/\/klasmann-deilmann.com\/es\/ambitos-de-aplicacion\/plantas-forestales\/sustratos-forestales\/#primaryimage"},"thumbnailUrl":"https:\/\/klasmann-deilmann.com\/wp-content\/uploads\/Larix-in-Tray-substrate_KDF.jpg","datePublished":"2021-08-13T12:09:02+00:00","dateModified":"2023-05-11T14:49:15+00:00","breadcrumb":{"@id":"https:\/\/klasmann-deilmann.com\/es\/ambitos-de-aplicacion\/plantas-forestales\/sustratos-forestales\/#breadcrumb"},"inLanguage":"es","potentialAction":[{"@type":"ReadAction","target":["https:\/\/klasmann-deilmann.com\/es\/ambitos-de-aplicacion\/plantas-forestales\/sustratos-forestales\/"]}]},{"@type":"ImageObject","inLanguage":"es","@id":"https:\/\/klasmann-deilmann.com\/es\/ambitos-de-aplicacion\/plantas-forestales\/sustratos-forestales\/#primaryimage","url":"https:\/\/klasmann-deilmann.com\/wp-content\/uploads\/Larix-in-Tray-substrate_KDF.jpg","contentUrl":"https:\/\/klasmann-deilmann.com\/wp-content\/uploads\/Larix-in-Tray-substrate_KDF.jpg"},{"@type":"BreadcrumbList","@id":"https:\/\/klasmann-deilmann.com\/es\/ambitos-de-aplicacion\/plantas-forestales\/sustratos-forestales\/#breadcrumb","itemListElement":[{"@type":"ListItem","position":1,"name":"Home","item":"https:\/\/klasmann-deilmann.com\/es\/"},{"@type":"ListItem","position":2,"name":"\u00c1mbitos de aplicaci\u00f3n","item":"https:\/\/klasmann-deilmann.com\/es\/ambitos-de-aplicacion\/"},{"@type":"ListItem","position":3,"name":"Plantas forestales","item":"https:\/\/klasmann-deilmann.com\/es\/ambitos-de-aplicacion\/plantas-forestales\/"},{"@type":"ListItem","position":4,"name":"Sustratos forestales"}]},{"@type":"WebSite","@id":"https:\/\/klasmann-deilmann.com\/en\/#website","url":"https:\/\/klasmann-deilmann.com\/en\/","name":"Klasmann-Deilmann","description":"","potentialAction":[{"@type":"SearchAction","target":{"@type":"EntryPoint","urlTemplate":"https:\/\/klasmann-deilmann.com\/en\/?s={search_term_string}"},"query-input":{"@type":"PropertyValueSpecification","valueRequired":true,"valueName":"search_term_string"}}],"inLanguage":"es"}]}},"_links":{"self":[{"href":"https:\/\/klasmann-deilmann.com\/es\/wp-json\/wp\/v2\/pages\/76801","targetHints":{"allow":["GET"]}}],"collection":[{"href":"https:\/\/klasmann-deilmann.com\/es\/wp-json\/wp\/v2\/pages"}],"about":[{"href":"https:\/\/klasmann-deilmann.com\/es\/wp-json\/wp\/v2\/types\/page"}],"author":[{"embeddable":true,"href":"https:\/\/klasmann-deilmann.com\/es\/wp-json\/wp\/v2\/users\/7"}],"replies":[{"embeddable":true,"href":"https:\/\/klasmann-deilmann.com\/es\/wp-json\/wp\/v2\/comments?post=76801"}],"version-history":[{"count":2,"href":"https:\/\/klasmann-deilmann.com\/es\/wp-json\/wp\/v2\/pages\/76801\/revisions"}],"predecessor-version":[{"id":76803,"href":"https:\/\/klasmann-deilmann.com\/es\/wp-json\/wp\/v2\/pages\/76801\/revisions\/76803"}],"up":[{"embeddable":true,"href":"https:\/\/klasmann-deilmann.com\/es\/wp-json\/wp\/v2\/pages\/76798"}],"wp:attachment":[{"href":"https:\/\/klasmann-deilmann.com\/es\/wp-json\/wp\/v2\/media?parent=76801"}],"curies":[{"name":"wp","href":"https:\/\/api.w.org\/{rel}","templated":true}]}}