{"id":76798,"date":"2021-07-29T13:04:10","date_gmt":"2021-07-29T11:04:10","guid":{"rendered":"https:\/\/klasmann-deilmann.com\/ambitos-de-aplicacion\/forestry-plants\/"},"modified":"2023-05-11T16:50:20","modified_gmt":"2023-05-11T14:50:20","slug":"plantas-forestales","status":"publish","type":"page","link":"https:\/\/klasmann-deilmann.com\/es\/ambitos-de-aplicacion\/plantas-forestales\/","title":{"rendered":"Plantas forestales"},"content":{"rendered":"<div class=\"wpb-content-wrapper\">\n<p>[vc_row][vc_column][kd_header_random_image_banner image=\u00bb34513&#8243;][\/kd_header_random_image_banner][\/vc_column][\/vc_row][vc_row css=\u00bb.vc_custom_1627996958238{padding-bottom: 50px !important;}\u00bb][vc_column][vc_row_inner][vc_column_inner][vc_column_text]<\/p>\n<h2>Sustratos ADVANCED para plantas forestales<\/h2>\n<p>[\/vc_column_text][\/vc_column_inner][\/vc_row_inner][vc_row_inner][vc_column_inner][vc_column_text]<\/p>\n<h3>Plantones forestales superiores cultivados en bandejas<\/h3>\n<p>[\/vc_column_text][\/vc_column_inner][vc_column_inner width=\u00bb1\/2&#8243;][vc_column_text]El cultivo de plantones forestales robustos y de alta calidad se est\u00e1 convirtiendo en un sector cada vez m\u00e1s importante. Si bien las pl\u00e1ntulas forestales normalmente sol\u00edan cultivarse directamente en el suelo como plantas a partir de la semilla, entretanto se ha producido un giro hacia los plantones cultivados en bandejas de alv\u00e9olos. Hay varios motivos para este cambio: el cultivo protegido permite obtener unos plantones de r\u00e1pido crecimiento, sanos y muy homog\u00e9neos con m\u00e1s bajas tasas de mortalidad. Estos plantones se emplean para agrandar la ventana de trasplante en el bosque y permiten plantar en zonas con condiciones de crecimiento complicadas, debido a la altitud, las temperaturas, etc.<br \/>\nHemos desarrollado sustratos adecuados para satisfacer los requisitos de con\u00edferas (como p\u00edcea, pino, abeto de Douglas, etc.) y frondosas (como haya, eucalipto, etc.). Tambi\u00e9n se dispone de sustratos de cultivo adecuados, as\u00ed como material espec\u00edfico para abonado de cobertura en cultivos de plantaci\u00f3n, como cafetales y bananeras.<br \/>\n[\/vc_column_text][\/vc_column_inner][vc_column_inner width=\u00bb1\/2&#8243;][vc_column_text]Los sustratos de propagaci\u00f3n ADVANCED para silvicultura y cultivos de plantaci\u00f3n est\u00e1n listos para usar y est\u00e1n basados en turba rubia estructuralmente estable con una baja proporci\u00f3n de part\u00edculas finas, perlita y GreenFibre\u00ae. Una fertilizaci\u00f3n de base muy precisa y uniforme y el ajuste del pH pueden ser adaptados a las necesidades de cualquier planta y producir plantones muy sanos y homog\u00e9neos para un desarrollo excelente una vez son trasplantados en el bosque. Los sustratos de propagaci\u00f3n ADVANCED aseguran una buena aireaci\u00f3n, un mejor desarrollo radicular y una reducci\u00f3n de las emisiones de carbono.<\/p>\n<p>Simplemente ADVANCED<\/p>\n<p>[\/vc_column_text][\/vc_column_inner][\/vc_row_inner][\/vc_column][\/vc_row][vc_section css=\u00bb.vc_custom_1628168027406{margin-top: -60px !important;}\u00bb][vc_row][vc_column width=\u00bb1\/2&#8243;][kd_accordion_custom color=\u00bbkdlightgray\u00bb shape=\u00bbsquare\u00bb collapsible_all=\u00bbtrue\u00bb active_section=\u00bb99&#8243;][vc_tta_section title=\u00bbTS1 fino + 15\u2009% perlita (419)\u00bb tab_id=\u00bb1628162971202-49d2226f-6c6616287552300511628856064683&#8243;][vc_row_inner][vc_column_inner width=\u00bb1\/2&#8243; css=\u00bb.vc_custom_1628232877073{padding-left: 30px !important;}\u00bb][vc_column_text]<img loading=\"lazy\" decoding=\"async\" width=\"1389\" height=\"1659\" class=\"alignnone size-full wp-image-33168\" src=\"\/wp-content\/uploads\/kd_ts1_packshot_220922.png\" alt=\"\" srcset=\"https:\/\/klasmann-deilmann.com\/wp-content\/uploads\/kd_ts1_packshot_220922.png 1389w, https:\/\/klasmann-deilmann.com\/wp-content\/uploads\/kd_ts1_packshot_220922-251x300.png 251w, https:\/\/klasmann-deilmann.com\/wp-content\/uploads\/kd_ts1_packshot_220922-857x1024.png 857w, https:\/\/klasmann-deilmann.com\/wp-content\/uploads\/kd_ts1_packshot_220922-768x917.png 768w, https:\/\/klasmann-deilmann.com\/wp-content\/uploads\/kd_ts1_packshot_220922-1286x1536.png 1286w\" sizes=\"auto, (max-width: 1389px) 100vw, 1389px\" \/>[\/vc_column_text][\/vc_column_inner][vc_column_inner width=\u00bb1\/2&#8243; css=\u00bb.vc_custom_1628232893555{padding-top: 60px !important;}\u00bb][vc_column_text el_class=\u00bbpluslist\u00bb]<\/p>\n<ul>\n<li>Caracter\u00edsticas: extraligero, suelto, con drenaje mejorado<\/li>\n<li>Se usa para: pl\u00e1ntulas de verduras, plantones de tabaco, plantones forestales<\/li>\n<\/ul>\n<p>[\/vc_column_text][kd_download_button show_link_download1=\u00bblink\u00bb link1=\u00bburl:https%3A%2F%2Fklasmann-deilmann.com%2Fes%2Fambitos-de-aplicacion%2Fplantas-forestales%2Fsustratos-forestales%2F%23ts1-fine-perlite|title:M%C3%A1s%20informaci%C3%B3n\u00bb][\/vc_column_inner][\/vc_row_inner][\/vc_tta_section][\/kd_accordion_custom][kd_accordion_custom color=\u00bbkdlightgray\u00bb shape=\u00bbsquare\u00bb collapsible_all=\u00bbtrue\u00bb active_section=\u00bb99&#8243;][vc_tta_section title=\u00bbTS 3 fino + 20\u2009% GreenFibre\u00ae (5Q4)\u00bb tab_id=\u00bb1628170515775-2dca5936-cf1a16286080902781628856179516&#8243;][vc_row_inner][vc_column_inner width=\u00bb1\/2&#8243;][vc_column_text]<img loading=\"lazy\" decoding=\"async\" width=\"1389\" height=\"1659\" class=\"alignnone size-full wp-image-33108\" src=\"\/wp-content\/uploads\/kd_ts3_packshot.png\" alt=\"\" srcset=\"https:\/\/klasmann-deilmann.com\/wp-content\/uploads\/kd_ts3_packshot.png 1389w, https:\/\/klasmann-deilmann.com\/wp-content\/uploads\/kd_ts3_packshot-251x300.png 251w, https:\/\/klasmann-deilmann.com\/wp-content\/uploads\/kd_ts3_packshot-857x1024.png 857w, https:\/\/klasmann-deilmann.com\/wp-content\/uploads\/kd_ts3_packshot-768x917.png 768w, https:\/\/klasmann-deilmann.com\/wp-content\/uploads\/kd_ts3_packshot-1286x1536.png 1286w\" sizes=\"auto, (max-width: 1389px) 100vw, 1389px\" \/>[\/vc_column_text][\/vc_column_inner][vc_column_inner width=\u00bb1\/2&#8243; css=\u00bb.vc_custom_1628233129626{padding-top: 60px !important;}\u00bb][vc_column_text el_class=\u00bbpluslist\u00bb]<\/p>\n<ul>\n<li>Caracter\u00edsticas: buena retenci\u00f3n de agua combinada con una porosidad mejorada<\/li>\n<li>Se usa para: pl\u00e1ntulas de verduras y plantas ornamentales, plantones forestales<\/li>\n<\/ul>\n<p>[\/vc_column_text][kd_download_button show_link_download1=\u00bblink\u00bb link1=\u00bburl:https%3A%2F%2Fklasmann-deilmann.com%2Fes%2Fambitos-de-aplicacion%2Fplantas-forestales%2Fsustratos-forestales%2F%23ts3-fine-greenfibre|title:M%C3%A1s%20informaci%C3%B3n\u00bb][\/vc_column_inner][\/vc_row_inner][\/vc_tta_section][\/kd_accordion_custom][\/vc_column][vc_column width=\u00bb1\/2&#8243;][kd_accordion_custom color=\u00bbkdlightgray\u00bb shape=\u00bbsquare\u00bb collapsible_all=\u00bbtrue\u00bb active_section=\u00bb99&#8243;][vc_tta_section title=\u00bbTS 1 fino + GreenFibre\u00ae (6X3)\u00bb tab_id=\u00bb1628162998315-53b4ac56-49b016286080902781628856129352&#8243;][vc_row_inner][vc_column_inner width=\u00bb1\/2&#8243; css=\u00bb.vc_custom_1628232967494{padding-left: 30px !important;}\u00bb][vc_column_text]<img loading=\"lazy\" decoding=\"async\" width=\"1389\" height=\"1659\" class=\"alignnone size-full wp-image-33168\" src=\"\/wp-content\/uploads\/kd_ts1_packshot_220922.png\" alt=\"\" srcset=\"https:\/\/klasmann-deilmann.com\/wp-content\/uploads\/kd_ts1_packshot_220922.png 1389w, https:\/\/klasmann-deilmann.com\/wp-content\/uploads\/kd_ts1_packshot_220922-251x300.png 251w, https:\/\/klasmann-deilmann.com\/wp-content\/uploads\/kd_ts1_packshot_220922-857x1024.png 857w, https:\/\/klasmann-deilmann.com\/wp-content\/uploads\/kd_ts1_packshot_220922-768x917.png 768w, https:\/\/klasmann-deilmann.com\/wp-content\/uploads\/kd_ts1_packshot_220922-1286x1536.png 1286w\" sizes=\"auto, (max-width: 1389px) 100vw, 1389px\" \/>[\/vc_column_text][\/vc_column_inner][vc_column_inner width=\u00bb1\/2&#8243; css=\u00bb.vc_custom_1628233009402{padding-top: 60px !important;}\u00bb][vc_column_text el_class=\u00bbpluslist\u00bb]<\/p>\n<ul>\n<li>Caracter\u00edsticas: sustrato para plantones extraligero y suelto. Adecuado para l\u00edneas de llenado autom\u00e1tico<\/li>\n<li>Se usa para: pl\u00e1ntulas de verduras y plantas ornamentales, plantones forestales<\/li>\n<\/ul>\n<p>[\/vc_column_text][kd_download_button show_link_download1=\u00bblink\u00bb link1=\u00bburl:https%3A%2F%2Fklasmann-deilmann.com%2Fes%2Fambitos-de-aplicacion%2Fplantas-forestales%2Fsustratos-forestales%2F%23ts1-fine-greenfibre|title:M%C3%A1s%20informaci%C3%B3n\u00bb][\/vc_column_inner][\/vc_row_inner][\/vc_tta_section][\/kd_accordion_custom][kd_download_button show_link_download1=\u00bbdownload\u00bb download1=\u00bb36743&#8243; showinpdfreader=\u00bbtrue\u00bb][\/vc_column][\/vc_row][\/vc_section][vc_row css=\u00bb.vc_custom_1628856336833{margin-top: 70px !important;}\u00bb][vc_column][vc_row_inner][vc_column_inner width=\u00bb1\/2&#8243;][vc_column_text]<\/p>\n<h2>Sea innovador. Sea ADVANCED.<\/h2>\n<p>[\/vc_column_text][vc_column_text]Nuestra GreenFibre\u00ae fina se trata en molinos especiales para obtener una estructura espec\u00edfica extrafina muy suelta. Esto asegura una mezcla perfecta y una distribuci\u00f3n homog\u00e9nea en el sustrato de propagaci\u00f3n. GreenFibre\u00ae abre nuevas posibilidades y ha llevado a un nuevo concepto para nuestros sustratos de propagaci\u00f3n. Se recomienda ya una proporci\u00f3n de entre el 15\u2009% y el 20\u2009% del volumen. El balance de nitr\u00f3geno de GreenFibre\u00ae es muy estable y un r\u00e9gimen alimenticio regular arroja buenos resultados de cultivo. Se obtienen resultados de crecimiento ideales con un programa de alimentaci\u00f3n l\u00edquida a base de nitratos.[\/vc_column_text][kd_download_button show_link_download1=\u00bblink\u00bb link1=\u00bburl:https%3A%2F%2Fklasmann-deilmann.com%2Fes%2Fproductos-y-soluciones%2Fmaterias-primas%2Fgreenfibre%2F|title:Nuestro%20producto%20de%20fibra%20de%20madera%20GreenFibre%C2%AE\u00bb][\/vc_column_inner][vc_column_inner width=\u00bb1\/2&#8243;][vc_column_text]<img loading=\"lazy\" decoding=\"async\" width=\"1024\" height=\"674\" class=\"alignnone size-large wp-image-33312\" src=\"\/wp-content\/uploads\/KD-11-2017-32-1024x674.jpg\" alt=\"\" srcset=\"https:\/\/klasmann-deilmann.com\/wp-content\/uploads\/KD-11-2017-32-1024x674.jpg 1024w, https:\/\/klasmann-deilmann.com\/wp-content\/uploads\/KD-11-2017-32-300x198.jpg 300w, https:\/\/klasmann-deilmann.com\/wp-content\/uploads\/KD-11-2017-32-768x506.jpg 768w, https:\/\/klasmann-deilmann.com\/wp-content\/uploads\/KD-11-2017-32-1536x1011.jpg 1536w, https:\/\/klasmann-deilmann.com\/wp-content\/uploads\/KD-11-2017-32-2048x1349.jpg 2048w\" sizes=\"auto, (max-width: 1024px) 100vw, 1024px\" \/>[\/vc_column_text][\/vc_column_inner][\/vc_row_inner][\/vc_column][\/vc_row][vc_section][vc_row][vc_column][kd_accordion_custom color=\u00bbkdgreen\u00bb shape=\u00bbsquare\u00bb gap=\u00bb20&#8243; collapsible_all=\u00bbtrue\u00bb active_section=\u00bb99&#8243;][vc_tta_section title=\u00bbPerlita\u00bb tab_id=\u00bbterraktiv-plus16286081513511628855333296&#8243;][vc_row_inner][vc_column_inner width=\u00bb1\/2&#8243;][vc_column_text el_class=\u00bbpluslist\u00bb]<\/p>\n<h4>Fabricada por Klasmann-Deilmann \u2013 perlita hort\u00edcola para propagaci\u00f3n<\/h4>\n<p>&nbsp;<br \/>\nEn 2021 empezamos a fabricar perlita de alta calidad de grado hort\u00edcola en nuestra propia l\u00ednea de producci\u00f3n en Lituania. Las ventajas son obvias:<br \/>\n&nbsp;<\/p>\n<ul>\n<li>Mejor disponibilidad de perlita para nuestras f\u00e1bricas de sustratos<\/li>\n<li>Mayor independencia en caso de cuellos de botella log\u00edsticos<\/li>\n<li>Reducci\u00f3n de transporte gracias a la producci\u00f3n local y, por tanto, menor huella de carbono<\/li>\n<li>Proporciona un componente para sustratos de propagaci\u00f3n y de maceta comercialmente interesante<\/li>\n<\/ul>\n<p>[\/vc_column_text][\/vc_column_inner][vc_column_inner width=\u00bb1\/2&#8243;][vc_column_text]<img loading=\"lazy\" decoding=\"async\" class=\"alignnone wp-image-34755 size-full\" src=\"https:\/\/klasmann-deilmann.com\/wp-content\/uploads\/MAZ-2016-1-Litauen-Fabrik-V-I-e1633351601531.jpg\" alt=\"\" width=\"742\" height=\"540\" srcset=\"https:\/\/klasmann-deilmann.com\/wp-content\/uploads\/MAZ-2016-1-Litauen-Fabrik-V-I-e1633351601531.jpg 742w, https:\/\/klasmann-deilmann.com\/wp-content\/uploads\/MAZ-2016-1-Litauen-Fabrik-V-I-e1633351601531-300x218.jpg 300w\" sizes=\"auto, (max-width: 742px) 100vw, 742px\" \/>[\/vc_column_text][\/vc_column_inner][\/vc_row_inner][vc_row_inner][vc_column_inner width=\u00bb1\/2&#8243;][vc_column_text]<img loading=\"lazy\" decoding=\"async\" class=\"alignnone wp-image-36699 size-full\" src=\"https:\/\/klasmann-deilmann.com\/wp-content\/uploads\/perlite.jpg\" alt=\"\" width=\"2560\" height=\"1707\" srcset=\"https:\/\/klasmann-deilmann.com\/wp-content\/uploads\/perlite.jpg 2560w, https:\/\/klasmann-deilmann.com\/wp-content\/uploads\/perlite-300x200.jpg 300w, https:\/\/klasmann-deilmann.com\/wp-content\/uploads\/perlite-1024x683.jpg 1024w, https:\/\/klasmann-deilmann.com\/wp-content\/uploads\/perlite-768x512.jpg 768w, https:\/\/klasmann-deilmann.com\/wp-content\/uploads\/perlite-1536x1024.jpg 1536w, https:\/\/klasmann-deilmann.com\/wp-content\/uploads\/perlite-2048x1366.jpg 2048w\" sizes=\"auto, (max-width: 2560px) 100vw, 2560px\" \/>[\/vc_column_text][\/vc_column_inner][vc_column_inner width=\u00bb1\/2&#8243;][vc_column_text]<\/p>\n<h4>\u00bfPor qu\u00e9 perlita?<\/h4>\n<p>&nbsp;<br \/>\nLa perlita \u2026<br \/>\n&#8230; incrementa la capacidad de aireaci\u00f3n y drenaje<br \/>\n&#8230; previene el anegamiento<br \/>\n&#8230; proporciona excelente estabilidad estructural<br \/>\n&#8230; tiene pH neutro y un contenido en sales extremadamente bajo<br \/>\n&#8230; es ideal para su uso en sustratos para propagaci\u00f3n y maceta cuando se necesita un importante drenaje[\/vc_column_text][\/vc_column_inner][\/vc_row_inner][\/vc_tta_section][\/kd_accordion_custom][\/vc_column][\/vc_row][\/vc_section][vc_row css=\u00bb.vc_custom_1628856376821{padding-top: 30px !important;padding-bottom: 70px !important;background-color: #414345 !important;}\u00bb][vc_column][vc_row_inner][vc_column_inner width=\u00bb1\/2&#8243;][vc_column_text]<img decoding=\"async\" class=\"alignnone size-full wp-image-35669\" src=\"\/wp-content\/uploads\/iStock-698257550.jpg\" alt=\"\" \/>[\/vc_column_text][\/vc_column_inner][vc_column_inner width=\u00bb1\/2&#8243;][vc_column_text]<\/p>\n<h2>Ventajas de los sustratos ADVANCED con GreenFibre\u00ae<\/h2>\n<p>[\/vc_column_text][vc_column_text el_class=\u00bbpluslist\u00bb]<\/p>\n<ul>\n<li>Mayor aireaci\u00f3n de la zona radicular y aumento del drenaje, con lo que hay menos problemas de anegamiento<\/li>\n<li>Mejor desarrollo inicial de ra\u00edces y plantones<\/li>\n<li>Aumento de la homogeneidad de las pl\u00e1ntulas en las bandejas<\/li>\n<li>Ayuda a la superficie del sustrato a secarse con m\u00e1s rapidez, por lo que las pl\u00e1ntulas tienen menos infestaci\u00f3n de enfermedades de las ra\u00edces, as\u00ed como menos algas y musgo en la superficie del sustrato<\/li>\n<li>Rehidrataci\u00f3n m\u00e1s f\u00e1cil del sustrato<\/li>\n<li>Materia prima con certificaci\u00f3n RHP, especialmente desarrollada para las necesidades de la horticultura profesional<\/li>\n<li>Volumen de entrega optimizado gracias al menor peso del sustrato<\/li>\n<li>Aumento de la sostenibilidad y reducci\u00f3n de la huella de carbono de su producci\u00f3n de plantas al emplear la fibra de madera renovable GreenFibre\u00ae<\/li>\n<li>Uso de GreenFibre\u00ae fina de hasta el 20\u2009% del volumen<\/li>\n<\/ul>\n<p>[\/vc_column_text][\/vc_column_inner][\/vc_row_inner][\/vc_column][\/vc_row][vc_row css=\u00bb.vc_custom_1628762933333{margin-top: 70px !important;}\u00bb][vc_column][kd_getintouch image=\u00bb32948&#8243;][\/vc_column][\/vc_row]<\/p>\n<\/div>\n","protected":false},"excerpt":{"rendered":"<p>[vc_row][vc_column][kd_header_random_image_banner image=\u00bb34513&#8243;][\/kd_header_random_image_banner][\/vc_column][\/vc_row][vc_row css=\u00bb.vc_custom_1627996958238{padding-bottom: 50px !important;}\u00bb][vc_column][vc_row_inner][vc_column_inner][vc_column_text] Sustratos ADVANCED para plantas forestales [\/vc_column_text][\/vc_column_inner][\/vc_row_inner][vc_row_inner][vc_column_inner][vc_column_text] Plantones forestales superiores cultivados en bandejas [\/vc_column_text][\/vc_column_inner][vc_column_inner width=\u00bb1\/2&#8243;][vc_column_text]El cultivo de plantones forestales robustos y de alta calidad se est\u00e1 convirtiendo en un sector cada vez m\u00e1s importante. Si bien las pl\u00e1ntulas forestales normalmente sol\u00edan cultivarse directamente en el suelo como plantas a partir de la semilla, entretanto se ha producido un giro hacia los plantones cultivados en bandejas de alv\u00e9olos. Hay varios motivos para este cambio: el cultivo protegido<\/p>\n","protected":false},"author":2,"featured_media":0,"parent":76747,"menu_order":149,"comment_status":"closed","ping_status":"closed","template":"","meta":{"_acf_changed":false,"inline_featured_image":false,"footnotes":""},"class_list":["post-76798","page","type-page","status-publish","hentry"],"acf":[],"yoast_head":"<!-- This site is optimized with the Yoast SEO plugin v27.5 - https:\/\/yoast.com\/product\/yoast-seo-wordpress\/ -->\n<title>Plantas forestales - Klasmann-Deilmann<\/title>\n<meta name=\"robots\" content=\"index, follow, max-snippet:-1, max-image-preview:large, max-video-preview:-1\" \/>\n<link rel=\"canonical\" href=\"https:\/\/klasmann-deilmann.com\/es\/ambitos-de-aplicacion\/plantas-forestales\/\" \/>\n<meta property=\"og:locale\" content=\"es_ES\" \/>\n<meta property=\"og:type\" content=\"article\" \/>\n<meta property=\"og:title\" content=\"Plantas forestales - Klasmann-Deilmann\" \/>\n<meta property=\"og:description\" content=\"[vc_row][vc_column][kd_header_random_image_banner image=\u00bb34513&#8243;][\/kd_header_random_image_banner][\/vc_column][\/vc_row][vc_row css=\u00bb.vc_custom_1627996958238{padding-bottom: 50px !important;}\u00bb][vc_column][vc_row_inner][vc_column_inner][vc_column_text] Sustratos ADVANCED para plantas forestales [\/vc_column_text][\/vc_column_inner][\/vc_row_inner][vc_row_inner][vc_column_inner][vc_column_text] Plantones forestales superiores cultivados en bandejas [\/vc_column_text][\/vc_column_inner][vc_column_inner width=\u00bb1\/2&#8243;][vc_column_text]El cultivo de plantones forestales robustos y de alta calidad se est\u00e1 convirtiendo en un sector cada vez m\u00e1s importante. Si bien las pl\u00e1ntulas forestales normalmente sol\u00edan cultivarse directamente en el suelo como plantas a partir de la semilla, entretanto se ha producido un giro hacia los plantones cultivados en bandejas de alv\u00e9olos. Hay varios motivos para este cambio: el cultivo protegido\" \/>\n<meta property=\"og:url\" content=\"https:\/\/klasmann-deilmann.com\/es\/ambitos-de-aplicacion\/plantas-forestales\/\" \/>\n<meta property=\"og:site_name\" content=\"Klasmann-Deilmann\" \/>\n<meta property=\"article:modified_time\" content=\"2023-05-11T14:50:20+00:00\" \/>\n<meta property=\"og:image\" content=\"https:\/\/klasmann-deilmann.com\/wp-content\/uploads\/MAZ-2016-1-Litauen-Fabrik-V-I-e1633351601531.jpg\" \/>\n<meta name=\"twitter:card\" content=\"summary_large_image\" \/>\n<meta name=\"twitter:label1\" content=\"Tiempo de lectura\" \/>\n\t<meta name=\"twitter:data1\" content=\"5 minutos\" \/>\n<script type=\"application\/ld+json\" class=\"yoast-schema-graph\">{\"@context\":\"https:\\\/\\\/schema.org\",\"@graph\":[{\"@type\":\"WebPage\",\"@id\":\"https:\\\/\\\/klasmann-deilmann.com\\\/es\\\/ambitos-de-aplicacion\\\/plantas-forestales\\\/\",\"url\":\"https:\\\/\\\/klasmann-deilmann.com\\\/es\\\/ambitos-de-aplicacion\\\/plantas-forestales\\\/\",\"name\":\"Plantas forestales - Klasmann-Deilmann\",\"isPartOf\":{\"@id\":\"https:\\\/\\\/klasmann-deilmann.com\\\/en\\\/#website\"},\"primaryImageOfPage\":{\"@id\":\"https:\\\/\\\/klasmann-deilmann.com\\\/es\\\/ambitos-de-aplicacion\\\/plantas-forestales\\\/#primaryimage\"},\"image\":{\"@id\":\"https:\\\/\\\/klasmann-deilmann.com\\\/es\\\/ambitos-de-aplicacion\\\/plantas-forestales\\\/#primaryimage\"},\"thumbnailUrl\":\"https:\\\/\\\/klasmann-deilmann.com\\\/wp-content\\\/uploads\\\/MAZ-2016-1-Litauen-Fabrik-V-I-e1633351601531.jpg\",\"datePublished\":\"2021-07-29T11:04:10+00:00\",\"dateModified\":\"2023-05-11T14:50:20+00:00\",\"breadcrumb\":{\"@id\":\"https:\\\/\\\/klasmann-deilmann.com\\\/es\\\/ambitos-de-aplicacion\\\/plantas-forestales\\\/#breadcrumb\"},\"inLanguage\":\"es\",\"potentialAction\":[{\"@type\":\"ReadAction\",\"target\":[\"https:\\\/\\\/klasmann-deilmann.com\\\/es\\\/ambitos-de-aplicacion\\\/plantas-forestales\\\/\"]}]},{\"@type\":\"ImageObject\",\"inLanguage\":\"es\",\"@id\":\"https:\\\/\\\/klasmann-deilmann.com\\\/es\\\/ambitos-de-aplicacion\\\/plantas-forestales\\\/#primaryimage\",\"url\":\"https:\\\/\\\/klasmann-deilmann.com\\\/wp-content\\\/uploads\\\/MAZ-2016-1-Litauen-Fabrik-V-I-e1633351601531.jpg\",\"contentUrl\":\"https:\\\/\\\/klasmann-deilmann.com\\\/wp-content\\\/uploads\\\/MAZ-2016-1-Litauen-Fabrik-V-I-e1633351601531.jpg\"},{\"@type\":\"BreadcrumbList\",\"@id\":\"https:\\\/\\\/klasmann-deilmann.com\\\/es\\\/ambitos-de-aplicacion\\\/plantas-forestales\\\/#breadcrumb\",\"itemListElement\":[{\"@type\":\"ListItem\",\"position\":1,\"name\":\"Home\",\"item\":\"https:\\\/\\\/klasmann-deilmann.com\\\/es\\\/\"},{\"@type\":\"ListItem\",\"position\":2,\"name\":\"\u00c1mbitos de aplicaci\u00f3n\",\"item\":\"https:\\\/\\\/klasmann-deilmann.com\\\/es\\\/ambitos-de-aplicacion\\\/\"},{\"@type\":\"ListItem\",\"position\":3,\"name\":\"Plantas forestales\"}]},{\"@type\":\"WebSite\",\"@id\":\"https:\\\/\\\/klasmann-deilmann.com\\\/en\\\/#website\",\"url\":\"https:\\\/\\\/klasmann-deilmann.com\\\/en\\\/\",\"name\":\"Klasmann-Deilmann\",\"description\":\"\",\"potentialAction\":[{\"@type\":\"SearchAction\",\"target\":{\"@type\":\"EntryPoint\",\"urlTemplate\":\"https:\\\/\\\/klasmann-deilmann.com\\\/en\\\/?s={search_term_string}\"},\"query-input\":{\"@type\":\"PropertyValueSpecification\",\"valueRequired\":true,\"valueName\":\"search_term_string\"}}],\"inLanguage\":\"es\"}]}<\/script>\n<!-- \/ Yoast SEO plugin. -->","yoast_head_json":{"title":"Plantas forestales - Klasmann-Deilmann","robots":{"index":"index","follow":"follow","max-snippet":"max-snippet:-1","max-image-preview":"max-image-preview:large","max-video-preview":"max-video-preview:-1"},"canonical":"https:\/\/klasmann-deilmann.com\/es\/ambitos-de-aplicacion\/plantas-forestales\/","og_locale":"es_ES","og_type":"article","og_title":"Plantas forestales - Klasmann-Deilmann","og_description":"[vc_row][vc_column][kd_header_random_image_banner image=\u00bb34513&#8243;][\/kd_header_random_image_banner][\/vc_column][\/vc_row][vc_row css=\u00bb.vc_custom_1627996958238{padding-bottom: 50px !important;}\u00bb][vc_column][vc_row_inner][vc_column_inner][vc_column_text] Sustratos ADVANCED para plantas forestales [\/vc_column_text][\/vc_column_inner][\/vc_row_inner][vc_row_inner][vc_column_inner][vc_column_text] Plantones forestales superiores cultivados en bandejas [\/vc_column_text][\/vc_column_inner][vc_column_inner width=\u00bb1\/2&#8243;][vc_column_text]El cultivo de plantones forestales robustos y de alta calidad se est\u00e1 convirtiendo en un sector cada vez m\u00e1s importante. Si bien las pl\u00e1ntulas forestales normalmente sol\u00edan cultivarse directamente en el suelo como plantas a partir de la semilla, entretanto se ha producido un giro hacia los plantones cultivados en bandejas de alv\u00e9olos. Hay varios motivos para este cambio: el cultivo protegido","og_url":"https:\/\/klasmann-deilmann.com\/es\/ambitos-de-aplicacion\/plantas-forestales\/","og_site_name":"Klasmann-Deilmann","article_modified_time":"2023-05-11T14:50:20+00:00","og_image":[{"url":"https:\/\/klasmann-deilmann.com\/wp-content\/uploads\/MAZ-2016-1-Litauen-Fabrik-V-I-e1633351601531.jpg","type":"","width":"","height":""}],"twitter_card":"summary_large_image","twitter_misc":{"Tiempo de lectura":"5 minutos"},"schema":{"@context":"https:\/\/schema.org","@graph":[{"@type":"WebPage","@id":"https:\/\/klasmann-deilmann.com\/es\/ambitos-de-aplicacion\/plantas-forestales\/","url":"https:\/\/klasmann-deilmann.com\/es\/ambitos-de-aplicacion\/plantas-forestales\/","name":"Plantas forestales - Klasmann-Deilmann","isPartOf":{"@id":"https:\/\/klasmann-deilmann.com\/en\/#website"},"primaryImageOfPage":{"@id":"https:\/\/klasmann-deilmann.com\/es\/ambitos-de-aplicacion\/plantas-forestales\/#primaryimage"},"image":{"@id":"https:\/\/klasmann-deilmann.com\/es\/ambitos-de-aplicacion\/plantas-forestales\/#primaryimage"},"thumbnailUrl":"https:\/\/klasmann-deilmann.com\/wp-content\/uploads\/MAZ-2016-1-Litauen-Fabrik-V-I-e1633351601531.jpg","datePublished":"2021-07-29T11:04:10+00:00","dateModified":"2023-05-11T14:50:20+00:00","breadcrumb":{"@id":"https:\/\/klasmann-deilmann.com\/es\/ambitos-de-aplicacion\/plantas-forestales\/#breadcrumb"},"inLanguage":"es","potentialAction":[{"@type":"ReadAction","target":["https:\/\/klasmann-deilmann.com\/es\/ambitos-de-aplicacion\/plantas-forestales\/"]}]},{"@type":"ImageObject","inLanguage":"es","@id":"https:\/\/klasmann-deilmann.com\/es\/ambitos-de-aplicacion\/plantas-forestales\/#primaryimage","url":"https:\/\/klasmann-deilmann.com\/wp-content\/uploads\/MAZ-2016-1-Litauen-Fabrik-V-I-e1633351601531.jpg","contentUrl":"https:\/\/klasmann-deilmann.com\/wp-content\/uploads\/MAZ-2016-1-Litauen-Fabrik-V-I-e1633351601531.jpg"},{"@type":"BreadcrumbList","@id":"https:\/\/klasmann-deilmann.com\/es\/ambitos-de-aplicacion\/plantas-forestales\/#breadcrumb","itemListElement":[{"@type":"ListItem","position":1,"name":"Home","item":"https:\/\/klasmann-deilmann.com\/es\/"},{"@type":"ListItem","position":2,"name":"\u00c1mbitos de aplicaci\u00f3n","item":"https:\/\/klasmann-deilmann.com\/es\/ambitos-de-aplicacion\/"},{"@type":"ListItem","position":3,"name":"Plantas forestales"}]},{"@type":"WebSite","@id":"https:\/\/klasmann-deilmann.com\/en\/#website","url":"https:\/\/klasmann-deilmann.com\/en\/","name":"Klasmann-Deilmann","description":"","potentialAction":[{"@type":"SearchAction","target":{"@type":"EntryPoint","urlTemplate":"https:\/\/klasmann-deilmann.com\/en\/?s={search_term_string}"},"query-input":{"@type":"PropertyValueSpecification","valueRequired":true,"valueName":"search_term_string"}}],"inLanguage":"es"}]}},"_links":{"self":[{"href":"https:\/\/klasmann-deilmann.com\/es\/wp-json\/wp\/v2\/pages\/76798","targetHints":{"allow":["GET"]}}],"collection":[{"href":"https:\/\/klasmann-deilmann.com\/es\/wp-json\/wp\/v2\/pages"}],"about":[{"href":"https:\/\/klasmann-deilmann.com\/es\/wp-json\/wp\/v2\/types\/page"}],"author":[{"embeddable":true,"href":"https:\/\/klasmann-deilmann.com\/es\/wp-json\/wp\/v2\/users\/2"}],"replies":[{"embeddable":true,"href":"https:\/\/klasmann-deilmann.com\/es\/wp-json\/wp\/v2\/comments?post=76798"}],"version-history":[{"count":3,"href":"https:\/\/klasmann-deilmann.com\/es\/wp-json\/wp\/v2\/pages\/76798\/revisions"}],"predecessor-version":[{"id":76804,"href":"https:\/\/klasmann-deilmann.com\/es\/wp-json\/wp\/v2\/pages\/76798\/revisions\/76804"}],"up":[{"embeddable":true,"href":"https:\/\/klasmann-deilmann.com\/es\/wp-json\/wp\/v2\/pages\/76747"}],"wp:attachment":[{"href":"https:\/\/klasmann-deilmann.com\/es\/wp-json\/wp\/v2\/media?parent=76798"}],"curies":[{"name":"wp","href":"https:\/\/api.w.org\/{rel}","templated":true}]}}