{"id":76784,"date":"2021-07-29T12:50:26","date_gmt":"2021-07-29T10:50:26","guid":{"rendered":"https:\/\/klasmann-deilmann.com\/ambitos-de-aplicacion\/pot-plants\/"},"modified":"2023-05-11T16:24:49","modified_gmt":"2023-05-11T14:24:49","slug":"plantas-de-maceta","status":"publish","type":"page","link":"https:\/\/klasmann-deilmann.com\/es\/ambitos-de-aplicacion\/plantas-de-maceta\/","title":{"rendered":"Plantas de maceta"},"content":{"rendered":"<div class=\"wpb-content-wrapper\">[vc_row][vc_column][kd_header_random_image_banner image=\u00bb36692&#8243;][\/kd_header_random_image_banner][\/vc_column][\/vc_row][vc_row css=\u00bb.vc_custom_1627996958238{padding-bottom: 50px !important;}\u00bb][vc_column][vc_row_inner][vc_column_inner][vc_column_text]<\/p>\n<h2 style=\"text-align: left;\">Sustratos de maceta ADVANCED<\/h2>\n<p>[\/vc_column_text][\/vc_column_inner][\/vc_row_inner][vc_row_inner][vc_column_inner][vc_column_text]<\/p>\n<h3>El enfoque moderno para el cultivo de plantas de maceta<\/h3>\n<p>[\/vc_column_text][\/vc_column_inner][vc_column_inner width=\u00bb1\/2&#8243;][vc_column_text]Los sistemas de riego modernos demandan sustratos que garanticen una capacidad de aireaci\u00f3n uniforme y una alta estabilidad estructural, as\u00ed como un drenaje fiable y una intensa distribuci\u00f3n de agua por capilaridad. Una combinaci\u00f3n de estables fracciones de turba rubia en bloques con perlita o GreenFibre\u00ae ha demostrado ser \u00f3ptima para satisfacer estas exigencias. Tanto GreenFibre\u00ae como la perlita incrementan significativamente la capacidad de aireaci\u00f3n y drenaje de un sustrato a base de turba. El resultado de ello es un desarrollo radicular m\u00e1s r\u00e1pido y sano y un riesgo reducido de enfermedades de las ra\u00edces.[\/vc_column_text][\/vc_column_inner][vc_column_inner width=\u00bb1\/2&#8243;][vc_column_text]Otro aspecto que ha cobrado importancia es la reducci\u00f3n de los productos agroqu\u00edmicos durante el cultivo. Por eso ofrecemos el compost verde TerrAktiv\u00ae para incrementar la vida microbiana en los sustratos. La actividad microbiana favorece un crecimiento sano de la planta con una mayor resistencia a las enfermedades. El empleo de los componentes alternativos GreenFibre\u00ae y TerrAktiv\u00ae como biostimulante natural ayuda as\u00ed a los horticultores a mejorar los aspectos de sostenibilidad de sus cultivos.<\/p>\n<p>Simplemente ADVANCED<br \/>\n[\/vc_column_text][\/vc_column_inner][\/vc_row_inner][\/vc_column][\/vc_row][vc_section css=\u00bb.vc_custom_1628168027406{margin-top: -60px !important;}\u00bb][vc_row][vc_column width=\u00bb1\/2&#8243;][kd_accordion_custom color=\u00bbkdlightgray\u00bb shape=\u00bbsquare\u00bb collapsible_all=\u00bbtrue\u00bb active_section=\u00bb99&#8243;][vc_tta_section title=\u00bbTS 4 PLUS medio + GreenFibre\u00ae (616)\u00bb tab_id=\u00bb1628162971202-49d2226f-6c66&#8243;][vc_row_inner][vc_column_inner width=\u00bb1\/2&#8243; css=\u00bb.vc_custom_1628232877073{padding-left: 30px !important;}\u00bb][vc_column_text]<img loading=\"lazy\" decoding=\"async\" width=\"1389\" height=\"1659\" class=\"alignnone size-full wp-image-33172\" src=\"\/wp-content\/uploads\/kd_ts4_packshot_220922.png\" alt=\"\" srcset=\"https:\/\/klasmann-deilmann.com\/wp-content\/uploads\/kd_ts4_packshot_220922.png 1389w, https:\/\/klasmann-deilmann.com\/wp-content\/uploads\/kd_ts4_packshot_220922-251x300.png 251w, https:\/\/klasmann-deilmann.com\/wp-content\/uploads\/kd_ts4_packshot_220922-857x1024.png 857w, https:\/\/klasmann-deilmann.com\/wp-content\/uploads\/kd_ts4_packshot_220922-768x917.png 768w, https:\/\/klasmann-deilmann.com\/wp-content\/uploads\/kd_ts4_packshot_220922-1286x1536.png 1286w\" sizes=\"auto, (max-width: 1389px) 100vw, 1389px\" \/>[\/vc_column_text][\/vc_column_inner][vc_column_inner width=\u00bb1\/2&#8243; css=\u00bb.vc_custom_1628232893555{padding-top: 60px !important;}\u00bb][vc_column_text el_class=\u00bbpluslist\u00bb]<\/p>\n<ul>\n<li>Caracter\u00edsticas: alta estabilidad estructural y mayor retenci\u00f3n de agua<\/li>\n<li>Se usa para: plantas ornamentales, plantas de hoja verde<\/li>\n<\/ul>\n<p>[\/vc_column_text][kd_download_button show_link_download1=\u00bblink\u00bb link1=\u00bburl:https%3A%2F%2Fklasmann-deilmann.com%2Fes%2Fambitos-de-aplicacion%2Fplantas-de-maceta%2Fsustratos-de-macetas%2F%23ts4-plus-medium-greenfibre|title:M%C3%A1s%20informaci%C3%B3n\u00bb][\/vc_column_inner][\/vc_row_inner][\/vc_tta_section][\/kd_accordion_custom][kd_accordion_custom color=\u00bbkdlightgray\u00bb shape=\u00bbsquare\u00bb collapsible_all=\u00bbtrue\u00bb active_section=\u00bb99&#8243;][vc_tta_section title=\u00bbSustrato 5 TerrAktiv\u00ae\/perlita + GreenFibre\u00ae (6L7)\u00bb tab_id=\u00bb1628170515775-2dca5936-cf1a\u00bb][vc_row_inner][vc_column_inner width=\u00bb1\/2&#8243;][vc_column_text]<img loading=\"lazy\" decoding=\"async\" width=\"1389\" height=\"1659\" class=\"alignnone size-full wp-image-33164\" src=\"\/wp-content\/uploads\/kd_substrat5_packshot.png\" alt=\"\" srcset=\"https:\/\/klasmann-deilmann.com\/wp-content\/uploads\/kd_substrat5_packshot.png 1389w, https:\/\/klasmann-deilmann.com\/wp-content\/uploads\/kd_substrat5_packshot-251x300.png 251w, https:\/\/klasmann-deilmann.com\/wp-content\/uploads\/kd_substrat5_packshot-857x1024.png 857w, https:\/\/klasmann-deilmann.com\/wp-content\/uploads\/kd_substrat5_packshot-768x917.png 768w, https:\/\/klasmann-deilmann.com\/wp-content\/uploads\/kd_substrat5_packshot-1286x1536.png 1286w\" sizes=\"auto, (max-width: 1389px) 100vw, 1389px\" \/>[\/vc_column_text][\/vc_column_inner][vc_column_inner width=\u00bb1\/2&#8243; css=\u00bb.vc_custom_1628233129626{padding-top: 60px !important;}\u00bb][vc_column_text el_class=\u00bbpluslist\u00bb]<\/p>\n<ul>\n<li>Caracter\u00edsticas: mezcla polivalente para macetas con mayor capacidad de drenaje y aireaci\u00f3n<\/li>\n<li>Se usa para: plantas ornamentales, cicl\u00e1menes, geranios, plantas vivaces<\/li>\n<\/ul>\n<p>[\/vc_column_text][kd_download_button show_link_download1=\u00bblink\u00bb link1=\u00bburl:https%3A%2F%2Fklasmann-deilmann.com%2Fes%2Fambitos-de-aplicacion%2Fplantas-de-maceta%2Fsustratos-de-macetas%2F%23substrate-5-terraktiv-perlite-greenfibre|title:M%C3%A1s%20informaci%C3%B3n\u00bb][\/vc_column_inner][\/vc_row_inner][\/vc_tta_section][\/kd_accordion_custom][\/vc_column][vc_column width=\u00bb1\/2&#8243;][kd_accordion_custom color=\u00bbkdlightgray\u00bb shape=\u00bbsquare\u00bb collapsible_all=\u00bbtrue\u00bb active_section=\u00bb99&#8243;][vc_tta_section title=\u00bbSustrato 5 con arcilla + GreenFibre\u00ae (666)\u00bb tab_id=\u00bb1628162998315-53b4ac56-49b0&#8243;][vc_row_inner][vc_column_inner width=\u00bb1\/2&#8243; css=\u00bb.vc_custom_1628232967494{padding-left: 30px !important;}\u00bb][vc_column_text]<img loading=\"lazy\" decoding=\"async\" width=\"1389\" height=\"1659\" class=\"alignnone size-full wp-image-33164\" src=\"\/wp-content\/uploads\/kd_substrat5_packshot.png\" alt=\"\" srcset=\"https:\/\/klasmann-deilmann.com\/wp-content\/uploads\/kd_substrat5_packshot.png 1389w, https:\/\/klasmann-deilmann.com\/wp-content\/uploads\/kd_substrat5_packshot-251x300.png 251w, https:\/\/klasmann-deilmann.com\/wp-content\/uploads\/kd_substrat5_packshot-857x1024.png 857w, https:\/\/klasmann-deilmann.com\/wp-content\/uploads\/kd_substrat5_packshot-768x917.png 768w, https:\/\/klasmann-deilmann.com\/wp-content\/uploads\/kd_substrat5_packshot-1286x1536.png 1286w\" sizes=\"auto, (max-width: 1389px) 100vw, 1389px\" \/>[\/vc_column_text][\/vc_column_inner][vc_column_inner width=\u00bb1\/2&#8243; css=\u00bb.vc_custom_1628233009402{padding-top: 60px !important;}\u00bb][vc_column_text el_class=\u00bbpluslist\u00bb]<\/p>\n<ul>\n<li>Caracter\u00edsticas: sustrato polivalente para macetas. Buena distribuci\u00f3n por capilaridad, con tamp\u00f3n extranutriente<\/li>\n<li>Se usa para: cicl\u00e1menes, geranios, plantas vivaces, plantas de temporada<\/li>\n<\/ul>\n<p>[\/vc_column_text][kd_download_button show_link_download1=\u00bblink\u00bb link1=\u00bburl:https%3A%2F%2Fklasmann-deilmann.com%2Fes%2Fambitos-de-aplicacion%2Fplantas-de-maceta%2Fsustratos-de-macetas%2F%23substrate-5-with-clay-greenfibre|title:M%C3%A1s%20informaci%C3%B3n\u00bb][\/vc_column_inner][\/vc_row_inner][\/vc_tta_section][\/kd_accordion_custom][kd_download_button show_link_download1=\u00bbdownload\u00bb download1=\u00bb36743&#8243; showinpdfreader=\u00bbtrue\u00bb][kd_download_button show_link_download1=\u00bbdownload\u00bb download1=\u00bb51587&#8243; showinpdfreader=\u00bbtrue\u00bb showinflipbook=\u00bb\u00bb][\/vc_column][\/vc_row][\/vc_section][vc_row css=\u00bb.vc_custom_1628763244792{margin-top: 50px !important;padding-top: 30px !important;padding-bottom: 70px !important;background-image: url(https:\/\/klasmann-deilmann.com\/wp-content\/uploads\/2021-03-24-Belgien-TerrAktiv-Plus-Foto-2-1.jpg?id=34983) !important;background-position: center !important;background-repeat: no-repeat !important;background-size: cover !important;}\u00bb][vc_column][vc_row_inner][vc_column_inner][kd_quote source_text=\u00bbThierry van Paemel, cliente satisfecho de ADVANCED y propietario de \u201cBVBA Helleborus\u201d, productor l\u00edder de el\u00e9boro en B\u00e9lgica\u00bb posarrow=\u00bbptopright\u00bb]\u201cHEl el\u00e9boro es un producto muy especializado. Aqu\u00ed es donde la f\u00f3rmula correcta del sustrato es esencial. Estamos viendo un gran \u00e9xito con TerrAktiv\u00ae y GreenFibre\u00ae en nuestra mezcla. Las plantas son m\u00e1s fuertes, m\u00e1s compactas y resistentes. Estamos muy agradecidos de contar con un socio tan fiable como Klasmann-Deilmann.\u201d[\/kd_quote][\/vc_column_inner][\/vc_row_inner][\/vc_column][\/vc_row][vc_row][vc_column][vc_row_inner][vc_column_inner][vc_column_text]<\/p>\n<h2>Sea ADVANCED \u2013 con componentes alternativos ideales<\/h2>\n<p>[\/vc_column_text][\/vc_column_inner][\/vc_row_inner][\/vc_column][\/vc_row][vc_section][vc_row][vc_column][kd_accordion_custom color=\u00bbkdgreen\u00bb shape=\u00bbsquare\u00bb gap=\u00bb20&#8243; collapsible_all=\u00bbtrue\u00bb active_section=\u00bb99&#8243;][vc_tta_section title=\u00bbGreenFibre\u00ae\u00bb tab_id=\u00bbgreenfibre\u00bb][vc_row_inner][vc_column_inner width=\u00bb1\/2&#8243;][vc_column_text]Gracias a su especial proceso de producci\u00f3n, GreenFibre\u00ae cuenta con una estructura excepcionalmente buena y una baja proporci\u00f3n de part\u00edculas finas. Esto evita la sedimentaci\u00f3n en la maceta y la reducci\u00f3n de la capacidad de aireaci\u00f3n de los sustratos durante el cultivo.<\/p>\n<p>Los sustratos con GreenFibre\u00ae presentan una distribuci\u00f3n ideal del agua capilar dentro de toda la zona radicular, lo que supone una importante ventaja p. ej. en sistemas de riego por inundaci\u00f3n y drenaje. Esto asegura una gesti\u00f3n de riego m\u00e1s f\u00e1cil y, por tanto, un suministro fiable de agua y nutrientes a las plantas.<\/p>\n<p>GreenFibre\u00ae suele representar una proporci\u00f3n de entre el 15\u2009% y el 30\u2009% del volumen en sustratos de maceta. Si se combina con turba m\u00e1s descompuesta, la proporci\u00f3n de agua f\u00e1cilmente disponible para las plantas permanece estable. Por lo tanto, hasta un a\u00f1adido del 25\u2009% del volumen de la mezcla, apenas se perciben diferencias en el comportamiento del riego. No obstante, la superficie de las macetas se mantiene m\u00e1s seca y se reduce el riesgo de enfermedades de las ra\u00edces.<\/p>\n<p>Un programa de alimentaci\u00f3n l\u00edquida a base de nitratos, en l\u00ednea con la pr\u00e1ctica habitual, lleva a resultados de crecimiento ideales. A\u00f1adir fertilizantes de liberaci\u00f3n lenta al sustrato garantiza un suministro suficiente de nitr\u00f3geno al cultivo.<br \/>\n[\/vc_column_text][kd_download_button show_link_download1=\u00bblink\u00bb link1=\u00bburl:https%3A%2F%2Fklasmann-deilmann.com%2Fes%2Fproductos-y-soluciones%2Fmaterias-primas%2Fgreenfibre%2F|title:Conocer%20m%C3%A1s%20detalles\u00bb][\/vc_column_inner][vc_column_inner width=\u00bb1\/2&#8243;][vc_column_text]<img loading=\"lazy\" decoding=\"async\" width=\"768\" height=\"1024\" class=\"alignnone size-large wp-image-33746\" src=\"\/wp-content\/uploads\/GreenFibre5-768x1024.jpg\" alt=\"\" srcset=\"https:\/\/klasmann-deilmann.com\/wp-content\/uploads\/GreenFibre5-768x1024.jpg 768w, https:\/\/klasmann-deilmann.com\/wp-content\/uploads\/GreenFibre5-225x300.jpg 225w, https:\/\/klasmann-deilmann.com\/wp-content\/uploads\/GreenFibre5-1152x1536.jpg 1152w, https:\/\/klasmann-deilmann.com\/wp-content\/uploads\/GreenFibre5-1536x2048.jpg 1536w, https:\/\/klasmann-deilmann.com\/wp-content\/uploads\/GreenFibre5-scaled.jpg 1920w\" sizes=\"auto, (max-width: 768px) 100vw, 768px\" \/>[\/vc_column_text][\/vc_column_inner][\/vc_row_inner][\/vc_tta_section][vc_tta_section title=\u00bbTerrAktiv\u00ae PLUS\u00bb tab_id=\u00bbterraktiv-plus\u00bb][vc_row_inner][vc_column_inner width=\u00bb1\/2&#8243;][vc_column_text]Basado en el compost verde TerrAktiv\u00ae, nuestro innovador concepto TerrAktiv\u00ae PLUS combina el efecto supresor natural del compost verde con microorganismos seleccionados espec\u00edficamente. Las plantas se vuelven m\u00e1s sanas y m\u00e1s resistentes al estr\u00e9s.[\/vc_column_text][kd_download_button show_link_download1=\u00bblink\u00bb link1=\u00bburl:https%3A%2F%2Fklasmann-deilmann.com%2Fes%2Fproductos-y-soluciones%2Fmaterias-primas%2Fterraktiv-plus%2F|title:Conocer%20m%C3%A1s%20detalles\u00bb][\/vc_column_inner][vc_column_inner width=\u00bb1\/2&#8243;][vc_column_text]<img loading=\"lazy\" decoding=\"async\" width=\"1024\" height=\"250\" class=\"alignnone size-large wp-image-19739\" src=\"\/wp-content\/uploads\/Klasmann_Deilmann_TerrAktiv_Plus_Header_02-1-1024x250.jpg\" alt=\"\" srcset=\"https:\/\/klasmann-deilmann.com\/wp-content\/uploads\/Klasmann_Deilmann_TerrAktiv_Plus_Header_02-1-1024x250.jpg 1024w, https:\/\/klasmann-deilmann.com\/wp-content\/uploads\/Klasmann_Deilmann_TerrAktiv_Plus_Header_02-1-300x73.jpg 300w, https:\/\/klasmann-deilmann.com\/wp-content\/uploads\/Klasmann_Deilmann_TerrAktiv_Plus_Header_02-1-768x188.jpg 768w, https:\/\/klasmann-deilmann.com\/wp-content\/uploads\/Klasmann_Deilmann_TerrAktiv_Plus_Header_02-1-1536x375.jpg 1536w, https:\/\/klasmann-deilmann.com\/wp-content\/uploads\/Klasmann_Deilmann_TerrAktiv_Plus_Header_02-1-2048x500.jpg 2048w, https:\/\/klasmann-deilmann.com\/wp-content\/uploads\/Klasmann_Deilmann_TerrAktiv_Plus_Header_02-1-125x31.jpg 125w\" sizes=\"auto, (max-width: 1024px) 100vw, 1024px\" \/>[\/vc_column_text][\/vc_column_inner][\/vc_row_inner][\/vc_tta_section][\/kd_accordion_custom][\/vc_column][\/vc_row][\/vc_section][vc_row css=\u00bb.vc_custom_1628171821663{padding-top: 30px !important;padding-bottom: 70px !important;background-color: #414345 !important;}\u00bb][vc_column][vc_row_inner][vc_column_inner width=\u00bb1\/2&#8243;][vc_column_text]<img loading=\"lazy\" decoding=\"async\" width=\"2560\" height=\"1707\" class=\"alignnone size-full wp-image-35843\" src=\"\/wp-content\/uploads\/pot_plants_einklinker.jpg\" alt=\"\" srcset=\"https:\/\/klasmann-deilmann.com\/wp-content\/uploads\/pot_plants_einklinker.jpg 2560w, https:\/\/klasmann-deilmann.com\/wp-content\/uploads\/pot_plants_einklinker-300x200.jpg 300w, https:\/\/klasmann-deilmann.com\/wp-content\/uploads\/pot_plants_einklinker-1024x683.jpg 1024w, https:\/\/klasmann-deilmann.com\/wp-content\/uploads\/pot_plants_einklinker-768x512.jpg 768w, https:\/\/klasmann-deilmann.com\/wp-content\/uploads\/pot_plants_einklinker-1536x1024.jpg 1536w, https:\/\/klasmann-deilmann.com\/wp-content\/uploads\/pot_plants_einklinker-2048x1366.jpg 2048w\" sizes=\"auto, (max-width: 2560px) 100vw, 2560px\" \/>[\/vc_column_text][\/vc_column_inner][vc_column_inner width=\u00bb1\/2&#8243;][vc_column_text]<\/p>\n<h2>Ventajas de los sustratos ADVANCED con GreenFibre\u00ae para macetas<\/h2>\n<p>[\/vc_column_text][vc_column_text el_class=\u00bbpluslist\u00bb]<\/p>\n<ul>\n<li>Mejor capilaridad del sustrato<\/li>\n<li>Aumento de la capacidad de aireaci\u00f3n y drenaje fiable<\/li>\n<li>Estabilidad estructural a largo plazo<\/li>\n<li>Rehidrataci\u00f3n m\u00e1s f\u00e1cil del sustrato<\/li>\n<li>Desarrollo radicular muy sano y r\u00e1pido<\/li>\n<li>Superficie m\u00e1s seca, menor crecimiento de algas y hep\u00e1ticas<\/li>\n<li>Estable balance de nitr\u00f3geno para adaptarse a un r\u00e9gimen alimenticio normal<\/li>\n<li>Bajo peso, costes de transporte reducidos<\/li>\n<li>Materia prima renovable procedente de silvicultura sostenible<\/li>\n<\/ul>\n<p>[\/vc_column_text][\/vc_column_inner][\/vc_row_inner][\/vc_column][\/vc_row][vc_row css=\u00bb.vc_custom_1628762876773{margin-top: 70px !important;padding-top: px !important;}\u00bb][vc_column][kd_getintouch image=\u00bb32948&#8243;][\/vc_column][\/vc_row]<\/p><\/div>\n","protected":false},"excerpt":{"rendered":"<p>[vc_row][vc_column][kd_header_random_image_banner image=\u00bb36692&#8243;][\/kd_header_random_image_banner][\/vc_column][\/vc_row][vc_row css=\u00bb.vc_custom_1627996958238{padding-bottom: 50px !important;}\u00bb][vc_column][vc_row_inner][vc_column_inner][vc_column_text] Sustratos de maceta ADVANCED [\/vc_column_text][\/vc_column_inner][\/vc_row_inner][vc_row_inner][vc_column_inner][vc_column_text] El enfoque moderno para el cultivo de plantas de maceta [\/vc_column_text][\/vc_column_inner][vc_column_inner width=\u00bb1\/2&#8243;][vc_column_text]Los sistemas de riego modernos demandan sustratos que garanticen una capacidad de aireaci\u00f3n uniforme y una alta estabilidad estructural, as\u00ed como un drenaje fiable y una intensa distribuci\u00f3n de agua por capilaridad. Una combinaci\u00f3n de estables fracciones de turba rubia en bloques con perlita o GreenFibre\u00ae ha demostrado ser \u00f3ptima para satisfacer estas exigencias. Tanto GreenFibre\u00ae como la perlita<\/p>\n","protected":false},"author":2,"featured_media":0,"parent":76747,"menu_order":126,"comment_status":"closed","ping_status":"closed","template":"","meta":{"_acf_changed":false,"inline_featured_image":false,"footnotes":""},"class_list":["post-76784","page","type-page","status-publish","hentry"],"acf":[],"yoast_head":"<!-- This site is optimized with the Yoast SEO plugin v27.5 - https:\/\/yoast.com\/product\/yoast-seo-wordpress\/ -->\n<title>Plantas de maceta - Klasmann-Deilmann<\/title>\n<meta name=\"robots\" content=\"index, follow, max-snippet:-1, max-image-preview:large, max-video-preview:-1\" \/>\n<link rel=\"canonical\" href=\"https:\/\/klasmann-deilmann.com\/es\/ambitos-de-aplicacion\/plantas-de-maceta\/\" \/>\n<meta property=\"og:locale\" content=\"es_ES\" \/>\n<meta property=\"og:type\" content=\"article\" \/>\n<meta property=\"og:title\" content=\"Plantas de maceta - Klasmann-Deilmann\" \/>\n<meta property=\"og:description\" content=\"[vc_row][vc_column][kd_header_random_image_banner image=\u00bb36692&#8243;][\/kd_header_random_image_banner][\/vc_column][\/vc_row][vc_row css=\u00bb.vc_custom_1627996958238{padding-bottom: 50px !important;}\u00bb][vc_column][vc_row_inner][vc_column_inner][vc_column_text] Sustratos de maceta ADVANCED [\/vc_column_text][\/vc_column_inner][\/vc_row_inner][vc_row_inner][vc_column_inner][vc_column_text] El enfoque moderno para el cultivo de plantas de maceta [\/vc_column_text][\/vc_column_inner][vc_column_inner width=\u00bb1\/2&#8243;][vc_column_text]Los sistemas de riego modernos demandan sustratos que garanticen una capacidad de aireaci\u00f3n uniforme y una alta estabilidad estructural, as\u00ed como un drenaje fiable y una intensa distribuci\u00f3n de agua por capilaridad. Una combinaci\u00f3n de estables fracciones de turba rubia en bloques con perlita o GreenFibre\u00ae ha demostrado ser \u00f3ptima para satisfacer estas exigencias. Tanto GreenFibre\u00ae como la perlita\" \/>\n<meta property=\"og:url\" content=\"https:\/\/klasmann-deilmann.com\/es\/ambitos-de-aplicacion\/plantas-de-maceta\/\" \/>\n<meta property=\"og:site_name\" content=\"Klasmann-Deilmann\" \/>\n<meta property=\"article:modified_time\" content=\"2023-05-11T14:24:49+00:00\" \/>\n<meta name=\"twitter:card\" content=\"summary_large_image\" \/>\n<meta name=\"twitter:label1\" content=\"Tiempo de lectura\" \/>\n\t<meta name=\"twitter:data1\" content=\"5 minutos\" \/>\n<script type=\"application\/ld+json\" class=\"yoast-schema-graph\">{\"@context\":\"https:\\\/\\\/schema.org\",\"@graph\":[{\"@type\":\"WebPage\",\"@id\":\"https:\\\/\\\/klasmann-deilmann.com\\\/es\\\/ambitos-de-aplicacion\\\/plantas-de-maceta\\\/\",\"url\":\"https:\\\/\\\/klasmann-deilmann.com\\\/es\\\/ambitos-de-aplicacion\\\/plantas-de-maceta\\\/\",\"name\":\"Plantas de maceta - Klasmann-Deilmann\",\"isPartOf\":{\"@id\":\"https:\\\/\\\/klasmann-deilmann.com\\\/en\\\/#website\"},\"datePublished\":\"2021-07-29T10:50:26+00:00\",\"dateModified\":\"2023-05-11T14:24:49+00:00\",\"breadcrumb\":{\"@id\":\"https:\\\/\\\/klasmann-deilmann.com\\\/es\\\/ambitos-de-aplicacion\\\/plantas-de-maceta\\\/#breadcrumb\"},\"inLanguage\":\"es\",\"potentialAction\":[{\"@type\":\"ReadAction\",\"target\":[\"https:\\\/\\\/klasmann-deilmann.com\\\/es\\\/ambitos-de-aplicacion\\\/plantas-de-maceta\\\/\"]}]},{\"@type\":\"BreadcrumbList\",\"@id\":\"https:\\\/\\\/klasmann-deilmann.com\\\/es\\\/ambitos-de-aplicacion\\\/plantas-de-maceta\\\/#breadcrumb\",\"itemListElement\":[{\"@type\":\"ListItem\",\"position\":1,\"name\":\"Home\",\"item\":\"https:\\\/\\\/klasmann-deilmann.com\\\/es\\\/\"},{\"@type\":\"ListItem\",\"position\":2,\"name\":\"\u00c1mbitos de aplicaci\u00f3n\",\"item\":\"https:\\\/\\\/klasmann-deilmann.com\\\/es\\\/ambitos-de-aplicacion\\\/\"},{\"@type\":\"ListItem\",\"position\":3,\"name\":\"Plantas de maceta\"}]},{\"@type\":\"WebSite\",\"@id\":\"https:\\\/\\\/klasmann-deilmann.com\\\/en\\\/#website\",\"url\":\"https:\\\/\\\/klasmann-deilmann.com\\\/en\\\/\",\"name\":\"Klasmann-Deilmann\",\"description\":\"\",\"potentialAction\":[{\"@type\":\"SearchAction\",\"target\":{\"@type\":\"EntryPoint\",\"urlTemplate\":\"https:\\\/\\\/klasmann-deilmann.com\\\/en\\\/?s={search_term_string}\"},\"query-input\":{\"@type\":\"PropertyValueSpecification\",\"valueRequired\":true,\"valueName\":\"search_term_string\"}}],\"inLanguage\":\"es\"}]}<\/script>\n<!-- \/ Yoast SEO plugin. -->","yoast_head_json":{"title":"Plantas de maceta - Klasmann-Deilmann","robots":{"index":"index","follow":"follow","max-snippet":"max-snippet:-1","max-image-preview":"max-image-preview:large","max-video-preview":"max-video-preview:-1"},"canonical":"https:\/\/klasmann-deilmann.com\/es\/ambitos-de-aplicacion\/plantas-de-maceta\/","og_locale":"es_ES","og_type":"article","og_title":"Plantas de maceta - Klasmann-Deilmann","og_description":"[vc_row][vc_column][kd_header_random_image_banner image=\u00bb36692&#8243;][\/kd_header_random_image_banner][\/vc_column][\/vc_row][vc_row css=\u00bb.vc_custom_1627996958238{padding-bottom: 50px !important;}\u00bb][vc_column][vc_row_inner][vc_column_inner][vc_column_text] Sustratos de maceta ADVANCED [\/vc_column_text][\/vc_column_inner][\/vc_row_inner][vc_row_inner][vc_column_inner][vc_column_text] El enfoque moderno para el cultivo de plantas de maceta [\/vc_column_text][\/vc_column_inner][vc_column_inner width=\u00bb1\/2&#8243;][vc_column_text]Los sistemas de riego modernos demandan sustratos que garanticen una capacidad de aireaci\u00f3n uniforme y una alta estabilidad estructural, as\u00ed como un drenaje fiable y una intensa distribuci\u00f3n de agua por capilaridad. Una combinaci\u00f3n de estables fracciones de turba rubia en bloques con perlita o GreenFibre\u00ae ha demostrado ser \u00f3ptima para satisfacer estas exigencias. Tanto GreenFibre\u00ae como la perlita","og_url":"https:\/\/klasmann-deilmann.com\/es\/ambitos-de-aplicacion\/plantas-de-maceta\/","og_site_name":"Klasmann-Deilmann","article_modified_time":"2023-05-11T14:24:49+00:00","twitter_card":"summary_large_image","twitter_misc":{"Tiempo de lectura":"5 minutos"},"schema":{"@context":"https:\/\/schema.org","@graph":[{"@type":"WebPage","@id":"https:\/\/klasmann-deilmann.com\/es\/ambitos-de-aplicacion\/plantas-de-maceta\/","url":"https:\/\/klasmann-deilmann.com\/es\/ambitos-de-aplicacion\/plantas-de-maceta\/","name":"Plantas de maceta - Klasmann-Deilmann","isPartOf":{"@id":"https:\/\/klasmann-deilmann.com\/en\/#website"},"datePublished":"2021-07-29T10:50:26+00:00","dateModified":"2023-05-11T14:24:49+00:00","breadcrumb":{"@id":"https:\/\/klasmann-deilmann.com\/es\/ambitos-de-aplicacion\/plantas-de-maceta\/#breadcrumb"},"inLanguage":"es","potentialAction":[{"@type":"ReadAction","target":["https:\/\/klasmann-deilmann.com\/es\/ambitos-de-aplicacion\/plantas-de-maceta\/"]}]},{"@type":"BreadcrumbList","@id":"https:\/\/klasmann-deilmann.com\/es\/ambitos-de-aplicacion\/plantas-de-maceta\/#breadcrumb","itemListElement":[{"@type":"ListItem","position":1,"name":"Home","item":"https:\/\/klasmann-deilmann.com\/es\/"},{"@type":"ListItem","position":2,"name":"\u00c1mbitos de aplicaci\u00f3n","item":"https:\/\/klasmann-deilmann.com\/es\/ambitos-de-aplicacion\/"},{"@type":"ListItem","position":3,"name":"Plantas de maceta"}]},{"@type":"WebSite","@id":"https:\/\/klasmann-deilmann.com\/en\/#website","url":"https:\/\/klasmann-deilmann.com\/en\/","name":"Klasmann-Deilmann","description":"","potentialAction":[{"@type":"SearchAction","target":{"@type":"EntryPoint","urlTemplate":"https:\/\/klasmann-deilmann.com\/en\/?s={search_term_string}"},"query-input":{"@type":"PropertyValueSpecification","valueRequired":true,"valueName":"search_term_string"}}],"inLanguage":"es"}]}},"_links":{"self":[{"href":"https:\/\/klasmann-deilmann.com\/es\/wp-json\/wp\/v2\/pages\/76784","targetHints":{"allow":["GET"]}}],"collection":[{"href":"https:\/\/klasmann-deilmann.com\/es\/wp-json\/wp\/v2\/pages"}],"about":[{"href":"https:\/\/klasmann-deilmann.com\/es\/wp-json\/wp\/v2\/types\/page"}],"author":[{"embeddable":true,"href":"https:\/\/klasmann-deilmann.com\/es\/wp-json\/wp\/v2\/users\/2"}],"replies":[{"embeddable":true,"href":"https:\/\/klasmann-deilmann.com\/es\/wp-json\/wp\/v2\/comments?post=76784"}],"version-history":[{"count":3,"href":"https:\/\/klasmann-deilmann.com\/es\/wp-json\/wp\/v2\/pages\/76784\/revisions"}],"predecessor-version":[{"id":76790,"href":"https:\/\/klasmann-deilmann.com\/es\/wp-json\/wp\/v2\/pages\/76784\/revisions\/76790"}],"up":[{"embeddable":true,"href":"https:\/\/klasmann-deilmann.com\/es\/wp-json\/wp\/v2\/pages\/76747"}],"wp:attachment":[{"href":"https:\/\/klasmann-deilmann.com\/es\/wp-json\/wp\/v2\/media?parent=76784"}],"curies":[{"name":"wp","href":"https:\/\/api.w.org\/{rel}","templated":true}]}}