{"id":76780,"date":"2021-08-10T14:39:37","date_gmt":"2021-08-10T12:39:37","guid":{"rendered":"https:\/\/klasmann-deilmann.com\/ambitos-de-aplicacion\/plantas-de-temporada\/bedding-substrates\/"},"modified":"2023-05-11T16:12:29","modified_gmt":"2023-05-11T14:12:29","slug":"sustratos-para-plantas-de-temporada","status":"publish","type":"page","link":"https:\/\/klasmann-deilmann.com\/es\/ambitos-de-aplicacion\/plantas-de-temporada\/sustratos-para-plantas-de-temporada\/","title":{"rendered":"Sustratos para plantas de temporada"},"content":{"rendered":"<div class=\"wpb-content-wrapper\">[vc_row][vc_column][kd_header_random_image_banner image=\u00bb34500&#8243;][\/kd_header_random_image_banner][\/vc_column][\/vc_row][vc_section el_id=\u00bbts3-medium-basic-greenfibre\u00bb][vc_row][vc_column][kd_single_products productselect=\u00bb34702&#8243;][kd_accordion_custom color=\u00bbkdgreen\u00bb shape=\u00bbsquare\u00bb collapsible_all=\u00bbtrue\u00bb active_section=\u00bb99&#8243;][vc_tta_section title=\u00bbResultados del cultivo\u00bb tab_id=\u00bbcrop-results\u00bb][vc_row_inner][vc_column_inner width=\u00bb1\/2&#8243;][vc_column_text]<img loading=\"lazy\" decoding=\"async\" width=\"1873\" height=\"1510\" class=\"alignnone size-full wp-image-34706\" src=\"\/wp-content\/uploads\/15\ufffd-GF-links.jpg\" alt=\"\" srcset=\"https:\/\/klasmann-deilmann.com\/wp-content\/uploads\/15\ufffd-GF-links.jpg 1873w, https:\/\/klasmann-deilmann.com\/wp-content\/uploads\/15\ufffd-GF-links-300x242.jpg 300w, https:\/\/klasmann-deilmann.com\/wp-content\/uploads\/15\ufffd-GF-links-1024x826.jpg 1024w, https:\/\/klasmann-deilmann.com\/wp-content\/uploads\/15\ufffd-GF-links-768x619.jpg 768w, https:\/\/klasmann-deilmann.com\/wp-content\/uploads\/15\ufffd-GF-links-1536x1238.jpg 1536w\" sizes=\"auto, (max-width: 1873px) 100vw, 1873px\" \/>Mejor desarrollo radicular en TS 3 con un 20\u2009% de GreenFibre\u00ae (izquierda) en comparaci\u00f3n con el sustrato de maceta est\u00e1ndar con un 10\u2009% de perlita (derecha)[\/vc_column_text][\/vc_column_inner][vc_column_inner width=\u00bb1\/2&#8243;][vc_column_text el_class=\u00bbpluslist\u00bb]<strong>Observaciones pr\u00e1cticas:<\/strong><\/p>\n<ul>\n<li>Crecimiento muy homog\u00e9neo de las plantas<\/li>\n<li>Crecimiento radicular superior debido a un menor riesgo de anegamiento en la zona de las ra\u00edces<\/li>\n<li>Gesti\u00f3n de riego m\u00e1s f\u00e1cil, rehidrataci\u00f3n muy r\u00e1pida<\/li>\n<li>No hay efecto de \u201cborde seco\u201d en las mesas<\/li>\n<li>Con un programa normal de alimentaci\u00f3n l\u00edquida a base de nitratos, en l\u00ednea con la pr\u00e1ctica habitual, no hace falta una alimentaci\u00f3n especial<\/li>\n<li>Tambi\u00e9n ideal en combinaci\u00f3n con fertilizante de liberaci\u00f3n controlada<\/li>\n<li>El reducido peso del sustrato permite mayores vol\u00famenes de carga de cami\u00f3n<\/li>\n<\/ul>\n<p>[\/vc_column_text][\/vc_column_inner][\/vc_row_inner][\/vc_tta_section][\/kd_accordion_custom][\/vc_column][\/vc_row][\/vc_section][vc_section css=\u00bb.vc_custom_1629098221603{padding-top: 70px !important;}\u00bb el_id=\u00bbsubstrate-1-greenfibre\u00bb][vc_row][vc_column][kd_single_products productselect=\u00bb34703&#8243;][kd_accordion_custom color=\u00bbkdgreen\u00bb shape=\u00bbsquare\u00bb collapsible_all=\u00bbtrue\u00bb active_section=\u00bb99&#8243;][vc_tta_section title=\u00bbResultados del cultivo\u00bb tab_id=\u00bb1628239636513-d48bd298-5b88&#8243;][vc_row_inner][vc_column_inner width=\u00bb1\/2&#8243;][vc_column_text el_class=\u00bbpluslist\u00bb]<strong>Observaciones pr\u00e1cticas:<\/strong><\/p>\n<ul>\n<li>Mezcla universal para macetas peque\u00f1as de plantas de temporada<\/li>\n<li>Ideal para una amplia gama de plantas de temporada y vivaces<\/li>\n<li>R\u00e1pido desarrollo de ra\u00edces fibrosas activas<\/li>\n<li>Sin mermas durante el cultivo<\/li>\n<li>R\u00e1pido drenaje despu\u00e9s de riego o precipitaci\u00f3n<\/li>\n<li>La superficie del sustrato se seca m\u00e1s r\u00e1pidamente y previene el crecimiento de algas<\/li>\n<li>La f\u00e1cil rehidrataci\u00f3n ayuda a un enfoque de cultivo en seco para plantas compactas<\/li>\n<li>El reducido peso del sustrato permite mayores vol\u00famenes de carga de cami\u00f3n<\/li>\n<li>&nbsp;<\/li>\n<\/ul>\n<p>[\/vc_column_text][\/vc_column_inner][vc_column_inner width=\u00bb1\/2&#8243;][vc_column_text]<img loading=\"lazy\" decoding=\"async\" width=\"2560\" height=\"1215\" class=\"alignnone size-full wp-image-34712\" src=\"\/wp-content\/uploads\/Lavender_and_Bacopa_young_plants_freshly_potted.png\" alt=\"\" srcset=\"https:\/\/klasmann-deilmann.com\/wp-content\/uploads\/Lavender_and_Bacopa_young_plants_freshly_potted.png 2560w, https:\/\/klasmann-deilmann.com\/wp-content\/uploads\/Lavender_and_Bacopa_young_plants_freshly_potted-300x142.png 300w, https:\/\/klasmann-deilmann.com\/wp-content\/uploads\/Lavender_and_Bacopa_young_plants_freshly_potted-1024x486.png 1024w, https:\/\/klasmann-deilmann.com\/wp-content\/uploads\/Lavender_and_Bacopa_young_plants_freshly_potted-768x365.png 768w, https:\/\/klasmann-deilmann.com\/wp-content\/uploads\/Lavender_and_Bacopa_young_plants_freshly_potted-1536x729.png 1536w, https:\/\/klasmann-deilmann.com\/wp-content\/uploads\/Lavender_and_Bacopa_young_plants_freshly_potted-2048x972.png 2048w\" sizes=\"auto, (max-width: 2560px) 100vw, 2560px\" \/>Pl\u00e1ntulas de lavanda y Bacopa reci\u00e9n enmacetadas en Sustrato 1 con un 15\u2009% de GreenFibre\u00ae[\/vc_column_text][\/vc_column_inner][\/vc_row_inner][\/vc_tta_section][\/kd_accordion_custom][\/vc_column][\/vc_row][\/vc_section][vc_section css=\u00bb.vc_custom_1629098282475{padding-top: 70px !important;}\u00bb el_id=\u00bbbp-substrate-2-with-terraktiv-greenfibre\u00bb][vc_row][vc_column][kd_single_products productselect=\u00bb34704&#8243;][kd_accordion_custom color=\u00bbkdgreen\u00bb shape=\u00bbsquare\u00bb collapsible_all=\u00bbtrue\u00bb active_section=\u00bb99&#8243;][vc_tta_section title=\u00bbResultados del cultivo\u00bb tab_id=\u00bb1628607190671-b94dcdbd-cdab\u00bb][vc_row_inner][vc_column_inner width=\u00bb1\/2&#8243;][vc_column_text el_class=\u00bbpluslist\u00bb]<strong>Observaciones pr\u00e1cticas:<\/strong><\/p>\n<ul>\n<li>Excelentes resultados para una amplia gama de plantas de temporada y vivaces<\/li>\n<li>Se ha convertido en el sustrato est\u00e1ndar para grandes viveros del sur de Alemania<\/li>\n<li>Ha demostrado ser una f\u00f3rmula de sustrato perfecta para plantas vivaces<\/li>\n<li>Las plantas de temporada crecen ligeramente m\u00e1s compactas, lo que reduce la necesidad de regulador de crecimiento<\/li>\n<li>TerrAktiv\u00ae genera una elevada actividad microbiana, lo que da lugar a efectos supresores y estimula el crecimiento de las plantas<\/li>\n<li>Se puede emplear un 50\u2009% de componentes alternativos para reducir emisiones de carbono<\/li>\n<li>Buena combinaci\u00f3n de seguridad del cultivo y aspectos de sostenibilidad<\/li>\n<\/ul>\n<p>[\/vc_column_text][\/vc_column_inner][vc_column_inner width=\u00bb1\/2&#8243;][vc_column_text]<img loading=\"lazy\" decoding=\"async\" width=\"1920\" height=\"1268\" class=\"alignnone size-full wp-image-34717\" src=\"\/wp-content\/uploads\/Full_range_of_bedding_plant.png\" alt=\"\" srcset=\"https:\/\/klasmann-deilmann.com\/wp-content\/uploads\/Full_range_of_bedding_plant.png 1920w, https:\/\/klasmann-deilmann.com\/wp-content\/uploads\/Full_range_of_bedding_plant-300x198.png 300w, https:\/\/klasmann-deilmann.com\/wp-content\/uploads\/Full_range_of_bedding_plant-1024x676.png 1024w, https:\/\/klasmann-deilmann.com\/wp-content\/uploads\/Full_range_of_bedding_plant-768x507.png 768w, https:\/\/klasmann-deilmann.com\/wp-content\/uploads\/Full_range_of_bedding_plant-1536x1014.png 1536w\" sizes=\"auto, (max-width: 1920px) 100vw, 1920px\" \/>Completa gama de plantas de temporada cultivadas en f\u00f3rmula 872 listas para expedici\u00f3n (plantaci\u00f3n en Alemania)[\/vc_column_text][\/vc_column_inner][\/vc_row_inner][vc_row_inner][vc_column_inner][vc_column_text]<img loading=\"lazy\" decoding=\"async\" class=\"alignnone wp-image-34715 size-full\" src=\"https:\/\/klasmann-deilmann.com\/wp-content\/uploads\/Callibr-TonS-BP-e1628607845727.jpg\" alt=\"\" width=\"2560\" height=\"1196\" srcset=\"https:\/\/klasmann-deilmann.com\/wp-content\/uploads\/Callibr-TonS-BP-e1628607845727.jpg 2560w, https:\/\/klasmann-deilmann.com\/wp-content\/uploads\/Callibr-TonS-BP-e1628607845727-300x140.jpg 300w, https:\/\/klasmann-deilmann.com\/wp-content\/uploads\/Callibr-TonS-BP-e1628607845727-1024x478.jpg 1024w, https:\/\/klasmann-deilmann.com\/wp-content\/uploads\/Callibr-TonS-BP-e1628607845727-768x359.jpg 768w, https:\/\/klasmann-deilmann.com\/wp-content\/uploads\/Callibr-TonS-BP-e1628607845727-1536x718.jpg 1536w, https:\/\/klasmann-deilmann.com\/wp-content\/uploads\/Callibr-TonS-BP-e1628607845727-2048x957.jpg 2048w\" sizes=\"auto, (max-width: 2560px) 100vw, 2560px\" \/>Calibrachoa cultivada en sustrato de arcilla regular (100\u2009% de turba rubia con arcilla) en comparaci\u00f3n con la f\u00f3rmula ADVANCED de Sustrato BP 2 con 20\u2009% de TerrAktiv\u00ae + 30\u2009% de GreenFibre\u00ae (f\u00f3rmula 872)[\/vc_column_text][\/vc_column_inner][\/vc_row_inner][\/vc_tta_section][\/kd_accordion_custom][\/vc_column][\/vc_row][\/vc_section][vc_row css=\u00bb.vc_custom_1628596781167{margin-top: 70px !important;background-color: #414345 !important;}\u00bb][vc_column][vc_row_inner content_placement=\u00bbmiddle\u00bb][vc_column_inner width=\u00bb1\/2&#8243;][vc_column_text]<img loading=\"lazy\" decoding=\"async\" width=\"2560\" height=\"1788\" class=\"alignnone size-full wp-image-34601\" src=\"\/wp-content\/uploads\/organic-growing-1.jpg\" alt=\"\" srcset=\"https:\/\/klasmann-deilmann.com\/wp-content\/uploads\/organic-growing-1.jpg 2560w, https:\/\/klasmann-deilmann.com\/wp-content\/uploads\/organic-growing-1-300x210.jpg 300w, https:\/\/klasmann-deilmann.com\/wp-content\/uploads\/organic-growing-1-1024x715.jpg 1024w, https:\/\/klasmann-deilmann.com\/wp-content\/uploads\/organic-growing-1-768x536.jpg 768w, https:\/\/klasmann-deilmann.com\/wp-content\/uploads\/organic-growing-1-1536x1073.jpg 1536w, https:\/\/klasmann-deilmann.com\/wp-content\/uploads\/organic-growing-1-2048x1430.jpg 2048w\" sizes=\"auto, (max-width: 2560px) 100vw, 2560px\" \/>[\/vc_column_text][\/vc_column_inner][vc_column_inner width=\u00bb1\/2&#8243;][vc_column_text]<\/p>\n<h2 style=\"text-align: left;\">Cultivo org\u00e1nico:<\/h2>\n<h4>Si busca el sustrato adecuado para un cultivo org\u00e1nico, nuestros sustratos ProLine son la elecci\u00f3n perfecta. Se puede encontrar m\u00e1s informaci\u00f3n aqu\u00ed:<\/h4>\n<p>[\/vc_column_text][kd_download_button show_link_download1=\u00bblink\u00bb link1=\u00bburl:https%3A%2F%2Fklasmann-deilmann.com%2Fes%2Fproductos-y-soluciones%2Fsustratos-proline%2F|title:M%C3%A1s%20informaci%C3%B3n%20sobre%20ProLine\u00bb][\/vc_column_inner][\/vc_row_inner][\/vc_column][\/vc_row][vc_row css=\u00bb.vc_custom_1628596773135{padding-top: 70px !important;}\u00bb][vc_column][vc_row_inner content_placement=\u00bbmiddle\u00bb][vc_column_inner width=\u00bb1\/2&#8243;][vc_column_text]<\/p>\n<h2><strong>F\u00f3rmulas individuales:<\/strong><\/h2>\n<h4>Desde la propagaci\u00f3n hasta camas de plantaci\u00f3n, existen f\u00f3rmulas individuales para casi todos los \u00e1mbitos de aplicaci\u00f3n. Nuestra vasta experiencia asegura que podamos cumplir los requisitos f\u00edsicos y qu\u00edmicos exactos para sus productos hort\u00edcolas y su sistema de cultivo. Encuentre aqu\u00ed su contacto personal:<\/h4>\n<p>[\/vc_column_text][\/vc_column_inner][vc_column_inner width=\u00bb1\/2&#8243;][vc_column_text]<img loading=\"lazy\" decoding=\"async\" width=\"2560\" height=\"1707\" class=\"alignnone size-full wp-image-34604\" src=\"\/wp-content\/uploads\/individual_compositions.jpg\" alt=\"\" srcset=\"https:\/\/klasmann-deilmann.com\/wp-content\/uploads\/individual_compositions.jpg 2560w, https:\/\/klasmann-deilmann.com\/wp-content\/uploads\/individual_compositions-300x200.jpg 300w, https:\/\/klasmann-deilmann.com\/wp-content\/uploads\/individual_compositions-1024x683.jpg 1024w, https:\/\/klasmann-deilmann.com\/wp-content\/uploads\/individual_compositions-768x512.jpg 768w, https:\/\/klasmann-deilmann.com\/wp-content\/uploads\/individual_compositions-1536x1024.jpg 1536w, https:\/\/klasmann-deilmann.com\/wp-content\/uploads\/individual_compositions-2048x1366.jpg 2048w\" sizes=\"auto, (max-width: 2560px) 100vw, 2560px\" \/>[\/vc_column_text][\/vc_column_inner][\/vc_row_inner][\/vc_column][\/vc_row][vc_row css=\u00bb.vc_custom_1627485951011{padding-top: 50px !important;padding-bottom: 50px !important;}\u00bb][vc_column][kd_getintouch image=\u00bb32948&#8243;][\/vc_column][\/vc_row]<\/div>\n","protected":false},"excerpt":{"rendered":"<p>[vc_row][vc_column][kd_header_random_image_banner image=\u00bb34500&#8243;][\/kd_header_random_image_banner][\/vc_column][\/vc_row][vc_section el_id=\u00bbts3-medium-basic-greenfibre\u00bb][vc_row][vc_column][kd_single_products productselect=\u00bb34702&#8243;][kd_accordion_custom color=\u00bbkdgreen\u00bb shape=\u00bbsquare\u00bb collapsible_all=\u00bbtrue\u00bb active_section=\u00bb99&#8243;][vc_tta_section title=\u00bbResultados del cultivo\u00bb tab_id=\u00bbcrop-results\u00bb][vc_row_inner][vc_column_inner width=\u00bb1\/2&#8243;][vc_column_text]Mejor desarrollo radicular en TS 3 con un 20\u2009% de GreenFibre\u00ae (izquierda) en comparaci\u00f3n con el sustrato de maceta est\u00e1ndar con un 10\u2009% de perlita (derecha)[\/vc_column_text][\/vc_column_inner][vc_column_inner width=\u00bb1\/2&#8243;][vc_column_text el_class=\u00bbpluslist\u00bb]Observaciones pr\u00e1cticas: Crecimiento muy homog\u00e9neo de las plantas Crecimiento radicular superior debido a un menor riesgo de anegamiento en la zona de las ra\u00edces Gesti\u00f3n de riego m\u00e1s f\u00e1cil, rehidrataci\u00f3n muy r\u00e1pida No hay efecto de \u201cborde seco\u201d en las mesas<\/p>\n","protected":false},"author":7,"featured_media":0,"parent":76777,"menu_order":96,"comment_status":"closed","ping_status":"closed","template":"","meta":{"_acf_changed":false,"inline_featured_image":false,"footnotes":""},"class_list":["post-76780","page","type-page","status-publish","hentry"],"acf":[],"yoast_head":"<!-- This site is optimized with the Yoast SEO plugin v27.5 - https:\/\/yoast.com\/product\/yoast-seo-wordpress\/ -->\n<title>Sustratos para plantas de temporada - Klasmann-Deilmann<\/title>\n<meta name=\"robots\" content=\"index, follow, max-snippet:-1, max-image-preview:large, max-video-preview:-1\" \/>\n<link rel=\"canonical\" href=\"https:\/\/klasmann-deilmann.com\/es\/ambitos-de-aplicacion\/plantas-de-temporada\/sustratos-para-plantas-de-temporada\/\" \/>\n<meta property=\"og:locale\" content=\"es_ES\" \/>\n<meta property=\"og:type\" content=\"article\" \/>\n<meta property=\"og:title\" content=\"Sustratos para plantas de temporada - Klasmann-Deilmann\" \/>\n<meta property=\"og:description\" content=\"[vc_row][vc_column][kd_header_random_image_banner image=\u00bb34500&#8243;][\/kd_header_random_image_banner][\/vc_column][\/vc_row][vc_section el_id=\u00bbts3-medium-basic-greenfibre\u00bb][vc_row][vc_column][kd_single_products productselect=\u00bb34702&#8243;][kd_accordion_custom color=\u00bbkdgreen\u00bb shape=\u00bbsquare\u00bb collapsible_all=\u00bbtrue\u00bb active_section=\u00bb99&#8243;][vc_tta_section title=\u00bbResultados del cultivo\u00bb tab_id=\u00bbcrop-results\u00bb][vc_row_inner][vc_column_inner width=\u00bb1\/2&#8243;][vc_column_text]Mejor desarrollo radicular en TS 3 con un 20\u2009% de GreenFibre\u00ae (izquierda) en comparaci\u00f3n con el sustrato de maceta est\u00e1ndar con un 10\u2009% de perlita (derecha)[\/vc_column_text][\/vc_column_inner][vc_column_inner width=\u00bb1\/2&#8243;][vc_column_text el_class=\u00bbpluslist\u00bb]Observaciones pr\u00e1cticas: Crecimiento muy homog\u00e9neo de las plantas Crecimiento radicular superior debido a un menor riesgo de anegamiento en la zona de las ra\u00edces Gesti\u00f3n de riego m\u00e1s f\u00e1cil, rehidrataci\u00f3n muy r\u00e1pida No hay efecto de \u201cborde seco\u201d en las mesas\" \/>\n<meta property=\"og:url\" content=\"https:\/\/klasmann-deilmann.com\/es\/ambitos-de-aplicacion\/plantas-de-temporada\/sustratos-para-plantas-de-temporada\/\" \/>\n<meta property=\"og:site_name\" content=\"Klasmann-Deilmann\" \/>\n<meta property=\"article:modified_time\" content=\"2023-05-11T14:12:29+00:00\" \/>\n<meta property=\"og:image\" content=\"https:\/\/klasmann-deilmann.com\/wp-content\/uploads\/Callibr-TonS-BP-e1628607845727.jpg\" \/>\n<meta name=\"twitter:card\" content=\"summary_large_image\" \/>\n<meta name=\"twitter:label1\" content=\"Tiempo de lectura\" \/>\n\t<meta name=\"twitter:data1\" content=\"4 minutos\" \/>\n<script type=\"application\/ld+json\" class=\"yoast-schema-graph\">{\"@context\":\"https:\\\/\\\/schema.org\",\"@graph\":[{\"@type\":\"WebPage\",\"@id\":\"https:\\\/\\\/klasmann-deilmann.com\\\/es\\\/ambitos-de-aplicacion\\\/plantas-de-temporada\\\/sustratos-para-plantas-de-temporada\\\/\",\"url\":\"https:\\\/\\\/klasmann-deilmann.com\\\/es\\\/ambitos-de-aplicacion\\\/plantas-de-temporada\\\/sustratos-para-plantas-de-temporada\\\/\",\"name\":\"Sustratos para plantas de temporada - Klasmann-Deilmann\",\"isPartOf\":{\"@id\":\"https:\\\/\\\/klasmann-deilmann.com\\\/en\\\/#website\"},\"primaryImageOfPage\":{\"@id\":\"https:\\\/\\\/klasmann-deilmann.com\\\/es\\\/ambitos-de-aplicacion\\\/plantas-de-temporada\\\/sustratos-para-plantas-de-temporada\\\/#primaryimage\"},\"image\":{\"@id\":\"https:\\\/\\\/klasmann-deilmann.com\\\/es\\\/ambitos-de-aplicacion\\\/plantas-de-temporada\\\/sustratos-para-plantas-de-temporada\\\/#primaryimage\"},\"thumbnailUrl\":\"https:\\\/\\\/klasmann-deilmann.com\\\/wp-content\\\/uploads\\\/Callibr-TonS-BP-e1628607845727.jpg\",\"datePublished\":\"2021-08-10T12:39:37+00:00\",\"dateModified\":\"2023-05-11T14:12:29+00:00\",\"breadcrumb\":{\"@id\":\"https:\\\/\\\/klasmann-deilmann.com\\\/es\\\/ambitos-de-aplicacion\\\/plantas-de-temporada\\\/sustratos-para-plantas-de-temporada\\\/#breadcrumb\"},\"inLanguage\":\"es\",\"potentialAction\":[{\"@type\":\"ReadAction\",\"target\":[\"https:\\\/\\\/klasmann-deilmann.com\\\/es\\\/ambitos-de-aplicacion\\\/plantas-de-temporada\\\/sustratos-para-plantas-de-temporada\\\/\"]}]},{\"@type\":\"ImageObject\",\"inLanguage\":\"es\",\"@id\":\"https:\\\/\\\/klasmann-deilmann.com\\\/es\\\/ambitos-de-aplicacion\\\/plantas-de-temporada\\\/sustratos-para-plantas-de-temporada\\\/#primaryimage\",\"url\":\"https:\\\/\\\/klasmann-deilmann.com\\\/wp-content\\\/uploads\\\/Callibr-TonS-BP-e1628607845727.jpg\",\"contentUrl\":\"https:\\\/\\\/klasmann-deilmann.com\\\/wp-content\\\/uploads\\\/Callibr-TonS-BP-e1628607845727.jpg\"},{\"@type\":\"BreadcrumbList\",\"@id\":\"https:\\\/\\\/klasmann-deilmann.com\\\/es\\\/ambitos-de-aplicacion\\\/plantas-de-temporada\\\/sustratos-para-plantas-de-temporada\\\/#breadcrumb\",\"itemListElement\":[{\"@type\":\"ListItem\",\"position\":1,\"name\":\"Home\",\"item\":\"https:\\\/\\\/klasmann-deilmann.com\\\/es\\\/\"},{\"@type\":\"ListItem\",\"position\":2,\"name\":\"\u00c1mbitos de aplicaci\u00f3n\",\"item\":\"https:\\\/\\\/klasmann-deilmann.com\\\/es\\\/ambitos-de-aplicacion\\\/\"},{\"@type\":\"ListItem\",\"position\":3,\"name\":\"Plantas de temporada\",\"item\":\"https:\\\/\\\/klasmann-deilmann.com\\\/es\\\/ambitos-de-aplicacion\\\/plantas-de-temporada\\\/\"},{\"@type\":\"ListItem\",\"position\":4,\"name\":\"Sustratos para plantas de temporada\"}]},{\"@type\":\"WebSite\",\"@id\":\"https:\\\/\\\/klasmann-deilmann.com\\\/en\\\/#website\",\"url\":\"https:\\\/\\\/klasmann-deilmann.com\\\/en\\\/\",\"name\":\"Klasmann-Deilmann\",\"description\":\"\",\"potentialAction\":[{\"@type\":\"SearchAction\",\"target\":{\"@type\":\"EntryPoint\",\"urlTemplate\":\"https:\\\/\\\/klasmann-deilmann.com\\\/en\\\/?s={search_term_string}\"},\"query-input\":{\"@type\":\"PropertyValueSpecification\",\"valueRequired\":true,\"valueName\":\"search_term_string\"}}],\"inLanguage\":\"es\"}]}<\/script>\n<!-- \/ Yoast SEO plugin. -->","yoast_head_json":{"title":"Sustratos para plantas de temporada - Klasmann-Deilmann","robots":{"index":"index","follow":"follow","max-snippet":"max-snippet:-1","max-image-preview":"max-image-preview:large","max-video-preview":"max-video-preview:-1"},"canonical":"https:\/\/klasmann-deilmann.com\/es\/ambitos-de-aplicacion\/plantas-de-temporada\/sustratos-para-plantas-de-temporada\/","og_locale":"es_ES","og_type":"article","og_title":"Sustratos para plantas de temporada - Klasmann-Deilmann","og_description":"[vc_row][vc_column][kd_header_random_image_banner image=\u00bb34500&#8243;][\/kd_header_random_image_banner][\/vc_column][\/vc_row][vc_section el_id=\u00bbts3-medium-basic-greenfibre\u00bb][vc_row][vc_column][kd_single_products productselect=\u00bb34702&#8243;][kd_accordion_custom color=\u00bbkdgreen\u00bb shape=\u00bbsquare\u00bb collapsible_all=\u00bbtrue\u00bb active_section=\u00bb99&#8243;][vc_tta_section title=\u00bbResultados del cultivo\u00bb tab_id=\u00bbcrop-results\u00bb][vc_row_inner][vc_column_inner width=\u00bb1\/2&#8243;][vc_column_text]Mejor desarrollo radicular en TS 3 con un 20\u2009% de GreenFibre\u00ae (izquierda) en comparaci\u00f3n con el sustrato de maceta est\u00e1ndar con un 10\u2009% de perlita (derecha)[\/vc_column_text][\/vc_column_inner][vc_column_inner width=\u00bb1\/2&#8243;][vc_column_text el_class=\u00bbpluslist\u00bb]Observaciones pr\u00e1cticas: Crecimiento muy homog\u00e9neo de las plantas Crecimiento radicular superior debido a un menor riesgo de anegamiento en la zona de las ra\u00edces Gesti\u00f3n de riego m\u00e1s f\u00e1cil, rehidrataci\u00f3n muy r\u00e1pida No hay efecto de \u201cborde seco\u201d en las mesas","og_url":"https:\/\/klasmann-deilmann.com\/es\/ambitos-de-aplicacion\/plantas-de-temporada\/sustratos-para-plantas-de-temporada\/","og_site_name":"Klasmann-Deilmann","article_modified_time":"2023-05-11T14:12:29+00:00","og_image":[{"url":"https:\/\/klasmann-deilmann.com\/wp-content\/uploads\/Callibr-TonS-BP-e1628607845727.jpg","type":"","width":"","height":""}],"twitter_card":"summary_large_image","twitter_misc":{"Tiempo de lectura":"4 minutos"},"schema":{"@context":"https:\/\/schema.org","@graph":[{"@type":"WebPage","@id":"https:\/\/klasmann-deilmann.com\/es\/ambitos-de-aplicacion\/plantas-de-temporada\/sustratos-para-plantas-de-temporada\/","url":"https:\/\/klasmann-deilmann.com\/es\/ambitos-de-aplicacion\/plantas-de-temporada\/sustratos-para-plantas-de-temporada\/","name":"Sustratos para plantas de temporada - Klasmann-Deilmann","isPartOf":{"@id":"https:\/\/klasmann-deilmann.com\/en\/#website"},"primaryImageOfPage":{"@id":"https:\/\/klasmann-deilmann.com\/es\/ambitos-de-aplicacion\/plantas-de-temporada\/sustratos-para-plantas-de-temporada\/#primaryimage"},"image":{"@id":"https:\/\/klasmann-deilmann.com\/es\/ambitos-de-aplicacion\/plantas-de-temporada\/sustratos-para-plantas-de-temporada\/#primaryimage"},"thumbnailUrl":"https:\/\/klasmann-deilmann.com\/wp-content\/uploads\/Callibr-TonS-BP-e1628607845727.jpg","datePublished":"2021-08-10T12:39:37+00:00","dateModified":"2023-05-11T14:12:29+00:00","breadcrumb":{"@id":"https:\/\/klasmann-deilmann.com\/es\/ambitos-de-aplicacion\/plantas-de-temporada\/sustratos-para-plantas-de-temporada\/#breadcrumb"},"inLanguage":"es","potentialAction":[{"@type":"ReadAction","target":["https:\/\/klasmann-deilmann.com\/es\/ambitos-de-aplicacion\/plantas-de-temporada\/sustratos-para-plantas-de-temporada\/"]}]},{"@type":"ImageObject","inLanguage":"es","@id":"https:\/\/klasmann-deilmann.com\/es\/ambitos-de-aplicacion\/plantas-de-temporada\/sustratos-para-plantas-de-temporada\/#primaryimage","url":"https:\/\/klasmann-deilmann.com\/wp-content\/uploads\/Callibr-TonS-BP-e1628607845727.jpg","contentUrl":"https:\/\/klasmann-deilmann.com\/wp-content\/uploads\/Callibr-TonS-BP-e1628607845727.jpg"},{"@type":"BreadcrumbList","@id":"https:\/\/klasmann-deilmann.com\/es\/ambitos-de-aplicacion\/plantas-de-temporada\/sustratos-para-plantas-de-temporada\/#breadcrumb","itemListElement":[{"@type":"ListItem","position":1,"name":"Home","item":"https:\/\/klasmann-deilmann.com\/es\/"},{"@type":"ListItem","position":2,"name":"\u00c1mbitos de aplicaci\u00f3n","item":"https:\/\/klasmann-deilmann.com\/es\/ambitos-de-aplicacion\/"},{"@type":"ListItem","position":3,"name":"Plantas de temporada","item":"https:\/\/klasmann-deilmann.com\/es\/ambitos-de-aplicacion\/plantas-de-temporada\/"},{"@type":"ListItem","position":4,"name":"Sustratos para plantas de temporada"}]},{"@type":"WebSite","@id":"https:\/\/klasmann-deilmann.com\/en\/#website","url":"https:\/\/klasmann-deilmann.com\/en\/","name":"Klasmann-Deilmann","description":"","potentialAction":[{"@type":"SearchAction","target":{"@type":"EntryPoint","urlTemplate":"https:\/\/klasmann-deilmann.com\/en\/?s={search_term_string}"},"query-input":{"@type":"PropertyValueSpecification","valueRequired":true,"valueName":"search_term_string"}}],"inLanguage":"es"}]}},"_links":{"self":[{"href":"https:\/\/klasmann-deilmann.com\/es\/wp-json\/wp\/v2\/pages\/76780","targetHints":{"allow":["GET"]}}],"collection":[{"href":"https:\/\/klasmann-deilmann.com\/es\/wp-json\/wp\/v2\/pages"}],"about":[{"href":"https:\/\/klasmann-deilmann.com\/es\/wp-json\/wp\/v2\/types\/page"}],"author":[{"embeddable":true,"href":"https:\/\/klasmann-deilmann.com\/es\/wp-json\/wp\/v2\/users\/7"}],"replies":[{"embeddable":true,"href":"https:\/\/klasmann-deilmann.com\/es\/wp-json\/wp\/v2\/comments?post=76780"}],"version-history":[{"count":2,"href":"https:\/\/klasmann-deilmann.com\/es\/wp-json\/wp\/v2\/pages\/76780\/revisions"}],"predecessor-version":[{"id":76782,"href":"https:\/\/klasmann-deilmann.com\/es\/wp-json\/wp\/v2\/pages\/76780\/revisions\/76782"}],"up":[{"embeddable":true,"href":"https:\/\/klasmann-deilmann.com\/es\/wp-json\/wp\/v2\/pages\/76777"}],"wp:attachment":[{"href":"https:\/\/klasmann-deilmann.com\/es\/wp-json\/wp\/v2\/media?parent=76780"}],"curies":[{"name":"wp","href":"https:\/\/api.w.org\/{rel}","templated":true}]}}