{"id":76777,"date":"2021-07-29T12:57:44","date_gmt":"2021-07-29T10:57:44","guid":{"rendered":"https:\/\/klasmann-deilmann.com\/ambitos-de-aplicacion\/bedding-plants\/"},"modified":"2023-05-11T16:13:28","modified_gmt":"2023-05-11T14:13:28","slug":"plantas-de-temporada","status":"publish","type":"page","link":"https:\/\/klasmann-deilmann.com\/es\/ambitos-de-aplicacion\/plantas-de-temporada\/","title":{"rendered":"Plantas de temporada"},"content":{"rendered":"<div class=\"wpb-content-wrapper\">[vc_row][vc_column][kd_header_random_image_banner image=\u00bb34809&#8243;][\/kd_header_random_image_banner][\/vc_column][\/vc_row][vc_row css=\u00bb.vc_custom_1627996958238{padding-bottom: 50px !important;}\u00bb][vc_column][vc_row_inner][vc_column_inner][vc_column_text]<\/p>\n<h2 style=\"text-align: left;\">Sustratos para plantas de temporada ADVANCED<\/h2>\n<p>[\/vc_column_text][\/vc_column_inner][\/vc_row_inner][vc_row_inner][vc_column_inner][vc_column_text]<\/p>\n<h3>Cultivo fiable y sostenible de plantas de temporada<\/h3>\n<p>[\/vc_column_text][\/vc_column_inner][vc_column_inner width=\u00bb1\/2&#8243;][vc_column_text]Siempre ha sido nuestro objetivo obtener resultados de cultivo superiores con sustratos perfectos. Por consiguiente, solo empleamos componentes alternativos probados y ensayados para mezclarlos con materias primas de turba de alta calidad.<\/p>\n<p>Por sus propiedades t\u00e9cnicas, la fibra de madera, la perlita, la m\u00e9dula de coco y el compost verde han demostrado ser una elecci\u00f3n ideal para este fin. Las plantas de temporada se benefician de un mejor crecimiento radicular, un desarrollo m\u00e1s sano de la planta y un aumento de la actividad microbiana en la zona de las ra\u00edces.<br \/>\n[\/vc_column_text][\/vc_column_inner][vc_column_inner width=\u00bb1\/2&#8243;][vc_column_text]Adem\u00e1s, nos esforzamos constantemente por aumentar la sostenibilidad de nuestros sustratos. El empleo de componentes alternativos para el cultivo de plantas de temporada contribuye significativamente a la consecuci\u00f3n de este objetivo. Estos aseguran la fiabilidad de nuestros sustratos y reducen el peso de los mismos, lo que permite mayores vol\u00famenes de transporte. El resultado es la reducci\u00f3n de emisiones de carbono procedentes del transporte y las materias primas.<\/p>\n<p>Simplemente ADVANCED<br \/>\n[\/vc_column_text][\/vc_column_inner][\/vc_row_inner][\/vc_column][\/vc_row][vc_section css=\u00bb.vc_custom_1628168027406{margin-top: -60px !important;}\u00bb][vc_row][vc_column width=\u00bb1\/2&#8243;][kd_accordion_custom color=\u00bbkdlightgray\u00bb shape=\u00bbsquare\u00bb collapsible_all=\u00bbtrue\u00bb active_section=\u00bb99&#8243;][vc_tta_section title=\u00bbTS 3 medio b\u00e1sico + GreenFibre\u00ae (426)\u00bb tab_id=\u00bb1628162971202-49d2226f-6c66&#8243;][vc_row_inner][vc_column_inner width=\u00bb1\/2&#8243; css=\u00bb.vc_custom_1628232877073{padding-left: 30px !important;}\u00bb][vc_column_text]<img loading=\"lazy\" decoding=\"async\" width=\"1389\" height=\"1659\" class=\"alignnone size-full wp-image-33108\" src=\"\/wp-content\/uploads\/kd_ts3_packshot.png\" alt=\"\" srcset=\"https:\/\/klasmann-deilmann.com\/wp-content\/uploads\/kd_ts3_packshot.png 1389w, https:\/\/klasmann-deilmann.com\/wp-content\/uploads\/kd_ts3_packshot-251x300.png 251w, https:\/\/klasmann-deilmann.com\/wp-content\/uploads\/kd_ts3_packshot-857x1024.png 857w, https:\/\/klasmann-deilmann.com\/wp-content\/uploads\/kd_ts3_packshot-768x917.png 768w, https:\/\/klasmann-deilmann.com\/wp-content\/uploads\/kd_ts3_packshot-1286x1536.png 1286w\" sizes=\"auto, (max-width: 1389px) 100vw, 1389px\" \/>[\/vc_column_text][\/vc_column_inner][vc_column_inner width=\u00bb1\/2&#8243; css=\u00bb.vc_custom_1628232893555{padding-top: 60px !important;}\u00bb][vc_column_text el_class=\u00bbpluslist\u00bb]<\/p>\n<ul>\n<li>Caracter\u00edsticas: buena retenci\u00f3n de agua combinada con una porosidad mejorada. Para repicado y replantaci\u00f3n<\/li>\n<li>Se usa para: plantas de temporada, plantas vivaces<\/li>\n<\/ul>\n<p>[\/vc_column_text][kd_download_button show_link_download1=\u00bblink\u00bb link1=\u00bburl:https%3A%2F%2Fklasmann-deilmann.com%2Fes%2Fambitos-de-aplicacion%2Fplantas-de-temporada%2Fsustratos-para-plantas-de-temporada%2F%23ts3-medium-basic-greenfibre|title:M%C3%A1s%20informaci%C3%B3n\u00bb][\/vc_column_inner][\/vc_row_inner][\/vc_tta_section][\/kd_accordion_custom][kd_accordion_custom color=\u00bbkdlightgray\u00bb shape=\u00bbsquare\u00bb collapsible_all=\u00bbtrue\u00bb active_section=\u00bb99&#8243;][vc_tta_section title=\u00bbSustrato BP 2 con 20\u2009% TerrAktiv\u00ae + 30\u2009% GreenFibre\u00ae (872)\u00bb tab_id=\u00bb1628170515775-2dca5936-cf1a\u00bb][vc_row_inner][vc_column_inner width=\u00bb1\/2&#8243;][vc_column_text]<img loading=\"lazy\" decoding=\"async\" width=\"1389\" height=\"1659\" class=\"alignnone size-full wp-image-33150\" src=\"\/wp-content\/uploads\/kd_bp-substrat_packshot.png\" alt=\"\" srcset=\"https:\/\/klasmann-deilmann.com\/wp-content\/uploads\/kd_bp-substrat_packshot.png 1389w, https:\/\/klasmann-deilmann.com\/wp-content\/uploads\/kd_bp-substrat_packshot-251x300.png 251w, https:\/\/klasmann-deilmann.com\/wp-content\/uploads\/kd_bp-substrat_packshot-857x1024.png 857w, https:\/\/klasmann-deilmann.com\/wp-content\/uploads\/kd_bp-substrat_packshot-768x917.png 768w, https:\/\/klasmann-deilmann.com\/wp-content\/uploads\/kd_bp-substrat_packshot-1286x1536.png 1286w\" sizes=\"auto, (max-width: 1389px) 100vw, 1389px\" \/>[\/vc_column_text][\/vc_column_inner][vc_column_inner width=\u00bb1\/2&#8243; css=\u00bb.vc_custom_1628233129626{padding-top: 60px !important;}\u00bb][vc_column_text el_class=\u00bbpluslist\u00bb]<\/p>\n<ul>\n<li>Caracter\u00edsticas: sustrato universal para plantas de temporada con capacidad de aireaci\u00f3n estable y actividad microbiana extra<\/li>\n<li>Se usa para: plantas de temporada, de terraza y arbustivas<\/li>\n<\/ul>\n<p>[\/vc_column_text][kd_download_button show_link_download1=\u00bblink\u00bb link1=\u00bburl:https%3A%2F%2Fklasmann-deilmann.com%2Fes%2Fambitos-de-aplicacion%2Fplantas-de-temporada%2Fsustratos-para-plantas-de-temporada%2F%23bp-substrate-2-with-terraktiv-greenfibre|title:M%C3%A1s%20informaci%C3%B3n\u00bb][\/vc_column_inner][\/vc_row_inner][\/vc_tta_section][\/kd_accordion_custom][\/vc_column][vc_column width=\u00bb1\/2&#8243;][kd_accordion_custom color=\u00bbkdlightgray\u00bb shape=\u00bbsquare\u00bb collapsible_all=\u00bbtrue\u00bb active_section=\u00bb99&#8243;][vc_tta_section title=\u00bbSustrato 1 + Greenfibre\u00ae (098)\u00bb tab_id=\u00bb1628162998315-53b4ac56-49b0&#8243;][vc_row_inner][vc_column_inner width=\u00bb1\/2&#8243; css=\u00bb.vc_custom_1628232967494{padding-left: 30px !important;}\u00bb][vc_column_text]<img loading=\"lazy\" decoding=\"async\" width=\"1389\" height=\"1659\" class=\"alignnone size-full wp-image-33162\" src=\"\/wp-content\/uploads\/kd_substrat1_packshot.png\" alt=\"\" srcset=\"https:\/\/klasmann-deilmann.com\/wp-content\/uploads\/kd_substrat1_packshot.png 1389w, https:\/\/klasmann-deilmann.com\/wp-content\/uploads\/kd_substrat1_packshot-251x300.png 251w, https:\/\/klasmann-deilmann.com\/wp-content\/uploads\/kd_substrat1_packshot-857x1024.png 857w, https:\/\/klasmann-deilmann.com\/wp-content\/uploads\/kd_substrat1_packshot-768x917.png 768w, https:\/\/klasmann-deilmann.com\/wp-content\/uploads\/kd_substrat1_packshot-1286x1536.png 1286w\" sizes=\"auto, (max-width: 1389px) 100vw, 1389px\" \/>[\/vc_column_text][\/vc_column_inner][vc_column_inner width=\u00bb1\/2&#8243; css=\u00bb.vc_custom_1628233009402{padding-top: 60px !important;}\u00bb][vc_column_text el_class=\u00bbpluslist\u00bb]<\/p>\n<ul>\n<li>Caracter\u00edsticas: sustrato polivalente para repicado y replantaci\u00f3n<\/li>\n<li>Se usa para: plantas de temporada y de terraza<\/li>\n<\/ul>\n<p>[\/vc_column_text][kd_download_button show_link_download1=\u00bblink\u00bb link1=\u00bburl:https%3A%2F%2Fklasmann-deilmann.com%2Fes%2Fambitos-de-aplicacion%2Fplantas-de-temporada%2Fsustratos-para-plantas-de-temporada%2F%23substrate-1-greenfibre|title:M%C3%A1s%20informaci%C3%B3n\u00bb][\/vc_column_inner][\/vc_row_inner][\/vc_tta_section][\/kd_accordion_custom][kd_download_button show_link_download1=\u00bbdownload\u00bb download1=\u00bb36743&#8243; showinpdfreader=\u00bbtrue\u00bb][\/vc_column][\/vc_row][\/vc_section][vc_row css=\u00bb.vc_custom_1628599117043{margin-top: 50px !important;padding-top: 30px !important;padding-bottom: 70px !important;background-image: url(https:\/\/klasmann-deilmann.com\/wp-content\/uploads\/substrates_with_greenfibre-1.jpg?id=34648) !important;background-position: center !important;background-repeat: no-repeat !important;background-size: cover !important;}\u00bb][vc_column][vc_row_inner][vc_column_inner][kd_quote source_text=\u00bbAnja Fritzen, asesor t\u00e9cnico, Klasmann-Deilmann (Alemania)\u00bb posarrow=\u00bbptopright\u00bb]\u201cGreenFibre\u00ae permite a la superficie del sustrato secarse m\u00e1s r\u00e1pidamente. La formaci\u00f3n de algas ya no es un problema y los cultivos son menos susceptibles a las enfermedades. Sobre todo en sistemas de inundaci\u00f3n y drenaje, el sustrato absorbe el agua muy r\u00e1pidamente y la distribuye bien por todo el cepell\u00f3n.\u201d[\/kd_quote][\/vc_column_inner][\/vc_row_inner][\/vc_column][\/vc_row][vc_row][vc_column][vc_row_inner][vc_column_inner][vc_column_text]<\/p>\n<h2>Sea ADVANCED \u2013 con componentes alternativos ideales<\/h2>\n<p>[\/vc_column_text][\/vc_column_inner][\/vc_row_inner][\/vc_column][\/vc_row][vc_section][vc_row][vc_column][kd_accordion_custom color=\u00bbkdgreen\u00bb shape=\u00bbsquare\u00bb gap=\u00bb20&#8243; collapsible_all=\u00bbtrue\u00bb active_section=\u00bb99&#8243;][vc_tta_section title=\u00bbGreenFibre\u00ae\u00bb tab_id=\u00bbgreenfibre\u00bb][vc_row_inner][vc_column_inner width=\u00bb1\/2&#8243;][vc_column_text]Nuestra GreenFibre\u00ae fina se trata en molinos especiales para obtener una estructura espec\u00edfica media-fina y muy suelta. Esto asegura una mezcla perfecta y una distribuci\u00f3n homog\u00e9nea en el sustrato.<br \/>\nLos sustratos con GreenFibre\u00ae presentan una r\u00e1pida distribuci\u00f3n del agua capilar dentro de toda la zona radicular, lo que supone una importante ventaja p. ej. en sistemas de riego por inundaci\u00f3n y drenaje. Esto asegura una f\u00e1cil gesti\u00f3n del riego, especialmente al cultivar con m\u00e9todos de cultivo con riego deficitario controlado para un crecimiento compacto de las plantas.<\/p>\n<p>GreenFibre\u00ae se puede emplear en sustratos para plantas de temporada en una proporci\u00f3n de entre el 15\u2009% y el 30\u2009% del volumen. Si se combina con turba m\u00e1s descompuesta, la proporci\u00f3n de agua f\u00e1cilmente disponible para las plantas permanece estable. Por lo tanto, hasta un a\u00f1adido del 25\u2009% del volumen de la mezcla, hay pocas diferencias en el comportamiento del riego. No obstante, la superficie de las macetas se mantiene m\u00e1s seca y se reduce el riesgo de enfermedades de las ra\u00edces. Un programa de alimentaci\u00f3n l\u00edquida a base de nitratos, en l\u00ednea con la pr\u00e1ctica habitual, lleva a resultados de crecimiento ideales.<br \/>\n[\/vc_column_text][kd_download_button show_link_download1=\u00bblink\u00bb link1=\u00bburl:https%3A%2F%2Fklasmann-deilmann.com%2Fes%2Fproductos-y-soluciones%2Fmaterias-primas%2Fgreenfibre%2F|title:Conocer%20m%C3%A1s%20detalles\u00bb][\/vc_column_inner][vc_column_inner width=\u00bb1\/2&#8243;][vc_column_text]<img loading=\"lazy\" decoding=\"async\" width=\"1536\" height=\"2048\" class=\"alignnone size-full wp-image-35216\" src=\"\/wp-content\/uploads\/bedding_greenfibre.jpg\" alt=\"\" srcset=\"https:\/\/klasmann-deilmann.com\/wp-content\/uploads\/bedding_greenfibre.jpg 1536w, https:\/\/klasmann-deilmann.com\/wp-content\/uploads\/bedding_greenfibre-225x300.jpg 225w, https:\/\/klasmann-deilmann.com\/wp-content\/uploads\/bedding_greenfibre-768x1024.jpg 768w, https:\/\/klasmann-deilmann.com\/wp-content\/uploads\/bedding_greenfibre-1152x1536.jpg 1152w\" sizes=\"auto, (max-width: 1536px) 100vw, 1536px\" \/>[\/vc_column_text][\/vc_column_inner][\/vc_row_inner][\/vc_tta_section][vc_tta_section title=\u00bbCompost verde TerrAktiv\u00ae \u2013 para plantas de temporada sanas\u00bb tab_id=\u00bbterraktiv-plus\u00bb][vc_row_inner][vc_column_inner width=\u00bb1\/2&#8243;][vc_column_text el_class=\u00bbpluslist\u00bb]Llevamos m\u00e1s de 30 a\u00f1os empleando compost verde TerrAktiv\u00ae en los sustratos, ya que es un bioestimulante natural, renovable y muy eficiente, con muchos efectos positivos para el cultivo:<\/p>\n<ul>\n<li>Genera una elevada actividad microbiana<\/li>\n<li>Presenta efectos supresores sobre pat\u00f3genos transmitidos por el suelo<\/li>\n<li>Estimula el desarrollo radicular y el crecimiento de la planta<\/li>\n<\/ul>\n<p>A\u00f1adir TerrAktiv\u00ae en un 10\u2009% del volumen ya es suficiente para conseguir estos efectos.[\/vc_column_text][kd_download_button show_link_download1=\u00bblink\u00bb link1=\u00bburl:https%3A%2F%2Fklasmann-deilmann.com%2Fes%2Fproductos-y-soluciones%2Fmaterias-primas%2Fterraktiv-ft%2F|title:Conocer%20m%C3%A1s%20detalles\u00bb][\/vc_column_inner][vc_column_inner width=\u00bb1\/2&#8243;][vc_column_text]<img loading=\"lazy\" decoding=\"async\" width=\"2560\" height=\"1920\" class=\"alignnone size-full wp-image-34842\" src=\"\/wp-content\/uploads\/TerrAktiv.jpg\" alt=\"\" srcset=\"https:\/\/klasmann-deilmann.com\/wp-content\/uploads\/TerrAktiv.jpg 2560w, https:\/\/klasmann-deilmann.com\/wp-content\/uploads\/TerrAktiv-300x225.jpg 300w, https:\/\/klasmann-deilmann.com\/wp-content\/uploads\/TerrAktiv-1024x768.jpg 1024w, https:\/\/klasmann-deilmann.com\/wp-content\/uploads\/TerrAktiv-768x576.jpg 768w, https:\/\/klasmann-deilmann.com\/wp-content\/uploads\/TerrAktiv-1536x1152.jpg 1536w, https:\/\/klasmann-deilmann.com\/wp-content\/uploads\/TerrAktiv-2048x1536.jpg 2048w\" sizes=\"auto, (max-width: 2560px) 100vw, 2560px\" \/>[\/vc_column_text][\/vc_column_inner][\/vc_row_inner][\/vc_tta_section][\/kd_accordion_custom][\/vc_column][\/vc_row][\/vc_section][vc_row css=\u00bb.vc_custom_1628171821663{padding-top: 30px !important;padding-bottom: 70px !important;background-color: #414345 !important;}\u00bb][vc_column][vc_row_inner][vc_column_inner width=\u00bb1\/2&#8243;][vc_column_text]<img loading=\"lazy\" decoding=\"async\" width=\"2560\" height=\"1708\" class=\"alignnone size-full wp-image-34809\" src=\"\/wp-content\/uploads\/bedding_plants-1.jpg\" alt=\"\" srcset=\"https:\/\/klasmann-deilmann.com\/wp-content\/uploads\/bedding_plants-1.jpg 2560w, https:\/\/klasmann-deilmann.com\/wp-content\/uploads\/bedding_plants-1-300x200.jpg 300w, https:\/\/klasmann-deilmann.com\/wp-content\/uploads\/bedding_plants-1-1024x683.jpg 1024w, https:\/\/klasmann-deilmann.com\/wp-content\/uploads\/bedding_plants-1-768x512.jpg 768w, https:\/\/klasmann-deilmann.com\/wp-content\/uploads\/bedding_plants-1-1536x1025.jpg 1536w, https:\/\/klasmann-deilmann.com\/wp-content\/uploads\/bedding_plants-1-2048x1366.jpg 2048w\" sizes=\"auto, (max-width: 2560px) 100vw, 2560px\" \/>[\/vc_column_text][\/vc_column_inner][vc_column_inner width=\u00bb1\/2&#8243;][vc_column_text]<\/p>\n<h2>Ventajas de los sustratos para plantas de temporada ADVANCED con GreenFibre\u00ae<\/h2>\n<p>[\/vc_column_text][vc_column_text el_class=\u00bbpluslist\u00bb]<\/p>\n<ul>\n<li>Mejor capilaridad del sustrato<\/li>\n<li>Mayor capacidad de aireaci\u00f3n para un desarrollo radicular sano y r\u00e1pido<\/li>\n<li>Drenaje fiable y mejor estabilidad estructural<\/li>\n<li>Rehidrataci\u00f3n m\u00e1s f\u00e1cil del sustrato<\/li>\n<li>Superficie m\u00e1s seca, menor crecimiento de algas y hep\u00e1ticas<\/li>\n<li>Estable balance de nitr\u00f3geno para adaptarse a un r\u00e9gimen alimenticio normal<\/li>\n<li>Bajo peso, costes de transporte reducidos<\/li>\n<li>Materia prima renovable procedente de silvicultura sostenible<\/li>\n<\/ul>\n<p>[\/vc_column_text][\/vc_column_inner][\/vc_row_inner][\/vc_column][\/vc_row][vc_row css=\u00bb.vc_custom_1628762933333{margin-top: 70px !important;}\u00bb][vc_column][kd_getintouch image=\u00bb32948&#8243;][\/vc_column][\/vc_row]<\/p><\/div>\n","protected":false},"excerpt":{"rendered":"<p>[vc_row][vc_column][kd_header_random_image_banner image=\u00bb34809&#8243;][\/kd_header_random_image_banner][\/vc_column][\/vc_row][vc_row css=\u00bb.vc_custom_1627996958238{padding-bottom: 50px !important;}\u00bb][vc_column][vc_row_inner][vc_column_inner][vc_column_text] Sustratos para plantas de temporada ADVANCED [\/vc_column_text][\/vc_column_inner][\/vc_row_inner][vc_row_inner][vc_column_inner][vc_column_text] Cultivo fiable y sostenible de plantas de temporada [\/vc_column_text][\/vc_column_inner][vc_column_inner width=\u00bb1\/2&#8243;][vc_column_text]Siempre ha sido nuestro objetivo obtener resultados de cultivo superiores con sustratos perfectos. Por consiguiente, solo empleamos componentes alternativos probados y ensayados para mezclarlos con materias primas de turba de alta calidad. Por sus propiedades t\u00e9cnicas, la fibra de madera, la perlita, la m\u00e9dula de coco y el compost verde han demostrado ser una elecci\u00f3n ideal para este fin.<\/p>\n","protected":false},"author":2,"featured_media":0,"parent":76747,"menu_order":89,"comment_status":"closed","ping_status":"closed","template":"","meta":{"_acf_changed":false,"inline_featured_image":false,"footnotes":""},"class_list":["post-76777","page","type-page","status-publish","hentry"],"acf":[],"yoast_head":"<!-- This site is optimized with the Yoast SEO plugin v27.3 - https:\/\/yoast.com\/product\/yoast-seo-wordpress\/ -->\n<title>Plantas de temporada - Klasmann-Deilmann<\/title>\n<meta name=\"robots\" content=\"index, follow, max-snippet:-1, max-image-preview:large, max-video-preview:-1\" \/>\n<link rel=\"canonical\" href=\"https:\/\/klasmann-deilmann.com\/es\/ambitos-de-aplicacion\/plantas-de-temporada\/\" \/>\n<meta property=\"og:locale\" content=\"es_ES\" \/>\n<meta property=\"og:type\" content=\"article\" \/>\n<meta property=\"og:title\" content=\"Plantas de temporada - Klasmann-Deilmann\" \/>\n<meta property=\"og:description\" content=\"[vc_row][vc_column][kd_header_random_image_banner image=\u00bb34809&#8243;][\/kd_header_random_image_banner][\/vc_column][\/vc_row][vc_row css=\u00bb.vc_custom_1627996958238{padding-bottom: 50px !important;}\u00bb][vc_column][vc_row_inner][vc_column_inner][vc_column_text] Sustratos para plantas de temporada ADVANCED [\/vc_column_text][\/vc_column_inner][\/vc_row_inner][vc_row_inner][vc_column_inner][vc_column_text] Cultivo fiable y sostenible de plantas de temporada [\/vc_column_text][\/vc_column_inner][vc_column_inner width=\u00bb1\/2&#8243;][vc_column_text]Siempre ha sido nuestro objetivo obtener resultados de cultivo superiores con sustratos perfectos. Por consiguiente, solo empleamos componentes alternativos probados y ensayados para mezclarlos con materias primas de turba de alta calidad. Por sus propiedades t\u00e9cnicas, la fibra de madera, la perlita, la m\u00e9dula de coco y el compost verde han demostrado ser una elecci\u00f3n ideal para este fin.\" \/>\n<meta property=\"og:url\" content=\"https:\/\/klasmann-deilmann.com\/es\/ambitos-de-aplicacion\/plantas-de-temporada\/\" \/>\n<meta property=\"og:site_name\" content=\"Klasmann-Deilmann\" \/>\n<meta property=\"article:modified_time\" content=\"2023-05-11T14:13:28+00:00\" \/>\n<meta name=\"twitter:card\" content=\"summary_large_image\" \/>\n<meta name=\"twitter:label1\" content=\"Tiempo de lectura\" \/>\n\t<meta name=\"twitter:data1\" content=\"5 minutos\" \/>\n<script type=\"application\/ld+json\" class=\"yoast-schema-graph\">{\"@context\":\"https:\\\/\\\/schema.org\",\"@graph\":[{\"@type\":\"WebPage\",\"@id\":\"https:\\\/\\\/klasmann-deilmann.com\\\/es\\\/ambitos-de-aplicacion\\\/plantas-de-temporada\\\/\",\"url\":\"https:\\\/\\\/klasmann-deilmann.com\\\/es\\\/ambitos-de-aplicacion\\\/plantas-de-temporada\\\/\",\"name\":\"Plantas de temporada - Klasmann-Deilmann\",\"isPartOf\":{\"@id\":\"https:\\\/\\\/klasmann-deilmann.com\\\/en\\\/#website\"},\"datePublished\":\"2021-07-29T10:57:44+00:00\",\"dateModified\":\"2023-05-11T14:13:28+00:00\",\"breadcrumb\":{\"@id\":\"https:\\\/\\\/klasmann-deilmann.com\\\/es\\\/ambitos-de-aplicacion\\\/plantas-de-temporada\\\/#breadcrumb\"},\"inLanguage\":\"es\",\"potentialAction\":[{\"@type\":\"ReadAction\",\"target\":[\"https:\\\/\\\/klasmann-deilmann.com\\\/es\\\/ambitos-de-aplicacion\\\/plantas-de-temporada\\\/\"]}]},{\"@type\":\"BreadcrumbList\",\"@id\":\"https:\\\/\\\/klasmann-deilmann.com\\\/es\\\/ambitos-de-aplicacion\\\/plantas-de-temporada\\\/#breadcrumb\",\"itemListElement\":[{\"@type\":\"ListItem\",\"position\":1,\"name\":\"Home\",\"item\":\"https:\\\/\\\/klasmann-deilmann.com\\\/es\\\/\"},{\"@type\":\"ListItem\",\"position\":2,\"name\":\"\u00c1mbitos de aplicaci\u00f3n\",\"item\":\"https:\\\/\\\/klasmann-deilmann.com\\\/es\\\/ambitos-de-aplicacion\\\/\"},{\"@type\":\"ListItem\",\"position\":3,\"name\":\"Plantas de temporada\"}]},{\"@type\":\"WebSite\",\"@id\":\"https:\\\/\\\/klasmann-deilmann.com\\\/en\\\/#website\",\"url\":\"https:\\\/\\\/klasmann-deilmann.com\\\/en\\\/\",\"name\":\"Klasmann-Deilmann\",\"description\":\"\",\"potentialAction\":[{\"@type\":\"SearchAction\",\"target\":{\"@type\":\"EntryPoint\",\"urlTemplate\":\"https:\\\/\\\/klasmann-deilmann.com\\\/en\\\/?s={search_term_string}\"},\"query-input\":{\"@type\":\"PropertyValueSpecification\",\"valueRequired\":true,\"valueName\":\"search_term_string\"}}],\"inLanguage\":\"es\"}]}<\/script>\n<!-- \/ Yoast SEO plugin. -->","yoast_head_json":{"title":"Plantas de temporada - Klasmann-Deilmann","robots":{"index":"index","follow":"follow","max-snippet":"max-snippet:-1","max-image-preview":"max-image-preview:large","max-video-preview":"max-video-preview:-1"},"canonical":"https:\/\/klasmann-deilmann.com\/es\/ambitos-de-aplicacion\/plantas-de-temporada\/","og_locale":"es_ES","og_type":"article","og_title":"Plantas de temporada - Klasmann-Deilmann","og_description":"[vc_row][vc_column][kd_header_random_image_banner image=\u00bb34809&#8243;][\/kd_header_random_image_banner][\/vc_column][\/vc_row][vc_row css=\u00bb.vc_custom_1627996958238{padding-bottom: 50px !important;}\u00bb][vc_column][vc_row_inner][vc_column_inner][vc_column_text] Sustratos para plantas de temporada ADVANCED [\/vc_column_text][\/vc_column_inner][\/vc_row_inner][vc_row_inner][vc_column_inner][vc_column_text] Cultivo fiable y sostenible de plantas de temporada [\/vc_column_text][\/vc_column_inner][vc_column_inner width=\u00bb1\/2&#8243;][vc_column_text]Siempre ha sido nuestro objetivo obtener resultados de cultivo superiores con sustratos perfectos. Por consiguiente, solo empleamos componentes alternativos probados y ensayados para mezclarlos con materias primas de turba de alta calidad. Por sus propiedades t\u00e9cnicas, la fibra de madera, la perlita, la m\u00e9dula de coco y el compost verde han demostrado ser una elecci\u00f3n ideal para este fin.","og_url":"https:\/\/klasmann-deilmann.com\/es\/ambitos-de-aplicacion\/plantas-de-temporada\/","og_site_name":"Klasmann-Deilmann","article_modified_time":"2023-05-11T14:13:28+00:00","twitter_card":"summary_large_image","twitter_misc":{"Tiempo de lectura":"5 minutos"},"schema":{"@context":"https:\/\/schema.org","@graph":[{"@type":"WebPage","@id":"https:\/\/klasmann-deilmann.com\/es\/ambitos-de-aplicacion\/plantas-de-temporada\/","url":"https:\/\/klasmann-deilmann.com\/es\/ambitos-de-aplicacion\/plantas-de-temporada\/","name":"Plantas de temporada - Klasmann-Deilmann","isPartOf":{"@id":"https:\/\/klasmann-deilmann.com\/en\/#website"},"datePublished":"2021-07-29T10:57:44+00:00","dateModified":"2023-05-11T14:13:28+00:00","breadcrumb":{"@id":"https:\/\/klasmann-deilmann.com\/es\/ambitos-de-aplicacion\/plantas-de-temporada\/#breadcrumb"},"inLanguage":"es","potentialAction":[{"@type":"ReadAction","target":["https:\/\/klasmann-deilmann.com\/es\/ambitos-de-aplicacion\/plantas-de-temporada\/"]}]},{"@type":"BreadcrumbList","@id":"https:\/\/klasmann-deilmann.com\/es\/ambitos-de-aplicacion\/plantas-de-temporada\/#breadcrumb","itemListElement":[{"@type":"ListItem","position":1,"name":"Home","item":"https:\/\/klasmann-deilmann.com\/es\/"},{"@type":"ListItem","position":2,"name":"\u00c1mbitos de aplicaci\u00f3n","item":"https:\/\/klasmann-deilmann.com\/es\/ambitos-de-aplicacion\/"},{"@type":"ListItem","position":3,"name":"Plantas de temporada"}]},{"@type":"WebSite","@id":"https:\/\/klasmann-deilmann.com\/en\/#website","url":"https:\/\/klasmann-deilmann.com\/en\/","name":"Klasmann-Deilmann","description":"","potentialAction":[{"@type":"SearchAction","target":{"@type":"EntryPoint","urlTemplate":"https:\/\/klasmann-deilmann.com\/en\/?s={search_term_string}"},"query-input":{"@type":"PropertyValueSpecification","valueRequired":true,"valueName":"search_term_string"}}],"inLanguage":"es"}]}},"_links":{"self":[{"href":"https:\/\/klasmann-deilmann.com\/es\/wp-json\/wp\/v2\/pages\/76777","targetHints":{"allow":["GET"]}}],"collection":[{"href":"https:\/\/klasmann-deilmann.com\/es\/wp-json\/wp\/v2\/pages"}],"about":[{"href":"https:\/\/klasmann-deilmann.com\/es\/wp-json\/wp\/v2\/types\/page"}],"author":[{"embeddable":true,"href":"https:\/\/klasmann-deilmann.com\/es\/wp-json\/wp\/v2\/users\/2"}],"replies":[{"embeddable":true,"href":"https:\/\/klasmann-deilmann.com\/es\/wp-json\/wp\/v2\/comments?post=76777"}],"version-history":[{"count":3,"href":"https:\/\/klasmann-deilmann.com\/es\/wp-json\/wp\/v2\/pages\/76777\/revisions"}],"predecessor-version":[{"id":76783,"href":"https:\/\/klasmann-deilmann.com\/es\/wp-json\/wp\/v2\/pages\/76777\/revisions\/76783"}],"up":[{"embeddable":true,"href":"https:\/\/klasmann-deilmann.com\/es\/wp-json\/wp\/v2\/pages\/76747"}],"wp:attachment":[{"href":"https:\/\/klasmann-deilmann.com\/es\/wp-json\/wp\/v2\/media?parent=76777"}],"curies":[{"name":"wp","href":"https:\/\/api.w.org\/{rel}","templated":true}]}}