{"id":76760,"date":"2021-07-29T12:49:56","date_gmt":"2021-07-29T10:49:56","guid":{"rendered":"https:\/\/klasmann-deilmann.com\/ambitos-de-aplicacion\/blocking\/"},"modified":"2023-05-11T15:34:36","modified_gmt":"2023-05-11T13:34:36","slug":"tacos-prensados","status":"publish","type":"page","link":"https:\/\/klasmann-deilmann.com\/es\/ambitos-de-aplicacion\/tacos-prensados\/","title":{"rendered":"Tacos prensados"},"content":{"rendered":"<div class=\"wpb-content-wrapper\">[vc_row][vc_column][kd_header_random_image_banner image=\u00bb36720&#8243;][\/kd_header_random_image_banner][\/vc_column][\/vc_row][vc_row css=\u00bb.vc_custom_1627996958238{padding-bottom: 50px !important;}\u00bb][vc_column][vc_row_inner][vc_column_inner][vc_column_text]<\/p>\n<h2 style=\"text-align: left;\">Sustratos para tacos prensados ADVANCED<\/h2>\n<p>[\/vc_column_text][\/vc_column_inner][\/vc_row_inner][vc_row_inner][vc_column_inner][vc_column_text]<\/p>\n<h3>Potgrond H con GreenFibre\u00ae \u2013 la nueva generaci\u00f3n de sustratos para tacos prensados<\/h3>\n<p>[\/vc_column_text][\/vc_column_inner][vc_column_inner width=\u00bb1\/2&#8243;][vc_column_text]La historia de \u00e9xito de la tecnolog\u00eda de tacos prensados comenz\u00f3 hace m\u00e1s de 40 a\u00f1os, cuando se desarrollaron las primeras m\u00e1quinas para tacos prensados. En aquel tiempo, Klasmann-Deilmann invent\u00f3 un innovador m\u00e9todo de extracci\u00f3n y congelaci\u00f3n para turba negra que cre\u00f3 la materia prima perfecta para los tacos prensados. Desde entonces, la turba negra congelada ha sido la piedra angular del \u00e9xito de pl\u00e1ntulas de verduras cultivadas en tacos prensados. Klasmann-Deilmann alcanz\u00f3 el siguiente hito en el desarrollo de sustrato [\/vc_column_text][\/vc_column_inner][vc_column_inner width=\u00bb1\/2&#8243;][vc_column_text]para tacos prensados hace unos a\u00f1os con el empleo de GreenFibre\u00ae fina procesada espec\u00edficamente. El objetivo principal era mejorar el crecimiento de las plantas y la gesti\u00f3n del riego, pero tambi\u00e9n hab\u00eda otras evidentes ventajas en cuesti\u00f3n de vol\u00famenes de carga de cami\u00f3n y huella de carbono. Desde entonces, Potgrond H con GreenFibre\u00ae se ha convertido en el sustrato est\u00e1ndar del segmento de tacos prensados.<\/p>\n<p>Simplemente ADVANCED<br \/>\n[\/vc_column_text][\/vc_column_inner][\/vc_row_inner][\/vc_column][\/vc_row][vc_section css=\u00bb.vc_custom_1628168027406{margin-top: -60px !important;}\u00bb][vc_row][vc_column width=\u00bb1\/2&#8243;][kd_accordion_custom color=\u00bbkdlightgray\u00bb shape=\u00bbsquare\u00bb collapsible_all=\u00bbtrue\u00bb active_section=\u00bb99&#8243;][vc_tta_section title=\u00bbPotgrond H85 + GreenFibre\u00ae (078)\u00bb tab_id=\u00bb1628162971202-49d2226f-6c66&#8243;][vc_row_inner][vc_column_inner width=\u00bb1\/2&#8243; css=\u00bb.vc_custom_1628166847134{padding-left: 30px !important;}\u00bb][vc_column_text]<img loading=\"lazy\" decoding=\"async\" width=\"1389\" height=\"1659\" class=\"alignnone size-full wp-image-33156\" src=\"\/wp-content\/uploads\/kd_potground_h_packshot.png\" alt=\"\" srcset=\"https:\/\/klasmann-deilmann.com\/wp-content\/uploads\/kd_potground_h_packshot.png 1389w, https:\/\/klasmann-deilmann.com\/wp-content\/uploads\/kd_potground_h_packshot-251x300.png 251w, https:\/\/klasmann-deilmann.com\/wp-content\/uploads\/kd_potground_h_packshot-857x1024.png 857w, https:\/\/klasmann-deilmann.com\/wp-content\/uploads\/kd_potground_h_packshot-768x917.png 768w, https:\/\/klasmann-deilmann.com\/wp-content\/uploads\/kd_potground_h_packshot-1286x1536.png 1286w\" sizes=\"auto, (max-width: 1389px) 100vw, 1389px\" \/>[\/vc_column_text][\/vc_column_inner][vc_column_inner width=\u00bb1\/2&#8243; css=\u00bb.vc_custom_1628166891201{padding-top: 60px !important;}\u00bb][vc_column_text el_class=\u00bbpluslist\u00bb]<\/p>\n<ul>\n<li>Caracter\u00edsticas: produce tacos prensados muy fuertes<\/li>\n<li>Se usa para: pl\u00e1ntulas de verduras, plantas ornamentales<\/li>\n<\/ul>\n<p>[\/vc_column_text][kd_download_button show_link_download1=\u00bblink\u00bb link1=\u00bburl:https%3A%2F%2Fklasmann-deilmann.com%2Fes%2Fambitos-de-aplicacion%2Ftacos-prensados%2Fsustratos-para-tacos-prensados%2F%23potground-h85-greenfibre|title:M%C3%A1s%20informaci%C3%B3n\u00bb][\/vc_column_inner][\/vc_row_inner][\/vc_tta_section][\/kd_accordion_custom][\/vc_column][vc_column width=\u00bb1\/2&#8243;][kd_accordion_custom color=\u00bbkdlightgray\u00bb shape=\u00bbsquare\u00bb collapsible_all=\u00bbtrue\u00bb active_section=\u00bb99&#8243;][vc_tta_section title=\u00bbPotgrond H80 + GreenFibre\u00ae (479)\u00bb tab_id=\u00bb1628162998315-53b4ac56-49b0&#8243;][vc_row_inner][vc_column_inner width=\u00bb1\/2&#8243; css=\u00bb.vc_custom_1628167910077{padding-left: 30px !important;}\u00bb][vc_column_text]<img loading=\"lazy\" decoding=\"async\" width=\"1389\" height=\"1659\" class=\"alignnone size-full wp-image-33156\" src=\"\/wp-content\/uploads\/kd_potground_h_packshot.png\" alt=\"\" srcset=\"https:\/\/klasmann-deilmann.com\/wp-content\/uploads\/kd_potground_h_packshot.png 1389w, https:\/\/klasmann-deilmann.com\/wp-content\/uploads\/kd_potground_h_packshot-251x300.png 251w, https:\/\/klasmann-deilmann.com\/wp-content\/uploads\/kd_potground_h_packshot-857x1024.png 857w, https:\/\/klasmann-deilmann.com\/wp-content\/uploads\/kd_potground_h_packshot-768x917.png 768w, https:\/\/klasmann-deilmann.com\/wp-content\/uploads\/kd_potground_h_packshot-1286x1536.png 1286w\" sizes=\"auto, (max-width: 1389px) 100vw, 1389px\" \/>[\/vc_column_text][\/vc_column_inner][vc_column_inner width=\u00bb1\/2&#8243; css=\u00bb.vc_custom_1628167943805{padding-top: 60px !important;}\u00bb][vc_column_text el_class=\u00bbpluslist\u00bb]<\/p>\n<ul>\n<li>Caracter\u00edsticas: buena estabilidad del bloque, incluso en tacos prensados grandes<\/li>\n<li>Se usa para: pl\u00e1ntulas de verduras<\/li>\n<\/ul>\n<p>[\/vc_column_text][kd_download_button show_link_download1=\u00bblink\u00bb link1=\u00bburl:https%3A%2F%2Fklasmann-deilmann.com%2Fes%2Fambitos-de-aplicacion%2Ftacos-prensados%2Fsustratos-para-tacos-prensados%2F%23potground-h80-greenfibre|title:M%C3%A1s%20informaci%C3%B3n\u00bb][\/vc_column_inner][\/vc_row_inner][\/vc_tta_section][\/kd_accordion_custom][\/vc_column][\/vc_row][vc_row][vc_column][kd_download_button show_link_download1=\u00bbdownload\u00bb download1=\u00bb36743&#8243; showinpdfreader=\u00bbtrue\u00bb][\/vc_column][\/vc_row][\/vc_section][vc_row css=\u00bb.vc_custom_1628168146493{margin-top: 50px !important;padding-top: 30px !important;padding-bottom: 70px !important;background-image: url(https:\/\/klasmann-deilmann.com\/wp-content\/uploads\/blocking.jpg?id=33328) !important;}\u00bb][vc_column][vc_row_inner][vc_column_inner][kd_quote source_text=\u00bbDr. Sebastian Kipp, director de Servicios de Asesor\u00eda y Desarrollo de Productos, Klasmann-Deilmann (Alemania)\u00bb posarrow=\u00bbptopright\u00bb]\u201cGreenFibre\u00ae fina ayuda a formar tacos prensados muy estables que absorben agua r\u00e1pidamente. El agua de riego usa GreenFibre\u00ae como si circulase por canales, distribuy\u00e9ndose as\u00ed f\u00e1cilmente dentro de los tacos prensados. El r\u00e1pido desarrollo radicular tambi\u00e9n es convincente. Las plantas tienen un cepell\u00f3n sano y presentan excelentes propiedades de crecimiento. El resultado son pl\u00e1ntulas muy fuertes y que crecen de forma homog\u00e9nea.\u201d[\/kd_quote][\/vc_column_inner][\/vc_row_inner][\/vc_column][\/vc_row][vc_row][vc_column][vc_row_inner][vc_column_inner width=\u00bb1\/2&#8243;][vc_column_text]<\/p>\n<h2>Sea innovador. Sea ADVANCED.<\/h2>\n<p>[\/vc_column_text][vc_column_text]Nuestra GreenFibre\u00ae fina se trata en molinos especiales para obtener una estructura espec\u00edfica fina y suelta. Esto asegura una mezcla perfecta y una distribuci\u00f3n homog\u00e9nea en el sustrato de para tacos prensados. GreenFibre\u00ae ha llevado a un concepto completamente nuevo e innovador para nuestros sustratos de tacos prensados y, de este modo, abre nuevas posibilidades de cara al futuro. Se recomienda ya una proporci\u00f3n de entre el 20\u2009% y el 25\u2009% del volumen de GreenFibre\u00ae fina en el sustrato para tacos prensados. El empleo de aglutinantes espec\u00edficos permite tasas a\u00fan mayores.[\/vc_column_text][kd_download_button show_link_download1=\u00bblink\u00bb link1=\u00bburl:https%3A%2F%2Fklasmann-deilmann.com%2Fes%2Fproductos-y-soluciones%2Fmaterias-primas%2Fgreenfibre%2F|title:Nuestro%20producto%20de%20fibra%20de%20madera%20GreenFibre%C2%AE\u00bb][\/vc_column_inner][vc_column_inner width=\u00bb1\/2&#8243;][vc_column_text]<img loading=\"lazy\" decoding=\"async\" width=\"1024\" height=\"674\" class=\"alignnone size-large wp-image-33312\" src=\"\/wp-content\/uploads\/KD-11-2017-32-1024x674.jpg\" alt=\"\" srcset=\"https:\/\/klasmann-deilmann.com\/wp-content\/uploads\/KD-11-2017-32-1024x674.jpg 1024w, https:\/\/klasmann-deilmann.com\/wp-content\/uploads\/KD-11-2017-32-300x198.jpg 300w, https:\/\/klasmann-deilmann.com\/wp-content\/uploads\/KD-11-2017-32-768x506.jpg 768w, https:\/\/klasmann-deilmann.com\/wp-content\/uploads\/KD-11-2017-32-1536x1011.jpg 1536w, https:\/\/klasmann-deilmann.com\/wp-content\/uploads\/KD-11-2017-32-2048x1349.jpg 2048w\" sizes=\"auto, (max-width: 1024px) 100vw, 1024px\" \/>[\/vc_column_text][\/vc_column_inner][\/vc_row_inner][\/vc_column][\/vc_row][vc_row css=\u00bb.vc_custom_1628168098889{padding-top: 30px !important;padding-bottom: 70px !important;background-color: #414345 !important;}\u00bb][vc_column][vc_row_inner][vc_column_inner width=\u00bb1\/2&#8243;][vc_column_text]<img loading=\"lazy\" decoding=\"async\" width=\"1920\" height=\"1280\" class=\"alignnone size-full wp-image-34759\" src=\"\/wp-content\/uploads\/blocking-2.jpg\" alt=\"\" srcset=\"https:\/\/klasmann-deilmann.com\/wp-content\/uploads\/blocking-2.jpg 1920w, https:\/\/klasmann-deilmann.com\/wp-content\/uploads\/blocking-2-300x200.jpg 300w, https:\/\/klasmann-deilmann.com\/wp-content\/uploads\/blocking-2-1024x683.jpg 1024w, https:\/\/klasmann-deilmann.com\/wp-content\/uploads\/blocking-2-768x512.jpg 768w, https:\/\/klasmann-deilmann.com\/wp-content\/uploads\/blocking-2-1536x1024.jpg 1536w\" sizes=\"auto, (max-width: 1920px) 100vw, 1920px\" \/>[\/vc_column_text][\/vc_column_inner][vc_column_inner width=\u00bb1\/2&#8243;][vc_column_text]<\/p>\n<h2>Ventajas de nuestros sustratos para tacos prensados con GreenFibre\u00ae<\/h2>\n<p>[\/vc_column_text][vc_column_text el_class=\u00bbpluslist\u00bb]<\/p>\n<ul>\n<li>Estabilidad de los tacos prensados ideal para su uso con trasplantadoras autom\u00e1ticas<\/li>\n<li>Desarrollo radicular mejorado<\/li>\n<li>Captaci\u00f3n m\u00e1s r\u00e1pida de agua hacia los tacos prensados<\/li>\n<li>Peso reducido, menos costes de transporte<\/li>\n<li>Muy adecuado para sistemas hidrop\u00f3nicos<\/li>\n<li>Uso de GreenFibre\u00ae fina de hasta el 25\u2009% del volumen<\/li>\n<li>Huella de carbono reducida<\/li>\n<\/ul>\n<p>[\/vc_column_text][\/vc_column_inner][\/vc_row_inner][\/vc_column][\/vc_row][vc_row css=\u00bb.vc_custom_1628763155191{margin-top: 70px !important;}\u00bb][vc_column][kd_getintouch image=\u00bb32948&#8243;][\/vc_column][\/vc_row]<\/p><\/div>\n","protected":false},"excerpt":{"rendered":"<p>[vc_row][vc_column][kd_header_random_image_banner image=\u00bb36720&#8243;][\/kd_header_random_image_banner][\/vc_column][\/vc_row][vc_row css=\u00bb.vc_custom_1627996958238{padding-bottom: 50px !important;}\u00bb][vc_column][vc_row_inner][vc_column_inner][vc_column_text] Sustratos para tacos prensados ADVANCED [\/vc_column_text][\/vc_column_inner][\/vc_row_inner][vc_row_inner][vc_column_inner][vc_column_text] Potgrond H con GreenFibre\u00ae \u2013 la nueva generaci\u00f3n de sustratos para tacos prensados [\/vc_column_text][\/vc_column_inner][vc_column_inner width=\u00bb1\/2&#8243;][vc_column_text]La historia de \u00e9xito de la tecnolog\u00eda de tacos prensados comenz\u00f3 hace m\u00e1s de 40 a\u00f1os, cuando se desarrollaron las primeras m\u00e1quinas para tacos prensados. En aquel tiempo, Klasmann-Deilmann invent\u00f3 un innovador m\u00e9todo de extracci\u00f3n y congelaci\u00f3n para turba negra que cre\u00f3 la materia prima perfecta para los tacos prensados. Desde entonces, la turba negra<\/p>\n","protected":false},"author":2,"featured_media":0,"parent":76747,"menu_order":114,"comment_status":"closed","ping_status":"closed","template":"","meta":{"_acf_changed":false,"inline_featured_image":false,"footnotes":""},"class_list":["post-76760","page","type-page","status-publish","hentry"],"acf":[],"yoast_head":"<!-- This site is optimized with the Yoast SEO plugin v27.4 - https:\/\/yoast.com\/product\/yoast-seo-wordpress\/ -->\n<title>Tacos prensados - Klasmann-Deilmann<\/title>\n<meta name=\"robots\" content=\"index, follow, max-snippet:-1, max-image-preview:large, max-video-preview:-1\" \/>\n<link rel=\"canonical\" href=\"https:\/\/klasmann-deilmann.com\/es\/ambitos-de-aplicacion\/tacos-prensados\/\" \/>\n<meta property=\"og:locale\" content=\"es_ES\" \/>\n<meta property=\"og:type\" content=\"article\" \/>\n<meta property=\"og:title\" content=\"Tacos prensados - Klasmann-Deilmann\" \/>\n<meta property=\"og:description\" content=\"[vc_row][vc_column][kd_header_random_image_banner image=\u00bb36720&#8243;][\/kd_header_random_image_banner][\/vc_column][\/vc_row][vc_row css=\u00bb.vc_custom_1627996958238{padding-bottom: 50px !important;}\u00bb][vc_column][vc_row_inner][vc_column_inner][vc_column_text] Sustratos para tacos prensados ADVANCED [\/vc_column_text][\/vc_column_inner][\/vc_row_inner][vc_row_inner][vc_column_inner][vc_column_text] Potgrond H con GreenFibre\u00ae \u2013 la nueva generaci\u00f3n de sustratos para tacos prensados [\/vc_column_text][\/vc_column_inner][vc_column_inner width=\u00bb1\/2&#8243;][vc_column_text]La historia de \u00e9xito de la tecnolog\u00eda de tacos prensados comenz\u00f3 hace m\u00e1s de 40 a\u00f1os, cuando se desarrollaron las primeras m\u00e1quinas para tacos prensados. En aquel tiempo, Klasmann-Deilmann invent\u00f3 un innovador m\u00e9todo de extracci\u00f3n y congelaci\u00f3n para turba negra que cre\u00f3 la materia prima perfecta para los tacos prensados. Desde entonces, la turba negra\" \/>\n<meta property=\"og:url\" content=\"https:\/\/klasmann-deilmann.com\/es\/ambitos-de-aplicacion\/tacos-prensados\/\" \/>\n<meta property=\"og:site_name\" content=\"Klasmann-Deilmann\" \/>\n<meta property=\"article:modified_time\" content=\"2023-05-11T13:34:36+00:00\" \/>\n<meta name=\"twitter:card\" content=\"summary_large_image\" \/>\n<meta name=\"twitter:label1\" content=\"Tiempo de lectura\" \/>\n\t<meta name=\"twitter:data1\" content=\"3 minutos\" \/>\n<script type=\"application\/ld+json\" class=\"yoast-schema-graph\">{\"@context\":\"https:\\\/\\\/schema.org\",\"@graph\":[{\"@type\":\"WebPage\",\"@id\":\"https:\\\/\\\/klasmann-deilmann.com\\\/es\\\/ambitos-de-aplicacion\\\/tacos-prensados\\\/\",\"url\":\"https:\\\/\\\/klasmann-deilmann.com\\\/es\\\/ambitos-de-aplicacion\\\/tacos-prensados\\\/\",\"name\":\"Tacos prensados - Klasmann-Deilmann\",\"isPartOf\":{\"@id\":\"https:\\\/\\\/klasmann-deilmann.com\\\/en\\\/#website\"},\"datePublished\":\"2021-07-29T10:49:56+00:00\",\"dateModified\":\"2023-05-11T13:34:36+00:00\",\"breadcrumb\":{\"@id\":\"https:\\\/\\\/klasmann-deilmann.com\\\/es\\\/ambitos-de-aplicacion\\\/tacos-prensados\\\/#breadcrumb\"},\"inLanguage\":\"es\",\"potentialAction\":[{\"@type\":\"ReadAction\",\"target\":[\"https:\\\/\\\/klasmann-deilmann.com\\\/es\\\/ambitos-de-aplicacion\\\/tacos-prensados\\\/\"]}]},{\"@type\":\"BreadcrumbList\",\"@id\":\"https:\\\/\\\/klasmann-deilmann.com\\\/es\\\/ambitos-de-aplicacion\\\/tacos-prensados\\\/#breadcrumb\",\"itemListElement\":[{\"@type\":\"ListItem\",\"position\":1,\"name\":\"Home\",\"item\":\"https:\\\/\\\/klasmann-deilmann.com\\\/es\\\/\"},{\"@type\":\"ListItem\",\"position\":2,\"name\":\"\u00c1mbitos de aplicaci\u00f3n\",\"item\":\"https:\\\/\\\/klasmann-deilmann.com\\\/es\\\/ambitos-de-aplicacion\\\/\"},{\"@type\":\"ListItem\",\"position\":3,\"name\":\"Tacos prensados\"}]},{\"@type\":\"WebSite\",\"@id\":\"https:\\\/\\\/klasmann-deilmann.com\\\/en\\\/#website\",\"url\":\"https:\\\/\\\/klasmann-deilmann.com\\\/en\\\/\",\"name\":\"Klasmann-Deilmann\",\"description\":\"\",\"potentialAction\":[{\"@type\":\"SearchAction\",\"target\":{\"@type\":\"EntryPoint\",\"urlTemplate\":\"https:\\\/\\\/klasmann-deilmann.com\\\/en\\\/?s={search_term_string}\"},\"query-input\":{\"@type\":\"PropertyValueSpecification\",\"valueRequired\":true,\"valueName\":\"search_term_string\"}}],\"inLanguage\":\"es\"}]}<\/script>\n<!-- \/ Yoast SEO plugin. -->","yoast_head_json":{"title":"Tacos prensados - Klasmann-Deilmann","robots":{"index":"index","follow":"follow","max-snippet":"max-snippet:-1","max-image-preview":"max-image-preview:large","max-video-preview":"max-video-preview:-1"},"canonical":"https:\/\/klasmann-deilmann.com\/es\/ambitos-de-aplicacion\/tacos-prensados\/","og_locale":"es_ES","og_type":"article","og_title":"Tacos prensados - Klasmann-Deilmann","og_description":"[vc_row][vc_column][kd_header_random_image_banner image=\u00bb36720&#8243;][\/kd_header_random_image_banner][\/vc_column][\/vc_row][vc_row css=\u00bb.vc_custom_1627996958238{padding-bottom: 50px !important;}\u00bb][vc_column][vc_row_inner][vc_column_inner][vc_column_text] Sustratos para tacos prensados ADVANCED [\/vc_column_text][\/vc_column_inner][\/vc_row_inner][vc_row_inner][vc_column_inner][vc_column_text] Potgrond H con GreenFibre\u00ae \u2013 la nueva generaci\u00f3n de sustratos para tacos prensados [\/vc_column_text][\/vc_column_inner][vc_column_inner width=\u00bb1\/2&#8243;][vc_column_text]La historia de \u00e9xito de la tecnolog\u00eda de tacos prensados comenz\u00f3 hace m\u00e1s de 40 a\u00f1os, cuando se desarrollaron las primeras m\u00e1quinas para tacos prensados. En aquel tiempo, Klasmann-Deilmann invent\u00f3 un innovador m\u00e9todo de extracci\u00f3n y congelaci\u00f3n para turba negra que cre\u00f3 la materia prima perfecta para los tacos prensados. Desde entonces, la turba negra","og_url":"https:\/\/klasmann-deilmann.com\/es\/ambitos-de-aplicacion\/tacos-prensados\/","og_site_name":"Klasmann-Deilmann","article_modified_time":"2023-05-11T13:34:36+00:00","twitter_card":"summary_large_image","twitter_misc":{"Tiempo de lectura":"3 minutos"},"schema":{"@context":"https:\/\/schema.org","@graph":[{"@type":"WebPage","@id":"https:\/\/klasmann-deilmann.com\/es\/ambitos-de-aplicacion\/tacos-prensados\/","url":"https:\/\/klasmann-deilmann.com\/es\/ambitos-de-aplicacion\/tacos-prensados\/","name":"Tacos prensados - Klasmann-Deilmann","isPartOf":{"@id":"https:\/\/klasmann-deilmann.com\/en\/#website"},"datePublished":"2021-07-29T10:49:56+00:00","dateModified":"2023-05-11T13:34:36+00:00","breadcrumb":{"@id":"https:\/\/klasmann-deilmann.com\/es\/ambitos-de-aplicacion\/tacos-prensados\/#breadcrumb"},"inLanguage":"es","potentialAction":[{"@type":"ReadAction","target":["https:\/\/klasmann-deilmann.com\/es\/ambitos-de-aplicacion\/tacos-prensados\/"]}]},{"@type":"BreadcrumbList","@id":"https:\/\/klasmann-deilmann.com\/es\/ambitos-de-aplicacion\/tacos-prensados\/#breadcrumb","itemListElement":[{"@type":"ListItem","position":1,"name":"Home","item":"https:\/\/klasmann-deilmann.com\/es\/"},{"@type":"ListItem","position":2,"name":"\u00c1mbitos de aplicaci\u00f3n","item":"https:\/\/klasmann-deilmann.com\/es\/ambitos-de-aplicacion\/"},{"@type":"ListItem","position":3,"name":"Tacos prensados"}]},{"@type":"WebSite","@id":"https:\/\/klasmann-deilmann.com\/en\/#website","url":"https:\/\/klasmann-deilmann.com\/en\/","name":"Klasmann-Deilmann","description":"","potentialAction":[{"@type":"SearchAction","target":{"@type":"EntryPoint","urlTemplate":"https:\/\/klasmann-deilmann.com\/en\/?s={search_term_string}"},"query-input":{"@type":"PropertyValueSpecification","valueRequired":true,"valueName":"search_term_string"}}],"inLanguage":"es"}]}},"_links":{"self":[{"href":"https:\/\/klasmann-deilmann.com\/es\/wp-json\/wp\/v2\/pages\/76760","targetHints":{"allow":["GET"]}}],"collection":[{"href":"https:\/\/klasmann-deilmann.com\/es\/wp-json\/wp\/v2\/pages"}],"about":[{"href":"https:\/\/klasmann-deilmann.com\/es\/wp-json\/wp\/v2\/types\/page"}],"author":[{"embeddable":true,"href":"https:\/\/klasmann-deilmann.com\/es\/wp-json\/wp\/v2\/users\/2"}],"replies":[{"embeddable":true,"href":"https:\/\/klasmann-deilmann.com\/es\/wp-json\/wp\/v2\/comments?post=76760"}],"version-history":[{"count":4,"href":"https:\/\/klasmann-deilmann.com\/es\/wp-json\/wp\/v2\/pages\/76760\/revisions"}],"predecessor-version":[{"id":76767,"href":"https:\/\/klasmann-deilmann.com\/es\/wp-json\/wp\/v2\/pages\/76760\/revisions\/76767"}],"up":[{"embeddable":true,"href":"https:\/\/klasmann-deilmann.com\/es\/wp-json\/wp\/v2\/pages\/76747"}],"wp:attachment":[{"href":"https:\/\/klasmann-deilmann.com\/es\/wp-json\/wp\/v2\/media?parent=76760"}],"curies":[{"name":"wp","href":"https:\/\/api.w.org\/{rel}","templated":true}]}}