{"id":76552,"date":"2021-08-25T15:03:40","date_gmt":"2021-08-25T13:03:40","guid":{"rendered":"https:\/\/klasmann-deilmann.com\/carrera-profesional\/aprendizaje-y-estudio-dual\/dual-study\/"},"modified":"2023-05-09T16:41:08","modified_gmt":"2023-05-09T14:41:08","slug":"estudio-dual","status":"publish","type":"page","link":"https:\/\/klasmann-deilmann.com\/es\/carrera-profesional\/aprendizaje-y-estudio-dual\/estudio-dual\/","title":{"rendered":"Estudio dual"},"content":{"rendered":"<div class=\"wpb-content-wrapper\">[vc_row][vc_column][kd_header_random_image_banner image=\u00bb38116&#8243;][\/kd_header_random_image_banner][\/vc_column][\/vc_row][vc_row][vc_column][vc_row_inner][vc_column_inner][vc_column_text]<\/p>\n<h2>Si disfrutas de la convergencia de teor\u00eda y pr\u00e1ctica, estaremos encantados de conocerte.<\/h2>\n<p>[\/vc_column_text][\/vc_column_inner][\/vc_row_inner][vc_row_inner][vc_column_inner width=\u00bb1\/2&#8243;][vc_column_text]Una de las opciones en Klasmann-Deilmann consiste en combinar una formaci\u00f3n profesional con un programa de grado en el que alternas regularmente entre la formaci\u00f3n en el lugar de trabajo y en un centro de educaci\u00f3n superior. Esto te permite aunar teor\u00eda y pr\u00e1ctica, empezar a aplicar tu experiencia desde muy pronto y consolidarla en el trabajo diario. Otra gran ventaja: puedes realizar tu tesis de licenciatura con nosotros en el sexto semestre.[\/vc_column_text][\/vc_column_inner][vc_column_inner width=\u00bb1\/2&#8243;][vc_column_text]Los estudiantes suelen completar su tesis de licenciatura en estrecha cooperaci\u00f3n con divisiones espec\u00edficas de Klasmann-Deilmann. Nuestras diversas colaboraciones con centros de educaci\u00f3n superior conducen a innovadores proyectos y al establecimiento de \u00e1reas de actividad y oportunidades de empleo completamente nuevas.[\/vc_column_text][\/vc_column_inner][\/vc_row_inner][\/vc_column][\/vc_row][vc_section css=\u00bb.vc_custom_1629897838465{margin-top: 70px !important;}\u00bb][vc_row][vc_column][kd_accordion_custom color=\u00bbkdgreen\u00bb shape=\u00bbsquare\u00bb gap=\u00bb20&#8243; collapsible_all=\u00bbtrue\u00bb active_section=\u00bb99&#8243;][vc_tta_section title=\u00bbGrado de Ingenier\u00eda Industrial\u00bb tab_id=\u00bb1629897429509-8f0646ca-6ba3&#8243;][vc_row_inner][vc_column_inner][vc_column_text el_class=\u00bbpluslist\u00bb]Como sugiere el nombre, los ingenieros industriales necesitan estar a gusto tanto en el mundo de la industria como en el de la ingenier\u00eda, as\u00ed que este programa de estudios te familiarizar\u00e1 con ambos. La parte de capacitaci\u00f3n pr\u00e1ctica del grado en Klasmann-Deilmann involucra a las \u00e1reas comercial y administrativa, al igual que a nuestros departamentos t\u00e9cnicos. Una vez titulado, dispondr\u00e1s de un amplio abanico de salidas profesionales, como ingeniero de proyectos y operaciones, como ingeniero de producci\u00f3n y operaciones, como ingeniero de ventas, en gesti\u00f3n de producto y en control t\u00e9cnico.<\/p>\n<ul>\n<li>Cuentas con una cualificaci\u00f3n de acceso general a la ense\u00f1anza superior (en Alemania: <em>allgemeine Hochschulreife,&nbsp;<\/em>o equivalente), te interesa el aspecto empresarial de las cosas, tienes buenos conocimientos t\u00e9cnicos y eres bueno en matem\u00e1ticas y alem\u00e1n<\/li>\n<li>Este programa \u201cdual\u201d (que combina formaci\u00f3n profesional y grado) dura 3&nbsp;a\u00f1os, con la oportunidad de examinarse para obtener la categor\u00eda de t\u00e9cnico comercial industrial (<em>Industriekaufmann\/Industriekauffrau<\/em>)<strong>&nbsp;<\/strong>o mec\u00e1nico industrial (<em>Industriemechaniker\/in<\/em>) una vez completado el primer periodo de formaci\u00f3n (al final del cuarto semestre)<\/li>\n<li>Opciones de especializaci\u00f3n a partir del 4.\u00ba&nbsp;semestre: Gesti\u00f3n de Producci\u00f3n, Gesti\u00f3n de Proyectos, Gesti\u00f3n de Productos, Administraci\u00f3n de Ventas, Control T\u00e9cnico<\/li>\n<\/ul>\n<p>[\/vc_column_text][\/vc_column_inner][\/vc_row_inner][\/vc_tta_section][vc_tta_section title=\u00bbGrado de ciencias en Sistemas de Inform\u00e1tica Empresarial\u00bb tab_id=\u00bb1629897429524-4690a4e5-f765&#8243;][vc_row_inner][vc_column_inner][vc_column_text el_class=\u00bbpluslist\u00bb]Como especialista en inform\u00e1tica empresarial, est\u00e1s familiarizado con la planificaci\u00f3n, el desarrollo, la implementaci\u00f3n y la operativa de sistemas de procesamiento de la informaci\u00f3n. Sabes c\u00f3mo configurar procesos computarizados de tal modo que cumplan los requisitos de la empresa.<\/p>\n<ul>\n<li>Necesitas una cualificaci\u00f3n de acceso general a la ense\u00f1anza superior (en Alemania: <em>allgemeine Hochschulreife<\/em>)<\/li>\n<li>Te interesa el aspecto empresarial de las cosas, tienes buenos conocimientos t\u00e9cnicos y eres bueno en alem\u00e1n, ingl\u00e9s y matem\u00e1ticas<\/li>\n<li>El programa de formaci\u00f3n dura 3&nbsp;a\u00f1os, con fases que alternan las clases en el aula y la instrucci\u00f3n pr\u00e1ctica<\/li>\n<li>Opciones de especializaci\u00f3n a partir del 4.\u00ba&nbsp;semestre en la Universidad de Ciencias Aplicadas de Osnabr\u00fcck: Gesti\u00f3n de la Informaci\u00f3n o Gesti\u00f3n de Infraestructura Inform\u00e1tica, Negocio Electr\u00f3nico (<em>e-business<\/em>) o Consultor\u00eda de TI, y Marketing de Sistemas de Informaci\u00f3n y Comunicaciones<\/li>\n<\/ul>\n<p>[\/vc_column_text][\/vc_column_inner][\/vc_row_inner][\/vc_tta_section][vc_tta_section title=\u00bbGrado en Administraci\u00f3n de Empresas\u00bb tab_id=\u00bb1629897609981-a3cb3417-1c6f\u00bb][vc_row_inner][vc_column_inner][vc_column_text el_class=\u00bbpluslist\u00bb]Como administrador de empresas cualificado, tienes lo que hace falta para ser un verdadero todoterreno y puedes trabajar en una amplia gama de \u00e1reas: Compras, Finanzas, Log\u00edstica, Marketing o Ventas. Tambi\u00e9n puedes aprovechar tus conocimientos en Gesti\u00f3n de Recursos Humanos, en Gobierno Corporativo, Gesti\u00f3n de Proyectos o Control Financiero.<\/p>\n<ul>\n<li>Necesitas una cualificaci\u00f3n de acceso general a la ense\u00f1anza superior (en Alemania: <em>allgemeine Hochschulreife<\/em>) y eres bueno en alem\u00e1n y matem\u00e1ticas<\/li>\n<li>Este programa \u201cdual\u201d (que combina formaci\u00f3n profesional y grado) dura 3&nbsp;a\u00f1os, con fases que alternan el lugar de trabajo y la universidad<\/li>\n<li>Opciones de especializaci\u00f3n a partir del 4.\u00ba&nbsp;semestre en la Universidad de Ciencias Aplicadas de Osnabr\u00fcck: Control Financiero, Gesti\u00f3n de Recursos Humanos, Log\u00edstica, Marketing, Gobierno Corporativo<\/li>\n<\/ul>\n<p>[\/vc_column_text][\/vc_column_inner][\/vc_row_inner][\/vc_tta_section][\/kd_accordion_custom][\/vc_column][\/vc_row][\/vc_section][vc_section css=\u00bb.vc_custom_1629897838465{margin-top: 70px !important;}\u00bb][vc_row][vc_column][vc_row_inner][vc_column_inner][vc_column_text]<\/p>\n<h2>Tu solicitud: mu\u00e9stranos lo que vales<\/h2>\n<p>Presentarse a una oferta de empleo nunca es poca cosa, ya te est\u00e9s incorporando a la vida laboral a o seas un experimentado especialista o ejecutivo. Dado que tenemos inter\u00e9s en dialogar contigo, aprovecha esta oportunidad para presentarte a ti mismo y tus aptitudes de un modo que te haga justicia.[\/vc_column_text][\/vc_column_inner][\/vc_row_inner][kd_accordion_custom color=\u00bbkdgreen\u00bb shape=\u00bbsquare\u00bb gap=\u00bb20&#8243; collapsible_all=\u00bbtrue\u00bb active_section=\u00bb99&#8243;][vc_tta_section title=\u00bbQu\u00e9 nos parece importante:\u00bb tab_id=\u00bb1629976788578-b376eb5b-a3b4&#8243;][vc_row_inner][vc_column_inner][vc_column_text el_class=\u00bbpluslist\u00bb]<\/p>\n<ul>\n<li>Impresi\u00f3nanos con tu carta de presentaci\u00f3n: \u00bfpor qu\u00e9 te gustar\u00eda trabajar en Klasmann-Deilmann?, \u00bfqu\u00e9 expectativas tienes? y \u00bfpor qu\u00e9 piensas que eres especialmente adecuado para el puesto?<\/li>\n<li>Tu <em>curriculum vitae<\/em> revela las cualificaciones y la experiencia que aportas al puesto.<\/li>\n<li>Tenemos especial inter\u00e9s por ver ejemplos de labor de voluntariado (social o cultural) no directamente relacionada con tu cualificaci\u00f3n laboral o tus habilidades.<\/li>\n<li>Ampl\u00eda tu solicitud con lo siguiente: certificados de estudios y documentaci\u00f3n de periodos de pr\u00e1cticas, cualificaciones adicionales, cursos de idiomas, etc.<\/li>\n<li>Observa todos los criterios formales de la correspondencia profesional, como exhaustividad, precisi\u00f3n y conformidad con las normas pertinentes.<\/li>\n<\/ul>\n<p>[\/vc_column_text][\/vc_column_inner][\/vc_row_inner][\/vc_tta_section][vc_tta_section title=\u00bbTu solicitud deber\u00eda incluir estos documentos:\u00bb tab_id=\u00bb1629976788613-170a2705-d63d\u00bb][vc_row_inner][vc_column_inner][vc_column_text el_class=\u00bbpluslist\u00bb]<\/p>\n<ul>\n<li>Una carta de presentaci\u00f3n especificando por qu\u00e9 te interesa Klasmann-Deilmann y por qu\u00e9 deber\u00edas interesarnos<\/li>\n<li>Un CV con datos actualizados sobre educaci\u00f3n y formaci\u00f3n de car\u00e1cter escolar y laboral, trayectoria profesional y, preferiblemente, tambi\u00e9n tus aficiones e intereses<\/li>\n<li>Certificaci\u00f3n de cualificaciones escolares, de ense\u00f1anza superior y de formaci\u00f3n profesional\/laboral, as\u00ed como cartas de recomendaci\u00f3n de tus empleadores anteriores<\/li>\n<li>Certificados que documenten capacitaci\u00f3n interna y competencias espec\u00edficas.<\/li>\n<\/ul>\n<p>[\/vc_column_text][\/vc_column_inner][\/vc_row_inner][\/vc_tta_section][vc_tta_section title=\u00bbPor favor, env\u00eda tu solicitud completa, preferiblemente en l\u00ednea:\u00bb tab_id=\u00bb1629976788644-1aefc5cf-6152&#8243;][vc_row_inner][vc_column_inner][vc_column_text el_class=\u00bbpluslist\u00bb]Responderemos primeramente a tu solicitud con un acuse de recibo por escrito y, poco despu\u00e9s, volveremos a contactarte tan pronto como se inicie la siguiente fase del proceso. All\u00ed donde se anuncien puestos vacantes por la v\u00eda habitual, este periodo de espera puede durar unas pocas semanas tras haber vencido el plazo de la solicitud.<\/p>\n<p>En caso de que te invitemos a una entrevista en persona, contactaremos contigo para concertar la fecha y el lugar. En algunos casos, tambi\u00e9n puede ser necesaria una entrevista de seguimiento.<\/p>\n<p>\u00a1Te deseamos el mayor de los \u00e9xitos!<br \/>\n[\/vc_column_text][kd_download_button show_link_download1=\u00bblink\u00bb link1=\u00bburl:https%3A%2F%2Fklasmann-deilmann.com%2Fen%2Fcareers%2Fcontact%2F|title:Solicitud%20en%20l%C3%ADnea\u00bb][\/vc_column_inner][\/vc_row_inner][\/vc_tta_section][\/kd_accordion_custom][\/vc_column][\/vc_row][\/vc_section][vc_row css=\u00bb.vc_custom_1629898494716{margin-top: 30px !important;padding-top: 70px !important;padding-bottom: 30px !important;background-color: #414345 !important;}\u00bb][vc_column][vc_row_inner][vc_column_inner width=\u00bb1\/2&#8243;][vc_column_text]<img decoding=\"async\" class=\"alignnone size-full wp-image-36167\" src=\"\/wp-content\/uploads\/job_interview_dual_study.jpg\" alt=\"\" \/>[\/vc_column_text][\/vc_column_inner][vc_column_inner width=\u00bb1\/2&#8243;][vc_column_text el_class=\u00bbpluslist\u00bb]<\/p>\n<h2>Tu entrevista de trabajo: en pie de igualdad con nosotros<\/h2>\n<p>Si est\u00e1s invitado a una entrevista, significa que has sido preseleccionado para este puesto en particular. Contemplamos las entrevistas de trabajo como una primera oportunidad para que ambas partes se conozcan mutuamente y entablen un di\u00e1logo en igualdad de condiciones. Aunque un encuentro de este tipo representa una situaci\u00f3n especial, s\u00e9 aut\u00e9ntico y muestra tu mejor cara.<\/p>\n<ul>\n<li>Ya te desplaces en tren o en autom\u00f3vil, averigua con tiempo c\u00f3mo llegar a la entrevista.<\/li>\n<li>Tu atuendo y tu aspecto deber\u00edan ser los adecuados para el puesto al que aspiras y deber\u00edan causar buena impresi\u00f3n<\/li>\n<li>Acude a la entrevista con una actitud positiva y consid\u00e9rate en pie de igualdad con la empresa.<\/li>\n<li>No dudes en hacer preguntas acerca del trabajo para el que te est\u00e1n entrevistando y mu\u00e9strate comprometido en la conversaci\u00f3n.<\/li>\n<\/ul>\n<p>[\/vc_column_text][\/vc_column_inner][\/vc_row_inner][\/vc_column][\/vc_row][vc_row][vc_column css=\u00bb.vc_custom_1628522377320{margin-top: 70px !important;}\u00bb][kd_getintouch image=\u00bb32948&#8243;][\/vc_column][\/vc_row]<\/p><\/div>\n","protected":false},"excerpt":{"rendered":"<p>[vc_row][vc_column][kd_header_random_image_banner image=\u00bb38116&#8243;][\/kd_header_random_image_banner][\/vc_column][\/vc_row][vc_row][vc_column][vc_row_inner][vc_column_inner][vc_column_text] Si disfrutas de la convergencia de teor\u00eda y pr\u00e1ctica, estaremos encantados de conocerte. [\/vc_column_text][\/vc_column_inner][\/vc_row_inner][vc_row_inner][vc_column_inner width=\u00bb1\/2&#8243;][vc_column_text]Una de las opciones en Klasmann-Deilmann consiste en combinar una formaci\u00f3n profesional con un programa de grado en el que alternas regularmente entre la formaci\u00f3n en el lugar de trabajo y en un centro de educaci\u00f3n superior. Esto te permite aunar teor\u00eda y pr\u00e1ctica, empezar a aplicar tu experiencia desde muy pronto y consolidarla en el trabajo diario. Otra gran ventaja: puedes realizar tu<\/p>\n","protected":false},"author":7,"featured_media":0,"parent":76546,"menu_order":301,"comment_status":"closed","ping_status":"closed","template":"","meta":{"_acf_changed":false,"inline_featured_image":false,"footnotes":""},"class_list":["post-76552","page","type-page","status-publish","hentry"],"acf":[],"yoast_head":"<!-- This site is optimized with the Yoast SEO plugin v27.4 - https:\/\/yoast.com\/product\/yoast-seo-wordpress\/ -->\n<title>Estudio dual - Klasmann-Deilmann<\/title>\n<meta name=\"robots\" content=\"index, follow, max-snippet:-1, max-image-preview:large, max-video-preview:-1\" \/>\n<link rel=\"canonical\" href=\"https:\/\/klasmann-deilmann.com\/es\/carrera-profesional\/aprendizaje-y-estudio-dual\/estudio-dual\/\" \/>\n<meta property=\"og:locale\" content=\"es_ES\" \/>\n<meta property=\"og:type\" content=\"article\" \/>\n<meta property=\"og:title\" content=\"Estudio dual - Klasmann-Deilmann\" \/>\n<meta property=\"og:description\" content=\"[vc_row][vc_column][kd_header_random_image_banner image=\u00bb38116&#8243;][\/kd_header_random_image_banner][\/vc_column][\/vc_row][vc_row][vc_column][vc_row_inner][vc_column_inner][vc_column_text] Si disfrutas de la convergencia de teor\u00eda y pr\u00e1ctica, estaremos encantados de conocerte. [\/vc_column_text][\/vc_column_inner][\/vc_row_inner][vc_row_inner][vc_column_inner width=\u00bb1\/2&#8243;][vc_column_text]Una de las opciones en Klasmann-Deilmann consiste en combinar una formaci\u00f3n profesional con un programa de grado en el que alternas regularmente entre la formaci\u00f3n en el lugar de trabajo y en un centro de educaci\u00f3n superior. Esto te permite aunar teor\u00eda y pr\u00e1ctica, empezar a aplicar tu experiencia desde muy pronto y consolidarla en el trabajo diario. Otra gran ventaja: puedes realizar tu\" \/>\n<meta property=\"og:url\" content=\"https:\/\/klasmann-deilmann.com\/es\/carrera-profesional\/aprendizaje-y-estudio-dual\/estudio-dual\/\" \/>\n<meta property=\"og:site_name\" content=\"Klasmann-Deilmann\" \/>\n<meta property=\"article:modified_time\" content=\"2023-05-09T14:41:08+00:00\" \/>\n<meta name=\"twitter:card\" content=\"summary_large_image\" \/>\n<meta name=\"twitter:label1\" content=\"Tiempo de lectura\" \/>\n\t<meta name=\"twitter:data1\" content=\"5 minutos\" \/>\n<script type=\"application\/ld+json\" class=\"yoast-schema-graph\">{\"@context\":\"https:\\\/\\\/schema.org\",\"@graph\":[{\"@type\":\"WebPage\",\"@id\":\"https:\\\/\\\/klasmann-deilmann.com\\\/es\\\/carrera-profesional\\\/aprendizaje-y-estudio-dual\\\/estudio-dual\\\/\",\"url\":\"https:\\\/\\\/klasmann-deilmann.com\\\/es\\\/carrera-profesional\\\/aprendizaje-y-estudio-dual\\\/estudio-dual\\\/\",\"name\":\"Estudio dual - Klasmann-Deilmann\",\"isPartOf\":{\"@id\":\"https:\\\/\\\/klasmann-deilmann.com\\\/en\\\/#website\"},\"datePublished\":\"2021-08-25T13:03:40+00:00\",\"dateModified\":\"2023-05-09T14:41:08+00:00\",\"breadcrumb\":{\"@id\":\"https:\\\/\\\/klasmann-deilmann.com\\\/es\\\/carrera-profesional\\\/aprendizaje-y-estudio-dual\\\/estudio-dual\\\/#breadcrumb\"},\"inLanguage\":\"es\",\"potentialAction\":[{\"@type\":\"ReadAction\",\"target\":[\"https:\\\/\\\/klasmann-deilmann.com\\\/es\\\/carrera-profesional\\\/aprendizaje-y-estudio-dual\\\/estudio-dual\\\/\"]}]},{\"@type\":\"BreadcrumbList\",\"@id\":\"https:\\\/\\\/klasmann-deilmann.com\\\/es\\\/carrera-profesional\\\/aprendizaje-y-estudio-dual\\\/estudio-dual\\\/#breadcrumb\",\"itemListElement\":[{\"@type\":\"ListItem\",\"position\":1,\"name\":\"Home\",\"item\":\"https:\\\/\\\/klasmann-deilmann.com\\\/es\\\/\"},{\"@type\":\"ListItem\",\"position\":2,\"name\":\"Carrera profesional\",\"item\":\"https:\\\/\\\/klasmann-deilmann.com\\\/es\\\/carrera-profesional\\\/\"},{\"@type\":\"ListItem\",\"position\":3,\"name\":\"Aprendizaje y estudio dual\",\"item\":\"https:\\\/\\\/klasmann-deilmann.com\\\/es\\\/carrera-profesional\\\/aprendizaje-y-estudio-dual\\\/\"},{\"@type\":\"ListItem\",\"position\":4,\"name\":\"Estudio dual\"}]},{\"@type\":\"WebSite\",\"@id\":\"https:\\\/\\\/klasmann-deilmann.com\\\/en\\\/#website\",\"url\":\"https:\\\/\\\/klasmann-deilmann.com\\\/en\\\/\",\"name\":\"Klasmann-Deilmann\",\"description\":\"\",\"potentialAction\":[{\"@type\":\"SearchAction\",\"target\":{\"@type\":\"EntryPoint\",\"urlTemplate\":\"https:\\\/\\\/klasmann-deilmann.com\\\/en\\\/?s={search_term_string}\"},\"query-input\":{\"@type\":\"PropertyValueSpecification\",\"valueRequired\":true,\"valueName\":\"search_term_string\"}}],\"inLanguage\":\"es\"}]}<\/script>\n<!-- \/ Yoast SEO plugin. -->","yoast_head_json":{"title":"Estudio dual - Klasmann-Deilmann","robots":{"index":"index","follow":"follow","max-snippet":"max-snippet:-1","max-image-preview":"max-image-preview:large","max-video-preview":"max-video-preview:-1"},"canonical":"https:\/\/klasmann-deilmann.com\/es\/carrera-profesional\/aprendizaje-y-estudio-dual\/estudio-dual\/","og_locale":"es_ES","og_type":"article","og_title":"Estudio dual - Klasmann-Deilmann","og_description":"[vc_row][vc_column][kd_header_random_image_banner image=\u00bb38116&#8243;][\/kd_header_random_image_banner][\/vc_column][\/vc_row][vc_row][vc_column][vc_row_inner][vc_column_inner][vc_column_text] Si disfrutas de la convergencia de teor\u00eda y pr\u00e1ctica, estaremos encantados de conocerte. [\/vc_column_text][\/vc_column_inner][\/vc_row_inner][vc_row_inner][vc_column_inner width=\u00bb1\/2&#8243;][vc_column_text]Una de las opciones en Klasmann-Deilmann consiste en combinar una formaci\u00f3n profesional con un programa de grado en el que alternas regularmente entre la formaci\u00f3n en el lugar de trabajo y en un centro de educaci\u00f3n superior. Esto te permite aunar teor\u00eda y pr\u00e1ctica, empezar a aplicar tu experiencia desde muy pronto y consolidarla en el trabajo diario. Otra gran ventaja: puedes realizar tu","og_url":"https:\/\/klasmann-deilmann.com\/es\/carrera-profesional\/aprendizaje-y-estudio-dual\/estudio-dual\/","og_site_name":"Klasmann-Deilmann","article_modified_time":"2023-05-09T14:41:08+00:00","twitter_card":"summary_large_image","twitter_misc":{"Tiempo de lectura":"5 minutos"},"schema":{"@context":"https:\/\/schema.org","@graph":[{"@type":"WebPage","@id":"https:\/\/klasmann-deilmann.com\/es\/carrera-profesional\/aprendizaje-y-estudio-dual\/estudio-dual\/","url":"https:\/\/klasmann-deilmann.com\/es\/carrera-profesional\/aprendizaje-y-estudio-dual\/estudio-dual\/","name":"Estudio dual - Klasmann-Deilmann","isPartOf":{"@id":"https:\/\/klasmann-deilmann.com\/en\/#website"},"datePublished":"2021-08-25T13:03:40+00:00","dateModified":"2023-05-09T14:41:08+00:00","breadcrumb":{"@id":"https:\/\/klasmann-deilmann.com\/es\/carrera-profesional\/aprendizaje-y-estudio-dual\/estudio-dual\/#breadcrumb"},"inLanguage":"es","potentialAction":[{"@type":"ReadAction","target":["https:\/\/klasmann-deilmann.com\/es\/carrera-profesional\/aprendizaje-y-estudio-dual\/estudio-dual\/"]}]},{"@type":"BreadcrumbList","@id":"https:\/\/klasmann-deilmann.com\/es\/carrera-profesional\/aprendizaje-y-estudio-dual\/estudio-dual\/#breadcrumb","itemListElement":[{"@type":"ListItem","position":1,"name":"Home","item":"https:\/\/klasmann-deilmann.com\/es\/"},{"@type":"ListItem","position":2,"name":"Carrera profesional","item":"https:\/\/klasmann-deilmann.com\/es\/carrera-profesional\/"},{"@type":"ListItem","position":3,"name":"Aprendizaje y estudio dual","item":"https:\/\/klasmann-deilmann.com\/es\/carrera-profesional\/aprendizaje-y-estudio-dual\/"},{"@type":"ListItem","position":4,"name":"Estudio dual"}]},{"@type":"WebSite","@id":"https:\/\/klasmann-deilmann.com\/en\/#website","url":"https:\/\/klasmann-deilmann.com\/en\/","name":"Klasmann-Deilmann","description":"","potentialAction":[{"@type":"SearchAction","target":{"@type":"EntryPoint","urlTemplate":"https:\/\/klasmann-deilmann.com\/en\/?s={search_term_string}"},"query-input":{"@type":"PropertyValueSpecification","valueRequired":true,"valueName":"search_term_string"}}],"inLanguage":"es"}]}},"_links":{"self":[{"href":"https:\/\/klasmann-deilmann.com\/es\/wp-json\/wp\/v2\/pages\/76552","targetHints":{"allow":["GET"]}}],"collection":[{"href":"https:\/\/klasmann-deilmann.com\/es\/wp-json\/wp\/v2\/pages"}],"about":[{"href":"https:\/\/klasmann-deilmann.com\/es\/wp-json\/wp\/v2\/types\/page"}],"author":[{"embeddable":true,"href":"https:\/\/klasmann-deilmann.com\/es\/wp-json\/wp\/v2\/users\/7"}],"replies":[{"embeddable":true,"href":"https:\/\/klasmann-deilmann.com\/es\/wp-json\/wp\/v2\/comments?post=76552"}],"version-history":[{"count":2,"href":"https:\/\/klasmann-deilmann.com\/es\/wp-json\/wp\/v2\/pages\/76552\/revisions"}],"predecessor-version":[{"id":76554,"href":"https:\/\/klasmann-deilmann.com\/es\/wp-json\/wp\/v2\/pages\/76552\/revisions\/76554"}],"up":[{"embeddable":true,"href":"https:\/\/klasmann-deilmann.com\/es\/wp-json\/wp\/v2\/pages\/76546"}],"wp:attachment":[{"href":"https:\/\/klasmann-deilmann.com\/es\/wp-json\/wp\/v2\/media?parent=76552"}],"curies":[{"name":"wp","href":"https:\/\/api.w.org\/{rel}","templated":true}]}}