{"id":76214,"date":"2021-08-05T10:26:05","date_gmt":"2021-08-05T08:26:05","guid":{"rendered":"https:\/\/klasmann-deilmann.com\/productos-y-soluciones\/log-solve\/"},"modified":"2024-03-18T15:40:01","modified_gmt":"2024-03-18T14:40:01","slug":"log-solve","status":"publish","type":"page","link":"https:\/\/klasmann-deilmann.com\/es\/productos-y-soluciones\/log-solve\/","title":{"rendered":"Log &#038; Solve"},"content":{"rendered":"<div class=\"wpb-content-wrapper\">[vc_row][vc_column][kd_header_random_image_banner image=\u00bb34470&#8243;][\/kd_header_random_image_banner][\/vc_column][\/vc_row][vc_row css=\u00bb.vc_custom_1627996958238{padding-bottom: 50px !important;}\u00bb][vc_column][vc_row_inner][vc_column_inner][vc_column_text]<\/p>\n<h2 style=\"text-align: left;\">Log &amp; Solve: aumente la eficiencia de su proceso de cultivo<\/h2>\n<p>[\/vc_column_text][\/vc_column_inner][\/vc_row_inner][vc_row_inner][vc_column_inner][vc_column_text]Log &amp; Solve es una herramienta digital para que los cultivadores recojan datos relevantes del cultivo en una plataforma central basada en la web. El nuevo panel Log &amp; Solve permite una mejor comprensi\u00f3n de su cosecha, con el fin de aumentar la eficiencia de su cultivo.<\/p>\n<p>Log &amp; Solve ayuda a los horticultores a gestionar sus cultivos empleando datos anal\u00edticos y de sensores. Esta organiza toda la informaci\u00f3n relativa al cultivo, que luego se agrupa, se eval\u00faa y se visualiza gr\u00e1ficamente de forma autom\u00e1tica. Tomando esto como base, es posible identificar y evitar m\u00e1s r\u00e1pidamente fen\u00f3menos no deseados en los cultivos.<br \/>\n[\/vc_column_text][\/vc_column_inner][\/vc_row_inner][vc_row_inner][vc_column_inner width=\u00bb1\/2&#8243;][vc_column_text]<img loading=\"lazy\" decoding=\"async\" width=\"1024\" height=\"683\" class=\"alignnone size-full wp-image-67530\" src=\"\/wp-content\/uploads\/klasmann_deilmann_log_and_solve_woman_in_greenhouse.jpg\" alt=\"\" srcset=\"https:\/\/klasmann-deilmann.com\/wp-content\/uploads\/klasmann_deilmann_log_and_solve_woman_in_greenhouse.jpg 1024w, https:\/\/klasmann-deilmann.com\/wp-content\/uploads\/klasmann_deilmann_log_and_solve_woman_in_greenhouse-300x200.jpg 300w, https:\/\/klasmann-deilmann.com\/wp-content\/uploads\/klasmann_deilmann_log_and_solve_woman_in_greenhouse-768x512.jpg 768w, https:\/\/klasmann-deilmann.com\/wp-content\/uploads\/klasmann_deilmann_log_and_solve_woman_in_greenhouse-125x83.jpg 125w\" sizes=\"auto, (max-width: 1024px) 100vw, 1024px\" \/>[\/vc_column_text][\/vc_column_inner][vc_column_inner width=\u00bb1\/2&#8243;][vc_column_text el_class=\u00bbpluslist green\u00bb]<\/p>\n<ul>\n<li>El equipamiento b\u00e1sico incluye an\u00e1lisis de muestras de sustrato y de agua, as\u00ed como anotaciones sobre m\u00e9todos de cultivo y observaciones de la poblaci\u00f3n de plantas, fotos y muchas m\u00e1s cosas.<\/li>\n<\/ul>\n<p>[\/vc_column_text][vc_column_text el_class=\u00bbpluslist green\u00bb]<\/p>\n<ul>\n<li>En la versi\u00f3n ampliada unos modernos sensores registran continuamente el contenido de nutrientes y la humedad del sustrato directamente en la maceta de la planta y generan informes de estado automatizados.<\/li>\n<\/ul>\n<p>[\/vc_column_text][vc_column_text el_class=\u00bbpluslist green\u00bb]<\/p>\n<ul>\n<li>Tambi\u00e9n es posible incluir los datos de humedad, temperatura y luz ya recogidos en el invernadero.<\/li>\n<\/ul>\n<p>[\/vc_column_text][kd_download_button show_link_download1=\u00bbdownload\u00bb download1=\u00bb17114&#8243; showinpdfreader=\u00bb\u00bb][\/vc_column_inner][vc_column_inner][\/vc_column_inner][\/vc_row_inner][\/vc_column][\/vc_row][vc_section][vc_row][vc_column][kd_accordion_custom color=\u00bbkdgreen\u00bb shape=\u00bbsquare\u00bb gap=\u00bb20&#8243; collapsible_all=\u00bbtrue\u00bb active_section=\u00bb99&#8243;][vc_tta_section title=\u00bbAproveche todas las ventajas de Log &amp; Solve\u00bb tab_id=\u00bbadvantages\u00bb][vc_row_inner][vc_column_inner width=\u00bb1\/2&#8243;][vc_column_text el_class=\u00bbpluslist green\u00bb]<\/p>\n<ul>\n<li>Salvaguarda el rendimiento de sus cultivos<\/li>\n<li>Mejora la eficiencia de la producci\u00f3n y reduce las malas cosechas<\/li>\n<li>Monitoriza los par\u00e1metros relevantes del cultivo para anticiparse a los problemas en la plantaci\u00f3n<\/li>\n<li>Extrae conclusiones basadas en los datos para unas resoluci\u00f3n de problemas m\u00e1s r\u00e1pida<\/li>\n<li>Comparte datos digitales del cultivo con asesores para una ayuda experta<\/li>\n<li>Registra datos sobre medidas de cultivo, observaciones caminando por los cultivos, im\u00e1genes y m\u00e1s cosas<\/li>\n<li>Se puede usar con tel\u00e9fonos inteligentes<\/li>\n<\/ul>\n<p>[\/vc_column_text][\/vc_column_inner][vc_column_inner width=\u00bb1\/2&#8243;][vc_column_text]<img loading=\"lazy\" decoding=\"async\" width=\"2560\" height=\"1707\" class=\"alignnone size-full wp-image-35975\" src=\"\/wp-content\/uploads\/log_and_solve_advantages.jpg\" alt=\"\" srcset=\"https:\/\/klasmann-deilmann.com\/wp-content\/uploads\/log_and_solve_advantages.jpg 2560w, https:\/\/klasmann-deilmann.com\/wp-content\/uploads\/log_and_solve_advantages-300x200.jpg 300w, https:\/\/klasmann-deilmann.com\/wp-content\/uploads\/log_and_solve_advantages-1024x683.jpg 1024w, https:\/\/klasmann-deilmann.com\/wp-content\/uploads\/log_and_solve_advantages-768x512.jpg 768w, https:\/\/klasmann-deilmann.com\/wp-content\/uploads\/log_and_solve_advantages-1536x1024.jpg 1536w, https:\/\/klasmann-deilmann.com\/wp-content\/uploads\/log_and_solve_advantages-2048x1366.jpg 2048w\" sizes=\"auto, (max-width: 2560px) 100vw, 2560px\" \/>[\/vc_column_text][\/vc_column_inner][\/vc_row_inner][\/vc_tta_section][vc_tta_section title=\u00bbFuncionalidades del registro por cada cultivo\u00bb tab_id=\u00bblog-functionalities\u00bb][vc_row_inner][vc_column_inner width=\u00bb1\/2&#8243;][vc_column_text]<img loading=\"lazy\" decoding=\"async\" width=\"2560\" height=\"1707\" class=\"alignnone size-full wp-image-35979\" src=\"\/wp-content\/uploads\/weather_data.jpg\" alt=\"\" srcset=\"https:\/\/klasmann-deilmann.com\/wp-content\/uploads\/weather_data.jpg 2560w, https:\/\/klasmann-deilmann.com\/wp-content\/uploads\/weather_data-300x200.jpg 300w, https:\/\/klasmann-deilmann.com\/wp-content\/uploads\/weather_data-1024x683.jpg 1024w, https:\/\/klasmann-deilmann.com\/wp-content\/uploads\/weather_data-768x512.jpg 768w, https:\/\/klasmann-deilmann.com\/wp-content\/uploads\/weather_data-1536x1024.jpg 1536w, https:\/\/klasmann-deilmann.com\/wp-content\/uploads\/weather_data-2048x1366.jpg 2048w\" sizes=\"auto, (max-width: 2560px) 100vw, 2560px\" \/>[\/vc_column_text][\/vc_column_inner][vc_column_inner width=\u00bb1\/2&#8243;][vc_column_text el_class=\u00bbpluslist green\u00bb]<\/p>\n<ul>\n<li>Almacenamiento autom\u00e1tico de an\u00e1lisis de sustrato y de agua<\/li>\n<li>Comparaci\u00f3n autom\u00e1tica de resultados de laboratorio con datos de referencia<\/li>\n<li>Almacenamiento y compartici\u00f3n de im\u00e1genes de cultivos y observaciones<\/li>\n<li>Conservaci\u00f3n de anotaciones sobre cultivos<\/li>\n<li>Historia de cultivos<\/li>\n<li>Informaci\u00f3n sobre estrategias de cultivo<\/li>\n<\/ul>\n<p>[\/vc_column_text][\/vc_column_inner][\/vc_row_inner][\/vc_tta_section][vc_tta_section title=\u00bbFuncionalidades generales\u00bb tab_id=\u00bbgeneral-functionalities\u00bb][vc_row_inner][vc_column_inner width=\u00bb1\/2&#8243;][vc_column_text el_class=\u00bbpluslist green\u00bb]<\/p>\n<ul>\n<li>Datos meteorol\u00f3gicos<\/li>\n<li>Acceso al conocimiento experto de los asesores t\u00e9cnicos de Klasmann-Deilmann<\/li>\n<\/ul>\n<p>[\/vc_column_text][\/vc_column_inner][vc_column_inner width=\u00bb1\/2&#8243;][vc_column_text el_class=\u00bbpluslist green\u00bb]<img loading=\"lazy\" decoding=\"async\" width=\"2560\" height=\"1920\" class=\"alignnone size-full wp-image-35981\" src=\"\/wp-content\/uploads\/log_functionalities.jpg\" alt=\"\" srcset=\"https:\/\/klasmann-deilmann.com\/wp-content\/uploads\/log_functionalities.jpg 2560w, https:\/\/klasmann-deilmann.com\/wp-content\/uploads\/log_functionalities-300x225.jpg 300w, https:\/\/klasmann-deilmann.com\/wp-content\/uploads\/log_functionalities-1024x768.jpg 1024w, https:\/\/klasmann-deilmann.com\/wp-content\/uploads\/log_functionalities-768x576.jpg 768w, https:\/\/klasmann-deilmann.com\/wp-content\/uploads\/log_functionalities-1536x1152.jpg 1536w, https:\/\/klasmann-deilmann.com\/wp-content\/uploads\/log_functionalities-2048x1536.jpg 2048w\" sizes=\"auto, (max-width: 2560px) 100vw, 2560px\" \/>[\/vc_column_text][\/vc_column_inner][\/vc_row_inner][\/vc_tta_section][\/kd_accordion_custom][\/vc_column][\/vc_row][\/vc_section][vc_row background_color=\u00bbkdlightgray\u00bb][vc_column][vc_row_inner][vc_column_inner][vc_column_text]<\/p>\n<h2>Nos enorgullece presentar la plataforma digital de consulta Log &amp; Solve<\/h2>\n<p>[\/vc_column_text][\/vc_column_inner][\/vc_row_inner][vc_row_inner][vc_column_inner][vc_column_text]<\/p>\n<h3>The digital advisory platform<\/h3>\n<p>[\/vc_column_text][kd_videobox videofrom=\u00bbyoutube\u00bb link=\u00bbhttps:\/\/youtu.be\/Fk8nMfpnM14&#8243;][\/vc_column_inner][\/vc_row_inner][vc_row_inner][vc_column_inner][vc_column_text]<\/p>\n<h3>Log &amp; Solve in use<\/h3>\n<p>[\/vc_column_text][kd_videobox videofrom=\u00bbinfothek\u00bb videoinfothek=\u00bb51315|Log &amp; Solve in use\u00bb][\/vc_column_inner][\/vc_row_inner][\/vc_column][\/vc_row][vc_row][vc_column][vc_row_inner][vc_column_inner][vc_column_text]<\/p>\n<h2>Tras una panor\u00e1mica, as\u00ed funciona: inicie su futuro digital aqu\u00ed.<\/h2>\n<p>[\/vc_column_text][vc_column_text]Las tres capturas de pantalla solo proporcionan una peque\u00f1a impresi\u00f3n de las posibilidades de Log &amp; Solve. Descubra m\u00e1s datos y obtenga una visi\u00f3n completa.[\/vc_column_text][\/vc_column_inner][\/vc_row_inner][vc_row_inner][vc_column_inner][vc_gallery interval=\u00bb10&#8243; images=\u00bb24957,24967,24977&#8243; img_size=\u00bbfull\u00bb onclick=\u00bb\u00bb][\/vc_column_inner][\/vc_row_inner][\/vc_column][\/vc_row][vc_row css=\u00bb.vc_custom_1629276316606{margin-top: 30px !important;padding-top: 50px !important;padding-bottom: 50px !important;background-color: #414345 !important;}\u00bb][vc_column][vc_row_inner][vc_column_inner width=\u00bb1\/2&#8243;][vc_column_text]<a href=\"https:\/\/logandsolve.com\/en\/\"><img loading=\"lazy\" decoding=\"async\" width=\"1024\" height=\"523\" class=\"alignnone size-large wp-image-25006\" src=\"\/wp-content\/uploads\/klasmann_deilmann_log_and_solve-1024x523.jpg\" alt=\"link to log&amp;solve\" srcset=\"https:\/\/klasmann-deilmann.com\/wp-content\/uploads\/klasmann_deilmann_log_and_solve-1024x523.jpg 1024w, https:\/\/klasmann-deilmann.com\/wp-content\/uploads\/klasmann_deilmann_log_and_solve-300x153.jpg 300w, https:\/\/klasmann-deilmann.com\/wp-content\/uploads\/klasmann_deilmann_log_and_solve-768x392.jpg 768w, https:\/\/klasmann-deilmann.com\/wp-content\/uploads\/klasmann_deilmann_log_and_solve-1536x784.jpg 1536w, https:\/\/klasmann-deilmann.com\/wp-content\/uploads\/klasmann_deilmann_log_and_solve-125x64.jpg 125w, https:\/\/klasmann-deilmann.com\/wp-content\/uploads\/klasmann_deilmann_log_and_solve.jpg 1889w\" sizes=\"auto, (max-width: 1024px) 100vw, 1024px\" \/><\/a>[\/vc_column_text][\/vc_column_inner][vc_column_inner width=\u00bb1\/2&#8243;][vc_column_text]<\/p>\n<h3>C\u00f3mo acceder a Log &amp; Solve<\/h3>\n<p>[\/vc_column_text][vc_column_text]Se puede registrar en \u201cHacer clic aqu\u00ed para Log &amp; Solve\u201d. Si a\u00fan no cuenta con ning\u00fan dato de registro, simplemente contacte con su representante comercial personal de Klasmann-Deilmann o escriba a Co-Anne van Waaij.[\/vc_column_text][\/vc_column_inner][\/vc_row_inner][\/vc_column][\/vc_row][vc_row css=\u00bb.vc_custom_1627485951011{padding-top: 50px !important;padding-bottom: 50px !important;}\u00bb][vc_column][vc_row_inner][vc_column_inner width=\u00bb1\/2&#8243;][vc_column_text]<\/p>\n<h2>Asesoramiento en su m\u00e1xima expresi\u00f3n: en el acto y en cualquier lugar<\/h2>\n<p>[\/vc_column_text][vc_column_text]Gracias a Log &amp; Solve, los clientes pueden ver los datos actualizados sobre sus cultivos en cualquier momento. Tambi\u00e9n pueden tratarlos directamente con su asesor t\u00e9cnico de Klasmann-Deilmann. Si tienen cualquier pregunta o problema, estos pueden emplear los datos para realizar una r\u00e1pida recomendaci\u00f3n, con independencia de si se encuentran en el mismo lugar o no. Log &amp; Solve funciona con la misma rapidez en un tel\u00e9fono inteligente que en un ordenador personal.[\/vc_column_text][kd_download_button show_link_download1=\u00bblink\u00bb link1=\u00bburl:mailto%3Alog.solve%40klasmann-deilmann.com|title:Contacte%20con%20nosotros\u00bb][\/vc_column_inner][vc_column_inner width=\u00bb1\/2&#8243;][vc_column_text]<img loading=\"lazy\" decoding=\"async\" width=\"1024\" height=\"683\" class=\"alignnone size-large wp-image-19648\" src=\"\/wp-content\/uploads\/iStock-986566084-1024x683.jpg\" alt=\"\" srcset=\"https:\/\/klasmann-deilmann.com\/wp-content\/uploads\/iStock-986566084-1024x683.jpg 1024w, https:\/\/klasmann-deilmann.com\/wp-content\/uploads\/iStock-986566084-300x200.jpg 300w, https:\/\/klasmann-deilmann.com\/wp-content\/uploads\/iStock-986566084-768x513.jpg 768w, https:\/\/klasmann-deilmann.com\/wp-content\/uploads\/iStock-986566084-1536x1025.jpg 1536w, https:\/\/klasmann-deilmann.com\/wp-content\/uploads\/iStock-986566084-2048x1367.jpg 2048w, https:\/\/klasmann-deilmann.com\/wp-content\/uploads\/iStock-986566084-125x83.jpg 125w\" sizes=\"auto, (max-width: 1024px) 100vw, 1024px\" \/>[\/vc_column_text][\/vc_column_inner][\/vc_row_inner][\/vc_column][\/vc_row][vc_row background_color=\u00bbkdlightgray\u00bb disable_element=\u00bbyes\u00bb css=\u00bb.vc_custom_1660654788908{padding-top: 50px !important;padding-bottom: 50px !important;}\u00bb][vc_column][vc_row_inner content_placement=\u00bbmiddle\u00bb][vc_column_inner width=\u00bb1\/3&#8243;][vc_column_text]<img loading=\"lazy\" decoding=\"async\" width=\"595\" height=\"259\" class=\"alignnone size-full wp-image-54069\" src=\"\/wp-content\/uploads\/Log_and_Solve_Icon_Live_Demo.png\" alt=\"\" srcset=\"https:\/\/klasmann-deilmann.com\/wp-content\/uploads\/Log_and_Solve_Icon_Live_Demo.png 595w, https:\/\/klasmann-deilmann.com\/wp-content\/uploads\/Log_and_Solve_Icon_Live_Demo-300x131.png 300w\" sizes=\"auto, (max-width: 595px) 100vw, 595px\" \/>[\/vc_column_text][\/vc_column_inner][vc_column_inner width=\u00bb2\/3&#8243;][vc_column_text]<\/p>\n<h2>Advice at its exclusivest: Get to know Log &amp; Solve live<\/h2>\n<p>[\/vc_column_text][vc_column_text]You are invited to attend an exclusive and non-binding live online demonstration of Log &amp; Solve. <a href=\"https:\/\/klasmann-deilmann.com\/en\/products-solutions\/log-solve\/contact-form\/\"><u>For a personal appointment with one of our experts, please click here<\/u><\/a>.[\/vc_column_text][\/vc_column_inner][\/vc_row_inner][\/vc_column][\/vc_row][vc_row css=\u00bb.vc_custom_1627485951011{padding-top: 50px !important;padding-bottom: 50px !important;}\u00bb][vc_column][kd_getintouch image=\u00bb32948&#8243;][\/vc_column][\/vc_row]<\/div>\n","protected":false},"excerpt":{"rendered":"<p>[vc_row][vc_column][kd_header_random_image_banner image=\u00bb34470&#8243;][\/kd_header_random_image_banner][\/vc_column][\/vc_row][vc_row css=\u00bb.vc_custom_1627996958238{padding-bottom: 50px !important;}\u00bb][vc_column][vc_row_inner][vc_column_inner][vc_column_text] Log &amp; Solve: aumente la eficiencia de su proceso de cultivo [\/vc_column_text][\/vc_column_inner][\/vc_row_inner][vc_row_inner][vc_column_inner][vc_column_text]Log &amp; Solve es una herramienta digital para que los cultivadores recojan datos relevantes del cultivo en una plataforma central basada en la web. El nuevo panel Log &amp; Solve permite una mejor comprensi\u00f3n de su cosecha, con el fin de aumentar la eficiencia de su cultivo. Log &amp; Solve ayuda a los horticultores a gestionar sus cultivos empleando datos anal\u00edticos y de sensores.<\/p>\n","protected":false},"author":7,"featured_media":0,"parent":76147,"menu_order":499,"comment_status":"closed","ping_status":"closed","template":"","meta":{"_acf_changed":false,"inline_featured_image":false,"footnotes":""},"class_list":["post-76214","page","type-page","status-publish","hentry"],"acf":[],"yoast_head":"<!-- This site is optimized with the Yoast SEO plugin v27.5 - https:\/\/yoast.com\/product\/yoast-seo-wordpress\/ -->\n<title>Log &amp; Solve - Klasmann-Deilmann<\/title>\n<meta name=\"robots\" content=\"index, follow, max-snippet:-1, max-image-preview:large, max-video-preview:-1\" \/>\n<link rel=\"canonical\" href=\"https:\/\/klasmann-deilmann.com\/es\/productos-y-soluciones\/log-solve\/\" \/>\n<meta property=\"og:locale\" content=\"es_ES\" \/>\n<meta property=\"og:type\" content=\"article\" \/>\n<meta property=\"og:title\" content=\"Log &amp; Solve - Klasmann-Deilmann\" \/>\n<meta property=\"og:description\" content=\"[vc_row][vc_column][kd_header_random_image_banner image=\u00bb34470&#8243;][\/kd_header_random_image_banner][\/vc_column][\/vc_row][vc_row css=\u00bb.vc_custom_1627996958238{padding-bottom: 50px !important;}\u00bb][vc_column][vc_row_inner][vc_column_inner][vc_column_text] Log &amp; Solve: aumente la eficiencia de su proceso de cultivo [\/vc_column_text][\/vc_column_inner][\/vc_row_inner][vc_row_inner][vc_column_inner][vc_column_text]Log &amp; Solve es una herramienta digital para que los cultivadores recojan datos relevantes del cultivo en una plataforma central basada en la web. El nuevo panel Log &amp; Solve permite una mejor comprensi\u00f3n de su cosecha, con el fin de aumentar la eficiencia de su cultivo. Log &amp; Solve ayuda a los horticultores a gestionar sus cultivos empleando datos anal\u00edticos y de sensores.\" \/>\n<meta property=\"og:url\" content=\"https:\/\/klasmann-deilmann.com\/es\/productos-y-soluciones\/log-solve\/\" \/>\n<meta property=\"og:site_name\" content=\"Klasmann-Deilmann\" \/>\n<meta property=\"article:modified_time\" content=\"2024-03-18T14:40:01+00:00\" \/>\n<meta name=\"twitter:card\" content=\"summary_large_image\" \/>\n<meta name=\"twitter:label1\" content=\"Tiempo de lectura\" \/>\n\t<meta name=\"twitter:data1\" content=\"5 minutos\" \/>\n<script type=\"application\/ld+json\" class=\"yoast-schema-graph\">{\"@context\":\"https:\\\/\\\/schema.org\",\"@graph\":[{\"@type\":\"WebPage\",\"@id\":\"https:\\\/\\\/klasmann-deilmann.com\\\/es\\\/productos-y-soluciones\\\/log-solve\\\/\",\"url\":\"https:\\\/\\\/klasmann-deilmann.com\\\/es\\\/productos-y-soluciones\\\/log-solve\\\/\",\"name\":\"Log & Solve - Klasmann-Deilmann\",\"isPartOf\":{\"@id\":\"https:\\\/\\\/klasmann-deilmann.com\\\/en\\\/#website\"},\"datePublished\":\"2021-08-05T08:26:05+00:00\",\"dateModified\":\"2024-03-18T14:40:01+00:00\",\"breadcrumb\":{\"@id\":\"https:\\\/\\\/klasmann-deilmann.com\\\/es\\\/productos-y-soluciones\\\/log-solve\\\/#breadcrumb\"},\"inLanguage\":\"es\",\"potentialAction\":[{\"@type\":\"ReadAction\",\"target\":[\"https:\\\/\\\/klasmann-deilmann.com\\\/es\\\/productos-y-soluciones\\\/log-solve\\\/\"]}]},{\"@type\":\"BreadcrumbList\",\"@id\":\"https:\\\/\\\/klasmann-deilmann.com\\\/es\\\/productos-y-soluciones\\\/log-solve\\\/#breadcrumb\",\"itemListElement\":[{\"@type\":\"ListItem\",\"position\":1,\"name\":\"Home\",\"item\":\"https:\\\/\\\/klasmann-deilmann.com\\\/es\\\/\"},{\"@type\":\"ListItem\",\"position\":2,\"name\":\"Productos y soluciones\",\"item\":\"https:\\\/\\\/klasmann-deilmann.com\\\/es\\\/productos-y-soluciones\\\/\"},{\"@type\":\"ListItem\",\"position\":3,\"name\":\"Log & Solve\"}]},{\"@type\":\"WebSite\",\"@id\":\"https:\\\/\\\/klasmann-deilmann.com\\\/en\\\/#website\",\"url\":\"https:\\\/\\\/klasmann-deilmann.com\\\/en\\\/\",\"name\":\"Klasmann-Deilmann\",\"description\":\"\",\"potentialAction\":[{\"@type\":\"SearchAction\",\"target\":{\"@type\":\"EntryPoint\",\"urlTemplate\":\"https:\\\/\\\/klasmann-deilmann.com\\\/en\\\/?s={search_term_string}\"},\"query-input\":{\"@type\":\"PropertyValueSpecification\",\"valueRequired\":true,\"valueName\":\"search_term_string\"}}],\"inLanguage\":\"es\"}]}<\/script>\n<!-- \/ Yoast SEO plugin. -->","yoast_head_json":{"title":"Log & Solve - Klasmann-Deilmann","robots":{"index":"index","follow":"follow","max-snippet":"max-snippet:-1","max-image-preview":"max-image-preview:large","max-video-preview":"max-video-preview:-1"},"canonical":"https:\/\/klasmann-deilmann.com\/es\/productos-y-soluciones\/log-solve\/","og_locale":"es_ES","og_type":"article","og_title":"Log & Solve - Klasmann-Deilmann","og_description":"[vc_row][vc_column][kd_header_random_image_banner image=\u00bb34470&#8243;][\/kd_header_random_image_banner][\/vc_column][\/vc_row][vc_row css=\u00bb.vc_custom_1627996958238{padding-bottom: 50px !important;}\u00bb][vc_column][vc_row_inner][vc_column_inner][vc_column_text] Log &amp; Solve: aumente la eficiencia de su proceso de cultivo [\/vc_column_text][\/vc_column_inner][\/vc_row_inner][vc_row_inner][vc_column_inner][vc_column_text]Log &amp; Solve es una herramienta digital para que los cultivadores recojan datos relevantes del cultivo en una plataforma central basada en la web. El nuevo panel Log &amp; Solve permite una mejor comprensi\u00f3n de su cosecha, con el fin de aumentar la eficiencia de su cultivo. Log &amp; Solve ayuda a los horticultores a gestionar sus cultivos empleando datos anal\u00edticos y de sensores.","og_url":"https:\/\/klasmann-deilmann.com\/es\/productos-y-soluciones\/log-solve\/","og_site_name":"Klasmann-Deilmann","article_modified_time":"2024-03-18T14:40:01+00:00","twitter_card":"summary_large_image","twitter_misc":{"Tiempo de lectura":"5 minutos"},"schema":{"@context":"https:\/\/schema.org","@graph":[{"@type":"WebPage","@id":"https:\/\/klasmann-deilmann.com\/es\/productos-y-soluciones\/log-solve\/","url":"https:\/\/klasmann-deilmann.com\/es\/productos-y-soluciones\/log-solve\/","name":"Log & Solve - Klasmann-Deilmann","isPartOf":{"@id":"https:\/\/klasmann-deilmann.com\/en\/#website"},"datePublished":"2021-08-05T08:26:05+00:00","dateModified":"2024-03-18T14:40:01+00:00","breadcrumb":{"@id":"https:\/\/klasmann-deilmann.com\/es\/productos-y-soluciones\/log-solve\/#breadcrumb"},"inLanguage":"es","potentialAction":[{"@type":"ReadAction","target":["https:\/\/klasmann-deilmann.com\/es\/productos-y-soluciones\/log-solve\/"]}]},{"@type":"BreadcrumbList","@id":"https:\/\/klasmann-deilmann.com\/es\/productos-y-soluciones\/log-solve\/#breadcrumb","itemListElement":[{"@type":"ListItem","position":1,"name":"Home","item":"https:\/\/klasmann-deilmann.com\/es\/"},{"@type":"ListItem","position":2,"name":"Productos y soluciones","item":"https:\/\/klasmann-deilmann.com\/es\/productos-y-soluciones\/"},{"@type":"ListItem","position":3,"name":"Log & Solve"}]},{"@type":"WebSite","@id":"https:\/\/klasmann-deilmann.com\/en\/#website","url":"https:\/\/klasmann-deilmann.com\/en\/","name":"Klasmann-Deilmann","description":"","potentialAction":[{"@type":"SearchAction","target":{"@type":"EntryPoint","urlTemplate":"https:\/\/klasmann-deilmann.com\/en\/?s={search_term_string}"},"query-input":{"@type":"PropertyValueSpecification","valueRequired":true,"valueName":"search_term_string"}}],"inLanguage":"es"}]}},"_links":{"self":[{"href":"https:\/\/klasmann-deilmann.com\/es\/wp-json\/wp\/v2\/pages\/76214","targetHints":{"allow":["GET"]}}],"collection":[{"href":"https:\/\/klasmann-deilmann.com\/es\/wp-json\/wp\/v2\/pages"}],"about":[{"href":"https:\/\/klasmann-deilmann.com\/es\/wp-json\/wp\/v2\/types\/page"}],"author":[{"embeddable":true,"href":"https:\/\/klasmann-deilmann.com\/es\/wp-json\/wp\/v2\/users\/7"}],"replies":[{"embeddable":true,"href":"https:\/\/klasmann-deilmann.com\/es\/wp-json\/wp\/v2\/comments?post=76214"}],"version-history":[{"count":4,"href":"https:\/\/klasmann-deilmann.com\/es\/wp-json\/wp\/v2\/pages\/76214\/revisions"}],"predecessor-version":[{"id":83856,"href":"https:\/\/klasmann-deilmann.com\/es\/wp-json\/wp\/v2\/pages\/76214\/revisions\/83856"}],"up":[{"embeddable":true,"href":"https:\/\/klasmann-deilmann.com\/es\/wp-json\/wp\/v2\/pages\/76147"}],"wp:attachment":[{"href":"https:\/\/klasmann-deilmann.com\/es\/wp-json\/wp\/v2\/media?parent=76214"}],"curies":[{"name":"wp","href":"https:\/\/api.w.org\/{rel}","templated":true}]}}