{"id":76191,"date":"2021-08-13T14:48:34","date_gmt":"2021-08-13T12:48:34","guid":{"rendered":"https:\/\/klasmann-deilmann.com\/productos-y-soluciones\/materias-primas\/cocos-products\/"},"modified":"2023-04-21T14:25:14","modified_gmt":"2023-04-21T12:25:14","slug":"productos-del-coco","status":"publish","type":"page","link":"https:\/\/klasmann-deilmann.com\/es\/productos-y-soluciones\/materias-primas\/productos-del-coco\/","title":{"rendered":"Productos del coco"},"content":{"rendered":"<div class=\"wpb-content-wrapper\">[vc_row][vc_column][kd_header_random_image_banner image=\u00bb18886&#8243;][\/kd_header_random_image_banner][\/vc_column][\/vc_row][vc_row css=\u00bb.vc_custom_1630919326707{padding-bottom: 30px !important;}\u00bb][vc_column][vc_row_inner][vc_column_inner][vc_column_text]<\/p>\n<h2>\u00bfPor qu\u00e9 productos del coco?<\/h2>\n<p>[\/vc_column_text][\/vc_column_inner][\/vc_row_inner][vc_row_inner][vc_column_inner width=\u00bb1\/4&#8243;][vc_column_text]Debido a la creciente demanda internacional de sustratos de cultivo de alta calidad, estamos ampliando nuestra gama de componentes a base de coco. Esto permite un suministro seguro a los cultivadores de cara al futuro, especialmente para mercados emergentes de Asia, \u00c1frica y Sudam\u00e9rica. Los productos de coco han demostrado ser un complemento beneficioso para la gama existente de componentes de alta calidad. El coco se considera sostenible y aporta positivas propiedades t\u00e9cnicas para el cultivo de plantas.[\/vc_column_text][\/vc_column_inner][vc_column_inner width=\u00bb1\/4&#8243;][vc_column_text]La fibra de coco se obtiene de la c\u00e1scara del mismo, el mesocarpio. De esta c\u00e1scara se pueden extraer varios materiales de fibra: la m\u00e9dula de coco, la fibra de coco y la corteza o las astillas de coco. Las diferentes fracciones se producen mediante corte o cribado. La combinaci\u00f3n de los diferentes materiales y grados de la fibra de coco determina las propiedades f\u00edsicas del producto final. Unos tratamientos espec\u00edficos para ajustar sus propiedades qu\u00edmicas garantizan un uso seguro en el cultivo de plantas.[\/vc_column_text][\/vc_column_inner][vc_column_inner width=\u00bb1\/2&#8243;][vc_column_text]<img loading=\"lazy\" decoding=\"async\" class=\"alignnone wp-image-36955 size-full\" src=\"https:\/\/klasmann-deilmann.com\/wp-content\/uploads\/klasmann-deilmann_cocos_subbrand_flag.jpg\" alt=\"\" width=\"2560\" height=\"1280\" srcset=\"https:\/\/klasmann-deilmann.com\/wp-content\/uploads\/klasmann-deilmann_cocos_subbrand_flag.jpg 2560w, https:\/\/klasmann-deilmann.com\/wp-content\/uploads\/klasmann-deilmann_cocos_subbrand_flag-300x150.jpg 300w, https:\/\/klasmann-deilmann.com\/wp-content\/uploads\/klasmann-deilmann_cocos_subbrand_flag-1024x512.jpg 1024w, https:\/\/klasmann-deilmann.com\/wp-content\/uploads\/klasmann-deilmann_cocos_subbrand_flag-768x384.jpg 768w, https:\/\/klasmann-deilmann.com\/wp-content\/uploads\/klasmann-deilmann_cocos_subbrand_flag-1536x768.jpg 1536w, https:\/\/klasmann-deilmann.com\/wp-content\/uploads\/klasmann-deilmann_cocos_subbrand_flag-2048x1024.jpg 2048w\" sizes=\"auto, (max-width: 2560px) 100vw, 2560px\" \/>[\/vc_column_text][\/vc_column_inner][\/vc_row_inner][vc_row_inner][vc_column_inner][kd_download_button show_link_download1=\u00bbdownload\u00bb download1=\u00bb18618&#8243; showinpdfreader=\u00bbtrue\u00bb][\/vc_column_inner][\/vc_row_inner][\/vc_column][\/vc_row][vc_row css=\u00bb.vc_custom_1629106351264{margin-top: 70px !important;margin-bottom: 30px !important;}\u00bb][vc_column][vc_row_inner][vc_column_inner][vc_column_text]<\/p>\n<h2>Aspectos de calidad<\/h2>\n<p>[\/vc_column_text][\/vc_column_inner][\/vc_row_inner][vc_row_inner][vc_column_inner width=\u00bb1\/4&#8243;][vc_column_text]<img loading=\"lazy\" decoding=\"async\" width=\"2550\" height=\"3840\" class=\"alignnone size-full wp-image-19007\" src=\"\/wp-content\/uploads\/Cocos_Landingpage-scaled.jpg\" alt=\"\" srcset=\"https:\/\/klasmann-deilmann.com\/wp-content\/uploads\/Cocos_Landingpage-scaled.jpg 2550w, https:\/\/klasmann-deilmann.com\/wp-content\/uploads\/Cocos_Landingpage-199x300.jpg 199w, https:\/\/klasmann-deilmann.com\/wp-content\/uploads\/Cocos_Landingpage-680x1024.jpg 680w, https:\/\/klasmann-deilmann.com\/wp-content\/uploads\/Cocos_Landingpage-510x768.jpg 510w, https:\/\/klasmann-deilmann.com\/wp-content\/uploads\/Cocos_Landingpage-1020x1536.jpg 1020w, https:\/\/klasmann-deilmann.com\/wp-content\/uploads\/Cocos_Landingpage-1360x2048.jpg 1360w, https:\/\/klasmann-deilmann.com\/wp-content\/uploads\/Cocos_Landingpage-83x125.jpg 83w\" sizes=\"auto, (max-width: 2550px) 100vw, 2550px\" \/>[\/vc_column_text][\/vc_column_inner][vc_column_inner width=\u00bb1\/2&#8243;][vc_column_text]<\/p>\n<h3>Certificaci\u00f3n SA8000<\/h3>\n<p>La fabricaci\u00f3n de nuestros productos de fibra de coco est\u00e1 certificada conforme a la norma SA8000. Esta norma de gesti\u00f3n internacionalmente aceptada anima a las organizaciones a desarrollar, mantener y aplicar pr\u00e1cticas socialmente aceptables en el lugar de trabajo.[\/vc_column_text][vc_column_text]<\/p>\n<h3>Certificaci\u00f3n RHP<\/h3>\n<p>Nuestros productos de fibra de coco tratada llevan la marca de calidad RHP, que confirma su idoneidad como componente de sustrato para la horticultura comercial. Todas las instalaciones de producci\u00f3n est\u00e1n certificadas conforme a las estrictas normas RHP, una garant\u00eda de alta calidad constante (www.rhp.nl).[\/vc_column_text][\/vc_column_inner][vc_column_inner width=\u00bb1\/4&#8243;][vc_column_text]<img loading=\"lazy\" decoding=\"async\" class=\"alignnone wp-image-19017 size-full\" src=\"https:\/\/klasmann-deilmann.com\/wp-content\/uploads\/logosa8001_klein_150px.jpg\" alt=\"\" width=\"150\" height=\"133\" srcset=\"https:\/\/klasmann-deilmann.com\/wp-content\/uploads\/logosa8001_klein_150px.jpg 150w, https:\/\/klasmann-deilmann.com\/wp-content\/uploads\/logosa8001_klein_150px-125x111.jpg 125w\" sizes=\"auto, (max-width: 150px) 100vw, 150px\" \/>[\/vc_column_text][vc_column_text]<img loading=\"lazy\" decoding=\"async\" width=\"150\" height=\"158\" class=\"alignnone size-full wp-image-19026\" src=\"\/wp-content\/uploads\/RHP-Logo-Horticulture-Eng_klein_150px.jpg\" alt=\"\" srcset=\"https:\/\/klasmann-deilmann.com\/wp-content\/uploads\/RHP-Logo-Horticulture-Eng_klein_150px.jpg 150w, https:\/\/klasmann-deilmann.com\/wp-content\/uploads\/RHP-Logo-Horticulture-Eng_klein_150px-119x125.jpg 119w\" sizes=\"auto, (max-width: 150px) 100vw, 150px\" \/>[\/vc_column_text][\/vc_column_inner][\/vc_row_inner][\/vc_column][\/vc_row][vc_row css=\u00bb.vc_custom_1629107168325{margin-top: 70px !important;padding-top: 70px !important;padding-bottom: 70px !important;background-color: #414345 !important;}\u00bb][vc_column][vc_row_inner][vc_column_inner][vc_column_text]<\/p>\n<h2>Nuestros productos<\/h2>\n<p>[\/vc_column_text][\/vc_column_inner][\/vc_row_inner][vc_row_inner equal_height=\u00bbyes\u00bb][vc_column_inner width=\u00bb1\/3&#8243;][vc_hoverbox shape=\u00bb75&#8243; image=\u00bb18875&#8243; primary_title=\u00bbM\u00e9dula de coco\u00bb hover_title=\u00bb\u00bb hover_align=\u00bbleft\u00bb hover_background_color=\u00bbcustom\u00bb hover_custom_background=\u00bb#44a12b\u00bb]<\/p>\n<p style=\"text-align: left;\">La c\u00e1scara del coco est\u00e1 formada por la blanda m\u00e9dula y las fibras de coco, con las que est\u00e1 entremezclada. Al separar las fibras y la m\u00e9dula, se extraen dos materias primas diferentes. Al cribar la m\u00e9dula de coco se obtienen distintos grados, adecuados para diferentes aplicaciones. El m\u00e1s com\u00fan es el material cribado de 0 \u2013 6 mm (\u00bc\u201d), con una capacidad de aireaci\u00f3n aprox. del 25\u2009% del volumen.<\/p>\n<p>[\/vc_hoverbox][\/vc_column_inner][vc_column_inner width=\u00bb1\/3&#8243;][vc_hoverbox shape=\u00bb75&#8243; image=\u00bb18886&#8243; primary_title=\u00bbAstillas de coco\u00bb hover_title=\u00bb\u00bb hover_align=\u00bbleft\u00bb hover_background_color=\u00bbcustom\u00bb hover_custom_background=\u00bb#ffcc00&#8243;]<\/p>\n<p style=\"color: #414345; text-align: left;\">Las astillas de coco consisten en grados mayores de m\u00e9dula de coco, de la que se han eliminado part\u00edculas finas mediante cribado. Las astillas de coco incrementan la capacidad de aireaci\u00f3n y drenaje de los sustratos de cultivo. Dependiendo de la cantidad de astillas de coco en un sustrato, la capacidad de aireaci\u00f3n puede aumentar entre un 10 y un 40\u2009% del volumen. Adicionalmente, las fibras de coco presentes naturalmente mejoran el flujo de agua en el sustrato.<\/p>\n<p>[\/vc_hoverbox][\/vc_column_inner][vc_column_inner width=\u00bb1\/3&#8243;][vc_hoverbox shape=\u00bb75&#8243; image=\u00bb18897&#8243; primary_title=\u00bbFibra de coco\u00bb hover_title=\u00bb\u00bb hover_align=\u00bbleft\u00bb hover_background_color=\u00bbcustom\u00bb hover_custom_background=\u00bb#df4417&#8243;]<\/p>\n<p style=\"text-align: left;\">Gran parte de la c\u00e1scara del coco consiste en fibras utilizadas principalmente en productos como felpudos, escobas, colchones y geotextiles. Cortar las fibras permite su uso en sustratos. La fibra de coco mejora el flujo de agua en los sustratos de cultivo. Esto se produce en ambos sentidos: flujo de arriba a abajo para un mejor drenaje y de abajo a arriba para una mejor capilaridad del agua, p. ej., en sistemas de inundaci\u00f3n y drenaje o alfombras de irrigaci\u00f3n.<\/p>\n<p>[\/vc_hoverbox][\/vc_column_inner][\/vc_row_inner][vc_row_inner equal_height=\u00bbyes\u00bb][vc_column_inner width=\u00bb1\/3&#8243;][vc_hoverbox shape=\u00bb75&#8243; image=\u00bb18906&#8243; primary_title=\u00bbMezclas de fibra de coco\u00bb hover_title=\u00bb\u00bb hover_align=\u00bbleft\u00bb hover_background_color=\u00bbcustom\u00bb hover_custom_background=\u00bb#235b43&#8243;]<\/p>\n<p style=\"text-align: left;\">Para conseguir las propiedades f\u00edsicas necesarias para cualquier producto hort\u00edcola o situaci\u00f3n de cultivo espec\u00edficos, los diferentes materiales de fibra de coco se combinan para ajustar la capacidad de hidrataci\u00f3n y de aireaci\u00f3n del producto final. Las mezclas t\u00edpicas son, p. ej., Mezcla de fibra de coco 80\/20, con un 80\u2009% de m\u00e9dula de coco y un 20\u2009% de astillas, o Mezcla de fibra de coco 70\/30, que se emplea cuando se necesitan propiedades con mayor capacidad de aireaci\u00f3n y drenaje. Nuestras mezclas de fibra de coco tambi\u00e9n est\u00e1n disponibles como bolsas de cultivo.<\/p>\n<p>[\/vc_hoverbox][\/vc_column_inner][vc_column_inner width=\u00bb1\/3&#8243;][vc_hoverbox shape=\u00bb75&#8243; image=\u00bb35560&#8243; primary_title=\u00bb\u00bb hover_title=\u00bb\u00bb hover_align=\u00bbleft\u00bb hover_background_color=\u00bbcustom\u00bb hover_custom_background=\u00bb#235b43&#8243;]<\/p>\n<p style=\"text-align: left;\">Klasmann-Deilmann distribuye el producto de fibra de coco de alta calidad Shakti Amla\u00ae de Shakti Cocos. Shakti Amla\u00ae es un producto de fibra de coco \u00fanico, espec\u00edficamente desarrollado para asegurar un nivel de pH bajo y estable en los sustratos de cultivo. Por consiguiente, el valor de pH de un sustrato se puede ajustar al nivel deseado a\u00f1adiendo cal. El complejo de intercambio i\u00f3nico org\u00e1nico en este producto est\u00e1 adecuadamente tamponado para ayudar a una fertilizaci\u00f3n segura. Shakti Amla\u00ae proporciona un nivel basal de nutrientes.<\/p>\n<p>[\/vc_hoverbox][\/vc_column_inner][vc_column_inner width=\u00bb1\/3&#8243;][\/vc_column_inner][\/vc_row_inner][\/vc_column][\/vc_row][vc_row css=\u00bb.vc_custom_1629107311648{padding-top: 70px !important;padding-bottom: 30px !important;}\u00bb][vc_column][vc_row_inner][vc_column_inner width=\u00bb2\/3&#8243;][vc_column_text]<img loading=\"lazy\" decoding=\"async\" width=\"2126\" height=\"709\" class=\"alignnone size-full wp-image-18926\" src=\"\/wp-content\/uploads\/LOGO_ecocert_imo.jpg\" alt=\"\" srcset=\"https:\/\/klasmann-deilmann.com\/wp-content\/uploads\/LOGO_ecocert_imo.jpg 2126w, https:\/\/klasmann-deilmann.com\/wp-content\/uploads\/LOGO_ecocert_imo-300x100.jpg 300w, https:\/\/klasmann-deilmann.com\/wp-content\/uploads\/LOGO_ecocert_imo-1024x341.jpg 1024w, https:\/\/klasmann-deilmann.com\/wp-content\/uploads\/LOGO_ecocert_imo-768x256.jpg 768w, https:\/\/klasmann-deilmann.com\/wp-content\/uploads\/LOGO_ecocert_imo-1536x512.jpg 1536w, https:\/\/klasmann-deilmann.com\/wp-content\/uploads\/LOGO_ecocert_imo-2048x683.jpg 2048w, https:\/\/klasmann-deilmann.com\/wp-content\/uploads\/LOGO_ecocert_imo-125x42.jpg 125w\" sizes=\"auto, (max-width: 2126px) 100vw, 2126px\" \/>[\/vc_column_text][\/vc_column_inner][vc_column_inner width=\u00bb1\/3&#8243;][vc_column_text]Todos los productos de fibra de coco de Klasmann-Deilmann est\u00e1n disponibles como fibra de coco tamponada, fibra de coco lavada o con el tratamiento espec\u00edfico Amla\u00ae. En general, todos nuestros productos de fibra de coco son sometidos a un importante proceso de envejecimiento y estabilizaci\u00f3n en b\u00fankeres de hormig\u00f3n limpios. Para el cultivo ecol\u00f3gico de plantas, se puede pedir fibra de coco org\u00e1nica que lleva la ecoetiqueta IMO (<a href=\"http:\/\/www.ecocert-imo.ch\/\">www.ecocert-imo.ch<\/a>).<\/p>\n<p>Nuestros productos de fibra de coco est\u00e1n disponibles en bloques comprimidos de 5 kg, bolsas de 50 litros, bolsas de llenado f\u00e1cil, bolsas de cultivo, as\u00ed como en embalajes y dimensiones personalizados.[\/vc_column_text][\/vc_column_inner][\/vc_row_inner][\/vc_column][\/vc_row][vc_row css=\u00bb.vc_custom_1629107193668{padding-top: 70px !important;}\u00bb][vc_column][kd_getintouch image=\u00bb32948&#8243;][\/vc_column][\/vc_row]<\/p><\/div>\n","protected":false},"excerpt":{"rendered":"<p>[vc_row][vc_column][kd_header_random_image_banner image=\u00bb18886&#8243;][\/kd_header_random_image_banner][\/vc_column][\/vc_row][vc_row css=\u00bb.vc_custom_1630919326707{padding-bottom: 30px !important;}\u00bb][vc_column][vc_row_inner][vc_column_inner][vc_column_text] \u00bfPor qu\u00e9 productos del coco? [\/vc_column_text][\/vc_column_inner][\/vc_row_inner][vc_row_inner][vc_column_inner width=\u00bb1\/4&#8243;][vc_column_text]Debido a la creciente demanda internacional de sustratos de cultivo de alta calidad, estamos ampliando nuestra gama de componentes a base de coco. Esto permite un suministro seguro a los cultivadores de cara al futuro, especialmente para mercados emergentes de Asia, \u00c1frica y Sudam\u00e9rica. Los productos de coco han demostrado ser un complemento beneficioso para la gama existente de componentes de alta calidad. El coco se considera sostenible y<\/p>\n","protected":false},"author":7,"featured_media":0,"parent":76180,"menu_order":461,"comment_status":"closed","ping_status":"closed","template":"","meta":{"_acf_changed":false,"inline_featured_image":false,"footnotes":""},"class_list":["post-76191","page","type-page","status-publish","hentry"],"acf":[],"yoast_head":"<!-- This site is optimized with the Yoast SEO plugin v27.4 - https:\/\/yoast.com\/product\/yoast-seo-wordpress\/ -->\n<title>Productos del coco - Klasmann-Deilmann<\/title>\n<meta name=\"robots\" content=\"index, follow, max-snippet:-1, max-image-preview:large, max-video-preview:-1\" \/>\n<link rel=\"canonical\" href=\"https:\/\/klasmann-deilmann.com\/en\/products-solutions\/alternative-raw-materials\/cocos-products\/\" \/>\n<meta property=\"og:locale\" content=\"es_ES\" \/>\n<meta property=\"og:type\" content=\"article\" \/>\n<meta property=\"og:title\" content=\"Productos del coco - Klasmann-Deilmann\" \/>\n<meta property=\"og:description\" content=\"[vc_row][vc_column][kd_header_random_image_banner image=\u00bb18886&#8243;][\/kd_header_random_image_banner][\/vc_column][\/vc_row][vc_row css=\u00bb.vc_custom_1630919326707{padding-bottom: 30px !important;}\u00bb][vc_column][vc_row_inner][vc_column_inner][vc_column_text] \u00bfPor qu\u00e9 productos del coco? [\/vc_column_text][\/vc_column_inner][\/vc_row_inner][vc_row_inner][vc_column_inner width=\u00bb1\/4&#8243;][vc_column_text]Debido a la creciente demanda internacional de sustratos de cultivo de alta calidad, estamos ampliando nuestra gama de componentes a base de coco. Esto permite un suministro seguro a los cultivadores de cara al futuro, especialmente para mercados emergentes de Asia, \u00c1frica y Sudam\u00e9rica. Los productos de coco han demostrado ser un complemento beneficioso para la gama existente de componentes de alta calidad. El coco se considera sostenible y\" \/>\n<meta property=\"og:url\" content=\"https:\/\/klasmann-deilmann.com\/en\/products-solutions\/alternative-raw-materials\/cocos-products\/\" \/>\n<meta property=\"og:site_name\" content=\"Klasmann-Deilmann\" \/>\n<meta property=\"article:modified_time\" content=\"2023-04-21T12:25:14+00:00\" \/>\n<meta property=\"og:image\" content=\"https:\/\/klasmann-deilmann.com\/wp-content\/uploads\/klasmann-deilmann_cocos_subbrand_flag.jpg\" \/>\n<meta name=\"twitter:card\" content=\"summary_large_image\" \/>\n<meta name=\"twitter:label1\" content=\"Tiempo de lectura\" \/>\n\t<meta name=\"twitter:data1\" content=\"5 minutos\" \/>\n<script type=\"application\/ld+json\" class=\"yoast-schema-graph\">{\"@context\":\"https:\\\/\\\/schema.org\",\"@graph\":[{\"@type\":\"WebPage\",\"@id\":\"https:\\\/\\\/klasmann-deilmann.com\\\/en\\\/products-solutions\\\/alternative-raw-materials\\\/cocos-products\\\/\",\"url\":\"https:\\\/\\\/klasmann-deilmann.com\\\/en\\\/products-solutions\\\/alternative-raw-materials\\\/cocos-products\\\/\",\"name\":\"Productos del coco - Klasmann-Deilmann\",\"isPartOf\":{\"@id\":\"https:\\\/\\\/klasmann-deilmann.com\\\/en\\\/#website\"},\"primaryImageOfPage\":{\"@id\":\"https:\\\/\\\/klasmann-deilmann.com\\\/en\\\/products-solutions\\\/alternative-raw-materials\\\/cocos-products\\\/#primaryimage\"},\"image\":{\"@id\":\"https:\\\/\\\/klasmann-deilmann.com\\\/en\\\/products-solutions\\\/alternative-raw-materials\\\/cocos-products\\\/#primaryimage\"},\"thumbnailUrl\":\"https:\\\/\\\/klasmann-deilmann.com\\\/wp-content\\\/uploads\\\/klasmann-deilmann_cocos_subbrand_flag.jpg\",\"datePublished\":\"2021-08-13T12:48:34+00:00\",\"dateModified\":\"2023-04-21T12:25:14+00:00\",\"breadcrumb\":{\"@id\":\"https:\\\/\\\/klasmann-deilmann.com\\\/en\\\/products-solutions\\\/alternative-raw-materials\\\/cocos-products\\\/#breadcrumb\"},\"inLanguage\":\"es\",\"potentialAction\":[{\"@type\":\"ReadAction\",\"target\":[\"https:\\\/\\\/klasmann-deilmann.com\\\/en\\\/products-solutions\\\/alternative-raw-materials\\\/cocos-products\\\/\"]}]},{\"@type\":\"ImageObject\",\"inLanguage\":\"es\",\"@id\":\"https:\\\/\\\/klasmann-deilmann.com\\\/en\\\/products-solutions\\\/alternative-raw-materials\\\/cocos-products\\\/#primaryimage\",\"url\":\"https:\\\/\\\/klasmann-deilmann.com\\\/wp-content\\\/uploads\\\/klasmann-deilmann_cocos_subbrand_flag.jpg\",\"contentUrl\":\"https:\\\/\\\/klasmann-deilmann.com\\\/wp-content\\\/uploads\\\/klasmann-deilmann_cocos_subbrand_flag.jpg\"},{\"@type\":\"BreadcrumbList\",\"@id\":\"https:\\\/\\\/klasmann-deilmann.com\\\/en\\\/products-solutions\\\/alternative-raw-materials\\\/cocos-products\\\/#breadcrumb\",\"itemListElement\":[{\"@type\":\"ListItem\",\"position\":1,\"name\":\"Home\",\"item\":\"https:\\\/\\\/klasmann-deilmann.com\\\/es\\\/\"},{\"@type\":\"ListItem\",\"position\":2,\"name\":\"Productos y soluciones\",\"item\":\"https:\\\/\\\/klasmann-deilmann.com\\\/es\\\/productos-y-soluciones\\\/\"},{\"@type\":\"ListItem\",\"position\":3,\"name\":\"Materias primas\",\"item\":\"https:\\\/\\\/klasmann-deilmann.com\\\/es\\\/productos-y-soluciones\\\/materias-primas\\\/\"},{\"@type\":\"ListItem\",\"position\":4,\"name\":\"Productos del coco\"}]},{\"@type\":\"WebSite\",\"@id\":\"https:\\\/\\\/klasmann-deilmann.com\\\/en\\\/#website\",\"url\":\"https:\\\/\\\/klasmann-deilmann.com\\\/en\\\/\",\"name\":\"Klasmann-Deilmann\",\"description\":\"\",\"potentialAction\":[{\"@type\":\"SearchAction\",\"target\":{\"@type\":\"EntryPoint\",\"urlTemplate\":\"https:\\\/\\\/klasmann-deilmann.com\\\/en\\\/?s={search_term_string}\"},\"query-input\":{\"@type\":\"PropertyValueSpecification\",\"valueRequired\":true,\"valueName\":\"search_term_string\"}}],\"inLanguage\":\"es\"}]}<\/script>\n<!-- \/ Yoast SEO plugin. -->","yoast_head_json":{"title":"Productos del coco - Klasmann-Deilmann","robots":{"index":"index","follow":"follow","max-snippet":"max-snippet:-1","max-image-preview":"max-image-preview:large","max-video-preview":"max-video-preview:-1"},"canonical":"https:\/\/klasmann-deilmann.com\/en\/products-solutions\/alternative-raw-materials\/cocos-products\/","og_locale":"es_ES","og_type":"article","og_title":"Productos del coco - Klasmann-Deilmann","og_description":"[vc_row][vc_column][kd_header_random_image_banner image=\u00bb18886&#8243;][\/kd_header_random_image_banner][\/vc_column][\/vc_row][vc_row css=\u00bb.vc_custom_1630919326707{padding-bottom: 30px !important;}\u00bb][vc_column][vc_row_inner][vc_column_inner][vc_column_text] \u00bfPor qu\u00e9 productos del coco? [\/vc_column_text][\/vc_column_inner][\/vc_row_inner][vc_row_inner][vc_column_inner width=\u00bb1\/4&#8243;][vc_column_text]Debido a la creciente demanda internacional de sustratos de cultivo de alta calidad, estamos ampliando nuestra gama de componentes a base de coco. Esto permite un suministro seguro a los cultivadores de cara al futuro, especialmente para mercados emergentes de Asia, \u00c1frica y Sudam\u00e9rica. Los productos de coco han demostrado ser un complemento beneficioso para la gama existente de componentes de alta calidad. El coco se considera sostenible y","og_url":"https:\/\/klasmann-deilmann.com\/en\/products-solutions\/alternative-raw-materials\/cocos-products\/","og_site_name":"Klasmann-Deilmann","article_modified_time":"2023-04-21T12:25:14+00:00","og_image":[{"url":"https:\/\/klasmann-deilmann.com\/wp-content\/uploads\/klasmann-deilmann_cocos_subbrand_flag.jpg","type":"","width":"","height":""}],"twitter_card":"summary_large_image","twitter_misc":{"Tiempo de lectura":"5 minutos"},"schema":{"@context":"https:\/\/schema.org","@graph":[{"@type":"WebPage","@id":"https:\/\/klasmann-deilmann.com\/en\/products-solutions\/alternative-raw-materials\/cocos-products\/","url":"https:\/\/klasmann-deilmann.com\/en\/products-solutions\/alternative-raw-materials\/cocos-products\/","name":"Productos del coco - Klasmann-Deilmann","isPartOf":{"@id":"https:\/\/klasmann-deilmann.com\/en\/#website"},"primaryImageOfPage":{"@id":"https:\/\/klasmann-deilmann.com\/en\/products-solutions\/alternative-raw-materials\/cocos-products\/#primaryimage"},"image":{"@id":"https:\/\/klasmann-deilmann.com\/en\/products-solutions\/alternative-raw-materials\/cocos-products\/#primaryimage"},"thumbnailUrl":"https:\/\/klasmann-deilmann.com\/wp-content\/uploads\/klasmann-deilmann_cocos_subbrand_flag.jpg","datePublished":"2021-08-13T12:48:34+00:00","dateModified":"2023-04-21T12:25:14+00:00","breadcrumb":{"@id":"https:\/\/klasmann-deilmann.com\/en\/products-solutions\/alternative-raw-materials\/cocos-products\/#breadcrumb"},"inLanguage":"es","potentialAction":[{"@type":"ReadAction","target":["https:\/\/klasmann-deilmann.com\/en\/products-solutions\/alternative-raw-materials\/cocos-products\/"]}]},{"@type":"ImageObject","inLanguage":"es","@id":"https:\/\/klasmann-deilmann.com\/en\/products-solutions\/alternative-raw-materials\/cocos-products\/#primaryimage","url":"https:\/\/klasmann-deilmann.com\/wp-content\/uploads\/klasmann-deilmann_cocos_subbrand_flag.jpg","contentUrl":"https:\/\/klasmann-deilmann.com\/wp-content\/uploads\/klasmann-deilmann_cocos_subbrand_flag.jpg"},{"@type":"BreadcrumbList","@id":"https:\/\/klasmann-deilmann.com\/en\/products-solutions\/alternative-raw-materials\/cocos-products\/#breadcrumb","itemListElement":[{"@type":"ListItem","position":1,"name":"Home","item":"https:\/\/klasmann-deilmann.com\/es\/"},{"@type":"ListItem","position":2,"name":"Productos y soluciones","item":"https:\/\/klasmann-deilmann.com\/es\/productos-y-soluciones\/"},{"@type":"ListItem","position":3,"name":"Materias primas","item":"https:\/\/klasmann-deilmann.com\/es\/productos-y-soluciones\/materias-primas\/"},{"@type":"ListItem","position":4,"name":"Productos del coco"}]},{"@type":"WebSite","@id":"https:\/\/klasmann-deilmann.com\/en\/#website","url":"https:\/\/klasmann-deilmann.com\/en\/","name":"Klasmann-Deilmann","description":"","potentialAction":[{"@type":"SearchAction","target":{"@type":"EntryPoint","urlTemplate":"https:\/\/klasmann-deilmann.com\/en\/?s={search_term_string}"},"query-input":{"@type":"PropertyValueSpecification","valueRequired":true,"valueName":"search_term_string"}}],"inLanguage":"es"}]}},"_links":{"self":[{"href":"https:\/\/klasmann-deilmann.com\/es\/wp-json\/wp\/v2\/pages\/76191","targetHints":{"allow":["GET"]}}],"collection":[{"href":"https:\/\/klasmann-deilmann.com\/es\/wp-json\/wp\/v2\/pages"}],"about":[{"href":"https:\/\/klasmann-deilmann.com\/es\/wp-json\/wp\/v2\/types\/page"}],"author":[{"embeddable":true,"href":"https:\/\/klasmann-deilmann.com\/es\/wp-json\/wp\/v2\/users\/7"}],"replies":[{"embeddable":true,"href":"https:\/\/klasmann-deilmann.com\/es\/wp-json\/wp\/v2\/comments?post=76191"}],"version-history":[{"count":2,"href":"https:\/\/klasmann-deilmann.com\/es\/wp-json\/wp\/v2\/pages\/76191\/revisions"}],"predecessor-version":[{"id":76193,"href":"https:\/\/klasmann-deilmann.com\/es\/wp-json\/wp\/v2\/pages\/76191\/revisions\/76193"}],"up":[{"embeddable":true,"href":"https:\/\/klasmann-deilmann.com\/es\/wp-json\/wp\/v2\/pages\/76180"}],"wp:attachment":[{"href":"https:\/\/klasmann-deilmann.com\/es\/wp-json\/wp\/v2\/media?parent=76191"}],"curies":[{"name":"wp","href":"https:\/\/api.w.org\/{rel}","templated":true}]}}