{"id":76188,"date":"2021-08-13T14:51:51","date_gmt":"2021-08-13T12:51:51","guid":{"rendered":"https:\/\/klasmann-deilmann.com\/productos-y-soluciones\/materias-primas\/terraktiv-plus\/"},"modified":"2023-11-13T15:35:41","modified_gmt":"2023-11-13T14:35:41","slug":"terraktiv-plus","status":"publish","type":"page","link":"https:\/\/klasmann-deilmann.com\/es\/productos-y-soluciones\/materias-primas\/terraktiv-plus\/","title":{"rendered":"TerrAktiv\u00ae PLUS"},"content":{"rendered":"<div class=\"wpb-content-wrapper\">[vc_row][vc_column][kd_header_random_image_banner image=\u00bb19739&#8243;][\/kd_header_random_image_banner][\/vc_column][\/vc_row][vc_row][vc_column][vc_row_inner][vc_column_inner width=\u00bb1\/2&#8243;][vc_column_text]<\/p>\n<h2>TerrAktiv\u00ae PLUS \u2013 Sustratos con vitalizaci\u00f3n microbiana para unas plantas sanas<\/h2>\n<p>Los cultivadores conf\u00edan en suprimir eficazmente las enfermedades de las plantas. Sin embargo, los requisitos legales dejan un margen cada vez m\u00e1s reducido para el uso de fungicidas. Estro significa que puede volver a haber un aumento de la incidencia de enfermedades de las plantas como Pythium, Phytophthora y Fusarium. La adici\u00f3n de bioestimulantes puede tener un efecto supresor en los sustratos y prevenir enfermedades de los cultivos.[\/vc_column_text][vc_column_text]<\/p>\n<h3>TerrAktiv\u00ae PLUS \u2013 ensayos exitosos sobre efectos supresores contra enfermedades de los cultivos<\/h3>\n<p>Klasmann-Deilmann ha realizado varias series de ensayos cient\u00edficos para investigar, entre otras cosas, la capacidad de distintas bacterias y hongos para suprimir enfermedades de los cultivos. El nuevo producto de compost TerrAktiv\u00ae PLUS se ha testado compar\u00e1ndolo con bioestimulantes habituales. Todos los resultados de los ensayos han confirmado que TerrAktiv\u00ae PLUS tiene el mayor efecto supresor. Una proporci\u00f3n del 5\u201310 % del volumen en la composici\u00f3n est\u00e1ndar del sustrato es suficiente para obtener excelentes resultados.[\/vc_column_text][\/vc_column_inner][vc_column_inner width=\u00bb1\/2&#8243;][vc_column_text]<img loading=\"lazy\" decoding=\"async\" width=\"2560\" height=\"1910\" class=\"alignnone size-full wp-image-36998\" src=\"\/wp-content\/uploads\/klasmann-deilmann_terraktiv_plus_subbrand_flag_en.png\" alt=\"\" srcset=\"https:\/\/klasmann-deilmann.com\/wp-content\/uploads\/klasmann-deilmann_terraktiv_plus_subbrand_flag_en.png 2560w, https:\/\/klasmann-deilmann.com\/wp-content\/uploads\/klasmann-deilmann_terraktiv_plus_subbrand_flag_en-300x224.png 300w, https:\/\/klasmann-deilmann.com\/wp-content\/uploads\/klasmann-deilmann_terraktiv_plus_subbrand_flag_en-1024x764.png 1024w, https:\/\/klasmann-deilmann.com\/wp-content\/uploads\/klasmann-deilmann_terraktiv_plus_subbrand_flag_en-768x573.png 768w, https:\/\/klasmann-deilmann.com\/wp-content\/uploads\/klasmann-deilmann_terraktiv_plus_subbrand_flag_en-1536x1146.png 1536w, https:\/\/klasmann-deilmann.com\/wp-content\/uploads\/klasmann-deilmann_terraktiv_plus_subbrand_flag_en-2048x1528.png 2048w\" sizes=\"auto, (max-width: 2560px) 100vw, 2560px\" \/>[\/vc_column_text][\/vc_column_inner][\/vc_row_inner][vc_row_inner][vc_column_inner width=\u00bb1\/2&#8243;][kd_download_button show_link_download1=\u00bbdownload\u00bb download1=\u00bb17040&#8243; showinpdfreader=\u00bbtrue\u00bb][\/vc_column_inner][vc_column_inner width=\u00bb1\/2&#8243;][kd_download_button show_link_download1=\u00bblink\u00bb link1=\u00bburl:https%3A%2F%2Fyoutu.be%2FJYFNdEGCI3M|title:Video-Blog%3A%20TerrAktiv%C2%AE%20PLUS|target:_blank\u00bb][\/vc_column_inner][\/vc_row_inner][\/vc_column][\/vc_row][vc_row css=\u00bb.vc_custom_1628860692029{padding-top: 70px !important;padding-bottom: 30px !important;}\u00bb][vc_column][vc_row_inner][vc_column_inner width=\u00bb1\/2&#8243;][vc_column_text]<img loading=\"lazy\" decoding=\"async\" width=\"2560\" height=\"2112\" class=\"alignnone size-full wp-image-38128\" src=\"\/wp-content\/uploads\/terraktiv_plus-1.png\" alt=\"\" srcset=\"https:\/\/klasmann-deilmann.com\/wp-content\/uploads\/terraktiv_plus-1.png 2560w, https:\/\/klasmann-deilmann.com\/wp-content\/uploads\/terraktiv_plus-1-300x248.png 300w, https:\/\/klasmann-deilmann.com\/wp-content\/uploads\/terraktiv_plus-1-1024x845.png 1024w, https:\/\/klasmann-deilmann.com\/wp-content\/uploads\/terraktiv_plus-1-768x634.png 768w, https:\/\/klasmann-deilmann.com\/wp-content\/uploads\/terraktiv_plus-1-1536x1267.png 1536w, https:\/\/klasmann-deilmann.com\/wp-content\/uploads\/terraktiv_plus-1-2048x1690.png 2048w\" sizes=\"auto, (max-width: 2560px) 100vw, 2560px\" \/>[\/vc_column_text][\/vc_column_inner][vc_column_inner width=\u00bb1\/2&#8243;][vc_column_text]<img loading=\"lazy\" decoding=\"async\" width=\"2560\" height=\"2112\" class=\"alignnone size-full wp-image-38130\" src=\"\/wp-content\/uploads\/terraktiv_plus2-1.png\" alt=\"\" srcset=\"https:\/\/klasmann-deilmann.com\/wp-content\/uploads\/terraktiv_plus2-1.png 2560w, https:\/\/klasmann-deilmann.com\/wp-content\/uploads\/terraktiv_plus2-1-300x248.png 300w, https:\/\/klasmann-deilmann.com\/wp-content\/uploads\/terraktiv_plus2-1-1024x845.png 1024w, https:\/\/klasmann-deilmann.com\/wp-content\/uploads\/terraktiv_plus2-1-768x634.png 768w, https:\/\/klasmann-deilmann.com\/wp-content\/uploads\/terraktiv_plus2-1-1536x1267.png 1536w, https:\/\/klasmann-deilmann.com\/wp-content\/uploads\/terraktiv_plus2-1-2048x1690.png 2048w\" sizes=\"auto, (max-width: 2560px) 100vw, 2560px\" \/>[\/vc_column_text][\/vc_column_inner][\/vc_row_inner][\/vc_column][\/vc_row][vc_row css=\u00bb.vc_custom_1628861499708{padding-top: 70px !important;padding-bottom: 30px !important;}\u00bb][vc_column][vc_row_inner][vc_column_inner][vc_column_text]<\/p>\n<h2>TerrAktiv\u00ae PLUS \u2013 ideal para plantas de maceta, arbustos y \u00e1rboles<\/h2>\n<p>[\/vc_column_text][\/vc_column_inner][\/vc_row_inner][vc_row_inner content_placement=\u00bbmiddle\u00bb][vc_column_inner width=\u00bb1\/2&#8243;][vc_column_text]<img loading=\"lazy\" decoding=\"async\" width=\"2560\" height=\"2112\" class=\"alignnone size-full wp-image-38132\" src=\"\/wp-content\/uploads\/terraktiv_plus3-1.png\" alt=\"\" srcset=\"https:\/\/klasmann-deilmann.com\/wp-content\/uploads\/terraktiv_plus3-1.png 2560w, https:\/\/klasmann-deilmann.com\/wp-content\/uploads\/terraktiv_plus3-1-300x248.png 300w, https:\/\/klasmann-deilmann.com\/wp-content\/uploads\/terraktiv_plus3-1-1024x845.png 1024w, https:\/\/klasmann-deilmann.com\/wp-content\/uploads\/terraktiv_plus3-1-768x634.png 768w, https:\/\/klasmann-deilmann.com\/wp-content\/uploads\/terraktiv_plus3-1-1536x1267.png 1536w, https:\/\/klasmann-deilmann.com\/wp-content\/uploads\/terraktiv_plus3-1-2048x1690.png 2048w\" sizes=\"auto, (max-width: 2560px) 100vw, 2560px\" \/>[\/vc_column_text][\/vc_column_inner][vc_column_inner width=\u00bb1\/2&#8243;][vc_column_text]<img loading=\"lazy\" decoding=\"async\" width=\"2560\" height=\"1898\" class=\"alignnone size-full wp-image-38134\" src=\"\/wp-content\/uploads\/terraktiv_plus4.png\" alt=\"\" srcset=\"https:\/\/klasmann-deilmann.com\/wp-content\/uploads\/terraktiv_plus4.png 2560w, https:\/\/klasmann-deilmann.com\/wp-content\/uploads\/terraktiv_plus4-300x222.png 300w, https:\/\/klasmann-deilmann.com\/wp-content\/uploads\/terraktiv_plus4-1024x759.png 1024w, https:\/\/klasmann-deilmann.com\/wp-content\/uploads\/terraktiv_plus4-768x569.png 768w, https:\/\/klasmann-deilmann.com\/wp-content\/uploads\/terraktiv_plus4-1536x1139.png 1536w, https:\/\/klasmann-deilmann.com\/wp-content\/uploads\/terraktiv_plus4-2048x1518.png 2048w\" sizes=\"auto, (max-width: 2560px) 100vw, 2560px\" \/>[\/vc_column_text][\/vc_column_inner][\/vc_row_inner][vc_row_inner][vc_column_inner][vc_column_text]<img loading=\"lazy\" decoding=\"async\" width=\"2560\" height=\"1075\" class=\"alignnone size-full wp-image-38139\" src=\"\/wp-content\/uploads\/terraktiv_plus5.png\" alt=\"\" srcset=\"https:\/\/klasmann-deilmann.com\/wp-content\/uploads\/terraktiv_plus5.png 2560w, https:\/\/klasmann-deilmann.com\/wp-content\/uploads\/terraktiv_plus5-300x126.png 300w, https:\/\/klasmann-deilmann.com\/wp-content\/uploads\/terraktiv_plus5-1024x430.png 1024w, https:\/\/klasmann-deilmann.com\/wp-content\/uploads\/terraktiv_plus5-768x322.png 768w, https:\/\/klasmann-deilmann.com\/wp-content\/uploads\/terraktiv_plus5-1536x645.png 1536w, https:\/\/klasmann-deilmann.com\/wp-content\/uploads\/terraktiv_plus5-2048x860.png 2048w\" sizes=\"auto, (max-width: 2560px) 100vw, 2560px\" \/>[\/vc_column_text][\/vc_column_inner][\/vc_row_inner][\/vc_column][\/vc_row][vc_row css=\u00bb.vc_custom_1628860692029{padding-top: 70px !important;padding-bottom: 30px !important;}\u00bb][vc_column][vc_row_inner][vc_column_inner][vc_column_text]<\/p>\n<h2>La base perfecta: compost verde TerrAktiv\u00ae<\/h2>\n<p>[\/vc_column_text][\/vc_column_inner][\/vc_row_inner][vc_row_inner content_placement=\u00bbmiddle\u00bb][vc_column_inner width=\u00bb1\/4&#8243;][vc_column_text]<img loading=\"lazy\" decoding=\"async\" width=\"150\" height=\"158\" class=\"size-full wp-image-19026 alignleft\" src=\"\/wp-content\/uploads\/RHP-Logo-Horticulture-Eng_klein_150px.jpg\" alt=\"\" srcset=\"https:\/\/klasmann-deilmann.com\/wp-content\/uploads\/RHP-Logo-Horticulture-Eng_klein_150px.jpg 150w, https:\/\/klasmann-deilmann.com\/wp-content\/uploads\/RHP-Logo-Horticulture-Eng_klein_150px-119x125.jpg 119w\" sizes=\"auto, (max-width: 150px) 100vw, 150px\" \/>[\/vc_column_text][vc_column_text]<img loading=\"lazy\" decoding=\"async\" width=\"150\" height=\"99\" class=\"size-full wp-image-19227 alignleft\" src=\"\/wp-content\/uploads\/Klasmann_Deilmann_TerrAktiv_Plus_Ecocert_02.jpg\" alt=\"\" srcset=\"https:\/\/klasmann-deilmann.com\/wp-content\/uploads\/Klasmann_Deilmann_TerrAktiv_Plus_Ecocert_02.jpg 150w, https:\/\/klasmann-deilmann.com\/wp-content\/uploads\/Klasmann_Deilmann_TerrAktiv_Plus_Ecocert_02-125x83.jpg 125w\" sizes=\"auto, (max-width: 150px) 100vw, 150px\" \/>[\/vc_column_text][\/vc_column_inner][vc_column_inner width=\u00bb3\/4&#8243;][vc_column_text]El compost verde TerrAktiv\u00ae, base de TerrAktiv\u00ae PLUS, se produce en instalaciones de compostaje propias y certificadas conforme a la norma holandesa RHP (www.rhp.nl). Durante el proceso de compostaje, la materia de origen se trata con sustancias biodin\u00e1micas. Se a\u00f1aden \u00e1caros depredadores (Hypoaspis) para prevenir la infestaci\u00f3n de mosca del sustrato (Sciaridae) en el invernadero.<\/p>\n<p>Como el compost verde TerrAktiv\u00ae se usa principalmente en sustratos para cultivo org\u00e1nico, los procesos y componentes empleados en su producci\u00f3n cumplen el reglamento N.\u00ba\u2009834\/2007 de la UE y el Anexo I del reglamento de aplicaci\u00f3n (CE) N.\u00ba\u2009889\/2008, y son inspeccionados por ECOCERT F-32600. Todas las materias primas y fertilizantes org\u00e1nicos est\u00e1n libres de OGM y peri\u00f3dicamente se verifica que no contienen residuos. TerrAktiv\u00ae cumple los requisitos exigidos en Alemania, Austria y Suiza.[\/vc_column_text][\/vc_column_inner][\/vc_row_inner][\/vc_column][\/vc_row][vc_row css=\u00bb.vc_custom_1628861271432{padding-top: 70px !important;}\u00bb][vc_column][kd_getintouch image=\u00bb32948&#8243;][\/vc_column][\/vc_row]<\/p><\/div>\n","protected":false},"excerpt":{"rendered":"<p>[vc_row][vc_column][kd_header_random_image_banner image=\u00bb19739&#8243;][\/kd_header_random_image_banner][\/vc_column][\/vc_row][vc_row][vc_column][vc_row_inner][vc_column_inner width=\u00bb1\/2&#8243;][vc_column_text] TerrAktiv\u00ae PLUS \u2013 Sustratos con vitalizaci\u00f3n microbiana para unas plantas sanas Los cultivadores conf\u00edan en suprimir eficazmente las enfermedades de las plantas. Sin embargo, los requisitos legales dejan un margen cada vez m\u00e1s reducido para el uso de fungicidas. Estro significa que puede volver a haber un aumento de la incidencia de enfermedades de las plantas como Pythium, Phytophthora y Fusarium. La adici\u00f3n de bioestimulantes puede tener un efecto supresor en los sustratos y prevenir enfermedades de<\/p>\n","protected":false},"author":7,"featured_media":0,"parent":76180,"menu_order":456,"comment_status":"closed","ping_status":"closed","template":"","meta":{"_acf_changed":false,"inline_featured_image":false,"footnotes":""},"class_list":["post-76188","page","type-page","status-publish","hentry"],"acf":[],"yoast_head":"<!-- This site is optimized with the Yoast SEO plugin v27.5 - https:\/\/yoast.com\/product\/yoast-seo-wordpress\/ -->\n<title>TerrAktiv\u00ae PLUS - Klasmann-Deilmann<\/title>\n<meta name=\"robots\" content=\"index, follow, max-snippet:-1, max-image-preview:large, max-video-preview:-1\" \/>\n<link rel=\"canonical\" href=\"https:\/\/klasmann-deilmann.com\/es\/productos-y-soluciones\/materias-primas\/terraktiv-plus\/\" \/>\n<meta property=\"og:locale\" content=\"es_ES\" \/>\n<meta property=\"og:type\" content=\"article\" \/>\n<meta property=\"og:title\" content=\"TerrAktiv\u00ae PLUS - Klasmann-Deilmann\" \/>\n<meta property=\"og:description\" content=\"[vc_row][vc_column][kd_header_random_image_banner image=\u00bb19739&#8243;][\/kd_header_random_image_banner][\/vc_column][\/vc_row][vc_row][vc_column][vc_row_inner][vc_column_inner width=\u00bb1\/2&#8243;][vc_column_text] TerrAktiv\u00ae PLUS \u2013 Sustratos con vitalizaci\u00f3n microbiana para unas plantas sanas Los cultivadores conf\u00edan en suprimir eficazmente las enfermedades de las plantas. Sin embargo, los requisitos legales dejan un margen cada vez m\u00e1s reducido para el uso de fungicidas. Estro significa que puede volver a haber un aumento de la incidencia de enfermedades de las plantas como Pythium, Phytophthora y Fusarium. La adici\u00f3n de bioestimulantes puede tener un efecto supresor en los sustratos y prevenir enfermedades de\" \/>\n<meta property=\"og:url\" content=\"https:\/\/klasmann-deilmann.com\/es\/productos-y-soluciones\/materias-primas\/terraktiv-plus\/\" \/>\n<meta property=\"og:site_name\" content=\"Klasmann-Deilmann\" \/>\n<meta property=\"article:modified_time\" content=\"2023-11-13T14:35:41+00:00\" \/>\n<meta name=\"twitter:card\" content=\"summary_large_image\" \/>\n<meta name=\"twitter:label1\" content=\"Tiempo de lectura\" \/>\n\t<meta name=\"twitter:data1\" content=\"3 minutos\" \/>\n<script type=\"application\/ld+json\" class=\"yoast-schema-graph\">{\"@context\":\"https:\\\/\\\/schema.org\",\"@graph\":[{\"@type\":\"WebPage\",\"@id\":\"https:\\\/\\\/klasmann-deilmann.com\\\/es\\\/productos-y-soluciones\\\/materias-primas\\\/terraktiv-plus\\\/\",\"url\":\"https:\\\/\\\/klasmann-deilmann.com\\\/es\\\/productos-y-soluciones\\\/materias-primas\\\/terraktiv-plus\\\/\",\"name\":\"TerrAktiv\u00ae PLUS - Klasmann-Deilmann\",\"isPartOf\":{\"@id\":\"https:\\\/\\\/klasmann-deilmann.com\\\/en\\\/#website\"},\"datePublished\":\"2021-08-13T12:51:51+00:00\",\"dateModified\":\"2023-11-13T14:35:41+00:00\",\"breadcrumb\":{\"@id\":\"https:\\\/\\\/klasmann-deilmann.com\\\/es\\\/productos-y-soluciones\\\/materias-primas\\\/terraktiv-plus\\\/#breadcrumb\"},\"inLanguage\":\"es\",\"potentialAction\":[{\"@type\":\"ReadAction\",\"target\":[\"https:\\\/\\\/klasmann-deilmann.com\\\/es\\\/productos-y-soluciones\\\/materias-primas\\\/terraktiv-plus\\\/\"]}]},{\"@type\":\"BreadcrumbList\",\"@id\":\"https:\\\/\\\/klasmann-deilmann.com\\\/es\\\/productos-y-soluciones\\\/materias-primas\\\/terraktiv-plus\\\/#breadcrumb\",\"itemListElement\":[{\"@type\":\"ListItem\",\"position\":1,\"name\":\"Home\",\"item\":\"https:\\\/\\\/klasmann-deilmann.com\\\/es\\\/\"},{\"@type\":\"ListItem\",\"position\":2,\"name\":\"Productos y soluciones\",\"item\":\"https:\\\/\\\/klasmann-deilmann.com\\\/es\\\/productos-y-soluciones\\\/\"},{\"@type\":\"ListItem\",\"position\":3,\"name\":\"Materias primas\",\"item\":\"https:\\\/\\\/klasmann-deilmann.com\\\/es\\\/productos-y-soluciones\\\/materias-primas\\\/\"},{\"@type\":\"ListItem\",\"position\":4,\"name\":\"TerrAktiv\u00ae PLUS\"}]},{\"@type\":\"WebSite\",\"@id\":\"https:\\\/\\\/klasmann-deilmann.com\\\/en\\\/#website\",\"url\":\"https:\\\/\\\/klasmann-deilmann.com\\\/en\\\/\",\"name\":\"Klasmann-Deilmann\",\"description\":\"\",\"potentialAction\":[{\"@type\":\"SearchAction\",\"target\":{\"@type\":\"EntryPoint\",\"urlTemplate\":\"https:\\\/\\\/klasmann-deilmann.com\\\/en\\\/?s={search_term_string}\"},\"query-input\":{\"@type\":\"PropertyValueSpecification\",\"valueRequired\":true,\"valueName\":\"search_term_string\"}}],\"inLanguage\":\"es\"}]}<\/script>\n<!-- \/ Yoast SEO plugin. -->","yoast_head_json":{"title":"TerrAktiv\u00ae PLUS - Klasmann-Deilmann","robots":{"index":"index","follow":"follow","max-snippet":"max-snippet:-1","max-image-preview":"max-image-preview:large","max-video-preview":"max-video-preview:-1"},"canonical":"https:\/\/klasmann-deilmann.com\/es\/productos-y-soluciones\/materias-primas\/terraktiv-plus\/","og_locale":"es_ES","og_type":"article","og_title":"TerrAktiv\u00ae PLUS - Klasmann-Deilmann","og_description":"[vc_row][vc_column][kd_header_random_image_banner image=\u00bb19739&#8243;][\/kd_header_random_image_banner][\/vc_column][\/vc_row][vc_row][vc_column][vc_row_inner][vc_column_inner width=\u00bb1\/2&#8243;][vc_column_text] TerrAktiv\u00ae PLUS \u2013 Sustratos con vitalizaci\u00f3n microbiana para unas plantas sanas Los cultivadores conf\u00edan en suprimir eficazmente las enfermedades de las plantas. Sin embargo, los requisitos legales dejan un margen cada vez m\u00e1s reducido para el uso de fungicidas. Estro significa que puede volver a haber un aumento de la incidencia de enfermedades de las plantas como Pythium, Phytophthora y Fusarium. La adici\u00f3n de bioestimulantes puede tener un efecto supresor en los sustratos y prevenir enfermedades de","og_url":"https:\/\/klasmann-deilmann.com\/es\/productos-y-soluciones\/materias-primas\/terraktiv-plus\/","og_site_name":"Klasmann-Deilmann","article_modified_time":"2023-11-13T14:35:41+00:00","twitter_card":"summary_large_image","twitter_misc":{"Tiempo de lectura":"3 minutos"},"schema":{"@context":"https:\/\/schema.org","@graph":[{"@type":"WebPage","@id":"https:\/\/klasmann-deilmann.com\/es\/productos-y-soluciones\/materias-primas\/terraktiv-plus\/","url":"https:\/\/klasmann-deilmann.com\/es\/productos-y-soluciones\/materias-primas\/terraktiv-plus\/","name":"TerrAktiv\u00ae PLUS - Klasmann-Deilmann","isPartOf":{"@id":"https:\/\/klasmann-deilmann.com\/en\/#website"},"datePublished":"2021-08-13T12:51:51+00:00","dateModified":"2023-11-13T14:35:41+00:00","breadcrumb":{"@id":"https:\/\/klasmann-deilmann.com\/es\/productos-y-soluciones\/materias-primas\/terraktiv-plus\/#breadcrumb"},"inLanguage":"es","potentialAction":[{"@type":"ReadAction","target":["https:\/\/klasmann-deilmann.com\/es\/productos-y-soluciones\/materias-primas\/terraktiv-plus\/"]}]},{"@type":"BreadcrumbList","@id":"https:\/\/klasmann-deilmann.com\/es\/productos-y-soluciones\/materias-primas\/terraktiv-plus\/#breadcrumb","itemListElement":[{"@type":"ListItem","position":1,"name":"Home","item":"https:\/\/klasmann-deilmann.com\/es\/"},{"@type":"ListItem","position":2,"name":"Productos y soluciones","item":"https:\/\/klasmann-deilmann.com\/es\/productos-y-soluciones\/"},{"@type":"ListItem","position":3,"name":"Materias primas","item":"https:\/\/klasmann-deilmann.com\/es\/productos-y-soluciones\/materias-primas\/"},{"@type":"ListItem","position":4,"name":"TerrAktiv\u00ae PLUS"}]},{"@type":"WebSite","@id":"https:\/\/klasmann-deilmann.com\/en\/#website","url":"https:\/\/klasmann-deilmann.com\/en\/","name":"Klasmann-Deilmann","description":"","potentialAction":[{"@type":"SearchAction","target":{"@type":"EntryPoint","urlTemplate":"https:\/\/klasmann-deilmann.com\/en\/?s={search_term_string}"},"query-input":{"@type":"PropertyValueSpecification","valueRequired":true,"valueName":"search_term_string"}}],"inLanguage":"es"}]}},"_links":{"self":[{"href":"https:\/\/klasmann-deilmann.com\/es\/wp-json\/wp\/v2\/pages\/76188","targetHints":{"allow":["GET"]}}],"collection":[{"href":"https:\/\/klasmann-deilmann.com\/es\/wp-json\/wp\/v2\/pages"}],"about":[{"href":"https:\/\/klasmann-deilmann.com\/es\/wp-json\/wp\/v2\/types\/page"}],"author":[{"embeddable":true,"href":"https:\/\/klasmann-deilmann.com\/es\/wp-json\/wp\/v2\/users\/7"}],"replies":[{"embeddable":true,"href":"https:\/\/klasmann-deilmann.com\/es\/wp-json\/wp\/v2\/comments?post=76188"}],"version-history":[{"count":3,"href":"https:\/\/klasmann-deilmann.com\/es\/wp-json\/wp\/v2\/pages\/76188\/revisions"}],"predecessor-version":[{"id":81780,"href":"https:\/\/klasmann-deilmann.com\/es\/wp-json\/wp\/v2\/pages\/76188\/revisions\/81780"}],"up":[{"embeddable":true,"href":"https:\/\/klasmann-deilmann.com\/es\/wp-json\/wp\/v2\/pages\/76180"}],"wp:attachment":[{"href":"https:\/\/klasmann-deilmann.com\/es\/wp-json\/wp\/v2\/media?parent=76188"}],"curies":[{"name":"wp","href":"https:\/\/api.w.org\/{rel}","templated":true}]}}