{"id":76185,"date":"2021-08-13T14:51:00","date_gmt":"2021-08-13T12:51:00","guid":{"rendered":"https:\/\/klasmann-deilmann.com\/productos-y-soluciones\/materias-primas\/terraktiv-ft\/"},"modified":"2025-01-20T09:06:36","modified_gmt":"2025-01-20T08:06:36","slug":"terraktiv-ft","status":"publish","type":"page","link":"https:\/\/klasmann-deilmann.com\/es\/productos-y-soluciones\/materias-primas\/terraktiv-ft\/","title":{"rendered":"TerrAktiv\u00ae"},"content":{"rendered":"<div class=\"wpb-content-wrapper\">[vc_row][vc_column][kd_header_random_image_banner image=\u00bb35470&#8243;][\/kd_header_random_image_banner][\/vc_column][\/vc_row][vc_row][vc_column][vc_row_inner][vc_column_inner][vc_column_text]<\/p>\n<h2>TerrAktiv<sup>\u00ae<\/sup> \u2013 compost verde para sustratos<\/h2>\n<p>[\/vc_column_text][\/vc_column_inner][\/vc_row_inner][vc_row_inner][vc_column_inner width=\u00bb1\/2&#8243;][vc_column_text]Para la producci\u00f3n de sustratos ProLine, Klasmann-Deilmann emplea compost verde de alta calidad TerrAktiv\u00ae, producido en las instalaciones de compostaje propias de la compa\u00f1\u00eda. Tanto los residuos verdes que se van a compostar como los puntos de recogida son testados o inspeccionados peri\u00f3dicamente. Lo mismo sucede con el proceso de descomposici\u00f3n, que se vigila estrechamente en procesos de control internos (an\u00e1lisis de nutrientes, bioensayos, mediciones de temperatura). Tambi\u00e9n se llevan a cabo controles externos.<\/p>\n<p>TerrAktiv\u00ae cumple los criterios RAL, as\u00ed como las directrices de la norma holandesa RHP para sustratos de cultivo y del Reglamento del Consejo de la UE (CE) N.\u00ba\u2009834\/2007. Durante el proceso de compostaje, se a\u00f1aden preparados biodin\u00e1micos: milenrama (502), manzanilla (503), ortiga (504), corteza de roble (505), diente de le\u00f3n (506) y valeriana (507). Este es un requisito para los sustratos empleados por cultivadores con certificaci\u00f3n Demeter. Se presta especial atenci\u00f3n a una prevenci\u00f3n eficaz de la infestaci\u00f3n de mosca del sustrato (Sciaridae). Una elevada madurez del compost y un almacenamiento suficientemente prolongado del mismo, complementados con el empleo de \u00e1caros depredadores Hypoaspis, minimizan el riesgo de infestaci\u00f3n de esta plaga.<br \/>\n[\/vc_column_text][\/vc_column_inner][vc_column_inner width=\u00bb1\/2&#8243;][vc_column_text]<img loading=\"lazy\" decoding=\"async\" width=\"2560\" height=\"1920\" class=\"alignnone size-full wp-image-36007\" src=\"\/wp-content\/uploads\/klasmann-deilmann_TerrAktiv_subbrand_flag.jpg\" alt=\"\" srcset=\"https:\/\/klasmann-deilmann.com\/wp-content\/uploads\/klasmann-deilmann_TerrAktiv_subbrand_flag.jpg 2560w, https:\/\/klasmann-deilmann.com\/wp-content\/uploads\/klasmann-deilmann_TerrAktiv_subbrand_flag-300x225.jpg 300w, https:\/\/klasmann-deilmann.com\/wp-content\/uploads\/klasmann-deilmann_TerrAktiv_subbrand_flag-1024x768.jpg 1024w, https:\/\/klasmann-deilmann.com\/wp-content\/uploads\/klasmann-deilmann_TerrAktiv_subbrand_flag-768x576.jpg 768w, https:\/\/klasmann-deilmann.com\/wp-content\/uploads\/klasmann-deilmann_TerrAktiv_subbrand_flag-1536x1152.jpg 1536w, https:\/\/klasmann-deilmann.com\/wp-content\/uploads\/klasmann-deilmann_TerrAktiv_subbrand_flag-2048x1536.jpg 2048w\" sizes=\"auto, (max-width: 2560px) 100vw, 2560px\" \/>[\/vc_column_text][\/vc_column_inner][\/vc_row_inner][\/vc_column][\/vc_row][vc_row background_color=\u00bbkdlightgray\u00bb css=\u00bb.vc_custom_1629200851705{padding-top: 30px !important;padding-bottom: 30px !important;}\u00bb][vc_column][vc_row_inner][vc_column_inner][vc_column_text]<\/p>\n<h3>TerrAktiv\u00ae \u2026<\/h3>\n<p>[\/vc_column_text][\/vc_column_inner][vc_column_inner width=\u00bb1\/3&#8243;][vc_column_text el_class=\u00bbpluslist\u00bb]<\/p>\n<ul>\n<li>\u2026 es biol\u00f3gicamente activo<\/li>\n<li>\u2026 favorece la mineralizaci\u00f3n del fertilizante org\u00e1nico<\/li>\n<li>\u2026 suprime las enfermedades de las ra\u00edces<\/li>\n<li>\u2026 mejora la vida \u00fatil de las hierbas de maceta<\/li>\n<li>\u2026 act\u00faa como fuente de nutrientes de liberaci\u00f3n lenta<\/li>\n<\/ul>\n<p>[\/vc_column_text][\/vc_column_inner][vc_column_inner width=\u00bb1\/3&#8243;][vc_column_text el_class=\u00bbpluslist\u00bb]<\/p>\n<ul>\n<li>\u2026 tiene una alta capacidad de amortiguaci\u00f3n<\/li>\n<li>\u2026 est\u00e1 tratado con preparados biodin\u00e1micos de compost<\/li>\n<li>\u2026 est\u00e1 certificado por Ecocert\u00ae y RHP<\/li>\n<\/ul>\n<p>[\/vc_column_text][\/vc_column_inner][vc_column_inner width=\u00bb1\/4&#8243;][\/vc_column_inner][\/vc_row_inner][\/vc_column][\/vc_row][vc_row css=\u00bb.vc_custom_1629193944707{margin-top: 70px !important;}\u00bb][vc_column][vc_row_inner][vc_column_inner width=\u00bb1\/2&#8243;][vc_column_text]<\/p>\n<h2>TerrAktiv\u00ae FT \u2013 fibras org\u00e1nicas fermentadas<\/h2>\n<p>[\/vc_column_text][\/vc_column_inner][vc_column_inner width=\u00bb1\/2&#8243;][\/vc_column_inner][\/vc_row_inner][vc_row_inner][vc_column_inner width=\u00bb1\/2&#8243;][vc_column_text]<img loading=\"lazy\" decoding=\"async\" width=\"2560\" height=\"1565\" class=\"alignnone size-full wp-image-36005\" src=\"\/wp-content\/uploads\/klasmann-deilmann_terraktiv-ft_fermented_organic_fibres_subbrand_flag.jpg\" alt=\"\" srcset=\"https:\/\/klasmann-deilmann.com\/wp-content\/uploads\/klasmann-deilmann_terraktiv-ft_fermented_organic_fibres_subbrand_flag.jpg 2560w, https:\/\/klasmann-deilmann.com\/wp-content\/uploads\/klasmann-deilmann_terraktiv-ft_fermented_organic_fibres_subbrand_flag-300x183.jpg 300w, https:\/\/klasmann-deilmann.com\/wp-content\/uploads\/klasmann-deilmann_terraktiv-ft_fermented_organic_fibres_subbrand_flag-1024x626.jpg 1024w, https:\/\/klasmann-deilmann.com\/wp-content\/uploads\/klasmann-deilmann_terraktiv-ft_fermented_organic_fibres_subbrand_flag-768x470.jpg 768w, https:\/\/klasmann-deilmann.com\/wp-content\/uploads\/klasmann-deilmann_terraktiv-ft_fermented_organic_fibres_subbrand_flag-1536x939.jpg 1536w, https:\/\/klasmann-deilmann.com\/wp-content\/uploads\/klasmann-deilmann_terraktiv-ft_fermented_organic_fibres_subbrand_flag-2048x1252.jpg 2048w\" sizes=\"auto, (max-width: 2560px) 100vw, 2560px\" \/>[\/vc_column_text][\/vc_column_inner][vc_column_inner width=\u00bb1\/2&#8243;][vc_column_text]TerrAktiv\u00ae FT es una combinaci\u00f3n de compost verde TerrAktiv\u00ae y fibras de madera de alta calidad (GreenFibre\u00ae) que se fermentan en un proceso especial. El proceso de fermentaci\u00f3n estabiliza las fibras y genera un alto nivel de actividad microbiana. TerrAktiv\u00ae FT es m\u00e1s ligero y bajo en sal que el compost verde puro e incrementa la capacidad de aireaci\u00f3n cuando se emplea en sustratos para taco prensado.<\/p>\n<p>TerrAktiv\u00ae FT se emplea espec\u00edficamente para obtener un buen equilibrio entre amonio y nitrato en la fase inicial, cuando el nitr\u00f3geno org\u00e1nico se convierte en nitr\u00f3geno disponible para la planta. Esto es beneficioso durante la etapa de germinaci\u00f3n, especialmente a temperaturas m\u00e1s altas. Por lo general, el resultado de ello es un crecimiento del cultivo m\u00e1s sano y vigoroso.<br \/>\n[\/vc_column_text][\/vc_column_inner][\/vc_row_inner][\/vc_column][\/vc_row][vc_row background_color=\u00bbkdlightgray\u00bb css=\u00bb.vc_custom_1629200822779{padding-top: 30px !important;padding-bottom: 30px !important;}\u00bb][vc_column][vc_row_inner][vc_column_inner][vc_column_text]<\/p>\n<h3>TerrAktiv\u00ae FT \u2026<\/h3>\n<p>[\/vc_column_text][\/vc_column_inner][vc_column_inner width=\u00bb1\/3&#8243;][vc_column_text el_class=\u00bbpluslist\u00bb]<\/p>\n<ul>\n<li>\u2026 es estable en nitr\u00f3geno<\/li>\n<li>\u2026 incrementa la capacidad de aireaci\u00f3n en sustratos para taco prensado<\/li>\n<li>\u2026 optimiza la germinaci\u00f3n y el desarrollo de la planta<\/li>\n<\/ul>\n<p>[\/vc_column_text][\/vc_column_inner][vc_column_inner width=\u00bb1\/3&#8243;][vc_column_text el_class=\u00bbpluslist\u00bb]<\/p>\n<ul>\n<li>\u2026 permite la sustituci\u00f3n de hasta un 50\u2009% del volumen de turba en combinaci\u00f3n con otros componentes<\/li>\n<li>\u2026 reduce el riesgo de aporte excesivo de amonio a los plantones<\/li>\n<\/ul>\n<p>[\/vc_column_text][\/vc_column_inner][vc_column_inner width=\u00bb1\/6&#8243;][\/vc_column_inner][\/vc_row_inner][\/vc_column][\/vc_row][vc_row css=\u00bb.vc_custom_1629200919385{margin-top: 100px !important;}\u00bb][vc_column][kd_getintouch image=\u00bb32948&#8243;][\/vc_column][\/vc_row]<\/p><\/div>\n","protected":false},"excerpt":{"rendered":"<p>[vc_row][vc_column][kd_header_random_image_banner image=\u00bb35470&#8243;][\/kd_header_random_image_banner][\/vc_column][\/vc_row][vc_row][vc_column][vc_row_inner][vc_column_inner][vc_column_text] TerrAktiv\u00ae \u2013 compost verde para sustratos [\/vc_column_text][\/vc_column_inner][\/vc_row_inner][vc_row_inner][vc_column_inner width=\u00bb1\/2&#8243;][vc_column_text]Para la producci\u00f3n de sustratos ProLine, Klasmann-Deilmann emplea compost verde de alta calidad TerrAktiv\u00ae, producido en las instalaciones de compostaje propias de la compa\u00f1\u00eda. Tanto los residuos verdes que se van a compostar como los puntos de recogida son testados o inspeccionados peri\u00f3dicamente. Lo mismo sucede con el proceso de descomposici\u00f3n, que se vigila estrechamente en procesos de control internos (an\u00e1lisis de nutrientes, bioensayos, mediciones de temperatura). Tambi\u00e9n se llevan a<\/p>\n","protected":false},"author":7,"featured_media":0,"parent":76180,"menu_order":451,"comment_status":"closed","ping_status":"closed","template":"","meta":{"_acf_changed":false,"inline_featured_image":false,"footnotes":""},"class_list":["post-76185","page","type-page","status-publish","hentry"],"acf":[],"yoast_head":"<!-- This site is optimized with the Yoast SEO plugin v27.5 - https:\/\/yoast.com\/product\/yoast-seo-wordpress\/ -->\n<title>TerrAktiv\u00ae - Klasmann-Deilmann<\/title>\n<meta name=\"robots\" content=\"index, follow, max-snippet:-1, max-image-preview:large, max-video-preview:-1\" \/>\n<link rel=\"canonical\" href=\"https:\/\/klasmann-deilmann.com\/es\/productos-y-soluciones\/materias-primas\/terraktiv-ft\/\" \/>\n<meta property=\"og:locale\" content=\"es_ES\" \/>\n<meta property=\"og:type\" content=\"article\" \/>\n<meta property=\"og:title\" content=\"TerrAktiv\u00ae - Klasmann-Deilmann\" \/>\n<meta property=\"og:description\" content=\"[vc_row][vc_column][kd_header_random_image_banner image=\u00bb35470&#8243;][\/kd_header_random_image_banner][\/vc_column][\/vc_row][vc_row][vc_column][vc_row_inner][vc_column_inner][vc_column_text] TerrAktiv\u00ae \u2013 compost verde para sustratos [\/vc_column_text][\/vc_column_inner][\/vc_row_inner][vc_row_inner][vc_column_inner width=\u00bb1\/2&#8243;][vc_column_text]Para la producci\u00f3n de sustratos ProLine, Klasmann-Deilmann emplea compost verde de alta calidad TerrAktiv\u00ae, producido en las instalaciones de compostaje propias de la compa\u00f1\u00eda. Tanto los residuos verdes que se van a compostar como los puntos de recogida son testados o inspeccionados peri\u00f3dicamente. Lo mismo sucede con el proceso de descomposici\u00f3n, que se vigila estrechamente en procesos de control internos (an\u00e1lisis de nutrientes, bioensayos, mediciones de temperatura). Tambi\u00e9n se llevan a\" \/>\n<meta property=\"og:url\" content=\"https:\/\/klasmann-deilmann.com\/es\/productos-y-soluciones\/materias-primas\/terraktiv-ft\/\" \/>\n<meta property=\"og:site_name\" content=\"Klasmann-Deilmann\" \/>\n<meta property=\"article:modified_time\" content=\"2025-01-20T08:06:36+00:00\" \/>\n<meta name=\"twitter:card\" content=\"summary_large_image\" \/>\n<meta name=\"twitter:label1\" content=\"Tiempo de lectura\" \/>\n\t<meta name=\"twitter:data1\" content=\"3 minutos\" \/>\n<script type=\"application\/ld+json\" class=\"yoast-schema-graph\">{\"@context\":\"https:\\\/\\\/schema.org\",\"@graph\":[{\"@type\":\"WebPage\",\"@id\":\"https:\\\/\\\/klasmann-deilmann.com\\\/es\\\/productos-y-soluciones\\\/materias-primas\\\/terraktiv-ft\\\/\",\"url\":\"https:\\\/\\\/klasmann-deilmann.com\\\/es\\\/productos-y-soluciones\\\/materias-primas\\\/terraktiv-ft\\\/\",\"name\":\"TerrAktiv\u00ae - Klasmann-Deilmann\",\"isPartOf\":{\"@id\":\"https:\\\/\\\/klasmann-deilmann.com\\\/en\\\/#website\"},\"datePublished\":\"2021-08-13T12:51:00+00:00\",\"dateModified\":\"2025-01-20T08:06:36+00:00\",\"breadcrumb\":{\"@id\":\"https:\\\/\\\/klasmann-deilmann.com\\\/es\\\/productos-y-soluciones\\\/materias-primas\\\/terraktiv-ft\\\/#breadcrumb\"},\"inLanguage\":\"es\",\"potentialAction\":[{\"@type\":\"ReadAction\",\"target\":[\"https:\\\/\\\/klasmann-deilmann.com\\\/es\\\/productos-y-soluciones\\\/materias-primas\\\/terraktiv-ft\\\/\"]}]},{\"@type\":\"BreadcrumbList\",\"@id\":\"https:\\\/\\\/klasmann-deilmann.com\\\/es\\\/productos-y-soluciones\\\/materias-primas\\\/terraktiv-ft\\\/#breadcrumb\",\"itemListElement\":[{\"@type\":\"ListItem\",\"position\":1,\"name\":\"Home\",\"item\":\"https:\\\/\\\/klasmann-deilmann.com\\\/es\\\/\"},{\"@type\":\"ListItem\",\"position\":2,\"name\":\"Productos y soluciones\",\"item\":\"https:\\\/\\\/klasmann-deilmann.com\\\/es\\\/productos-y-soluciones\\\/\"},{\"@type\":\"ListItem\",\"position\":3,\"name\":\"Materias primas\",\"item\":\"https:\\\/\\\/klasmann-deilmann.com\\\/es\\\/productos-y-soluciones\\\/materias-primas\\\/\"},{\"@type\":\"ListItem\",\"position\":4,\"name\":\"TerrAktiv\u00ae\"}]},{\"@type\":\"WebSite\",\"@id\":\"https:\\\/\\\/klasmann-deilmann.com\\\/en\\\/#website\",\"url\":\"https:\\\/\\\/klasmann-deilmann.com\\\/en\\\/\",\"name\":\"Klasmann-Deilmann\",\"description\":\"\",\"potentialAction\":[{\"@type\":\"SearchAction\",\"target\":{\"@type\":\"EntryPoint\",\"urlTemplate\":\"https:\\\/\\\/klasmann-deilmann.com\\\/en\\\/?s={search_term_string}\"},\"query-input\":{\"@type\":\"PropertyValueSpecification\",\"valueRequired\":true,\"valueName\":\"search_term_string\"}}],\"inLanguage\":\"es\"}]}<\/script>\n<!-- \/ Yoast SEO plugin. -->","yoast_head_json":{"title":"TerrAktiv\u00ae - Klasmann-Deilmann","robots":{"index":"index","follow":"follow","max-snippet":"max-snippet:-1","max-image-preview":"max-image-preview:large","max-video-preview":"max-video-preview:-1"},"canonical":"https:\/\/klasmann-deilmann.com\/es\/productos-y-soluciones\/materias-primas\/terraktiv-ft\/","og_locale":"es_ES","og_type":"article","og_title":"TerrAktiv\u00ae - Klasmann-Deilmann","og_description":"[vc_row][vc_column][kd_header_random_image_banner image=\u00bb35470&#8243;][\/kd_header_random_image_banner][\/vc_column][\/vc_row][vc_row][vc_column][vc_row_inner][vc_column_inner][vc_column_text] TerrAktiv\u00ae \u2013 compost verde para sustratos [\/vc_column_text][\/vc_column_inner][\/vc_row_inner][vc_row_inner][vc_column_inner width=\u00bb1\/2&#8243;][vc_column_text]Para la producci\u00f3n de sustratos ProLine, Klasmann-Deilmann emplea compost verde de alta calidad TerrAktiv\u00ae, producido en las instalaciones de compostaje propias de la compa\u00f1\u00eda. Tanto los residuos verdes que se van a compostar como los puntos de recogida son testados o inspeccionados peri\u00f3dicamente. Lo mismo sucede con el proceso de descomposici\u00f3n, que se vigila estrechamente en procesos de control internos (an\u00e1lisis de nutrientes, bioensayos, mediciones de temperatura). Tambi\u00e9n se llevan a","og_url":"https:\/\/klasmann-deilmann.com\/es\/productos-y-soluciones\/materias-primas\/terraktiv-ft\/","og_site_name":"Klasmann-Deilmann","article_modified_time":"2025-01-20T08:06:36+00:00","twitter_card":"summary_large_image","twitter_misc":{"Tiempo de lectura":"3 minutos"},"schema":{"@context":"https:\/\/schema.org","@graph":[{"@type":"WebPage","@id":"https:\/\/klasmann-deilmann.com\/es\/productos-y-soluciones\/materias-primas\/terraktiv-ft\/","url":"https:\/\/klasmann-deilmann.com\/es\/productos-y-soluciones\/materias-primas\/terraktiv-ft\/","name":"TerrAktiv\u00ae - Klasmann-Deilmann","isPartOf":{"@id":"https:\/\/klasmann-deilmann.com\/en\/#website"},"datePublished":"2021-08-13T12:51:00+00:00","dateModified":"2025-01-20T08:06:36+00:00","breadcrumb":{"@id":"https:\/\/klasmann-deilmann.com\/es\/productos-y-soluciones\/materias-primas\/terraktiv-ft\/#breadcrumb"},"inLanguage":"es","potentialAction":[{"@type":"ReadAction","target":["https:\/\/klasmann-deilmann.com\/es\/productos-y-soluciones\/materias-primas\/terraktiv-ft\/"]}]},{"@type":"BreadcrumbList","@id":"https:\/\/klasmann-deilmann.com\/es\/productos-y-soluciones\/materias-primas\/terraktiv-ft\/#breadcrumb","itemListElement":[{"@type":"ListItem","position":1,"name":"Home","item":"https:\/\/klasmann-deilmann.com\/es\/"},{"@type":"ListItem","position":2,"name":"Productos y soluciones","item":"https:\/\/klasmann-deilmann.com\/es\/productos-y-soluciones\/"},{"@type":"ListItem","position":3,"name":"Materias primas","item":"https:\/\/klasmann-deilmann.com\/es\/productos-y-soluciones\/materias-primas\/"},{"@type":"ListItem","position":4,"name":"TerrAktiv\u00ae"}]},{"@type":"WebSite","@id":"https:\/\/klasmann-deilmann.com\/en\/#website","url":"https:\/\/klasmann-deilmann.com\/en\/","name":"Klasmann-Deilmann","description":"","potentialAction":[{"@type":"SearchAction","target":{"@type":"EntryPoint","urlTemplate":"https:\/\/klasmann-deilmann.com\/en\/?s={search_term_string}"},"query-input":{"@type":"PropertyValueSpecification","valueRequired":true,"valueName":"search_term_string"}}],"inLanguage":"es"}]}},"_links":{"self":[{"href":"https:\/\/klasmann-deilmann.com\/es\/wp-json\/wp\/v2\/pages\/76185","targetHints":{"allow":["GET"]}}],"collection":[{"href":"https:\/\/klasmann-deilmann.com\/es\/wp-json\/wp\/v2\/pages"}],"about":[{"href":"https:\/\/klasmann-deilmann.com\/es\/wp-json\/wp\/v2\/types\/page"}],"author":[{"embeddable":true,"href":"https:\/\/klasmann-deilmann.com\/es\/wp-json\/wp\/v2\/users\/7"}],"replies":[{"embeddable":true,"href":"https:\/\/klasmann-deilmann.com\/es\/wp-json\/wp\/v2\/comments?post=76185"}],"version-history":[{"count":3,"href":"https:\/\/klasmann-deilmann.com\/es\/wp-json\/wp\/v2\/pages\/76185\/revisions"}],"predecessor-version":[{"id":88356,"href":"https:\/\/klasmann-deilmann.com\/es\/wp-json\/wp\/v2\/pages\/76185\/revisions\/88356"}],"up":[{"embeddable":true,"href":"https:\/\/klasmann-deilmann.com\/es\/wp-json\/wp\/v2\/pages\/76180"}],"wp:attachment":[{"href":"https:\/\/klasmann-deilmann.com\/es\/wp-json\/wp\/v2\/media?parent=76185"}],"curies":[{"name":"wp","href":"https:\/\/api.w.org\/{rel}","templated":true}]}}