{"id":76172,"date":"2021-08-05T10:22:46","date_gmt":"2021-08-05T08:22:46","guid":{"rendered":"https:\/\/klasmann-deilmann.com\/productos-y-soluciones\/containermulch\/"},"modified":"2023-04-21T11:53:19","modified_gmt":"2023-04-21T09:53:19","slug":"mantillo-para-contenedor","status":"publish","type":"page","link":"https:\/\/klasmann-deilmann.com\/es\/productos-y-soluciones\/mantillo-para-contenedor\/","title":{"rendered":"Mantillo para contenedor"},"content":{"rendered":"<div class=\"wpb-content-wrapper\">\n<p>[vc_row][vc_column][kd_header_random_image_banner image=\u00bb35846&#8243;][\/kd_header_random_image_banner][\/vc_column][\/vc_row][vc_row][vc_column][vc_row_inner][vc_column_inner width=\u00bb1\/2&#8243;][vc_column_text]<\/p>\n<h2>Cobertura natural para macetas y contenedores<\/h2>\n<p>Desde su lanzamiento al mercado en 2014, el \u201cmantillo para contenedor\u201d se ha convertido en un recurso indispensable para numerosos viveros. El mantillo para contenedor es una cobertura respetuosa con el medio ambiente para prevenir el crecimiento de algas y malas hierbas. Est\u00e1 hecho de madera de con\u00edfera de bosques de gesti\u00f3n sostenible (con certificado PEFC). La madera se ha tratado t\u00e9rmicamente para evitar riesgos fitosanitarios.<\/p>\n<p>El mantillo para contenedor se seca r\u00e1pidamente, es permeable al agua y rompe las gotas de agua, de modo que la capa superior deja pasar el aire. Esto hace m\u00e1s dif\u00edcil el crecimiento de algas, musgos y malas hierbas. Al emplear mantillo para contenedor, la humedad del sustrato se mantiene m\u00e1s homog\u00e9nea y las plantas tambi\u00e9n tienen un aspecto visualmente atractivo para su comercializaci\u00f3n.<\/p>\n<p>El mantillo para contenedor se puede procesar mec\u00e1nicamente con todos los esparcidores autom\u00e1ticos y tambi\u00e9n es muy apropiado para acolchar camas de plantaci\u00f3n. El mantillo para contenedor est\u00e1 disponible en sacos de 70 litros y suelto a granel.<br \/>\n[\/vc_column_text][\/vc_column_inner][vc_column_inner width=\u00bb1\/2&#8243;][vc_column_text]<img loading=\"lazy\" decoding=\"async\" class=\"alignnone wp-image-36952 size-full\" src=\"https:\/\/klasmann-deilmann.com\/wp-content\/uploads\/klasmann-deilmann_containermulch_subbrand_flag.jpg\" alt=\"\" width=\"2560\" height=\"1920\" srcset=\"https:\/\/klasmann-deilmann.com\/wp-content\/uploads\/klasmann-deilmann_containermulch_subbrand_flag.jpg 2560w, https:\/\/klasmann-deilmann.com\/wp-content\/uploads\/klasmann-deilmann_containermulch_subbrand_flag-300x225.jpg 300w, https:\/\/klasmann-deilmann.com\/wp-content\/uploads\/klasmann-deilmann_containermulch_subbrand_flag-1024x768.jpg 1024w, https:\/\/klasmann-deilmann.com\/wp-content\/uploads\/klasmann-deilmann_containermulch_subbrand_flag-768x576.jpg 768w, https:\/\/klasmann-deilmann.com\/wp-content\/uploads\/klasmann-deilmann_containermulch_subbrand_flag-1536x1152.jpg 1536w, https:\/\/klasmann-deilmann.com\/wp-content\/uploads\/klasmann-deilmann_containermulch_subbrand_flag-2048x1536.jpg 2048w\" sizes=\"auto, (max-width: 2560px) 100vw, 2560px\" \/>[\/vc_column_text][\/vc_column_inner][\/vc_row_inner][\/vc_column][\/vc_row][vc_row][vc_column][vc_row_inner][vc_column_inner width=\u00bb1\/2&#8243;][kd_download_button show_link_download1=\u00bblink\u00bb link1=\u00bburl:https%3A%2F%2Fklasmann-deilmann.com%2Fes%2Fproductos-y-soluciones%2Fmantillo-para-contenedor%2Fespecificaciones-del-mantillo-para-contenedor%2F%23reduced-irrigation-and-improved-shelf-life|title:Efecto%20del%20mantillo%20para%20contenedor%20sobre%20el%20balance%20h%C3%ADdrico%20en%20macetas%20de%203%20litros%20%3E\u00bb][\/vc_column_inner][vc_column_inner width=\u00bb1\/2&#8243;][kd_download_button show_link_download1=\u00bblink\u00bb link1=\u00bburl:https%3A%2F%2Fklasmann-deilmann.com%2Fes%2Fproductos-y-soluciones%2Fmantillo-para-contenedor%2Fespecificaciones-del-mantillo-para-contenedor%2F%23average-amount-of-containermulch-required-for-different-pot-sizes|title:Cantidad%20media%20de%20mantillo%20para%20contenedor%20que%20se%20necesita%20para%20distintos%20tama%C3%B1os%20de%20maceta%20%3E\u00bb][\/vc_column_inner][\/vc_row_inner][vc_row_inner][vc_column_inner width=\u00bb1\/2&#8243;][kd_download_button show_link_download1=\u00bbdownload\u00bb download1=\u00bb7781&#8243; showinpdfreader=\u00bbtrue\u00bb][\/vc_column_inner][vc_column_inner width=\u00bb1\/2&#8243;][\/vc_column_inner][\/vc_row_inner][\/vc_column][\/vc_row][vc_section css=\u00bb.vc_custom_1628843396413{margin-top: 70px !important;}\u00bb][vc_row][vc_column width=\u00bb1\/2&#8243;][vc_column_text]<img loading=\"lazy\" decoding=\"async\" class=\"alignnone wp-image-30902 size-full\" src=\"https:\/\/klasmann-deilmann.com\/wp-content\/uploads\/2021-05-26-De-Batterijen-Foto-e1628843360783.jpg\" alt=\"\" width=\"1024\" height=\"734\" srcset=\"https:\/\/klasmann-deilmann.com\/wp-content\/uploads\/2021-05-26-De-Batterijen-Foto-e1628843360783.jpg 1024w, https:\/\/klasmann-deilmann.com\/wp-content\/uploads\/2021-05-26-De-Batterijen-Foto-e1628843360783-300x215.jpg 300w, https:\/\/klasmann-deilmann.com\/wp-content\/uploads\/2021-05-26-De-Batterijen-Foto-e1628843360783-768x551.jpg 768w\" sizes=\"auto, (max-width: 1024px) 100vw, 1024px\" \/>[\/vc_column_text][kd_accordion_custom color=\u00bbkdgreen\u00bb shape=\u00bbsquare\u00bb collapsible_all=\u00bbtrue\u00bb active_section=\u00bb99&#8243;][vc_tta_section title=\u00bbVentajas del mantillo para contenedor\u00bb tab_id=\u00bb1628842451116-051f0619-32fc\u00bb][vc_column_text el_class=\u00bbpluslist\u00bb]<\/p>\n<ul>\n<li>Excelente prevenci\u00f3n de musgo y malas hierbas<\/li>\n<li>\u00d3ptima cobertura (propiedades adhesivas)<\/li>\n<li>Mantiene h\u00famedo el sustrato<\/li>\n<li>Mermas muy bajas causadas por el viento o durante el transporte<\/li>\n<li>Aspecto natural<\/li>\n<\/ul>\n<p>[\/vc_column_text][\/vc_tta_section][\/kd_accordion_custom][\/vc_column][vc_column width=\u00bb1\/2&#8243;][vc_column_text]<img loading=\"lazy\" decoding=\"async\" width=\"2560\" height=\"1834\" class=\"alignnone size-full wp-image-35335\" src=\"\/wp-content\/uploads\/Containermulch_01.jpg\" alt=\"\" srcset=\"https:\/\/klasmann-deilmann.com\/wp-content\/uploads\/Containermulch_01.jpg 2560w, https:\/\/klasmann-deilmann.com\/wp-content\/uploads\/Containermulch_01-300x215.jpg 300w, https:\/\/klasmann-deilmann.com\/wp-content\/uploads\/Containermulch_01-1024x734.jpg 1024w, https:\/\/klasmann-deilmann.com\/wp-content\/uploads\/Containermulch_01-768x550.jpg 768w, https:\/\/klasmann-deilmann.com\/wp-content\/uploads\/Containermulch_01-1536x1100.jpg 1536w, https:\/\/klasmann-deilmann.com\/wp-content\/uploads\/Containermulch_01-2048x1467.jpg 2048w\" sizes=\"auto, (max-width: 2560px) 100vw, 2560px\" \/>[\/vc_column_text][kd_accordion_custom color=\u00bbkdgreen\u00bb shape=\u00bbsquare\u00bb collapsible_all=\u00bbtrue\u00bb active_section=\u00bb99&#8243;][vc_tta_section title=\u00bbPropiedades del mantillo para contenedor\u00bb tab_id=\u00bb1628842477399-6cb4d511-b99a\u00bb][vc_column_text el_class=\u00bbpluslist\u00bb]<\/p>\n<ul>\n<li>Hecho con madera fresca de con\u00edfera sin corteza (2 \u2013 10 mm)<\/li>\n<li>Seguro para los cultivos; intenso tratamiento t\u00e9rmico durante el proceso de producci\u00f3n<\/li>\n<li>De bosques de gesti\u00f3n sostenible (PEFC)<\/li>\n<li>Contiene pigmentos minerales naturales seguros para las plantas y el medio ambiente<\/li>\n<li>El proceso de producci\u00f3n est\u00e1 certificado conforme a las normas RHP e ISO 14001<\/li>\n<li>Permeable al agua, de secado r\u00e1pido<\/li>\n<li>Disponible a granel, en balas grandes, o en sacos de 70 litros<\/li>\n<\/ul>\n<p>[\/vc_column_text][\/vc_tta_section][\/kd_accordion_custom][\/vc_column][\/vc_row][\/vc_section][vc_row css=\u00bb.vc_custom_1628843455386{margin-top: 70px !important;padding-top: 70px !important;padding-bottom: 30px !important;background-color: #414345 !important;}\u00bb][vc_column][vc_row_inner][vc_column_inner][vc_column_text]<\/p>\n<h2>C\u00f3mo usar \u00f3ptimamente el mantillo para contenedor<\/h2>\n<p>[\/vc_column_text][\/vc_column_inner][\/vc_row_inner][vc_row_inner equal_height=\u00bbyes\u00bb][vc_column_inner width=\u00bb1\/3&#8243;][vc_hoverbox shape=\u00bb75&#8243; image=\u00bb35346&#8243; primary_title=\u00bb\u00bb hover_title=\u00bb\u00bb hover_align=\u00bbleft\u00bb hover_background_color=\u00bbcustom\u00bb hover_custom_background=\u00bb#44a12b\u00bb]<\/p>\n<p style=\"text-align: left;\">Aseg\u00farese de que las macetas est\u00e1n cubiertas con una capa de mantillo para contenedor de al menos 1,5 cm, dependiendo del tama\u00f1o de la maceta. Que este proceso lo realice personal cualificado ayuda a asegurar una excelente prevenci\u00f3n de las malas hierbas.<\/p>\n<p>[\/vc_hoverbox][\/vc_column_inner][vc_column_inner width=\u00bb1\/3&#8243;][vc_hoverbox shape=\u00bb75&#8243; image=\u00bb35348&#8243; primary_title=\u00bb\u00bb hover_title=\u00bb\u00bb hover_align=\u00bbleft\u00bb hover_background_color=\u00bbcustom\u00bb hover_custom_background=\u00bb#ffcc00&#8243;]<\/p>\n<p style=\"color: #414345; text-align: left;\">Tras la aplicaci\u00f3n, hay que regar a fondo las plantas para asegurarse de que la capa de mantillo se une adecuadamente y de que se mantiene en su lugar a pesar del viento o incluso si se cae la maceta.<\/p>\n<p>[\/vc_hoverbox][\/vc_column_inner][vc_column_inner width=\u00bb1\/3&#8243;][vc_hoverbox shape=\u00bb75&#8243; image=\u00bb35350&#8243; primary_title=\u00bb\u00bb hover_title=\u00bb\u00bb hover_align=\u00bbleft\u00bb hover_background_color=\u00bbcustom\u00bb hover_custom_background=\u00bb#df4417&#8243;]<\/p>\n<p style=\"text-align: left;\">El uso de mantillo para contenedor reduce la evaporaci\u00f3n del sustrato. Esto significa que hay que ajustar la frecuencia y la cantidad de agua aportada para prevenir un exceso de riego. En el caso particular de sustratos pesados y densos hay que reducir la frecuencia de riego para asegurarse de que el sustrato tiene drenaje y ventilaci\u00f3n suficientes.<\/p>\n<p>[\/vc_hoverbox][\/vc_column_inner][\/vc_row_inner][vc_row_inner equal_height=\u00bbyes\u00bb][vc_column_inner width=\u00bb1\/3&#8243;][vc_hoverbox shape=\u00bb75&#8243; image=\u00bb35352&#8243; primary_title=\u00bb\u00bb hover_title=\u00bb\u00bb hover_align=\u00bbleft\u00bb hover_background_color=\u00bbcustom\u00bb hover_custom_background=\u00bb#235b43&#8243;]<\/p>\n<p style=\"text-align: left;\">Para una \u00f3ptima prevenci\u00f3n de las malas hierbas, hay que dejar secar el mantillo para contenedor despu\u00e9s de cada riego. Esto asegurar\u00e1 una capa de cobertura estable y seca, lo que reduce la germinaci\u00f3n de malas hierbas. Por lo tanto, se recomienda espec\u00edficamente una buena ventilaci\u00f3n para alcanzar los mejores resultados, especialmente en invernaderos y t\u00faneles de polietileno.<\/p>\n<p>[\/vc_hoverbox][\/vc_column_inner][vc_column_inner width=\u00bb1\/3&#8243;][vc_hoverbox shape=\u00bb75&#8243; image=\u00bb35354&#8243; primary_title=\u00bb\u00bb hover_title=\u00bb\u00bb hover_align=\u00bbleft\u00bb hover_background_color=\u00bbcustom\u00bb hover_custom_background=\u00bb#a22237&#8243;]<\/p>\n<p style=\"text-align: left;\">Como el mantillo para contenedor reduce la cantidad de sustrato de la maceta en una capa de 1,5 \u2013 2,5 cm, hay que reducir la fertilizaci\u00f3n del sustrato de acuerdo con ello. La cantidad de fertilizante de base y\/o de fertilizante de liberaci\u00f3n controlada en el sustrato debe elevarse con el fin de mantener un nivel similar de nutrici\u00f3n por maceta.<\/p>\n<p>[\/vc_hoverbox][\/vc_column_inner][vc_column_inner width=\u00bb1\/3&#8243;][\/vc_column_inner][\/vc_row_inner][\/vc_column][\/vc_row][vc_row css=\u00bb.vc_custom_1628841626003{margin-top: 70px !important;}\u00bb][vc_column][kd_getintouch image=\u00bb32948&#8243;][\/vc_column][\/vc_row]<\/p>\n<\/div>\n","protected":false},"excerpt":{"rendered":"<p>[vc_row][vc_column][kd_header_random_image_banner image=\u00bb35846&#8243;][\/kd_header_random_image_banner][\/vc_column][\/vc_row][vc_row][vc_column][vc_row_inner][vc_column_inner width=\u00bb1\/2&#8243;][vc_column_text] Cobertura natural para macetas y contenedores Desde su lanzamiento al mercado en 2014, el \u201cmantillo para contenedor\u201d se ha convertido en un recurso indispensable para numerosos viveros. El mantillo para contenedor es una cobertura respetuosa con el medio ambiente para prevenir el crecimiento de algas y malas hierbas. Est\u00e1 hecho de madera de con\u00edfera de bosques de gesti\u00f3n sostenible (con certificado PEFC). La madera se ha tratado t\u00e9rmicamente para evitar riesgos fitosanitarios. El mantillo para contenedor se<\/p>\n","protected":false},"author":7,"featured_media":0,"parent":76147,"menu_order":471,"comment_status":"closed","ping_status":"closed","template":"","meta":{"_acf_changed":false,"inline_featured_image":false,"footnotes":""},"class_list":["post-76172","page","type-page","status-publish","hentry"],"acf":[],"yoast_head":"<!-- This site is optimized with the Yoast SEO plugin v27.5 - https:\/\/yoast.com\/product\/yoast-seo-wordpress\/ -->\n<title>Mantillo para contenedor - Klasmann-Deilmann<\/title>\n<meta name=\"robots\" content=\"index, follow, max-snippet:-1, max-image-preview:large, max-video-preview:-1\" \/>\n<link rel=\"canonical\" href=\"https:\/\/klasmann-deilmann.com\/es\/productos-y-soluciones\/mantillo-para-contenedor\/\" \/>\n<meta property=\"og:locale\" content=\"es_ES\" \/>\n<meta property=\"og:type\" content=\"article\" \/>\n<meta property=\"og:title\" content=\"Mantillo para contenedor - Klasmann-Deilmann\" \/>\n<meta property=\"og:description\" content=\"[vc_row][vc_column][kd_header_random_image_banner image=\u00bb35846&#8243;][\/kd_header_random_image_banner][\/vc_column][\/vc_row][vc_row][vc_column][vc_row_inner][vc_column_inner width=\u00bb1\/2&#8243;][vc_column_text] Cobertura natural para macetas y contenedores Desde su lanzamiento al mercado en 2014, el \u201cmantillo para contenedor\u201d se ha convertido en un recurso indispensable para numerosos viveros. El mantillo para contenedor es una cobertura respetuosa con el medio ambiente para prevenir el crecimiento de algas y malas hierbas. Est\u00e1 hecho de madera de con\u00edfera de bosques de gesti\u00f3n sostenible (con certificado PEFC). La madera se ha tratado t\u00e9rmicamente para evitar riesgos fitosanitarios. El mantillo para contenedor se\" \/>\n<meta property=\"og:url\" content=\"https:\/\/klasmann-deilmann.com\/es\/productos-y-soluciones\/mantillo-para-contenedor\/\" \/>\n<meta property=\"og:site_name\" content=\"Klasmann-Deilmann\" \/>\n<meta property=\"article:modified_time\" content=\"2023-04-21T09:53:19+00:00\" \/>\n<meta property=\"og:image\" content=\"https:\/\/klasmann-deilmann.com\/wp-content\/uploads\/klasmann-deilmann_containermulch_subbrand_flag.jpg\" \/>\n<meta name=\"twitter:card\" content=\"summary_large_image\" \/>\n<meta name=\"twitter:label1\" content=\"Tiempo de lectura\" \/>\n\t<meta name=\"twitter:data1\" content=\"3 minutos\" \/>\n<script type=\"application\/ld+json\" class=\"yoast-schema-graph\">{\"@context\":\"https:\\\/\\\/schema.org\",\"@graph\":[{\"@type\":\"WebPage\",\"@id\":\"https:\\\/\\\/klasmann-deilmann.com\\\/es\\\/productos-y-soluciones\\\/mantillo-para-contenedor\\\/\",\"url\":\"https:\\\/\\\/klasmann-deilmann.com\\\/es\\\/productos-y-soluciones\\\/mantillo-para-contenedor\\\/\",\"name\":\"Mantillo para contenedor - Klasmann-Deilmann\",\"isPartOf\":{\"@id\":\"https:\\\/\\\/klasmann-deilmann.com\\\/en\\\/#website\"},\"primaryImageOfPage\":{\"@id\":\"https:\\\/\\\/klasmann-deilmann.com\\\/es\\\/productos-y-soluciones\\\/mantillo-para-contenedor\\\/#primaryimage\"},\"image\":{\"@id\":\"https:\\\/\\\/klasmann-deilmann.com\\\/es\\\/productos-y-soluciones\\\/mantillo-para-contenedor\\\/#primaryimage\"},\"thumbnailUrl\":\"https:\\\/\\\/klasmann-deilmann.com\\\/wp-content\\\/uploads\\\/klasmann-deilmann_containermulch_subbrand_flag.jpg\",\"datePublished\":\"2021-08-05T08:22:46+00:00\",\"dateModified\":\"2023-04-21T09:53:19+00:00\",\"breadcrumb\":{\"@id\":\"https:\\\/\\\/klasmann-deilmann.com\\\/es\\\/productos-y-soluciones\\\/mantillo-para-contenedor\\\/#breadcrumb\"},\"inLanguage\":\"es\",\"potentialAction\":[{\"@type\":\"ReadAction\",\"target\":[\"https:\\\/\\\/klasmann-deilmann.com\\\/es\\\/productos-y-soluciones\\\/mantillo-para-contenedor\\\/\"]}]},{\"@type\":\"ImageObject\",\"inLanguage\":\"es\",\"@id\":\"https:\\\/\\\/klasmann-deilmann.com\\\/es\\\/productos-y-soluciones\\\/mantillo-para-contenedor\\\/#primaryimage\",\"url\":\"https:\\\/\\\/klasmann-deilmann.com\\\/wp-content\\\/uploads\\\/klasmann-deilmann_containermulch_subbrand_flag.jpg\",\"contentUrl\":\"https:\\\/\\\/klasmann-deilmann.com\\\/wp-content\\\/uploads\\\/klasmann-deilmann_containermulch_subbrand_flag.jpg\"},{\"@type\":\"BreadcrumbList\",\"@id\":\"https:\\\/\\\/klasmann-deilmann.com\\\/es\\\/productos-y-soluciones\\\/mantillo-para-contenedor\\\/#breadcrumb\",\"itemListElement\":[{\"@type\":\"ListItem\",\"position\":1,\"name\":\"Home\",\"item\":\"https:\\\/\\\/klasmann-deilmann.com\\\/es\\\/\"},{\"@type\":\"ListItem\",\"position\":2,\"name\":\"Productos y soluciones\",\"item\":\"https:\\\/\\\/klasmann-deilmann.com\\\/es\\\/productos-y-soluciones\\\/\"},{\"@type\":\"ListItem\",\"position\":3,\"name\":\"Mantillo para contenedor\"}]},{\"@type\":\"WebSite\",\"@id\":\"https:\\\/\\\/klasmann-deilmann.com\\\/en\\\/#website\",\"url\":\"https:\\\/\\\/klasmann-deilmann.com\\\/en\\\/\",\"name\":\"Klasmann-Deilmann\",\"description\":\"\",\"potentialAction\":[{\"@type\":\"SearchAction\",\"target\":{\"@type\":\"EntryPoint\",\"urlTemplate\":\"https:\\\/\\\/klasmann-deilmann.com\\\/en\\\/?s={search_term_string}\"},\"query-input\":{\"@type\":\"PropertyValueSpecification\",\"valueRequired\":true,\"valueName\":\"search_term_string\"}}],\"inLanguage\":\"es\"}]}<\/script>\n<!-- \/ Yoast SEO plugin. -->","yoast_head_json":{"title":"Mantillo para contenedor - Klasmann-Deilmann","robots":{"index":"index","follow":"follow","max-snippet":"max-snippet:-1","max-image-preview":"max-image-preview:large","max-video-preview":"max-video-preview:-1"},"canonical":"https:\/\/klasmann-deilmann.com\/es\/productos-y-soluciones\/mantillo-para-contenedor\/","og_locale":"es_ES","og_type":"article","og_title":"Mantillo para contenedor - Klasmann-Deilmann","og_description":"[vc_row][vc_column][kd_header_random_image_banner image=\u00bb35846&#8243;][\/kd_header_random_image_banner][\/vc_column][\/vc_row][vc_row][vc_column][vc_row_inner][vc_column_inner width=\u00bb1\/2&#8243;][vc_column_text] Cobertura natural para macetas y contenedores Desde su lanzamiento al mercado en 2014, el \u201cmantillo para contenedor\u201d se ha convertido en un recurso indispensable para numerosos viveros. El mantillo para contenedor es una cobertura respetuosa con el medio ambiente para prevenir el crecimiento de algas y malas hierbas. Est\u00e1 hecho de madera de con\u00edfera de bosques de gesti\u00f3n sostenible (con certificado PEFC). La madera se ha tratado t\u00e9rmicamente para evitar riesgos fitosanitarios. El mantillo para contenedor se","og_url":"https:\/\/klasmann-deilmann.com\/es\/productos-y-soluciones\/mantillo-para-contenedor\/","og_site_name":"Klasmann-Deilmann","article_modified_time":"2023-04-21T09:53:19+00:00","og_image":[{"url":"https:\/\/klasmann-deilmann.com\/wp-content\/uploads\/klasmann-deilmann_containermulch_subbrand_flag.jpg","type":"","width":"","height":""}],"twitter_card":"summary_large_image","twitter_misc":{"Tiempo de lectura":"3 minutos"},"schema":{"@context":"https:\/\/schema.org","@graph":[{"@type":"WebPage","@id":"https:\/\/klasmann-deilmann.com\/es\/productos-y-soluciones\/mantillo-para-contenedor\/","url":"https:\/\/klasmann-deilmann.com\/es\/productos-y-soluciones\/mantillo-para-contenedor\/","name":"Mantillo para contenedor - Klasmann-Deilmann","isPartOf":{"@id":"https:\/\/klasmann-deilmann.com\/en\/#website"},"primaryImageOfPage":{"@id":"https:\/\/klasmann-deilmann.com\/es\/productos-y-soluciones\/mantillo-para-contenedor\/#primaryimage"},"image":{"@id":"https:\/\/klasmann-deilmann.com\/es\/productos-y-soluciones\/mantillo-para-contenedor\/#primaryimage"},"thumbnailUrl":"https:\/\/klasmann-deilmann.com\/wp-content\/uploads\/klasmann-deilmann_containermulch_subbrand_flag.jpg","datePublished":"2021-08-05T08:22:46+00:00","dateModified":"2023-04-21T09:53:19+00:00","breadcrumb":{"@id":"https:\/\/klasmann-deilmann.com\/es\/productos-y-soluciones\/mantillo-para-contenedor\/#breadcrumb"},"inLanguage":"es","potentialAction":[{"@type":"ReadAction","target":["https:\/\/klasmann-deilmann.com\/es\/productos-y-soluciones\/mantillo-para-contenedor\/"]}]},{"@type":"ImageObject","inLanguage":"es","@id":"https:\/\/klasmann-deilmann.com\/es\/productos-y-soluciones\/mantillo-para-contenedor\/#primaryimage","url":"https:\/\/klasmann-deilmann.com\/wp-content\/uploads\/klasmann-deilmann_containermulch_subbrand_flag.jpg","contentUrl":"https:\/\/klasmann-deilmann.com\/wp-content\/uploads\/klasmann-deilmann_containermulch_subbrand_flag.jpg"},{"@type":"BreadcrumbList","@id":"https:\/\/klasmann-deilmann.com\/es\/productos-y-soluciones\/mantillo-para-contenedor\/#breadcrumb","itemListElement":[{"@type":"ListItem","position":1,"name":"Home","item":"https:\/\/klasmann-deilmann.com\/es\/"},{"@type":"ListItem","position":2,"name":"Productos y soluciones","item":"https:\/\/klasmann-deilmann.com\/es\/productos-y-soluciones\/"},{"@type":"ListItem","position":3,"name":"Mantillo para contenedor"}]},{"@type":"WebSite","@id":"https:\/\/klasmann-deilmann.com\/en\/#website","url":"https:\/\/klasmann-deilmann.com\/en\/","name":"Klasmann-Deilmann","description":"","potentialAction":[{"@type":"SearchAction","target":{"@type":"EntryPoint","urlTemplate":"https:\/\/klasmann-deilmann.com\/en\/?s={search_term_string}"},"query-input":{"@type":"PropertyValueSpecification","valueRequired":true,"valueName":"search_term_string"}}],"inLanguage":"es"}]}},"_links":{"self":[{"href":"https:\/\/klasmann-deilmann.com\/es\/wp-json\/wp\/v2\/pages\/76172","targetHints":{"allow":["GET"]}}],"collection":[{"href":"https:\/\/klasmann-deilmann.com\/es\/wp-json\/wp\/v2\/pages"}],"about":[{"href":"https:\/\/klasmann-deilmann.com\/es\/wp-json\/wp\/v2\/types\/page"}],"author":[{"embeddable":true,"href":"https:\/\/klasmann-deilmann.com\/es\/wp-json\/wp\/v2\/users\/7"}],"replies":[{"embeddable":true,"href":"https:\/\/klasmann-deilmann.com\/es\/wp-json\/wp\/v2\/comments?post=76172"}],"version-history":[{"count":4,"href":"https:\/\/klasmann-deilmann.com\/es\/wp-json\/wp\/v2\/pages\/76172\/revisions"}],"predecessor-version":[{"id":76179,"href":"https:\/\/klasmann-deilmann.com\/es\/wp-json\/wp\/v2\/pages\/76172\/revisions\/76179"}],"up":[{"embeddable":true,"href":"https:\/\/klasmann-deilmann.com\/es\/wp-json\/wp\/v2\/pages\/76147"}],"wp:attachment":[{"href":"https:\/\/klasmann-deilmann.com\/es\/wp-json\/wp\/v2\/media?parent=76172"}],"curies":[{"name":"wp","href":"https:\/\/api.w.org\/{rel}","templated":true}]}}