{"id":76168,"date":"2021-08-16T14:05:38","date_gmt":"2021-08-16T12:05:38","guid":{"rendered":"https:\/\/klasmann-deilmann.com\/productos-y-soluciones\/sustratos-proline\/proline-substrates-products\/"},"modified":"2023-04-21T10:26:41","modified_gmt":"2023-04-21T08:26:41","slug":"sustratos-proline-productos","status":"publish","type":"page","link":"https:\/\/klasmann-deilmann.com\/es\/productos-y-soluciones\/sustratos-proline\/sustratos-proline-productos\/","title":{"rendered":"Sustratos ProLine productos"},"content":{"rendered":"<div class=\"wpb-content-wrapper\">[vc_row][vc_column][kd_header_random_image_banner image=\u00bb34814&#8243;][\/kd_header_random_image_banner][\/vc_column][\/vc_row][vc_section el_id=\u00bbproline-potgrond-terraktiv\u00bb][vc_row][vc_column][vc_row_inner][vc_column_inner][kd_single_products productselect=\u00bb36891&#8243;][\/vc_column_inner][\/vc_row_inner][\/vc_column][\/vc_row][\/vc_section][vc_section el_id=\u00bbproline-potgrond-terraktiv-greenfibre\u00bb][vc_row][vc_column][vc_row_inner][vc_column_inner][kd_single_products productselect=\u00bb36918&#8243;][\/vc_column_inner][\/vc_row_inner][\/vc_column][\/vc_row][\/vc_section][vc_section el_id=\u00bbproline-tray-substrate-terraktiv-coir\u00bb][vc_row][vc_column][vc_row_inner][vc_column_inner][kd_single_products productselect=\u00bb36900&#8243;][\/vc_column_inner][\/vc_row_inner][\/vc_column][\/vc_row][\/vc_section][vc_section el_id=\u00bbproline-tray-substrate-coir-terraktiv\u00bb][vc_row][vc_column][vc_row_inner][vc_column_inner][kd_single_products productselect=\u00bb36894&#8243;][\/vc_column_inner][\/vc_row_inner][\/vc_column][\/vc_row][\/vc_section][vc_section el_id=\u00bbproline-pot-herb-substrate\u00bb][vc_row][vc_column][vc_row_inner][vc_column_inner][kd_single_products productselect=\u00bb36887&#8243;][\/vc_column_inner][\/vc_row_inner][\/vc_column][\/vc_row][\/vc_section][vc_section el_id=\u00bbproline-herb-substrate-terraktiv-coir-greenfibre\u00bb][vc_row][vc_column][vc_row_inner][vc_column_inner][kd_single_products productselect=\u00bb36896&#8243;][\/vc_column_inner][\/vc_row_inner][\/vc_column][\/vc_row][\/vc_section][vc_section el_id=\u00bbproline-herb-substrate-terraktiv-coir-greenfibre\u00bb][vc_row][vc_column][vc_row_inner][vc_column_inner][kd_single_products productselect=\u00bb36890&#8243;][\/vc_column_inner][\/vc_row_inner][\/vc_column][\/vc_row][\/vc_section][vc_section el_id=\u00bbproline-potting-terraktiv-greenfibre\u00bb][vc_row][vc_column][vc_row_inner][vc_column_inner][kd_single_products productselect=\u00bb36902&#8243;][\/vc_column_inner][\/vc_row_inner][\/vc_column][\/vc_row][\/vc_section][vc_section el_id=\u00bbproline-potting-terraktiv-greenfibre-1&#8243;][vc_row][vc_column][vc_row_inner][vc_column_inner][kd_single_products productselect=\u00bb36904&#8243;][\/vc_column_inner][\/vc_row_inner][\/vc_column][\/vc_row][\/vc_section][vc_section el_id=\u00bbproline-container-terraktiv-greenfibre\u00bb][vc_row][vc_column][vc_row_inner][vc_column_inner][kd_single_products productselect=\u00bb36866&#8243;][\/vc_column_inner][\/vc_row_inner][\/vc_column][\/vc_row][\/vc_section][vc_section el_id=\u00bbproline-container-coarse-blueberries\u00bb][vc_row][vc_column][vc_row_inner][vc_column_inner][kd_single_products productselect=\u00bb36868&#8243;][\/vc_column_inner][\/vc_row_inner][\/vc_column][\/vc_row][\/vc_section][vc_row css=\u00bb.vc_custom_1628596781167{margin-top: 70px !important;background-color: #414345 !important;}\u00bb][vc_column][vc_row_inner content_placement=\u00bbmiddle\u00bb][vc_column_inner width=\u00bb1\/2&#8243;][vc_column_text]<img loading=\"lazy\" decoding=\"async\" width=\"2560\" height=\"1788\" class=\"alignnone size-full wp-image-34601\" src=\"\/wp-content\/uploads\/organic-growing-1.jpg\" alt=\"\" srcset=\"https:\/\/klasmann-deilmann.com\/wp-content\/uploads\/organic-growing-1.jpg 2560w, https:\/\/klasmann-deilmann.com\/wp-content\/uploads\/organic-growing-1-300x210.jpg 300w, https:\/\/klasmann-deilmann.com\/wp-content\/uploads\/organic-growing-1-1024x715.jpg 1024w, https:\/\/klasmann-deilmann.com\/wp-content\/uploads\/organic-growing-1-768x536.jpg 768w, https:\/\/klasmann-deilmann.com\/wp-content\/uploads\/organic-growing-1-1536x1073.jpg 1536w, https:\/\/klasmann-deilmann.com\/wp-content\/uploads\/organic-growing-1-2048x1430.jpg 2048w\" sizes=\"auto, (max-width: 2560px) 100vw, 2560px\" \/>[\/vc_column_text][\/vc_column_inner][vc_column_inner width=\u00bb1\/2&#8243;][vc_column_text]<\/p>\n<h2 style=\"text-align: left;\">Cultivo org\u00e1nico:<\/h2>\n<h4>Si busca el sustrato adecuado para un cultivo org\u00e1nico, nuestros sustratos ProLine son la elecci\u00f3n perfecta. Se puede encontrar m\u00e1s informaci\u00f3n aqu\u00ed:<\/h4>\n<p>[\/vc_column_text][kd_download_button show_link_download1=\u00bblink\u00bb link1=\u00bburl:https%3A%2F%2Fklasmann-deilmann.com%2Fes%2Fproductos-y-soluciones%2Fsustratos-proline%2F|title:M%C3%A1s%20informaci%C3%B3n%20sobre%20ProLine\u00bb][\/vc_column_inner][\/vc_row_inner][\/vc_column][\/vc_row][vc_row css=\u00bb.vc_custom_1628596773135{padding-top: 70px !important;}\u00bb][vc_column][vc_row_inner content_placement=\u00bbmiddle\u00bb][vc_column_inner width=\u00bb1\/2&#8243;][vc_column_text]<\/p>\n<h2 style=\"text-align: left;\"><strong>F\u00f3rmulas individuales: <\/strong><\/h2>\n<h4 style=\"text-align: left;\">Desde la propagaci\u00f3n hasta camas de plantaci\u00f3n, existen f\u00f3rmulas individuales para casi todos los \u00e1mbitos de aplicaci\u00f3n. Nuestra vasta experiencia asegura que podamos cumplir los requisitos f\u00edsicos y qu\u00edmicos exactos para sus productos hort\u00edcolas y su sistema de cultivo. Encuentre aqu\u00ed su contacto personal:<\/h4>\n<p>[\/vc_column_text][\/vc_column_inner][vc_column_inner width=\u00bb1\/2&#8243;][vc_column_text]<img loading=\"lazy\" decoding=\"async\" width=\"2560\" height=\"1707\" class=\"alignnone size-full wp-image-34604\" src=\"\/wp-content\/uploads\/individual_compositions.jpg\" alt=\"\" srcset=\"https:\/\/klasmann-deilmann.com\/wp-content\/uploads\/individual_compositions.jpg 2560w, https:\/\/klasmann-deilmann.com\/wp-content\/uploads\/individual_compositions-300x200.jpg 300w, https:\/\/klasmann-deilmann.com\/wp-content\/uploads\/individual_compositions-1024x683.jpg 1024w, https:\/\/klasmann-deilmann.com\/wp-content\/uploads\/individual_compositions-768x512.jpg 768w, https:\/\/klasmann-deilmann.com\/wp-content\/uploads\/individual_compositions-1536x1024.jpg 1536w, https:\/\/klasmann-deilmann.com\/wp-content\/uploads\/individual_compositions-2048x1366.jpg 2048w\" sizes=\"auto, (max-width: 2560px) 100vw, 2560px\" \/>[\/vc_column_text][\/vc_column_inner][\/vc_row_inner][\/vc_column][\/vc_row][vc_row css=\u00bb.vc_custom_1627485951011{padding-top: 50px !important;padding-bottom: 50px !important;}\u00bb][vc_column][kd_getintouch image=\u00bb32948&#8243;][\/vc_column][\/vc_row]<\/div>\n","protected":false},"excerpt":{"rendered":"<p>[vc_row][vc_column][kd_header_random_image_banner image=\u00bb34814&#8243;][\/kd_header_random_image_banner][\/vc_column][\/vc_row][vc_section el_id=\u00bbproline-potgrond-terraktiv\u00bb][vc_row][vc_column][vc_row_inner][vc_column_inner][kd_single_products productselect=\u00bb36891&#8243;][\/vc_column_inner][\/vc_row_inner][\/vc_column][\/vc_row][\/vc_section][vc_section el_id=\u00bbproline-potgrond-terraktiv-greenfibre\u00bb][vc_row][vc_column][vc_row_inner][vc_column_inner][kd_single_products productselect=\u00bb36918&#8243;][\/vc_column_inner][\/vc_row_inner][\/vc_column][\/vc_row][\/vc_section][vc_section el_id=\u00bbproline-tray-substrate-terraktiv-coir\u00bb][vc_row][vc_column][vc_row_inner][vc_column_inner][kd_single_products productselect=\u00bb36900&#8243;][\/vc_column_inner][\/vc_row_inner][\/vc_column][\/vc_row][\/vc_section][vc_section el_id=\u00bbproline-tray-substrate-coir-terraktiv\u00bb][vc_row][vc_column][vc_row_inner][vc_column_inner][kd_single_products productselect=\u00bb36894&#8243;][\/vc_column_inner][\/vc_row_inner][\/vc_column][\/vc_row][\/vc_section][vc_section el_id=\u00bbproline-pot-herb-substrate\u00bb][vc_row][vc_column][vc_row_inner][vc_column_inner][kd_single_products productselect=\u00bb36887&#8243;][\/vc_column_inner][\/vc_row_inner][\/vc_column][\/vc_row][\/vc_section][vc_section el_id=\u00bbproline-herb-substrate-terraktiv-coir-greenfibre\u00bb][vc_row][vc_column][vc_row_inner][vc_column_inner][kd_single_products productselect=\u00bb36896&#8243;][\/vc_column_inner][\/vc_row_inner][\/vc_column][\/vc_row][\/vc_section][vc_section el_id=\u00bbproline-herb-substrate-terraktiv-coir-greenfibre\u00bb][vc_row][vc_column][vc_row_inner][vc_column_inner][kd_single_products productselect=\u00bb36890&#8243;][\/vc_column_inner][\/vc_row_inner][\/vc_column][\/vc_row][\/vc_section][vc_section el_id=\u00bbproline-potting-terraktiv-greenfibre\u00bb][vc_row][vc_column][vc_row_inner][vc_column_inner][kd_single_products productselect=\u00bb36902&#8243;][\/vc_column_inner][\/vc_row_inner][\/vc_column][\/vc_row][\/vc_section][vc_section el_id=\u00bbproline-potting-terraktiv-greenfibre-1&#8243;][vc_row][vc_column][vc_row_inner][vc_column_inner][kd_single_products productselect=\u00bb36904&#8243;][\/vc_column_inner][\/vc_row_inner][\/vc_column][\/vc_row][\/vc_section][vc_section el_id=\u00bbproline-container-terraktiv-greenfibre\u00bb][vc_row][vc_column][vc_row_inner][vc_column_inner][kd_single_products productselect=\u00bb36866&#8243;][\/vc_column_inner][\/vc_row_inner][\/vc_column][\/vc_row][\/vc_section][vc_section el_id=\u00bbproline-container-coarse-blueberries\u00bb][vc_row][vc_column][vc_row_inner][vc_column_inner][kd_single_products productselect=\u00bb36868&#8243;][\/vc_column_inner][\/vc_row_inner][\/vc_column][\/vc_row][\/vc_section][vc_row css=\u00bb.vc_custom_1628596781167{margin-top: 70px !important;background-color: #414345 !important;}\u00bb][vc_column][vc_row_inner content_placement=\u00bbmiddle\u00bb][vc_column_inner width=\u00bb1\/2&#8243;][vc_column_text][\/vc_column_text][\/vc_column_inner][vc_column_inner width=\u00bb1\/2&#8243;][vc_column_text] Cultivo org\u00e1nico: Si busca el sustrato adecuado para un cultivo org\u00e1nico, nuestros sustratos ProLine son la elecci\u00f3n perfecta. Se puede encontrar m\u00e1s informaci\u00f3n aqu\u00ed: [\/vc_column_text][kd_download_button show_link_download1=\u00bblink\u00bb link1=\u00bburl:https%3A%2F%2Fklasmann-deilmann.com%2Fes%2Fproductos-y-soluciones%2Fsustratos-proline%2F|title:M%C3%A1s%20informaci%C3%B3n%20sobre%20ProLine\u00bb][\/vc_column_inner][\/vc_row_inner][\/vc_column][\/vc_row][vc_row css=\u00bb.vc_custom_1628596773135{padding-top: 70px !important;}\u00bb][vc_column][vc_row_inner content_placement=\u00bbmiddle\u00bb][vc_column_inner width=\u00bb1\/2&#8243;][vc_column_text] F\u00f3rmulas individuales: Desde la propagaci\u00f3n hasta camas de plantaci\u00f3n, existen f\u00f3rmulas individuales para casi todos los<\/p>\n","protected":false},"author":7,"featured_media":0,"parent":76158,"menu_order":412,"comment_status":"closed","ping_status":"closed","template":"","meta":{"_acf_changed":false,"inline_featured_image":false,"footnotes":""},"class_list":["post-76168","page","type-page","status-publish","hentry"],"acf":[],"yoast_head":"<!-- This site is optimized with the Yoast SEO plugin v27.3 - https:\/\/yoast.com\/product\/yoast-seo-wordpress\/ -->\n<title>Sustratos ProLine productos - Klasmann-Deilmann<\/title>\n<meta name=\"robots\" content=\"index, follow, max-snippet:-1, max-image-preview:large, max-video-preview:-1\" \/>\n<link rel=\"canonical\" href=\"https:\/\/klasmann-deilmann.com\/es\/productos-y-soluciones\/sustratos-proline\/sustratos-proline-productos\/\" \/>\n<meta property=\"og:locale\" content=\"es_ES\" \/>\n<meta property=\"og:type\" content=\"article\" \/>\n<meta property=\"og:title\" content=\"Sustratos ProLine productos - Klasmann-Deilmann\" \/>\n<meta property=\"og:description\" content=\"[vc_row][vc_column][kd_header_random_image_banner image=\u00bb34814&#8243;][\/kd_header_random_image_banner][\/vc_column][\/vc_row][vc_section el_id=\u00bbproline-potgrond-terraktiv\u00bb][vc_row][vc_column][vc_row_inner][vc_column_inner][kd_single_products productselect=\u00bb36891&#8243;][\/vc_column_inner][\/vc_row_inner][\/vc_column][\/vc_row][\/vc_section][vc_section el_id=\u00bbproline-potgrond-terraktiv-greenfibre\u00bb][vc_row][vc_column][vc_row_inner][vc_column_inner][kd_single_products productselect=\u00bb36918&#8243;][\/vc_column_inner][\/vc_row_inner][\/vc_column][\/vc_row][\/vc_section][vc_section el_id=\u00bbproline-tray-substrate-terraktiv-coir\u00bb][vc_row][vc_column][vc_row_inner][vc_column_inner][kd_single_products productselect=\u00bb36900&#8243;][\/vc_column_inner][\/vc_row_inner][\/vc_column][\/vc_row][\/vc_section][vc_section el_id=\u00bbproline-tray-substrate-coir-terraktiv\u00bb][vc_row][vc_column][vc_row_inner][vc_column_inner][kd_single_products productselect=\u00bb36894&#8243;][\/vc_column_inner][\/vc_row_inner][\/vc_column][\/vc_row][\/vc_section][vc_section el_id=\u00bbproline-pot-herb-substrate\u00bb][vc_row][vc_column][vc_row_inner][vc_column_inner][kd_single_products productselect=\u00bb36887&#8243;][\/vc_column_inner][\/vc_row_inner][\/vc_column][\/vc_row][\/vc_section][vc_section el_id=\u00bbproline-herb-substrate-terraktiv-coir-greenfibre\u00bb][vc_row][vc_column][vc_row_inner][vc_column_inner][kd_single_products productselect=\u00bb36896&#8243;][\/vc_column_inner][\/vc_row_inner][\/vc_column][\/vc_row][\/vc_section][vc_section el_id=\u00bbproline-herb-substrate-terraktiv-coir-greenfibre\u00bb][vc_row][vc_column][vc_row_inner][vc_column_inner][kd_single_products productselect=\u00bb36890&#8243;][\/vc_column_inner][\/vc_row_inner][\/vc_column][\/vc_row][\/vc_section][vc_section el_id=\u00bbproline-potting-terraktiv-greenfibre\u00bb][vc_row][vc_column][vc_row_inner][vc_column_inner][kd_single_products productselect=\u00bb36902&#8243;][\/vc_column_inner][\/vc_row_inner][\/vc_column][\/vc_row][\/vc_section][vc_section el_id=\u00bbproline-potting-terraktiv-greenfibre-1&#8243;][vc_row][vc_column][vc_row_inner][vc_column_inner][kd_single_products productselect=\u00bb36904&#8243;][\/vc_column_inner][\/vc_row_inner][\/vc_column][\/vc_row][\/vc_section][vc_section el_id=\u00bbproline-container-terraktiv-greenfibre\u00bb][vc_row][vc_column][vc_row_inner][vc_column_inner][kd_single_products productselect=\u00bb36866&#8243;][\/vc_column_inner][\/vc_row_inner][\/vc_column][\/vc_row][\/vc_section][vc_section el_id=\u00bbproline-container-coarse-blueberries\u00bb][vc_row][vc_column][vc_row_inner][vc_column_inner][kd_single_products productselect=\u00bb36868&#8243;][\/vc_column_inner][\/vc_row_inner][\/vc_column][\/vc_row][\/vc_section][vc_row css=\u00bb.vc_custom_1628596781167{margin-top: 70px !important;background-color: #414345 !important;}\u00bb][vc_column][vc_row_inner content_placement=\u00bbmiddle\u00bb][vc_column_inner width=\u00bb1\/2&#8243;][vc_column_text][\/vc_column_text][\/vc_column_inner][vc_column_inner width=\u00bb1\/2&#8243;][vc_column_text] Cultivo org\u00e1nico: Si busca el sustrato adecuado para un cultivo org\u00e1nico, nuestros sustratos ProLine son la elecci\u00f3n perfecta. Se puede encontrar m\u00e1s informaci\u00f3n aqu\u00ed: [\/vc_column_text][kd_download_button show_link_download1=\u00bblink\u00bb link1=\u00bburl:https%3A%2F%2Fklasmann-deilmann.com%2Fes%2Fproductos-y-soluciones%2Fsustratos-proline%2F|title:M%C3%A1s%20informaci%C3%B3n%20sobre%20ProLine\u00bb][\/vc_column_inner][\/vc_row_inner][\/vc_column][\/vc_row][vc_row css=\u00bb.vc_custom_1628596773135{padding-top: 70px !important;}\u00bb][vc_column][vc_row_inner content_placement=\u00bbmiddle\u00bb][vc_column_inner width=\u00bb1\/2&#8243;][vc_column_text] F\u00f3rmulas individuales: Desde la propagaci\u00f3n hasta camas de plantaci\u00f3n, existen f\u00f3rmulas individuales para casi todos los\" \/>\n<meta property=\"og:url\" content=\"https:\/\/klasmann-deilmann.com\/es\/productos-y-soluciones\/sustratos-proline\/sustratos-proline-productos\/\" \/>\n<meta property=\"og:site_name\" content=\"Klasmann-Deilmann\" \/>\n<meta property=\"article:modified_time\" content=\"2023-04-21T08:26:41+00:00\" \/>\n<meta name=\"twitter:card\" content=\"summary_large_image\" \/>\n<meta name=\"twitter:label1\" content=\"Tiempo de lectura\" \/>\n\t<meta name=\"twitter:data1\" content=\"1 minuto\" \/>\n<script type=\"application\/ld+json\" class=\"yoast-schema-graph\">{\"@context\":\"https:\\\/\\\/schema.org\",\"@graph\":[{\"@type\":\"WebPage\",\"@id\":\"https:\\\/\\\/klasmann-deilmann.com\\\/es\\\/productos-y-soluciones\\\/sustratos-proline\\\/sustratos-proline-productos\\\/\",\"url\":\"https:\\\/\\\/klasmann-deilmann.com\\\/es\\\/productos-y-soluciones\\\/sustratos-proline\\\/sustratos-proline-productos\\\/\",\"name\":\"Sustratos ProLine productos - Klasmann-Deilmann\",\"isPartOf\":{\"@id\":\"https:\\\/\\\/klasmann-deilmann.com\\\/en\\\/#website\"},\"datePublished\":\"2021-08-16T12:05:38+00:00\",\"dateModified\":\"2023-04-21T08:26:41+00:00\",\"breadcrumb\":{\"@id\":\"https:\\\/\\\/klasmann-deilmann.com\\\/es\\\/productos-y-soluciones\\\/sustratos-proline\\\/sustratos-proline-productos\\\/#breadcrumb\"},\"inLanguage\":\"es\",\"potentialAction\":[{\"@type\":\"ReadAction\",\"target\":[\"https:\\\/\\\/klasmann-deilmann.com\\\/es\\\/productos-y-soluciones\\\/sustratos-proline\\\/sustratos-proline-productos\\\/\"]}]},{\"@type\":\"BreadcrumbList\",\"@id\":\"https:\\\/\\\/klasmann-deilmann.com\\\/es\\\/productos-y-soluciones\\\/sustratos-proline\\\/sustratos-proline-productos\\\/#breadcrumb\",\"itemListElement\":[{\"@type\":\"ListItem\",\"position\":1,\"name\":\"Home\",\"item\":\"https:\\\/\\\/klasmann-deilmann.com\\\/es\\\/\"},{\"@type\":\"ListItem\",\"position\":2,\"name\":\"Productos y soluciones\",\"item\":\"https:\\\/\\\/klasmann-deilmann.com\\\/es\\\/productos-y-soluciones\\\/\"},{\"@type\":\"ListItem\",\"position\":3,\"name\":\"Sustratos ProLine\",\"item\":\"https:\\\/\\\/klasmann-deilmann.com\\\/es\\\/productos-y-soluciones\\\/sustratos-proline\\\/\"},{\"@type\":\"ListItem\",\"position\":4,\"name\":\"Sustratos ProLine productos\"}]},{\"@type\":\"WebSite\",\"@id\":\"https:\\\/\\\/klasmann-deilmann.com\\\/en\\\/#website\",\"url\":\"https:\\\/\\\/klasmann-deilmann.com\\\/en\\\/\",\"name\":\"Klasmann-Deilmann\",\"description\":\"\",\"potentialAction\":[{\"@type\":\"SearchAction\",\"target\":{\"@type\":\"EntryPoint\",\"urlTemplate\":\"https:\\\/\\\/klasmann-deilmann.com\\\/en\\\/?s={search_term_string}\"},\"query-input\":{\"@type\":\"PropertyValueSpecification\",\"valueRequired\":true,\"valueName\":\"search_term_string\"}}],\"inLanguage\":\"es\"}]}<\/script>\n<!-- \/ Yoast SEO plugin. -->","yoast_head_json":{"title":"Sustratos ProLine productos - Klasmann-Deilmann","robots":{"index":"index","follow":"follow","max-snippet":"max-snippet:-1","max-image-preview":"max-image-preview:large","max-video-preview":"max-video-preview:-1"},"canonical":"https:\/\/klasmann-deilmann.com\/es\/productos-y-soluciones\/sustratos-proline\/sustratos-proline-productos\/","og_locale":"es_ES","og_type":"article","og_title":"Sustratos ProLine productos - Klasmann-Deilmann","og_description":"[vc_row][vc_column][kd_header_random_image_banner image=\u00bb34814&#8243;][\/kd_header_random_image_banner][\/vc_column][\/vc_row][vc_section el_id=\u00bbproline-potgrond-terraktiv\u00bb][vc_row][vc_column][vc_row_inner][vc_column_inner][kd_single_products productselect=\u00bb36891&#8243;][\/vc_column_inner][\/vc_row_inner][\/vc_column][\/vc_row][\/vc_section][vc_section el_id=\u00bbproline-potgrond-terraktiv-greenfibre\u00bb][vc_row][vc_column][vc_row_inner][vc_column_inner][kd_single_products productselect=\u00bb36918&#8243;][\/vc_column_inner][\/vc_row_inner][\/vc_column][\/vc_row][\/vc_section][vc_section el_id=\u00bbproline-tray-substrate-terraktiv-coir\u00bb][vc_row][vc_column][vc_row_inner][vc_column_inner][kd_single_products productselect=\u00bb36900&#8243;][\/vc_column_inner][\/vc_row_inner][\/vc_column][\/vc_row][\/vc_section][vc_section el_id=\u00bbproline-tray-substrate-coir-terraktiv\u00bb][vc_row][vc_column][vc_row_inner][vc_column_inner][kd_single_products productselect=\u00bb36894&#8243;][\/vc_column_inner][\/vc_row_inner][\/vc_column][\/vc_row][\/vc_section][vc_section el_id=\u00bbproline-pot-herb-substrate\u00bb][vc_row][vc_column][vc_row_inner][vc_column_inner][kd_single_products productselect=\u00bb36887&#8243;][\/vc_column_inner][\/vc_row_inner][\/vc_column][\/vc_row][\/vc_section][vc_section el_id=\u00bbproline-herb-substrate-terraktiv-coir-greenfibre\u00bb][vc_row][vc_column][vc_row_inner][vc_column_inner][kd_single_products productselect=\u00bb36896&#8243;][\/vc_column_inner][\/vc_row_inner][\/vc_column][\/vc_row][\/vc_section][vc_section el_id=\u00bbproline-herb-substrate-terraktiv-coir-greenfibre\u00bb][vc_row][vc_column][vc_row_inner][vc_column_inner][kd_single_products productselect=\u00bb36890&#8243;][\/vc_column_inner][\/vc_row_inner][\/vc_column][\/vc_row][\/vc_section][vc_section el_id=\u00bbproline-potting-terraktiv-greenfibre\u00bb][vc_row][vc_column][vc_row_inner][vc_column_inner][kd_single_products productselect=\u00bb36902&#8243;][\/vc_column_inner][\/vc_row_inner][\/vc_column][\/vc_row][\/vc_section][vc_section el_id=\u00bbproline-potting-terraktiv-greenfibre-1&#8243;][vc_row][vc_column][vc_row_inner][vc_column_inner][kd_single_products productselect=\u00bb36904&#8243;][\/vc_column_inner][\/vc_row_inner][\/vc_column][\/vc_row][\/vc_section][vc_section el_id=\u00bbproline-container-terraktiv-greenfibre\u00bb][vc_row][vc_column][vc_row_inner][vc_column_inner][kd_single_products productselect=\u00bb36866&#8243;][\/vc_column_inner][\/vc_row_inner][\/vc_column][\/vc_row][\/vc_section][vc_section el_id=\u00bbproline-container-coarse-blueberries\u00bb][vc_row][vc_column][vc_row_inner][vc_column_inner][kd_single_products productselect=\u00bb36868&#8243;][\/vc_column_inner][\/vc_row_inner][\/vc_column][\/vc_row][\/vc_section][vc_row css=\u00bb.vc_custom_1628596781167{margin-top: 70px !important;background-color: #414345 !important;}\u00bb][vc_column][vc_row_inner content_placement=\u00bbmiddle\u00bb][vc_column_inner width=\u00bb1\/2&#8243;][vc_column_text][\/vc_column_text][\/vc_column_inner][vc_column_inner width=\u00bb1\/2&#8243;][vc_column_text] Cultivo org\u00e1nico: Si busca el sustrato adecuado para un cultivo org\u00e1nico, nuestros sustratos ProLine son la elecci\u00f3n perfecta. Se puede encontrar m\u00e1s informaci\u00f3n aqu\u00ed: [\/vc_column_text][kd_download_button show_link_download1=\u00bblink\u00bb link1=\u00bburl:https%3A%2F%2Fklasmann-deilmann.com%2Fes%2Fproductos-y-soluciones%2Fsustratos-proline%2F|title:M%C3%A1s%20informaci%C3%B3n%20sobre%20ProLine\u00bb][\/vc_column_inner][\/vc_row_inner][\/vc_column][\/vc_row][vc_row css=\u00bb.vc_custom_1628596773135{padding-top: 70px !important;}\u00bb][vc_column][vc_row_inner content_placement=\u00bbmiddle\u00bb][vc_column_inner width=\u00bb1\/2&#8243;][vc_column_text] F\u00f3rmulas individuales: Desde la propagaci\u00f3n hasta camas de plantaci\u00f3n, existen f\u00f3rmulas individuales para casi todos los","og_url":"https:\/\/klasmann-deilmann.com\/es\/productos-y-soluciones\/sustratos-proline\/sustratos-proline-productos\/","og_site_name":"Klasmann-Deilmann","article_modified_time":"2023-04-21T08:26:41+00:00","twitter_card":"summary_large_image","twitter_misc":{"Tiempo de lectura":"1 minuto"},"schema":{"@context":"https:\/\/schema.org","@graph":[{"@type":"WebPage","@id":"https:\/\/klasmann-deilmann.com\/es\/productos-y-soluciones\/sustratos-proline\/sustratos-proline-productos\/","url":"https:\/\/klasmann-deilmann.com\/es\/productos-y-soluciones\/sustratos-proline\/sustratos-proline-productos\/","name":"Sustratos ProLine productos - Klasmann-Deilmann","isPartOf":{"@id":"https:\/\/klasmann-deilmann.com\/en\/#website"},"datePublished":"2021-08-16T12:05:38+00:00","dateModified":"2023-04-21T08:26:41+00:00","breadcrumb":{"@id":"https:\/\/klasmann-deilmann.com\/es\/productos-y-soluciones\/sustratos-proline\/sustratos-proline-productos\/#breadcrumb"},"inLanguage":"es","potentialAction":[{"@type":"ReadAction","target":["https:\/\/klasmann-deilmann.com\/es\/productos-y-soluciones\/sustratos-proline\/sustratos-proline-productos\/"]}]},{"@type":"BreadcrumbList","@id":"https:\/\/klasmann-deilmann.com\/es\/productos-y-soluciones\/sustratos-proline\/sustratos-proline-productos\/#breadcrumb","itemListElement":[{"@type":"ListItem","position":1,"name":"Home","item":"https:\/\/klasmann-deilmann.com\/es\/"},{"@type":"ListItem","position":2,"name":"Productos y soluciones","item":"https:\/\/klasmann-deilmann.com\/es\/productos-y-soluciones\/"},{"@type":"ListItem","position":3,"name":"Sustratos ProLine","item":"https:\/\/klasmann-deilmann.com\/es\/productos-y-soluciones\/sustratos-proline\/"},{"@type":"ListItem","position":4,"name":"Sustratos ProLine productos"}]},{"@type":"WebSite","@id":"https:\/\/klasmann-deilmann.com\/en\/#website","url":"https:\/\/klasmann-deilmann.com\/en\/","name":"Klasmann-Deilmann","description":"","potentialAction":[{"@type":"SearchAction","target":{"@type":"EntryPoint","urlTemplate":"https:\/\/klasmann-deilmann.com\/en\/?s={search_term_string}"},"query-input":{"@type":"PropertyValueSpecification","valueRequired":true,"valueName":"search_term_string"}}],"inLanguage":"es"}]}},"_links":{"self":[{"href":"https:\/\/klasmann-deilmann.com\/es\/wp-json\/wp\/v2\/pages\/76168","targetHints":{"allow":["GET"]}}],"collection":[{"href":"https:\/\/klasmann-deilmann.com\/es\/wp-json\/wp\/v2\/pages"}],"about":[{"href":"https:\/\/klasmann-deilmann.com\/es\/wp-json\/wp\/v2\/types\/page"}],"author":[{"embeddable":true,"href":"https:\/\/klasmann-deilmann.com\/es\/wp-json\/wp\/v2\/users\/7"}],"replies":[{"embeddable":true,"href":"https:\/\/klasmann-deilmann.com\/es\/wp-json\/wp\/v2\/comments?post=76168"}],"version-history":[{"count":2,"href":"https:\/\/klasmann-deilmann.com\/es\/wp-json\/wp\/v2\/pages\/76168\/revisions"}],"predecessor-version":[{"id":76170,"href":"https:\/\/klasmann-deilmann.com\/es\/wp-json\/wp\/v2\/pages\/76168\/revisions\/76170"}],"up":[{"embeddable":true,"href":"https:\/\/klasmann-deilmann.com\/es\/wp-json\/wp\/v2\/pages\/76158"}],"wp:attachment":[{"href":"https:\/\/klasmann-deilmann.com\/es\/wp-json\/wp\/v2\/media?parent=76168"}],"curies":[{"name":"wp","href":"https:\/\/api.w.org\/{rel}","templated":true}]}}