{"id":76164,"date":"2021-08-16T15:10:51","date_gmt":"2021-08-16T13:10:51","guid":{"rendered":"https:\/\/klasmann-deilmann.com\/productos-y-soluciones\/sustratos-proline\/proline-substrates-graphics\/"},"modified":"2023-04-21T10:11:37","modified_gmt":"2023-04-21T08:11:37","slug":"sustratos-proline-graficos","status":"publish","type":"page","link":"https:\/\/klasmann-deilmann.com\/es\/productos-y-soluciones\/sustratos-proline\/sustratos-proline-graficos\/","title":{"rendered":"Sustratos ProLine gr\u00e1ficos"},"content":{"rendered":"<div class=\"wpb-content-wrapper\">[vc_row][vc_column][kd_header_random_image_banner image=\u00bb34814&#8243;][\/kd_header_random_image_banner][\/vc_column][\/vc_row][vc_row][vc_column][vc_row_inner][vc_column_inner width=\u00bb1\/2&#8243;][vc_column_text]<\/p>\n<h2>Las soluciones ProLine previenen la infestaci\u00f3n de esci\u00e1ridas<\/h2>\n<p>[\/vc_column_text][\/vc_column_inner][vc_column_inner width=\u00bb1\/2&#8243;][\/vc_column_inner][\/vc_row_inner][vc_row_inner][vc_column_inner][vc_column_text]En muchos a\u00f1os de estudios con universidades y centros de investigaci\u00f3n, Klasmann-Deilmann ha indagado qu\u00e9 componentes del sustrato afectan al desarrollo de las larvas de mosca de los hongos en los sustratos de cultivo. Tomando como base los hallazgos de esta investigaci\u00f3n, hemos desarrollado un innovador concepto de sustrato que reduce espec\u00edficamente su atractivo para la mosca de los hongos. Adem\u00e1s de la cuidadosa selecci\u00f3n y combinaci\u00f3n de componentes de sustrato, este concepto se centra en fertilizantes org\u00e1nicos espec\u00edficamente desarrollados. Estos nuevos tipos de fertilizantes no pueden aprovecharlos directamente las larvas de mosca del sustrato, pero favorecen que el cultivo capte los nutrientes de forma m\u00e1s eficiente. Adem\u00e1s, los nuevos tipos de fertilizante son ricos en valiosos amino\u00e1cidos que confieren a las plantas un vigor extra.[\/vc_column_text][\/vc_column_inner][\/vc_row_inner][\/vc_column][\/vc_row][vc_row background_color=\u00bbkdlightgray\u00bb css=\u00bb.vc_custom_1629189980437{margin-top: 30px !important;padding-top: 70px !important;padding-bottom: 30px !important;}\u00bb][vc_column][vc_row_inner][vc_column_inner][vc_column_text]<img loading=\"lazy\" decoding=\"async\" width=\"2560\" height=\"980\" class=\"alignnone size-full wp-image-38271\" src=\"\/wp-content\/uploads\/proline_diagramm_01.png\" alt=\"\" srcset=\"https:\/\/klasmann-deilmann.com\/wp-content\/uploads\/proline_diagramm_01.png 2560w, https:\/\/klasmann-deilmann.com\/wp-content\/uploads\/proline_diagramm_01-300x115.png 300w, https:\/\/klasmann-deilmann.com\/wp-content\/uploads\/proline_diagramm_01-1024x392.png 1024w, https:\/\/klasmann-deilmann.com\/wp-content\/uploads\/proline_diagramm_01-768x294.png 768w, https:\/\/klasmann-deilmann.com\/wp-content\/uploads\/proline_diagramm_01-1536x588.png 1536w, https:\/\/klasmann-deilmann.com\/wp-content\/uploads\/proline_diagramm_01-2048x784.png 2048w\" sizes=\"auto, (max-width: 2560px) 100vw, 2560px\" \/>[\/vc_column_text][\/vc_column_inner][\/vc_row_inner][vc_row_inner][vc_column_inner][vc_column_text]Klasmann-Deilmann proporciona estos fertilizantes en una versi\u00f3n puramente vegetal o con ingredientes de origen animal. Ambos tipos de fertilizante permiten una alta fertilizaci\u00f3n de base sin aumentar la presi\u00f3n de la mosca de los hongos.<\/p>\n<p>Este innovador concepto de sustrato se emplea principalmente para sustratos de hierbas en combinaci\u00f3n con alimento l\u00edquido durante el cultivo. Otras posibles aplicaciones incluyen sustratos para la propagaci\u00f3n de cultivos de verduras sensibles como el pepino.<br \/>\n[\/vc_column_text][\/vc_column_inner][\/vc_row_inner][\/vc_column][\/vc_row][vc_row css=\u00bb.vc_custom_1629190006898{margin-top: 100px !important;}\u00bb][vc_column][kd_getintouch image=\u00bb32948&#8243;][\/vc_column][\/vc_row]<\/p><\/div>\n","protected":false},"excerpt":{"rendered":"<p>[vc_row][vc_column][kd_header_random_image_banner image=\u00bb34814&#8243;][\/kd_header_random_image_banner][\/vc_column][\/vc_row][vc_row][vc_column][vc_row_inner][vc_column_inner width=\u00bb1\/2&#8243;][vc_column_text] Las soluciones ProLine previenen la infestaci\u00f3n de esci\u00e1ridas [\/vc_column_text][\/vc_column_inner][vc_column_inner width=\u00bb1\/2&#8243;][\/vc_column_inner][\/vc_row_inner][vc_row_inner][vc_column_inner][vc_column_text]En muchos a\u00f1os de estudios con universidades y centros de investigaci\u00f3n, Klasmann-Deilmann ha indagado qu\u00e9 componentes del sustrato afectan al desarrollo de las larvas de mosca de los hongos en los sustratos de cultivo. Tomando como base los hallazgos de esta investigaci\u00f3n, hemos desarrollado un innovador concepto de sustrato que reduce espec\u00edficamente su atractivo para la mosca de los hongos. Adem\u00e1s de la cuidadosa selecci\u00f3n y combinaci\u00f3n de<\/p>\n","protected":false},"author":7,"featured_media":0,"parent":76158,"menu_order":408,"comment_status":"closed","ping_status":"closed","template":"","meta":{"_acf_changed":false,"inline_featured_image":false,"footnotes":""},"class_list":["post-76164","page","type-page","status-publish","hentry"],"acf":[],"yoast_head":"<!-- This site is optimized with the Yoast SEO plugin v27.3 - https:\/\/yoast.com\/product\/yoast-seo-wordpress\/ -->\n<title>Sustratos ProLine gr\u00e1ficos - Klasmann-Deilmann<\/title>\n<meta name=\"robots\" content=\"index, follow, max-snippet:-1, max-image-preview:large, max-video-preview:-1\" \/>\n<link rel=\"canonical\" href=\"https:\/\/klasmann-deilmann.com\/es\/productos-y-soluciones\/sustratos-proline\/sustratos-proline-graficos\/\" \/>\n<meta property=\"og:locale\" content=\"es_ES\" \/>\n<meta property=\"og:type\" content=\"article\" \/>\n<meta property=\"og:title\" content=\"Sustratos ProLine gr\u00e1ficos - Klasmann-Deilmann\" \/>\n<meta property=\"og:description\" content=\"[vc_row][vc_column][kd_header_random_image_banner image=\u00bb34814&#8243;][\/kd_header_random_image_banner][\/vc_column][\/vc_row][vc_row][vc_column][vc_row_inner][vc_column_inner width=\u00bb1\/2&#8243;][vc_column_text] Las soluciones ProLine previenen la infestaci\u00f3n de esci\u00e1ridas [\/vc_column_text][\/vc_column_inner][vc_column_inner width=\u00bb1\/2&#8243;][\/vc_column_inner][\/vc_row_inner][vc_row_inner][vc_column_inner][vc_column_text]En muchos a\u00f1os de estudios con universidades y centros de investigaci\u00f3n, Klasmann-Deilmann ha indagado qu\u00e9 componentes del sustrato afectan al desarrollo de las larvas de mosca de los hongos en los sustratos de cultivo. Tomando como base los hallazgos de esta investigaci\u00f3n, hemos desarrollado un innovador concepto de sustrato que reduce espec\u00edficamente su atractivo para la mosca de los hongos. Adem\u00e1s de la cuidadosa selecci\u00f3n y combinaci\u00f3n de\" \/>\n<meta property=\"og:url\" content=\"https:\/\/klasmann-deilmann.com\/es\/productos-y-soluciones\/sustratos-proline\/sustratos-proline-graficos\/\" \/>\n<meta property=\"og:site_name\" content=\"Klasmann-Deilmann\" \/>\n<meta property=\"article:modified_time\" content=\"2023-04-21T08:11:37+00:00\" \/>\n<meta name=\"twitter:card\" content=\"summary_large_image\" \/>\n<meta name=\"twitter:label1\" content=\"Tiempo de lectura\" \/>\n\t<meta name=\"twitter:data1\" content=\"1 minuto\" \/>\n<script type=\"application\/ld+json\" class=\"yoast-schema-graph\">{\"@context\":\"https:\\\/\\\/schema.org\",\"@graph\":[{\"@type\":\"WebPage\",\"@id\":\"https:\\\/\\\/klasmann-deilmann.com\\\/es\\\/productos-y-soluciones\\\/sustratos-proline\\\/sustratos-proline-graficos\\\/\",\"url\":\"https:\\\/\\\/klasmann-deilmann.com\\\/es\\\/productos-y-soluciones\\\/sustratos-proline\\\/sustratos-proline-graficos\\\/\",\"name\":\"Sustratos ProLine gr\u00e1ficos - Klasmann-Deilmann\",\"isPartOf\":{\"@id\":\"https:\\\/\\\/klasmann-deilmann.com\\\/en\\\/#website\"},\"datePublished\":\"2021-08-16T13:10:51+00:00\",\"dateModified\":\"2023-04-21T08:11:37+00:00\",\"breadcrumb\":{\"@id\":\"https:\\\/\\\/klasmann-deilmann.com\\\/es\\\/productos-y-soluciones\\\/sustratos-proline\\\/sustratos-proline-graficos\\\/#breadcrumb\"},\"inLanguage\":\"es\",\"potentialAction\":[{\"@type\":\"ReadAction\",\"target\":[\"https:\\\/\\\/klasmann-deilmann.com\\\/es\\\/productos-y-soluciones\\\/sustratos-proline\\\/sustratos-proline-graficos\\\/\"]}]},{\"@type\":\"BreadcrumbList\",\"@id\":\"https:\\\/\\\/klasmann-deilmann.com\\\/es\\\/productos-y-soluciones\\\/sustratos-proline\\\/sustratos-proline-graficos\\\/#breadcrumb\",\"itemListElement\":[{\"@type\":\"ListItem\",\"position\":1,\"name\":\"Home\",\"item\":\"https:\\\/\\\/klasmann-deilmann.com\\\/es\\\/\"},{\"@type\":\"ListItem\",\"position\":2,\"name\":\"Productos y soluciones\",\"item\":\"https:\\\/\\\/klasmann-deilmann.com\\\/es\\\/productos-y-soluciones\\\/\"},{\"@type\":\"ListItem\",\"position\":3,\"name\":\"Sustratos ProLine\",\"item\":\"https:\\\/\\\/klasmann-deilmann.com\\\/es\\\/productos-y-soluciones\\\/sustratos-proline\\\/\"},{\"@type\":\"ListItem\",\"position\":4,\"name\":\"Sustratos ProLine gr\u00e1ficos\"}]},{\"@type\":\"WebSite\",\"@id\":\"https:\\\/\\\/klasmann-deilmann.com\\\/en\\\/#website\",\"url\":\"https:\\\/\\\/klasmann-deilmann.com\\\/en\\\/\",\"name\":\"Klasmann-Deilmann\",\"description\":\"\",\"potentialAction\":[{\"@type\":\"SearchAction\",\"target\":{\"@type\":\"EntryPoint\",\"urlTemplate\":\"https:\\\/\\\/klasmann-deilmann.com\\\/en\\\/?s={search_term_string}\"},\"query-input\":{\"@type\":\"PropertyValueSpecification\",\"valueRequired\":true,\"valueName\":\"search_term_string\"}}],\"inLanguage\":\"es\"}]}<\/script>\n<!-- \/ Yoast SEO plugin. -->","yoast_head_json":{"title":"Sustratos ProLine gr\u00e1ficos - Klasmann-Deilmann","robots":{"index":"index","follow":"follow","max-snippet":"max-snippet:-1","max-image-preview":"max-image-preview:large","max-video-preview":"max-video-preview:-1"},"canonical":"https:\/\/klasmann-deilmann.com\/es\/productos-y-soluciones\/sustratos-proline\/sustratos-proline-graficos\/","og_locale":"es_ES","og_type":"article","og_title":"Sustratos ProLine gr\u00e1ficos - Klasmann-Deilmann","og_description":"[vc_row][vc_column][kd_header_random_image_banner image=\u00bb34814&#8243;][\/kd_header_random_image_banner][\/vc_column][\/vc_row][vc_row][vc_column][vc_row_inner][vc_column_inner width=\u00bb1\/2&#8243;][vc_column_text] Las soluciones ProLine previenen la infestaci\u00f3n de esci\u00e1ridas [\/vc_column_text][\/vc_column_inner][vc_column_inner width=\u00bb1\/2&#8243;][\/vc_column_inner][\/vc_row_inner][vc_row_inner][vc_column_inner][vc_column_text]En muchos a\u00f1os de estudios con universidades y centros de investigaci\u00f3n, Klasmann-Deilmann ha indagado qu\u00e9 componentes del sustrato afectan al desarrollo de las larvas de mosca de los hongos en los sustratos de cultivo. Tomando como base los hallazgos de esta investigaci\u00f3n, hemos desarrollado un innovador concepto de sustrato que reduce espec\u00edficamente su atractivo para la mosca de los hongos. Adem\u00e1s de la cuidadosa selecci\u00f3n y combinaci\u00f3n de","og_url":"https:\/\/klasmann-deilmann.com\/es\/productos-y-soluciones\/sustratos-proline\/sustratos-proline-graficos\/","og_site_name":"Klasmann-Deilmann","article_modified_time":"2023-04-21T08:11:37+00:00","twitter_card":"summary_large_image","twitter_misc":{"Tiempo de lectura":"1 minuto"},"schema":{"@context":"https:\/\/schema.org","@graph":[{"@type":"WebPage","@id":"https:\/\/klasmann-deilmann.com\/es\/productos-y-soluciones\/sustratos-proline\/sustratos-proline-graficos\/","url":"https:\/\/klasmann-deilmann.com\/es\/productos-y-soluciones\/sustratos-proline\/sustratos-proline-graficos\/","name":"Sustratos ProLine gr\u00e1ficos - Klasmann-Deilmann","isPartOf":{"@id":"https:\/\/klasmann-deilmann.com\/en\/#website"},"datePublished":"2021-08-16T13:10:51+00:00","dateModified":"2023-04-21T08:11:37+00:00","breadcrumb":{"@id":"https:\/\/klasmann-deilmann.com\/es\/productos-y-soluciones\/sustratos-proline\/sustratos-proline-graficos\/#breadcrumb"},"inLanguage":"es","potentialAction":[{"@type":"ReadAction","target":["https:\/\/klasmann-deilmann.com\/es\/productos-y-soluciones\/sustratos-proline\/sustratos-proline-graficos\/"]}]},{"@type":"BreadcrumbList","@id":"https:\/\/klasmann-deilmann.com\/es\/productos-y-soluciones\/sustratos-proline\/sustratos-proline-graficos\/#breadcrumb","itemListElement":[{"@type":"ListItem","position":1,"name":"Home","item":"https:\/\/klasmann-deilmann.com\/es\/"},{"@type":"ListItem","position":2,"name":"Productos y soluciones","item":"https:\/\/klasmann-deilmann.com\/es\/productos-y-soluciones\/"},{"@type":"ListItem","position":3,"name":"Sustratos ProLine","item":"https:\/\/klasmann-deilmann.com\/es\/productos-y-soluciones\/sustratos-proline\/"},{"@type":"ListItem","position":4,"name":"Sustratos ProLine gr\u00e1ficos"}]},{"@type":"WebSite","@id":"https:\/\/klasmann-deilmann.com\/en\/#website","url":"https:\/\/klasmann-deilmann.com\/en\/","name":"Klasmann-Deilmann","description":"","potentialAction":[{"@type":"SearchAction","target":{"@type":"EntryPoint","urlTemplate":"https:\/\/klasmann-deilmann.com\/en\/?s={search_term_string}"},"query-input":{"@type":"PropertyValueSpecification","valueRequired":true,"valueName":"search_term_string"}}],"inLanguage":"es"}]}},"_links":{"self":[{"href":"https:\/\/klasmann-deilmann.com\/es\/wp-json\/wp\/v2\/pages\/76164","targetHints":{"allow":["GET"]}}],"collection":[{"href":"https:\/\/klasmann-deilmann.com\/es\/wp-json\/wp\/v2\/pages"}],"about":[{"href":"https:\/\/klasmann-deilmann.com\/es\/wp-json\/wp\/v2\/types\/page"}],"author":[{"embeddable":true,"href":"https:\/\/klasmann-deilmann.com\/es\/wp-json\/wp\/v2\/users\/7"}],"replies":[{"embeddable":true,"href":"https:\/\/klasmann-deilmann.com\/es\/wp-json\/wp\/v2\/comments?post=76164"}],"version-history":[{"count":3,"href":"https:\/\/klasmann-deilmann.com\/es\/wp-json\/wp\/v2\/pages\/76164\/revisions"}],"predecessor-version":[{"id":76167,"href":"https:\/\/klasmann-deilmann.com\/es\/wp-json\/wp\/v2\/pages\/76164\/revisions\/76167"}],"up":[{"embeddable":true,"href":"https:\/\/klasmann-deilmann.com\/es\/wp-json\/wp\/v2\/pages\/76158"}],"wp:attachment":[{"href":"https:\/\/klasmann-deilmann.com\/es\/wp-json\/wp\/v2\/media?parent=76164"}],"curies":[{"name":"wp","href":"https:\/\/api.w.org\/{rel}","templated":true}]}}