{"id":76152,"date":"2021-08-05T10:20:00","date_gmt":"2021-08-05T08:20:00","guid":{"rendered":"https:\/\/klasmann-deilmann.com\/productos-y-soluciones\/advanced-substrates\/"},"modified":"2026-04-28T15:23:29","modified_gmt":"2026-04-28T13:23:29","slug":"sustratos-advanced","status":"publish","type":"page","link":"https:\/\/klasmann-deilmann.com\/es\/productos-y-soluciones\/sustratos-advanced\/","title":{"rendered":"Sustratos ADVANCED"},"content":{"rendered":"<div class=\"wpb-content-wrapper\">[vc_row][vc_column][kd_header_random_image_banner image=\u00bb35840&#8243;][\/kd_header_random_image_banner][\/vc_column][\/vc_row][vc_row][vc_column][vc_row_inner][vc_column_inner][vc_column_text]<img loading=\"lazy\" decoding=\"async\" class=\"alignnone wp-image-36974\" src=\"https:\/\/klasmann-deilmann.com\/wp-content\/uploads\/klasmann-deilmann_K_Substrates_Advanced.png\" alt=\"\" width=\"239\" height=\"55\" \/><\/p>\n<h2>Avance con nosotros<\/h2>\n<p>[\/vc_column_text][\/vc_column_inner][vc_column_inner width=\u00bb1\/2&#8243;][vc_column_text]Los sustratos ADVANCED marcan la referencia para una horticultura orientada al futuro. Estos combinan las materias primas m\u00e1s valiosas para obtener mezclas de alto rendimiento con una baja huella de carbono. La fibra de madera, la perlita, el coco, el compost verde y la turba potencian las caracter\u00edsticas esenciales del sustrato, asegurando as\u00ed el control preciso del cultivo en su vivero y el crecimiento sano de sus plantas.<\/p>\n<p>Los sustratos ADVANCED abarcan todos los segmentos de plantas y cultivos de cualquier aplicaci\u00f3n hort\u00edcola.<br \/>\n[\/vc_column_text][\/vc_column_inner][vc_column_inner width=\u00bb1\/2&#8243;][vc_column_text]Las mezclas se han probado y ensayado y han demostrado su idoneidad para todas las aplicaciones habituales a escala internacional de la horticultura comercial.<\/p>\n<p>D\u00e9cadas de experiencia con todas las principales materias primas y la m\u00e1s amplia gama de sustratos de cultivo nos brindan una ventaja \u00fanica. Esto nos facilita el pr\u00f3ximo paso. Si est\u00e1 listo para avanzar, estamos listos para unirnos a usted.<br \/>\n[\/vc_column_text][\/vc_column_inner][\/vc_row_inner][\/vc_column][\/vc_row][vc_row][vc_column][vc_row_inner][vc_column_inner][vc_column_text]<\/p>\n<h2>\u201cLos sustratos ADVANCED de Klasmann-Deilmann\u2009&#8230;\u201d<\/h2>\n<p>[\/vc_column_text][\/vc_column_inner][\/vc_row_inner][vc_row_inner][vc_column_inner][kd_containerslider bgheight=\u00bbaspectratio\u00bb selectedaspectratio=\u00bb56.25&#8243; kindofbanner=\u00bbslideshow\u00bb sliderfunctions=\u00bbshowdots,showarrows\u00bb timetillslide=\u00bb10&#8243;][kd_slider_image image=\u00bb107042&#8243; pos_container=\u00bbpcenterright\u00bb pos_image=\u00bbcustom\u00bb source_pos_hor=\u00bb15&#8243; animatecontent=\u00bbnoanimation\u00bb]<\/p>\n<div class=\"kd_quoteimagebox nolink cf picright\">\n<div class=\"image\" style=\"background: url() no-repeat center center;\">\n<div class=\"imagesizer\" style=\"width: 100%;  height:315px;\"><\/div>\n<\/div>\n<div class=\"overlay\">\n<div class=\"kd_quoteimagebox_overlay standard kdgreen\">\n<div class=\"overlay_arrow kdgreen\"><\/div>\n<\/div>\n<div class=\"kd_quoteimagebox_textaligner cf\">\n<div class=\"kd_quoteimagebox_text cf\">\n<div class=\"kd_quote-content\">\n<p>\u00ab&#8230; son el resultado de d\u00e9cadas de investigaci\u00f3n, desarrollo y experiencia. Garantizan la f\u00f3rmula correcta para cada producto hort\u00edcola, las mejores materias primas para cada m\u00e9todo de cultivo, la m\u00e1s alta calidad para su vivero&#8230; y el uso de recursos altamente sostenibles para el medio ambiente y el clima. Estamos convencidos de que unos medios m\u00e1s avanzados implican un mayor \u00e9xito para sus cultivos.\u201d<\/p>\n<\/p><\/div>\n<div class=\"kd_quote-source\">\n\t\t\t\t\t\tDr Sebastian Kipp, director de innovaci\u00f3n en Klasmann-Deilmann\n\t\t\t\t\t<\/div>\n<\/p><\/div>\n<\/p><\/div>\n<\/p><\/div>\n<\/p><\/div>\n<p>[\/kd_slider_image][kd_slider_image image=\u00bb107473&#8243; pos_container=\u00bbpcenterright\u00bb pos_image=\u00bbcustom\u00bb source_pos_hor=\u00bb0&#8243; source_pos_ver=\u00bb0&#8243; animatecontent=\u00bbnoanimation\u00bb]<\/p>\n<div class=\"kd_quoteimagebox nolink cf picleft\">\n<div class=\"image\" style=\"background: url() no-repeat center center;\">\n<div class=\"imagesizer\" style=\"width: 100%;  height:315px;\"><\/div>\n<\/div>\n<div class=\"overlay\">\n<div class=\"kd_quoteimagebox_overlay standard kdgreen\">\n<div class=\"overlay_arrow kdgreen\"><\/div>\n<\/div>\n<div class=\"kd_quoteimagebox_textaligner cf\">\n<div class=\"kd_quoteimagebox_text cf\">\n<div class=\"kd_quote-content\">\n<p>\u00ab\u2026 contienen una proporci\u00f3n considerable de materias primas alternativas. Nos basamos en componentes ya probados, como fibra de madera, fibra de coco, compost verde y perlita. Las f\u00f3rmulas probadas y ensayadas satisfacen todas las exigencias de la horticultura de vanguardia. Combinan una m\u00e1xima seguridad del cultivo con una disponibilidad fiable y una huella de carbono reducida.\u201d<\/p>\n<\/p><\/div>\n<div class=\"kd_quote-source\">\n\t\t\t\t\t\tAnja Fritzen, asesora t\u00e9cnica en Klasmann-Deilmann\n\t\t\t\t\t<\/div>\n<\/p><\/div>\n<\/p><\/div>\n<\/p><\/div>\n<\/p><\/div>\n<p>[\/kd_slider_image][kd_slider_image image=\u00bb107492&#8243; pos_container=\u00bbptopleft\u00bb pos_image=\u00bbcustom\u00bb animatecontent=\u00bbnoanimation\u00bb]<\/p>\n<div class=\"kd_quoteimagebox nolink cf picright\">\n<div class=\"image\" style=\"background: url() no-repeat center center;\">\n<div class=\"imagesizer\" style=\"width: 100%;  height:315px;\"><\/div>\n<\/div>\n<div class=\"overlay\">\n<div class=\"kd_quoteimagebox_overlay standard kdgreen\">\n<div class=\"overlay_arrow kdgreen\"><\/div>\n<\/div>\n<div class=\"kd_quoteimagebox_textaligner cf\">\n<div class=\"kd_quoteimagebox_text cf\">\n<div class=\"kd_quote-content\">\n<p>\u201c&#8230; son el siguiente paso l\u00f3gico en un sendero que llevamos recorriendo m\u00e1s de treinta a\u00f1os. Las materias primas modernas crean una amplia gama de opciones para satisfacer la creciente demanda global de sustratos de cultivo. Ofrecemos m\u00e1s componentes alternativos sin poner en riesgo la calidad. Nos estamos centrando en una mayor sostenibilidad y en que la alta seguridad del cultivo sea constante. Los revolucionarios sustratos ADVANCED le aseguran estar al d\u00eda en uno de los avances hort\u00edcolas m\u00e1s importantes de las \u00faltimas d\u00e9cadas.\u201d<\/p>\n<\/p><\/div>\n<div class=\"kd_quote-source\">\n\t\t\t\t\t\tTheresa Rolfes, Jefa del equipo de gesti\u00f3n de calidad en Klasmann-Deilmann\n\t\t\t\t\t<\/div>\n<\/p><\/div>\n<\/p><\/div>\n<\/p><\/div>\n<\/p><\/div>\n<p>[\/kd_slider_image][\/kd_containerslider][\/vc_column_inner][\/vc_row_inner][\/vc_column][\/vc_row][vc_row css=\u00bb.vc_custom_1629991410021{margin-top: 70px !important;padding-bottom: 30px !important;background-color: #414345 !important;}\u00bb][vc_column][vc_row_inner][vc_column_inner width=\u00bb2\/3&#8243;][vc_column_text]<\/p>\n<h2>Acceda a soluciones ADVANCED para:<\/h2>\n<p>[\/vc_column_text][\/vc_column_inner][\/vc_row_inner][vc_row_inner][vc_column_inner][kd_menu_parent_grid menuitems=\u00bb%5B%7B%22sortof%22%3A%22custom%22%2C%22menusinglename%22%3A%22Propagation%20substrates%22%2C%22link%22%3A%22url%3Ahttps%253A%252F%252Fklasmann-deilmann.com%252Fen%252Ffields-of-application%252Ftray-propagation%252F%7Ctitle%3APropagation%2520Substrates%22%2C%22menuitem%22%3A%2288983%22%2C%22imageorcolor%22%3A%22image%22%2C%22bgimage%22%3A%2234497%22%2C%22bgcolor%22%3A%22whitegreen%22%7D%2C%7B%22sortof%22%3A%22custom%22%2C%22menusinglename%22%3A%22Blocking%20substrates%22%2C%22link%22%3A%22url%3Ahttps%253A%252F%252Fklasmann-deilmann.com%252Fen%252Ffields-of-application%252Fblocking%252F%7Ctitle%3ABlocking%22%2C%22menuitem%22%3A%2288983%22%2C%22imageorcolor%22%3A%22image%22%2C%22bgimage%22%3A%2236720%22%2C%22bgcolor%22%3A%22whitegreen%22%7D%2C%7B%22sortof%22%3A%22custom%22%2C%22menusinglename%22%3A%22Bedding%20substrates%22%2C%22link%22%3A%22url%3Ahttps%253A%252F%252Fklasmann-deilmann.com%252Fen%252Ffields-of-application%252Fbedding-plants%252F%7Ctitle%3ABedding%2520plants%22%2C%22menuitem%22%3A%2288983%22%2C%22imageorcolor%22%3A%22image%22%2C%22bgimage%22%3A%2234809%22%2C%22bgcolor%22%3A%22whitegreen%22%7D%2C%7B%22sortof%22%3A%22custom%22%2C%22menusinglename%22%3A%22Potting%20substrates%22%2C%22link%22%3A%22url%3Ahttps%253A%252F%252Fklasmann-deilmann.com%252Fen%252Ffields-of-application%252Fpot-plants%252F%7Ctitle%3APot%2520plants%22%2C%22menuitem%22%3A%2288983%22%2C%22imageorcolor%22%3A%22image%22%2C%22bgimage%22%3A%2236692%22%2C%22bgcolor%22%3A%22whitegreen%22%7D%2C%7B%22sortof%22%3A%22custom%22%2C%22menusinglename%22%3A%22Container%20substrates%22%2C%22link%22%3A%22url%3Ahttps%253A%252F%252Fklasmann-deilmann.com%252Fen%252Ffields-of-application%252Fnursery-stock%252F%7Ctitle%3ANursery%2520stock%22%2C%22menuitem%22%3A%2288983%22%2C%22imageorcolor%22%3A%22image%22%2C%22bgimage%22%3A%2234831%22%2C%22bgcolor%22%3A%22whitegreen%22%7D%2C%7B%22sortof%22%3A%22custom%22%2C%22menusinglename%22%3A%22Soft%20fruits%20substrates%22%2C%22link%22%3A%22url%3Ahttps%253A%252F%252Fklasmann-deilmann.com%252Fes%252Fambitos-de-aplicacion%252Ffrutos-rojos%252F%7Ctitle%3ASoft%2520fruits%22%2C%22menuitem%22%3A%2288983%22%2C%22imageorcolor%22%3A%22image%22%2C%22bgimage%22%3A%2235883%22%2C%22bgcolor%22%3A%22whitegreen%22%7D%5D\u00bb][\/vc_column_inner][\/vc_row_inner][\/vc_column][\/vc_row][vc_row css=\u00bb.vc_custom_1628780977040{margin-bottom: 70px !important;}\u00bb][vc_column][vc_row_inner][vc_column_inner][vc_column_text]<\/p>\n<h2>Esto es lo que dicen nuestros clientes acerca de las materias primas alternativas en sus sustratos:<\/h2>\n<p>[\/vc_column_text][\/vc_column_inner][\/vc_row_inner][vc_row_inner][vc_column_inner][kd_containerslider bgheight=\u00bbaspectratio\u00bb selectedaspectratio=\u00bb56.25&#8243; kindofbanner=\u00bbslideshow\u00bb sliderfunctions=\u00bbshowdots,showarrows\u00bb timetillslide=\u00bb10&#8243;][kd_slider_image image=\u00bb36119&#8243; pos_container=\u00bbptopleft\u00bb pos_image=\u00bbcustom\u00bb source_pos_hor=\u00bb80&#8243;][kd_quote source_text=\u00bbThierry van Paemel, cliente satisfecho de ADVANCED y propietario de \u201cBVBA Helleborus\u201d, productor l\u00edder de el\u00e9boro en B\u00e9lgica\u00bb posarrow=\u00bbptopright\u00bb color=\u00bbkdgreen\u00bb]\u201cEl el\u00e9boro es un producto muy especializado. Aqu\u00ed es donde la f\u00f3rmula correcta del sustrato es esencial. Estamos viendo un gran \u00e9xito con TerrAktiv\u00ae y GreenFibre\u00ae en nuestra mezcla. Las plantas son m\u00e1s fuertes, m\u00e1s compactas y resistentes. Estamos muy agradecidos de contar con un socio tan fiable como Klasmann-Deilmann.\u201d[\/kd_quote][\/kd_slider_image][kd_slider_image image=\u00bb36730&#8243; pos_container=\u00bbptopleft\u00bb pos_image=\u00bbcustom\u00bb source_pos_hor=\u00bb70&#8243;][kd_quote source_text=\u00bbLode De Waele, cliente satisfecho de ADVANCED y propietario de \u201cDe Waele Handelskwekerij BVBA\u201d, productor l\u00edder de plantas en contenedor en B\u00e9lgica\u00bb posarrow=\u00bbptopright\u00bb color=\u00bbkdgreen\u00bb]\u201eEn los \u00faltimos a\u00f1os nos hemos encontrado con clientes que piden unos sustratos m\u00e1s responsables ecol\u00f3gicamente. Con la ayuda de Klasmann-Deilmann hemos conseguido emplear un 20\u2009% de GreenFibre\u00ae en nuestros cultivos. Creo que esto ha contribuido positivamente a nuestra gesti\u00f3n de cultivos, ya que obtenemos un mejor balance h\u00eddrico y el sustrato es m\u00e1s f\u00e1cil de rehidratar.\u201d[\/kd_quote][\/kd_slider_image][\/kd_containerslider][\/vc_column_inner][\/vc_row_inner][vc_row_inner][vc_column_inner][kd_download_button show_link_download1=\u00bblink\u00bb link1=\u00bburl:https%3A%2F%2Fklasmann-deilmann.com%2Fes%2Fproductos-y-soluciones%2Fsustratos-advanced%2Fadvanced-clientes%2F|title:Eche%20un%20vistazo%20a%20los%20v%C3%ADdeos%20de%20clientes%20reales%20de%20ADVANCED.\u00bb][\/vc_column_inner][\/vc_row_inner][\/vc_column][\/vc_row][vc_row css=\u00bb.vc_custom_1628778681277{margin-top: 70px !important;}\u00bb][vc_column][kd_getintouch image=\u00bb32948&#8243;][\/vc_column][\/vc_row]<\/p><\/div>\n","protected":false},"excerpt":{"rendered":"<p>[vc_row][vc_column][kd_header_random_image_banner image=\u00bb35840&#8243;][\/kd_header_random_image_banner][\/vc_column][\/vc_row][vc_row][vc_column][vc_row_inner][vc_column_inner][vc_column_text] Avance con nosotros [\/vc_column_text][\/vc_column_inner][vc_column_inner width=\u00bb1\/2&#8243;][vc_column_text]Los sustratos ADVANCED marcan la referencia para una horticultura orientada al futuro. Estos combinan las materias primas m\u00e1s valiosas para obtener mezclas de alto rendimiento con una baja huella de carbono. La fibra de madera, la perlita, el coco, el compost verde y la turba potencian las caracter\u00edsticas esenciales del sustrato, asegurando as\u00ed el control preciso del cultivo en su vivero y el crecimiento sano de sus plantas. Los sustratos ADVANCED abarcan todos los<\/p>\n","protected":false},"author":7,"featured_media":0,"parent":76147,"menu_order":414,"comment_status":"closed","ping_status":"closed","template":"","meta":{"_acf_changed":false,"inline_featured_image":false,"footnotes":""},"class_list":["post-76152","page","type-page","status-publish","hentry"],"acf":[],"yoast_head":"<!-- This site is optimized with the Yoast SEO plugin v27.5 - https:\/\/yoast.com\/product\/yoast-seo-wordpress\/ -->\n<title>Sustratos ADVANCED - Klasmann-Deilmann<\/title>\n<meta name=\"robots\" content=\"index, follow, max-snippet:-1, max-image-preview:large, max-video-preview:-1\" \/>\n<link rel=\"canonical\" href=\"https:\/\/klasmann-deilmann.com\/es\/productos-y-soluciones\/sustratos-advanced\/\" \/>\n<meta property=\"og:locale\" content=\"es_ES\" \/>\n<meta property=\"og:type\" content=\"article\" \/>\n<meta property=\"og:title\" content=\"Sustratos ADVANCED - Klasmann-Deilmann\" \/>\n<meta property=\"og:description\" content=\"[vc_row][vc_column][kd_header_random_image_banner image=\u00bb35840&#8243;][\/kd_header_random_image_banner][\/vc_column][\/vc_row][vc_row][vc_column][vc_row_inner][vc_column_inner][vc_column_text] Avance con nosotros [\/vc_column_text][\/vc_column_inner][vc_column_inner width=\u00bb1\/2&#8243;][vc_column_text]Los sustratos ADVANCED marcan la referencia para una horticultura orientada al futuro. Estos combinan las materias primas m\u00e1s valiosas para obtener mezclas de alto rendimiento con una baja huella de carbono. La fibra de madera, la perlita, el coco, el compost verde y la turba potencian las caracter\u00edsticas esenciales del sustrato, asegurando as\u00ed el control preciso del cultivo en su vivero y el crecimiento sano de sus plantas. Los sustratos ADVANCED abarcan todos los\" \/>\n<meta property=\"og:url\" content=\"https:\/\/klasmann-deilmann.com\/es\/productos-y-soluciones\/sustratos-advanced\/\" \/>\n<meta property=\"og:site_name\" content=\"Klasmann-Deilmann\" \/>\n<meta property=\"article:modified_time\" content=\"2026-04-28T13:23:29+00:00\" \/>\n<meta property=\"og:image\" content=\"https:\/\/klasmann-deilmann.com\/wp-content\/uploads\/advanced_logo.png\" \/>\n\t<meta property=\"og:image:width\" content=\"2560\" \/>\n\t<meta property=\"og:image:height\" content=\"589\" \/>\n\t<meta property=\"og:image:type\" content=\"image\/png\" \/>\n<meta name=\"twitter:card\" content=\"summary_large_image\" \/>\n<meta name=\"twitter:label1\" content=\"Tiempo de lectura\" \/>\n\t<meta name=\"twitter:data1\" content=\"5 minutos\" \/>\n<script type=\"application\/ld+json\" class=\"yoast-schema-graph\">{\"@context\":\"https:\\\/\\\/schema.org\",\"@graph\":[{\"@type\":\"WebPage\",\"@id\":\"https:\\\/\\\/klasmann-deilmann.com\\\/es\\\/productos-y-soluciones\\\/sustratos-advanced\\\/\",\"url\":\"https:\\\/\\\/klasmann-deilmann.com\\\/es\\\/productos-y-soluciones\\\/sustratos-advanced\\\/\",\"name\":\"Sustratos ADVANCED - Klasmann-Deilmann\",\"isPartOf\":{\"@id\":\"https:\\\/\\\/klasmann-deilmann.com\\\/en\\\/#website\"},\"primaryImageOfPage\":{\"@id\":\"https:\\\/\\\/klasmann-deilmann.com\\\/es\\\/productos-y-soluciones\\\/sustratos-advanced\\\/#primaryimage\"},\"image\":{\"@id\":\"https:\\\/\\\/klasmann-deilmann.com\\\/es\\\/productos-y-soluciones\\\/sustratos-advanced\\\/#primaryimage\"},\"thumbnailUrl\":\"https:\\\/\\\/klasmann-deilmann.com\\\/wp-content\\\/uploads\\\/klasmann-deilmann_K_Substrates_Advanced.png\",\"datePublished\":\"2021-08-05T08:20:00+00:00\",\"dateModified\":\"2026-04-28T13:23:29+00:00\",\"breadcrumb\":{\"@id\":\"https:\\\/\\\/klasmann-deilmann.com\\\/es\\\/productos-y-soluciones\\\/sustratos-advanced\\\/#breadcrumb\"},\"inLanguage\":\"es\",\"potentialAction\":[{\"@type\":\"ReadAction\",\"target\":[\"https:\\\/\\\/klasmann-deilmann.com\\\/es\\\/productos-y-soluciones\\\/sustratos-advanced\\\/\"]}]},{\"@type\":\"ImageObject\",\"inLanguage\":\"es\",\"@id\":\"https:\\\/\\\/klasmann-deilmann.com\\\/es\\\/productos-y-soluciones\\\/sustratos-advanced\\\/#primaryimage\",\"url\":\"https:\\\/\\\/klasmann-deilmann.com\\\/wp-content\\\/uploads\\\/klasmann-deilmann_K_Substrates_Advanced.png\",\"contentUrl\":\"https:\\\/\\\/klasmann-deilmann.com\\\/wp-content\\\/uploads\\\/klasmann-deilmann_K_Substrates_Advanced.png\"},{\"@type\":\"BreadcrumbList\",\"@id\":\"https:\\\/\\\/klasmann-deilmann.com\\\/es\\\/productos-y-soluciones\\\/sustratos-advanced\\\/#breadcrumb\",\"itemListElement\":[{\"@type\":\"ListItem\",\"position\":1,\"name\":\"Home\",\"item\":\"https:\\\/\\\/klasmann-deilmann.com\\\/es\\\/\"},{\"@type\":\"ListItem\",\"position\":2,\"name\":\"Productos y soluciones\",\"item\":\"https:\\\/\\\/klasmann-deilmann.com\\\/es\\\/productos-y-soluciones\\\/\"},{\"@type\":\"ListItem\",\"position\":3,\"name\":\"Sustratos ADVANCED\"}]},{\"@type\":\"WebSite\",\"@id\":\"https:\\\/\\\/klasmann-deilmann.com\\\/en\\\/#website\",\"url\":\"https:\\\/\\\/klasmann-deilmann.com\\\/en\\\/\",\"name\":\"Klasmann-Deilmann\",\"description\":\"\",\"potentialAction\":[{\"@type\":\"SearchAction\",\"target\":{\"@type\":\"EntryPoint\",\"urlTemplate\":\"https:\\\/\\\/klasmann-deilmann.com\\\/en\\\/?s={search_term_string}\"},\"query-input\":{\"@type\":\"PropertyValueSpecification\",\"valueRequired\":true,\"valueName\":\"search_term_string\"}}],\"inLanguage\":\"es\"}]}<\/script>\n<!-- \/ Yoast SEO plugin. -->","yoast_head_json":{"title":"Sustratos ADVANCED - Klasmann-Deilmann","robots":{"index":"index","follow":"follow","max-snippet":"max-snippet:-1","max-image-preview":"max-image-preview:large","max-video-preview":"max-video-preview:-1"},"canonical":"https:\/\/klasmann-deilmann.com\/es\/productos-y-soluciones\/sustratos-advanced\/","og_locale":"es_ES","og_type":"article","og_title":"Sustratos ADVANCED - Klasmann-Deilmann","og_description":"[vc_row][vc_column][kd_header_random_image_banner image=\u00bb35840&#8243;][\/kd_header_random_image_banner][\/vc_column][\/vc_row][vc_row][vc_column][vc_row_inner][vc_column_inner][vc_column_text] Avance con nosotros [\/vc_column_text][\/vc_column_inner][vc_column_inner width=\u00bb1\/2&#8243;][vc_column_text]Los sustratos ADVANCED marcan la referencia para una horticultura orientada al futuro. Estos combinan las materias primas m\u00e1s valiosas para obtener mezclas de alto rendimiento con una baja huella de carbono. La fibra de madera, la perlita, el coco, el compost verde y la turba potencian las caracter\u00edsticas esenciales del sustrato, asegurando as\u00ed el control preciso del cultivo en su vivero y el crecimiento sano de sus plantas. Los sustratos ADVANCED abarcan todos los","og_url":"https:\/\/klasmann-deilmann.com\/es\/productos-y-soluciones\/sustratos-advanced\/","og_site_name":"Klasmann-Deilmann","article_modified_time":"2026-04-28T13:23:29+00:00","og_image":[{"width":2560,"height":589,"url":"https:\/\/klasmann-deilmann.com\/wp-content\/uploads\/advanced_logo.png","type":"image\/png"}],"twitter_card":"summary_large_image","twitter_misc":{"Tiempo de lectura":"5 minutos"},"schema":{"@context":"https:\/\/schema.org","@graph":[{"@type":"WebPage","@id":"https:\/\/klasmann-deilmann.com\/es\/productos-y-soluciones\/sustratos-advanced\/","url":"https:\/\/klasmann-deilmann.com\/es\/productos-y-soluciones\/sustratos-advanced\/","name":"Sustratos ADVANCED - Klasmann-Deilmann","isPartOf":{"@id":"https:\/\/klasmann-deilmann.com\/en\/#website"},"primaryImageOfPage":{"@id":"https:\/\/klasmann-deilmann.com\/es\/productos-y-soluciones\/sustratos-advanced\/#primaryimage"},"image":{"@id":"https:\/\/klasmann-deilmann.com\/es\/productos-y-soluciones\/sustratos-advanced\/#primaryimage"},"thumbnailUrl":"https:\/\/klasmann-deilmann.com\/wp-content\/uploads\/klasmann-deilmann_K_Substrates_Advanced.png","datePublished":"2021-08-05T08:20:00+00:00","dateModified":"2026-04-28T13:23:29+00:00","breadcrumb":{"@id":"https:\/\/klasmann-deilmann.com\/es\/productos-y-soluciones\/sustratos-advanced\/#breadcrumb"},"inLanguage":"es","potentialAction":[{"@type":"ReadAction","target":["https:\/\/klasmann-deilmann.com\/es\/productos-y-soluciones\/sustratos-advanced\/"]}]},{"@type":"ImageObject","inLanguage":"es","@id":"https:\/\/klasmann-deilmann.com\/es\/productos-y-soluciones\/sustratos-advanced\/#primaryimage","url":"https:\/\/klasmann-deilmann.com\/wp-content\/uploads\/klasmann-deilmann_K_Substrates_Advanced.png","contentUrl":"https:\/\/klasmann-deilmann.com\/wp-content\/uploads\/klasmann-deilmann_K_Substrates_Advanced.png"},{"@type":"BreadcrumbList","@id":"https:\/\/klasmann-deilmann.com\/es\/productos-y-soluciones\/sustratos-advanced\/#breadcrumb","itemListElement":[{"@type":"ListItem","position":1,"name":"Home","item":"https:\/\/klasmann-deilmann.com\/es\/"},{"@type":"ListItem","position":2,"name":"Productos y soluciones","item":"https:\/\/klasmann-deilmann.com\/es\/productos-y-soluciones\/"},{"@type":"ListItem","position":3,"name":"Sustratos ADVANCED"}]},{"@type":"WebSite","@id":"https:\/\/klasmann-deilmann.com\/en\/#website","url":"https:\/\/klasmann-deilmann.com\/en\/","name":"Klasmann-Deilmann","description":"","potentialAction":[{"@type":"SearchAction","target":{"@type":"EntryPoint","urlTemplate":"https:\/\/klasmann-deilmann.com\/en\/?s={search_term_string}"},"query-input":{"@type":"PropertyValueSpecification","valueRequired":true,"valueName":"search_term_string"}}],"inLanguage":"es"}]}},"_links":{"self":[{"href":"https:\/\/klasmann-deilmann.com\/es\/wp-json\/wp\/v2\/pages\/76152","targetHints":{"allow":["GET"]}}],"collection":[{"href":"https:\/\/klasmann-deilmann.com\/es\/wp-json\/wp\/v2\/pages"}],"about":[{"href":"https:\/\/klasmann-deilmann.com\/es\/wp-json\/wp\/v2\/types\/page"}],"author":[{"embeddable":true,"href":"https:\/\/klasmann-deilmann.com\/es\/wp-json\/wp\/v2\/users\/7"}],"replies":[{"embeddable":true,"href":"https:\/\/klasmann-deilmann.com\/es\/wp-json\/wp\/v2\/comments?post=76152"}],"version-history":[{"count":15,"href":"https:\/\/klasmann-deilmann.com\/es\/wp-json\/wp\/v2\/pages\/76152\/revisions"}],"predecessor-version":[{"id":107506,"href":"https:\/\/klasmann-deilmann.com\/es\/wp-json\/wp\/v2\/pages\/76152\/revisions\/107506"}],"up":[{"embeddable":true,"href":"https:\/\/klasmann-deilmann.com\/es\/wp-json\/wp\/v2\/pages\/76147"}],"wp:attachment":[{"href":"https:\/\/klasmann-deilmann.com\/es\/wp-json\/wp\/v2\/media?parent=76152"}],"curies":[{"name":"wp","href":"https:\/\/api.w.org\/{rel}","templated":true}]}}