{"id":75462,"date":"2021-08-05T11:15:11","date_gmt":"2021-08-05T09:15:11","guid":{"rendered":"https:\/\/klasmann-deilmann.com\/la-empresa\/research-development\/"},"modified":"2023-03-23T16:29:26","modified_gmt":"2023-03-23T15:29:26","slug":"investigacion-y-desarrollo","status":"publish","type":"page","link":"https:\/\/klasmann-deilmann.com\/es\/la-empresa\/investigacion-y-desarrollo\/","title":{"rendered":"Investigaci\u00f3n y desarrollo"},"content":{"rendered":"<div class=\"wpb-content-wrapper\">[vc_row][vc_column][kd_header_random_image_banner image=\u00bb34681&#8243;][\/kd_header_random_image_banner][\/vc_column][\/vc_row][vc_row][vc_column][vc_row_inner][vc_column_inner][vc_column_text]<\/p>\n<h2><strong>Investigaci\u00f3n y desarrollo de productos \u2013 satisfacer hoy las demandas de ma\u00f1ana<\/strong><\/h2>\n<p>[\/vc_column_text][\/vc_column_inner][\/vc_row_inner][vc_row_inner][vc_column_inner width=\u00bb1\/2&#8243;][vc_column_text]En los viveros profesionales modernos es esencial que los recursos de equipamiento y de producci\u00f3n trabajen conjuntamente sin problemas y, en este aspecto, el sustrato de cultivo desempe\u00f1a un papel crucial. Este combina los distintos componentes en un todo perfecto para satisfacer tanto los requisitos del cultivo como los mec\u00e1nicos. Por consiguiente, el sustrato est\u00e1 sometido a unas exigencias muy altas.<br \/>\nNuestros especialistas en cultivos en todo el mundo y nuestra red de socios de distribuci\u00f3n aseguran que nuestro conocimiento experto en el \u00e1mbito de los sustratos de cultivo no tenga parang\u00f3n.<br \/>\n[\/vc_column_text][\/vc_column_inner][vc_column_inner width=\u00bb1\/2&#8243;][vc_column_text]Juntos adaptamos importantes avances en t\u00e9cnicas de cultivo, mejora vegetal y exigencias medioambientales, y respondemos al cambio en las necesidades.<br \/>\nEsto da como resultado innovaciones que aportan ventajas significativas a cada uno de los viveros y est\u00e1n orientadas hacia los beneficios a largo plazo. En muchos casos nuestras innovaciones se desarrollan pensando en unos usos espec\u00edficos, tomando como base demandas o ideas aportadas por nuestros clientes.<br \/>\n[\/vc_column_text][\/vc_column_inner][\/vc_row_inner][\/vc_column][\/vc_row][vc_row css=\u00bb.vc_custom_1630658556320{margin-top: 30px !important;padding-top: 30px !important;padding-bottom: 70px !important;background-color: #414345 !important;}\u00bb][vc_column][vc_row_inner][vc_column_inner width=\u00bb1\/2&#8243;][vc_column_text el_class=\u00bbpluslist\u00bb]Nuestro equipo de I+D est\u00e1 muy implicado en la investigaci\u00f3n y el desarrollo de sustratos de cultivo y continuamente mejora materias primas y productos. El equipo cuenta con su propio laboratorio especializado y un invernadero de investigaci\u00f3n en el que se testan todas las materias primas y nuevos aditivos en condiciones pr\u00e1cticas.<br \/>\nAdem\u00e1s, gestionamos proyectos de investigaci\u00f3n tanto por cuenta propia como en cooperaci\u00f3n con universidades, institutos, otras compa\u00f1\u00edas, empresas emergentes y centros de investigaci\u00f3n hort\u00edcola de toda Europa. Actualmente, para la investigaci\u00f3n y el desarrollo de productos son importantes estos aspectos:<br \/>\n&nbsp;<\/p>\n<ul>\n<li>mejora de la vida microbiana en los sustratos de cultivo para fomentar efectos supresores<\/li>\n<li>estudio en profundidad de bioestimulantes naturales adecuados, con el fin de aumentar la sostenibilidad de los sustratos de cultivo reduciendo el empleo de productos fitosanitarios y\/o fertilizantes<\/li>\n<li>estudio en profundidad de nuevas opciones para componentes de sustrato alternativos<\/li>\n<li>sustratos con un peso reducido para optimizar costes de transporte y reducir emisiones<\/li>\n<li>desarrollo de nuevos m\u00e9todos anal\u00edticos (p.&nbsp;ej. para determinar la estabilidad de los tacos prensados y la capacidad de retenci\u00f3n de agua)<\/li>\n<li>nuevos conceptos de fertilizaci\u00f3n org\u00e1nica y mineral<\/li>\n<\/ul>\n<p>[\/vc_column_text][\/vc_column_inner][vc_column_inner width=\u00bb1\/2&#8243;][vc_column_text]<img loading=\"lazy\" decoding=\"async\" class=\"alignnone wp-image-36585 size-full\" src=\"https:\/\/klasmann-deilmann.com\/wp-content\/uploads\/research_development.jpg\" alt=\"\" width=\"2560\" height=\"1707\" srcset=\"https:\/\/klasmann-deilmann.com\/wp-content\/uploads\/research_development.jpg 2560w, https:\/\/klasmann-deilmann.com\/wp-content\/uploads\/research_development-300x200.jpg 300w, https:\/\/klasmann-deilmann.com\/wp-content\/uploads\/research_development-1024x683.jpg 1024w, https:\/\/klasmann-deilmann.com\/wp-content\/uploads\/research_development-768x512.jpg 768w, https:\/\/klasmann-deilmann.com\/wp-content\/uploads\/research_development-1536x1024.jpg 1536w, https:\/\/klasmann-deilmann.com\/wp-content\/uploads\/research_development-2048x1366.jpg 2048w\" sizes=\"auto, (max-width: 2560px) 100vw, 2560px\" \/>[\/vc_column_text][\/vc_column_inner][\/vc_row_inner][\/vc_column][\/vc_row][vc_row css=\u00bb.vc_custom_1629210697188{margin-top: 70px !important;}\u00bb][vc_column][kd_getintouch image=\u00bb32948&#8243;][\/vc_column][\/vc_row]<\/div>\n","protected":false},"excerpt":{"rendered":"<p>[vc_row][vc_column][kd_header_random_image_banner image=\u00bb34681&#8243;][\/kd_header_random_image_banner][\/vc_column][\/vc_row][vc_row][vc_column][vc_row_inner][vc_column_inner][vc_column_text] Investigaci\u00f3n y desarrollo de productos \u2013 satisfacer hoy las demandas de ma\u00f1ana [\/vc_column_text][\/vc_column_inner][\/vc_row_inner][vc_row_inner][vc_column_inner width=\u00bb1\/2&#8243;][vc_column_text]En los viveros profesionales modernos es esencial que los recursos de equipamiento y de producci\u00f3n trabajen conjuntamente sin problemas y, en este aspecto, el sustrato de cultivo desempe\u00f1a un papel crucial. Este combina los distintos componentes en un todo perfecto para satisfacer tanto los requisitos del cultivo como los mec\u00e1nicos. Por consiguiente, el sustrato est\u00e1 sometido a unas exigencias muy altas. Nuestros especialistas en cultivos<\/p>\n","protected":false},"author":7,"featured_media":0,"parent":75384,"menu_order":267,"comment_status":"closed","ping_status":"closed","template":"","meta":{"_acf_changed":false,"inline_featured_image":false,"footnotes":""},"class_list":["post-75462","page","type-page","status-publish","hentry"],"acf":[],"yoast_head":"<!-- This site is optimized with the Yoast SEO plugin v27.6 - https:\/\/yoast.com\/product\/yoast-seo-wordpress\/ -->\n<title>Investigaci\u00f3n y desarrollo - Klasmann-Deilmann<\/title>\n<meta name=\"robots\" content=\"index, follow, max-snippet:-1, max-image-preview:large, max-video-preview:-1\" \/>\n<link rel=\"canonical\" href=\"https:\/\/klasmann-deilmann.com\/es\/la-empresa\/investigacion-y-desarrollo\/\" \/>\n<meta property=\"og:locale\" content=\"es_ES\" \/>\n<meta property=\"og:type\" content=\"article\" \/>\n<meta property=\"og:title\" content=\"Investigaci\u00f3n y desarrollo - Klasmann-Deilmann\" \/>\n<meta property=\"og:description\" content=\"[vc_row][vc_column][kd_header_random_image_banner image=\u00bb34681&#8243;][\/kd_header_random_image_banner][\/vc_column][\/vc_row][vc_row][vc_column][vc_row_inner][vc_column_inner][vc_column_text] Investigaci\u00f3n y desarrollo de productos \u2013 satisfacer hoy las demandas de ma\u00f1ana [\/vc_column_text][\/vc_column_inner][\/vc_row_inner][vc_row_inner][vc_column_inner width=\u00bb1\/2&#8243;][vc_column_text]En los viveros profesionales modernos es esencial que los recursos de equipamiento y de producci\u00f3n trabajen conjuntamente sin problemas y, en este aspecto, el sustrato de cultivo desempe\u00f1a un papel crucial. Este combina los distintos componentes en un todo perfecto para satisfacer tanto los requisitos del cultivo como los mec\u00e1nicos. Por consiguiente, el sustrato est\u00e1 sometido a unas exigencias muy altas. Nuestros especialistas en cultivos\" \/>\n<meta property=\"og:url\" content=\"https:\/\/klasmann-deilmann.com\/es\/la-empresa\/investigacion-y-desarrollo\/\" \/>\n<meta property=\"og:site_name\" content=\"Klasmann-Deilmann\" \/>\n<meta property=\"article:modified_time\" content=\"2023-03-23T15:29:26+00:00\" \/>\n<meta property=\"og:image\" content=\"https:\/\/klasmann-deilmann.com\/wp-content\/uploads\/research_development.jpg\" \/>\n<meta name=\"twitter:card\" content=\"summary_large_image\" \/>\n<meta name=\"twitter:label1\" content=\"Tiempo de lectura\" \/>\n\t<meta name=\"twitter:data1\" content=\"2 minutos\" \/>\n<script type=\"application\/ld+json\" class=\"yoast-schema-graph\">{\"@context\":\"https:\\\/\\\/schema.org\",\"@graph\":[{\"@type\":\"WebPage\",\"@id\":\"https:\\\/\\\/klasmann-deilmann.com\\\/es\\\/la-empresa\\\/investigacion-y-desarrollo\\\/\",\"url\":\"https:\\\/\\\/klasmann-deilmann.com\\\/es\\\/la-empresa\\\/investigacion-y-desarrollo\\\/\",\"name\":\"Investigaci\u00f3n y desarrollo - Klasmann-Deilmann\",\"isPartOf\":{\"@id\":\"https:\\\/\\\/klasmann-deilmann.com\\\/en\\\/#website\"},\"primaryImageOfPage\":{\"@id\":\"https:\\\/\\\/klasmann-deilmann.com\\\/es\\\/la-empresa\\\/investigacion-y-desarrollo\\\/#primaryimage\"},\"image\":{\"@id\":\"https:\\\/\\\/klasmann-deilmann.com\\\/es\\\/la-empresa\\\/investigacion-y-desarrollo\\\/#primaryimage\"},\"thumbnailUrl\":\"https:\\\/\\\/klasmann-deilmann.com\\\/wp-content\\\/uploads\\\/research_development.jpg\",\"datePublished\":\"2021-08-05T09:15:11+00:00\",\"dateModified\":\"2023-03-23T15:29:26+00:00\",\"breadcrumb\":{\"@id\":\"https:\\\/\\\/klasmann-deilmann.com\\\/es\\\/la-empresa\\\/investigacion-y-desarrollo\\\/#breadcrumb\"},\"inLanguage\":\"es\",\"potentialAction\":[{\"@type\":\"ReadAction\",\"target\":[\"https:\\\/\\\/klasmann-deilmann.com\\\/es\\\/la-empresa\\\/investigacion-y-desarrollo\\\/\"]}]},{\"@type\":\"ImageObject\",\"inLanguage\":\"es\",\"@id\":\"https:\\\/\\\/klasmann-deilmann.com\\\/es\\\/la-empresa\\\/investigacion-y-desarrollo\\\/#primaryimage\",\"url\":\"https:\\\/\\\/klasmann-deilmann.com\\\/wp-content\\\/uploads\\\/research_development.jpg\",\"contentUrl\":\"https:\\\/\\\/klasmann-deilmann.com\\\/wp-content\\\/uploads\\\/research_development.jpg\"},{\"@type\":\"BreadcrumbList\",\"@id\":\"https:\\\/\\\/klasmann-deilmann.com\\\/es\\\/la-empresa\\\/investigacion-y-desarrollo\\\/#breadcrumb\",\"itemListElement\":[{\"@type\":\"ListItem\",\"position\":1,\"name\":\"Home\",\"item\":\"https:\\\/\\\/klasmann-deilmann.com\\\/es\\\/\"},{\"@type\":\"ListItem\",\"position\":2,\"name\":\"La empresa\",\"item\":\"https:\\\/\\\/klasmann-deilmann.com\\\/es\\\/la-empresa\\\/\"},{\"@type\":\"ListItem\",\"position\":3,\"name\":\"Investigaci\u00f3n y desarrollo\"}]},{\"@type\":\"WebSite\",\"@id\":\"https:\\\/\\\/klasmann-deilmann.com\\\/en\\\/#website\",\"url\":\"https:\\\/\\\/klasmann-deilmann.com\\\/en\\\/\",\"name\":\"Klasmann-Deilmann\",\"description\":\"\",\"potentialAction\":[{\"@type\":\"SearchAction\",\"target\":{\"@type\":\"EntryPoint\",\"urlTemplate\":\"https:\\\/\\\/klasmann-deilmann.com\\\/en\\\/?s={search_term_string}\"},\"query-input\":{\"@type\":\"PropertyValueSpecification\",\"valueRequired\":true,\"valueName\":\"search_term_string\"}}],\"inLanguage\":\"es\"}]}<\/script>\n<!-- \/ Yoast SEO plugin. -->","yoast_head_json":{"title":"Investigaci\u00f3n y desarrollo - Klasmann-Deilmann","robots":{"index":"index","follow":"follow","max-snippet":"max-snippet:-1","max-image-preview":"max-image-preview:large","max-video-preview":"max-video-preview:-1"},"canonical":"https:\/\/klasmann-deilmann.com\/es\/la-empresa\/investigacion-y-desarrollo\/","og_locale":"es_ES","og_type":"article","og_title":"Investigaci\u00f3n y desarrollo - Klasmann-Deilmann","og_description":"[vc_row][vc_column][kd_header_random_image_banner image=\u00bb34681&#8243;][\/kd_header_random_image_banner][\/vc_column][\/vc_row][vc_row][vc_column][vc_row_inner][vc_column_inner][vc_column_text] Investigaci\u00f3n y desarrollo de productos \u2013 satisfacer hoy las demandas de ma\u00f1ana [\/vc_column_text][\/vc_column_inner][\/vc_row_inner][vc_row_inner][vc_column_inner width=\u00bb1\/2&#8243;][vc_column_text]En los viveros profesionales modernos es esencial que los recursos de equipamiento y de producci\u00f3n trabajen conjuntamente sin problemas y, en este aspecto, el sustrato de cultivo desempe\u00f1a un papel crucial. Este combina los distintos componentes en un todo perfecto para satisfacer tanto los requisitos del cultivo como los mec\u00e1nicos. Por consiguiente, el sustrato est\u00e1 sometido a unas exigencias muy altas. Nuestros especialistas en cultivos","og_url":"https:\/\/klasmann-deilmann.com\/es\/la-empresa\/investigacion-y-desarrollo\/","og_site_name":"Klasmann-Deilmann","article_modified_time":"2023-03-23T15:29:26+00:00","og_image":[{"url":"https:\/\/klasmann-deilmann.com\/wp-content\/uploads\/research_development.jpg","type":"","width":"","height":""}],"twitter_card":"summary_large_image","twitter_misc":{"Tiempo de lectura":"2 minutos"},"schema":{"@context":"https:\/\/schema.org","@graph":[{"@type":"WebPage","@id":"https:\/\/klasmann-deilmann.com\/es\/la-empresa\/investigacion-y-desarrollo\/","url":"https:\/\/klasmann-deilmann.com\/es\/la-empresa\/investigacion-y-desarrollo\/","name":"Investigaci\u00f3n y desarrollo - Klasmann-Deilmann","isPartOf":{"@id":"https:\/\/klasmann-deilmann.com\/en\/#website"},"primaryImageOfPage":{"@id":"https:\/\/klasmann-deilmann.com\/es\/la-empresa\/investigacion-y-desarrollo\/#primaryimage"},"image":{"@id":"https:\/\/klasmann-deilmann.com\/es\/la-empresa\/investigacion-y-desarrollo\/#primaryimage"},"thumbnailUrl":"https:\/\/klasmann-deilmann.com\/wp-content\/uploads\/research_development.jpg","datePublished":"2021-08-05T09:15:11+00:00","dateModified":"2023-03-23T15:29:26+00:00","breadcrumb":{"@id":"https:\/\/klasmann-deilmann.com\/es\/la-empresa\/investigacion-y-desarrollo\/#breadcrumb"},"inLanguage":"es","potentialAction":[{"@type":"ReadAction","target":["https:\/\/klasmann-deilmann.com\/es\/la-empresa\/investigacion-y-desarrollo\/"]}]},{"@type":"ImageObject","inLanguage":"es","@id":"https:\/\/klasmann-deilmann.com\/es\/la-empresa\/investigacion-y-desarrollo\/#primaryimage","url":"https:\/\/klasmann-deilmann.com\/wp-content\/uploads\/research_development.jpg","contentUrl":"https:\/\/klasmann-deilmann.com\/wp-content\/uploads\/research_development.jpg"},{"@type":"BreadcrumbList","@id":"https:\/\/klasmann-deilmann.com\/es\/la-empresa\/investigacion-y-desarrollo\/#breadcrumb","itemListElement":[{"@type":"ListItem","position":1,"name":"Home","item":"https:\/\/klasmann-deilmann.com\/es\/"},{"@type":"ListItem","position":2,"name":"La empresa","item":"https:\/\/klasmann-deilmann.com\/es\/la-empresa\/"},{"@type":"ListItem","position":3,"name":"Investigaci\u00f3n y desarrollo"}]},{"@type":"WebSite","@id":"https:\/\/klasmann-deilmann.com\/en\/#website","url":"https:\/\/klasmann-deilmann.com\/en\/","name":"Klasmann-Deilmann","description":"","potentialAction":[{"@type":"SearchAction","target":{"@type":"EntryPoint","urlTemplate":"https:\/\/klasmann-deilmann.com\/en\/?s={search_term_string}"},"query-input":{"@type":"PropertyValueSpecification","valueRequired":true,"valueName":"search_term_string"}}],"inLanguage":"es"}]}},"_links":{"self":[{"href":"https:\/\/klasmann-deilmann.com\/es\/wp-json\/wp\/v2\/pages\/75462","targetHints":{"allow":["GET"]}}],"collection":[{"href":"https:\/\/klasmann-deilmann.com\/es\/wp-json\/wp\/v2\/pages"}],"about":[{"href":"https:\/\/klasmann-deilmann.com\/es\/wp-json\/wp\/v2\/types\/page"}],"author":[{"embeddable":true,"href":"https:\/\/klasmann-deilmann.com\/es\/wp-json\/wp\/v2\/users\/7"}],"replies":[{"embeddable":true,"href":"https:\/\/klasmann-deilmann.com\/es\/wp-json\/wp\/v2\/comments?post=75462"}],"version-history":[{"count":2,"href":"https:\/\/klasmann-deilmann.com\/es\/wp-json\/wp\/v2\/pages\/75462\/revisions"}],"predecessor-version":[{"id":75464,"href":"https:\/\/klasmann-deilmann.com\/es\/wp-json\/wp\/v2\/pages\/75462\/revisions\/75464"}],"up":[{"embeddable":true,"href":"https:\/\/klasmann-deilmann.com\/es\/wp-json\/wp\/v2\/pages\/75384"}],"wp:attachment":[{"href":"https:\/\/klasmann-deilmann.com\/es\/wp-json\/wp\/v2\/media?parent=75462"}],"curies":[{"name":"wp","href":"https:\/\/api.w.org\/{rel}","templated":true}]}}