{"id":75454,"date":"2021-08-05T11:14:48","date_gmt":"2021-08-05T09:14:48","guid":{"rendered":"https:\/\/klasmann-deilmann.com\/la-empresa\/sustainability\/"},"modified":"2025-08-18T12:05:41","modified_gmt":"2025-08-18T10:05:41","slug":"sostenibilidad","status":"publish","type":"page","link":"https:\/\/klasmann-deilmann.com\/es\/la-empresa\/sostenibilidad\/","title":{"rendered":"Sostenibilidad"},"content":{"rendered":"<div class=\"wpb-content-wrapper\">[vc_row][vc_column][kd_header_random_image_banner image=\u00bb14831&#8243;][\/kd_header_random_image_banner][\/vc_column][\/vc_row][vc_row][vc_column][vc_row_inner][vc_column_inner][vc_column_text]<\/p>\n<h2 style=\"text-align: left;\">Sostenibilidad \u2013 esencial en nuestra estrategia empresarial<\/h2>\n<p><strong>Informamos de forma exhaustiva y transparente acerca de nuestras actividades. Queremos que el p\u00fablico sea consciente del modo en que hemos colocado firmemente la sostenibilidad en primera l\u00ednea de nuestras pr\u00e1cticas empresariales. Y queremos seguir siendo la empresa m\u00e1s sostenible del sector de los sustratos.<\/strong>[\/vc_column_text][\/vc_column_inner][\/vc_row_inner][\/vc_column][\/vc_row][vc_row][vc_column][vc_row_inner][vc_column_inner width=\u00bb1\/3&#8243;][vc_column_text css=\u00bb\u00bb]<img loading=\"lazy\" decoding=\"async\" width=\"1810\" height=\"2560\" class=\"aligncenter size-full wp-image-87038\" src=\"\/wp-content\/uploads\/Klasmann-Deilmann_Sustainability_Report_2023-1.jpg\" alt=\"\" srcset=\"https:\/\/klasmann-deilmann.com\/wp-content\/uploads\/Klasmann-Deilmann_Sustainability_Report_2023-1.jpg 1810w, https:\/\/klasmann-deilmann.com\/wp-content\/uploads\/Klasmann-Deilmann_Sustainability_Report_2023-1-212x300.jpg 212w, https:\/\/klasmann-deilmann.com\/wp-content\/uploads\/Klasmann-Deilmann_Sustainability_Report_2023-1-724x1024.jpg 724w, https:\/\/klasmann-deilmann.com\/wp-content\/uploads\/Klasmann-Deilmann_Sustainability_Report_2023-1-768x1086.jpg 768w, https:\/\/klasmann-deilmann.com\/wp-content\/uploads\/Klasmann-Deilmann_Sustainability_Report_2023-1-1086x1536.jpg 1086w, https:\/\/klasmann-deilmann.com\/wp-content\/uploads\/Klasmann-Deilmann_Sustainability_Report_2023-1-1448x2048.jpg 1448w\" sizes=\"auto, (max-width: 1810px) 100vw, 1810px\" \/>[\/vc_column_text][\/vc_column_inner][vc_column_inner width=\u00bb2\/3&#8243;][vc_column_text css=\u00bb\u00bb]En nuestro Informe de sostenibilidad 2023, echamos la vista atr\u00e1s a una d\u00e9cada de reducci\u00f3n de la huella de carbono, r\u00e1pido aumento de la cuota de materias primas renovables y crecimiento econ\u00f3mico. La transformaci\u00f3n sostenible de nuestra empresa est\u00e1 cobrando cada vez m\u00e1s impulso y nos da un impulso adicional para alcanzar los ambiciosos objetivos de los pr\u00f3ximos a\u00f1os.<\/p>\n<p>&nbsp;<\/p>\n<p><a href=\"https:\/\/klasmann-deilmann.com\/wp-content\/uploads\/Klasmann-Deilmann_Sustainability_Report_2023.pdf\">Klasmann-Deilmann Sustainability Report 2023 (ingl\u00e9s)<\/a>[\/vc_column_text][\/vc_column_inner][\/vc_row_inner][\/vc_column][\/vc_row][vc_row css=\u00bb.vc_custom_1628166143958{padding-top: 30px !important;padding-bottom: 70px !important;background-color: #414345 !important;}\u00bb][vc_column][vc_row_inner][vc_column_inner][vc_column_text]<\/p>\n<h2 style=\"text-align: left;\">Nuestros indicadores clave de rendimiento<\/h2>\n<p>[\/vc_column_text][\/vc_column_inner][\/vc_row_inner][vc_row_inner equal_height=\u00bbyes\u00bb][vc_column_inner width=\u00bb1\/3&#8243;][vc_hoverbox image=\u00bb18886&#8243; shape=\u00bb75&#8243; primary_title=\u00bbMaterias primas alternativas\u00bb hover_title=\u00bb\u00bb hover_align=\u00bbleft\u00bb hover_background_color=\u00bbcustom\u00bb hover_custom_background=\u00bb#44a12b\u00bb]<\/p>\n<p style=\"text-align: left;\">Nuestro objetivo es aumentar la proporci\u00f3n de materias primas alternativas hasta el 50 % de nuestra producci\u00f3n anual total para 2030.<\/p>\n<p style=\"text-align: left;\">2024: 27,6 | 2020: 14,8 % | 2016: 8,5 % |&nbsp;<\/p>\n<p>[\/vc_hoverbox][\/vc_column_inner][vc_column_inner width=\u00bb1\/3&#8243;][vc_hoverbox image=\u00bb36589&#8243; shape=\u00bb75&#8243; primary_title=\u00bbHuella de carbono en los productos\u00bb hover_title=\u00bb\u00bb hover_align=\u00bbleft\u00bb hover_background_color=\u00bbcustom\u00bb hover_custom_background=\u00bb#df4417&#8243;]<\/p>\n<p style=\"text-align: left;\">Como deseamos mejorar continuamente las emisiones por unidad de producto, calculamos la ratio entre las emisiones totales de nuestra compa\u00f1\u00eda (en t CO2e) y nuestro volumen de producci\u00f3n total (en m\u00b3).&nbsp;<\/p>\n<p style=\"text-align: left;\">2024: 63,8 kg CO<sub>2<\/sub>e\/m\u00b3 | 2020: 61,2 kg CO<sub>2<\/sub>e\/m\u00b3 | 2016: 82,9 kg CO<sub>2<\/sub>e\/m\u00b3&nbsp;<\/p>\n<p>[\/vc_hoverbox][\/vc_column_inner][vc_column_inner width=\u00bb1\/3&#8243;][vc_hoverbox image=\u00bb33569&#8243; shape=\u00bb75&#8243; primary_title=\u00bbHuella de carbono corporativa\u00bb hover_title=\u00bb\u00bb hover_align=\u00bbleft\u00bb hover_background_color=\u00bbcustom\u00bb hover_custom_background=\u00bb#235b43&#8243;]Desde 2013, hemos aumentado nuestro volumen de ventas en un 23 %. Al mismo tiempo, hemos reducido nuestras emisiones en un 13 %. En el futuro, queremos seguir combinando el crecimiento econ\u00f3mico con el desarrollo sostenible.<\/p>\n<p>2024: 255 004 t CO<sub>2<\/sub>e | 2020: 263 816 t CO<sub>2<\/sub>e | 2016: 295 452 t CO<sub>2<\/sub>e |[\/vc_hoverbox][\/vc_column_inner][\/vc_row_inner][vc_row_inner equal_height=\u00bbyes\u00bb][vc_column_inner width=\u00bb1\/3&#8243;][\/vc_column_inner][vc_column_inner width=\u00bb1\/3&#8243;][\/vc_column_inner][vc_column_inner width=\u00bb1\/3&#8243;][\/vc_column_inner][\/vc_row_inner][\/vc_column][\/vc_row][vc_row][vc_column][vc_row_inner][vc_column_inner][vc_column_text]<\/p>\n<h2>Mejore el impacto clim\u00e1tico de su vivero con mezclas de sustrato alternativas<\/h2>\n<p>La huella de carbono en los productos (PCF) se refiere a las emisiones de gases de efecto invernadero generadas por un producto a lo largo de su ciclo de vida. La elecci\u00f3n de los componentes del sustrato influye en la PCF.[\/vc_column_text][\/vc_column_inner][\/vc_row_inner][vc_row_inner][vc_column_inner width=\u00bb1\/2&#8243;][vc_column_text el_class=\u00bbpluslist green\u00bb]<\/p>\n<h3>Nos gustar\u00eda suministrarle mezclas de sustrato con una PCF mejorada&nbsp;<\/h3>\n<p>&nbsp;<\/p>\n<ul>\n<li>Esto se consigue con un mayor empleo de componentes alternativos<\/li>\n<li>Estos materiales son principalmente fibra de madera y compost verde de producci\u00f3n propia en un proceso de calidad asegurada<\/li>\n<li>El coco, la perlita y las materias primas disponibles a escala regional tambi\u00e9n est\u00e1n ganando importancia<\/li>\n<\/ul>\n<p>[\/vc_column_text][\/vc_column_inner][vc_column_inner width=\u00bb1\/2&#8243;][vc_column_text]<img loading=\"lazy\" decoding=\"async\" class=\"alignnone wp-image-33860 size-full\" src=\"https:\/\/klasmann-deilmann.com\/wp-content\/uploads\/Screenshot_PCF-Kompass.jpg\" alt=\"\" width=\"1611\" height=\"1082\" srcset=\"https:\/\/klasmann-deilmann.com\/wp-content\/uploads\/Screenshot_PCF-Kompass.jpg 1611w, https:\/\/klasmann-deilmann.com\/wp-content\/uploads\/Screenshot_PCF-Kompass-300x201.jpg 300w, https:\/\/klasmann-deilmann.com\/wp-content\/uploads\/Screenshot_PCF-Kompass-1024x688.jpg 1024w, https:\/\/klasmann-deilmann.com\/wp-content\/uploads\/Screenshot_PCF-Kompass-768x516.jpg 768w, https:\/\/klasmann-deilmann.com\/wp-content\/uploads\/Screenshot_PCF-Kompass-1536x1032.jpg 1536w\" sizes=\"auto, (max-width: 1611px) 100vw, 1611px\" \/>[\/vc_column_text][\/vc_column_inner][\/vc_row_inner][vc_row_inner][vc_column_inner width=\u00bb1\/2&#8243;][vc_column_text]<\/p>\n<h2>Nuestro compromiso, ventajas para usted:<\/h2>\n<p>[\/vc_column_text][\/vc_column_inner][vc_column_inner width=\u00bb1\/2&#8243;][\/vc_column_inner][\/vc_row_inner][vc_row_inner][vc_column_inner width=\u00bb1\/2&#8243;][vc_column_text]<img loading=\"lazy\" decoding=\"async\" class=\"alignnone wp-image-33858 size-full\" src=\"https:\/\/klasmann-deilmann.com\/wp-content\/uploads\/sustainability_01.jpg\" alt=\"\" width=\"2560\" height=\"2127\" srcset=\"https:\/\/klasmann-deilmann.com\/wp-content\/uploads\/sustainability_01.jpg 2560w, https:\/\/klasmann-deilmann.com\/wp-content\/uploads\/sustainability_01-300x249.jpg 300w, https:\/\/klasmann-deilmann.com\/wp-content\/uploads\/sustainability_01-1024x851.jpg 1024w, https:\/\/klasmann-deilmann.com\/wp-content\/uploads\/sustainability_01-768x638.jpg 768w, https:\/\/klasmann-deilmann.com\/wp-content\/uploads\/sustainability_01-1536x1276.jpg 1536w, https:\/\/klasmann-deilmann.com\/wp-content\/uploads\/sustainability_01-2048x1702.jpg 2048w\" sizes=\"auto, (max-width: 2560px) 100vw, 2560px\" \/>[\/vc_column_text][\/vc_column_inner][vc_column_inner width=\u00bb1\/2&#8243;][vc_column_text el_class=\u00bbpluslist green\u00bb]<\/p>\n<h3>Mejora de su huella de carbono<\/h3>\n<p>&nbsp;<\/p>\n<ul>\n<li>Puede mejorar la huella de carbono de su vivero con mezclas de sustrato alternativas<\/li>\n<li>Esto tambi\u00e9n reduce la huella de carbono de sus plantas<\/li>\n<li>Pasarse a las nuevas mezclas de sustrato brinda una oportunidad para ganar experiencia de forma temprana<\/li>\n<\/ul>\n<p>[\/vc_column_text][\/vc_column_inner][\/vc_row_inner][\/vc_column][\/vc_row][vc_row equal_height=\u00bbyes\u00bb][vc_column width=\u00bb1\/2&#8243; css=\u00bb.vc_custom_1628236246142{background-image: url(https:\/\/klasmann-deilmann.com\/wp-content\/uploads\/woman_greenhouse.jpg?id=33726) !important;background-position: center !important;background-repeat: no-repeat !important;background-size: cover !important;}\u00bb][vc_row_inner][vc_column_inner][\/vc_column_inner][\/vc_row_inner][\/vc_column][vc_column width=\u00bb1\/2&#8243; css=\u00bb.vc_custom_1628235631960{background-color: #df4417 !important;}\u00bb][vc_row_inner][vc_column_inner][vc_column_text]<\/p>\n<h2 style=\"color: #ffffff;\">Brillantes perspectivas:<br \/>\nReduzca sus emisiones de CO<sub>2<\/sub> en hasta un 28\u2009%, con mezclas de sustrato respetuosas con el clima.<\/h2>\n<p>[\/vc_column_text][kd_download_button show_link_download1=\u00bblink\u00bb link1=\u00bburl:https%3A%2F%2Fklasmann-deilmann.com%2Fes%2Fla-empresa%2Fsostenibilidad%2Fsustratos-sostenibles%2F|title:Conocer%20m%C3%A1s%20detalles\u00bb][\/vc_column_inner][\/vc_row_inner][\/vc_column][\/vc_row][vc_section css=\u00bb.vc_custom_1630572488986{margin-top: 30px !important;}\u00bb][vc_row][vc_column][kd_accordion_custom color=\u00bbkdgreen\u00bb shape=\u00bbsquare\u00bb gap=\u00bb20&#8243; collapsible_all=\u00bbtrue\u00bb active_section=\u00bb99&#8243;][vc_tta_section title=\u00bbExtracci\u00f3n responsable de turba\u00bb tab_id=\u00bb1630572275455-75ef92f5-64c6&#8243;][vc_row_inner][vc_column_inner][vc_column_text css=\u00bb\u00bb el_class=\u00bbpluslist\u00bb]<\/p>\n<ul>\n<li>Extracci\u00f3n de turba \u00fanicamente en turberas degradadas<\/li>\n<li>Las turberas pr\u00edstinas han sido declaradas \u00e1reas protegidas (desde 1981 en Baja Sajonia) y se mantienen intactas<\/li>\n<li>El uso de tierra de turbera cumple el c\u00f3digo de conducta de la antigua European Peat and Growing Media Association (EPAGMA)<\/li>\n<li>Apoyamos el desarrollo de la ecoetiqueta Responsibly Produced Peat (RPP)<\/li>\n<li>Un 93,9\u2009% de nuestras turberas tienen la certificaci\u00f3n RPP<\/li>\n<\/ul>\n<p>[\/vc_column_text][\/vc_column_inner][\/vc_row_inner][\/vc_tta_section][vc_tta_section title=\u00bb\u00c1reas de extracci\u00f3n con certificaci\u00f3n RPP\u00bb tab_id=\u00bb1630572275474-3b32d617-ae95&#8243;][vc_row_inner][vc_column_inner][vc_column_text css=\u00bb\u00bb el_class=\u00bbpluslist\u00bb]El sistema de certificaci\u00f3n europea \u201cResponsibly Produced Peat\u201d (RPP) se estableci\u00f3 en 2013 con los objetivos siguientes:<\/p>\n<ul>\n<li>Dejar intactas las turberas naturales de alto valor de conservaci\u00f3n y preservarlas a largo plazo<\/li>\n<li>Permitir la producci\u00f3n controlada de turba \u00fanicamente en zonas ya drenadas y\/o usadas anteriormente para agricultura<\/li>\n<li>Asegurar la disponibilidad a largo plazo de la turba como valioso componente de sustratos de cultivo<\/li>\n<li>Incrementar el ritmo de producci\u00f3n de turba procedente de turberas degradadas, con el fin de iniciar las medidas de restauraci\u00f3n lo antes posible<\/li>\n<\/ul>\n<p>RPP ha establecido un sistema de certificaci\u00f3n fiable y transparente para una producci\u00f3n de turba responsable. Las empresas adheridas y sus \u00e1reas de extracci\u00f3n son examinadas por un auditor independiente en representaci\u00f3n del organismo de certificaci\u00f3n ECAS.<\/p>\n<p>En los \u00faltimos a\u00f1os, Klasmann-Deilmann ha obtenido la certificaci\u00f3n RPP para la mayor parte de sus propias \u00e1reas de extracci\u00f3n. A finales de 2024, el 93,9 % del \u00e1rea total de extracci\u00f3n ya contaba con la certificaci\u00f3n RPP. Esto significa que el 97,5 % de los vol\u00famenes cosechados proced\u00edan de \u00e1reas con certificaci\u00f3n RPP.[\/vc_column_text][\/vc_column_inner][\/vc_row_inner][\/vc_tta_section][\/kd_accordion_custom][\/vc_column][\/vc_row][\/vc_section][vc_row css=\u00bb.vc_custom_1628240340416{margin-top: 70px !important;}\u00bb][vc_column][vc_row_inner][vc_column_inner width=\u00bb1\/2&#8243;][vc_column_text css=\u00bb\u00bb]<\/p>\n<h2 style=\"text-align: left;\">Medidas posteriores a la extracci\u00f3n de la turba<\/h2>\n<p>Una vez que la extracci\u00f3n de turba ha llegado a su fin, las \u00e1reas en cuesti\u00f3n se preparan de acuerdo con los requisitos reglamentarios. En la actualidad, 5000 hect\u00e1reas de zonas rehumidificadas est\u00e1n disponibles de forma permanente como biotopos para la protecci\u00f3n de la naturaleza y el clima.<\/p>\n<p><a href=\"https:\/\/klasmann-deilmann.com\/wp-content\/uploads\/KD_Brochure_Peat_Moss_en.pdf\" target=\"_blank\" rel=\"noopener\"><u>Folleto sobre la restauraci\u00f3n de turberas con musgos (ingl\u00e9s)<\/u><\/a><\/p>\n<p>&nbsp;[\/vc_column_text][\/vc_column_inner][vc_column_inner width=\u00bb1\/2&#8243;][vc_column_text]<img loading=\"lazy\" decoding=\"async\" class=\"alignnone wp-image-33815 size-full\" src=\"https:\/\/klasmann-deilmann.com\/wp-content\/uploads\/peat_bog_restoration.jpg\" alt=\"\" width=\"2560\" height=\"1920\" srcset=\"https:\/\/klasmann-deilmann.com\/wp-content\/uploads\/peat_bog_restoration.jpg 2560w, https:\/\/klasmann-deilmann.com\/wp-content\/uploads\/peat_bog_restoration-300x225.jpg 300w, https:\/\/klasmann-deilmann.com\/wp-content\/uploads\/peat_bog_restoration-1024x768.jpg 1024w, https:\/\/klasmann-deilmann.com\/wp-content\/uploads\/peat_bog_restoration-768x576.jpg 768w, https:\/\/klasmann-deilmann.com\/wp-content\/uploads\/peat_bog_restoration-1536x1152.jpg 1536w, https:\/\/klasmann-deilmann.com\/wp-content\/uploads\/peat_bog_restoration-2048x1536.jpg 2048w\" sizes=\"auto, (max-width: 2560px) 100vw, 2560px\" \/>[\/vc_column_text][\/vc_column_inner][\/vc_row_inner][\/vc_column][\/vc_row][vc_row css=\u00bb.vc_custom_1629210697188{margin-top: 70px !important;}\u00bb][vc_column][kd_getintouch image=\u00bb32948&#8243;][\/vc_column][\/vc_row]<\/div>\n","protected":false},"excerpt":{"rendered":"<p>[vc_row][vc_column][kd_header_random_image_banner image=\u00bb14831&#8243;][\/kd_header_random_image_banner][\/vc_column][\/vc_row][vc_row][vc_column][vc_row_inner][vc_column_inner][vc_column_text] Sostenibilidad \u2013 esencial en nuestra estrategia empresarial Informamos de forma exhaustiva y transparente acerca de nuestras actividades. Queremos que el p\u00fablico sea consciente del modo en que hemos colocado firmemente la sostenibilidad en primera l\u00ednea de nuestras pr\u00e1cticas empresariales. Y queremos seguir siendo la empresa m\u00e1s sostenible del sector de los sustratos.[\/vc_column_text][\/vc_column_inner][\/vc_row_inner][\/vc_column][\/vc_row][vc_row][vc_column][vc_row_inner][vc_column_inner width=\u00bb1\/3&#8243;][vc_column_text css=\u00bb\u00bb][\/vc_column_text][\/vc_column_inner][vc_column_inner width=\u00bb2\/3&#8243;][vc_column_text css=\u00bb\u00bb]En nuestro Informe de sostenibilidad 2023, echamos la vista atr\u00e1s a una d\u00e9cada de reducci\u00f3n de la huella de carbono, r\u00e1pido aumento de<\/p>\n","protected":false},"author":7,"featured_media":0,"parent":75384,"menu_order":257,"comment_status":"closed","ping_status":"closed","template":"","meta":{"_acf_changed":false,"inline_featured_image":false,"footnotes":""},"class_list":["post-75454","page","type-page","status-publish","hentry"],"acf":[],"yoast_head":"<!-- This site is optimized with the Yoast SEO plugin v27.5 - https:\/\/yoast.com\/product\/yoast-seo-wordpress\/ -->\n<title>Sostenibilidad - Klasmann-Deilmann<\/title>\n<meta name=\"robots\" content=\"index, follow, max-snippet:-1, max-image-preview:large, max-video-preview:-1\" \/>\n<link rel=\"canonical\" href=\"https:\/\/klasmann-deilmann.com\/es\/la-empresa\/sostenibilidad\/\" \/>\n<meta property=\"og:locale\" content=\"es_ES\" \/>\n<meta property=\"og:type\" content=\"article\" \/>\n<meta property=\"og:title\" content=\"Sostenibilidad - Klasmann-Deilmann\" \/>\n<meta property=\"og:description\" content=\"[vc_row][vc_column][kd_header_random_image_banner image=\u00bb14831&#8243;][\/kd_header_random_image_banner][\/vc_column][\/vc_row][vc_row][vc_column][vc_row_inner][vc_column_inner][vc_column_text] Sostenibilidad \u2013 esencial en nuestra estrategia empresarial Informamos de forma exhaustiva y transparente acerca de nuestras actividades. Queremos que el p\u00fablico sea consciente del modo en que hemos colocado firmemente la sostenibilidad en primera l\u00ednea de nuestras pr\u00e1cticas empresariales. Y queremos seguir siendo la empresa m\u00e1s sostenible del sector de los sustratos.[\/vc_column_text][\/vc_column_inner][\/vc_row_inner][\/vc_column][\/vc_row][vc_row][vc_column][vc_row_inner][vc_column_inner width=\u00bb1\/3&#8243;][vc_column_text css=\u00bb\u00bb][\/vc_column_text][\/vc_column_inner][vc_column_inner width=\u00bb2\/3&#8243;][vc_column_text css=\u00bb\u00bb]En nuestro Informe de sostenibilidad 2023, echamos la vista atr\u00e1s a una d\u00e9cada de reducci\u00f3n de la huella de carbono, r\u00e1pido aumento de\" \/>\n<meta property=\"og:url\" content=\"https:\/\/klasmann-deilmann.com\/es\/la-empresa\/sostenibilidad\/\" \/>\n<meta property=\"og:site_name\" content=\"Klasmann-Deilmann\" \/>\n<meta property=\"article:modified_time\" content=\"2025-08-18T10:05:41+00:00\" \/>\n<meta property=\"og:image\" content=\"https:\/\/klasmann-deilmann.com\/wp-content\/uploads\/Screenshot_PCF-Kompass.jpg\" \/>\n<meta name=\"twitter:card\" content=\"summary_large_image\" \/>\n<meta name=\"twitter:label1\" content=\"Tiempo de lectura\" \/>\n\t<meta name=\"twitter:data1\" content=\"6 minutos\" \/>\n<script type=\"application\/ld+json\" class=\"yoast-schema-graph\">{\"@context\":\"https:\\\/\\\/schema.org\",\"@graph\":[{\"@type\":\"WebPage\",\"@id\":\"https:\\\/\\\/klasmann-deilmann.com\\\/es\\\/la-empresa\\\/sostenibilidad\\\/\",\"url\":\"https:\\\/\\\/klasmann-deilmann.com\\\/es\\\/la-empresa\\\/sostenibilidad\\\/\",\"name\":\"Sostenibilidad - Klasmann-Deilmann\",\"isPartOf\":{\"@id\":\"https:\\\/\\\/klasmann-deilmann.com\\\/en\\\/#website\"},\"primaryImageOfPage\":{\"@id\":\"https:\\\/\\\/klasmann-deilmann.com\\\/es\\\/la-empresa\\\/sostenibilidad\\\/#primaryimage\"},\"image\":{\"@id\":\"https:\\\/\\\/klasmann-deilmann.com\\\/es\\\/la-empresa\\\/sostenibilidad\\\/#primaryimage\"},\"thumbnailUrl\":\"https:\\\/\\\/klasmann-deilmann.com\\\/wp-content\\\/uploads\\\/Screenshot_PCF-Kompass.jpg\",\"datePublished\":\"2021-08-05T09:14:48+00:00\",\"dateModified\":\"2025-08-18T10:05:41+00:00\",\"breadcrumb\":{\"@id\":\"https:\\\/\\\/klasmann-deilmann.com\\\/es\\\/la-empresa\\\/sostenibilidad\\\/#breadcrumb\"},\"inLanguage\":\"es\",\"potentialAction\":[{\"@type\":\"ReadAction\",\"target\":[\"https:\\\/\\\/klasmann-deilmann.com\\\/es\\\/la-empresa\\\/sostenibilidad\\\/\"]}]},{\"@type\":\"ImageObject\",\"inLanguage\":\"es\",\"@id\":\"https:\\\/\\\/klasmann-deilmann.com\\\/es\\\/la-empresa\\\/sostenibilidad\\\/#primaryimage\",\"url\":\"https:\\\/\\\/klasmann-deilmann.com\\\/wp-content\\\/uploads\\\/Screenshot_PCF-Kompass.jpg\",\"contentUrl\":\"https:\\\/\\\/klasmann-deilmann.com\\\/wp-content\\\/uploads\\\/Screenshot_PCF-Kompass.jpg\"},{\"@type\":\"BreadcrumbList\",\"@id\":\"https:\\\/\\\/klasmann-deilmann.com\\\/es\\\/la-empresa\\\/sostenibilidad\\\/#breadcrumb\",\"itemListElement\":[{\"@type\":\"ListItem\",\"position\":1,\"name\":\"Home\",\"item\":\"https:\\\/\\\/klasmann-deilmann.com\\\/es\\\/\"},{\"@type\":\"ListItem\",\"position\":2,\"name\":\"La empresa\",\"item\":\"https:\\\/\\\/klasmann-deilmann.com\\\/es\\\/la-empresa\\\/\"},{\"@type\":\"ListItem\",\"position\":3,\"name\":\"Sostenibilidad\"}]},{\"@type\":\"WebSite\",\"@id\":\"https:\\\/\\\/klasmann-deilmann.com\\\/en\\\/#website\",\"url\":\"https:\\\/\\\/klasmann-deilmann.com\\\/en\\\/\",\"name\":\"Klasmann-Deilmann\",\"description\":\"\",\"potentialAction\":[{\"@type\":\"SearchAction\",\"target\":{\"@type\":\"EntryPoint\",\"urlTemplate\":\"https:\\\/\\\/klasmann-deilmann.com\\\/en\\\/?s={search_term_string}\"},\"query-input\":{\"@type\":\"PropertyValueSpecification\",\"valueRequired\":true,\"valueName\":\"search_term_string\"}}],\"inLanguage\":\"es\"}]}<\/script>\n<!-- \/ Yoast SEO plugin. -->","yoast_head_json":{"title":"Sostenibilidad - Klasmann-Deilmann","robots":{"index":"index","follow":"follow","max-snippet":"max-snippet:-1","max-image-preview":"max-image-preview:large","max-video-preview":"max-video-preview:-1"},"canonical":"https:\/\/klasmann-deilmann.com\/es\/la-empresa\/sostenibilidad\/","og_locale":"es_ES","og_type":"article","og_title":"Sostenibilidad - Klasmann-Deilmann","og_description":"[vc_row][vc_column][kd_header_random_image_banner image=\u00bb14831&#8243;][\/kd_header_random_image_banner][\/vc_column][\/vc_row][vc_row][vc_column][vc_row_inner][vc_column_inner][vc_column_text] Sostenibilidad \u2013 esencial en nuestra estrategia empresarial Informamos de forma exhaustiva y transparente acerca de nuestras actividades. Queremos que el p\u00fablico sea consciente del modo en que hemos colocado firmemente la sostenibilidad en primera l\u00ednea de nuestras pr\u00e1cticas empresariales. Y queremos seguir siendo la empresa m\u00e1s sostenible del sector de los sustratos.[\/vc_column_text][\/vc_column_inner][\/vc_row_inner][\/vc_column][\/vc_row][vc_row][vc_column][vc_row_inner][vc_column_inner width=\u00bb1\/3&#8243;][vc_column_text css=\u00bb\u00bb][\/vc_column_text][\/vc_column_inner][vc_column_inner width=\u00bb2\/3&#8243;][vc_column_text css=\u00bb\u00bb]En nuestro Informe de sostenibilidad 2023, echamos la vista atr\u00e1s a una d\u00e9cada de reducci\u00f3n de la huella de carbono, r\u00e1pido aumento de","og_url":"https:\/\/klasmann-deilmann.com\/es\/la-empresa\/sostenibilidad\/","og_site_name":"Klasmann-Deilmann","article_modified_time":"2025-08-18T10:05:41+00:00","og_image":[{"url":"https:\/\/klasmann-deilmann.com\/wp-content\/uploads\/Screenshot_PCF-Kompass.jpg","type":"","width":"","height":""}],"twitter_card":"summary_large_image","twitter_misc":{"Tiempo de lectura":"6 minutos"},"schema":{"@context":"https:\/\/schema.org","@graph":[{"@type":"WebPage","@id":"https:\/\/klasmann-deilmann.com\/es\/la-empresa\/sostenibilidad\/","url":"https:\/\/klasmann-deilmann.com\/es\/la-empresa\/sostenibilidad\/","name":"Sostenibilidad - Klasmann-Deilmann","isPartOf":{"@id":"https:\/\/klasmann-deilmann.com\/en\/#website"},"primaryImageOfPage":{"@id":"https:\/\/klasmann-deilmann.com\/es\/la-empresa\/sostenibilidad\/#primaryimage"},"image":{"@id":"https:\/\/klasmann-deilmann.com\/es\/la-empresa\/sostenibilidad\/#primaryimage"},"thumbnailUrl":"https:\/\/klasmann-deilmann.com\/wp-content\/uploads\/Screenshot_PCF-Kompass.jpg","datePublished":"2021-08-05T09:14:48+00:00","dateModified":"2025-08-18T10:05:41+00:00","breadcrumb":{"@id":"https:\/\/klasmann-deilmann.com\/es\/la-empresa\/sostenibilidad\/#breadcrumb"},"inLanguage":"es","potentialAction":[{"@type":"ReadAction","target":["https:\/\/klasmann-deilmann.com\/es\/la-empresa\/sostenibilidad\/"]}]},{"@type":"ImageObject","inLanguage":"es","@id":"https:\/\/klasmann-deilmann.com\/es\/la-empresa\/sostenibilidad\/#primaryimage","url":"https:\/\/klasmann-deilmann.com\/wp-content\/uploads\/Screenshot_PCF-Kompass.jpg","contentUrl":"https:\/\/klasmann-deilmann.com\/wp-content\/uploads\/Screenshot_PCF-Kompass.jpg"},{"@type":"BreadcrumbList","@id":"https:\/\/klasmann-deilmann.com\/es\/la-empresa\/sostenibilidad\/#breadcrumb","itemListElement":[{"@type":"ListItem","position":1,"name":"Home","item":"https:\/\/klasmann-deilmann.com\/es\/"},{"@type":"ListItem","position":2,"name":"La empresa","item":"https:\/\/klasmann-deilmann.com\/es\/la-empresa\/"},{"@type":"ListItem","position":3,"name":"Sostenibilidad"}]},{"@type":"WebSite","@id":"https:\/\/klasmann-deilmann.com\/en\/#website","url":"https:\/\/klasmann-deilmann.com\/en\/","name":"Klasmann-Deilmann","description":"","potentialAction":[{"@type":"SearchAction","target":{"@type":"EntryPoint","urlTemplate":"https:\/\/klasmann-deilmann.com\/en\/?s={search_term_string}"},"query-input":{"@type":"PropertyValueSpecification","valueRequired":true,"valueName":"search_term_string"}}],"inLanguage":"es"}]}},"_links":{"self":[{"href":"https:\/\/klasmann-deilmann.com\/es\/wp-json\/wp\/v2\/pages\/75454","targetHints":{"allow":["GET"]}}],"collection":[{"href":"https:\/\/klasmann-deilmann.com\/es\/wp-json\/wp\/v2\/pages"}],"about":[{"href":"https:\/\/klasmann-deilmann.com\/es\/wp-json\/wp\/v2\/types\/page"}],"author":[{"embeddable":true,"href":"https:\/\/klasmann-deilmann.com\/es\/wp-json\/wp\/v2\/users\/7"}],"replies":[{"embeddable":true,"href":"https:\/\/klasmann-deilmann.com\/es\/wp-json\/wp\/v2\/comments?post=75454"}],"version-history":[{"count":12,"href":"https:\/\/klasmann-deilmann.com\/es\/wp-json\/wp\/v2\/pages\/75454\/revisions"}],"predecessor-version":[{"id":91211,"href":"https:\/\/klasmann-deilmann.com\/es\/wp-json\/wp\/v2\/pages\/75454\/revisions\/91211"}],"up":[{"embeddable":true,"href":"https:\/\/klasmann-deilmann.com\/es\/wp-json\/wp\/v2\/pages\/75384"}],"wp:attachment":[{"href":"https:\/\/klasmann-deilmann.com\/es\/wp-json\/wp\/v2\/media?parent=75454"}],"curies":[{"name":"wp","href":"https:\/\/api.w.org\/{rel}","templated":true}]}}