{"id":75386,"date":"2021-08-05T11:13:49","date_gmt":"2021-08-05T09:13:49","guid":{"rendered":"https:\/\/klasmann-deilmann.com\/la-empresa\/about-us\/"},"modified":"2024-05-06T09:58:15","modified_gmt":"2024-05-06T07:58:15","slug":"sobre-nosotros","status":"publish","type":"page","link":"https:\/\/klasmann-deilmann.com\/es\/la-empresa\/sobre-nosotros\/","title":{"rendered":"Sobre nosotros"},"content":{"rendered":"<div class=\"wpb-content-wrapper\">[vc_row][vc_column][kd_header_random_image_banner image=\u00bb35067&#8243;][\/kd_header_random_image_banner][\/vc_column][\/vc_row][vc_row full_width=\u00bbstretch_row_content\u00bb equal_height=\u00bbyes\u00bb css=\u00bb.vc_custom_1628582661590{background-color: #44a12b !important;}\u00bb][vc_column width=\u00bb2\/3&#8243;][vc_row_inner][vc_column_inner][vc_column_text]<\/p>\n<h2>Qui\u00e9nes somos y qu\u00e9 hacemos<\/h2>\n<p>Klasmann-Deilmann es el grupo empresarial l\u00edder en el sector internacional de los sustratos, con un gran n\u00famero de empresas de distribuci\u00f3n y de producci\u00f3n en Europa, Asia y Am\u00e9rica, y una red de socios de distribuci\u00f3n y de producci\u00f3n en todos los continentes. Por todas partes nuestros sustratos de cultivo proporcionan una base vital para el crecimiento de frutas, verduras, hongos comestibles, hierbas, plantas ornamentales, \u00e1rboles y arbustos. Estos ayudan a asegurar el \u00e9xito de nuestros socios y clientes del sector de la horticultura comercial y forman parte integral de la cadena de valor del sector alimentario.&nbsp;[\/vc_column_text][\/vc_column_inner][\/vc_row_inner][kd_accordion_custom color=\u00bbkdtextgray\u00bb style=\u00bbflat\u00bb shape=\u00bbsquare\u00bb collapsible_all=\u00bbtrue\u00bb c_icon=\u00bbtriangle\u00bb active_section=\u00bb99&#8243; no_fill=\u00bbtrue\u00bb][vc_tta_section title=\u00bbNuestra cartera de productos\u00bb tab_id=\u00bb1637325180674-36d899a7-33011637591571601&#8243;][vc_column_text]Nuestra cartera de productos incluye sustratos para cultivadores profesionales y el sector del consumo, turba rubia y negra como materia prima \u2013tanto de recursos propios como de fuentes externas\u2013 as\u00ed como fibra de madera, compost verde, fibra de coco y perlita \u2013ambas de fabricaci\u00f3n propia o producidas por empresas asociadas estrechamente vinculadas a nosotros\u2013. Tambi\u00e9n distribuimos el sistema de propagaci\u00f3n Growcoon, nos posicionamos como proveedores de soluciones digitales para cultivadores con la plataforma en l\u00ednea Log &amp; Solve y suministramos musgo esfagn\u00e1ceo para acelerar la restauraci\u00f3n de turberas.<\/p>\n<p>En el sector de las energ\u00edas renovables distribuimos materias primas regenerativas. Nuestros materiales de madera en bruto, producidos en nuestras propias plantaciones de monte bajo de rotaci\u00f3n corta (SRC), contribuyen al suministro de energ\u00eda respetuosa con el clima, especialmente en la regi\u00f3n del B\u00e1ltico.[\/vc_column_text][\/vc_tta_section][vc_tta_section title=\u00bbNuestro compromiso\u00bb tab_id=\u00bb1637325180686-7a95ac7e-240c1637591571601&#8243;][vc_column_text]Compartimos la responsabilidad colectiva para con la humanidad, el medio ambiente y las generaciones futuras. Y tomamos como referencia par\u00e1metros reconocidos internacionalmente para evaluar la seriedad con que nos tomamos este tema. La fundaci\u00f3n Regeling Handels Potgronden (RHP) supervisa nuestros procesos de materias primas y producci\u00f3n. Nuestro sistema de gesti\u00f3n de calidad est\u00e1 certificado conforme a la norma ISO 9001 y nuestro sistema de gesti\u00f3n medioambiental cumple la norma ISO 14001. Gestionamos nuestras \u00e1reas de extracci\u00f3n de turba conforme a las directrices de Responsibly Produced Peat (RPP). Rehabilitamos antiguas zonas de extracci\u00f3n de conformidad con requisitos legales y reglamentarios, principalmente mediante rehumidificaci\u00f3n. Hemos verificado nuestra huella de carbono seg\u00fan la norma ISO 14064 y elaboramos nuestra Memoria de Sostenibilidad de acuerdo con las normas de la Global Reporting Initiative (GRI) de 2016.[\/vc_column_text][\/vc_tta_section][vc_tta_section title=\u00bbNuestra estrategia\u00bb tab_id=\u00bb1637325313829-f91972c5-d6921637591571601&#8243;][vc_column_text]El enfoque estrat\u00e9gico de nuestra compa\u00f1\u00eda, una empresa familiar mediana, tiene una proyecci\u00f3n de futuro muy marcada. Interesados en seguir siendo el productor de sustratos de cultivo m\u00e1s exitoso y sostenible, estamos consolidando con gran resoluci\u00f3n nuestro liderazgo en el desarrollo y el empleo de recursos renovables, avanzadas mezclas de sustrato e innovadoras soluciones para la horticultura comercial.[\/vc_column_text][\/vc_tta_section][vc_tta_section title=\u00bbNuestro equipo\u00bb tab_id=\u00bb1637325369371-a3da8bad-96f41637591571601&#8243;][vc_column_text]En todas nuestras actividades nuestros empleados son un activo fundamental. Una y otra vez, su conocimiento experto y su compromiso desempe\u00f1an un papel crucial a la hora de hacernos avanzar en cuesti\u00f3n de sostenibilidad empresarial y satisfacci\u00f3n del cliente. Estimulamos su desarrollo y estamos encantados con sus fuertes v\u00ednculos con nuestra organizaci\u00f3n.[\/vc_column_text][\/vc_tta_section][\/kd_accordion_custom][\/vc_column][vc_column width=\u00bb1\/3&#8243; css=\u00bb.vc_custom_1628846035037{background-image: url(https:\/\/klasmann-deilmann.com\/wp-content\/uploads\/Klasmann-Deilmann_Z192953_medium-scaled.jpg?id=35370) !important;background-position: center !important;background-repeat: no-repeat !important;background-size: cover !important;}\u00bb][\/vc_column][\/vc_row][vc_row css=\u00bb.vc_custom_1628588089279{padding-top: 70px !important;}\u00bb][vc_column][vc_row_inner][vc_column_inner width=\u00bb2\/3&#8243;][vc_column_text]<\/p>\n<h2>La innovaci\u00f3n como tradici\u00f3n<\/h2>\n<p>[\/vc_column_text][\/vc_column_inner][\/vc_row_inner][vc_row_inner][vc_column_inner][kd_timeline][\/vc_column_inner][\/vc_row_inner][\/vc_column][\/vc_row][vc_row css=\u00bb.vc_custom_1628522595379{padding-bottom: 50px !important;background-color: #f0f0ed !important;}\u00bb][vc_column][vc_row_inner][vc_column_inner][vc_column_text]<\/p>\n<h2 style=\"text-align: left; color: #44a12b;\">Visi\u00f3n general de nuestras \u00e1reas de negocio<\/h2>\n<p>[\/vc_column_text][vc_single_image image=\u00bb83929&#8243; img_size=\u00bbfull\u00bb alignment=\u00bbcenter\u00bb css=\u00bb.vc_custom_1714982290792{padding-top: 30px !important;}\u00bb][\/vc_column_inner][\/vc_row_inner][\/vc_column][\/vc_row][vc_row full_width=\u00bbstretch_row_content_no_spaces\u00bb css=\u00bb.vc_custom_1628587859027{padding-top: 50px !important;padding-bottom: 50px !important;}\u00bb][vc_column css=\u00bb.vc_custom_1628523242409{margin-top: 30px !important;}\u00bb][kd_getintouch image=\u00bb32948&#8243; background_color=\u00bbkdorange\u00bb][\/vc_column][\/vc_row]<\/p><\/div>\n","protected":false},"excerpt":{"rendered":"<p>[vc_row][vc_column][kd_header_random_image_banner image=\u00bb35067&#8243;][\/kd_header_random_image_banner][\/vc_column][\/vc_row][vc_row full_width=\u00bbstretch_row_content\u00bb equal_height=\u00bbyes\u00bb css=\u00bb.vc_custom_1628582661590{background-color: #44a12b !important;}\u00bb][vc_column width=\u00bb2\/3&#8243;][vc_row_inner][vc_column_inner][vc_column_text] Qui\u00e9nes somos y qu\u00e9 hacemos Klasmann-Deilmann es el grupo empresarial l\u00edder en el sector internacional de los sustratos, con un gran n\u00famero de empresas de distribuci\u00f3n y de producci\u00f3n en Europa, Asia y Am\u00e9rica, y una red de socios de distribuci\u00f3n y de producci\u00f3n en todos los continentes. Por todas partes nuestros sustratos de cultivo proporcionan una base vital para el crecimiento de frutas, verduras, hongos comestibles, hierbas, plantas ornamentales, \u00e1rboles y<\/p>\n","protected":false},"author":7,"featured_media":0,"parent":75384,"menu_order":232,"comment_status":"closed","ping_status":"closed","template":"","meta":{"_acf_changed":false,"inline_featured_image":false,"footnotes":""},"class_list":["post-75386","page","type-page","status-publish","hentry"],"acf":[],"yoast_head":"<!-- This site is optimized with the Yoast SEO plugin v27.5 - https:\/\/yoast.com\/product\/yoast-seo-wordpress\/ -->\n<title>Sobre nosotros - Klasmann-Deilmann<\/title>\n<meta name=\"robots\" content=\"index, follow, max-snippet:-1, max-image-preview:large, max-video-preview:-1\" \/>\n<link rel=\"canonical\" href=\"https:\/\/klasmann-deilmann.com\/es\/la-empresa\/sobre-nosotros\/\" \/>\n<meta property=\"og:locale\" content=\"es_ES\" \/>\n<meta property=\"og:type\" content=\"article\" \/>\n<meta property=\"og:title\" content=\"Sobre nosotros - Klasmann-Deilmann\" \/>\n<meta property=\"og:description\" content=\"[vc_row][vc_column][kd_header_random_image_banner image=\u00bb35067&#8243;][\/kd_header_random_image_banner][\/vc_column][\/vc_row][vc_row full_width=\u00bbstretch_row_content\u00bb equal_height=\u00bbyes\u00bb css=\u00bb.vc_custom_1628582661590{background-color: #44a12b !important;}\u00bb][vc_column width=\u00bb2\/3&#8243;][vc_row_inner][vc_column_inner][vc_column_text] Qui\u00e9nes somos y qu\u00e9 hacemos Klasmann-Deilmann es el grupo empresarial l\u00edder en el sector internacional de los sustratos, con un gran n\u00famero de empresas de distribuci\u00f3n y de producci\u00f3n en Europa, Asia y Am\u00e9rica, y una red de socios de distribuci\u00f3n y de producci\u00f3n en todos los continentes. Por todas partes nuestros sustratos de cultivo proporcionan una base vital para el crecimiento de frutas, verduras, hongos comestibles, hierbas, plantas ornamentales, \u00e1rboles y\" \/>\n<meta property=\"og:url\" content=\"https:\/\/klasmann-deilmann.com\/es\/la-empresa\/sobre-nosotros\/\" \/>\n<meta property=\"og:site_name\" content=\"Klasmann-Deilmann\" \/>\n<meta property=\"article:modified_time\" content=\"2024-05-06T07:58:15+00:00\" \/>\n<meta name=\"twitter:card\" content=\"summary_large_image\" \/>\n<meta name=\"twitter:label1\" content=\"Tiempo de lectura\" \/>\n\t<meta name=\"twitter:data1\" content=\"3 minutos\" \/>\n<script type=\"application\/ld+json\" class=\"yoast-schema-graph\">{\"@context\":\"https:\\\/\\\/schema.org\",\"@graph\":[{\"@type\":\"WebPage\",\"@id\":\"https:\\\/\\\/klasmann-deilmann.com\\\/es\\\/la-empresa\\\/sobre-nosotros\\\/\",\"url\":\"https:\\\/\\\/klasmann-deilmann.com\\\/es\\\/la-empresa\\\/sobre-nosotros\\\/\",\"name\":\"Sobre nosotros - Klasmann-Deilmann\",\"isPartOf\":{\"@id\":\"https:\\\/\\\/klasmann-deilmann.com\\\/en\\\/#website\"},\"datePublished\":\"2021-08-05T09:13:49+00:00\",\"dateModified\":\"2024-05-06T07:58:15+00:00\",\"breadcrumb\":{\"@id\":\"https:\\\/\\\/klasmann-deilmann.com\\\/es\\\/la-empresa\\\/sobre-nosotros\\\/#breadcrumb\"},\"inLanguage\":\"es\",\"potentialAction\":[{\"@type\":\"ReadAction\",\"target\":[\"https:\\\/\\\/klasmann-deilmann.com\\\/es\\\/la-empresa\\\/sobre-nosotros\\\/\"]}]},{\"@type\":\"BreadcrumbList\",\"@id\":\"https:\\\/\\\/klasmann-deilmann.com\\\/es\\\/la-empresa\\\/sobre-nosotros\\\/#breadcrumb\",\"itemListElement\":[{\"@type\":\"ListItem\",\"position\":1,\"name\":\"Home\",\"item\":\"https:\\\/\\\/klasmann-deilmann.com\\\/es\\\/\"},{\"@type\":\"ListItem\",\"position\":2,\"name\":\"La empresa\",\"item\":\"https:\\\/\\\/klasmann-deilmann.com\\\/es\\\/la-empresa\\\/\"},{\"@type\":\"ListItem\",\"position\":3,\"name\":\"Sobre nosotros\"}]},{\"@type\":\"WebSite\",\"@id\":\"https:\\\/\\\/klasmann-deilmann.com\\\/en\\\/#website\",\"url\":\"https:\\\/\\\/klasmann-deilmann.com\\\/en\\\/\",\"name\":\"Klasmann-Deilmann\",\"description\":\"\",\"potentialAction\":[{\"@type\":\"SearchAction\",\"target\":{\"@type\":\"EntryPoint\",\"urlTemplate\":\"https:\\\/\\\/klasmann-deilmann.com\\\/en\\\/?s={search_term_string}\"},\"query-input\":{\"@type\":\"PropertyValueSpecification\",\"valueRequired\":true,\"valueName\":\"search_term_string\"}}],\"inLanguage\":\"es\"}]}<\/script>\n<!-- \/ Yoast SEO plugin. -->","yoast_head_json":{"title":"Sobre nosotros - Klasmann-Deilmann","robots":{"index":"index","follow":"follow","max-snippet":"max-snippet:-1","max-image-preview":"max-image-preview:large","max-video-preview":"max-video-preview:-1"},"canonical":"https:\/\/klasmann-deilmann.com\/es\/la-empresa\/sobre-nosotros\/","og_locale":"es_ES","og_type":"article","og_title":"Sobre nosotros - Klasmann-Deilmann","og_description":"[vc_row][vc_column][kd_header_random_image_banner image=\u00bb35067&#8243;][\/kd_header_random_image_banner][\/vc_column][\/vc_row][vc_row full_width=\u00bbstretch_row_content\u00bb equal_height=\u00bbyes\u00bb css=\u00bb.vc_custom_1628582661590{background-color: #44a12b !important;}\u00bb][vc_column width=\u00bb2\/3&#8243;][vc_row_inner][vc_column_inner][vc_column_text] Qui\u00e9nes somos y qu\u00e9 hacemos Klasmann-Deilmann es el grupo empresarial l\u00edder en el sector internacional de los sustratos, con un gran n\u00famero de empresas de distribuci\u00f3n y de producci\u00f3n en Europa, Asia y Am\u00e9rica, y una red de socios de distribuci\u00f3n y de producci\u00f3n en todos los continentes. Por todas partes nuestros sustratos de cultivo proporcionan una base vital para el crecimiento de frutas, verduras, hongos comestibles, hierbas, plantas ornamentales, \u00e1rboles y","og_url":"https:\/\/klasmann-deilmann.com\/es\/la-empresa\/sobre-nosotros\/","og_site_name":"Klasmann-Deilmann","article_modified_time":"2024-05-06T07:58:15+00:00","twitter_card":"summary_large_image","twitter_misc":{"Tiempo de lectura":"3 minutos"},"schema":{"@context":"https:\/\/schema.org","@graph":[{"@type":"WebPage","@id":"https:\/\/klasmann-deilmann.com\/es\/la-empresa\/sobre-nosotros\/","url":"https:\/\/klasmann-deilmann.com\/es\/la-empresa\/sobre-nosotros\/","name":"Sobre nosotros - Klasmann-Deilmann","isPartOf":{"@id":"https:\/\/klasmann-deilmann.com\/en\/#website"},"datePublished":"2021-08-05T09:13:49+00:00","dateModified":"2024-05-06T07:58:15+00:00","breadcrumb":{"@id":"https:\/\/klasmann-deilmann.com\/es\/la-empresa\/sobre-nosotros\/#breadcrumb"},"inLanguage":"es","potentialAction":[{"@type":"ReadAction","target":["https:\/\/klasmann-deilmann.com\/es\/la-empresa\/sobre-nosotros\/"]}]},{"@type":"BreadcrumbList","@id":"https:\/\/klasmann-deilmann.com\/es\/la-empresa\/sobre-nosotros\/#breadcrumb","itemListElement":[{"@type":"ListItem","position":1,"name":"Home","item":"https:\/\/klasmann-deilmann.com\/es\/"},{"@type":"ListItem","position":2,"name":"La empresa","item":"https:\/\/klasmann-deilmann.com\/es\/la-empresa\/"},{"@type":"ListItem","position":3,"name":"Sobre nosotros"}]},{"@type":"WebSite","@id":"https:\/\/klasmann-deilmann.com\/en\/#website","url":"https:\/\/klasmann-deilmann.com\/en\/","name":"Klasmann-Deilmann","description":"","potentialAction":[{"@type":"SearchAction","target":{"@type":"EntryPoint","urlTemplate":"https:\/\/klasmann-deilmann.com\/en\/?s={search_term_string}"},"query-input":{"@type":"PropertyValueSpecification","valueRequired":true,"valueName":"search_term_string"}}],"inLanguage":"es"}]}},"_links":{"self":[{"href":"https:\/\/klasmann-deilmann.com\/es\/wp-json\/wp\/v2\/pages\/75386","targetHints":{"allow":["GET"]}}],"collection":[{"href":"https:\/\/klasmann-deilmann.com\/es\/wp-json\/wp\/v2\/pages"}],"about":[{"href":"https:\/\/klasmann-deilmann.com\/es\/wp-json\/wp\/v2\/types\/page"}],"author":[{"embeddable":true,"href":"https:\/\/klasmann-deilmann.com\/es\/wp-json\/wp\/v2\/users\/7"}],"replies":[{"embeddable":true,"href":"https:\/\/klasmann-deilmann.com\/es\/wp-json\/wp\/v2\/comments?post=75386"}],"version-history":[{"count":7,"href":"https:\/\/klasmann-deilmann.com\/es\/wp-json\/wp\/v2\/pages\/75386\/revisions"}],"predecessor-version":[{"id":84355,"href":"https:\/\/klasmann-deilmann.com\/es\/wp-json\/wp\/v2\/pages\/75386\/revisions\/84355"}],"up":[{"embeddable":true,"href":"https:\/\/klasmann-deilmann.com\/es\/wp-json\/wp\/v2\/pages\/75384"}],"wp:attachment":[{"href":"https:\/\/klasmann-deilmann.com\/es\/wp-json\/wp\/v2\/media?parent=75386"}],"curies":[{"name":"wp","href":"https:\/\/api.w.org\/{rel}","templated":true}]}}