{"id":85397,"date":"2024-08-02T10:22:11","date_gmt":"2024-08-02T08:22:11","guid":{"rendered":"https:\/\/klasmann-deilmann.com\/?page_id=85397"},"modified":"2025-09-08T09:54:46","modified_gmt":"2025-09-08T07:54:46","slug":"soft-fruit-and-growbag-advanced","status":"publish","type":"page","link":"https:\/\/klasmann-deilmann.com\/en\/fields-of-application\/soft-fruits\/soft-fruit-and-growbag\/soft-fruit-and-growbag-advanced\/","title":{"rendered":"Growbag Advanced"},"content":{"rendered":"<div class=\"wpb-content-wrapper\">[vc_row][vc_column][kd_header_random_image_banner image=&#8221;85671&#8243;][\/kd_header_random_image_banner][\/vc_column][\/vc_row][vc_row el_class=&#8221;softfruits-grid-row&#8221;][vc_column][vc_row_inner gap=&#8221;30&#8243;][vc_column_inner width=&#8221;2\/3&#8243;][vc_column_text css=&#8221;&#8221;]<\/p>\n<h2 style=\"text-align: left;\"><strong>Your growing solution of tomorrow:<br \/>\nThe Growbag ADVANCED for strawberries<\/strong><\/h2>\n<p>Every innovation has its time. That of the Growbag ADVANCED is right now. With this innovation Klasmann-Deilmann is taking one of the most important cultivation methods in commercial horticulture to a whole new level. Always with the highest level of quality and sustainability. And with exactly the level of individuality your strawberry crops need.[\/vc_column_text][vc_gallery interval=&#8221;3&#8243; images=&#8221;85655&#8243; img_size=&#8221;full&#8221; onclick=&#8221;&#8221; css=&#8221;&#8221;][\/vc_column_inner][vc_column_inner width=&#8221;1\/3&#8243; el_id=&#8221;contact-marginalia&#8221;][vc_column_text css=&#8221;&#8221;]<\/p>\n<h2><strong>Contact our Growbag expert \u2026<\/strong><\/h2>\n<p>[\/vc_column_text][kd_contact_person singleorlist=&#8221;single&#8221; singlecontact=&#8221;85508|Jan Vanoverschelde&#8221; template=&#8221;template02&#8243; useemailtemplate=&#8221;&#8221; altemail=&#8221;&#8221; altphone=&#8221;&#8221;][vc_column_text css=&#8221;&#8221;]<\/p>\n<h2><strong>\u2026 or contact your local partner:<\/strong><\/h2>\n<p>[\/vc_column_text][kd_get_contact_by_country topic=&#8221;580&#8243;][\/vc_column_inner][\/vc_row_inner][\/vc_column][\/vc_row][vc_row css=&#8221;.vc_custom_1720774948161{padding-top: 70px !important;padding-bottom: 30px !important;}&#8221;][vc_column][vc_row_inner][vc_column_inner][vc_column_text css=&#8221;&#8221;]<\/p>\n<h2>Short and sweet:<br \/>\nBenefits of the Growbag ADVANCED for strawberries<\/h2>\n<p>[\/vc_column_text][\/vc_column_inner][\/vc_row_inner][vc_row_inner][vc_column_inner width=&#8221;1\/3&#8243;][vc_hoverbox image=&#8221;85885&#8243; shape=&#8221;75&#8243; primary_title=&#8221;Perfect steering properties&#8221; hover_title=&#8221;&#8221; hover_background_color=&#8221;custom&#8221; primtitlecolor=&#8221;white&#8221; hover_custom_background=&#8221;#df4417&#8243; el_class=&#8221;pluslist&#8221;]<\/p>\n<ul style=\"color: #ffffff;\">\n<li style=\"text-align: left;\">&gt; Optimal drainage for best irrigation handling<\/li>\n<li style=\"text-align: left;\">&gt; Homogeneous moisture in root zone<\/li>\n<li style=\"text-align: left;\">&gt; Excellent rewettability<\/li>\n<li style=\"text-align: left;\">&gt; Easy pH control and water savings possible<\/li>\n<\/ul>\n<p>[\/vc_hoverbox][\/vc_column_inner][vc_column_inner width=&#8221;1\/3&#8243;][vc_hoverbox image=&#8221;82223&#8243; shape=&#8221;75&#8243; primary_title=&#8221;Various sizes&#8221; hover_title=&#8221;&#8221; hover_background_color=&#8221;custom&#8221; primtitlecolor=&#8221;white&#8221; hover_custom_background=&#8221;#df4417&#8243;]<\/p>\n<ul style=\"color: #ffffff;\">\n<li style=\"text-align: left;\">&gt; Different dimensions<\/li>\n<li style=\"text-align: left;\">&gt; Various perforation options<\/li>\n<li style=\"text-align: left;\">&gt; Customised solutions<\/li>\n<li style=\"text-align: left;\">&gt; Suit any application<\/li>\n<\/ul>\n<p>[\/vc_hoverbox][\/vc_column_inner][vc_column_inner width=&#8221;1\/3&#8243;][vc_hoverbox image=&#8221;85872&#8243; shape=&#8221;75&#8243; primary_title=&#8221;Available all year&#8221; hover_title=&#8221;&#8221; hover_background_color=&#8221;custom&#8221; primtitlecolor=&#8221;white&#8221; hover_custom_background=&#8221;#df4417&#8243;]<\/p>\n<ul style=\"color: #ffffff;\">\n<li style=\"text-align: left;\">&gt; Reduced coir content for less dependence on overseas origins<\/li>\n<li style=\"text-align: left;\">&gt; Produced decentralized in Germany and Australia with renewable raw materials<\/li>\n<li style=\"text-align: left;\">&gt; High share of regional wood based raw materials<\/li>\n<li style=\"text-align: left;\">&gt; Good availability all year with short transport distancese<\/li>\n<\/ul>\n<p>[\/vc_hoverbox][\/vc_column_inner][\/vc_row_inner][vc_row_inner][vc_column_inner width=&#8221;1\/3&#8243;][vc_hoverbox image=&#8221;77882&#8243; shape=&#8221;75&#8243; primary_title=&#8221;Healthier plants&#8221; hover_title=&#8221;&#8221; hover_background_color=&#8221;custom&#8221; primtitlecolor=&#8221;white&#8221; hover_custom_background=&#8221;#df4417&#8243;]<\/p>\n<ul style=\"color: #ffffff;\">\n<li style=\"text-align: left;\">&gt; Low salt content for best plant growth<\/li>\n<li style=\"text-align: left;\">&gt; Same or even better yield in many cases<\/li>\n<li style=\"text-align: left;\">&gt; Contains beneficial microbial life to help suppressing pathogens<\/li>\n<li style=\"text-align: left;\">&gt; Strong rooting and less root rot<\/li>\n<\/ul>\n<p>[\/vc_hoverbox][\/vc_column_inner][vc_column_inner width=&#8221;1\/3&#8243;][vc_hoverbox image=&#8221;85898&#8243; shape=&#8221;75&#8243; primary_title=&#8221;Easy to use&#8221; hover_title=&#8221;&#8221; hover_background_color=&#8221;custom&#8221; primtitlecolor=&#8221;white&#8221; hover_custom_background=&#8221;#df4417&#8243;]<\/p>\n<ul style=\"color: #ffffff;\">\n<li style=\"text-align: left;\">&gt; Easy conversion from existing grow bag types<\/li>\n<li style=\"text-align: left;\">&gt; Direct use without pre-washing or pre-swelling<\/li>\n<li style=\"text-align: left;\">&gt; Only a one-time moistening for planting necessary<\/li>\n<li style=\"text-align: left;\">&gt; Low weight for optimal handling in the nursery<\/li>\n<\/ul>\n<p>[\/vc_hoverbox][\/vc_column_inner][vc_column_inner width=&#8221;1\/3&#8243;][vc_hoverbox image=&#8221;85911&#8243; shape=&#8221;75&#8243; primary_title=&#8221;Modern and sustainable&#8221; hover_title=&#8221;&#8221; hover_background_color=&#8221;custom&#8221; primtitlecolor=&#8221;white&#8221; hover_custom_background=&#8221;#df4417&#8243;]<\/p>\n<ul style=\"color: #ffffff;\">\n<li style=\"text-align: left;\">&gt; 100 % renewable and fully compostable raw materials<\/li>\n<li style=\"text-align: left;\">&gt; Complete elimination of rock wool, perlite and peat<\/li>\n<li style=\"text-align: left;\">&gt; Use of a new, purely wood-based constituent<\/li>\n<li style=\"text-align: left;\">&gt; Significant CO<sub>2<\/sub> reduction (raw material + transport)<\/li>\n<\/ul>\n<p>[\/vc_hoverbox][\/vc_column_inner][\/vc_row_inner][\/vc_column][\/vc_row][vc_row disable_element=&#8221;yes&#8221; css=&#8221;.vc_custom_1757318081810{margin-bottom: 70px !important;padding-bottom: 30px !important;}&#8221;][vc_column][kd_accordion_custom color=&#8221;kdblue&#8221; shape=&#8221;square&#8221; collapsible_all=&#8221;true&#8221; active_section=&#8221;99&#8243;][vc_tta_section iconimage=&#8221;78107&#8243; tab_id=&#8221;1685458334564-507a603b-7820&#8243; title=&#8221;Experiences with the Growbag ADVANCED in strawberries:&#8221;][vc_row_inner disable_element=&#8221;yes&#8221;][vc_column_inner width=&#8221;1\/3&#8243;][vc_column_text el_class=&#8221;pluslist green&#8221;]<img loading=\"lazy\" decoding=\"async\" width=\"849\" height=\"1220\" class=\"alignnone size-full wp-image-77882\" src=\"\/wp-content\/uploads\/strawberries_1.png\" alt=\"\" srcset=\"https:\/\/klasmann-deilmann.com\/wp-content\/uploads\/strawberries_1.png 849w, https:\/\/klasmann-deilmann.com\/wp-content\/uploads\/strawberries_1-209x300.png 209w, https:\/\/klasmann-deilmann.com\/wp-content\/uploads\/strawberries_1-713x1024.png 713w, https:\/\/klasmann-deilmann.com\/wp-content\/uploads\/strawberries_1-768x1104.png 768w\" sizes=\"auto, (max-width: 849px) 100vw, 849px\" \/>P\u00e9pini\u00e8res Br\u00e9s in Sarrians[\/vc_column_text][\/vc_column_inner][vc_column_inner width=&#8221;2\/3&#8243;][vc_column_text el_class=&#8221;pluslist green&#8221;]<\/p>\n<h3>Trial Data<\/h3>\n<ul>\n<li>Strawberry \u2018Clery\u2019 (young plant from trays)<\/li>\n<li>Installation mid December, we are already at the first<br \/>\nflowers<\/li>\n<li>Growbag ADVANCED vs. Dumona (70% peat\/ 30% bark)<\/li>\n<li>Test on 100 linear meters<\/li>\n<\/ul>\n<h3>Positive:<\/h3>\n<ul>\n<li>Super rooting<\/li>\n<li>Very good vegetative development<\/li>\n<li>First flowers are of good size<\/li>\n<\/ul>\n<h3>Points of attention:<\/h3>\n<ul>\n<li>The planting of the trayplant requires specific perforation<\/li>\n<li>Special attention after planting of trayplants<br \/>\n&gt; to avoid risk of drying out<\/li>\n<\/ul>\n<p>[\/vc_column_text][\/vc_column_inner][\/vc_row_inner][\/vc_tta_section][\/kd_accordion_custom][\/vc_column][\/vc_row][vc_row css=&#8221;.vc_custom_1720772067036{margin-top: 70px !important;padding-top: 30px !important;padding-bottom: 70px !important;background-color: #414345 !important;}&#8221;][vc_column][vc_row_inner][vc_column_inner][vc_column_text css=&#8221;&#8221;]<\/p>\n<h2>Technical Data of the Growbag ADVANCED for strawberries<\/h2>\n<p>[\/vc_column_text][\/vc_column_inner][\/vc_row_inner][vc_row_inner equal_height=&#8221;yes&#8221;][vc_column_inner width=&#8221;1\/2&#8243; css=&#8221;.vc_custom_1628691617282{padding-top: 30px !important;padding-right: 30px !important;padding-bottom: 30px !important;padding-left: 30px !important;}&#8221;][kd_image_with_proportion image=&#8221;85433&#8243; img_size=&#8221;full&#8221; proportion=&#8221;1:1&#8243;][\/vc_column_inner][vc_column_inner width=&#8221;1\/2&#8243; css=&#8221;.vc_custom_1628692250337{background-position: center !important;background-repeat: no-repeat !important;background-size: cover !important;}&#8221;][vc_column_text css=&#8221;&#8221;]<\/p>\n<h3>Raw materials<\/h3>\n<p>Different blends are available based on the innovative GreenFibre\u00ae Mix (wood fibre constituent) in combination with a share of high-quality coir from own production and a base fertilisation for optimal initial plant development.<\/p>\n<h3>Dimensions and quantities<\/h3>\n<p>Valid for the standard growbag size of 1m:<\/p>\n<table>\n<tbody>\n<tr>\n<td><strong>Pallet size and weight:<\/strong><\/td>\n<td>120 x 100 cm, approx. 850 kg \/ pallet with shrink film for safe storage<\/td>\n<\/tr>\n<tr>\n<td><strong>Length, width, height:<\/strong><\/td>\n<td>1 m, appr. 18 cm, appr. 8 cm<\/td>\n<\/tr>\n<tr>\n<td><strong>Filling volume:<\/strong><\/td>\n<td>22 l (EN 12580)<\/td>\n<\/tr>\n<tr>\n<td><strong>Planting holes per metre:<\/strong><\/td>\n<td>0 \u2013 12, according to customer requirements, pre-perforated, round holes possible in line or staggered<\/td>\n<\/tr>\n<tr>\n<td><strong>Dripper slots:<\/strong><\/td>\n<td>Perforations for drippers and irrigation tubes possible<\/td>\n<\/tr>\n<tr>\n<td><strong>Drainage slots:<\/strong><\/td>\n<td>Bags available with and without drainage slots<\/td>\n<\/tr>\n<tr>\n<td><strong>Quantity per pallet:<\/strong><\/td>\n<td>196 grow bags (28 layers, 7 growbags per layer)<\/td>\n<\/tr>\n<tr>\n<td><strong>Storage time:<\/strong><\/td>\n<td>Max. 2 months, ideally store pallets protected<\/td>\n<\/tr>\n<tr>\n<td><strong>UV stability:<\/strong><\/td>\n<td>Plastic film 2 year UV resistance<\/td>\n<\/tr>\n<\/tbody>\n<\/table>\n<p>Other types, sizes and customised solutions available on demand.[\/vc_column_text][\/vc_column_inner][\/vc_row_inner][\/vc_column][\/vc_row][vc_row full_width=&#8221;stretch_row&#8221; css=&#8221;.vc_custom_1685526425586{margin-bottom: 70px !important;}&#8221;][vc_column][vc_row_inner][vc_column_inner][kd_image_with_proportion image=&#8221;85777&#8243; img_size=&#8221;full&#8221; proportion=&#8221;5\/2&#8243;][\/vc_column_inner][\/vc_row_inner][vc_row_inner css=&#8221;.vc_custom_1685526539106{margin-top: -30px !important;}&#8221;][vc_column_inner][vc_column_text]<img loading=\"lazy\" decoding=\"async\" width=\"2560\" height=\"710\" class=\"alignnone size-full wp-image-50250\" src=\"\/wp-content\/uploads\/Product_carbon_footprint_EN.png\" alt=\"\" srcset=\"https:\/\/klasmann-deilmann.com\/wp-content\/uploads\/Product_carbon_footprint_EN.png 2560w, https:\/\/klasmann-deilmann.com\/wp-content\/uploads\/Product_carbon_footprint_EN-300x83.png 300w, https:\/\/klasmann-deilmann.com\/wp-content\/uploads\/Product_carbon_footprint_EN-1024x284.png 1024w, https:\/\/klasmann-deilmann.com\/wp-content\/uploads\/Product_carbon_footprint_EN-768x213.png 768w, https:\/\/klasmann-deilmann.com\/wp-content\/uploads\/Product_carbon_footprint_EN-1536x426.png 1536w, https:\/\/klasmann-deilmann.com\/wp-content\/uploads\/Product_carbon_footprint_EN-2048x568.png 2048w\" sizes=\"auto, (max-width: 2560px) 100vw, 2560px\" \/>[\/vc_column_text][\/vc_column_inner][\/vc_row_inner][\/vc_column][\/vc_row][vc_row css=&#8221;.vc_custom_1722587010898{padding-bottom: 70px !important;}&#8221;][vc_column][vc_row_inner equal_height=&#8221;yes&#8221;][vc_column_inner width=&#8221;1\/2&#8243; css=&#8221;.vc_custom_1628692250337{background-position: center !important;background-repeat: no-repeat !important;background-size: cover !important;}&#8221;][vc_column_text css=&#8221;&#8221;]<img loading=\"lazy\" decoding=\"async\" width=\"2560\" height=\"1707\" class=\"alignnone size-full wp-image-80080\" src=\"\/wp-content\/uploads\/klasmann-deilmann_alternative_raw_materials_greenfibre-1.jpg\" alt=\"\" srcset=\"https:\/\/klasmann-deilmann.com\/wp-content\/uploads\/klasmann-deilmann_alternative_raw_materials_greenfibre-1.jpg 2560w, https:\/\/klasmann-deilmann.com\/wp-content\/uploads\/klasmann-deilmann_alternative_raw_materials_greenfibre-1-300x200.jpg 300w, https:\/\/klasmann-deilmann.com\/wp-content\/uploads\/klasmann-deilmann_alternative_raw_materials_greenfibre-1-1024x683.jpg 1024w, https:\/\/klasmann-deilmann.com\/wp-content\/uploads\/klasmann-deilmann_alternative_raw_materials_greenfibre-1-768x512.jpg 768w, https:\/\/klasmann-deilmann.com\/wp-content\/uploads\/klasmann-deilmann_alternative_raw_materials_greenfibre-1-1536x1024.jpg 1536w, https:\/\/klasmann-deilmann.com\/wp-content\/uploads\/klasmann-deilmann_alternative_raw_materials_greenfibre-1-2048x1366.jpg 2048w\" sizes=\"auto, (max-width: 2560px) 100vw, 2560px\" \/>[\/vc_column_text][\/vc_column_inner][vc_column_inner width=&#8221;1\/2&#8243; css=&#8221;.vc_custom_1628691617282{padding-top: 30px !important;padding-right: 30px !important;padding-bottom: 30px !important;padding-left: 30px !important;}&#8221;][vc_column_text css=&#8221;&#8221;]<\/p>\n<h2>GreenFibre\u00ae: Our premium wood fibre<\/h2>\n<p>[\/vc_column_text][vc_column_text css=&#8221;&#8221; el_class=&#8221;pluslist green&#8221;]<\/p>\n<ul>\n<li>Specifically developed for the needs of modern horticulture<\/li>\n<li>Manufactured inhouse by Klasmann-Deilmann and fully RHP certified<\/li>\n<li>Made of virgin wood from responsibly managed sources<\/li>\n<li>Improves aeration and structural stability in substrates<\/li>\n<li>Stable nitrogen balance to suit normal feeding regime<\/li>\n<li>Low weight and low carbon footprint<\/li>\n<li>Very safe constituent and well available throughout the year<\/li>\n<\/ul>\n<p>[\/vc_column_text][\/vc_column_inner][\/vc_row_inner][\/vc_column][\/vc_row][vc_row css=&#8221;.vc_custom_1720617983945{padding-top: 70px !important;padding-bottom: 70px !important;background-color: #414345 !important;}&#8221;][vc_column][vc_row_inner][vc_column_inner][kd_video_carousel videos=&#8221;%5B%7B%22youtube_url%22%3A%22https%3A%2F%2Fyoutu.be%2FEbreJnTUqzQ%3Fsi%3D5iuYdIdzK288MU9p%22%2C%22video_name%22%3A%22GreenFibre%C2%AE%20%E2%80%93%20Introduction%20(EN)%22%7D%2C%7B%22youtube_url%22%3A%22https%3A%2F%2Fyoutu.be%2FEbreJnTUqzQ%3Fsi%3D5iuYdIdzK288MU9p%22%2C%22video_name%22%3A%22GreenFibre%C2%AE%20%E2%80%93%20Introduction%20(EN)%22%7D%2C%7B%22youtube_url%22%3A%22https%3A%2F%2Fyoutu.be%2FEbreJnTUqzQ%3Fsi%3D5iuYdIdzK288MU9p%22%2C%22video_name%22%3A%22GreenFibre%C2%AE%20%E2%80%93%20Introduction%20(EN)%22%7D%2C%7B%22youtube_url%22%3A%22https%3A%2F%2Fyoutu.be%2FEbreJnTUqzQ%3Fsi%3D5iuYdIdzK288MU9p%22%2C%22video_name%22%3A%22GreenFibre%C2%AE%20%E2%80%93%20Introduction%20(EN)%22%7D%5D&#8221;][\/vc_column_inner][\/vc_row_inner][\/vc_column][\/vc_row]<\/p><\/div>\n","protected":false},"excerpt":{"rendered":"<p>[vc_row][vc_column][kd_header_random_image_banner image=&#8221;85671&#8243;][\/kd_header_random_image_banner][\/vc_column][\/vc_row][vc_row el_class=&#8221;softfruits-grid-row&#8221;][vc_column][vc_row_inner gap=&#8221;30&#8243;][vc_column_inner width=&#8221;2\/3&#8243;][vc_column_text css=&#8221;&#8221;] Your growing solution of tomorrow: The Growbag ADVANCED for strawberries Every innovation has its time. That of the Growbag ADVANCED is right now. With this innovation Klasmann-Deilmann is taking one of the most important cultivation methods in commercial horticulture to a whole new level. Always with the highest level of quality and sustainability. And with exactly the level of individuality your strawberry crops need.[\/vc_column_text][vc_gallery interval=&#8221;3&#8243; images=&#8221;85655&#8243; img_size=&#8221;full&#8221; onclick=&#8221;&#8221; css=&#8221;&#8221;][\/vc_column_inner][vc_column_inner width=&#8221;1\/3&#8243; el_id=&#8221;contact-marginalia&#8221;][vc_column_text css=&#8221;&#8221;] Contact our<\/p>\n","protected":false},"author":2,"featured_media":0,"parent":85393,"menu_order":212,"comment_status":"closed","ping_status":"closed","template":"","meta":{"_acf_changed":false,"inline_featured_image":false,"footnotes":""},"class_list":["post-85397","page","type-page","status-publish","hentry"],"acf":[],"yoast_head":"<!-- This site is optimized with the Yoast SEO plugin v27.5 - https:\/\/yoast.com\/product\/yoast-seo-wordpress\/ -->\n<title>Growbag Advanced - Klasmann-Deilmann<\/title>\n<meta name=\"robots\" content=\"index, follow, max-snippet:-1, max-image-preview:large, max-video-preview:-1\" \/>\n<link rel=\"canonical\" href=\"https:\/\/klasmann-deilmann.com\/en\/fields-of-application\/soft-fruits\/soft-fruit-and-growbag\/soft-fruit-and-growbag-advanced\/\" \/>\n<meta property=\"og:locale\" content=\"en_GB\" \/>\n<meta property=\"og:type\" content=\"article\" \/>\n<meta property=\"og:title\" content=\"Growbag Advanced - Klasmann-Deilmann\" \/>\n<meta property=\"og:description\" content=\"[vc_row][vc_column][kd_header_random_image_banner image=&#8221;85671&#8243;][\/kd_header_random_image_banner][\/vc_column][\/vc_row][vc_row el_class=&#8221;softfruits-grid-row&#8221;][vc_column][vc_row_inner gap=&#8221;30&#8243;][vc_column_inner width=&#8221;2\/3&#8243;][vc_column_text css=&#8221;&#8221;] Your growing solution of tomorrow: The Growbag ADVANCED for strawberries Every innovation has its time. That of the Growbag ADVANCED is right now. With this innovation Klasmann-Deilmann is taking one of the most important cultivation methods in commercial horticulture to a whole new level. Always with the highest level of quality and sustainability. And with exactly the level of individuality your strawberry crops need.[\/vc_column_text][vc_gallery interval=&#8221;3&#8243; images=&#8221;85655&#8243; img_size=&#8221;full&#8221; onclick=&#8221;&#8221; css=&#8221;&#8221;][\/vc_column_inner][vc_column_inner width=&#8221;1\/3&#8243; el_id=&#8221;contact-marginalia&#8221;][vc_column_text css=&#8221;&#8221;] Contact our\" \/>\n<meta property=\"og:url\" content=\"https:\/\/klasmann-deilmann.com\/en\/fields-of-application\/soft-fruits\/soft-fruit-and-growbag\/soft-fruit-and-growbag-advanced\/\" \/>\n<meta property=\"og:site_name\" content=\"Klasmann-Deilmann\" \/>\n<meta property=\"article:modified_time\" content=\"2025-09-08T07:54:46+00:00\" \/>\n<meta name=\"twitter:card\" content=\"summary_large_image\" \/>\n<meta name=\"twitter:label1\" content=\"Estimated reading time\" \/>\n\t<meta name=\"twitter:data1\" content=\"5 minutes\" \/>\n<script type=\"application\/ld+json\" class=\"yoast-schema-graph\">{\"@context\":\"https:\\\/\\\/schema.org\",\"@graph\":[{\"@type\":\"WebPage\",\"@id\":\"https:\\\/\\\/klasmann-deilmann.com\\\/en\\\/fields-of-application\\\/soft-fruits\\\/soft-fruit-and-growbag\\\/soft-fruit-and-growbag-advanced\\\/\",\"url\":\"https:\\\/\\\/klasmann-deilmann.com\\\/en\\\/fields-of-application\\\/soft-fruits\\\/soft-fruit-and-growbag\\\/soft-fruit-and-growbag-advanced\\\/\",\"name\":\"Growbag Advanced - Klasmann-Deilmann\",\"isPartOf\":{\"@id\":\"https:\\\/\\\/klasmann-deilmann.com\\\/en\\\/#website\"},\"datePublished\":\"2024-08-02T08:22:11+00:00\",\"dateModified\":\"2025-09-08T07:54:46+00:00\",\"breadcrumb\":{\"@id\":\"https:\\\/\\\/klasmann-deilmann.com\\\/en\\\/fields-of-application\\\/soft-fruits\\\/soft-fruit-and-growbag\\\/soft-fruit-and-growbag-advanced\\\/#breadcrumb\"},\"inLanguage\":\"en-GB\",\"potentialAction\":[{\"@type\":\"ReadAction\",\"target\":[\"https:\\\/\\\/klasmann-deilmann.com\\\/en\\\/fields-of-application\\\/soft-fruits\\\/soft-fruit-and-growbag\\\/soft-fruit-and-growbag-advanced\\\/\"]}]},{\"@type\":\"BreadcrumbList\",\"@id\":\"https:\\\/\\\/klasmann-deilmann.com\\\/en\\\/fields-of-application\\\/soft-fruits\\\/soft-fruit-and-growbag\\\/soft-fruit-and-growbag-advanced\\\/#breadcrumb\",\"itemListElement\":[{\"@type\":\"ListItem\",\"position\":1,\"name\":\"Home\",\"item\":\"https:\\\/\\\/klasmann-deilmann.com\\\/en\\\/\"},{\"@type\":\"ListItem\",\"position\":2,\"name\":\"Fields of application\",\"item\":\"https:\\\/\\\/klasmann-deilmann.com\\\/en\\\/fields-of-application\\\/\"},{\"@type\":\"ListItem\",\"position\":3,\"name\":\"Soft fruits\",\"item\":\"https:\\\/\\\/klasmann-deilmann.com\\\/en\\\/fields-of-application\\\/soft-fruits\\\/\"},{\"@type\":\"ListItem\",\"position\":4,\"name\":\"Soft fruit and Growbag\",\"item\":\"https:\\\/\\\/klasmann-deilmann.com\\\/en\\\/fields-of-application\\\/soft-fruits\\\/soft-fruit-and-growbag\\\/\"},{\"@type\":\"ListItem\",\"position\":5,\"name\":\"Growbag Advanced\"}]},{\"@type\":\"WebSite\",\"@id\":\"https:\\\/\\\/klasmann-deilmann.com\\\/en\\\/#website\",\"url\":\"https:\\\/\\\/klasmann-deilmann.com\\\/en\\\/\",\"name\":\"Klasmann-Deilmann\",\"description\":\"\",\"potentialAction\":[{\"@type\":\"SearchAction\",\"target\":{\"@type\":\"EntryPoint\",\"urlTemplate\":\"https:\\\/\\\/klasmann-deilmann.com\\\/en\\\/?s={search_term_string}\"},\"query-input\":{\"@type\":\"PropertyValueSpecification\",\"valueRequired\":true,\"valueName\":\"search_term_string\"}}],\"inLanguage\":\"en-GB\"}]}<\/script>\n<!-- \/ Yoast SEO plugin. -->","yoast_head_json":{"title":"Growbag Advanced - Klasmann-Deilmann","robots":{"index":"index","follow":"follow","max-snippet":"max-snippet:-1","max-image-preview":"max-image-preview:large","max-video-preview":"max-video-preview:-1"},"canonical":"https:\/\/klasmann-deilmann.com\/en\/fields-of-application\/soft-fruits\/soft-fruit-and-growbag\/soft-fruit-and-growbag-advanced\/","og_locale":"en_GB","og_type":"article","og_title":"Growbag Advanced - Klasmann-Deilmann","og_description":"[vc_row][vc_column][kd_header_random_image_banner image=&#8221;85671&#8243;][\/kd_header_random_image_banner][\/vc_column][\/vc_row][vc_row el_class=&#8221;softfruits-grid-row&#8221;][vc_column][vc_row_inner gap=&#8221;30&#8243;][vc_column_inner width=&#8221;2\/3&#8243;][vc_column_text css=&#8221;&#8221;] Your growing solution of tomorrow: The Growbag ADVANCED for strawberries Every innovation has its time. That of the Growbag ADVANCED is right now. With this innovation Klasmann-Deilmann is taking one of the most important cultivation methods in commercial horticulture to a whole new level. Always with the highest level of quality and sustainability. And with exactly the level of individuality your strawberry crops need.[\/vc_column_text][vc_gallery interval=&#8221;3&#8243; images=&#8221;85655&#8243; img_size=&#8221;full&#8221; onclick=&#8221;&#8221; css=&#8221;&#8221;][\/vc_column_inner][vc_column_inner width=&#8221;1\/3&#8243; el_id=&#8221;contact-marginalia&#8221;][vc_column_text css=&#8221;&#8221;] Contact our","og_url":"https:\/\/klasmann-deilmann.com\/en\/fields-of-application\/soft-fruits\/soft-fruit-and-growbag\/soft-fruit-and-growbag-advanced\/","og_site_name":"Klasmann-Deilmann","article_modified_time":"2025-09-08T07:54:46+00:00","twitter_card":"summary_large_image","twitter_misc":{"Estimated reading time":"5 minutes"},"schema":{"@context":"https:\/\/schema.org","@graph":[{"@type":"WebPage","@id":"https:\/\/klasmann-deilmann.com\/en\/fields-of-application\/soft-fruits\/soft-fruit-and-growbag\/soft-fruit-and-growbag-advanced\/","url":"https:\/\/klasmann-deilmann.com\/en\/fields-of-application\/soft-fruits\/soft-fruit-and-growbag\/soft-fruit-and-growbag-advanced\/","name":"Growbag Advanced - Klasmann-Deilmann","isPartOf":{"@id":"https:\/\/klasmann-deilmann.com\/en\/#website"},"datePublished":"2024-08-02T08:22:11+00:00","dateModified":"2025-09-08T07:54:46+00:00","breadcrumb":{"@id":"https:\/\/klasmann-deilmann.com\/en\/fields-of-application\/soft-fruits\/soft-fruit-and-growbag\/soft-fruit-and-growbag-advanced\/#breadcrumb"},"inLanguage":"en-GB","potentialAction":[{"@type":"ReadAction","target":["https:\/\/klasmann-deilmann.com\/en\/fields-of-application\/soft-fruits\/soft-fruit-and-growbag\/soft-fruit-and-growbag-advanced\/"]}]},{"@type":"BreadcrumbList","@id":"https:\/\/klasmann-deilmann.com\/en\/fields-of-application\/soft-fruits\/soft-fruit-and-growbag\/soft-fruit-and-growbag-advanced\/#breadcrumb","itemListElement":[{"@type":"ListItem","position":1,"name":"Home","item":"https:\/\/klasmann-deilmann.com\/en\/"},{"@type":"ListItem","position":2,"name":"Fields of application","item":"https:\/\/klasmann-deilmann.com\/en\/fields-of-application\/"},{"@type":"ListItem","position":3,"name":"Soft fruits","item":"https:\/\/klasmann-deilmann.com\/en\/fields-of-application\/soft-fruits\/"},{"@type":"ListItem","position":4,"name":"Soft fruit and Growbag","item":"https:\/\/klasmann-deilmann.com\/en\/fields-of-application\/soft-fruits\/soft-fruit-and-growbag\/"},{"@type":"ListItem","position":5,"name":"Growbag Advanced"}]},{"@type":"WebSite","@id":"https:\/\/klasmann-deilmann.com\/en\/#website","url":"https:\/\/klasmann-deilmann.com\/en\/","name":"Klasmann-Deilmann","description":"","potentialAction":[{"@type":"SearchAction","target":{"@type":"EntryPoint","urlTemplate":"https:\/\/klasmann-deilmann.com\/en\/?s={search_term_string}"},"query-input":{"@type":"PropertyValueSpecification","valueRequired":true,"valueName":"search_term_string"}}],"inLanguage":"en-GB"}]}},"_links":{"self":[{"href":"https:\/\/klasmann-deilmann.com\/en\/wp-json\/wp\/v2\/pages\/85397","targetHints":{"allow":["GET"]}}],"collection":[{"href":"https:\/\/klasmann-deilmann.com\/en\/wp-json\/wp\/v2\/pages"}],"about":[{"href":"https:\/\/klasmann-deilmann.com\/en\/wp-json\/wp\/v2\/types\/page"}],"author":[{"embeddable":true,"href":"https:\/\/klasmann-deilmann.com\/en\/wp-json\/wp\/v2\/users\/2"}],"replies":[{"embeddable":true,"href":"https:\/\/klasmann-deilmann.com\/en\/wp-json\/wp\/v2\/comments?post=85397"}],"version-history":[{"count":46,"href":"https:\/\/klasmann-deilmann.com\/en\/wp-json\/wp\/v2\/pages\/85397\/revisions"}],"predecessor-version":[{"id":91372,"href":"https:\/\/klasmann-deilmann.com\/en\/wp-json\/wp\/v2\/pages\/85397\/revisions\/91372"}],"up":[{"embeddable":true,"href":"https:\/\/klasmann-deilmann.com\/en\/wp-json\/wp\/v2\/pages\/85393"}],"wp:attachment":[{"href":"https:\/\/klasmann-deilmann.com\/en\/wp-json\/wp\/v2\/media?parent=85397"}],"curies":[{"name":"wp","href":"https:\/\/api.w.org\/{rel}","templated":true}]}}