{"id":92138,"date":"2025-08-07T13:45:25","date_gmt":"2025-08-07T11:45:25","guid":{"rendered":"https:\/\/klasmann-deilmann.com\/anwendungsfelder\/beerenobst-new\/beerenobst-und-growbag\/growbag-cocos\/"},"modified":"2026-03-23T10:23:53","modified_gmt":"2026-03-23T09:23:53","slug":"growbag-coco","status":"publish","type":"page","link":"https:\/\/klasmann-deilmann.com\/de\/anwendungsfelder\/beerenobst\/beerenobst-und-growbag\/growbag-coco\/","title":{"rendered":"Growbag Coco"},"content":{"rendered":"<div class=\"wpb-content-wrapper\">[vc_row][vc_column][kd_header_random_image_banner image=&#8220;90955&#8243;][\/kd_header_random_image_banner][\/vc_column][\/vc_row][vc_row el_class=&#8220;softfruits-grid-row&#8220;][vc_column][vc_row_inner gap=&#8220;30&#8243;][vc_column_inner width=&#8220;2\/3&#8243;][vc_column_text css=&#8220;&#8220;]<\/p>\n<h2 style=\"text-align: left;\"><strong>Ihre Anbaul\u00f6sung von morgen:<br \/>\nDer Growbag COCO<\/strong><\/h2>\n<p style=\"font-weight: 400;\">Klasmann-Deilmann bietet eine Reihe speziell entwickelter Kokosmischungen f\u00fcr den Anbau in Growbags. F\u00fcr jede Kultur und jede Anbausituation liefern wir die effizienteste Option f\u00fcr Ihre spezifischen Anforderungen. Der Growbag COCO unterst\u00fctzt unsere Kunden weltweit beim erdelosen Anbau von Beerenobst und Gem\u00fcse. Damit tr\u00e4gt er zur nachhaltigen Versorgung der Weltbev\u00f6lkerung mit gesunden Lebensmitteln bei.<\/p>\n<p>[\/vc_column_text][vc_gallery interval=&#8220;3&#8243; images=&#8220;90968&#8243; img_size=&#8220;full&#8220; onclick=&#8220;&#8220; css=&#8220;&#8220;][\/vc_column_inner][vc_column_inner width=&#8220;1\/3&#8243; el_id=&#8220;contact-marginalia&#8220;][vc_column_text css=&#8220;&#8220;]<\/p>\n<h2><strong>Kontaktieren Sie unseren Growbag-Experten \u2026<\/strong><\/h2>\n<p>[\/vc_column_text][kd_contact_person singleorlist=&#8220;single&#8220; singlecontact=&#8220;85508|Jan Vanoverschelde&#8220; template=&#8220;template02&#8243; useemailtemplate=&#8220;&#8220; altemail=&#8220;&#8220; altphone=&#8220;&#8220;][vc_column_text css=&#8220;&#8220;]<\/p>\n<h2><strong>\u2026 oder wenden Sie sich an Ihren lokalen Partner:<\/strong><\/h2>\n<p>[\/vc_column_text][kd_get_contact_by_country topic=&#8220;580&#8243;][\/vc_column_inner][\/vc_row_inner][\/vc_column][\/vc_row][vc_row css=&#8220;.vc_custom_1720772067036{margin-top: 70px !important;padding-top: 30px !important;padding-bottom: 70px !important;background-color: #414345 !important;}&#8220;][vc_column][vc_row_inner][vc_column_inner][vc_column_text css=&#8220;&#8220;]<\/p>\n<h2>Technische Daten des Growbags COCO<\/h2>\n<p>[\/vc_column_text][\/vc_column_inner][\/vc_row_inner][vc_row_inner equal_height=&#8220;yes&#8220;][vc_column_inner width=&#8220;1\/2&#8243; css=&#8220;.vc_custom_1628691617282{padding-top: 30px !important;padding-right: 30px !important;padding-bottom: 30px !important;padding-left: 30px !important;}&#8220;][kd_image_with_proportion image=&#8220;90982&#8243; img_size=&#8220;full&#8220; proportion=&#8220;2:4&#8243;][\/vc_column_inner][vc_column_inner width=&#8220;1\/2&#8243; css=&#8220;.vc_custom_1628692250337{background-position: center !important;background-repeat: no-repeat !important;background-size: cover !important;}&#8220;][vc_column_text css=&#8220;&#8220; el_class=&#8220;pluslist green&#8220;]<\/p>\n<h3>Chemisch<\/h3>\n<p style=\"font-weight: 400;\">Im Allgemeinen sind die meisten Growbags gepuffert, beispielsweise f\u00fcr den Anbau von Tomaten und Paprika. Bei empfindlicheren Kulturen wie Erdbeeren zeigt die Erfahrung, dass sich der Ertrag durch die Verwendung von Growbags mit dem zus\u00e4tzlich pH-stabilisierten Shakti Amla\u00ae-Kokos verbessern l\u00e4sst. Wenn Ihre Anbaumethode es jedoch zul\u00e4sst, die Growbags im Betrieb zu puffern und zu waschen, besteht immer die M\u00f6glichkeit, ungewaschenes oder gewaschenes Kokos als Rohstoff in Growbags zu verwenden.<\/p>\n<h3>Physikalisch<\/h3>\n<p style=\"font-weight: 400;\">Growbag-Mischungen k\u00f6nnen aus Kokosmark, Kokosgranulat und Kokosfasern hergestellt werden. Am h\u00e4ufigsten werden Mischungen aus Kokosmark und Kokosgranulat verwendet. Das Granulat kann die Standardgr\u00f6\u00dfe von 0\u201315 mm oder die feinere Gr\u00f6\u00dfe von 0\u20137 mm haben. Eine gleichm\u00e4\u00dfige Mischung ist f\u00fcr konsistente Growbags unerl\u00e4sslich. Je mehr Granulat in einem Growbag gemischt wird, desto trockener ist er, was einen geringeren Wassergehalt und einen h\u00f6heren Luftgehalt bedeutet. Trockene Growbags ben\u00f6tigen tags\u00fcber regelm\u00e4\u00dfiger Wasser, drainieren aber besser w\u00e4hrend der Nacht.<\/p>\n<h3>Neben den Standardgr\u00f6\u00dfen ist eine gro\u00dfe Auswahl an Gr\u00f6\u00dfen erh\u00e4ltlich:<\/h3>\n<ul>\n<li>Bis zu 120 cm lang<\/li>\n<li>Bis zu 40 cm breit<\/li>\n<li>Bis zu 20 cm hoch<\/li>\n<\/ul>\n<h3>Pflanz-, Drainage- und Tropfl\u00f6cher<\/h3>\n<p>Auf Wunsch k\u00f6nnen Pflanzl\u00f6cher in den Kunststoff geschnitten werden, um das Umpflanzen von Pflanzbl\u00f6cken mit Jungpflanzen zu erleichtern. Wenn Stecklinge verwendet werden, k\u00f6nnen die Pflanzl\u00f6cher mit einem Durchmesser von bis zu 5 cm in die Kokosfaser gebohrt werden.<br \/>\nTropfl\u00f6cher mit einem Durchmesser von 6 mm k\u00f6nnen in die Kokosfaser gebohrt werden, um das Platzieren von Tropfern im trockenen Material zu erleichtern. Eine freie Drainage ist mindestens genauso wichtig wie die Bew\u00e4sserung. Diamantf\u00f6rmige Drainagel\u00f6cher k\u00f6nnen in den Kunststoff geschnitten werden.<\/p>\n<h3>Kunststoff<\/h3>\n<p>Sofern nicht anders gew\u00fcnscht, ist die Folie au\u00dfen wei\u00df und innen schwarz. Die wei\u00dfe Au\u00dfenseite reflektiert das Sonnenlicht und sch\u00fctzt vor \u00fcberm\u00e4\u00dfigen Temperaturen im Wurzelbereich. Die schwarze Innenseite h\u00e4lt den Wurzelbereich dunkel, da Wurzeln f\u00fcr eine optimale Leistung Dunkelheit bevorzugen. Es sind verschiedene Folientypen erh\u00e4ltlich:<\/p>\n<ul>\n<li>300 Gauge mit 1 Jahr UV-Stabilit\u00e4t<\/li>\n<li>350 Gauge mit 1 Jahr UV-Stabilit\u00e4t<\/li>\n<li>400 Gauge mit 2 Jahren UV-Stabilit\u00e4t<\/li>\n<li>500 Gauge mit 3 Jahren UV-Stabilit\u00e4t<\/li>\n<\/ul>\n<p>[\/vc_column_text][\/vc_column_inner][\/vc_row_inner][\/vc_column][\/vc_row][vc_row css=&#8220;.vc_custom_1720705518127{padding-top: 30px !important;padding-bottom: 30px !important;}&#8220;][vc_column][vc_row_inner equal_height=&#8220;yes&#8220;][vc_column_inner width=&#8220;1\/2&#8243; css=&#8220;.vc_custom_1628692250337{background-position: center !important;background-repeat: no-repeat !important;background-size: cover !important;}&#8220;][kd_image_with_proportion image=&#8220;90797&#8243; img_size=&#8220;full&#8220; proportion=&#8220;5\/3&#8243;][\/vc_column_inner][vc_column_inner width=&#8220;1\/2&#8243; css=&#8220;.vc_custom_1628691617282{padding-top: 30px !important;padding-right: 30px !important;padding-bottom: 30px !important;padding-left: 30px !important;}&#8220;][vc_column_text css=&#8220;&#8220;]<\/p>\n<h2>Exklusiver Zugang: Unsere hochwertigen Kokos-Rohstoffe<\/h2>\n<p>[\/vc_column_text][vc_column_text css=&#8220;&#8220; el_class=&#8220;pluslist green&#8220;]Klasmann-Deilmann hat direkten und exklusiven Zugang zu umfangreichen Kokos-Rohstoffen in Indien und Sri Lanka und durch die enge Partnerschaft mit Shakti Cocos seit 2020 zu zwei spezialisierten, modernen Produktionsst\u00e4tten. Dadurch k\u00f6nnen wir ein umfassendes Portfolio an Kokosprodukten f\u00fcr den Beerenanbau anbieten und die f\u00fcr die Klasmann-Deilmann-Gruppe ben\u00f6tigten Kokosfasermengen f\u00fcr die n\u00e4chsten Jahrzehnte sichern. Durch unsere eigenen Aktivit\u00e4ten in diesen Herkunftsl\u00e4ndern verbessern wir zudem die Qualit\u00e4t dieses wichtigen Rohstoffs und f\u00f6rdern die lokalen Standards f\u00fcr verantwortungsvoll produzierte Kokosfasern.[\/vc_column_text][\/vc_column_inner][\/vc_row_inner][\/vc_column][\/vc_row]<\/p><\/div>\n","protected":false},"excerpt":{"rendered":"<p>[vc_row][vc_column][kd_header_random_image_banner image=&#8220;90955&#8243;][\/kd_header_random_image_banner][\/vc_column][\/vc_row][vc_row el_class=&#8220;softfruits-grid-row&#8220;][vc_column][vc_row_inner gap=&#8220;30&#8243;][vc_column_inner width=&#8220;2\/3&#8243;][vc_column_text css=&#8220;&#8220;] Ihre Anbaul\u00f6sung von morgen: Der Growbag COCO Klasmann-Deilmann bietet eine Reihe speziell entwickelter Kokosmischungen f\u00fcr den Anbau in Growbags. F\u00fcr jede Kultur und jede Anbausituation liefern wir die effizienteste Option f\u00fcr Ihre spezifischen Anforderungen. Der Growbag COCO unterst\u00fctzt unsere Kunden weltweit beim erdelosen Anbau von Beerenobst und Gem\u00fcse. Damit tr\u00e4gt er zur nachhaltigen Versorgung der Weltbev\u00f6lkerung mit gesunden Lebensmitteln bei. [\/vc_column_text][vc_gallery interval=&#8220;3&#8243; images=&#8220;90968&#8243; img_size=&#8220;full&#8220; onclick=&#8220;&#8220; css=&#8220;&#8220;][\/vc_column_inner][vc_column_inner width=&#8220;1\/3&#8243; el_id=&#8220;contact-marginalia&#8220;][vc_column_text css=&#8220;&#8220;] Kontaktieren Sie unseren Growbag-Experten \u2026<\/p>\n","protected":false},"author":7,"featured_media":0,"parent":91929,"menu_order":206,"comment_status":"closed","ping_status":"closed","template":"","meta":{"_acf_changed":false,"inline_featured_image":false,"footnotes":""},"class_list":["post-92138","page","type-page","status-publish","hentry"],"acf":[],"yoast_head":"<!-- This site is optimized with the Yoast SEO plugin v27.5 - https:\/\/yoast.com\/product\/yoast-seo-wordpress\/ -->\n<title>Growbag Coco - Klasmann-Deilmann<\/title>\n<meta name=\"robots\" content=\"index, follow, max-snippet:-1, max-image-preview:large, max-video-preview:-1\" \/>\n<link rel=\"canonical\" href=\"https:\/\/klasmann-deilmann.com\/de\/anwendungsfelder\/beerenobst\/beerenobst-und-growbag\/growbag-coco\/\" \/>\n<meta property=\"og:locale\" content=\"de_DE\" \/>\n<meta property=\"og:type\" content=\"article\" \/>\n<meta property=\"og:title\" content=\"Growbag Coco - Klasmann-Deilmann\" \/>\n<meta property=\"og:description\" content=\"[vc_row][vc_column][kd_header_random_image_banner image=&#8220;90955&#8243;][\/kd_header_random_image_banner][\/vc_column][\/vc_row][vc_row el_class=&#8220;softfruits-grid-row&#8220;][vc_column][vc_row_inner gap=&#8220;30&#8243;][vc_column_inner width=&#8220;2\/3&#8243;][vc_column_text css=&#8220;&#8220;] Ihre Anbaul\u00f6sung von morgen: Der Growbag COCO Klasmann-Deilmann bietet eine Reihe speziell entwickelter Kokosmischungen f\u00fcr den Anbau in Growbags. F\u00fcr jede Kultur und jede Anbausituation liefern wir die effizienteste Option f\u00fcr Ihre spezifischen Anforderungen. Der Growbag COCO unterst\u00fctzt unsere Kunden weltweit beim erdelosen Anbau von Beerenobst und Gem\u00fcse. Damit tr\u00e4gt er zur nachhaltigen Versorgung der Weltbev\u00f6lkerung mit gesunden Lebensmitteln bei. [\/vc_column_text][vc_gallery interval=&#8220;3&#8243; images=&#8220;90968&#8243; img_size=&#8220;full&#8220; onclick=&#8220;&#8220; css=&#8220;&#8220;][\/vc_column_inner][vc_column_inner width=&#8220;1\/3&#8243; el_id=&#8220;contact-marginalia&#8220;][vc_column_text css=&#8220;&#8220;] Kontaktieren Sie unseren Growbag-Experten \u2026\" \/>\n<meta property=\"og:url\" content=\"https:\/\/klasmann-deilmann.com\/de\/anwendungsfelder\/beerenobst\/beerenobst-und-growbag\/growbag-coco\/\" \/>\n<meta property=\"og:site_name\" content=\"Klasmann-Deilmann\" \/>\n<meta property=\"article:modified_time\" content=\"2026-03-23T09:23:53+00:00\" \/>\n<meta name=\"twitter:card\" content=\"summary_large_image\" \/>\n<meta name=\"twitter:label1\" content=\"Gesch\u00e4tzte Lesezeit\" \/>\n\t<meta name=\"twitter:data1\" content=\"3\u00a0Minuten\" \/>\n<script type=\"application\/ld+json\" class=\"yoast-schema-graph\">{\"@context\":\"https:\\\/\\\/schema.org\",\"@graph\":[{\"@type\":\"WebPage\",\"@id\":\"https:\\\/\\\/klasmann-deilmann.com\\\/de\\\/anwendungsfelder\\\/beerenobst\\\/beerenobst-und-growbag\\\/growbag-coco\\\/\",\"url\":\"https:\\\/\\\/klasmann-deilmann.com\\\/de\\\/anwendungsfelder\\\/beerenobst\\\/beerenobst-und-growbag\\\/growbag-coco\\\/\",\"name\":\"Growbag Coco - Klasmann-Deilmann\",\"isPartOf\":{\"@id\":\"https:\\\/\\\/klasmann-deilmann.com\\\/en\\\/#website\"},\"datePublished\":\"2025-08-07T11:45:25+00:00\",\"dateModified\":\"2026-03-23T09:23:53+00:00\",\"breadcrumb\":{\"@id\":\"https:\\\/\\\/klasmann-deilmann.com\\\/de\\\/anwendungsfelder\\\/beerenobst\\\/beerenobst-und-growbag\\\/growbag-coco\\\/#breadcrumb\"},\"inLanguage\":\"de\",\"potentialAction\":[{\"@type\":\"ReadAction\",\"target\":[\"https:\\\/\\\/klasmann-deilmann.com\\\/de\\\/anwendungsfelder\\\/beerenobst\\\/beerenobst-und-growbag\\\/growbag-coco\\\/\"]}]},{\"@type\":\"BreadcrumbList\",\"@id\":\"https:\\\/\\\/klasmann-deilmann.com\\\/de\\\/anwendungsfelder\\\/beerenobst\\\/beerenobst-und-growbag\\\/growbag-coco\\\/#breadcrumb\",\"itemListElement\":[{\"@type\":\"ListItem\",\"position\":1,\"name\":\"Home\",\"item\":\"https:\\\/\\\/klasmann-deilmann.com\\\/de\\\/\"},{\"@type\":\"ListItem\",\"position\":2,\"name\":\"Anwendungsfelder\",\"item\":\"https:\\\/\\\/klasmann-deilmann.com\\\/de\\\/anwendungsfelder\\\/\"},{\"@type\":\"ListItem\",\"position\":3,\"name\":\"Beerenobst\",\"item\":\"https:\\\/\\\/klasmann-deilmann.com\\\/de\\\/anwendungsfelder\\\/beerenobst\\\/\"},{\"@type\":\"ListItem\",\"position\":4,\"name\":\"Beerenobst und Growbag\",\"item\":\"https:\\\/\\\/klasmann-deilmann.com\\\/de\\\/anwendungsfelder\\\/beerenobst\\\/beerenobst-und-growbag\\\/\"},{\"@type\":\"ListItem\",\"position\":5,\"name\":\"Growbag Coco\"}]},{\"@type\":\"WebSite\",\"@id\":\"https:\\\/\\\/klasmann-deilmann.com\\\/en\\\/#website\",\"url\":\"https:\\\/\\\/klasmann-deilmann.com\\\/en\\\/\",\"name\":\"Klasmann-Deilmann\",\"description\":\"\",\"potentialAction\":[{\"@type\":\"SearchAction\",\"target\":{\"@type\":\"EntryPoint\",\"urlTemplate\":\"https:\\\/\\\/klasmann-deilmann.com\\\/en\\\/?s={search_term_string}\"},\"query-input\":{\"@type\":\"PropertyValueSpecification\",\"valueRequired\":true,\"valueName\":\"search_term_string\"}}],\"inLanguage\":\"de\"}]}<\/script>\n<!-- \/ Yoast SEO plugin. -->","yoast_head_json":{"title":"Growbag Coco - Klasmann-Deilmann","robots":{"index":"index","follow":"follow","max-snippet":"max-snippet:-1","max-image-preview":"max-image-preview:large","max-video-preview":"max-video-preview:-1"},"canonical":"https:\/\/klasmann-deilmann.com\/de\/anwendungsfelder\/beerenobst\/beerenobst-und-growbag\/growbag-coco\/","og_locale":"de_DE","og_type":"article","og_title":"Growbag Coco - Klasmann-Deilmann","og_description":"[vc_row][vc_column][kd_header_random_image_banner image=&#8220;90955&#8243;][\/kd_header_random_image_banner][\/vc_column][\/vc_row][vc_row el_class=&#8220;softfruits-grid-row&#8220;][vc_column][vc_row_inner gap=&#8220;30&#8243;][vc_column_inner width=&#8220;2\/3&#8243;][vc_column_text css=&#8220;&#8220;] Ihre Anbaul\u00f6sung von morgen: Der Growbag COCO Klasmann-Deilmann bietet eine Reihe speziell entwickelter Kokosmischungen f\u00fcr den Anbau in Growbags. F\u00fcr jede Kultur und jede Anbausituation liefern wir die effizienteste Option f\u00fcr Ihre spezifischen Anforderungen. Der Growbag COCO unterst\u00fctzt unsere Kunden weltweit beim erdelosen Anbau von Beerenobst und Gem\u00fcse. Damit tr\u00e4gt er zur nachhaltigen Versorgung der Weltbev\u00f6lkerung mit gesunden Lebensmitteln bei. [\/vc_column_text][vc_gallery interval=&#8220;3&#8243; images=&#8220;90968&#8243; img_size=&#8220;full&#8220; onclick=&#8220;&#8220; css=&#8220;&#8220;][\/vc_column_inner][vc_column_inner width=&#8220;1\/3&#8243; el_id=&#8220;contact-marginalia&#8220;][vc_column_text css=&#8220;&#8220;] Kontaktieren Sie unseren Growbag-Experten \u2026","og_url":"https:\/\/klasmann-deilmann.com\/de\/anwendungsfelder\/beerenobst\/beerenobst-und-growbag\/growbag-coco\/","og_site_name":"Klasmann-Deilmann","article_modified_time":"2026-03-23T09:23:53+00:00","twitter_card":"summary_large_image","twitter_misc":{"Gesch\u00e4tzte Lesezeit":"3\u00a0Minuten"},"schema":{"@context":"https:\/\/schema.org","@graph":[{"@type":"WebPage","@id":"https:\/\/klasmann-deilmann.com\/de\/anwendungsfelder\/beerenobst\/beerenobst-und-growbag\/growbag-coco\/","url":"https:\/\/klasmann-deilmann.com\/de\/anwendungsfelder\/beerenobst\/beerenobst-und-growbag\/growbag-coco\/","name":"Growbag Coco - Klasmann-Deilmann","isPartOf":{"@id":"https:\/\/klasmann-deilmann.com\/en\/#website"},"datePublished":"2025-08-07T11:45:25+00:00","dateModified":"2026-03-23T09:23:53+00:00","breadcrumb":{"@id":"https:\/\/klasmann-deilmann.com\/de\/anwendungsfelder\/beerenobst\/beerenobst-und-growbag\/growbag-coco\/#breadcrumb"},"inLanguage":"de","potentialAction":[{"@type":"ReadAction","target":["https:\/\/klasmann-deilmann.com\/de\/anwendungsfelder\/beerenobst\/beerenobst-und-growbag\/growbag-coco\/"]}]},{"@type":"BreadcrumbList","@id":"https:\/\/klasmann-deilmann.com\/de\/anwendungsfelder\/beerenobst\/beerenobst-und-growbag\/growbag-coco\/#breadcrumb","itemListElement":[{"@type":"ListItem","position":1,"name":"Home","item":"https:\/\/klasmann-deilmann.com\/de\/"},{"@type":"ListItem","position":2,"name":"Anwendungsfelder","item":"https:\/\/klasmann-deilmann.com\/de\/anwendungsfelder\/"},{"@type":"ListItem","position":3,"name":"Beerenobst","item":"https:\/\/klasmann-deilmann.com\/de\/anwendungsfelder\/beerenobst\/"},{"@type":"ListItem","position":4,"name":"Beerenobst und Growbag","item":"https:\/\/klasmann-deilmann.com\/de\/anwendungsfelder\/beerenobst\/beerenobst-und-growbag\/"},{"@type":"ListItem","position":5,"name":"Growbag Coco"}]},{"@type":"WebSite","@id":"https:\/\/klasmann-deilmann.com\/en\/#website","url":"https:\/\/klasmann-deilmann.com\/en\/","name":"Klasmann-Deilmann","description":"","potentialAction":[{"@type":"SearchAction","target":{"@type":"EntryPoint","urlTemplate":"https:\/\/klasmann-deilmann.com\/en\/?s={search_term_string}"},"query-input":{"@type":"PropertyValueSpecification","valueRequired":true,"valueName":"search_term_string"}}],"inLanguage":"de"}]}},"_links":{"self":[{"href":"https:\/\/klasmann-deilmann.com\/de\/wp-json\/wp\/v2\/pages\/92138","targetHints":{"allow":["GET"]}}],"collection":[{"href":"https:\/\/klasmann-deilmann.com\/de\/wp-json\/wp\/v2\/pages"}],"about":[{"href":"https:\/\/klasmann-deilmann.com\/de\/wp-json\/wp\/v2\/types\/page"}],"author":[{"embeddable":true,"href":"https:\/\/klasmann-deilmann.com\/de\/wp-json\/wp\/v2\/users\/7"}],"replies":[{"embeddable":true,"href":"https:\/\/klasmann-deilmann.com\/de\/wp-json\/wp\/v2\/comments?post=92138"}],"version-history":[{"count":10,"href":"https:\/\/klasmann-deilmann.com\/de\/wp-json\/wp\/v2\/pages\/92138\/revisions"}],"predecessor-version":[{"id":105920,"href":"https:\/\/klasmann-deilmann.com\/de\/wp-json\/wp\/v2\/pages\/92138\/revisions\/105920"}],"up":[{"embeddable":true,"href":"https:\/\/klasmann-deilmann.com\/de\/wp-json\/wp\/v2\/pages\/91929"}],"wp:attachment":[{"href":"https:\/\/klasmann-deilmann.com\/de\/wp-json\/wp\/v2\/media?parent=92138"}],"curies":[{"name":"wp","href":"https:\/\/api.w.org\/{rel}","templated":true}]}}