{"id":91954,"date":"2024-10-15T10:49:05","date_gmt":"2024-10-15T08:49:05","guid":{"rendered":"https:\/\/klasmann-deilmann.com\/anwendungsfelder\/beerenobst-new\/himbeeren-brombeeren\/propagation-substrates-for-raspberry-blackberry\/"},"modified":"2026-03-31T15:11:40","modified_gmt":"2026-03-31T13:11:40","slug":"vermehrungssubstrate-fuer-himbeeren-und-brombeeren","status":"publish","type":"page","link":"https:\/\/klasmann-deilmann.com\/de\/anwendungsfelder\/beerenobst\/himbeeren-brombeeren\/vermehrungssubstrate-fuer-himbeeren-und-brombeeren\/","title":{"rendered":"Vermehrungssubstrate"},"content":{"rendered":"<div class=\"wpb-content-wrapper\">[vc_row][vc_column][kd_header_random_image_banner image=&#8220;87285&#8243;][\/kd_header_random_image_banner][kd_side_image_menu title=&#8220;Andere Kulturen&#8220; images=&#8220;92319,85750&#8243; links=&#8220;%5B%7B%22link%22%3A%22url%3Ahttps%253A%252F%252Fklasmann-deilmann.com%252Fde%252Fanwendungsfelder%252Fbeerenobst%252Ferdbeeren%252F%7Ctitle%3ASoft%2520fruits%22%7D%2C%7B%22link%22%3A%22url%3Ahttps%253A%252F%252Fklasmann-deilmann.com%252Fde%252Fanwendungsfelder%252Fbeerenobst%252Fkulturheidelbeeren%7Ctitle%3ASoft%2520fruits%22%7D%5D&#8220;][\/vc_column][\/vc_row][vc_row el_class=&#8220;softfruits-grid-row&#8220;][vc_column][vc_row_inner gap=&#8220;30&#8243;][vc_column_inner width=&#8220;2\/3&#8243;][vc_column_text css=&#8220;&#8220;]<\/p>\n<h2 style=\"text-align: left;\"><strong>Vermehrungssubstrate f\u00fcr Himbeeren und Brombeeren<\/strong><\/h2>\n<p>Sorgf\u00e4ltig ausgew\u00e4hlte, strukturell stabile Vermehrungssubstrate mit einem geringen Anteil an Feinpartikeln sind eine wichtige Grundlage f\u00fcr gesunde Jungpflanzen von Beerenobst. Eine pr\u00e4zise und gleichm\u00e4\u00dfige D\u00fcngung sowie eine optimale pH-Einstellung sind entscheidend f\u00fcr starke und homogene S\u00e4mlinge, bewurzelte Stecklinge und Ausl\u00e4ufer. Unsere Produkte werden aus hochwertigem Wei\u00dftorf oder Kokosfasern aus eigener Produktion hergestellt, in speziell entwickelten Mischungen mit Perlite aus eigener Produktion und unserem innovativen GreenFibre\u00ae, einer Holzfaser aus nachwachsenden Rohstoffen. Diese fortschrittlichen Vermehrungssubstrate f\u00fcr Beerenobst haben sich bei der Kultivierung von Jungpflanzen in Zelltrays als vorteilhaft erwiesen und bieten zahlreiche Vorteile. Durch ihre besonders feine, frei flie\u00dfende Substratstruktur eignen sie sich f\u00fcr den Einsatz in allen automatischen Abf\u00fcllanlagen.[\/vc_column_text][\/vc_column_inner][vc_column_inner width=&#8220;1\/3&#8243; el_id=&#8220;contact-marginalia&#8220;][vc_column_text css=&#8220;&#8220;]<\/p>\n<h2><strong>Kontaktieren Sie Ihren lokalen Partner:<\/strong><\/h2>\n<p>[\/vc_column_text][kd_get_contact_by_country topic=&#8220;580&#8243;][\/vc_column_inner][\/vc_row_inner][\/vc_column][\/vc_row][vc_row css=&#8220;.vc_custom_1720617601140{padding-bottom: 70px !important;}&#8220;][vc_column][vc_row_inner gap=&#8220;30&#8243;][vc_column_inner width=&#8220;1\/3&#8243;][vc_column_text css=&#8220;&#8220;]<img loading=\"lazy\" decoding=\"async\" class=\"alignnone wp-image-33172 size-medium\" src=\"\/wp-content\/uploads\/kd_ts1_packshot_220922.png\" alt=\"\" width=\"251\" height=\"300\" \/>[\/vc_column_text][vc_column_text css=&#8220;&#8220; el_class=&#8220;pluslist green&#8220;]<\/p>\n<h3><strong>Rez. 881:<br \/>\nTS 1 Vermehrung von Beerenobst<br \/>\n<\/strong><\/h3>\n<ul>\n<li>Eigenschaften: fein strukturiertes Anzuchtsubstrat, geeignet f\u00fcr automatische Abf\u00fcllanlagen, inklusive Netzmittel Hydro-S<\/li>\n<li>Verwendung f\u00fcr: Erdbeeren, Himbeeren und andere<\/li>\n<\/ul>\n<p>[\/vc_column_text][vc_btn title=&#8220;Mehr erfahren&#8220; css=&#8220;&#8220; link=&#8220;url:%23ts1-fine-soft-fruit-propagation&#8220;][\/vc_column_inner][vc_column_inner width=&#8220;1\/3&#8243;][vc_column_text css=&#8220;&#8220;]<img loading=\"lazy\" decoding=\"async\" class=\"alignnone wp-image-33172 size-medium\" src=\"\/wp-content\/uploads\/kd_ts1_packshot_220922.png\" alt=\"\" width=\"251\" height=\"300\" \/>[\/vc_column_text][vc_column_text css=&#8220;&#8220; el_class=&#8220;pluslist green&#8220;]<\/p>\n<h3><strong>Rez. Y75:<br \/>\nTS 1 Vermehrung von Beerenobst<br \/>\n+ GreenFibre\u00ae<\/strong><\/h3>\n<ul>\n<li>Eigenschaften: besonders leichte Mischung, frei flie\u00dfend, mit verbesserter Drainage und reduziertem pH-Wert<\/li>\n<li>Verwendung f\u00fcr: junge Erdbeerpflanzen<\/li>\n<\/ul>\n<p>[\/vc_column_text][vc_btn title=&#8220;Mehr erfahren&#8220; css=&#8220;&#8220; link=&#8220;url:%23ts4-coarse-blueberry-with-coir-greenfibre&#8220;][\/vc_column_inner][vc_column_inner width=&#8220;1\/3&#8243;][\/vc_column_inner][\/vc_row_inner][\/vc_column][\/vc_row][vc_row css=&#8220;.vc_custom_1720772067036{margin-top: 70px !important;padding-top: 30px !important;padding-bottom: 70px !important;background-color: #414345 !important;}&#8220;][vc_column][vc_row_inner equal_height=&#8220;yes&#8220;][vc_column_inner width=&#8220;1\/2&#8243; css=&#8220;.vc_custom_1628691617282{padding-top: 30px !important;padding-right: 30px !important;padding-bottom: 30px !important;padding-left: 30px !important;}&#8220;][vc_column_text css=&#8220;&#8220;]<\/p>\n<h2>Die Vorteile von ADVANCED-Vermehrungssubstraten:<\/h2>\n<p>[\/vc_column_text][vc_column_text css=&#8220;&#8220; el_class=&#8220;pluslist green&#8220;]<\/p>\n<ul>\n<li>Extrafeine und feine Substratformulierungen, ideal f\u00fcr die Plug-Produktion in Trays<\/li>\n<li>Strukturell stabile Rohstoffe sorgen f\u00fcr optimale Drainage und Bel\u00fcftung im Wurzelbereich<\/li>\n<li>Die frei flie\u00dfende Struktur gew\u00e4hrleistet eine homogene Traybef\u00fcllung und ein gleichm\u00e4\u00dfiges Pflanzenwachstum<\/li>\n<li>Es werden ausschlie\u00dflich hochwertige Inhaltsstoffe in RHP-Qualit\u00e4t verwendet, um bestm\u00f6gliche Ernteergebnisse zu erzielen<\/li>\n<li>Ma\u00dfgeschneiderte Mischungen sind erh\u00e4ltlich<\/li>\n<\/ul>\n<p>[\/vc_column_text][\/vc_column_inner][vc_column_inner width=&#8220;1\/2&#8243; css=&#8220;.vc_custom_1628692250337{background-position: center !important;background-repeat: no-repeat !important;background-size: cover !important;}&#8220;][vc_column_text css=&#8220;&#8220;]<img loading=\"lazy\" decoding=\"async\" width=\"2560\" height=\"1707\" class=\"alignnone size-full wp-image-87300\" src=\"\/wp-content\/uploads\/klasmann-deilmann_softfruits_raspberry_blackberry_propagation_advantages.jpg\" alt=\"\" srcset=\"https:\/\/klasmann-deilmann.com\/wp-content\/uploads\/klasmann-deilmann_softfruits_raspberry_blackberry_propagation_advantages.jpg 2560w, https:\/\/klasmann-deilmann.com\/wp-content\/uploads\/klasmann-deilmann_softfruits_raspberry_blackberry_propagation_advantages-300x200.jpg 300w, https:\/\/klasmann-deilmann.com\/wp-content\/uploads\/klasmann-deilmann_softfruits_raspberry_blackberry_propagation_advantages-1024x683.jpg 1024w, https:\/\/klasmann-deilmann.com\/wp-content\/uploads\/klasmann-deilmann_softfruits_raspberry_blackberry_propagation_advantages-768x512.jpg 768w, https:\/\/klasmann-deilmann.com\/wp-content\/uploads\/klasmann-deilmann_softfruits_raspberry_blackberry_propagation_advantages-1536x1024.jpg 1536w, https:\/\/klasmann-deilmann.com\/wp-content\/uploads\/klasmann-deilmann_softfruits_raspberry_blackberry_propagation_advantages-2048x1366.jpg 2048w\" sizes=\"auto, (max-width: 2560px) 100vw, 2560px\" \/>[\/vc_column_text][\/vc_column_inner][\/vc_row_inner][\/vc_column][\/vc_row][vc_row css=&#8220;.vc_custom_1722587010898{padding-bottom: 70px !important;}&#8220;][vc_column][vc_row_inner equal_height=&#8220;yes&#8220;][vc_column_inner width=&#8220;1\/2&#8243; css=&#8220;.vc_custom_1628692250337{background-position: center !important;background-repeat: no-repeat !important;background-size: cover !important;}&#8220;][vc_column_text css=&#8220;&#8220;]<img loading=\"lazy\" decoding=\"async\" width=\"2560\" height=\"1707\" class=\"alignnone size-full wp-image-80080\" src=\"\/wp-content\/uploads\/klasmann-deilmann_alternative_raw_materials_greenfibre-1.jpg\" alt=\"\" srcset=\"https:\/\/klasmann-deilmann.com\/wp-content\/uploads\/klasmann-deilmann_alternative_raw_materials_greenfibre-1.jpg 2560w, https:\/\/klasmann-deilmann.com\/wp-content\/uploads\/klasmann-deilmann_alternative_raw_materials_greenfibre-1-300x200.jpg 300w, https:\/\/klasmann-deilmann.com\/wp-content\/uploads\/klasmann-deilmann_alternative_raw_materials_greenfibre-1-1024x683.jpg 1024w, https:\/\/klasmann-deilmann.com\/wp-content\/uploads\/klasmann-deilmann_alternative_raw_materials_greenfibre-1-768x512.jpg 768w, https:\/\/klasmann-deilmann.com\/wp-content\/uploads\/klasmann-deilmann_alternative_raw_materials_greenfibre-1-1536x1024.jpg 1536w, https:\/\/klasmann-deilmann.com\/wp-content\/uploads\/klasmann-deilmann_alternative_raw_materials_greenfibre-1-2048x1366.jpg 2048w\" sizes=\"auto, (max-width: 2560px) 100vw, 2560px\" \/>[\/vc_column_text][\/vc_column_inner][vc_column_inner width=&#8220;1\/2&#8243; css=&#8220;.vc_custom_1628691617282{padding-top: 30px !important;padding-right: 30px !important;padding-bottom: 30px !important;padding-left: 30px !important;}&#8220;][vc_column_text css=&#8220;&#8220;]<\/p>\n<h2>GreenFibre\u00ae: Unsere Premium-Holzfaser<\/h2>\n<p>[\/vc_column_text][vc_column_text css=&#8220;&#8220; el_class=&#8220;pluslist green&#8220;]<\/p>\n<ul>\n<li>Speziell f\u00fcr die Anforderungen des modernen Gartenbaus entwickelt<\/li>\n<li>Von Klasmann-Deilmann selbst hergestellt und vollst\u00e4ndig RHP-zertifiziert<\/li>\n<li>Hergestellt aus Frischholz aus verantwortungsvoll bewirtschafteten Quellen<\/li>\n<li>Verbessert die Bel\u00fcftung und Strukturstabilit\u00e4t in Substraten<\/li>\n<li>Stabile Stickstoffbilanz, geeignet f\u00fcr normale D\u00fcngung<\/li>\n<li>Geringes Gewicht und geringer CO<sub>2<\/sub>-Fu\u00dfabdruck<\/li>\n<li>Sehr sicherer Bestandteil und das ganze Jahr \u00fcber gut verf\u00fcgbar<\/li>\n<\/ul>\n<p>[\/vc_column_text][\/vc_column_inner][\/vc_row_inner][\/vc_column][\/vc_row][vc_row css=&#8220;.vc_custom_1721295853375{padding-top: 30px !important;}&#8220;][vc_column][vc_row_inner equal_height=&#8220;yes&#8220;][vc_column_inner css=&#8220;.vc_custom_1628692250337{background-position: center !important;background-repeat: no-repeat !important;background-size: cover !important;}&#8220;][vc_column_text css=&#8220;&#8220;]<\/p>\n<h2>Unsere ADVANCED-Vermehrungssubstrate im Detail:<\/h2>\n<p>[\/vc_column_text][\/vc_column_inner][\/vc_row_inner][\/vc_column][\/vc_row][vc_row el_id=&#8220;ts1-fine-soft-fruit-propagation&#8220;][vc_column][vc_row_inner][vc_column_inner][kd_single_products productselect=&#8220;91957&#8243;][\/vc_column_inner][\/vc_row_inner][\/vc_column][\/vc_row][vc_row el_id=&#8220;ts1-fine-soft-fruit-propagation&#8220;][vc_column][vc_row_inner][vc_column_inner][kd_single_products productselect=&#8220;86193&#8243;][\/vc_column_inner][\/vc_row_inner][\/vc_column][\/vc_row][vc_row css=&#8220;.vc_custom_1720772067036{margin-top: 70px !important;padding-top: 30px !important;padding-bottom: 70px !important;background-color: #414345 !important;}&#8220;][vc_column][vc_row_inner equal_height=&#8220;yes&#8220;][vc_column_inner width=&#8220;1\/2&#8243; css=&#8220;.vc_custom_1628691617282{padding-top: 30px !important;padding-right: 30px !important;padding-bottom: 30px !important;padding-left: 30px !important;}&#8220;][vc_column_text css=&#8220;&#8220;]<\/p>\n<h2>Exklusiver Zugang: Unsere hochwertigen Kokos-Rohstoffe<\/h2>\n<p>[\/vc_column_text][vc_column_text css=&#8220;&#8220; el_class=&#8220;pluslist green&#8220;]Klasmann-Deilmann hat direkten und exklusiven Zugang zu umfangreichen Kokos-Rohstoffen in Indien und Sri Lanka und durch die enge Partnerschaft mit Shakti Cocos seit 2020 zu zwei spezialisierten, modernen Produktionsst\u00e4tten. Dadurch k\u00f6nnen wir ein umfassendes Portfolio an Kokosprodukten f\u00fcr den Beerenanbau anbieten und die f\u00fcr die Klasmann-Deilmann-Gruppe ben\u00f6tigten Kokosfasermengen f\u00fcr die n\u00e4chsten Jahrzehnte sichern. Durch unsere eigenen Aktivit\u00e4ten in diesen Herkunftsl\u00e4ndern verbessern wir zudem die Qualit\u00e4t dieses wichtigen Rohstoffs und f\u00f6rdern die lokalen Standards f\u00fcr verantwortungsvoll produzierte Kokosfasern.[\/vc_column_text][\/vc_column_inner][vc_column_inner width=&#8220;1\/2&#8243; css=&#8220;.vc_custom_1628692250337{background-position: center !important;background-repeat: no-repeat !important;background-size: cover !important;}&#8220;][kd_image_with_proportion image=&#8220;90797&#8243; img_size=&#8220;full&#8220; proportion=&#8220;5\/3&#8243;][\/vc_column_inner][\/vc_row_inner][\/vc_column][\/vc_row]<\/p><\/div>\n","protected":false},"excerpt":{"rendered":"<p>[vc_row][vc_column][kd_header_random_image_banner image=&#8220;87285&#8243;][\/kd_header_random_image_banner][kd_side_image_menu title=&#8220;Andere Kulturen&#8220; images=&#8220;92319,85750&#8243; links=&#8220;%5B%7B%22link%22%3A%22url%3Ahttps%253A%252F%252Fklasmann-deilmann.com%252Fde%252Fanwendungsfelder%252Fbeerenobst%252Ferdbeeren%252F%7Ctitle%3ASoft%2520fruits%22%7D%2C%7B%22link%22%3A%22url%3Ahttps%253A%252F%252Fklasmann-deilmann.com%252Fde%252Fanwendungsfelder%252Fbeerenobst%252Fkulturheidelbeeren%7Ctitle%3ASoft%2520fruits%22%7D%5D&#8220;][\/vc_column][\/vc_row][vc_row el_class=&#8220;softfruits-grid-row&#8220;][vc_column][vc_row_inner gap=&#8220;30&#8243;][vc_column_inner width=&#8220;2\/3&#8243;][vc_column_text css=&#8220;&#8220;] Vermehrungssubstrate f\u00fcr Himbeeren und Brombeeren Sorgf\u00e4ltig ausgew\u00e4hlte, strukturell stabile Vermehrungssubstrate mit einem geringen Anteil an Feinpartikeln sind eine wichtige Grundlage f\u00fcr gesunde Jungpflanzen von Beerenobst. Eine pr\u00e4zise und gleichm\u00e4\u00dfige D\u00fcngung sowie eine optimale pH-Einstellung sind entscheidend f\u00fcr starke und homogene S\u00e4mlinge, bewurzelte Stecklinge und Ausl\u00e4ufer. Unsere Produkte werden aus hochwertigem Wei\u00dftorf oder Kokosfasern aus eigener Produktion hergestellt, in speziell entwickelten Mischungen mit Perlite aus eigener Produktion und unserem innovativen GreenFibre\u00ae,<\/p>\n","protected":false},"author":7,"featured_media":0,"parent":91949,"menu_order":194,"comment_status":"closed","ping_status":"closed","template":"","meta":{"_acf_changed":false,"inline_featured_image":false,"footnotes":""},"class_list":["post-91954","page","type-page","status-publish","hentry"],"acf":[],"yoast_head":"<!-- This site is optimized with the Yoast SEO plugin v27.5 - https:\/\/yoast.com\/product\/yoast-seo-wordpress\/ -->\n<title>Vermehrungssubstrate - Klasmann-Deilmann<\/title>\n<meta name=\"robots\" content=\"index, follow, max-snippet:-1, max-image-preview:large, max-video-preview:-1\" \/>\n<link rel=\"canonical\" href=\"https:\/\/klasmann-deilmann.com\/de\/anwendungsfelder\/beerenobst\/himbeeren-brombeeren\/vermehrungssubstrate-fuer-himbeeren-und-brombeeren\/\" \/>\n<meta property=\"og:locale\" content=\"de_DE\" \/>\n<meta property=\"og:type\" content=\"article\" \/>\n<meta property=\"og:title\" content=\"Vermehrungssubstrate - Klasmann-Deilmann\" \/>\n<meta property=\"og:description\" content=\"[vc_row][vc_column][kd_header_random_image_banner image=&#8220;87285&#8243;][\/kd_header_random_image_banner][kd_side_image_menu title=&#8220;Andere Kulturen&#8220; images=&#8220;92319,85750&#8243; links=&#8220;%5B%7B%22link%22%3A%22url%3Ahttps%253A%252F%252Fklasmann-deilmann.com%252Fde%252Fanwendungsfelder%252Fbeerenobst%252Ferdbeeren%252F%7Ctitle%3ASoft%2520fruits%22%7D%2C%7B%22link%22%3A%22url%3Ahttps%253A%252F%252Fklasmann-deilmann.com%252Fde%252Fanwendungsfelder%252Fbeerenobst%252Fkulturheidelbeeren%7Ctitle%3ASoft%2520fruits%22%7D%5D&#8220;][\/vc_column][\/vc_row][vc_row el_class=&#8220;softfruits-grid-row&#8220;][vc_column][vc_row_inner gap=&#8220;30&#8243;][vc_column_inner width=&#8220;2\/3&#8243;][vc_column_text css=&#8220;&#8220;] Vermehrungssubstrate f\u00fcr Himbeeren und Brombeeren Sorgf\u00e4ltig ausgew\u00e4hlte, strukturell stabile Vermehrungssubstrate mit einem geringen Anteil an Feinpartikeln sind eine wichtige Grundlage f\u00fcr gesunde Jungpflanzen von Beerenobst. Eine pr\u00e4zise und gleichm\u00e4\u00dfige D\u00fcngung sowie eine optimale pH-Einstellung sind entscheidend f\u00fcr starke und homogene S\u00e4mlinge, bewurzelte Stecklinge und Ausl\u00e4ufer. Unsere Produkte werden aus hochwertigem Wei\u00dftorf oder Kokosfasern aus eigener Produktion hergestellt, in speziell entwickelten Mischungen mit Perlite aus eigener Produktion und unserem innovativen GreenFibre\u00ae,\" \/>\n<meta property=\"og:url\" content=\"https:\/\/klasmann-deilmann.com\/de\/anwendungsfelder\/beerenobst\/himbeeren-brombeeren\/vermehrungssubstrate-fuer-himbeeren-und-brombeeren\/\" \/>\n<meta property=\"og:site_name\" content=\"Klasmann-Deilmann\" \/>\n<meta property=\"article:modified_time\" content=\"2026-03-31T13:11:40+00:00\" \/>\n<meta name=\"twitter:card\" content=\"summary_large_image\" \/>\n<meta name=\"twitter:label1\" content=\"Gesch\u00e4tzte Lesezeit\" \/>\n\t<meta name=\"twitter:data1\" content=\"4\u00a0Minuten\" \/>\n<script type=\"application\/ld+json\" class=\"yoast-schema-graph\">{\"@context\":\"https:\\\/\\\/schema.org\",\"@graph\":[{\"@type\":\"WebPage\",\"@id\":\"https:\\\/\\\/klasmann-deilmann.com\\\/de\\\/anwendungsfelder\\\/beerenobst\\\/himbeeren-brombeeren\\\/vermehrungssubstrate-fuer-himbeeren-und-brombeeren\\\/\",\"url\":\"https:\\\/\\\/klasmann-deilmann.com\\\/de\\\/anwendungsfelder\\\/beerenobst\\\/himbeeren-brombeeren\\\/vermehrungssubstrate-fuer-himbeeren-und-brombeeren\\\/\",\"name\":\"Vermehrungssubstrate - Klasmann-Deilmann\",\"isPartOf\":{\"@id\":\"https:\\\/\\\/klasmann-deilmann.com\\\/en\\\/#website\"},\"datePublished\":\"2024-10-15T08:49:05+00:00\",\"dateModified\":\"2026-03-31T13:11:40+00:00\",\"breadcrumb\":{\"@id\":\"https:\\\/\\\/klasmann-deilmann.com\\\/de\\\/anwendungsfelder\\\/beerenobst\\\/himbeeren-brombeeren\\\/vermehrungssubstrate-fuer-himbeeren-und-brombeeren\\\/#breadcrumb\"},\"inLanguage\":\"de\",\"potentialAction\":[{\"@type\":\"ReadAction\",\"target\":[\"https:\\\/\\\/klasmann-deilmann.com\\\/de\\\/anwendungsfelder\\\/beerenobst\\\/himbeeren-brombeeren\\\/vermehrungssubstrate-fuer-himbeeren-und-brombeeren\\\/\"]}]},{\"@type\":\"BreadcrumbList\",\"@id\":\"https:\\\/\\\/klasmann-deilmann.com\\\/de\\\/anwendungsfelder\\\/beerenobst\\\/himbeeren-brombeeren\\\/vermehrungssubstrate-fuer-himbeeren-und-brombeeren\\\/#breadcrumb\",\"itemListElement\":[{\"@type\":\"ListItem\",\"position\":1,\"name\":\"Home\",\"item\":\"https:\\\/\\\/klasmann-deilmann.com\\\/de\\\/\"},{\"@type\":\"ListItem\",\"position\":2,\"name\":\"Anwendungsfelder\",\"item\":\"https:\\\/\\\/klasmann-deilmann.com\\\/de\\\/anwendungsfelder\\\/\"},{\"@type\":\"ListItem\",\"position\":3,\"name\":\"Beerenobst\",\"item\":\"https:\\\/\\\/klasmann-deilmann.com\\\/de\\\/anwendungsfelder\\\/beerenobst\\\/\"},{\"@type\":\"ListItem\",\"position\":4,\"name\":\"Himbeeren &#038; Brombeeren\",\"item\":\"https:\\\/\\\/klasmann-deilmann.com\\\/de\\\/anwendungsfelder\\\/beerenobst\\\/himbeeren-brombeeren\\\/\"},{\"@type\":\"ListItem\",\"position\":5,\"name\":\"Vermehrungssubstrate\"}]},{\"@type\":\"WebSite\",\"@id\":\"https:\\\/\\\/klasmann-deilmann.com\\\/en\\\/#website\",\"url\":\"https:\\\/\\\/klasmann-deilmann.com\\\/en\\\/\",\"name\":\"Klasmann-Deilmann\",\"description\":\"\",\"potentialAction\":[{\"@type\":\"SearchAction\",\"target\":{\"@type\":\"EntryPoint\",\"urlTemplate\":\"https:\\\/\\\/klasmann-deilmann.com\\\/en\\\/?s={search_term_string}\"},\"query-input\":{\"@type\":\"PropertyValueSpecification\",\"valueRequired\":true,\"valueName\":\"search_term_string\"}}],\"inLanguage\":\"de\"}]}<\/script>\n<!-- \/ Yoast SEO plugin. -->","yoast_head_json":{"title":"Vermehrungssubstrate - Klasmann-Deilmann","robots":{"index":"index","follow":"follow","max-snippet":"max-snippet:-1","max-image-preview":"max-image-preview:large","max-video-preview":"max-video-preview:-1"},"canonical":"https:\/\/klasmann-deilmann.com\/de\/anwendungsfelder\/beerenobst\/himbeeren-brombeeren\/vermehrungssubstrate-fuer-himbeeren-und-brombeeren\/","og_locale":"de_DE","og_type":"article","og_title":"Vermehrungssubstrate - Klasmann-Deilmann","og_description":"[vc_row][vc_column][kd_header_random_image_banner image=&#8220;87285&#8243;][\/kd_header_random_image_banner][kd_side_image_menu title=&#8220;Andere Kulturen&#8220; images=&#8220;92319,85750&#8243; links=&#8220;%5B%7B%22link%22%3A%22url%3Ahttps%253A%252F%252Fklasmann-deilmann.com%252Fde%252Fanwendungsfelder%252Fbeerenobst%252Ferdbeeren%252F%7Ctitle%3ASoft%2520fruits%22%7D%2C%7B%22link%22%3A%22url%3Ahttps%253A%252F%252Fklasmann-deilmann.com%252Fde%252Fanwendungsfelder%252Fbeerenobst%252Fkulturheidelbeeren%7Ctitle%3ASoft%2520fruits%22%7D%5D&#8220;][\/vc_column][\/vc_row][vc_row el_class=&#8220;softfruits-grid-row&#8220;][vc_column][vc_row_inner gap=&#8220;30&#8243;][vc_column_inner width=&#8220;2\/3&#8243;][vc_column_text css=&#8220;&#8220;] Vermehrungssubstrate f\u00fcr Himbeeren und Brombeeren Sorgf\u00e4ltig ausgew\u00e4hlte, strukturell stabile Vermehrungssubstrate mit einem geringen Anteil an Feinpartikeln sind eine wichtige Grundlage f\u00fcr gesunde Jungpflanzen von Beerenobst. Eine pr\u00e4zise und gleichm\u00e4\u00dfige D\u00fcngung sowie eine optimale pH-Einstellung sind entscheidend f\u00fcr starke und homogene S\u00e4mlinge, bewurzelte Stecklinge und Ausl\u00e4ufer. Unsere Produkte werden aus hochwertigem Wei\u00dftorf oder Kokosfasern aus eigener Produktion hergestellt, in speziell entwickelten Mischungen mit Perlite aus eigener Produktion und unserem innovativen GreenFibre\u00ae,","og_url":"https:\/\/klasmann-deilmann.com\/de\/anwendungsfelder\/beerenobst\/himbeeren-brombeeren\/vermehrungssubstrate-fuer-himbeeren-und-brombeeren\/","og_site_name":"Klasmann-Deilmann","article_modified_time":"2026-03-31T13:11:40+00:00","twitter_card":"summary_large_image","twitter_misc":{"Gesch\u00e4tzte Lesezeit":"4\u00a0Minuten"},"schema":{"@context":"https:\/\/schema.org","@graph":[{"@type":"WebPage","@id":"https:\/\/klasmann-deilmann.com\/de\/anwendungsfelder\/beerenobst\/himbeeren-brombeeren\/vermehrungssubstrate-fuer-himbeeren-und-brombeeren\/","url":"https:\/\/klasmann-deilmann.com\/de\/anwendungsfelder\/beerenobst\/himbeeren-brombeeren\/vermehrungssubstrate-fuer-himbeeren-und-brombeeren\/","name":"Vermehrungssubstrate - Klasmann-Deilmann","isPartOf":{"@id":"https:\/\/klasmann-deilmann.com\/en\/#website"},"datePublished":"2024-10-15T08:49:05+00:00","dateModified":"2026-03-31T13:11:40+00:00","breadcrumb":{"@id":"https:\/\/klasmann-deilmann.com\/de\/anwendungsfelder\/beerenobst\/himbeeren-brombeeren\/vermehrungssubstrate-fuer-himbeeren-und-brombeeren\/#breadcrumb"},"inLanguage":"de","potentialAction":[{"@type":"ReadAction","target":["https:\/\/klasmann-deilmann.com\/de\/anwendungsfelder\/beerenobst\/himbeeren-brombeeren\/vermehrungssubstrate-fuer-himbeeren-und-brombeeren\/"]}]},{"@type":"BreadcrumbList","@id":"https:\/\/klasmann-deilmann.com\/de\/anwendungsfelder\/beerenobst\/himbeeren-brombeeren\/vermehrungssubstrate-fuer-himbeeren-und-brombeeren\/#breadcrumb","itemListElement":[{"@type":"ListItem","position":1,"name":"Home","item":"https:\/\/klasmann-deilmann.com\/de\/"},{"@type":"ListItem","position":2,"name":"Anwendungsfelder","item":"https:\/\/klasmann-deilmann.com\/de\/anwendungsfelder\/"},{"@type":"ListItem","position":3,"name":"Beerenobst","item":"https:\/\/klasmann-deilmann.com\/de\/anwendungsfelder\/beerenobst\/"},{"@type":"ListItem","position":4,"name":"Himbeeren &#038; Brombeeren","item":"https:\/\/klasmann-deilmann.com\/de\/anwendungsfelder\/beerenobst\/himbeeren-brombeeren\/"},{"@type":"ListItem","position":5,"name":"Vermehrungssubstrate"}]},{"@type":"WebSite","@id":"https:\/\/klasmann-deilmann.com\/en\/#website","url":"https:\/\/klasmann-deilmann.com\/en\/","name":"Klasmann-Deilmann","description":"","potentialAction":[{"@type":"SearchAction","target":{"@type":"EntryPoint","urlTemplate":"https:\/\/klasmann-deilmann.com\/en\/?s={search_term_string}"},"query-input":{"@type":"PropertyValueSpecification","valueRequired":true,"valueName":"search_term_string"}}],"inLanguage":"de"}]}},"_links":{"self":[{"href":"https:\/\/klasmann-deilmann.com\/de\/wp-json\/wp\/v2\/pages\/91954","targetHints":{"allow":["GET"]}}],"collection":[{"href":"https:\/\/klasmann-deilmann.com\/de\/wp-json\/wp\/v2\/pages"}],"about":[{"href":"https:\/\/klasmann-deilmann.com\/de\/wp-json\/wp\/v2\/types\/page"}],"author":[{"embeddable":true,"href":"https:\/\/klasmann-deilmann.com\/de\/wp-json\/wp\/v2\/users\/7"}],"replies":[{"embeddable":true,"href":"https:\/\/klasmann-deilmann.com\/de\/wp-json\/wp\/v2\/comments?post=91954"}],"version-history":[{"count":10,"href":"https:\/\/klasmann-deilmann.com\/de\/wp-json\/wp\/v2\/pages\/91954\/revisions"}],"predecessor-version":[{"id":106312,"href":"https:\/\/klasmann-deilmann.com\/de\/wp-json\/wp\/v2\/pages\/91954\/revisions\/106312"}],"up":[{"embeddable":true,"href":"https:\/\/klasmann-deilmann.com\/de\/wp-json\/wp\/v2\/pages\/91949"}],"wp:attachment":[{"href":"https:\/\/klasmann-deilmann.com\/de\/wp-json\/wp\/v2\/media?parent=91954"}],"curies":[{"name":"wp","href":"https:\/\/api.w.org\/{rel}","templated":true}]}}