{"id":91949,"date":"2024-10-15T10:47:38","date_gmt":"2024-10-15T08:47:38","guid":{"rendered":"https:\/\/klasmann-deilmann.com\/anwendungsfelder\/beerenobst-new\/raspberries-blackberries\/"},"modified":"2026-03-31T15:07:26","modified_gmt":"2026-03-31T13:07:26","slug":"himbeeren-brombeeren","status":"publish","type":"page","link":"https:\/\/klasmann-deilmann.com\/de\/anwendungsfelder\/beerenobst\/himbeeren-brombeeren\/","title":{"rendered":"Himbeeren &#038; Brombeeren"},"content":{"rendered":"<div class=\"wpb-content-wrapper\">[vc_row][vc_column][kd_header_random_image_banner image=&#8220;87373&#8243;][\/kd_header_random_image_banner][kd_side_image_menu title=&#8220;Andere Kulturen&#8220; images=&#8220;92319,85750&#8243; links=&#8220;%5B%7B%22link%22%3A%22url%3Ahttps%253A%252F%252Fklasmann-deilmann.com%252Fde%252Fanwendungsfelder%252Fbeerenobst%252Ferdbeeren%252F%7Ctitle%3ASoft%2520fruits%22%7D%2C%7B%22link%22%3A%22url%3Ahttps%253A%252F%252Fklasmann-deilmann.com%252Fde%252Fanwendungsfelder%252Fbeerenobst%252Fkulturheidelbeeren%252F%7Ctitle%3ASoft%2520fruits%22%7D%5D&#8220;][\/vc_column][\/vc_row][vc_row el_class=&#8220;softfruits-grid-row&#8220;][vc_column][vc_row_inner gap=&#8220;30&#8243;][vc_column_inner width=&#8220;2\/3&#8243; css=&#8220;.vc_custom_1757314950696{padding-top: 100px !important;}&#8220;][vc_column_text css=&#8220;&#8220;]<\/p>\n<h2 style=\"text-align: left;\"><strong>Unsere L\u00f6sungen f\u00fcr Himbeeren und Brombeeren.<\/strong><\/h2>\n<p>Ob speziell f\u00fcr Brombeeren und Himbeeren entwickelte Substrate mit hoher Nachhaltigkeit oder das innovative Vermehrungssystem Growcoon: Wir bieten Ihnen ein umfassendes Portfolio an herausragenden L\u00f6sungen, die Sie ganz nach Ihren individuellen Anforderungen einsetzen k\u00f6nnen und mit denen Sie Ihre Beerenkulturen in jedem Fall erfolgreich anbauen k\u00f6nnen.[\/vc_column_text][\/vc_column_inner][vc_column_inner width=&#8220;1\/3&#8243; el_id=&#8220;contact-marginalia&#8220;][vc_column_text css=&#8220;&#8220;]<\/p>\n<h2><strong>Kontaktieren Sie Ihren lokalen Partner:<\/strong><\/h2>\n<p>[\/vc_column_text][kd_get_contact_by_country topic=&#8220;580&#8243;][\/vc_column_inner][\/vc_row_inner][\/vc_column][\/vc_row][vc_row css=&#8220;.vc_custom_1720617601140{padding-bottom: 70px !important;}&#8220;][vc_column][vc_row_inner][vc_column_inner][vc_column_text css=&#8220;&#8220;]<\/p>\n<h2><strong>Unsere Substrate und Anbaul\u00f6sungen<\/strong><\/h2>\n<p>[\/vc_column_text][\/vc_column_inner][\/vc_row_inner][vc_row_inner gap=&#8220;30&#8243;][vc_column_inner width=&#8220;1\/3&#8243;][kd_image_with_proportion image=&#8220;87285&#8243; img_size=&#8220;full&#8220; proportion=&#8220;4\/3&#8243;][vc_column_text css=&#8220;&#8220;]<\/p>\n<h2><strong>Fortschrittliche Substrate f\u00fcr die Vermehrung<\/strong><\/h2>\n<p>[\/vc_column_text][vc_btn title=&#8220;Mehr erfahren&#8220; css=&#8220;&#8220; link=&#8220;url:https%3A%2F%2Fklasmann-deilmann.com%2Fde%2Fanwendungsfelder%2Fbeerenobst%2Fhimbeeren-brombeeren%2Fvermehrungssubstrate-fuer-himbeeren-und-brombeeren%2F|title:Propagation%20substrates%20for%20rasberry%20%26%20blackberry&#8220;][\/vc_column_inner][vc_column_inner width=&#8220;1\/3&#8243;][kd_image_with_proportion image=&#8220;87315&#8243; img_size=&#8220;full&#8220; proportion=&#8220;4\/3&#8243;][vc_column_text css=&#8220;&#8220;]<\/p>\n<h2><strong>ADVANCED Substrate f\u00fcr die Obstproduktion<\/strong><\/h2>\n<p>[\/vc_column_text][vc_btn title=&#8220;Mehr erfahren&#8220; css=&#8220;&#8220; link=&#8220;url:https%3A%2F%2Fklasmann-deilmann.com%2Fde%2Fanwendungsfelder%2Fbeerenobst%2Fhimbeeren-brombeeren%2Fsubstrater-fuer-die-obstproduktion%2F|title:Substrates%20for%20Fruit%20production&#8220;][\/vc_column_inner][vc_column_inner width=&#8220;1\/3&#8243;][kd_image_with_proportion image=&#8220;105789&#8243; img_size=&#8220;full&#8220; proportion=&#8220;4\/3&#8243;][vc_column_text css=&#8220;&#8220;]<\/p>\n<h2><strong>Das Growcoon Vermehrungssystem<\/strong><\/h2>\n<p>[\/vc_column_text][vc_btn title=&#8220;Mehr erfahren&#8220; css=&#8220;&#8220; link=&#8220;url:https%3A%2F%2Fklasmann-deilmann.com%2Fde%2Fanwendungsfelder%2Fbeerenobst%2Fbeerenobst-und-growcoon%2F|title:Soft%20fruits%20and%20Growcoon&#8220;][\/vc_column_inner][\/vc_row_inner][\/vc_column][\/vc_row]<\/p><\/div>\n","protected":false},"excerpt":{"rendered":"<p>[vc_row][vc_column][kd_header_random_image_banner image=&#8220;87373&#8243;][\/kd_header_random_image_banner][kd_side_image_menu title=&#8220;Andere Kulturen&#8220; images=&#8220;92319,85750&#8243; links=&#8220;%5B%7B%22link%22%3A%22url%3Ahttps%253A%252F%252Fklasmann-deilmann.com%252Fde%252Fanwendungsfelder%252Fbeerenobst%252Ferdbeeren%252F%7Ctitle%3ASoft%2520fruits%22%7D%2C%7B%22link%22%3A%22url%3Ahttps%253A%252F%252Fklasmann-deilmann.com%252Fde%252Fanwendungsfelder%252Fbeerenobst%252Fkulturheidelbeeren%252F%7Ctitle%3ASoft%2520fruits%22%7D%5D&#8220;][\/vc_column][\/vc_row][vc_row el_class=&#8220;softfruits-grid-row&#8220;][vc_column][vc_row_inner gap=&#8220;30&#8243;][vc_column_inner width=&#8220;2\/3&#8243; css=&#8220;.vc_custom_1757314950696{padding-top: 100px !important;}&#8220;][vc_column_text css=&#8220;&#8220;] Unsere L\u00f6sungen f\u00fcr Himbeeren und Brombeeren. Ob speziell f\u00fcr Brombeeren und Himbeeren entwickelte Substrate mit hoher Nachhaltigkeit oder das innovative Vermehrungssystem Growcoon: Wir bieten Ihnen ein umfassendes Portfolio an herausragenden L\u00f6sungen, die Sie ganz nach Ihren individuellen Anforderungen einsetzen k\u00f6nnen und mit denen Sie Ihre Beerenkulturen in jedem Fall erfolgreich anbauen k\u00f6nnen.[\/vc_column_text][\/vc_column_inner][vc_column_inner width=&#8220;1\/3&#8243; el_id=&#8220;contact-marginalia&#8220;][vc_column_text css=&#8220;&#8220;] Kontaktieren Sie Ihren lokalen Partner: [\/vc_column_text][kd_get_contact_by_country topic=&#8220;580&#8243;][\/vc_column_inner][\/vc_row_inner][\/vc_column][\/vc_row][vc_row css=&#8220;.vc_custom_1720617601140{padding-bottom: 70px !important;}&#8220;][vc_column][vc_row_inner][vc_column_inner][vc_column_text css=&#8220;&#8220;] Unsere<\/p>\n","protected":false},"author":2,"featured_media":0,"parent":91909,"menu_order":183,"comment_status":"closed","ping_status":"closed","template":"","meta":{"_acf_changed":false,"inline_featured_image":false,"footnotes":""},"class_list":["post-91949","page","type-page","status-publish","hentry"],"acf":[],"yoast_head":"<!-- This site is optimized with the Yoast SEO plugin v27.5 - https:\/\/yoast.com\/product\/yoast-seo-wordpress\/ -->\n<title>Himbeeren &amp; Brombeeren - Klasmann-Deilmann<\/title>\n<meta name=\"robots\" content=\"index, follow, max-snippet:-1, max-image-preview:large, max-video-preview:-1\" \/>\n<link rel=\"canonical\" href=\"https:\/\/klasmann-deilmann.com\/de\/anwendungsfelder\/beerenobst\/himbeeren-brombeeren\/\" \/>\n<meta property=\"og:locale\" content=\"de_DE\" \/>\n<meta property=\"og:type\" content=\"article\" \/>\n<meta property=\"og:title\" content=\"Himbeeren &amp; Brombeeren - Klasmann-Deilmann\" \/>\n<meta property=\"og:description\" content=\"[vc_row][vc_column][kd_header_random_image_banner image=&#8220;87373&#8243;][\/kd_header_random_image_banner][kd_side_image_menu title=&#8220;Andere Kulturen&#8220; images=&#8220;92319,85750&#8243; links=&#8220;%5B%7B%22link%22%3A%22url%3Ahttps%253A%252F%252Fklasmann-deilmann.com%252Fde%252Fanwendungsfelder%252Fbeerenobst%252Ferdbeeren%252F%7Ctitle%3ASoft%2520fruits%22%7D%2C%7B%22link%22%3A%22url%3Ahttps%253A%252F%252Fklasmann-deilmann.com%252Fde%252Fanwendungsfelder%252Fbeerenobst%252Fkulturheidelbeeren%252F%7Ctitle%3ASoft%2520fruits%22%7D%5D&#8220;][\/vc_column][\/vc_row][vc_row el_class=&#8220;softfruits-grid-row&#8220;][vc_column][vc_row_inner gap=&#8220;30&#8243;][vc_column_inner width=&#8220;2\/3&#8243; css=&#8220;.vc_custom_1757314950696{padding-top: 100px !important;}&#8220;][vc_column_text css=&#8220;&#8220;] Unsere L\u00f6sungen f\u00fcr Himbeeren und Brombeeren. Ob speziell f\u00fcr Brombeeren und Himbeeren entwickelte Substrate mit hoher Nachhaltigkeit oder das innovative Vermehrungssystem Growcoon: Wir bieten Ihnen ein umfassendes Portfolio an herausragenden L\u00f6sungen, die Sie ganz nach Ihren individuellen Anforderungen einsetzen k\u00f6nnen und mit denen Sie Ihre Beerenkulturen in jedem Fall erfolgreich anbauen k\u00f6nnen.[\/vc_column_text][\/vc_column_inner][vc_column_inner width=&#8220;1\/3&#8243; el_id=&#8220;contact-marginalia&#8220;][vc_column_text css=&#8220;&#8220;] Kontaktieren Sie Ihren lokalen Partner: [\/vc_column_text][kd_get_contact_by_country topic=&#8220;580&#8243;][\/vc_column_inner][\/vc_row_inner][\/vc_column][\/vc_row][vc_row css=&#8220;.vc_custom_1720617601140{padding-bottom: 70px !important;}&#8220;][vc_column][vc_row_inner][vc_column_inner][vc_column_text css=&#8220;&#8220;] Unsere\" \/>\n<meta property=\"og:url\" content=\"https:\/\/klasmann-deilmann.com\/de\/anwendungsfelder\/beerenobst\/himbeeren-brombeeren\/\" \/>\n<meta property=\"og:site_name\" content=\"Klasmann-Deilmann\" \/>\n<meta property=\"article:modified_time\" content=\"2026-03-31T13:07:26+00:00\" \/>\n<meta name=\"twitter:card\" content=\"summary_large_image\" \/>\n<meta name=\"twitter:label1\" content=\"Gesch\u00e4tzte Lesezeit\" \/>\n\t<meta name=\"twitter:data1\" content=\"2\u00a0Minuten\" \/>\n<script type=\"application\/ld+json\" class=\"yoast-schema-graph\">{\"@context\":\"https:\\\/\\\/schema.org\",\"@graph\":[{\"@type\":\"WebPage\",\"@id\":\"https:\\\/\\\/klasmann-deilmann.com\\\/de\\\/anwendungsfelder\\\/beerenobst\\\/himbeeren-brombeeren\\\/\",\"url\":\"https:\\\/\\\/klasmann-deilmann.com\\\/de\\\/anwendungsfelder\\\/beerenobst\\\/himbeeren-brombeeren\\\/\",\"name\":\"Himbeeren & Brombeeren - Klasmann-Deilmann\",\"isPartOf\":{\"@id\":\"https:\\\/\\\/klasmann-deilmann.com\\\/en\\\/#website\"},\"datePublished\":\"2024-10-15T08:47:38+00:00\",\"dateModified\":\"2026-03-31T13:07:26+00:00\",\"breadcrumb\":{\"@id\":\"https:\\\/\\\/klasmann-deilmann.com\\\/de\\\/anwendungsfelder\\\/beerenobst\\\/himbeeren-brombeeren\\\/#breadcrumb\"},\"inLanguage\":\"de\",\"potentialAction\":[{\"@type\":\"ReadAction\",\"target\":[\"https:\\\/\\\/klasmann-deilmann.com\\\/de\\\/anwendungsfelder\\\/beerenobst\\\/himbeeren-brombeeren\\\/\"]}]},{\"@type\":\"BreadcrumbList\",\"@id\":\"https:\\\/\\\/klasmann-deilmann.com\\\/de\\\/anwendungsfelder\\\/beerenobst\\\/himbeeren-brombeeren\\\/#breadcrumb\",\"itemListElement\":[{\"@type\":\"ListItem\",\"position\":1,\"name\":\"Home\",\"item\":\"https:\\\/\\\/klasmann-deilmann.com\\\/de\\\/\"},{\"@type\":\"ListItem\",\"position\":2,\"name\":\"Anwendungsfelder\",\"item\":\"https:\\\/\\\/klasmann-deilmann.com\\\/de\\\/anwendungsfelder\\\/\"},{\"@type\":\"ListItem\",\"position\":3,\"name\":\"Beerenobst\",\"item\":\"https:\\\/\\\/klasmann-deilmann.com\\\/de\\\/anwendungsfelder\\\/beerenobst\\\/\"},{\"@type\":\"ListItem\",\"position\":4,\"name\":\"Himbeeren &#038; Brombeeren\"}]},{\"@type\":\"WebSite\",\"@id\":\"https:\\\/\\\/klasmann-deilmann.com\\\/en\\\/#website\",\"url\":\"https:\\\/\\\/klasmann-deilmann.com\\\/en\\\/\",\"name\":\"Klasmann-Deilmann\",\"description\":\"\",\"potentialAction\":[{\"@type\":\"SearchAction\",\"target\":{\"@type\":\"EntryPoint\",\"urlTemplate\":\"https:\\\/\\\/klasmann-deilmann.com\\\/en\\\/?s={search_term_string}\"},\"query-input\":{\"@type\":\"PropertyValueSpecification\",\"valueRequired\":true,\"valueName\":\"search_term_string\"}}],\"inLanguage\":\"de\"}]}<\/script>\n<!-- \/ Yoast SEO plugin. -->","yoast_head_json":{"title":"Himbeeren & Brombeeren - Klasmann-Deilmann","robots":{"index":"index","follow":"follow","max-snippet":"max-snippet:-1","max-image-preview":"max-image-preview:large","max-video-preview":"max-video-preview:-1"},"canonical":"https:\/\/klasmann-deilmann.com\/de\/anwendungsfelder\/beerenobst\/himbeeren-brombeeren\/","og_locale":"de_DE","og_type":"article","og_title":"Himbeeren & Brombeeren - Klasmann-Deilmann","og_description":"[vc_row][vc_column][kd_header_random_image_banner image=&#8220;87373&#8243;][\/kd_header_random_image_banner][kd_side_image_menu title=&#8220;Andere Kulturen&#8220; images=&#8220;92319,85750&#8243; links=&#8220;%5B%7B%22link%22%3A%22url%3Ahttps%253A%252F%252Fklasmann-deilmann.com%252Fde%252Fanwendungsfelder%252Fbeerenobst%252Ferdbeeren%252F%7Ctitle%3ASoft%2520fruits%22%7D%2C%7B%22link%22%3A%22url%3Ahttps%253A%252F%252Fklasmann-deilmann.com%252Fde%252Fanwendungsfelder%252Fbeerenobst%252Fkulturheidelbeeren%252F%7Ctitle%3ASoft%2520fruits%22%7D%5D&#8220;][\/vc_column][\/vc_row][vc_row el_class=&#8220;softfruits-grid-row&#8220;][vc_column][vc_row_inner gap=&#8220;30&#8243;][vc_column_inner width=&#8220;2\/3&#8243; css=&#8220;.vc_custom_1757314950696{padding-top: 100px !important;}&#8220;][vc_column_text css=&#8220;&#8220;] Unsere L\u00f6sungen f\u00fcr Himbeeren und Brombeeren. Ob speziell f\u00fcr Brombeeren und Himbeeren entwickelte Substrate mit hoher Nachhaltigkeit oder das innovative Vermehrungssystem Growcoon: Wir bieten Ihnen ein umfassendes Portfolio an herausragenden L\u00f6sungen, die Sie ganz nach Ihren individuellen Anforderungen einsetzen k\u00f6nnen und mit denen Sie Ihre Beerenkulturen in jedem Fall erfolgreich anbauen k\u00f6nnen.[\/vc_column_text][\/vc_column_inner][vc_column_inner width=&#8220;1\/3&#8243; el_id=&#8220;contact-marginalia&#8220;][vc_column_text css=&#8220;&#8220;] Kontaktieren Sie Ihren lokalen Partner: [\/vc_column_text][kd_get_contact_by_country topic=&#8220;580&#8243;][\/vc_column_inner][\/vc_row_inner][\/vc_column][\/vc_row][vc_row css=&#8220;.vc_custom_1720617601140{padding-bottom: 70px !important;}&#8220;][vc_column][vc_row_inner][vc_column_inner][vc_column_text css=&#8220;&#8220;] Unsere","og_url":"https:\/\/klasmann-deilmann.com\/de\/anwendungsfelder\/beerenobst\/himbeeren-brombeeren\/","og_site_name":"Klasmann-Deilmann","article_modified_time":"2026-03-31T13:07:26+00:00","twitter_card":"summary_large_image","twitter_misc":{"Gesch\u00e4tzte Lesezeit":"2\u00a0Minuten"},"schema":{"@context":"https:\/\/schema.org","@graph":[{"@type":"WebPage","@id":"https:\/\/klasmann-deilmann.com\/de\/anwendungsfelder\/beerenobst\/himbeeren-brombeeren\/","url":"https:\/\/klasmann-deilmann.com\/de\/anwendungsfelder\/beerenobst\/himbeeren-brombeeren\/","name":"Himbeeren & Brombeeren - Klasmann-Deilmann","isPartOf":{"@id":"https:\/\/klasmann-deilmann.com\/en\/#website"},"datePublished":"2024-10-15T08:47:38+00:00","dateModified":"2026-03-31T13:07:26+00:00","breadcrumb":{"@id":"https:\/\/klasmann-deilmann.com\/de\/anwendungsfelder\/beerenobst\/himbeeren-brombeeren\/#breadcrumb"},"inLanguage":"de","potentialAction":[{"@type":"ReadAction","target":["https:\/\/klasmann-deilmann.com\/de\/anwendungsfelder\/beerenobst\/himbeeren-brombeeren\/"]}]},{"@type":"BreadcrumbList","@id":"https:\/\/klasmann-deilmann.com\/de\/anwendungsfelder\/beerenobst\/himbeeren-brombeeren\/#breadcrumb","itemListElement":[{"@type":"ListItem","position":1,"name":"Home","item":"https:\/\/klasmann-deilmann.com\/de\/"},{"@type":"ListItem","position":2,"name":"Anwendungsfelder","item":"https:\/\/klasmann-deilmann.com\/de\/anwendungsfelder\/"},{"@type":"ListItem","position":3,"name":"Beerenobst","item":"https:\/\/klasmann-deilmann.com\/de\/anwendungsfelder\/beerenobst\/"},{"@type":"ListItem","position":4,"name":"Himbeeren &#038; Brombeeren"}]},{"@type":"WebSite","@id":"https:\/\/klasmann-deilmann.com\/en\/#website","url":"https:\/\/klasmann-deilmann.com\/en\/","name":"Klasmann-Deilmann","description":"","potentialAction":[{"@type":"SearchAction","target":{"@type":"EntryPoint","urlTemplate":"https:\/\/klasmann-deilmann.com\/en\/?s={search_term_string}"},"query-input":{"@type":"PropertyValueSpecification","valueRequired":true,"valueName":"search_term_string"}}],"inLanguage":"de"}]}},"_links":{"self":[{"href":"https:\/\/klasmann-deilmann.com\/de\/wp-json\/wp\/v2\/pages\/91949","targetHints":{"allow":["GET"]}}],"collection":[{"href":"https:\/\/klasmann-deilmann.com\/de\/wp-json\/wp\/v2\/pages"}],"about":[{"href":"https:\/\/klasmann-deilmann.com\/de\/wp-json\/wp\/v2\/types\/page"}],"author":[{"embeddable":true,"href":"https:\/\/klasmann-deilmann.com\/de\/wp-json\/wp\/v2\/users\/2"}],"replies":[{"embeddable":true,"href":"https:\/\/klasmann-deilmann.com\/de\/wp-json\/wp\/v2\/comments?post=91949"}],"version-history":[{"count":10,"href":"https:\/\/klasmann-deilmann.com\/de\/wp-json\/wp\/v2\/pages\/91949\/revisions"}],"predecessor-version":[{"id":106308,"href":"https:\/\/klasmann-deilmann.com\/de\/wp-json\/wp\/v2\/pages\/91949\/revisions\/106308"}],"up":[{"embeddable":true,"href":"https:\/\/klasmann-deilmann.com\/de\/wp-json\/wp\/v2\/pages\/91909"}],"wp:attachment":[{"href":"https:\/\/klasmann-deilmann.com\/de\/wp-json\/wp\/v2\/media?parent=91949"}],"curies":[{"name":"wp","href":"https:\/\/api.w.org\/{rel}","templated":true}]}}