{"id":91938,"date":"2024-08-28T11:29:35","date_gmt":"2024-08-28T09:29:35","guid":{"rendered":"https:\/\/klasmann-deilmann.com\/anwendungsfelder\/beerenobst-new\/blueberries-new\/"},"modified":"2026-03-31T14:50:02","modified_gmt":"2026-03-31T12:50:02","slug":"kulturheidelbeeren","status":"publish","type":"page","link":"https:\/\/klasmann-deilmann.com\/de\/anwendungsfelder\/beerenobst\/kulturheidelbeeren\/","title":{"rendered":"Kulturheidelbeeren"},"content":{"rendered":"<div class=\"wpb-content-wrapper\">[vc_row][vc_column][kd_header_random_image_banner image=&#8220;86008&#8243;][\/kd_header_random_image_banner][kd_side_image_menu title=&#8220;Andere Kulturen&#8220; images=&#8220;92319,85763,85737&#8243; links=&#8220;%5B%7B%22link%22%3A%22url%3Ahttps%253A%252F%252Fklasmann-deilmann.com%252Fde%252Fanwendungsfelder%252Fbeerenobst%252Ferdbeeren%252F%7Ctitle%3ABlueberries%22%7D%2C%7B%22link%22%3A%22url%3Ahttps%253A%252F%252Fklasmann-deilmann.com%252Fde%252Fanwendungsfelder%252Fbeerenobst%252Fhimbeeren-brombeeren%252F%7Ctitle%3AStrawberries%22%7D%2C%7B%22link%22%3A%22url%3Ahttps%253A%252F%252Fklasmann-deilmann.com%252Fde%252Fanwendungsfelder%252Fbeerenobst%252Fhimbeeren-brombeeren%252F%7Ctitle%3AStrawberries%22%7D%5D&#8220;][\/vc_column][\/vc_row][vc_row el_class=&#8220;softfruits-grid-row&#8220;][vc_column][vc_row_inner gap=&#8220;30&#8243;][vc_column_inner width=&#8220;2\/3&#8243; css=&#8220;.vc_custom_1757315064475{padding-top: 100px !important;}&#8220;][vc_column_text css=&#8220;&#8220;]<\/p>\n<h2 style=\"text-align: left;\"><strong>Echte Helden f\u00fcr hohe Ertr\u00e4ge:<br \/>\nUnsere L\u00f6sungen f\u00fcr Ihre Blaubeeren<\/strong><\/h2>\n<p>Ob unsere bew\u00e4hrten Heidelbeersubstrate, ma\u00dfgeschneiderte Mischungen f\u00fcr Ihre spezifischen Anbaubedingungen, neue Kultursubstrate mit hoher Nachhaltigkeit oder unser innovatives Vermehrungssystem Growcoon: Wir bieten Ihnen ein umfassendes Portfolio an herausragenden L\u00f6sungen. Durch die Anpassung an Ihre individuellen Anforderungen erm\u00f6glichen diese Ihnen einen erfolgreichen Anbau von Heidelbeeren.[\/vc_column_text][\/vc_column_inner][vc_column_inner width=&#8220;1\/3&#8243; el_id=&#8220;contact-marginalia&#8220;][vc_column_text css=&#8220;&#8220;]<\/p>\n<h2><strong>Kontaktieren Sie Ihren lokalen Partner:<\/strong><\/h2>\n<p>[\/vc_column_text][kd_get_contact_by_country topic=&#8220;580&#8243;][\/vc_column_inner][\/vc_row_inner][\/vc_column][\/vc_row][vc_row css=&#8220;.vc_custom_1720617601140{padding-bottom: 70px !important;}&#8220;][vc_column][vc_row_inner][vc_column_inner][vc_column_text css=&#8220;&#8220;]<\/p>\n<h2><strong>Unsere Substrate und Anbaul\u00f6sungen<\/strong><\/h2>\n<p>[\/vc_column_text][\/vc_column_inner][\/vc_row_inner][vc_row_inner gap=&#8220;30&#8243;][vc_column_inner width=&#8220;1\/3&#8243;][kd_image_with_proportion image=&#8220;86055&#8243; img_size=&#8220;full&#8220; proportion=&#8220;4\/3&#8243;][vc_column_text css=&#8220;&#8220;]<\/p>\n<h2><strong>ADVANCED Substrate f\u00fcr den Anbau von Blaubeeren<\/strong><\/h2>\n<p>[\/vc_column_text][vc_btn title=&#8220;Mehr erfahren&#8220; css=&#8220;&#8220; link=&#8220;url:https%3A%2F%2Fklasmann-deilmann.com%2Fde%2Fanwendungsfelder%2Fbeerenobst%2Fkulturheidelbeeren%2Fsubstrate-fuer-kulturheidelbeeren%2F|title:Blueberry%20substrates&#8220;][\/vc_column_inner][vc_column_inner width=&#8220;1\/3&#8243;][kd_image_with_proportion image=&#8220;105789&#8243; img_size=&#8220;full&#8220; proportion=&#8220;4\/3&#8243;][vc_column_text css=&#8220;&#8220;]<\/p>\n<h2><strong>The Growcoon propagation system<\/strong><\/h2>\n<p>[\/vc_column_text][vc_btn title=&#8220;Mehr erfahren&#8220; css=&#8220;&#8220; link=&#8220;url:https%3A%2F%2Fklasmann-deilmann.com%2Fde%2Fanwendungsfelder%2Fbeerenobst%2Fbeerenobst-und-growcoon%2F|title:Soft%20fruit%20and%20Growbag&#8220;][\/vc_column_inner][vc_column_inner width=&#8220;1\/3&#8243;][\/vc_column_inner][\/vc_row_inner][\/vc_column][\/vc_row][vc_row css=&#8220;.vc_custom_1728306632197{padding-top: 70px !important;padding-bottom: 70px !important;background-image: url(https:\/\/klasmann-deilmann.com\/wp-content\/uploads\/Blueberry_U55_Su\u0308dafrika_Stellfla\u0308che.jpg?id=34415) !important;background-position: center !important;background-repeat: no-repeat !important;background-size: cover !important;}&#8220; overlay_color=&#8220;rgba(0,0,0,0.5)&#8220;][vc_column][vc_row_inner][vc_column_inner][kd_quote source_text=&#8220;Anthony Droui, Technical Advisor, Klasmann-Deilmann (Deutschland)&#8220; posarrow=&#8220;none&#8220; color=&#8220;no-bg-color&#8220;]\u201eUnsere ADVANCED Blaubeersubstrate bieten ausgewogene physikalische Eigenschaften und eine hohe langfristige strukturelle Stabilit\u00e4t, um allen Anbaubedingungen gerecht zu werden. Sie wurden entwickelt, um beste Ertr\u00e4ge, effizienten Anbau und geringere CO<sub>2<\/sub>-Emissionen zu kombinieren. GreenFibre\u00ae hat sich als perfekter Bestandteil f\u00fcr die Blaubeerproduktion erwiesen.\u201c[\/kd_quote][\/vc_column_inner][\/vc_row_inner][\/vc_column][\/vc_row][vc_row css=&#8220;.vc_custom_1720617918993{padding-top: 70px !important;padding-bottom: 70px !important;}&#8220;][vc_column][vc_row_inner][vc_column_inner][kd_image_with_proportion image=&#8220;86506&#8243; img_size=&#8220;full&#8220; proportion=&#8220;20\/10&#8243;][\/vc_column_inner][\/vc_row_inner][vc_row_inner gap=&#8220;30&#8243;][vc_column_inner width=&#8220;1\/2&#8243;][vc_column_text css=&#8220;&#8220;]<\/p>\n<h3>Nachhaltigkeit unserer ADVANCED-Substrate:<\/h3>\n<ul class=\"plus-list\">\n<li>Modern, nachhaltig, bew\u00e4hrt und erprobt<\/li>\n<li>Hochwertige Bestandteile aus eigener Fertigung<\/li>\n<li>Verst\u00e4rkter Einsatz erneuerbarer, kreislauff\u00e4higer Rohstoffe<\/li>\n<li>Deutlich reduzierte Emissionen<\/li>\n<li>Reduziertes Substratgewicht<\/li>\n<\/ul>\n<p>[\/vc_column_text][\/vc_column_inner][vc_column_inner width=&#8220;1\/2&#8243;][vc_column_text css=&#8220;&#8220;]<\/p>\n<h3>Nachhaltigkeit des Growcoon-Vermehrungssystems:<\/h3>\n<ul class=\"plus-list\">\n<li>Geringere Ausfallraten und k\u00fcrzere Wachstumszyklen<\/li>\n<li>Basierend auf vollst\u00e4ndig biologisch abbaubaren Polymeren<\/li>\n<li>Keine R\u00fcckst\u00e4nde und kein Abfall<\/li>\n<li>Sicher f\u00fcr Pflanzen, Menschen und Umwelt<\/li>\n<li>Geeignet f\u00fcr den \u00f6kologischen Anbau, FiBL- und SKAL-gelistet<\/li>\n<\/ul>\n<p>[\/vc_column_text][\/vc_column_inner][\/vc_row_inner][vc_row_inner][vc_column_inner][vc_btn title=&#8220;Erfahren Sie mehr \u00fcber Nachhaltigkeit bei Klasmann-Deilmann&#8220; css=&#8220;&#8220; link=&#8220;url:https%3A%2F%2Fklasmann-deilmann.com%2Fde%2Funternehmen%2Fnachhaltigkeit%2F|title:Sustainability&#8220;][\/vc_column_inner][\/vc_row_inner][\/vc_column][\/vc_row][vc_row css=&#8220;.vc_custom_1723030109459{padding-top: 70px !important;padding-bottom: 70px !important;}&#8220;][vc_column][kd_image_with_proportion image=&#8220;25786&#8243; img_size=&#8220;full&#8220; proportion=&#8220;20\/6&#8243;][\/vc_column][\/vc_row][vc_row css=&#8220;.vc_custom_1720617918993{padding-top: 70px !important;padding-bottom: 70px !important;}&#8220;][vc_column][vc_row_inner][vc_column_inner][vc_column_text css=&#8220;&#8220;]<\/p>\n<h2><strong>Wenn es um Qualit\u00e4t und Sicherheit geht, gibt es keine unterschiedlichen Meinungen. Was z\u00e4hlt, sind unabh\u00e4ngige Fakten und Zahlen.<\/strong><\/h2>\n<p>Unsere Substrate stehen weltweit f\u00fcr h\u00f6chste Qualit\u00e4t. Sie sind die unverzichtbare Grundlage f\u00fcr das Pflanzenwachstum und den Erfolg unserer Kunden. Unsere Innovationen sind entscheidend f\u00fcr eine ganze Branche. Die Ma\u00dfst\u00e4be, an denen wir unsere Qualit\u00e4t und unsere Prozesse messen, setzen wir nicht nur selbst. Alle Schl\u00fcsselbereiche bei Klasmann-Deilmann werden regelm\u00e4\u00dfig und unabh\u00e4ngig nach internationalen Qualit\u00e4tsstandards gepr\u00fcft und zertifiziert:[\/vc_column_text][\/vc_column_inner][\/vc_row_inner][vc_row_inner gap=&#8220;30&#8243;][vc_column_inner width=&#8220;1\/2&#8243;][vc_column_text css=&#8220;&#8220;]<\/p>\n<ul class=\"plus-list\">\n<li>Konsequente Qualit\u00e4tssicherung unserer Kultursubstrate entlang der gesamten Wertsch\u00f6pfungskette, von den Rohstoffen \u00fcber die Produktionsst\u00e4tten bis hin zum Endprodukt<\/li>\n<li>Qualit\u00e4t und Herkunft aller in unseren Produkten verwendeten Substratbestandteile<\/li>\n<li>Die Qualit\u00e4t unserer ProLine-Substrate f\u00fcr den \u00f6kologischen Anbau sowie die Konformit\u00e4t mit den geltenden Anforderungen nationaler und internationaler Bio-Verb\u00e4nde<\/li>\n<\/ul>\n<p>[\/vc_column_text][\/vc_column_inner][vc_column_inner width=&#8220;1\/2&#8243;][vc_column_text css=&#8220;&#8220;]<\/p>\n<ul class=\"plus-list\">\n<li>Konstruktive Ma\u00dfnahmen zum Umweltschutz und zur Renaturierung, insbesondere die Wiedervern\u00e4ssung von Torfgebieten sowie Emissionsminderungen in unseren Produktionsprozessen<\/li>\n<li>Der CO<sub>2<\/sub>-Fu\u00dfabdruck unserer Produkte und unseres Unternehmens gem\u00e4\u00df ISO 14064 und 14067.<\/li>\n<li>Eine ganzheitliche Nachhaltigkeitsstrategie in Bezug auf Wirtschaft, \u00d6kologie und soziale Verantwortung<\/li>\n<\/ul>\n<p>[\/vc_column_text][\/vc_column_inner][\/vc_row_inner][vc_row_inner][vc_column_inner][vc_column_text css=&#8220;&#8220;]Dies erm\u00f6glicht es uns, unsere Prozesse kontinuierlich zu verbessern und unseren Kunden die Sicherheit und Nachhaltigkeit zu bieten, die sie von uns erwarten.[\/vc_column_text][\/vc_column_inner][\/vc_row_inner][vc_row_inner][vc_column_inner width=&#8220;1\/6&#8243;][vc_single_image image=&#8220;18853&#8243; img_size=&#8220;full&#8220; css=&#8220;&#8220;][\/vc_column_inner][vc_column_inner width=&#8220;1\/6&#8243;][vc_single_image image=&#8220;56323&#8243; img_size=&#8220;full&#8220; css=&#8220;&#8220;][\/vc_column_inner][vc_column_inner width=&#8220;1\/4&#8243;][vc_single_image image=&#8220;16426&#8243; img_size=&#8220;full&#8220; css=&#8220;&#8220;][\/vc_column_inner][\/vc_row_inner][\/vc_column][\/vc_row]<\/p><\/div>\n","protected":false},"excerpt":{"rendered":"<p>[vc_row][vc_column][kd_header_random_image_banner image=&#8220;86008&#8243;][\/kd_header_random_image_banner][kd_side_image_menu title=&#8220;Andere Kulturen&#8220; images=&#8220;92319,85763,85737&#8243; links=&#8220;%5B%7B%22link%22%3A%22url%3Ahttps%253A%252F%252Fklasmann-deilmann.com%252Fde%252Fanwendungsfelder%252Fbeerenobst%252Ferdbeeren%252F%7Ctitle%3ABlueberries%22%7D%2C%7B%22link%22%3A%22url%3Ahttps%253A%252F%252Fklasmann-deilmann.com%252Fde%252Fanwendungsfelder%252Fbeerenobst%252Fhimbeeren-brombeeren%252F%7Ctitle%3AStrawberries%22%7D%2C%7B%22link%22%3A%22url%3Ahttps%253A%252F%252Fklasmann-deilmann.com%252Fde%252Fanwendungsfelder%252Fbeerenobst%252Fhimbeeren-brombeeren%252F%7Ctitle%3AStrawberries%22%7D%5D&#8220;][\/vc_column][\/vc_row][vc_row el_class=&#8220;softfruits-grid-row&#8220;][vc_column][vc_row_inner gap=&#8220;30&#8243;][vc_column_inner width=&#8220;2\/3&#8243; css=&#8220;.vc_custom_1757315064475{padding-top: 100px !important;}&#8220;][vc_column_text css=&#8220;&#8220;] Echte Helden f\u00fcr hohe Ertr\u00e4ge: Unsere L\u00f6sungen f\u00fcr Ihre Blaubeeren Ob unsere bew\u00e4hrten Heidelbeersubstrate, ma\u00dfgeschneiderte Mischungen f\u00fcr Ihre spezifischen Anbaubedingungen, neue Kultursubstrate mit hoher Nachhaltigkeit oder unser innovatives Vermehrungssystem Growcoon: Wir bieten Ihnen ein umfassendes Portfolio an herausragenden L\u00f6sungen. Durch die Anpassung an Ihre individuellen Anforderungen erm\u00f6glichen diese Ihnen einen erfolgreichen Anbau von Heidelbeeren.[\/vc_column_text][\/vc_column_inner][vc_column_inner width=&#8220;1\/3&#8243; el_id=&#8220;contact-marginalia&#8220;][vc_column_text css=&#8220;&#8220;] Kontaktieren Sie Ihren lokalen Partner: [\/vc_column_text][kd_get_contact_by_country topic=&#8220;580&#8243;][\/vc_column_inner][\/vc_row_inner][\/vc_column][\/vc_row][vc_row css=&#8220;.vc_custom_1720617601140{padding-bottom: 70px !important;}&#8220;][vc_column][vc_row_inner][vc_column_inner][vc_column_text<\/p>\n","protected":false},"author":2,"featured_media":0,"parent":91909,"menu_order":172,"comment_status":"closed","ping_status":"closed","template":"","meta":{"_acf_changed":false,"inline_featured_image":false,"footnotes":""},"class_list":["post-91938","page","type-page","status-publish","hentry"],"acf":[],"yoast_head":"<!-- This site is optimized with the Yoast SEO plugin v27.5 - https:\/\/yoast.com\/product\/yoast-seo-wordpress\/ -->\n<title>Kulturheidelbeeren - Klasmann-Deilmann<\/title>\n<meta name=\"robots\" content=\"index, follow, max-snippet:-1, max-image-preview:large, max-video-preview:-1\" \/>\n<link rel=\"canonical\" href=\"https:\/\/klasmann-deilmann.com\/de\/anwendungsfelder\/beerenobst\/kulturheidelbeeren\/\" \/>\n<meta property=\"og:locale\" content=\"de_DE\" \/>\n<meta property=\"og:type\" content=\"article\" \/>\n<meta property=\"og:title\" content=\"Kulturheidelbeeren - Klasmann-Deilmann\" \/>\n<meta property=\"og:description\" content=\"[vc_row][vc_column][kd_header_random_image_banner image=&#8220;86008&#8243;][\/kd_header_random_image_banner][kd_side_image_menu title=&#8220;Andere Kulturen&#8220; images=&#8220;92319,85763,85737&#8243; links=&#8220;%5B%7B%22link%22%3A%22url%3Ahttps%253A%252F%252Fklasmann-deilmann.com%252Fde%252Fanwendungsfelder%252Fbeerenobst%252Ferdbeeren%252F%7Ctitle%3ABlueberries%22%7D%2C%7B%22link%22%3A%22url%3Ahttps%253A%252F%252Fklasmann-deilmann.com%252Fde%252Fanwendungsfelder%252Fbeerenobst%252Fhimbeeren-brombeeren%252F%7Ctitle%3AStrawberries%22%7D%2C%7B%22link%22%3A%22url%3Ahttps%253A%252F%252Fklasmann-deilmann.com%252Fde%252Fanwendungsfelder%252Fbeerenobst%252Fhimbeeren-brombeeren%252F%7Ctitle%3AStrawberries%22%7D%5D&#8220;][\/vc_column][\/vc_row][vc_row el_class=&#8220;softfruits-grid-row&#8220;][vc_column][vc_row_inner gap=&#8220;30&#8243;][vc_column_inner width=&#8220;2\/3&#8243; css=&#8220;.vc_custom_1757315064475{padding-top: 100px !important;}&#8220;][vc_column_text css=&#8220;&#8220;] Echte Helden f\u00fcr hohe Ertr\u00e4ge: Unsere L\u00f6sungen f\u00fcr Ihre Blaubeeren Ob unsere bew\u00e4hrten Heidelbeersubstrate, ma\u00dfgeschneiderte Mischungen f\u00fcr Ihre spezifischen Anbaubedingungen, neue Kultursubstrate mit hoher Nachhaltigkeit oder unser innovatives Vermehrungssystem Growcoon: Wir bieten Ihnen ein umfassendes Portfolio an herausragenden L\u00f6sungen. Durch die Anpassung an Ihre individuellen Anforderungen erm\u00f6glichen diese Ihnen einen erfolgreichen Anbau von Heidelbeeren.[\/vc_column_text][\/vc_column_inner][vc_column_inner width=&#8220;1\/3&#8243; el_id=&#8220;contact-marginalia&#8220;][vc_column_text css=&#8220;&#8220;] Kontaktieren Sie Ihren lokalen Partner: [\/vc_column_text][kd_get_contact_by_country topic=&#8220;580&#8243;][\/vc_column_inner][\/vc_row_inner][\/vc_column][\/vc_row][vc_row css=&#8220;.vc_custom_1720617601140{padding-bottom: 70px !important;}&#8220;][vc_column][vc_row_inner][vc_column_inner][vc_column_text\" \/>\n<meta property=\"og:url\" content=\"https:\/\/klasmann-deilmann.com\/de\/anwendungsfelder\/beerenobst\/kulturheidelbeeren\/\" \/>\n<meta property=\"og:site_name\" content=\"Klasmann-Deilmann\" \/>\n<meta property=\"article:modified_time\" content=\"2026-03-31T12:50:02+00:00\" \/>\n<meta name=\"twitter:card\" content=\"summary_large_image\" \/>\n<meta name=\"twitter:label1\" content=\"Gesch\u00e4tzte Lesezeit\" \/>\n\t<meta name=\"twitter:data1\" content=\"5\u00a0Minuten\" \/>\n<script type=\"application\/ld+json\" class=\"yoast-schema-graph\">{\"@context\":\"https:\\\/\\\/schema.org\",\"@graph\":[{\"@type\":\"WebPage\",\"@id\":\"https:\\\/\\\/klasmann-deilmann.com\\\/de\\\/anwendungsfelder\\\/beerenobst\\\/kulturheidelbeeren\\\/\",\"url\":\"https:\\\/\\\/klasmann-deilmann.com\\\/de\\\/anwendungsfelder\\\/beerenobst\\\/kulturheidelbeeren\\\/\",\"name\":\"Kulturheidelbeeren - Klasmann-Deilmann\",\"isPartOf\":{\"@id\":\"https:\\\/\\\/klasmann-deilmann.com\\\/en\\\/#website\"},\"datePublished\":\"2024-08-28T09:29:35+00:00\",\"dateModified\":\"2026-03-31T12:50:02+00:00\",\"breadcrumb\":{\"@id\":\"https:\\\/\\\/klasmann-deilmann.com\\\/de\\\/anwendungsfelder\\\/beerenobst\\\/kulturheidelbeeren\\\/#breadcrumb\"},\"inLanguage\":\"de\",\"potentialAction\":[{\"@type\":\"ReadAction\",\"target\":[\"https:\\\/\\\/klasmann-deilmann.com\\\/de\\\/anwendungsfelder\\\/beerenobst\\\/kulturheidelbeeren\\\/\"]}]},{\"@type\":\"BreadcrumbList\",\"@id\":\"https:\\\/\\\/klasmann-deilmann.com\\\/de\\\/anwendungsfelder\\\/beerenobst\\\/kulturheidelbeeren\\\/#breadcrumb\",\"itemListElement\":[{\"@type\":\"ListItem\",\"position\":1,\"name\":\"Home\",\"item\":\"https:\\\/\\\/klasmann-deilmann.com\\\/de\\\/\"},{\"@type\":\"ListItem\",\"position\":2,\"name\":\"Anwendungsfelder\",\"item\":\"https:\\\/\\\/klasmann-deilmann.com\\\/de\\\/anwendungsfelder\\\/\"},{\"@type\":\"ListItem\",\"position\":3,\"name\":\"Beerenobst\",\"item\":\"https:\\\/\\\/klasmann-deilmann.com\\\/de\\\/anwendungsfelder\\\/beerenobst\\\/\"},{\"@type\":\"ListItem\",\"position\":4,\"name\":\"Kulturheidelbeeren\"}]},{\"@type\":\"WebSite\",\"@id\":\"https:\\\/\\\/klasmann-deilmann.com\\\/en\\\/#website\",\"url\":\"https:\\\/\\\/klasmann-deilmann.com\\\/en\\\/\",\"name\":\"Klasmann-Deilmann\",\"description\":\"\",\"potentialAction\":[{\"@type\":\"SearchAction\",\"target\":{\"@type\":\"EntryPoint\",\"urlTemplate\":\"https:\\\/\\\/klasmann-deilmann.com\\\/en\\\/?s={search_term_string}\"},\"query-input\":{\"@type\":\"PropertyValueSpecification\",\"valueRequired\":true,\"valueName\":\"search_term_string\"}}],\"inLanguage\":\"de\"}]}<\/script>\n<!-- \/ Yoast SEO plugin. -->","yoast_head_json":{"title":"Kulturheidelbeeren - Klasmann-Deilmann","robots":{"index":"index","follow":"follow","max-snippet":"max-snippet:-1","max-image-preview":"max-image-preview:large","max-video-preview":"max-video-preview:-1"},"canonical":"https:\/\/klasmann-deilmann.com\/de\/anwendungsfelder\/beerenobst\/kulturheidelbeeren\/","og_locale":"de_DE","og_type":"article","og_title":"Kulturheidelbeeren - Klasmann-Deilmann","og_description":"[vc_row][vc_column][kd_header_random_image_banner image=&#8220;86008&#8243;][\/kd_header_random_image_banner][kd_side_image_menu title=&#8220;Andere Kulturen&#8220; images=&#8220;92319,85763,85737&#8243; links=&#8220;%5B%7B%22link%22%3A%22url%3Ahttps%253A%252F%252Fklasmann-deilmann.com%252Fde%252Fanwendungsfelder%252Fbeerenobst%252Ferdbeeren%252F%7Ctitle%3ABlueberries%22%7D%2C%7B%22link%22%3A%22url%3Ahttps%253A%252F%252Fklasmann-deilmann.com%252Fde%252Fanwendungsfelder%252Fbeerenobst%252Fhimbeeren-brombeeren%252F%7Ctitle%3AStrawberries%22%7D%2C%7B%22link%22%3A%22url%3Ahttps%253A%252F%252Fklasmann-deilmann.com%252Fde%252Fanwendungsfelder%252Fbeerenobst%252Fhimbeeren-brombeeren%252F%7Ctitle%3AStrawberries%22%7D%5D&#8220;][\/vc_column][\/vc_row][vc_row el_class=&#8220;softfruits-grid-row&#8220;][vc_column][vc_row_inner gap=&#8220;30&#8243;][vc_column_inner width=&#8220;2\/3&#8243; css=&#8220;.vc_custom_1757315064475{padding-top: 100px !important;}&#8220;][vc_column_text css=&#8220;&#8220;] Echte Helden f\u00fcr hohe Ertr\u00e4ge: Unsere L\u00f6sungen f\u00fcr Ihre Blaubeeren Ob unsere bew\u00e4hrten Heidelbeersubstrate, ma\u00dfgeschneiderte Mischungen f\u00fcr Ihre spezifischen Anbaubedingungen, neue Kultursubstrate mit hoher Nachhaltigkeit oder unser innovatives Vermehrungssystem Growcoon: Wir bieten Ihnen ein umfassendes Portfolio an herausragenden L\u00f6sungen. Durch die Anpassung an Ihre individuellen Anforderungen erm\u00f6glichen diese Ihnen einen erfolgreichen Anbau von Heidelbeeren.[\/vc_column_text][\/vc_column_inner][vc_column_inner width=&#8220;1\/3&#8243; el_id=&#8220;contact-marginalia&#8220;][vc_column_text css=&#8220;&#8220;] Kontaktieren Sie Ihren lokalen Partner: [\/vc_column_text][kd_get_contact_by_country topic=&#8220;580&#8243;][\/vc_column_inner][\/vc_row_inner][\/vc_column][\/vc_row][vc_row css=&#8220;.vc_custom_1720617601140{padding-bottom: 70px !important;}&#8220;][vc_column][vc_row_inner][vc_column_inner][vc_column_text","og_url":"https:\/\/klasmann-deilmann.com\/de\/anwendungsfelder\/beerenobst\/kulturheidelbeeren\/","og_site_name":"Klasmann-Deilmann","article_modified_time":"2026-03-31T12:50:02+00:00","twitter_card":"summary_large_image","twitter_misc":{"Gesch\u00e4tzte Lesezeit":"5\u00a0Minuten"},"schema":{"@context":"https:\/\/schema.org","@graph":[{"@type":"WebPage","@id":"https:\/\/klasmann-deilmann.com\/de\/anwendungsfelder\/beerenobst\/kulturheidelbeeren\/","url":"https:\/\/klasmann-deilmann.com\/de\/anwendungsfelder\/beerenobst\/kulturheidelbeeren\/","name":"Kulturheidelbeeren - Klasmann-Deilmann","isPartOf":{"@id":"https:\/\/klasmann-deilmann.com\/en\/#website"},"datePublished":"2024-08-28T09:29:35+00:00","dateModified":"2026-03-31T12:50:02+00:00","breadcrumb":{"@id":"https:\/\/klasmann-deilmann.com\/de\/anwendungsfelder\/beerenobst\/kulturheidelbeeren\/#breadcrumb"},"inLanguage":"de","potentialAction":[{"@type":"ReadAction","target":["https:\/\/klasmann-deilmann.com\/de\/anwendungsfelder\/beerenobst\/kulturheidelbeeren\/"]}]},{"@type":"BreadcrumbList","@id":"https:\/\/klasmann-deilmann.com\/de\/anwendungsfelder\/beerenobst\/kulturheidelbeeren\/#breadcrumb","itemListElement":[{"@type":"ListItem","position":1,"name":"Home","item":"https:\/\/klasmann-deilmann.com\/de\/"},{"@type":"ListItem","position":2,"name":"Anwendungsfelder","item":"https:\/\/klasmann-deilmann.com\/de\/anwendungsfelder\/"},{"@type":"ListItem","position":3,"name":"Beerenobst","item":"https:\/\/klasmann-deilmann.com\/de\/anwendungsfelder\/beerenobst\/"},{"@type":"ListItem","position":4,"name":"Kulturheidelbeeren"}]},{"@type":"WebSite","@id":"https:\/\/klasmann-deilmann.com\/en\/#website","url":"https:\/\/klasmann-deilmann.com\/en\/","name":"Klasmann-Deilmann","description":"","potentialAction":[{"@type":"SearchAction","target":{"@type":"EntryPoint","urlTemplate":"https:\/\/klasmann-deilmann.com\/en\/?s={search_term_string}"},"query-input":{"@type":"PropertyValueSpecification","valueRequired":true,"valueName":"search_term_string"}}],"inLanguage":"de"}]}},"_links":{"self":[{"href":"https:\/\/klasmann-deilmann.com\/de\/wp-json\/wp\/v2\/pages\/91938","targetHints":{"allow":["GET"]}}],"collection":[{"href":"https:\/\/klasmann-deilmann.com\/de\/wp-json\/wp\/v2\/pages"}],"about":[{"href":"https:\/\/klasmann-deilmann.com\/de\/wp-json\/wp\/v2\/types\/page"}],"author":[{"embeddable":true,"href":"https:\/\/klasmann-deilmann.com\/de\/wp-json\/wp\/v2\/users\/2"}],"replies":[{"embeddable":true,"href":"https:\/\/klasmann-deilmann.com\/de\/wp-json\/wp\/v2\/comments?post=91938"}],"version-history":[{"count":10,"href":"https:\/\/klasmann-deilmann.com\/de\/wp-json\/wp\/v2\/pages\/91938\/revisions"}],"predecessor-version":[{"id":106299,"href":"https:\/\/klasmann-deilmann.com\/de\/wp-json\/wp\/v2\/pages\/91938\/revisions\/106299"}],"up":[{"embeddable":true,"href":"https:\/\/klasmann-deilmann.com\/de\/wp-json\/wp\/v2\/pages\/91909"}],"wp:attachment":[{"href":"https:\/\/klasmann-deilmann.com\/de\/wp-json\/wp\/v2\/media?parent=91938"}],"curies":[{"name":"wp","href":"https:\/\/api.w.org\/{rel}","templated":true}]}}