{"id":91935,"date":"2024-08-28T11:30:52","date_gmt":"2024-08-28T09:30:52","guid":{"rendered":"https:\/\/klasmann-deilmann.com\/anwendungsfelder\/beerenobst-new\/soft-fruits-and-growcoon\/"},"modified":"2026-03-31T14:47:12","modified_gmt":"2026-03-31T12:47:12","slug":"beerenobst-und-growcoon","status":"publish","type":"page","link":"https:\/\/klasmann-deilmann.com\/de\/anwendungsfelder\/beerenobst\/beerenobst-und-growcoon\/","title":{"rendered":"Beerenobst und Growcoon"},"content":{"rendered":"<div class=\"wpb-content-wrapper\">[vc_row][vc_column][kd_header_random_image_banner kindofbanner=&#8220;slideshow&#8220; timetillslide=&#8220;3&#8243; image=&#8220;105838&#8243;][\/kd_header_random_image_banner][\/vc_column][\/vc_row][vc_row el_class=&#8220;softfruits-grid-row&#8220;][vc_column][vc_row_inner gap=&#8220;30&#8243;][vc_column_inner width=&#8220;2\/3&#8243;][vc_column_text css=&#8220;&#8220;]<\/p>\n<h2 style=\"text-align: left;\"><strong>Die innovative Anbaul\u00f6sung:<br \/>\nUnser Growcoon f\u00fcr die Vermehrung von Beerenobst<\/strong><\/h2>\n<p>[\/vc_column_text][vc_column_text css=&#8220;&#8220;]Growcoon ist ein biologisch abbaubarer Anzucht-Topf mit einer flexiblen und offenen Netzstruktur. Er erm\u00f6glicht eine bessere und schnellere Wurzelbildung, eine h\u00f6here Bel\u00fcftung der Wurzelzone und bildet in Kombination mit einem hochwertigen Vermehrungssubstrat einen stabilen Wurzelballen. Growcoon ist das optimale System f\u00fcr alle Vermehrungsmethoden bei Beerenobst.<\/p>\n<p>Als Z\u00fcchter von Beerenobst-Jungpflanzen m\u00f6chten Sie Ihren Kunden nat\u00fcrlich die st\u00e4rksten und ges\u00fcndesten Pflanzen liefern. Erdbeeren, Himbeeren, Brombeeren und Heidelbeeren, die widerstandsf\u00e4hig sind und schnell Fr\u00fcchte entwickeln. Growcoon gibt Ihren Pflanzen einen Kickstart, sodass Sie sie fr\u00fcher ausliefern oder pflanzen k\u00f6nnen.[\/vc_column_text][\/vc_column_inner][vc_column_inner width=&#8220;1\/3&#8243; el_id=&#8220;contact-marginalia&#8220;][vc_column_text css=&#8220;&#8220;]<\/p>\n<h2><strong>Kontaktieren Sie Ihren lokalen Partner:<\/strong><\/h2>\n<p>[\/vc_column_text][kd_get_contact_by_country topic=&#8220;580&#8243;][\/vc_column_inner][\/vc_row_inner][\/vc_column][\/vc_row][vc_section css=&#8220;.vc_custom_1629097542526{padding-top: 60px !important;}&#8220;][vc_row][vc_column][vc_row_inner][vc_column_inner][vc_column_text css=&#8220;&#8220;]<\/p>\n<h2><strong>Ihre Vorteile mit dem Growcoon f\u00fcr Beerenobst:<\/strong><\/h2>\n<p>[\/vc_column_text][\/vc_column_inner][\/vc_row_inner][\/vc_column][\/vc_row][vc_row][vc_column width=&#8220;1\/2&#8243;][vc_column_text css=&#8220;&#8220;]<img loading=\"lazy\" decoding=\"async\" class=\"alignnone wp-image-91022 size-full\" src=\"https:\/\/klasmann-deilmann.com\/wp-content\/uploads\/klasmann-deilmann_growcoon_braun-1.jpg\" alt=\"\" width=\"2024\" height=\"2560\" srcset=\"https:\/\/klasmann-deilmann.com\/wp-content\/uploads\/klasmann-deilmann_growcoon_braun-1.jpg 2024w, https:\/\/klasmann-deilmann.com\/wp-content\/uploads\/klasmann-deilmann_growcoon_braun-1-237x300.jpg 237w, https:\/\/klasmann-deilmann.com\/wp-content\/uploads\/klasmann-deilmann_growcoon_braun-1-810x1024.jpg 810w, https:\/\/klasmann-deilmann.com\/wp-content\/uploads\/klasmann-deilmann_growcoon_braun-1-768x971.jpg 768w, https:\/\/klasmann-deilmann.com\/wp-content\/uploads\/klasmann-deilmann_growcoon_braun-1-1214x1536.jpg 1214w, https:\/\/klasmann-deilmann.com\/wp-content\/uploads\/klasmann-deilmann_growcoon_braun-1-1619x2048.jpg 1619w\" sizes=\"auto, (max-width: 2024px) 100vw, 2024px\" \/>[\/vc_column_text][\/vc_column][vc_column width=&#8220;1\/2&#8243;][vc_tta_accordion shape=&#8220;square&#8220; gap=&#8220;30&#8243; active_section=&#8220;99&#8243; color=&#8220;kdlightgray&#8220; collapsible_all=&#8220;true&#8220; el_class=&#8220;highlight-accordeon&#8220;][vc_tta_section title=&#8220;Hauptvorteile&#8220; tab_id=&#8220;1629097234014-dec0a1c4-be50&#8243;][vc_column_text css=&#8220;&#8220; el_class=&#8220;pluslist green&#8220;]<\/p>\n<ul>\n<li>K\u00fcrzere Wachstumszyklen<\/li>\n<li>Robuste Pflanzen<\/li>\n<li>H\u00f6here Stabilit\u00e4t des Wurzelballens<\/li>\n<li>Geringere Ausfallraten<\/li>\n<li>3 Arten von Growcoon verf\u00fcgbar (gr\u00f6\u00dfere Auswahl an Abbauoptionen): progressiv, standard, tropisch<\/li>\n<\/ul>\n<p>[\/vc_column_text][\/vc_tta_section][vc_tta_section title=&#8220;Anbau&#8220; tab_id=&#8220;1629097243007-626cd052-9fd5&#8243;][vc_column_text css=&#8220;&#8220; el_class=&#8220;pluslist green&#8220;]<\/p>\n<ul>\n<li>Kompakter und fester Wurzelballen<\/li>\n<li>Schnelles Wurzelwachstum<\/li>\n<li>Vermehrte Produktion von Haarwurzeln<\/li>\n<li>Einfaches Stecken von Stecklingen dank locker gef\u00fclltem Substrat<\/li>\n<\/ul>\n<p>[\/vc_column_text][\/vc_tta_section][vc_tta_section title=&#8220;Handhabung&#8220; tab_id=&#8220;1629097234032-bf3601dd-e10c&#8220;][vc_column_text css=&#8220;&#8220; el_class=&#8220;pluslist green&#8220;]<\/p>\n<ul>\n<li>Passt aufgrund einheitlicher Abmessungen perfekt in Trays<\/li>\n<li>Leicht aus dem Tray zu entnehmen<\/li>\n<li>Einfache Auswahl und Neuanordnung f\u00fcr einen schnellen Versandprozess<\/li>\n<li>Keine Besch\u00e4digung von Wurzelballen oder Wurzeln beim Umpflanzen<\/li>\n<\/ul>\n<p>[\/vc_column_text][\/vc_tta_section][vc_tta_section title=&#8220;Logistik&#8220; tab_id=&#8220;1629097312672-5d8b526f-cc7b&#8220;][vc_column_text css=&#8220;&#8220; el_class=&#8220;pluslist green&#8220;]<\/p>\n<ul>\n<li>Kompakt stapelbar<\/li>\n<li>Gro\u00dfe Anzahl an Growcoons pro Karton\/Palette<\/li>\n<li>Effizienter Transport<\/li>\n<\/ul>\n<p>[\/vc_column_text][\/vc_tta_section][vc_tta_section title=&#8220;Perfektes Mikroklima&#8220; tab_id=&#8220;1629097376463-e9eb6071-02e7&#8243;][vc_column_text css=&#8220;&#8220; el_class=&#8220;pluslist green&#8220;]<\/p>\n<ul>\n<li>Passt perfekt in die Tray-Zellen<\/li>\n<li>Die konische Form sorgt f\u00fcr einen zus\u00e4tzlichen Sauerstoffpuffer zwischen Growcoon und Tray-Zelle<\/li>\n<li>Offene Netzstruktur<\/li>\n<li>Verwendung von locker gef\u00fclltem Substrat<\/li>\n<\/ul>\n<p>[\/vc_column_text][\/vc_tta_section][\/vc_tta_accordion][vc_row_inner][vc_column_inner][vc_column_text css=&#8220;&#8220;]Der Growcoon ist ein innovatives Produkt unserer Zusammenarbeit mit Maan Biobased Products B.V., einem f\u00fchrenden Unternehmen im Bereich der Polymertechnologie. Er wurde von Maan entwickelt und wird international exklusiv von Klasmann-Deilmann vertrieben. Der Growcoon vereint die Innovationskraft von Maan Biobased Products mit der Vertriebskraft von Klasmann-Deilmann.[\/vc_column_text][\/vc_column_inner][\/vc_row_inner][\/vc_column][\/vc_row][\/vc_section][vc_row css=&#8220;.vc_custom_1720772067036{margin-top: 70px !important;padding-top: 30px !important;padding-bottom: 70px !important;background-color: #414345 !important;}&#8220;][vc_column][vc_row_inner equal_height=&#8220;yes&#8220;][vc_column_inner width=&#8220;1\/2&#8243; css=&#8220;.vc_custom_1628692250337{background-position: center !important;background-repeat: no-repeat !important;background-size: cover !important;}&#8220;][vc_column_text css=&#8220;&#8220;]<\/p>\n<h2>Der Growcoon f\u00fcr Beerenobst:<br \/>\nEin Kickstart f\u00fcr Ihre Jungpflanzen<\/h2>\n<p>[\/vc_column_text][vc_column_text css=&#8220;&#8220;]Die clevere konische Form des Growcoon schafft einen Luftpuffer zwischen dem Wurzelballen und der Wand der Anzuchtplatte. Dadurch erhalten die Pflanzenwurzeln mehr Luft und viel Platz zum Wachsen. Au\u00dferdem haften sie nicht an der Anzuchtplatte, sodass die Wurzeln beim Umpflanzen nicht besch\u00e4digt werden. Nichts behindert die Wurzelentwicklung. Das Ergebnis: ein homogener Bestand und kr\u00e4ftige Jungpflanzen, die widerstandsf\u00e4higer gegen sch\u00e4dliche \u00e4u\u00dfere Einfl\u00fcsse sind.[\/vc_column_text][\/vc_column_inner][vc_column_inner width=&#8220;1\/2&#8243; css=&#8220;.vc_custom_1628691617282{padding-top: 30px !important;padding-right: 30px !important;padding-bottom: 30px !important;padding-left: 30px !important;}&#8220;][vc_column_text css=&#8220;&#8220;]<img decoding=\"async\" class=\"alignnone size-full wp-image-85957\" src=\"\/wp-content\/uploads\/klasmann-deilmann_softfruits_growcoon_roots.jpg\" alt=\"\" \/>[\/vc_column_text][\/vc_column_inner][\/vc_row_inner][\/vc_column][\/vc_row][vc_row css=&#8220;.vc_custom_1720617601140{padding-bottom: 70px !important;}&#8220;][vc_column][vc_row_inner][vc_column_inner width=&#8220;1\/2&#8243;][vc_column_text css=&#8220;&#8220;]<img loading=\"lazy\" decoding=\"async\" width=\"2560\" height=\"1707\" class=\"alignnone size-full wp-image-86492\" src=\"\/wp-content\/uploads\/122205990.jpg\" alt=\"\" srcset=\"https:\/\/klasmann-deilmann.com\/wp-content\/uploads\/122205990.jpg 2560w, https:\/\/klasmann-deilmann.com\/wp-content\/uploads\/122205990-300x200.jpg 300w, https:\/\/klasmann-deilmann.com\/wp-content\/uploads\/122205990-1024x683.jpg 1024w, https:\/\/klasmann-deilmann.com\/wp-content\/uploads\/122205990-768x512.jpg 768w, https:\/\/klasmann-deilmann.com\/wp-content\/uploads\/122205990-1536x1024.jpg 1536w, https:\/\/klasmann-deilmann.com\/wp-content\/uploads\/122205990-2048x1366.jpg 2048w\" sizes=\"auto, (max-width: 2560px) 100vw, 2560px\" \/>[\/vc_column_text][\/vc_column_inner][vc_column_inner width=&#8220;1\/2&#8243;][vc_column_text css=&#8220;&#8220;]<\/p>\n<h2><strong>Der Growcoon ist f\u00fcr den \u00f6kologischen Anbau zugelassen<\/strong><\/h2>\n<p>[\/vc_column_text][vc_column_text css=&#8220;&#8220;]Der Growcoon kann bereits in mehreren L\u00e4ndern im \u00f6kologischen Landbau eingesetzt werden. Da es aus vollst\u00e4ndig biologisch abbaubaren Polymeren besteht, bleiben nach seiner Verwendung keine R\u00fcckst\u00e4nde zur\u00fcck (au\u00dfer Wasser und CO<sub>2<\/sub>). Mit anderen Worten: Null Abfall. Growcoon ist in Frankreich, Italien, der Schweiz und Deutschland vom FiBL gelistet und steht seit Jahren auch auf der niederl\u00e4ndischen SKAL-Inputliste. Dar\u00fcber hinaus verf\u00fcgt unser Growcoon \u00fcber die Zertifikate \u201eOK Soil\u201d und \u201eOK Compost\u201d f\u00fcr biologische Abbaubarkeit. Sie k\u00f6nnen also sicher sein, dass Sie den Growcoon bedenkenlos im \u00f6kologischen Landbau einsetzen k\u00f6nnen.[\/vc_column_text][vc_btn title=&#8220;Finden Sie hier das perfekte Substrat f\u00fcr den \u00f6kologischen Anbau&#8220; css=&#8220;&#8220; link=&#8220;url:https%3A%2F%2Fklasmann-deilmann.com%2Fde%2Fprodukte-loesungen%2Fproline-substrate%2F|title:ProLine%20Substrates&#8220;][\/vc_column_inner][\/vc_row_inner][\/vc_column][\/vc_row][vc_row css=&#8220;.vc_custom_1720772067036{margin-top: 70px !important;padding-top: 30px !important;padding-bottom: 70px !important;background-color: #414345 !important;}&#8220;][vc_column][vc_row_inner equal_height=&#8220;yes&#8220;][vc_column_inner width=&#8220;1\/2&#8243; css=&#8220;.vc_custom_1628692250337{background-position: center !important;background-repeat: no-repeat !important;background-size: cover !important;}&#8220;][vc_column_text css=&#8220;&#8220;]<\/p>\n<h2>Die Effizienz des Growcoon:<br \/>\nEinfach zu automatisieren<\/h2>\n<p>[\/vc_column_text][vc_column_text css=&#8220;&#8220;]Steigen auch Ihre Arbeitskosten aufgrund der Inflation? F\u00fcr viele Erzeuger ist die Arbeitskraft ein Problem. Das scheint sich derzeit, aber auch in den kommenden Jahren nicht zu \u00e4ndern. Wie sieht es bei Ihnen aus? Sparen Sie Arbeitskosten, indem Sie in Automatisierung investieren. So k\u00f6nnen Sie reibungslos expandieren und Ihre Arbeitskosten senken.<\/p>\n<p>Der Growcoon macht Automatisierung m\u00f6glich: Der automatische Dispenser legt Growcoons in die Trays. Stecklinge und S\u00e4mlinge, die im Growcoon angebaut wurden, k\u00f6nnen mit automatischen Maschinen ausgew\u00e4hlt, neu angeordnet und umgepflanzt werden, was Ihren Arbeitsablauf beschleunigt.[\/vc_column_text][vc_btn title=&#8220;Erfahren Sie mehr&#8220; css=&#8220;&#8220; link=&#8220;url:https%3A%2F%2Fwww.growcoon.com%2Fde%2Fperfekt-automatisierbar|target:_blank&#8220;][\/vc_column_inner][vc_column_inner width=&#8220;1\/2&#8243; css=&#8220;.vc_custom_1628691617282{padding-top: 30px !important;padding-right: 30px !important;padding-bottom: 30px !important;padding-left: 30px !important;}&#8220;][vc_column_text css=&#8220;&#8220;]<img loading=\"lazy\" decoding=\"async\" width=\"2560\" height=\"1708\" class=\"alignnone size-full wp-image-85986\" src=\"\/wp-content\/uploads\/klasmann-deilmann_softfruits_growcoon_dispenser.jpg\" alt=\"\" srcset=\"https:\/\/klasmann-deilmann.com\/wp-content\/uploads\/klasmann-deilmann_softfruits_growcoon_dispenser.jpg 2560w, https:\/\/klasmann-deilmann.com\/wp-content\/uploads\/klasmann-deilmann_softfruits_growcoon_dispenser-300x200.jpg 300w, https:\/\/klasmann-deilmann.com\/wp-content\/uploads\/klasmann-deilmann_softfruits_growcoon_dispenser-1024x683.jpg 1024w, https:\/\/klasmann-deilmann.com\/wp-content\/uploads\/klasmann-deilmann_softfruits_growcoon_dispenser-768x512.jpg 768w, https:\/\/klasmann-deilmann.com\/wp-content\/uploads\/klasmann-deilmann_softfruits_growcoon_dispenser-1536x1025.jpg 1536w, https:\/\/klasmann-deilmann.com\/wp-content\/uploads\/klasmann-deilmann_softfruits_growcoon_dispenser-2048x1366.jpg 2048w\" sizes=\"auto, (max-width: 2560px) 100vw, 2560px\" \/>[\/vc_column_text][\/vc_column_inner][\/vc_row_inner][\/vc_column][\/vc_row]<\/div>\n","protected":false},"excerpt":{"rendered":"<p>[vc_row][vc_column][kd_header_random_image_banner kindofbanner=&#8220;slideshow&#8220; timetillslide=&#8220;3&#8243; image=&#8220;105838&#8243;][\/kd_header_random_image_banner][\/vc_column][\/vc_row][vc_row el_class=&#8220;softfruits-grid-row&#8220;][vc_column][vc_row_inner gap=&#8220;30&#8243;][vc_column_inner width=&#8220;2\/3&#8243;][vc_column_text css=&#8220;&#8220;] Die innovative Anbaul\u00f6sung: Unser Growcoon f\u00fcr die Vermehrung von Beerenobst [\/vc_column_text][vc_column_text css=&#8220;&#8220;]Growcoon ist ein biologisch abbaubarer Anzucht-Topf mit einer flexiblen und offenen Netzstruktur. Er erm\u00f6glicht eine bessere und schnellere Wurzelbildung, eine h\u00f6here Bel\u00fcftung der Wurzelzone und bildet in Kombination mit einem hochwertigen Vermehrungssubstrat einen stabilen Wurzelballen. Growcoon ist das optimale System f\u00fcr alle Vermehrungsmethoden bei Beerenobst. Als Z\u00fcchter von Beerenobst-Jungpflanzen m\u00f6chten Sie Ihren Kunden nat\u00fcrlich die st\u00e4rksten und ges\u00fcndesten Pflanzen liefern. Erdbeeren,<\/p>\n","protected":false},"author":2,"featured_media":0,"parent":91909,"menu_order":216,"comment_status":"closed","ping_status":"closed","template":"","meta":{"_acf_changed":false,"inline_featured_image":false,"footnotes":""},"class_list":["post-91935","page","type-page","status-publish","hentry"],"acf":[],"yoast_head":"<!-- This site is optimized with the Yoast SEO plugin v27.5 - https:\/\/yoast.com\/product\/yoast-seo-wordpress\/ -->\n<title>Beerenobst und Growcoon - Klasmann-Deilmann<\/title>\n<meta name=\"robots\" content=\"index, follow, max-snippet:-1, max-image-preview:large, max-video-preview:-1\" \/>\n<link rel=\"canonical\" href=\"https:\/\/klasmann-deilmann.com\/de\/anwendungsfelder\/beerenobst\/beerenobst-und-growcoon\/\" \/>\n<meta property=\"og:locale\" content=\"de_DE\" \/>\n<meta property=\"og:type\" content=\"article\" \/>\n<meta property=\"og:title\" content=\"Beerenobst und Growcoon - Klasmann-Deilmann\" \/>\n<meta property=\"og:description\" content=\"[vc_row][vc_column][kd_header_random_image_banner kindofbanner=&#8220;slideshow&#8220; timetillslide=&#8220;3&#8243; image=&#8220;105838&#8243;][\/kd_header_random_image_banner][\/vc_column][\/vc_row][vc_row el_class=&#8220;softfruits-grid-row&#8220;][vc_column][vc_row_inner gap=&#8220;30&#8243;][vc_column_inner width=&#8220;2\/3&#8243;][vc_column_text css=&#8220;&#8220;] Die innovative Anbaul\u00f6sung: Unser Growcoon f\u00fcr die Vermehrung von Beerenobst [\/vc_column_text][vc_column_text css=&#8220;&#8220;]Growcoon ist ein biologisch abbaubarer Anzucht-Topf mit einer flexiblen und offenen Netzstruktur. Er erm\u00f6glicht eine bessere und schnellere Wurzelbildung, eine h\u00f6here Bel\u00fcftung der Wurzelzone und bildet in Kombination mit einem hochwertigen Vermehrungssubstrat einen stabilen Wurzelballen. Growcoon ist das optimale System f\u00fcr alle Vermehrungsmethoden bei Beerenobst. Als Z\u00fcchter von Beerenobst-Jungpflanzen m\u00f6chten Sie Ihren Kunden nat\u00fcrlich die st\u00e4rksten und ges\u00fcndesten Pflanzen liefern. Erdbeeren,\" \/>\n<meta property=\"og:url\" content=\"https:\/\/klasmann-deilmann.com\/de\/anwendungsfelder\/beerenobst\/beerenobst-und-growcoon\/\" \/>\n<meta property=\"og:site_name\" content=\"Klasmann-Deilmann\" \/>\n<meta property=\"article:modified_time\" content=\"2026-03-31T12:47:12+00:00\" \/>\n<meta property=\"og:image\" content=\"https:\/\/klasmann-deilmann.com\/wp-content\/uploads\/klasmann-deilmann_growcoon_braun-1.jpg\" \/>\n\t<meta property=\"og:image:width\" content=\"2024\" \/>\n\t<meta property=\"og:image:height\" content=\"2560\" \/>\n\t<meta property=\"og:image:type\" content=\"image\/jpeg\" \/>\n<meta name=\"twitter:card\" content=\"summary_large_image\" \/>\n<meta name=\"twitter:label1\" content=\"Gesch\u00e4tzte Lesezeit\" \/>\n\t<meta name=\"twitter:data1\" content=\"4\u00a0Minuten\" \/>\n<script type=\"application\/ld+json\" class=\"yoast-schema-graph\">{\"@context\":\"https:\\\/\\\/schema.org\",\"@graph\":[{\"@type\":\"WebPage\",\"@id\":\"https:\\\/\\\/klasmann-deilmann.com\\\/de\\\/anwendungsfelder\\\/beerenobst\\\/beerenobst-und-growcoon\\\/\",\"url\":\"https:\\\/\\\/klasmann-deilmann.com\\\/de\\\/anwendungsfelder\\\/beerenobst\\\/beerenobst-und-growcoon\\\/\",\"name\":\"Beerenobst und Growcoon - Klasmann-Deilmann\",\"isPartOf\":{\"@id\":\"https:\\\/\\\/klasmann-deilmann.com\\\/en\\\/#website\"},\"primaryImageOfPage\":{\"@id\":\"https:\\\/\\\/klasmann-deilmann.com\\\/de\\\/anwendungsfelder\\\/beerenobst\\\/beerenobst-und-growcoon\\\/#primaryimage\"},\"image\":{\"@id\":\"https:\\\/\\\/klasmann-deilmann.com\\\/de\\\/anwendungsfelder\\\/beerenobst\\\/beerenobst-und-growcoon\\\/#primaryimage\"},\"thumbnailUrl\":\"https:\\\/\\\/klasmann-deilmann.com\\\/wp-content\\\/uploads\\\/klasmann-deilmann_growcoon_braun-1.jpg\",\"datePublished\":\"2024-08-28T09:30:52+00:00\",\"dateModified\":\"2026-03-31T12:47:12+00:00\",\"breadcrumb\":{\"@id\":\"https:\\\/\\\/klasmann-deilmann.com\\\/de\\\/anwendungsfelder\\\/beerenobst\\\/beerenobst-und-growcoon\\\/#breadcrumb\"},\"inLanguage\":\"de\",\"potentialAction\":[{\"@type\":\"ReadAction\",\"target\":[\"https:\\\/\\\/klasmann-deilmann.com\\\/de\\\/anwendungsfelder\\\/beerenobst\\\/beerenobst-und-growcoon\\\/\"]}]},{\"@type\":\"ImageObject\",\"inLanguage\":\"de\",\"@id\":\"https:\\\/\\\/klasmann-deilmann.com\\\/de\\\/anwendungsfelder\\\/beerenobst\\\/beerenobst-und-growcoon\\\/#primaryimage\",\"url\":\"https:\\\/\\\/klasmann-deilmann.com\\\/wp-content\\\/uploads\\\/klasmann-deilmann_growcoon_braun-1.jpg\",\"contentUrl\":\"https:\\\/\\\/klasmann-deilmann.com\\\/wp-content\\\/uploads\\\/klasmann-deilmann_growcoon_braun-1.jpg\"},{\"@type\":\"BreadcrumbList\",\"@id\":\"https:\\\/\\\/klasmann-deilmann.com\\\/de\\\/anwendungsfelder\\\/beerenobst\\\/beerenobst-und-growcoon\\\/#breadcrumb\",\"itemListElement\":[{\"@type\":\"ListItem\",\"position\":1,\"name\":\"Home\",\"item\":\"https:\\\/\\\/klasmann-deilmann.com\\\/de\\\/\"},{\"@type\":\"ListItem\",\"position\":2,\"name\":\"Anwendungsfelder\",\"item\":\"https:\\\/\\\/klasmann-deilmann.com\\\/de\\\/anwendungsfelder\\\/\"},{\"@type\":\"ListItem\",\"position\":3,\"name\":\"Beerenobst\",\"item\":\"https:\\\/\\\/klasmann-deilmann.com\\\/de\\\/anwendungsfelder\\\/beerenobst\\\/\"},{\"@type\":\"ListItem\",\"position\":4,\"name\":\"Beerenobst und Growcoon\"}]},{\"@type\":\"WebSite\",\"@id\":\"https:\\\/\\\/klasmann-deilmann.com\\\/en\\\/#website\",\"url\":\"https:\\\/\\\/klasmann-deilmann.com\\\/en\\\/\",\"name\":\"Klasmann-Deilmann\",\"description\":\"\",\"potentialAction\":[{\"@type\":\"SearchAction\",\"target\":{\"@type\":\"EntryPoint\",\"urlTemplate\":\"https:\\\/\\\/klasmann-deilmann.com\\\/en\\\/?s={search_term_string}\"},\"query-input\":{\"@type\":\"PropertyValueSpecification\",\"valueRequired\":true,\"valueName\":\"search_term_string\"}}],\"inLanguage\":\"de\"}]}<\/script>\n<!-- \/ Yoast SEO plugin. -->","yoast_head_json":{"title":"Beerenobst und Growcoon - Klasmann-Deilmann","robots":{"index":"index","follow":"follow","max-snippet":"max-snippet:-1","max-image-preview":"max-image-preview:large","max-video-preview":"max-video-preview:-1"},"canonical":"https:\/\/klasmann-deilmann.com\/de\/anwendungsfelder\/beerenobst\/beerenobst-und-growcoon\/","og_locale":"de_DE","og_type":"article","og_title":"Beerenobst und Growcoon - Klasmann-Deilmann","og_description":"[vc_row][vc_column][kd_header_random_image_banner kindofbanner=&#8220;slideshow&#8220; timetillslide=&#8220;3&#8243; image=&#8220;105838&#8243;][\/kd_header_random_image_banner][\/vc_column][\/vc_row][vc_row el_class=&#8220;softfruits-grid-row&#8220;][vc_column][vc_row_inner gap=&#8220;30&#8243;][vc_column_inner width=&#8220;2\/3&#8243;][vc_column_text css=&#8220;&#8220;] Die innovative Anbaul\u00f6sung: Unser Growcoon f\u00fcr die Vermehrung von Beerenobst [\/vc_column_text][vc_column_text css=&#8220;&#8220;]Growcoon ist ein biologisch abbaubarer Anzucht-Topf mit einer flexiblen und offenen Netzstruktur. Er erm\u00f6glicht eine bessere und schnellere Wurzelbildung, eine h\u00f6here Bel\u00fcftung der Wurzelzone und bildet in Kombination mit einem hochwertigen Vermehrungssubstrat einen stabilen Wurzelballen. Growcoon ist das optimale System f\u00fcr alle Vermehrungsmethoden bei Beerenobst. Als Z\u00fcchter von Beerenobst-Jungpflanzen m\u00f6chten Sie Ihren Kunden nat\u00fcrlich die st\u00e4rksten und ges\u00fcndesten Pflanzen liefern. Erdbeeren,","og_url":"https:\/\/klasmann-deilmann.com\/de\/anwendungsfelder\/beerenobst\/beerenobst-und-growcoon\/","og_site_name":"Klasmann-Deilmann","article_modified_time":"2026-03-31T12:47:12+00:00","og_image":[{"width":2024,"height":2560,"url":"https:\/\/klasmann-deilmann.com\/wp-content\/uploads\/klasmann-deilmann_growcoon_braun-1.jpg","type":"image\/jpeg"}],"twitter_card":"summary_large_image","twitter_misc":{"Gesch\u00e4tzte Lesezeit":"4\u00a0Minuten"},"schema":{"@context":"https:\/\/schema.org","@graph":[{"@type":"WebPage","@id":"https:\/\/klasmann-deilmann.com\/de\/anwendungsfelder\/beerenobst\/beerenobst-und-growcoon\/","url":"https:\/\/klasmann-deilmann.com\/de\/anwendungsfelder\/beerenobst\/beerenobst-und-growcoon\/","name":"Beerenobst und Growcoon - Klasmann-Deilmann","isPartOf":{"@id":"https:\/\/klasmann-deilmann.com\/en\/#website"},"primaryImageOfPage":{"@id":"https:\/\/klasmann-deilmann.com\/de\/anwendungsfelder\/beerenobst\/beerenobst-und-growcoon\/#primaryimage"},"image":{"@id":"https:\/\/klasmann-deilmann.com\/de\/anwendungsfelder\/beerenobst\/beerenobst-und-growcoon\/#primaryimage"},"thumbnailUrl":"https:\/\/klasmann-deilmann.com\/wp-content\/uploads\/klasmann-deilmann_growcoon_braun-1.jpg","datePublished":"2024-08-28T09:30:52+00:00","dateModified":"2026-03-31T12:47:12+00:00","breadcrumb":{"@id":"https:\/\/klasmann-deilmann.com\/de\/anwendungsfelder\/beerenobst\/beerenobst-und-growcoon\/#breadcrumb"},"inLanguage":"de","potentialAction":[{"@type":"ReadAction","target":["https:\/\/klasmann-deilmann.com\/de\/anwendungsfelder\/beerenobst\/beerenobst-und-growcoon\/"]}]},{"@type":"ImageObject","inLanguage":"de","@id":"https:\/\/klasmann-deilmann.com\/de\/anwendungsfelder\/beerenobst\/beerenobst-und-growcoon\/#primaryimage","url":"https:\/\/klasmann-deilmann.com\/wp-content\/uploads\/klasmann-deilmann_growcoon_braun-1.jpg","contentUrl":"https:\/\/klasmann-deilmann.com\/wp-content\/uploads\/klasmann-deilmann_growcoon_braun-1.jpg"},{"@type":"BreadcrumbList","@id":"https:\/\/klasmann-deilmann.com\/de\/anwendungsfelder\/beerenobst\/beerenobst-und-growcoon\/#breadcrumb","itemListElement":[{"@type":"ListItem","position":1,"name":"Home","item":"https:\/\/klasmann-deilmann.com\/de\/"},{"@type":"ListItem","position":2,"name":"Anwendungsfelder","item":"https:\/\/klasmann-deilmann.com\/de\/anwendungsfelder\/"},{"@type":"ListItem","position":3,"name":"Beerenobst","item":"https:\/\/klasmann-deilmann.com\/de\/anwendungsfelder\/beerenobst\/"},{"@type":"ListItem","position":4,"name":"Beerenobst und Growcoon"}]},{"@type":"WebSite","@id":"https:\/\/klasmann-deilmann.com\/en\/#website","url":"https:\/\/klasmann-deilmann.com\/en\/","name":"Klasmann-Deilmann","description":"","potentialAction":[{"@type":"SearchAction","target":{"@type":"EntryPoint","urlTemplate":"https:\/\/klasmann-deilmann.com\/en\/?s={search_term_string}"},"query-input":{"@type":"PropertyValueSpecification","valueRequired":true,"valueName":"search_term_string"}}],"inLanguage":"de"}]}},"_links":{"self":[{"href":"https:\/\/klasmann-deilmann.com\/de\/wp-json\/wp\/v2\/pages\/91935","targetHints":{"allow":["GET"]}}],"collection":[{"href":"https:\/\/klasmann-deilmann.com\/de\/wp-json\/wp\/v2\/pages"}],"about":[{"href":"https:\/\/klasmann-deilmann.com\/de\/wp-json\/wp\/v2\/types\/page"}],"author":[{"embeddable":true,"href":"https:\/\/klasmann-deilmann.com\/de\/wp-json\/wp\/v2\/users\/2"}],"replies":[{"embeddable":true,"href":"https:\/\/klasmann-deilmann.com\/de\/wp-json\/wp\/v2\/comments?post=91935"}],"version-history":[{"count":4,"href":"https:\/\/klasmann-deilmann.com\/de\/wp-json\/wp\/v2\/pages\/91935\/revisions"}],"predecessor-version":[{"id":106295,"href":"https:\/\/klasmann-deilmann.com\/de\/wp-json\/wp\/v2\/pages\/91935\/revisions\/106295"}],"up":[{"embeddable":true,"href":"https:\/\/klasmann-deilmann.com\/de\/wp-json\/wp\/v2\/pages\/91909"}],"wp:attachment":[{"href":"https:\/\/klasmann-deilmann.com\/de\/wp-json\/wp\/v2\/media?parent=91935"}],"curies":[{"name":"wp","href":"https:\/\/api.w.org\/{rel}","templated":true}]}}