{"id":91929,"date":"2024-07-10T12:39:00","date_gmt":"2024-07-10T10:39:00","guid":{"rendered":"https:\/\/klasmann-deilmann.com\/anwendungsfelder\/beerenobst-new\/soft-fruit-and-growbag\/"},"modified":"2025-09-30T15:36:35","modified_gmt":"2025-09-30T13:36:35","slug":"beerenobst-und-growbag","status":"publish","type":"page","link":"https:\/\/klasmann-deilmann.com\/de\/anwendungsfelder\/beerenobst\/beerenobst-und-growbag\/","title":{"rendered":"Beerenobst und Growbag"},"content":{"rendered":"<div class=\"wpb-content-wrapper\">[vc_row][vc_column][kd_header_random_image_banner image=&#8220;90911&#8243;][\/kd_header_random_image_banner][\/vc_column][\/vc_row][vc_row el_class=&#8220;softfruits-grid-row&#8220;][vc_column][vc_row_inner gap=&#8220;30&#8243;][vc_column_inner width=&#8220;2\/3&#8243;][vc_column_text css=&#8220;&#8220;]<\/p>\n<h2 style=\"text-align: left;\"><strong>Ihr Weg zum Erfolg:<\/strong><br \/>\n<strong>Unsere Growbag-L\u00f6sungen f\u00fcr Erdbeeren.<\/strong><\/h2>\n<p>Jede Innovation hat ihre Zeit. Die unserer neuen Growbag-Produktlinie ist jetzt gekommen. Klasmann-Deilmann hebt eine der wichtigsten Anbaumethoden im gewerblichen Gartenbau auf ein ganz neues Niveau. Immer mit h\u00f6chster Qualit\u00e4t, aber mit einem starken Fokus auf Nachhaltigkeit. Und mit genau dem Ma\u00df an Individualit\u00e4t, das Ihre Erdbeerpflanzen ben\u00f6tigen und das Ihren Anforderungen entspricht.[\/vc_column_text][vc_gallery interval=&#8220;3&#8243; images=&#8220;85655&#8243; img_size=&#8220;full&#8220; onclick=&#8220;&#8220; css=&#8220;&#8220;][\/vc_column_inner][vc_column_inner width=&#8220;1\/3&#8243; el_id=&#8220;contact-marginalia&#8220;][vc_column_text css=&#8220;&#8220;]<\/p>\n<h2><strong>Kontaktieren Sie unseren Growbag-Experten \u2026<\/strong><\/h2>\n<p>[\/vc_column_text][kd_contact_person singleorlist=&#8220;single&#8220; singlecontact=&#8220;85508|Jan Vanoverschelde&#8220; template=&#8220;template02&#8243; useemailtemplate=&#8220;&#8220; altemail=&#8220;&#8220; altphone=&#8220;&#8220;][vc_column_text css=&#8220;&#8220;]<\/p>\n<h2><strong>\u2026 oder Ihren lokalen Partner:<\/strong><\/h2>\n<p>[\/vc_column_text][kd_get_contact_by_country topic=&#8220;580&#8243;][\/vc_column_inner][\/vc_row_inner][\/vc_column][\/vc_row][vc_row equal_height=&#8220;yes&#8220; css=&#8220;.vc_custom_1701852484201{margin-bottom: 70px !important;padding-top: 30px !important;}&#8220;][vc_column][vc_row_inner][vc_column_inner][vc_column_text css=&#8220;&#8220;]<\/p>\n<h2><strong>Unsere Growbags folgen einem modernen Anspruch:<br \/>\nErdbeeren nachhaltiger anbauen, wo und wie Sie m\u00f6chten.<\/strong><\/h2>\n<p>[\/vc_column_text][\/vc_column_inner][\/vc_row_inner][vc_row_inner][vc_column_inner width=&#8220;1\/3&#8243;][vc_column_text css=&#8220;.vc_custom_1759221643273{border-radius: 2px !important;}&#8220;]<a href=\"https:\/\/klasmann-deilmann.com\/de\/anwendungsfelder\/beerenobst\/beerenobst-und-growbag\/beerenobst-und-growbag-advanced\/\"><img loading=\"lazy\" decoding=\"async\" width=\"700\" height=\"400\" class=\"alignnone size-full wp-image-78067\" src=\"\/wp-content\/uploads\/klasmann-deilmann_growbag_advanced_logo_kontur.jpg\" alt=\"\" srcset=\"https:\/\/klasmann-deilmann.com\/wp-content\/uploads\/klasmann-deilmann_growbag_advanced_logo_kontur.jpg 700w, https:\/\/klasmann-deilmann.com\/wp-content\/uploads\/klasmann-deilmann_growbag_advanced_logo_kontur-300x171.jpg 300w\" sizes=\"auto, (max-width: 700px) 100vw, 700px\" \/><\/a><\/p>\n<p>Die innovative L\u00f6sung mit besonderem Fokus auf Nachhaltigkeit. F\u00fcr den europ\u00e4ischen Markt und auf Anfrage.[\/vc_column_text][kd_download_button show_link_download1=&#8220;link&#8220; link1=&#8220;url:https%3A%2F%2Fklasmann-deilmann.com%2Fde%2Fanwendungsfelder%2Fbeerenobst%2Fbeerenobst-und-growbag%2Fbeerenobst-und-growbag-advanced%2F|title:Mehr%20erfahren&#8220;][\/vc_column_inner][vc_column_inner width=&#8220;1\/3&#8243;][vc_column_text css=&#8220;&#8220;]<a href=\"https:\/\/www.agsolutions.net.au\/growbags\" target=\"_blank\" rel=\"noopener\"><img loading=\"lazy\" decoding=\"async\" width=\"701\" height=\"400\" class=\"alignnone size-full wp-image-78094\" src=\"\/wp-content\/uploads\/klasmann-deilmann_growbag_advanced_ags_logo_kontur.jpg\" alt=\"\" srcset=\"https:\/\/klasmann-deilmann.com\/wp-content\/uploads\/klasmann-deilmann_growbag_advanced_ags_logo_kontur.jpg 701w, https:\/\/klasmann-deilmann.com\/wp-content\/uploads\/klasmann-deilmann_growbag_advanced_ags_logo_kontur-300x171.jpg 300w\" sizes=\"auto, (max-width: 701px) 100vw, 701px\" \/><\/a><\/p>\n<p>Die innovative L\u00f6sung mit besonderem Fokus auf Nachhaltigkeit. F\u00fcr den australischen und ozeanischen Markt und auf Anfrage.[\/vc_column_text][kd_download_button show_link_download1=&#8220;link&#8220; link1=&#8220;url:https%3A%2F%2Fwww.agsolutions.net.au%2Fgrowbags|title:Mehr%20erfahren|target:_blank&#8220;][\/vc_column_inner][vc_column_inner width=&#8220;1\/3&#8243;][vc_column_text css=&#8220;&#8220;]<a href=\"https:\/\/klasmann-deilmann.com\/de\/anwendungsfelder\/beerenobst\/beerenobst-und-growbag\/growbag-coco\/\" target=\"_blank\" rel=\"noopener\"><img decoding=\"async\" class=\"alignnone size-full wp-image-91345\" src=\"\/wp-content\/uploads\/klasmann-deilmann_growbag_coco_logo_kontur_2.jpg\" alt=\"\" \/><\/a><\/p>\n<p>Die bew\u00e4hrten Eigenschaften von Kokosprodukten, jedoch aus verantwortungsbewusster Herkunft. F\u00fcr den asiatischen und europ\u00e4ischen Markt und auf Anfrage.[\/vc_column_text][kd_download_button show_link_download1=&#8220;link&#8220; link1=&#8220;url:https%3A%2F%2Fklasmann-deilmann.com%2Fde%2Fanwendungsfelder%2Fbeerenobst%2Fbeerenobst-und-growbag%2Fgrowbag-coco%2F|title:Mehr%20erfahren&#8220;][\/vc_column_inner][\/vc_row_inner][\/vc_column][\/vc_row]<\/p><\/div>\n","protected":false},"excerpt":{"rendered":"<p>[vc_row][vc_column][kd_header_random_image_banner image=&#8220;90911&#8243;][\/kd_header_random_image_banner][\/vc_column][\/vc_row][vc_row el_class=&#8220;softfruits-grid-row&#8220;][vc_column][vc_row_inner gap=&#8220;30&#8243;][vc_column_inner width=&#8220;2\/3&#8243;][vc_column_text css=&#8220;&#8220;] Ihr Weg zum Erfolg: Unsere Growbag-L\u00f6sungen f\u00fcr Erdbeeren. Jede Innovation hat ihre Zeit. Die unserer neuen Growbag-Produktlinie ist jetzt gekommen. Klasmann-Deilmann hebt eine der wichtigsten Anbaumethoden im gewerblichen Gartenbau auf ein ganz neues Niveau. Immer mit h\u00f6chster Qualit\u00e4t, aber mit einem starken Fokus auf Nachhaltigkeit. Und mit genau dem Ma\u00df an Individualit\u00e4t, das Ihre Erdbeerpflanzen ben\u00f6tigen und das Ihren Anforderungen entspricht.[\/vc_column_text][vc_gallery interval=&#8220;3&#8243; images=&#8220;85655&#8243; img_size=&#8220;full&#8220; onclick=&#8220;&#8220; css=&#8220;&#8220;][\/vc_column_inner][vc_column_inner width=&#8220;1\/3&#8243; el_id=&#8220;contact-marginalia&#8220;][vc_column_text css=&#8220;&#8220;] Kontaktieren Sie unseren Growbag-Experten \u2026<\/p>\n","protected":false},"author":2,"featured_media":0,"parent":91909,"menu_order":198,"comment_status":"closed","ping_status":"closed","template":"","meta":{"_acf_changed":false,"inline_featured_image":false,"footnotes":""},"class_list":["post-91929","page","type-page","status-publish","hentry"],"acf":[],"yoast_head":"<!-- This site is optimized with the Yoast SEO plugin v27.5 - https:\/\/yoast.com\/product\/yoast-seo-wordpress\/ -->\n<title>Beerenobst und Growbag - Klasmann-Deilmann<\/title>\n<meta name=\"robots\" content=\"index, follow, max-snippet:-1, max-image-preview:large, max-video-preview:-1\" \/>\n<link rel=\"canonical\" href=\"https:\/\/klasmann-deilmann.com\/de\/anwendungsfelder\/beerenobst\/beerenobst-und-growbag\/\" \/>\n<meta property=\"og:locale\" content=\"de_DE\" \/>\n<meta property=\"og:type\" content=\"article\" \/>\n<meta property=\"og:title\" content=\"Beerenobst und Growbag - Klasmann-Deilmann\" \/>\n<meta property=\"og:description\" content=\"[vc_row][vc_column][kd_header_random_image_banner image=&#8220;90911&#8243;][\/kd_header_random_image_banner][\/vc_column][\/vc_row][vc_row el_class=&#8220;softfruits-grid-row&#8220;][vc_column][vc_row_inner gap=&#8220;30&#8243;][vc_column_inner width=&#8220;2\/3&#8243;][vc_column_text css=&#8220;&#8220;] Ihr Weg zum Erfolg: Unsere Growbag-L\u00f6sungen f\u00fcr Erdbeeren. Jede Innovation hat ihre Zeit. Die unserer neuen Growbag-Produktlinie ist jetzt gekommen. Klasmann-Deilmann hebt eine der wichtigsten Anbaumethoden im gewerblichen Gartenbau auf ein ganz neues Niveau. Immer mit h\u00f6chster Qualit\u00e4t, aber mit einem starken Fokus auf Nachhaltigkeit. Und mit genau dem Ma\u00df an Individualit\u00e4t, das Ihre Erdbeerpflanzen ben\u00f6tigen und das Ihren Anforderungen entspricht.[\/vc_column_text][vc_gallery interval=&#8220;3&#8243; images=&#8220;85655&#8243; img_size=&#8220;full&#8220; onclick=&#8220;&#8220; css=&#8220;&#8220;][\/vc_column_inner][vc_column_inner width=&#8220;1\/3&#8243; el_id=&#8220;contact-marginalia&#8220;][vc_column_text css=&#8220;&#8220;] Kontaktieren Sie unseren Growbag-Experten \u2026\" \/>\n<meta property=\"og:url\" content=\"https:\/\/klasmann-deilmann.com\/de\/anwendungsfelder\/beerenobst\/beerenobst-und-growbag\/\" \/>\n<meta property=\"og:site_name\" content=\"Klasmann-Deilmann\" \/>\n<meta property=\"article:modified_time\" content=\"2025-09-30T13:36:35+00:00\" \/>\n<meta name=\"twitter:card\" content=\"summary_large_image\" \/>\n<meta name=\"twitter:label1\" content=\"Gesch\u00e4tzte Lesezeit\" \/>\n\t<meta name=\"twitter:data1\" content=\"2\u00a0Minuten\" \/>\n<script type=\"application\/ld+json\" class=\"yoast-schema-graph\">{\"@context\":\"https:\\\/\\\/schema.org\",\"@graph\":[{\"@type\":\"WebPage\",\"@id\":\"https:\\\/\\\/klasmann-deilmann.com\\\/de\\\/anwendungsfelder\\\/beerenobst\\\/beerenobst-und-growbag\\\/\",\"url\":\"https:\\\/\\\/klasmann-deilmann.com\\\/de\\\/anwendungsfelder\\\/beerenobst\\\/beerenobst-und-growbag\\\/\",\"name\":\"Beerenobst und Growbag - Klasmann-Deilmann\",\"isPartOf\":{\"@id\":\"https:\\\/\\\/klasmann-deilmann.com\\\/en\\\/#website\"},\"datePublished\":\"2024-07-10T10:39:00+00:00\",\"dateModified\":\"2025-09-30T13:36:35+00:00\",\"breadcrumb\":{\"@id\":\"https:\\\/\\\/klasmann-deilmann.com\\\/de\\\/anwendungsfelder\\\/beerenobst\\\/beerenobst-und-growbag\\\/#breadcrumb\"},\"inLanguage\":\"de\",\"potentialAction\":[{\"@type\":\"ReadAction\",\"target\":[\"https:\\\/\\\/klasmann-deilmann.com\\\/de\\\/anwendungsfelder\\\/beerenobst\\\/beerenobst-und-growbag\\\/\"]}]},{\"@type\":\"BreadcrumbList\",\"@id\":\"https:\\\/\\\/klasmann-deilmann.com\\\/de\\\/anwendungsfelder\\\/beerenobst\\\/beerenobst-und-growbag\\\/#breadcrumb\",\"itemListElement\":[{\"@type\":\"ListItem\",\"position\":1,\"name\":\"Home\",\"item\":\"https:\\\/\\\/klasmann-deilmann.com\\\/de\\\/\"},{\"@type\":\"ListItem\",\"position\":2,\"name\":\"Anwendungsfelder\",\"item\":\"https:\\\/\\\/klasmann-deilmann.com\\\/de\\\/anwendungsfelder\\\/\"},{\"@type\":\"ListItem\",\"position\":3,\"name\":\"Beerenobst\",\"item\":\"https:\\\/\\\/klasmann-deilmann.com\\\/de\\\/anwendungsfelder\\\/beerenobst\\\/\"},{\"@type\":\"ListItem\",\"position\":4,\"name\":\"Beerenobst und Growbag\"}]},{\"@type\":\"WebSite\",\"@id\":\"https:\\\/\\\/klasmann-deilmann.com\\\/en\\\/#website\",\"url\":\"https:\\\/\\\/klasmann-deilmann.com\\\/en\\\/\",\"name\":\"Klasmann-Deilmann\",\"description\":\"\",\"potentialAction\":[{\"@type\":\"SearchAction\",\"target\":{\"@type\":\"EntryPoint\",\"urlTemplate\":\"https:\\\/\\\/klasmann-deilmann.com\\\/en\\\/?s={search_term_string}\"},\"query-input\":{\"@type\":\"PropertyValueSpecification\",\"valueRequired\":true,\"valueName\":\"search_term_string\"}}],\"inLanguage\":\"de\"}]}<\/script>\n<!-- \/ Yoast SEO plugin. -->","yoast_head_json":{"title":"Beerenobst und Growbag - Klasmann-Deilmann","robots":{"index":"index","follow":"follow","max-snippet":"max-snippet:-1","max-image-preview":"max-image-preview:large","max-video-preview":"max-video-preview:-1"},"canonical":"https:\/\/klasmann-deilmann.com\/de\/anwendungsfelder\/beerenobst\/beerenobst-und-growbag\/","og_locale":"de_DE","og_type":"article","og_title":"Beerenobst und Growbag - Klasmann-Deilmann","og_description":"[vc_row][vc_column][kd_header_random_image_banner image=&#8220;90911&#8243;][\/kd_header_random_image_banner][\/vc_column][\/vc_row][vc_row el_class=&#8220;softfruits-grid-row&#8220;][vc_column][vc_row_inner gap=&#8220;30&#8243;][vc_column_inner width=&#8220;2\/3&#8243;][vc_column_text css=&#8220;&#8220;] Ihr Weg zum Erfolg: Unsere Growbag-L\u00f6sungen f\u00fcr Erdbeeren. Jede Innovation hat ihre Zeit. Die unserer neuen Growbag-Produktlinie ist jetzt gekommen. Klasmann-Deilmann hebt eine der wichtigsten Anbaumethoden im gewerblichen Gartenbau auf ein ganz neues Niveau. Immer mit h\u00f6chster Qualit\u00e4t, aber mit einem starken Fokus auf Nachhaltigkeit. Und mit genau dem Ma\u00df an Individualit\u00e4t, das Ihre Erdbeerpflanzen ben\u00f6tigen und das Ihren Anforderungen entspricht.[\/vc_column_text][vc_gallery interval=&#8220;3&#8243; images=&#8220;85655&#8243; img_size=&#8220;full&#8220; onclick=&#8220;&#8220; css=&#8220;&#8220;][\/vc_column_inner][vc_column_inner width=&#8220;1\/3&#8243; el_id=&#8220;contact-marginalia&#8220;][vc_column_text css=&#8220;&#8220;] Kontaktieren Sie unseren Growbag-Experten \u2026","og_url":"https:\/\/klasmann-deilmann.com\/de\/anwendungsfelder\/beerenobst\/beerenobst-und-growbag\/","og_site_name":"Klasmann-Deilmann","article_modified_time":"2025-09-30T13:36:35+00:00","twitter_card":"summary_large_image","twitter_misc":{"Gesch\u00e4tzte Lesezeit":"2\u00a0Minuten"},"schema":{"@context":"https:\/\/schema.org","@graph":[{"@type":"WebPage","@id":"https:\/\/klasmann-deilmann.com\/de\/anwendungsfelder\/beerenobst\/beerenobst-und-growbag\/","url":"https:\/\/klasmann-deilmann.com\/de\/anwendungsfelder\/beerenobst\/beerenobst-und-growbag\/","name":"Beerenobst und Growbag - Klasmann-Deilmann","isPartOf":{"@id":"https:\/\/klasmann-deilmann.com\/en\/#website"},"datePublished":"2024-07-10T10:39:00+00:00","dateModified":"2025-09-30T13:36:35+00:00","breadcrumb":{"@id":"https:\/\/klasmann-deilmann.com\/de\/anwendungsfelder\/beerenobst\/beerenobst-und-growbag\/#breadcrumb"},"inLanguage":"de","potentialAction":[{"@type":"ReadAction","target":["https:\/\/klasmann-deilmann.com\/de\/anwendungsfelder\/beerenobst\/beerenobst-und-growbag\/"]}]},{"@type":"BreadcrumbList","@id":"https:\/\/klasmann-deilmann.com\/de\/anwendungsfelder\/beerenobst\/beerenobst-und-growbag\/#breadcrumb","itemListElement":[{"@type":"ListItem","position":1,"name":"Home","item":"https:\/\/klasmann-deilmann.com\/de\/"},{"@type":"ListItem","position":2,"name":"Anwendungsfelder","item":"https:\/\/klasmann-deilmann.com\/de\/anwendungsfelder\/"},{"@type":"ListItem","position":3,"name":"Beerenobst","item":"https:\/\/klasmann-deilmann.com\/de\/anwendungsfelder\/beerenobst\/"},{"@type":"ListItem","position":4,"name":"Beerenobst und Growbag"}]},{"@type":"WebSite","@id":"https:\/\/klasmann-deilmann.com\/en\/#website","url":"https:\/\/klasmann-deilmann.com\/en\/","name":"Klasmann-Deilmann","description":"","potentialAction":[{"@type":"SearchAction","target":{"@type":"EntryPoint","urlTemplate":"https:\/\/klasmann-deilmann.com\/en\/?s={search_term_string}"},"query-input":{"@type":"PropertyValueSpecification","valueRequired":true,"valueName":"search_term_string"}}],"inLanguage":"de"}]}},"_links":{"self":[{"href":"https:\/\/klasmann-deilmann.com\/de\/wp-json\/wp\/v2\/pages\/91929","targetHints":{"allow":["GET"]}}],"collection":[{"href":"https:\/\/klasmann-deilmann.com\/de\/wp-json\/wp\/v2\/pages"}],"about":[{"href":"https:\/\/klasmann-deilmann.com\/de\/wp-json\/wp\/v2\/types\/page"}],"author":[{"embeddable":true,"href":"https:\/\/klasmann-deilmann.com\/de\/wp-json\/wp\/v2\/users\/2"}],"replies":[{"embeddable":true,"href":"https:\/\/klasmann-deilmann.com\/de\/wp-json\/wp\/v2\/comments?post=91929"}],"version-history":[{"count":5,"href":"https:\/\/klasmann-deilmann.com\/de\/wp-json\/wp\/v2\/pages\/91929\/revisions"}],"predecessor-version":[{"id":92622,"href":"https:\/\/klasmann-deilmann.com\/de\/wp-json\/wp\/v2\/pages\/91929\/revisions\/92622"}],"up":[{"embeddable":true,"href":"https:\/\/klasmann-deilmann.com\/de\/wp-json\/wp\/v2\/pages\/91909"}],"wp:attachment":[{"href":"https:\/\/klasmann-deilmann.com\/de\/wp-json\/wp\/v2\/media?parent=91929"}],"curies":[{"name":"wp","href":"https:\/\/api.w.org\/{rel}","templated":true}]}}