{"id":91909,"date":"2024-07-10T12:36:38","date_gmt":"2024-07-10T10:36:38","guid":{"rendered":"https:\/\/klasmann-deilmann.com\/anwendungsfelder\/soft-fruits-new\/"},"modified":"2026-03-31T14:32:42","modified_gmt":"2026-03-31T12:32:42","slug":"beerenobst","status":"publish","type":"page","link":"https:\/\/klasmann-deilmann.com\/de\/anwendungsfelder\/beerenobst\/","title":{"rendered":"Beerenobst"},"content":{"rendered":"<div class=\"wpb-content-wrapper\">[vc_row][vc_column][kd_header_random_image_banner image=&#8220;85257&#8243;][\/kd_header_random_image_banner][\/vc_column][\/vc_row][vc_row css=&#8220;.vc_custom_1720519701904{padding-top: 70px !important;padding-bottom: 70px !important;background-color: #414345 !important;}&#8220; el_class=&#8220;softfruits-grid-row&#8220;][vc_column][vc_row_inner][vc_column_inner][vc_column_text css=&#8220;&#8220;]<\/p>\n<h2 style=\"text-align: left;\">Beerenstark:<br \/>\nAnbaul\u00f6sungen f\u00fcr Beerenobst von Klasmann-Deilmann<\/h2>\n<p>[\/vc_column_text][\/vc_column_inner][\/vc_row_inner][vc_row_inner el_class=&#8220;grid grid-two-rows&#8220;][vc_column_inner el_class=&#8220;main-grid-container&#8220; width=&#8220;1\/4&#8243; css=&#8220;.vc_custom_1754573652945{background-color: #44a12b !important;}&#8220;][vc_column_text css=&#8220;&#8220;]<\/p>\n<h2>Die St\u00e4rken von Klasmann-Deilmann<\/h2>\n<ul class=\"plus-list\">\n<li>F\u00fchrender internationaler Substrathersteller<\/li>\n<li>Anbieter von hochwertigen Kultursubstraten und innovativen Anbaul\u00f6sungen<\/li>\n<li>Zahlreiche Vertriebs- und Produktionsgesellschaften in Europa, Asien und Amerika<\/li>\n<li>Starke technische Unterst\u00fctzung durch unser Beratungsteam und unseren internationalen Soft-Fruit Experten<\/li>\n<\/ul>\n<p>[\/vc_column_text][\/vc_column_inner][vc_column_inner el_class=&#8220;add-grid-container&#8220; width=&#8220;1\/2&#8243;][vc_column_text css=&#8220;.vc_custom_1759221334526{background-image: url(https:\/\/klasmann-deilmann.com\/wp-content\/uploads\/20210726KS-78-e1723705784820.jpg?id=85310) !important;}&#8220; el_class=&#8220;grid-container&#8220;]<\/p>\n<h2>Erdbeeren<\/h2>\n<p><a class=\"btn-white\" href=\"https:\/\/klasmann-deilmann.com\/de\/anwendungsfelder\/beerenobst\/erdbeeren\/\">Mehr erfahren<\/a>[\/vc_column_text][vc_column_text css=&#8220;.vc_custom_1759221382510{background-image: url(https:\/\/klasmann-deilmann.com\/wp-content\/uploads\/Blaubeeren.jpg?id=25786) !important;}&#8220; el_class=&#8220;grid-container&#8220;]<\/p>\n<h2>Heidelbeeren<\/h2>\n<p><a class=\"btn-white\" href=\"https:\/\/klasmann-deilmann.com\/de\/anwendungsfelder\/beerenobst\/kulturheidelbeeren\/\">Mehr erfahren<\/a>[\/vc_column_text][vc_column_text css=&#8220;.vc_custom_1759221396082{background-image: url(https:\/\/klasmann-deilmann.com\/wp-content\/uploads\/20210726KS-114.jpg?id=85297) !important;}&#8220; el_class=&#8220;grid-container&#8220;]<\/p>\n<h2>Himbeeren<\/h2>\n<p><a class=\"btn-white\" href=\"https:\/\/klasmann-deilmann.com\/de\/anwendungsfelder\/beerenobst\/himbeeren-brombeeren\/\">Mehr erfahren<\/a>[\/vc_column_text][vc_column_text css=&#8220;.vc_custom_1759221406349{background-image: url(https:\/\/klasmann-deilmann.com\/wp-content\/uploads\/1215167279-square.jpg?id=85565) !important;}&#8220; el_class=&#8220;grid-container&#8220;]<\/p>\n<h2>Brombeeren<\/h2>\n<p><a class=\"btn-white\" href=\"https:\/\/klasmann-deilmann.com\/de\/anwendungsfelder\/beerenobst\/himbeeren-brombeeren\/\">Mehr erfahren<\/a>[\/vc_column_text][\/vc_column_inner][vc_column_inner el_class=&#8220;.second-main-grid-container&#8220; width=&#8220;1\/4&#8243; css=&#8220;.vc_custom_1754576773225{background-color: #44A12B !important;}&#8220;][vc_column_text css=&#8220;&#8220;]<\/p>\n<h2>Unsere St\u00e4rken f\u00fcr Beerenobstkulturen<\/h2>\n<ul class=\"plus-list\">\n<li>Moderne, bew\u00e4hrte Substrate, die auch nachhaltige Standards erf\u00fcllen<\/li>\n<li>Qualit\u00e4tskontrolle vollst\u00e4ndig basierend auf den strengen Richtlinien der RHP f\u00fcr Substrate<\/li>\n<li>Innovative neue Anbaul\u00f6sungen, die die Pflanzenvermehrung neu definieren<\/li>\n<li>Fundiertes Wissen \u00fcber Beerenobstsubstrate aus 110 Jahren Erfahrung<\/li>\n<\/ul>\n<p>[\/vc_column_text][\/vc_column_inner][\/vc_row_inner][\/vc_column][\/vc_row][vc_row disable_element=&#8220;yes&#8220; css=&#8220;.vc_custom_1722516865712{padding-top: 70px !important;padding-bottom: 70px !important;background-color: #414345 !important;}&#8220; el_class=&#8220;softfruits-grid-row&#8220;][vc_column][vc_row_inner][vc_column_inner][vc_column_text css=&#8220;&#8220;]<\/p>\n<h2 style=\"text-align: left;\">Berry impressive:<br \/>\nSolutions for soft fruits by Klasmann-Deilmann<\/h2>\n<p>[\/vc_column_text][\/vc_column_inner][\/vc_row_inner][vc_row_inner el_class=&#8220;grid&#8220;][vc_column_inner el_class=&#8220;main-grid-container&#8220; width=&#8220;1\/3&#8243; css=&#8220;.vc_custom_1720520134746{background-color: #44a12b !important;}&#8220;][vc_column_text css=&#8220;&#8220;]<\/p>\n<h2>Why Klasmann-Deilmann?<\/h2>\n<ul class=\"plus-list\">\n<li>For decades a guarantee for culture-safe soft fruit substrates<\/li>\n<li>Leading player in peat alternatives (quality and quantity)<\/li>\n<li>Direct access to raw materials (peat, alternatives) from own resources<\/li>\n<li>Alternatives (wood, compost, coco, bark) from natural material cycles<\/li>\n<li>RHP monitors raw materials and production processes<\/li>\n<li>Certified to ISO 9001 (quality), ISO 14001 (environment), ISO 14064 (carbon footprint)<\/li>\n<li>Sustainability Report in line with GRI Standards 2016<\/li>\n<\/ul>\n<p>[\/vc_column_text][\/vc_column_inner][vc_column_inner el_class=&#8220;add-grid-container&#8220; width=&#8220;2\/3&#8243;][vc_column_text css=&#8220;.vc_custom_1720604175115{background-image: url(https:\/\/klasmann-deilmann.com\/wp-content\/uploads\/20210726KS-78.jpg?id=85310) !important;}&#8220; el_class=&#8220;grid-container&#8220;]<\/p>\n<h2>Strawberries<\/h2>\n<p><a class=\"btn-white\" href=\"https:\/\/klasmann-deilmann.com\/de\/anwendungsfelder\/beerenobst\/erdbeeren\/\">Learn more<\/a>[\/vc_column_text][vc_column_text css=&#8220;.vc_custom_1720604181509{background-image: url(https:\/\/klasmann-deilmann.com\/wp-content\/uploads\/509515996.jpg?id=85284) !important;}&#8220; el_class=&#8220;grid-container&#8220;]<\/p>\n<h2>Blueberries<\/h2>\n<p><a class=\"btn-white\" href=\"https:\/\/klasmann-deilmann.com\/de\/anwendungsfelder\/beerenobst\/erdbeeren\/\">Learn more<\/a>[\/vc_column_text][vc_column_text css=&#8220;.vc_custom_1720674772941{background-image: url(https:\/\/klasmann-deilmann.com\/wp-content\/uploads\/1215167279-square.jpg?id=85565) !important;}&#8220; el_class=&#8220;grid-container&#8220;]<\/p>\n<h2>Blackberries<\/h2>\n<p><a class=\"btn-white\" href=\"https:\/\/klasmann-deilmann.com\/de\/anwendungsfelder\/beerenobst\/erdbeeren\/\">Learn more<\/a>[\/vc_column_text][vc_column_text css=&#8220;.vc_custom_1720604194261{background-image: url(https:\/\/klasmann-deilmann.com\/wp-content\/uploads\/20210726KS-114.jpg?id=85297) !important;}&#8220; el_class=&#8220;grid-container&#8220;]<\/p>\n<h2>Raspberries<\/h2>\n<p><a class=\"btn-white\" href=\"https:\/\/klasmann-deilmann.com\/de\/anwendungsfelder\/beerenobst\/erdbeeren\/\">Learn more<\/a>[\/vc_column_text][\/vc_column_inner][\/vc_row_inner][\/vc_column][\/vc_row][vc_row equal_height=&#8220;yes&#8220; el_class=&#8220;contact-full-row&#8220; css=&#8220;.vc_custom_1720596710643{margin-top: 50px !important;}&#8220;][vc_column width=&#8220;1\/2&#8243; css=&#8220;.vc_custom_1774960321837{background-image: url(https:\/\/klasmann-deilmann.com\/wp-content\/uploads\/355A3917-scaled.jpg?id=106267) !important;background-position: center !important;background-repeat: no-repeat !important;background-size: cover !important;}&#8220;][\/vc_column][vc_column width=&#8220;1\/2&#8243; css=&#8220;.vc_custom_1720596704495{padding-bottom: 50px !important;background-color: #44a12b !important;}&#8220; el_class=&#8220;col-half wrap&#8220;][vc_column_text css=&#8220;&#8220;]<\/p>\n<h2>Kontaktieren Sie Ihren lokalen Partner:<\/h2>\n<p>[\/vc_column_text][kd_get_contact_by_country topic=&#8220;580&#8243;][\/vc_column][\/vc_row]<\/p><\/div>\n","protected":false},"excerpt":{"rendered":"<p>[vc_row][vc_column][kd_header_random_image_banner image=&#8220;85257&#8243;][\/kd_header_random_image_banner][\/vc_column][\/vc_row][vc_row css=&#8220;.vc_custom_1720519701904{padding-top: 70px !important;padding-bottom: 70px !important;background-color: #414345 !important;}&#8220; el_class=&#8220;softfruits-grid-row&#8220;][vc_column][vc_row_inner][vc_column_inner][vc_column_text css=&#8220;&#8220;] Beerenstark: Anbaul\u00f6sungen f\u00fcr Beerenobst von Klasmann-Deilmann [\/vc_column_text][\/vc_column_inner][\/vc_row_inner][vc_row_inner el_class=&#8220;grid grid-two-rows&#8220;][vc_column_inner el_class=&#8220;main-grid-container&#8220; width=&#8220;1\/4&#8243; css=&#8220;.vc_custom_1754573652945{background-color: #44a12b !important;}&#8220;][vc_column_text css=&#8220;&#8220;] Die St\u00e4rken von Klasmann-Deilmann F\u00fchrender internationaler Substrathersteller Anbieter von hochwertigen Kultursubstraten und innovativen Anbaul\u00f6sungen Zahlreiche Vertriebs- und Produktionsgesellschaften in Europa, Asien und Amerika Starke technische Unterst\u00fctzung durch unser Beratungsteam und unseren internationalen Soft-Fruit Experten [\/vc_column_text][\/vc_column_inner][vc_column_inner el_class=&#8220;add-grid-container&#8220; width=&#8220;1\/2&#8243;][vc_column_text css=&#8220;.vc_custom_1759221334526{background-image: url(https:\/\/klasmann-deilmann.com\/wp-content\/uploads\/20210726KS-78-e1723705784820.jpg?id=85310) !important;}&#8220; el_class=&#8220;grid-container&#8220;] Erdbeeren Mehr erfahren[\/vc_column_text][vc_column_text css=&#8220;.vc_custom_1759221382510{background-image: url(https:\/\/klasmann-deilmann.com\/wp-content\/uploads\/Blaubeeren.jpg?id=25786) !important;}&#8220; el_class=&#8220;grid-container&#8220;] Heidelbeeren Mehr erfahren[\/vc_column_text][vc_column_text css=&#8220;.vc_custom_1759221396082{background-image: url(https:\/\/klasmann-deilmann.com\/wp-content\/uploads\/20210726KS-114.jpg?id=85297) !important;}&#8220;<\/p>\n","protected":false},"author":2,"featured_media":0,"parent":38805,"menu_order":155,"comment_status":"closed","ping_status":"closed","template":"","meta":{"_acf_changed":false,"inline_featured_image":false,"footnotes":""},"class_list":["post-91909","page","type-page","status-publish","hentry"],"acf":[],"yoast_head":"<!-- This site is optimized with the Yoast SEO plugin v27.5 - https:\/\/yoast.com\/product\/yoast-seo-wordpress\/ -->\n<title>Beerenobst - Klasmann-Deilmann<\/title>\n<meta name=\"robots\" content=\"index, follow, max-snippet:-1, max-image-preview:large, max-video-preview:-1\" \/>\n<link rel=\"canonical\" href=\"https:\/\/klasmann-deilmann.com\/de\/anwendungsfelder\/beerenobst\/\" \/>\n<meta property=\"og:locale\" content=\"de_DE\" \/>\n<meta property=\"og:type\" content=\"article\" \/>\n<meta property=\"og:title\" content=\"Beerenobst - Klasmann-Deilmann\" \/>\n<meta property=\"og:description\" content=\"[vc_row][vc_column][kd_header_random_image_banner image=&#8220;85257&#8243;][\/kd_header_random_image_banner][\/vc_column][\/vc_row][vc_row css=&#8220;.vc_custom_1720519701904{padding-top: 70px !important;padding-bottom: 70px !important;background-color: #414345 !important;}&#8220; el_class=&#8220;softfruits-grid-row&#8220;][vc_column][vc_row_inner][vc_column_inner][vc_column_text css=&#8220;&#8220;] Beerenstark: Anbaul\u00f6sungen f\u00fcr Beerenobst von Klasmann-Deilmann [\/vc_column_text][\/vc_column_inner][\/vc_row_inner][vc_row_inner el_class=&#8220;grid grid-two-rows&#8220;][vc_column_inner el_class=&#8220;main-grid-container&#8220; width=&#8220;1\/4&#8243; css=&#8220;.vc_custom_1754573652945{background-color: #44a12b !important;}&#8220;][vc_column_text css=&#8220;&#8220;] Die St\u00e4rken von Klasmann-Deilmann F\u00fchrender internationaler Substrathersteller Anbieter von hochwertigen Kultursubstraten und innovativen Anbaul\u00f6sungen Zahlreiche Vertriebs- und Produktionsgesellschaften in Europa, Asien und Amerika Starke technische Unterst\u00fctzung durch unser Beratungsteam und unseren internationalen Soft-Fruit Experten [\/vc_column_text][\/vc_column_inner][vc_column_inner el_class=&#8220;add-grid-container&#8220; width=&#8220;1\/2&#8243;][vc_column_text css=&#8220;.vc_custom_1759221334526{background-image: url(https:\/\/klasmann-deilmann.com\/wp-content\/uploads\/20210726KS-78-e1723705784820.jpg?id=85310) !important;}&#8220; el_class=&#8220;grid-container&#8220;] Erdbeeren Mehr erfahren[\/vc_column_text][vc_column_text css=&#8220;.vc_custom_1759221382510{background-image: url(https:\/\/klasmann-deilmann.com\/wp-content\/uploads\/Blaubeeren.jpg?id=25786) !important;}&#8220; el_class=&#8220;grid-container&#8220;] Heidelbeeren Mehr erfahren[\/vc_column_text][vc_column_text css=&#8220;.vc_custom_1759221396082{background-image: url(https:\/\/klasmann-deilmann.com\/wp-content\/uploads\/20210726KS-114.jpg?id=85297) !important;}&#8220;\" \/>\n<meta property=\"og:url\" content=\"https:\/\/klasmann-deilmann.com\/de\/anwendungsfelder\/beerenobst\/\" \/>\n<meta property=\"og:site_name\" content=\"Klasmann-Deilmann\" \/>\n<meta property=\"article:modified_time\" content=\"2026-03-31T12:32:42+00:00\" \/>\n<meta name=\"twitter:card\" content=\"summary_large_image\" \/>\n<meta name=\"twitter:label1\" content=\"Gesch\u00e4tzte Lesezeit\" \/>\n\t<meta name=\"twitter:data1\" content=\"2\u00a0Minuten\" \/>\n<script type=\"application\/ld+json\" class=\"yoast-schema-graph\">{\"@context\":\"https:\\\/\\\/schema.org\",\"@graph\":[{\"@type\":\"WebPage\",\"@id\":\"https:\\\/\\\/klasmann-deilmann.com\\\/de\\\/anwendungsfelder\\\/beerenobst\\\/\",\"url\":\"https:\\\/\\\/klasmann-deilmann.com\\\/de\\\/anwendungsfelder\\\/beerenobst\\\/\",\"name\":\"Beerenobst - Klasmann-Deilmann\",\"isPartOf\":{\"@id\":\"https:\\\/\\\/klasmann-deilmann.com\\\/en\\\/#website\"},\"datePublished\":\"2024-07-10T10:36:38+00:00\",\"dateModified\":\"2026-03-31T12:32:42+00:00\",\"breadcrumb\":{\"@id\":\"https:\\\/\\\/klasmann-deilmann.com\\\/de\\\/anwendungsfelder\\\/beerenobst\\\/#breadcrumb\"},\"inLanguage\":\"de\",\"potentialAction\":[{\"@type\":\"ReadAction\",\"target\":[\"https:\\\/\\\/klasmann-deilmann.com\\\/de\\\/anwendungsfelder\\\/beerenobst\\\/\"]}]},{\"@type\":\"BreadcrumbList\",\"@id\":\"https:\\\/\\\/klasmann-deilmann.com\\\/de\\\/anwendungsfelder\\\/beerenobst\\\/#breadcrumb\",\"itemListElement\":[{\"@type\":\"ListItem\",\"position\":1,\"name\":\"Home\",\"item\":\"https:\\\/\\\/klasmann-deilmann.com\\\/de\\\/\"},{\"@type\":\"ListItem\",\"position\":2,\"name\":\"Anwendungsfelder\",\"item\":\"https:\\\/\\\/klasmann-deilmann.com\\\/de\\\/anwendungsfelder\\\/\"},{\"@type\":\"ListItem\",\"position\":3,\"name\":\"Beerenobst\"}]},{\"@type\":\"WebSite\",\"@id\":\"https:\\\/\\\/klasmann-deilmann.com\\\/en\\\/#website\",\"url\":\"https:\\\/\\\/klasmann-deilmann.com\\\/en\\\/\",\"name\":\"Klasmann-Deilmann\",\"description\":\"\",\"potentialAction\":[{\"@type\":\"SearchAction\",\"target\":{\"@type\":\"EntryPoint\",\"urlTemplate\":\"https:\\\/\\\/klasmann-deilmann.com\\\/en\\\/?s={search_term_string}\"},\"query-input\":{\"@type\":\"PropertyValueSpecification\",\"valueRequired\":true,\"valueName\":\"search_term_string\"}}],\"inLanguage\":\"de\"}]}<\/script>\n<!-- \/ Yoast SEO plugin. -->","yoast_head_json":{"title":"Beerenobst - Klasmann-Deilmann","robots":{"index":"index","follow":"follow","max-snippet":"max-snippet:-1","max-image-preview":"max-image-preview:large","max-video-preview":"max-video-preview:-1"},"canonical":"https:\/\/klasmann-deilmann.com\/de\/anwendungsfelder\/beerenobst\/","og_locale":"de_DE","og_type":"article","og_title":"Beerenobst - Klasmann-Deilmann","og_description":"[vc_row][vc_column][kd_header_random_image_banner image=&#8220;85257&#8243;][\/kd_header_random_image_banner][\/vc_column][\/vc_row][vc_row css=&#8220;.vc_custom_1720519701904{padding-top: 70px !important;padding-bottom: 70px !important;background-color: #414345 !important;}&#8220; el_class=&#8220;softfruits-grid-row&#8220;][vc_column][vc_row_inner][vc_column_inner][vc_column_text css=&#8220;&#8220;] Beerenstark: Anbaul\u00f6sungen f\u00fcr Beerenobst von Klasmann-Deilmann [\/vc_column_text][\/vc_column_inner][\/vc_row_inner][vc_row_inner el_class=&#8220;grid grid-two-rows&#8220;][vc_column_inner el_class=&#8220;main-grid-container&#8220; width=&#8220;1\/4&#8243; css=&#8220;.vc_custom_1754573652945{background-color: #44a12b !important;}&#8220;][vc_column_text css=&#8220;&#8220;] Die St\u00e4rken von Klasmann-Deilmann F\u00fchrender internationaler Substrathersteller Anbieter von hochwertigen Kultursubstraten und innovativen Anbaul\u00f6sungen Zahlreiche Vertriebs- und Produktionsgesellschaften in Europa, Asien und Amerika Starke technische Unterst\u00fctzung durch unser Beratungsteam und unseren internationalen Soft-Fruit Experten [\/vc_column_text][\/vc_column_inner][vc_column_inner el_class=&#8220;add-grid-container&#8220; width=&#8220;1\/2&#8243;][vc_column_text css=&#8220;.vc_custom_1759221334526{background-image: url(https:\/\/klasmann-deilmann.com\/wp-content\/uploads\/20210726KS-78-e1723705784820.jpg?id=85310) !important;}&#8220; el_class=&#8220;grid-container&#8220;] Erdbeeren Mehr erfahren[\/vc_column_text][vc_column_text css=&#8220;.vc_custom_1759221382510{background-image: url(https:\/\/klasmann-deilmann.com\/wp-content\/uploads\/Blaubeeren.jpg?id=25786) !important;}&#8220; el_class=&#8220;grid-container&#8220;] Heidelbeeren Mehr erfahren[\/vc_column_text][vc_column_text css=&#8220;.vc_custom_1759221396082{background-image: url(https:\/\/klasmann-deilmann.com\/wp-content\/uploads\/20210726KS-114.jpg?id=85297) !important;}&#8220;","og_url":"https:\/\/klasmann-deilmann.com\/de\/anwendungsfelder\/beerenobst\/","og_site_name":"Klasmann-Deilmann","article_modified_time":"2026-03-31T12:32:42+00:00","twitter_card":"summary_large_image","twitter_misc":{"Gesch\u00e4tzte Lesezeit":"2\u00a0Minuten"},"schema":{"@context":"https:\/\/schema.org","@graph":[{"@type":"WebPage","@id":"https:\/\/klasmann-deilmann.com\/de\/anwendungsfelder\/beerenobst\/","url":"https:\/\/klasmann-deilmann.com\/de\/anwendungsfelder\/beerenobst\/","name":"Beerenobst - Klasmann-Deilmann","isPartOf":{"@id":"https:\/\/klasmann-deilmann.com\/en\/#website"},"datePublished":"2024-07-10T10:36:38+00:00","dateModified":"2026-03-31T12:32:42+00:00","breadcrumb":{"@id":"https:\/\/klasmann-deilmann.com\/de\/anwendungsfelder\/beerenobst\/#breadcrumb"},"inLanguage":"de","potentialAction":[{"@type":"ReadAction","target":["https:\/\/klasmann-deilmann.com\/de\/anwendungsfelder\/beerenobst\/"]}]},{"@type":"BreadcrumbList","@id":"https:\/\/klasmann-deilmann.com\/de\/anwendungsfelder\/beerenobst\/#breadcrumb","itemListElement":[{"@type":"ListItem","position":1,"name":"Home","item":"https:\/\/klasmann-deilmann.com\/de\/"},{"@type":"ListItem","position":2,"name":"Anwendungsfelder","item":"https:\/\/klasmann-deilmann.com\/de\/anwendungsfelder\/"},{"@type":"ListItem","position":3,"name":"Beerenobst"}]},{"@type":"WebSite","@id":"https:\/\/klasmann-deilmann.com\/en\/#website","url":"https:\/\/klasmann-deilmann.com\/en\/","name":"Klasmann-Deilmann","description":"","potentialAction":[{"@type":"SearchAction","target":{"@type":"EntryPoint","urlTemplate":"https:\/\/klasmann-deilmann.com\/en\/?s={search_term_string}"},"query-input":{"@type":"PropertyValueSpecification","valueRequired":true,"valueName":"search_term_string"}}],"inLanguage":"de"}]}},"_links":{"self":[{"href":"https:\/\/klasmann-deilmann.com\/de\/wp-json\/wp\/v2\/pages\/91909","targetHints":{"allow":["GET"]}}],"collection":[{"href":"https:\/\/klasmann-deilmann.com\/de\/wp-json\/wp\/v2\/pages"}],"about":[{"href":"https:\/\/klasmann-deilmann.com\/de\/wp-json\/wp\/v2\/types\/page"}],"author":[{"embeddable":true,"href":"https:\/\/klasmann-deilmann.com\/de\/wp-json\/wp\/v2\/users\/2"}],"replies":[{"embeddable":true,"href":"https:\/\/klasmann-deilmann.com\/de\/wp-json\/wp\/v2\/comments?post=91909"}],"version-history":[{"count":12,"href":"https:\/\/klasmann-deilmann.com\/de\/wp-json\/wp\/v2\/pages\/91909\/revisions"}],"predecessor-version":[{"id":106286,"href":"https:\/\/klasmann-deilmann.com\/de\/wp-json\/wp\/v2\/pages\/91909\/revisions\/106286"}],"up":[{"embeddable":true,"href":"https:\/\/klasmann-deilmann.com\/de\/wp-json\/wp\/v2\/pages\/38805"}],"wp:attachment":[{"href":"https:\/\/klasmann-deilmann.com\/de\/wp-json\/wp\/v2\/media?parent=91909"}],"curies":[{"name":"wp","href":"https:\/\/api.w.org\/{rel}","templated":true}]}}