{"id":79532,"date":"2023-08-03T08:10:36","date_gmt":"2023-08-03T06:10:36","guid":{"rendered":"https:\/\/klasmann-deilmann.com\/pcf\/"},"modified":"2023-08-03T10:27:09","modified_gmt":"2023-08-03T08:27:09","slug":"pcf","status":"publish","type":"page","link":"https:\/\/klasmann-deilmann.com\/de\/pcf\/","title":{"rendered":"PCF"},"content":{"rendered":"<div class=\"wpb-content-wrapper\">[vc_row][vc_column][kd_header_random_image_banner image=&#8220;79518&#8243;][\/kd_header_random_image_banner][\/vc_column][\/vc_row][vc_row css=&#8220;.vc_custom_1627996958238{padding-bottom: 50px !important;}&#8220;][vc_column][vc_row_inner][vc_column_inner][vc_column_text]<\/p>\n<h2 style=\"text-align: left;\"><b>Was ist ein Product Carbon Footprint (<span class=\"outlook-search-highlight\" data-markjs=\"true\">PCF<\/span>)?<\/b><\/h2>\n<p>[\/vc_column_text][\/vc_column_inner][\/vc_row_inner][vc_row_inner][vc_column_inner width=&#8220;1\/2&#8243;][vc_column_text]<\/p>\n<p style=\"font-weight: 400;\">Die in unseren Produkten verwendeten Komponenten speichern Kohlendioxid (CO<sub>2<\/sub>) und andere Spurengase, die das Klima beeinflussen. Nach und nach werden diese Stoffe freigesetzt und an die Umwelt abgegeben. Dieser Prozess beginnt bei der Rohstoffgewinnung, setzt sich bei der Substratproduktion, in Gartenbaubetrieben, im Handel, bei der Verwendung eines Produkts durch den Endkunden und bis hin zur Entsorgung oder Wiederverwertung fort.<\/p>\n<p>[\/vc_column_text][\/vc_column_inner][vc_column_inner width=&#8220;1\/2&#8243;][vc_column_text]<\/p>\n<p style=\"font-weight: 400;\">Der <span data-markjs=\"true\">PCF<\/span> gibt an, welche Mengen an klimawirksamen Spurengasen ein bestimmtes Produkt enth\u00e4lt. Dazu werden die verschiedenen Spurengase in CO<sub>2<\/sub>-\u00c4quivalente (CO<sub>2<\/sub>e) umgerechnet. Dieses Umrechnungsverfahren erm\u00f6glicht eine einheitliche, \u00fcbersichtliche Messung dieser Spurengase. Wir berechnen CO<sub>2<\/sub>-\u00c4quivalente pro Kubikmeter Kultursubstrat (CO<sub>2<\/sub>e\/m\u00b3). Weltweit haben sich zwei Methoden zur Angabe des <span data-markjs=\"true\">PCF<\/span> etabliert: der \u201eCradle-to-Gate\u201c- und der \u201eCradle-to-Grave\u201c-Ansatz.<\/p>\n<p>[\/vc_column_text][\/vc_column_inner][\/vc_row_inner][vc_row_inner][vc_column_inner width=&#8220;1\/2&#8243;][vc_column_text]<\/p>\n<h3 style=\"font-weight: 400;\"><strong>Cradle to Grave<\/strong><\/h3>\n<p style=\"font-weight: 400;\">Hierbei handelt es sich um eine umfassende Angabe, die alle CO<sub>2<\/sub>-\u00c4quivalente von der Rohstoffernte bis zur Entsorgung bzw. Wiederverwertung ber\u00fccksichtigt, einschlie\u00dflich der Produktion und des Transports sowie der Verwendung in Gartenbaubetrieben, im Handel und beim Endkunden. Ein Teil dieser Emissionen (der Cradle-to-Gate-Anteil) entsteht bei Klasmann-Deilmann, ein anderer in den Gartenbaubetrieben und wieder ein anderer in den weiteren Nutzungsphasen des Produkts.<\/p>\n<p>[\/vc_column_text][\/vc_column_inner][vc_column_inner width=&#8220;1\/2&#8243;][vc_column_text]<\/p>\n<h3 style=\"font-weight: 400;\"><strong>Cradle to Gate<\/strong><\/h3>\n<p style=\"font-weight: 400;\">Diese Angabe umfasst alle CO<sub>2<\/sub>-\u00c4quivalente von der Rohstoffgewinnung \u00fcber die Produktion, bis ein Produkt unser Werk verl\u00e4sst. Dies sind die CO<sub>2<\/sub>-\u00c4quivalente, die bei Klasmann-Deilmann anfallen und die in unsere eigene CO<sub>2<\/sub>-Bilanz einflie\u00dfen.<\/p>\n<p>[\/vc_column_text][\/vc_column_inner][\/vc_row_inner][\/vc_column][\/vc_row]<\/p><\/div>\n","protected":false},"excerpt":{"rendered":"<p>[vc_row][vc_column][kd_header_random_image_banner image=&#8220;79518&#8243;][\/kd_header_random_image_banner][\/vc_column][\/vc_row][vc_row css=&#8220;.vc_custom_1627996958238{padding-bottom: 50px !important;}&#8220;][vc_column][vc_row_inner][vc_column_inner][vc_column_text] Was ist ein Product Carbon Footprint (PCF)? [\/vc_column_text][\/vc_column_inner][\/vc_row_inner][vc_row_inner][vc_column_inner width=&#8220;1\/2&#8243;][vc_column_text] Die in unseren Produkten verwendeten Komponenten speichern Kohlendioxid (CO2) und andere Spurengase, die das Klima beeinflussen. Nach und nach werden diese Stoffe freigesetzt und an die Umwelt abgegeben. Dieser Prozess beginnt bei der Rohstoffgewinnung, setzt sich bei der Substratproduktion, in Gartenbaubetrieben, im Handel, bei der Verwendung eines Produkts durch den Endkunden und bis hin zur Entsorgung oder Wiederverwertung fort. [\/vc_column_text][\/vc_column_inner][vc_column_inner width=&#8220;1\/2&#8243;][vc_column_text] Der PCF gibt an, welche<\/p>\n","protected":false},"author":2,"featured_media":0,"parent":0,"menu_order":92,"comment_status":"closed","ping_status":"closed","template":"","meta":{"_acf_changed":false,"inline_featured_image":false,"footnotes":""},"class_list":["post-79532","page","type-page","status-publish","hentry"],"acf":[],"yoast_head":"<!-- This site is optimized with the Yoast SEO plugin v27.5 - https:\/\/yoast.com\/product\/yoast-seo-wordpress\/ -->\n<title>PCF - Klasmann-Deilmann<\/title>\n<meta name=\"robots\" content=\"index, follow, max-snippet:-1, max-image-preview:large, max-video-preview:-1\" \/>\n<link rel=\"canonical\" href=\"https:\/\/klasmann-deilmann.com\/de\/pcf\/\" \/>\n<meta property=\"og:locale\" content=\"de_DE\" \/>\n<meta property=\"og:type\" content=\"article\" \/>\n<meta property=\"og:title\" content=\"PCF - Klasmann-Deilmann\" \/>\n<meta property=\"og:description\" content=\"[vc_row][vc_column][kd_header_random_image_banner image=&#8220;79518&#8243;][\/kd_header_random_image_banner][\/vc_column][\/vc_row][vc_row css=&#8220;.vc_custom_1627996958238{padding-bottom: 50px !important;}&#8220;][vc_column][vc_row_inner][vc_column_inner][vc_column_text] Was ist ein Product Carbon Footprint (PCF)? [\/vc_column_text][\/vc_column_inner][\/vc_row_inner][vc_row_inner][vc_column_inner width=&#8220;1\/2&#8243;][vc_column_text] Die in unseren Produkten verwendeten Komponenten speichern Kohlendioxid (CO2) und andere Spurengase, die das Klima beeinflussen. Nach und nach werden diese Stoffe freigesetzt und an die Umwelt abgegeben. Dieser Prozess beginnt bei der Rohstoffgewinnung, setzt sich bei der Substratproduktion, in Gartenbaubetrieben, im Handel, bei der Verwendung eines Produkts durch den Endkunden und bis hin zur Entsorgung oder Wiederverwertung fort. [\/vc_column_text][\/vc_column_inner][vc_column_inner width=&#8220;1\/2&#8243;][vc_column_text] Der PCF gibt an, welche\" \/>\n<meta property=\"og:url\" content=\"https:\/\/klasmann-deilmann.com\/de\/pcf\/\" \/>\n<meta property=\"og:site_name\" content=\"Klasmann-Deilmann\" \/>\n<meta property=\"article:modified_time\" content=\"2023-08-03T08:27:09+00:00\" \/>\n<meta name=\"twitter:card\" content=\"summary_large_image\" \/>\n<meta name=\"twitter:label1\" content=\"Gesch\u00e4tzte Lesezeit\" \/>\n\t<meta name=\"twitter:data1\" content=\"2\u00a0Minuten\" \/>\n<script type=\"application\/ld+json\" class=\"yoast-schema-graph\">{\"@context\":\"https:\\\/\\\/schema.org\",\"@graph\":[{\"@type\":\"WebPage\",\"@id\":\"https:\\\/\\\/klasmann-deilmann.com\\\/de\\\/pcf\\\/\",\"url\":\"https:\\\/\\\/klasmann-deilmann.com\\\/de\\\/pcf\\\/\",\"name\":\"PCF - Klasmann-Deilmann\",\"isPartOf\":{\"@id\":\"https:\\\/\\\/klasmann-deilmann.com\\\/en\\\/#website\"},\"datePublished\":\"2023-08-03T06:10:36+00:00\",\"dateModified\":\"2023-08-03T08:27:09+00:00\",\"breadcrumb\":{\"@id\":\"https:\\\/\\\/klasmann-deilmann.com\\\/de\\\/pcf\\\/#breadcrumb\"},\"inLanguage\":\"de\",\"potentialAction\":[{\"@type\":\"ReadAction\",\"target\":[\"https:\\\/\\\/klasmann-deilmann.com\\\/de\\\/pcf\\\/\"]}]},{\"@type\":\"BreadcrumbList\",\"@id\":\"https:\\\/\\\/klasmann-deilmann.com\\\/de\\\/pcf\\\/#breadcrumb\",\"itemListElement\":[{\"@type\":\"ListItem\",\"position\":1,\"name\":\"Home\",\"item\":\"https:\\\/\\\/klasmann-deilmann.com\\\/de\\\/\"},{\"@type\":\"ListItem\",\"position\":2,\"name\":\"PCF\"}]},{\"@type\":\"WebSite\",\"@id\":\"https:\\\/\\\/klasmann-deilmann.com\\\/en\\\/#website\",\"url\":\"https:\\\/\\\/klasmann-deilmann.com\\\/en\\\/\",\"name\":\"Klasmann-Deilmann\",\"description\":\"\",\"potentialAction\":[{\"@type\":\"SearchAction\",\"target\":{\"@type\":\"EntryPoint\",\"urlTemplate\":\"https:\\\/\\\/klasmann-deilmann.com\\\/en\\\/?s={search_term_string}\"},\"query-input\":{\"@type\":\"PropertyValueSpecification\",\"valueRequired\":true,\"valueName\":\"search_term_string\"}}],\"inLanguage\":\"de\"}]}<\/script>\n<!-- \/ Yoast SEO plugin. -->","yoast_head_json":{"title":"PCF - Klasmann-Deilmann","robots":{"index":"index","follow":"follow","max-snippet":"max-snippet:-1","max-image-preview":"max-image-preview:large","max-video-preview":"max-video-preview:-1"},"canonical":"https:\/\/klasmann-deilmann.com\/de\/pcf\/","og_locale":"de_DE","og_type":"article","og_title":"PCF - Klasmann-Deilmann","og_description":"[vc_row][vc_column][kd_header_random_image_banner image=&#8220;79518&#8243;][\/kd_header_random_image_banner][\/vc_column][\/vc_row][vc_row css=&#8220;.vc_custom_1627996958238{padding-bottom: 50px !important;}&#8220;][vc_column][vc_row_inner][vc_column_inner][vc_column_text] Was ist ein Product Carbon Footprint (PCF)? [\/vc_column_text][\/vc_column_inner][\/vc_row_inner][vc_row_inner][vc_column_inner width=&#8220;1\/2&#8243;][vc_column_text] Die in unseren Produkten verwendeten Komponenten speichern Kohlendioxid (CO2) und andere Spurengase, die das Klima beeinflussen. Nach und nach werden diese Stoffe freigesetzt und an die Umwelt abgegeben. Dieser Prozess beginnt bei der Rohstoffgewinnung, setzt sich bei der Substratproduktion, in Gartenbaubetrieben, im Handel, bei der Verwendung eines Produkts durch den Endkunden und bis hin zur Entsorgung oder Wiederverwertung fort. [\/vc_column_text][\/vc_column_inner][vc_column_inner width=&#8220;1\/2&#8243;][vc_column_text] Der PCF gibt an, welche","og_url":"https:\/\/klasmann-deilmann.com\/de\/pcf\/","og_site_name":"Klasmann-Deilmann","article_modified_time":"2023-08-03T08:27:09+00:00","twitter_card":"summary_large_image","twitter_misc":{"Gesch\u00e4tzte Lesezeit":"2\u00a0Minuten"},"schema":{"@context":"https:\/\/schema.org","@graph":[{"@type":"WebPage","@id":"https:\/\/klasmann-deilmann.com\/de\/pcf\/","url":"https:\/\/klasmann-deilmann.com\/de\/pcf\/","name":"PCF - Klasmann-Deilmann","isPartOf":{"@id":"https:\/\/klasmann-deilmann.com\/en\/#website"},"datePublished":"2023-08-03T06:10:36+00:00","dateModified":"2023-08-03T08:27:09+00:00","breadcrumb":{"@id":"https:\/\/klasmann-deilmann.com\/de\/pcf\/#breadcrumb"},"inLanguage":"de","potentialAction":[{"@type":"ReadAction","target":["https:\/\/klasmann-deilmann.com\/de\/pcf\/"]}]},{"@type":"BreadcrumbList","@id":"https:\/\/klasmann-deilmann.com\/de\/pcf\/#breadcrumb","itemListElement":[{"@type":"ListItem","position":1,"name":"Home","item":"https:\/\/klasmann-deilmann.com\/de\/"},{"@type":"ListItem","position":2,"name":"PCF"}]},{"@type":"WebSite","@id":"https:\/\/klasmann-deilmann.com\/en\/#website","url":"https:\/\/klasmann-deilmann.com\/en\/","name":"Klasmann-Deilmann","description":"","potentialAction":[{"@type":"SearchAction","target":{"@type":"EntryPoint","urlTemplate":"https:\/\/klasmann-deilmann.com\/en\/?s={search_term_string}"},"query-input":{"@type":"PropertyValueSpecification","valueRequired":true,"valueName":"search_term_string"}}],"inLanguage":"de"}]}},"_links":{"self":[{"href":"https:\/\/klasmann-deilmann.com\/de\/wp-json\/wp\/v2\/pages\/79532","targetHints":{"allow":["GET"]}}],"collection":[{"href":"https:\/\/klasmann-deilmann.com\/de\/wp-json\/wp\/v2\/pages"}],"about":[{"href":"https:\/\/klasmann-deilmann.com\/de\/wp-json\/wp\/v2\/types\/page"}],"author":[{"embeddable":true,"href":"https:\/\/klasmann-deilmann.com\/de\/wp-json\/wp\/v2\/users\/2"}],"replies":[{"embeddable":true,"href":"https:\/\/klasmann-deilmann.com\/de\/wp-json\/wp\/v2\/comments?post=79532"}],"version-history":[{"count":3,"href":"https:\/\/klasmann-deilmann.com\/de\/wp-json\/wp\/v2\/pages\/79532\/revisions"}],"predecessor-version":[{"id":79578,"href":"https:\/\/klasmann-deilmann.com\/de\/wp-json\/wp\/v2\/pages\/79532\/revisions\/79578"}],"wp:attachment":[{"href":"https:\/\/klasmann-deilmann.com\/de\/wp-json\/wp\/v2\/media?parent=79532"}],"curies":[{"name":"wp","href":"https:\/\/api.w.org\/{rel}","templated":true}]}}