{"id":77401,"date":"2024-01-09T13:33:06","date_gmt":"2024-01-09T12:33:06","guid":{"rendered":"https:\/\/klasmann-deilmann.com\/?page_id=77401"},"modified":"2025-10-30T15:43:30","modified_gmt":"2025-10-30T14:43:30","slug":"growbag","status":"publish","type":"page","link":"https:\/\/klasmann-deilmann.com\/de\/produkte-loesungen\/growbag\/","title":{"rendered":"Growbag"},"content":{"rendered":"<div class=\"wpb-content-wrapper\">[vc_row][vc_column][kd_header_random_image_banner kindofbanner=&#8220;slideshow&#8220; timetillslide=&#8220;3&#8243; image=&#8220;77444&#8243;][\/kd_header_random_image_banner][\/vc_column][\/vc_row][vc_row css=&#8220;.vc_custom_1646825184402{margin-bottom: 30px !important;}&#8220;][vc_column][vc_row_inner][vc_column_inner][vc_gallery interval=&#8220;5&#8243; images=&#8220;81650&#8243; img_size=&#8220;full&#8220; onclick=&#8220;&#8220;][\/vc_column_inner][\/vc_row_inner][\/vc_column][\/vc_row][vc_row css=&#8220;.vc_custom_1646825184402{margin-bottom: 30px !important;}&#8220;][vc_column][vc_row_inner][vc_column_inner][vc_column_text]<\/p>\n<h2>Bag to the future:<br \/>\nDer Growbag, gleich dreimal einzigartig<\/h2>\n<p>Jede Innovation hat ihre Zeit. Die des Growbag ist genau jetzt. Damit hebt Klasmann-Deilmann eine der wichtigsten Anbaumethoden im Produktionsgartenbau auf ein v\u00f6llig neues Niveau. Immer mit den h\u00f6chsten Standards hinsichtlich Qualit\u00e4t und Nachhaltigkeit. Und das mit genau dem Ma\u00df an Individualit\u00e4t, das Ihre Pflanzen ben\u00f6tigen und Ihren Anspr\u00fcchen gerecht wird. Ganz gleich, ob Sie Gem\u00fcse &#8211; zum Beispiel Tomaten, Paprika, Gurken &#8230; &#8211; oder Erdbeeren anbauen wollen. [\/vc_column_text][\/vc_column_inner][\/vc_row_inner][\/vc_column][\/vc_row][vc_row equal_height=&#8220;yes&#8220; css=&#8220;.vc_custom_1701852484201{margin-bottom: 70px !important;padding-top: 30px !important;}&#8220;][vc_column][vc_row_inner][vc_column_inner width=&#8220;1\/3&#8243;][vc_column_text css=&#8220;.vc_custom_1704806640766{border-radius: 2px !important;}&#8220;]<a href=\"https:\/\/klasmann-deilmann.com\/de\/produkte-loesungen\/growbag\/growbag-advanced\/\"><img loading=\"lazy\" decoding=\"async\" width=\"700\" height=\"400\" class=\"alignnone size-full wp-image-78067\" src=\"\/wp-content\/uploads\/klasmann-deilmann_growbag_advanced_logo_kontur.jpg\" alt=\"\" srcset=\"https:\/\/klasmann-deilmann.com\/wp-content\/uploads\/klasmann-deilmann_growbag_advanced_logo_kontur.jpg 700w, https:\/\/klasmann-deilmann.com\/wp-content\/uploads\/klasmann-deilmann_growbag_advanced_logo_kontur-300x171.jpg 300w\" sizes=\"auto, (max-width: 700px) 100vw, 700px\" \/><\/a><\/p>\n<p>Die innovative L\u00f6sung mit Schwerpunkt auf das Thema Nachhaltigkeit. F\u00fcr den europ\u00e4ischen Markt und auf Anfrage.[\/vc_column_text][kd_download_button show_link_download1=&#8220;link&#8220; link1=&#8220;url:https%3A%2F%2Fklasmann-deilmann.com%2Fde%2Fprodukte-loesungen%2Fgrowbag%2Fgrowbag-advanced%2F|title:Erfahren%20Sie%20mehr%20%C3%BCber%20den%20Growbag%20ADVANCED&#8220;][\/vc_column_inner][vc_column_inner width=&#8220;1\/3&#8243;][vc_column_text css=&#8220;&#8220;]<a href=\"https:\/\/www.agsolutions.net.au\/growbags\" target=\"_blank\" rel=\"noopener\"><img loading=\"lazy\" decoding=\"async\" width=\"701\" height=\"400\" class=\"alignnone size-full wp-image-78094\" src=\"\/wp-content\/uploads\/klasmann-deilmann_growbag_advanced_ags_logo_kontur.jpg\" alt=\"\" srcset=\"https:\/\/klasmann-deilmann.com\/wp-content\/uploads\/klasmann-deilmann_growbag_advanced_ags_logo_kontur.jpg 701w, https:\/\/klasmann-deilmann.com\/wp-content\/uploads\/klasmann-deilmann_growbag_advanced_ags_logo_kontur-300x171.jpg 300w\" sizes=\"auto, (max-width: 701px) 100vw, 701px\" \/><\/a><\/p>\n<p>Die innovative L\u00f6sung mit Schwerpunkt auf das Thema Nachhaltigkeit. F\u00fcr den australischen Markt, Ozeanien und auf Anfrage.[\/vc_column_text][\/vc_column_inner][vc_column_inner width=&#8220;1\/3&#8243;][vc_column_text css=&#8220;&#8220;]<a href=\"https:\/\/klasmann-deilmann.com\/de\/anwendungsfelder\/beerenobst\/beerenobst-und-growbag\/growbag-coco\/\"><img loading=\"lazy\" decoding=\"async\" class=\"alignnone wp-image-91417\" src=\"\/wp-content\/uploads\/K_Growbag_Coco_neu2-2-300x173.png\" alt=\"\" width=\"494\" height=\"285\" srcset=\"https:\/\/klasmann-deilmann.com\/wp-content\/uploads\/K_Growbag_Coco_neu2-2-300x173.png 300w, https:\/\/klasmann-deilmann.com\/wp-content\/uploads\/K_Growbag_Coco_neu2-2.png 556w\" sizes=\"auto, (max-width: 494px) 100vw, 494px\" \/><\/a><\/p>\n<p>Die innovative L\u00f6sung mit den besonderen Eigenschaften von Kokosrohstoffen. F\u00fcr den asiatischen und europ\u00e4ischen Markt sowie auf Anfrage.[\/vc_column_text][kd_download_button show_link_download1=&#8220;link&#8220; link1=&#8220;url:https%3A%2F%2Fklasmann-deilmann.com%2Fde%2Fanwendungsfelder%2Fbeerenobst%2Fbeerenobst-und-growbag%2Fgrowbag-coco%2F|title:%20Erfahren%20Sie%20mehr%20%C3%BCber%20den%20Growbag%20COCO&#8220;][\/vc_column_inner][\/vc_row_inner][\/vc_column][\/vc_row][vc_row css=&#8220;.vc_custom_1701859744849{margin-bottom: 70px !important;}&#8220;][vc_column width=&#8220;1\/2&#8243;][vc_row_inner][vc_column_inner][vc_column_text]<\/p>\n<h2>Drei Produktlinien, jede Menge Vorteile:<\/h2>\n<p>[\/vc_column_text][vc_column_text]<img loading=\"lazy\" decoding=\"async\" width=\"2560\" height=\"1920\" class=\"alignnone size-full wp-image-82190\" src=\"\/wp-content\/uploads\/klasmann-deilmann_growbag_advanced_tomato.jpg\" alt=\"\" srcset=\"https:\/\/klasmann-deilmann.com\/wp-content\/uploads\/klasmann-deilmann_growbag_advanced_tomato.jpg 2560w, https:\/\/klasmann-deilmann.com\/wp-content\/uploads\/klasmann-deilmann_growbag_advanced_tomato-300x225.jpg 300w, https:\/\/klasmann-deilmann.com\/wp-content\/uploads\/klasmann-deilmann_growbag_advanced_tomato-1024x768.jpg 1024w, https:\/\/klasmann-deilmann.com\/wp-content\/uploads\/klasmann-deilmann_growbag_advanced_tomato-768x576.jpg 768w, https:\/\/klasmann-deilmann.com\/wp-content\/uploads\/klasmann-deilmann_growbag_advanced_tomato-1536x1152.jpg 1536w, https:\/\/klasmann-deilmann.com\/wp-content\/uploads\/klasmann-deilmann_growbag_advanced_tomato-2048x1536.jpg 2048w\" sizes=\"auto, (max-width: 2560px) 100vw, 2560px\" \/>[\/vc_column_text][\/vc_column_inner][\/vc_row_inner][\/vc_column][vc_column width=&#8220;1\/2&#8243;][vc_row_inner][vc_column_inner][vc_column_text el_class=&#8220;pluslist green&#8220;]<\/p>\n<h3>Sehr nachhaltig:<\/h3>\n<ul>\n<li>Ohne Steinwolle, Perlite oder Torf<\/li>\n<li>Inhalt vollst\u00e4ndig kompostierbar (gegen\u00fcber Perlite und Steinwolle)<\/li>\n<li>Deutliche CO<sub>2<\/sub>-Reduzierung (insbesondere Growbag ADVANCED)<\/li>\n<li>Reduziertes Auftreten von \u201ecrazy roots\u201c\/Agrobacterium rhizogenes (Growbag)<\/li>\n<\/ul>\n<h3>Beste Kultureigenschaften:<\/h3>\n<ul>\n<li>Spezifische Mischungen f\u00fcr jede Kultur und klimatische Verh\u00e4ltnisse<\/li>\n<li>Hohe Luftkapazit\u00e4t und Drainage<\/li>\n<li>Optimale Steuerung der Bew\u00e4sserung<\/li>\n<\/ul>\n<h3><b>H\u00f6chste Qualit\u00e4t:<\/b><\/h3>\n<ul>\n<li>Produktionsprozesse nach RHP-Qualit\u00e4tsstandards<\/li>\n<li>Alle Kokosprodukte von eigenen Standorten in Indien und Sri Lanka (RHP zertifiziert)<\/li>\n<li>Sozialvertr\u00e4gliche Herstellung von Kokosprodukten gem\u00e4\u00df Norm SA8000<\/li>\n<\/ul>\n<p>[\/vc_column_text][\/vc_column_inner][\/vc_row_inner][\/vc_column][\/vc_row][vc_row css=&#8220;.vc_custom_1701857624819{margin-bottom: 30px !important;background-color: #414345 !important;}&#8220;][vc_column width=&#8220;1\/2&#8243;][vc_row_inner][vc_column_inner][vc_column_text]<\/p>\n<h2>Sie wollen Ihren Growbag? Sie bekommen Ihren Growbag!<\/h2>\n<p>Ungeachtet von aktuellen Krisen und unterbrochenen Lieferketten gehen derzeitige Prognosen davon aus, dass die Nachfrage nach Kultursubstraten und den daf\u00fcr ben\u00f6tigten Rohstoffen in Zukunft deutlich steigen wird. Und das weltweit.<\/p>\n<p>Klasmann-Deilmann hat daher schon fr\u00fch und mit Erfolg daf\u00fcr gesorgt, dass die weiter steigende Nachfrage nach Produkten f\u00fcr den Gartenbau mit einer stabilen Rohstoffversorgung und Lieferinfrastruktur erf\u00fcllt werden kann. So, wie bei unseren Growbags.<br \/>\n[\/vc_column_text][\/vc_column_inner][\/vc_row_inner][\/vc_column][vc_column width=&#8220;1\/2&#8243;][vc_row_inner][vc_column_inner][vc_column_text]<img loading=\"lazy\" decoding=\"async\" class=\"alignnone wp-image-77550 size-full\" src=\"https:\/\/klasmann-deilmann.com\/wp-content\/uploads\/klasmann-deilmann_raffael_koschmieder_raw_materials.jpg\" alt=\"\" width=\"2560\" height=\"1707\" srcset=\"https:\/\/klasmann-deilmann.com\/wp-content\/uploads\/klasmann-deilmann_raffael_koschmieder_raw_materials.jpg 2560w, https:\/\/klasmann-deilmann.com\/wp-content\/uploads\/klasmann-deilmann_raffael_koschmieder_raw_materials-300x200.jpg 300w, https:\/\/klasmann-deilmann.com\/wp-content\/uploads\/klasmann-deilmann_raffael_koschmieder_raw_materials-1024x683.jpg 1024w, https:\/\/klasmann-deilmann.com\/wp-content\/uploads\/klasmann-deilmann_raffael_koschmieder_raw_materials-768x512.jpg 768w, https:\/\/klasmann-deilmann.com\/wp-content\/uploads\/klasmann-deilmann_raffael_koschmieder_raw_materials-1536x1024.jpg 1536w, https:\/\/klasmann-deilmann.com\/wp-content\/uploads\/klasmann-deilmann_raffael_koschmieder_raw_materials-2048x1366.jpg 2048w\" sizes=\"auto, (max-width: 2560px) 100vw, 2560px\" \/>[\/vc_column_text][\/vc_column_inner][\/vc_row_inner][\/vc_column][\/vc_row][vc_row css=&#8220;.vc_custom_1685106664126{margin-bottom: 70px !important;}&#8220;][vc_column][vc_row_inner background_color=&#8220;kdorange&#8220;][vc_column_inner][vc_column_text css=&#8220;.vc_custom_1704804126123{padding-top: 30px !important;padding-right: 30px !important;padding-bottom: 30px !important;padding-left: 30px !important;}&#8220; el_class=&#8220;pluslist green&#8220;]<\/p>\n<h2 style=\"color: #ffffff;\">Wir stellen auch in Zukunft sicher, dass alle unsere Kundinnen und Kunden jederzeit verl\u00e4sslich mit Kultursubstraten beliefert werden.<\/h2>\n<p>[\/vc_column_text][\/vc_column_inner][\/vc_row_inner][\/vc_column][\/vc_row][vc_row css=&#8220;.vc_custom_1701785124726{margin-bottom: 70px !important;}&#8220;][vc_column width=&#8220;1\/2&#8243;][vc_row_inner][vc_column_inner css=&#8220;.vc_custom_1685534669819{margin-right: 15px !important;}&#8220;][vc_column_text]<img loading=\"lazy\" decoding=\"async\" width=\"2560\" height=\"1509\" class=\"alignnone size-full wp-image-82268\" src=\"\/wp-content\/uploads\/klasmann-deilmann_growbag_jan_vanoverschelde.jpg\" alt=\"\" srcset=\"https:\/\/klasmann-deilmann.com\/wp-content\/uploads\/klasmann-deilmann_growbag_jan_vanoverschelde.jpg 2560w, https:\/\/klasmann-deilmann.com\/wp-content\/uploads\/klasmann-deilmann_growbag_jan_vanoverschelde-300x177.jpg 300w, https:\/\/klasmann-deilmann.com\/wp-content\/uploads\/klasmann-deilmann_growbag_jan_vanoverschelde-1024x604.jpg 1024w, https:\/\/klasmann-deilmann.com\/wp-content\/uploads\/klasmann-deilmann_growbag_jan_vanoverschelde-768x453.jpg 768w, https:\/\/klasmann-deilmann.com\/wp-content\/uploads\/klasmann-deilmann_growbag_jan_vanoverschelde-1536x905.jpg 1536w, https:\/\/klasmann-deilmann.com\/wp-content\/uploads\/klasmann-deilmann_growbag_jan_vanoverschelde-2048x1207.jpg 2048w\" sizes=\"auto, (max-width: 2560px) 100vw, 2560px\" \/>[\/vc_column_text][\/vc_column_inner][\/vc_row_inner][\/vc_column][vc_column width=&#8220;1\/2&#8243;][vc_row_inner][vc_column_inner][vc_column_text el_class=&#8220;pluslist green&#8220;]<\/p>\n<h2>Ihre Fragen beantworten wir mit einem L\u00e4cheln.<br \/>\nUnd jeder Menge Erfahrung.<\/h2>\n<p>[\/vc_column_text][vc_column_text el_class=&#8220;pluslist green&#8220;]<a href=\"mailto:jan.vanoverschelde@klasmann-deilmann.com\">Jan Vanoverschelde &#8211; Group Product Manager Growbags bei Klasmann-Deilmann<\/a> &#8211; freut sich auf Ihre E-Mail.[\/vc_column_text][\/vc_column_inner][\/vc_row_inner][\/vc_column][\/vc_row][vc_row][vc_column][kd_getintouch image=&#8220;32948&#8243;][\/vc_column][\/vc_row]<\/div>\n","protected":false},"excerpt":{"rendered":"<p>[vc_row][vc_column][kd_header_random_image_banner kindofbanner=&#8220;slideshow&#8220; timetillslide=&#8220;3&#8243; image=&#8220;77444&#8243;][\/kd_header_random_image_banner][\/vc_column][\/vc_row][vc_row css=&#8220;.vc_custom_1646825184402{margin-bottom: 30px !important;}&#8220;][vc_column][vc_row_inner][vc_column_inner][vc_gallery interval=&#8220;5&#8243; images=&#8220;81650&#8243; img_size=&#8220;full&#8220; onclick=&#8220;&#8220;][\/vc_column_inner][\/vc_row_inner][\/vc_column][\/vc_row][vc_row css=&#8220;.vc_custom_1646825184402{margin-bottom: 30px !important;}&#8220;][vc_column][vc_row_inner][vc_column_inner][vc_column_text] Bag to the future: Der Growbag, gleich dreimal einzigartig Jede Innovation hat ihre Zeit. Die des Growbag ist genau jetzt. Damit hebt Klasmann-Deilmann eine der wichtigsten Anbaumethoden im Produktionsgartenbau auf ein v\u00f6llig neues Niveau. Immer mit den h\u00f6chsten Standards hinsichtlich Qualit\u00e4t und Nachhaltigkeit. Und das mit genau dem Ma\u00df an Individualit\u00e4t, das Ihre Pflanzen ben\u00f6tigen und Ihren Anspr\u00fcchen gerecht wird. Ganz gleich, ob Sie Gem\u00fcse &#8211;<\/p>\n","protected":false},"author":7,"featured_media":0,"parent":40410,"menu_order":388,"comment_status":"closed","ping_status":"closed","template":"","meta":{"_acf_changed":false,"inline_featured_image":false,"footnotes":""},"class_list":["post-77401","page","type-page","status-publish","hentry"],"acf":[],"yoast_head":"<!-- This site is optimized with the Yoast SEO plugin v27.5 - https:\/\/yoast.com\/product\/yoast-seo-wordpress\/ -->\n<title>Growbag - Klasmann-Deilmann<\/title>\n<meta name=\"robots\" content=\"index, follow, max-snippet:-1, max-image-preview:large, max-video-preview:-1\" \/>\n<link rel=\"canonical\" href=\"https:\/\/klasmann-deilmann.com\/de\/produkte-loesungen\/growbag\/\" \/>\n<meta property=\"og:locale\" content=\"de_DE\" \/>\n<meta property=\"og:type\" content=\"article\" \/>\n<meta property=\"og:title\" content=\"Growbag - Klasmann-Deilmann\" \/>\n<meta property=\"og:description\" content=\"[vc_row][vc_column][kd_header_random_image_banner kindofbanner=&#8220;slideshow&#8220; timetillslide=&#8220;3&#8243; image=&#8220;77444&#8243;][\/kd_header_random_image_banner][\/vc_column][\/vc_row][vc_row css=&#8220;.vc_custom_1646825184402{margin-bottom: 30px !important;}&#8220;][vc_column][vc_row_inner][vc_column_inner][vc_gallery interval=&#8220;5&#8243; images=&#8220;81650&#8243; img_size=&#8220;full&#8220; onclick=&#8220;&#8220;][\/vc_column_inner][\/vc_row_inner][\/vc_column][\/vc_row][vc_row css=&#8220;.vc_custom_1646825184402{margin-bottom: 30px !important;}&#8220;][vc_column][vc_row_inner][vc_column_inner][vc_column_text] Bag to the future: Der Growbag, gleich dreimal einzigartig Jede Innovation hat ihre Zeit. Die des Growbag ist genau jetzt. Damit hebt Klasmann-Deilmann eine der wichtigsten Anbaumethoden im Produktionsgartenbau auf ein v\u00f6llig neues Niveau. Immer mit den h\u00f6chsten Standards hinsichtlich Qualit\u00e4t und Nachhaltigkeit. Und das mit genau dem Ma\u00df an Individualit\u00e4t, das Ihre Pflanzen ben\u00f6tigen und Ihren Anspr\u00fcchen gerecht wird. Ganz gleich, ob Sie Gem\u00fcse &#8211;\" \/>\n<meta property=\"og:url\" content=\"https:\/\/klasmann-deilmann.com\/de\/produkte-loesungen\/growbag\/\" \/>\n<meta property=\"og:site_name\" content=\"Klasmann-Deilmann\" \/>\n<meta property=\"article:modified_time\" content=\"2025-10-30T14:43:30+00:00\" \/>\n<meta property=\"og:image\" content=\"https:\/\/klasmann-deilmann.com\/wp-content\/uploads\/klasmann-deilmann_raffael_koschmieder_raw_materials.jpg\" \/>\n<meta name=\"twitter:card\" content=\"summary_large_image\" \/>\n<meta name=\"twitter:label1\" content=\"Gesch\u00e4tzte Lesezeit\" \/>\n\t<meta name=\"twitter:data1\" content=\"4\u00a0Minuten\" \/>\n<script type=\"application\/ld+json\" class=\"yoast-schema-graph\">{\"@context\":\"https:\\\/\\\/schema.org\",\"@graph\":[{\"@type\":\"WebPage\",\"@id\":\"https:\\\/\\\/klasmann-deilmann.com\\\/de\\\/produkte-loesungen\\\/growbag\\\/\",\"url\":\"https:\\\/\\\/klasmann-deilmann.com\\\/de\\\/produkte-loesungen\\\/growbag\\\/\",\"name\":\"Growbag - Klasmann-Deilmann\",\"isPartOf\":{\"@id\":\"https:\\\/\\\/klasmann-deilmann.com\\\/en\\\/#website\"},\"primaryImageOfPage\":{\"@id\":\"https:\\\/\\\/klasmann-deilmann.com\\\/de\\\/produkte-loesungen\\\/growbag\\\/#primaryimage\"},\"image\":{\"@id\":\"https:\\\/\\\/klasmann-deilmann.com\\\/de\\\/produkte-loesungen\\\/growbag\\\/#primaryimage\"},\"thumbnailUrl\":\"https:\\\/\\\/klasmann-deilmann.com\\\/wp-content\\\/uploads\\\/klasmann-deilmann_raffael_koschmieder_raw_materials.jpg\",\"datePublished\":\"2024-01-09T12:33:06+00:00\",\"dateModified\":\"2025-10-30T14:43:30+00:00\",\"breadcrumb\":{\"@id\":\"https:\\\/\\\/klasmann-deilmann.com\\\/de\\\/produkte-loesungen\\\/growbag\\\/#breadcrumb\"},\"inLanguage\":\"de\",\"potentialAction\":[{\"@type\":\"ReadAction\",\"target\":[\"https:\\\/\\\/klasmann-deilmann.com\\\/de\\\/produkte-loesungen\\\/growbag\\\/\"]}]},{\"@type\":\"ImageObject\",\"inLanguage\":\"de\",\"@id\":\"https:\\\/\\\/klasmann-deilmann.com\\\/de\\\/produkte-loesungen\\\/growbag\\\/#primaryimage\",\"url\":\"https:\\\/\\\/klasmann-deilmann.com\\\/wp-content\\\/uploads\\\/klasmann-deilmann_raffael_koschmieder_raw_materials.jpg\",\"contentUrl\":\"https:\\\/\\\/klasmann-deilmann.com\\\/wp-content\\\/uploads\\\/klasmann-deilmann_raffael_koschmieder_raw_materials.jpg\"},{\"@type\":\"BreadcrumbList\",\"@id\":\"https:\\\/\\\/klasmann-deilmann.com\\\/de\\\/produkte-loesungen\\\/growbag\\\/#breadcrumb\",\"itemListElement\":[{\"@type\":\"ListItem\",\"position\":1,\"name\":\"Home\",\"item\":\"https:\\\/\\\/klasmann-deilmann.com\\\/de\\\/\"},{\"@type\":\"ListItem\",\"position\":2,\"name\":\"Produkte &#038; L\u00f6sungen\",\"item\":\"https:\\\/\\\/klasmann-deilmann.com\\\/de\\\/produkte-loesungen\\\/\"},{\"@type\":\"ListItem\",\"position\":3,\"name\":\"Growbag\"}]},{\"@type\":\"WebSite\",\"@id\":\"https:\\\/\\\/klasmann-deilmann.com\\\/en\\\/#website\",\"url\":\"https:\\\/\\\/klasmann-deilmann.com\\\/en\\\/\",\"name\":\"Klasmann-Deilmann\",\"description\":\"\",\"potentialAction\":[{\"@type\":\"SearchAction\",\"target\":{\"@type\":\"EntryPoint\",\"urlTemplate\":\"https:\\\/\\\/klasmann-deilmann.com\\\/en\\\/?s={search_term_string}\"},\"query-input\":{\"@type\":\"PropertyValueSpecification\",\"valueRequired\":true,\"valueName\":\"search_term_string\"}}],\"inLanguage\":\"de\"}]}<\/script>\n<!-- \/ Yoast SEO plugin. -->","yoast_head_json":{"title":"Growbag - Klasmann-Deilmann","robots":{"index":"index","follow":"follow","max-snippet":"max-snippet:-1","max-image-preview":"max-image-preview:large","max-video-preview":"max-video-preview:-1"},"canonical":"https:\/\/klasmann-deilmann.com\/de\/produkte-loesungen\/growbag\/","og_locale":"de_DE","og_type":"article","og_title":"Growbag - Klasmann-Deilmann","og_description":"[vc_row][vc_column][kd_header_random_image_banner kindofbanner=&#8220;slideshow&#8220; timetillslide=&#8220;3&#8243; image=&#8220;77444&#8243;][\/kd_header_random_image_banner][\/vc_column][\/vc_row][vc_row css=&#8220;.vc_custom_1646825184402{margin-bottom: 30px !important;}&#8220;][vc_column][vc_row_inner][vc_column_inner][vc_gallery interval=&#8220;5&#8243; images=&#8220;81650&#8243; img_size=&#8220;full&#8220; onclick=&#8220;&#8220;][\/vc_column_inner][\/vc_row_inner][\/vc_column][\/vc_row][vc_row css=&#8220;.vc_custom_1646825184402{margin-bottom: 30px !important;}&#8220;][vc_column][vc_row_inner][vc_column_inner][vc_column_text] Bag to the future: Der Growbag, gleich dreimal einzigartig Jede Innovation hat ihre Zeit. Die des Growbag ist genau jetzt. Damit hebt Klasmann-Deilmann eine der wichtigsten Anbaumethoden im Produktionsgartenbau auf ein v\u00f6llig neues Niveau. Immer mit den h\u00f6chsten Standards hinsichtlich Qualit\u00e4t und Nachhaltigkeit. Und das mit genau dem Ma\u00df an Individualit\u00e4t, das Ihre Pflanzen ben\u00f6tigen und Ihren Anspr\u00fcchen gerecht wird. Ganz gleich, ob Sie Gem\u00fcse &#8211;","og_url":"https:\/\/klasmann-deilmann.com\/de\/produkte-loesungen\/growbag\/","og_site_name":"Klasmann-Deilmann","article_modified_time":"2025-10-30T14:43:30+00:00","og_image":[{"url":"https:\/\/klasmann-deilmann.com\/wp-content\/uploads\/klasmann-deilmann_raffael_koschmieder_raw_materials.jpg","type":"","width":"","height":""}],"twitter_card":"summary_large_image","twitter_misc":{"Gesch\u00e4tzte Lesezeit":"4\u00a0Minuten"},"schema":{"@context":"https:\/\/schema.org","@graph":[{"@type":"WebPage","@id":"https:\/\/klasmann-deilmann.com\/de\/produkte-loesungen\/growbag\/","url":"https:\/\/klasmann-deilmann.com\/de\/produkte-loesungen\/growbag\/","name":"Growbag - Klasmann-Deilmann","isPartOf":{"@id":"https:\/\/klasmann-deilmann.com\/en\/#website"},"primaryImageOfPage":{"@id":"https:\/\/klasmann-deilmann.com\/de\/produkte-loesungen\/growbag\/#primaryimage"},"image":{"@id":"https:\/\/klasmann-deilmann.com\/de\/produkte-loesungen\/growbag\/#primaryimage"},"thumbnailUrl":"https:\/\/klasmann-deilmann.com\/wp-content\/uploads\/klasmann-deilmann_raffael_koschmieder_raw_materials.jpg","datePublished":"2024-01-09T12:33:06+00:00","dateModified":"2025-10-30T14:43:30+00:00","breadcrumb":{"@id":"https:\/\/klasmann-deilmann.com\/de\/produkte-loesungen\/growbag\/#breadcrumb"},"inLanguage":"de","potentialAction":[{"@type":"ReadAction","target":["https:\/\/klasmann-deilmann.com\/de\/produkte-loesungen\/growbag\/"]}]},{"@type":"ImageObject","inLanguage":"de","@id":"https:\/\/klasmann-deilmann.com\/de\/produkte-loesungen\/growbag\/#primaryimage","url":"https:\/\/klasmann-deilmann.com\/wp-content\/uploads\/klasmann-deilmann_raffael_koschmieder_raw_materials.jpg","contentUrl":"https:\/\/klasmann-deilmann.com\/wp-content\/uploads\/klasmann-deilmann_raffael_koschmieder_raw_materials.jpg"},{"@type":"BreadcrumbList","@id":"https:\/\/klasmann-deilmann.com\/de\/produkte-loesungen\/growbag\/#breadcrumb","itemListElement":[{"@type":"ListItem","position":1,"name":"Home","item":"https:\/\/klasmann-deilmann.com\/de\/"},{"@type":"ListItem","position":2,"name":"Produkte &#038; L\u00f6sungen","item":"https:\/\/klasmann-deilmann.com\/de\/produkte-loesungen\/"},{"@type":"ListItem","position":3,"name":"Growbag"}]},{"@type":"WebSite","@id":"https:\/\/klasmann-deilmann.com\/en\/#website","url":"https:\/\/klasmann-deilmann.com\/en\/","name":"Klasmann-Deilmann","description":"","potentialAction":[{"@type":"SearchAction","target":{"@type":"EntryPoint","urlTemplate":"https:\/\/klasmann-deilmann.com\/en\/?s={search_term_string}"},"query-input":{"@type":"PropertyValueSpecification","valueRequired":true,"valueName":"search_term_string"}}],"inLanguage":"de"}]}},"_links":{"self":[{"href":"https:\/\/klasmann-deilmann.com\/de\/wp-json\/wp\/v2\/pages\/77401","targetHints":{"allow":["GET"]}}],"collection":[{"href":"https:\/\/klasmann-deilmann.com\/de\/wp-json\/wp\/v2\/pages"}],"about":[{"href":"https:\/\/klasmann-deilmann.com\/de\/wp-json\/wp\/v2\/types\/page"}],"author":[{"embeddable":true,"href":"https:\/\/klasmann-deilmann.com\/de\/wp-json\/wp\/v2\/users\/7"}],"replies":[{"embeddable":true,"href":"https:\/\/klasmann-deilmann.com\/de\/wp-json\/wp\/v2\/comments?post=77401"}],"version-history":[{"count":13,"href":"https:\/\/klasmann-deilmann.com\/de\/wp-json\/wp\/v2\/pages\/77401\/revisions"}],"predecessor-version":[{"id":93442,"href":"https:\/\/klasmann-deilmann.com\/de\/wp-json\/wp\/v2\/pages\/77401\/revisions\/93442"}],"up":[{"embeddable":true,"href":"https:\/\/klasmann-deilmann.com\/de\/wp-json\/wp\/v2\/pages\/40410"}],"wp:attachment":[{"href":"https:\/\/klasmann-deilmann.com\/de\/wp-json\/wp\/v2\/media?parent=77401"}],"curies":[{"name":"wp","href":"https:\/\/api.w.org\/{rel}","templated":true}]}}