{"id":6732,"date":"2018-05-25T12:16:48","date_gmt":"2018-05-25T10:16:48","guid":{"rendered":"\/\/klasmann-deilmann.com\/?page_id=6732"},"modified":"2018-05-25T12:16:48","modified_gmt":"2018-05-25T10:16:48","slug":"datenschutz-formulare","status":"publish","type":"page","link":"https:\/\/klasmann-deilmann.com\/de\/datenschutz-formulare\/","title":{"rendered":"Datenschutz Formulare"},"content":{"rendered":"<div class=\"wpb-content-wrapper\">[vc_row][vc_column][kd_header_image_banner image=&#8220;897&#8243;][\/vc_column][vc_column][vc_row_inner][vc_column_inner width=&#8220;1\/6&#8243;][\/vc_column_inner][vc_column_inner width=&#8220;4\/6&#8243;][vc_column_text]<\/p>\n<h1 style=\"text-align: center;\">Datenschutzerkl\u00e4rung zum Kontaktformular<\/h1>\n<p>[\/vc_column_text][vc_column_text]Vielen Dank f\u00fcr Ihre Kontaktanfrage und Ihren Besuch auf unserer Website. Der Schutz Ihrer pers\u00f6nlichen Daten und die Wahrung Ihrer Privatsph\u00e4re sind uns sehr wichtig. Daher informieren wir Sie nachfolgend \u00fcber die Erhebung und Verwendung Ihrer personenbezogenen Daten gem\u00e4\u00df den einschl\u00e4gigen Datenschutzvorschriften.<\/p>\n<p><strong>Verwendung personenbezogener Daten<\/strong><\/p>\n<p>Die <strong>personenbezogenen Daten<\/strong>, die Sie uns im Rahmen dieser Kontaktanfrage zur Verf\u00fcgung stellen, werden nur f\u00fcr die Beantwortung Ihrer Anfrage bzw. Kontaktaufnahme und f\u00fcr die damit verbundene technische Administration verwendet. Die Weitergabe an Dritte findet nicht statt.<\/p>\n<p>Sie haben das Recht, jeder\u00adzeit Aus\u00adkunft dar\u00ad\u00fcber zu ver\u00adlan\u00adgen, wel\u00adche Daten \u00fcber Sie bei uns gespei\u00adchert sind und zu wel\u00adchem Zweck die\u00adse Spei\u00adche\u00adrung erfolgt. Dar\u00ad\u00fcber hin\u00adaus k\u00f6n\u00adnen Sie unrich\u00adti\u00adge Daten berich\u00adti\u00adgen oder sol\u00adche Daten l\u00f6schen las\u00adsen, deren Spei\u00adche\u00adrung unzu\u00adl\u00e4s\u00adsig oder nicht mehr erfor\u00adder\u00adlich ist.<\/p>\n<p>Entf\u00e4llt der Speicherungszweck oder l\u00e4uft eine vom Europ\u00e4ischen Richtlinien- und Verordnungsgeber oder einem anderen zust\u00e4ndigen Gesetzgeber vorgeschriebene Speicherfrist ab, werden die personenbezogenen Daten routinem\u00e4\u00dfig und entsprechend den gesetzlichen Vorschriften gesperrt oder gel\u00f6scht.<\/p>\n<p><strong>Weitere Informationen und Kontakte<\/strong><\/p>\n<p>Wenn Sie weitere Fragen zum Thema Datenschutz haben, kontaktieren Sie uns bitte. Bei Fragen zur Erhebung, Verarbeitung oder Nutzung Ihrer personenbezogenen Daten, bei Ausk\u00fcnften, Berichtigung, Sperrung oder L\u00f6schung von Daten sowie Widerruf erteilter Einwilligungen wenden Sie sich bitte per Email an <a href=\"mailto:datenschutz@klasmann-deilmann.com\">datenschutz@klasmann-deilmann.com<\/a>[\/vc_column_text][\/vc_column_inner][vc_column_inner width=&#8220;1\/6&#8243;][\/vc_column_inner][\/vc_row_inner][\/vc_column][\/vc_row]<\/div>\n","protected":false},"excerpt":{"rendered":"<p>[vc_row][vc_column][kd_header_image_banner image=&#8220;897&#8243;][\/vc_column][vc_column][vc_row_inner][vc_column_inner width=&#8220;1\/6&#8243;][\/vc_column_inner][vc_column_inner width=&#8220;4\/6&#8243;][vc_column_text] Datenschutzerkl\u00e4rung zum Kontaktformular [\/vc_column_text][vc_column_text]Vielen Dank f\u00fcr Ihre Kontaktanfrage und Ihren Besuch auf unserer Website. Der Schutz Ihrer pers\u00f6nlichen Daten und die Wahrung Ihrer Privatsph\u00e4re sind uns sehr wichtig. Daher informieren wir Sie nachfolgend \u00fcber die Erhebung und Verwendung Ihrer personenbezogenen Daten gem\u00e4\u00df den einschl\u00e4gigen Datenschutzvorschriften. Verwendung personenbezogener Daten Die personenbezogenen Daten, die Sie uns im Rahmen dieser Kontaktanfrage zur Verf\u00fcgung stellen, werden nur f\u00fcr die Beantwortung Ihrer Anfrage bzw. Kontaktaufnahme und f\u00fcr die damit verbundene technische<\/p>\n","protected":false},"author":2,"featured_media":0,"parent":0,"menu_order":549,"comment_status":"closed","ping_status":"closed","template":"","meta":{"_acf_changed":false,"inline_featured_image":false,"footnotes":""},"class_list":["post-6732","page","type-page","status-publish","hentry"],"acf":[],"yoast_head":"<!-- This site is optimized with the Yoast SEO plugin v27.4 - https:\/\/yoast.com\/product\/yoast-seo-wordpress\/ -->\n<title>Datenschutz Formulare - Klasmann-Deilmann<\/title>\n<meta name=\"robots\" content=\"index, follow, max-snippet:-1, max-image-preview:large, max-video-preview:-1\" \/>\n<link rel=\"canonical\" href=\"https:\/\/klasmann-deilmann.com\/de\/datenschutz-formulare\/\" \/>\n<meta property=\"og:locale\" content=\"de_DE\" \/>\n<meta property=\"og:type\" content=\"article\" \/>\n<meta property=\"og:title\" content=\"Datenschutz Formulare - Klasmann-Deilmann\" \/>\n<meta property=\"og:description\" content=\"[vc_row][vc_column][kd_header_image_banner image=&#8220;897&#8243;][\/vc_column][vc_column][vc_row_inner][vc_column_inner width=&#8220;1\/6&#8243;][\/vc_column_inner][vc_column_inner width=&#8220;4\/6&#8243;][vc_column_text] Datenschutzerkl\u00e4rung zum Kontaktformular [\/vc_column_text][vc_column_text]Vielen Dank f\u00fcr Ihre Kontaktanfrage und Ihren Besuch auf unserer Website. Der Schutz Ihrer pers\u00f6nlichen Daten und die Wahrung Ihrer Privatsph\u00e4re sind uns sehr wichtig. Daher informieren wir Sie nachfolgend \u00fcber die Erhebung und Verwendung Ihrer personenbezogenen Daten gem\u00e4\u00df den einschl\u00e4gigen Datenschutzvorschriften. Verwendung personenbezogener Daten Die personenbezogenen Daten, die Sie uns im Rahmen dieser Kontaktanfrage zur Verf\u00fcgung stellen, werden nur f\u00fcr die Beantwortung Ihrer Anfrage bzw. Kontaktaufnahme und f\u00fcr die damit verbundene technische\" \/>\n<meta property=\"og:url\" content=\"https:\/\/klasmann-deilmann.com\/de\/datenschutz-formulare\/\" \/>\n<meta property=\"og:site_name\" content=\"Klasmann-Deilmann\" \/>\n<meta name=\"twitter:card\" content=\"summary_large_image\" \/>\n<meta name=\"twitter:label1\" content=\"Gesch\u00e4tzte Lesezeit\" \/>\n\t<meta name=\"twitter:data1\" content=\"2\u00a0Minuten\" \/>\n<script type=\"application\/ld+json\" class=\"yoast-schema-graph\">{\"@context\":\"https:\\\/\\\/schema.org\",\"@graph\":[{\"@type\":\"WebPage\",\"@id\":\"https:\\\/\\\/klasmann-deilmann.com\\\/de\\\/datenschutz-formulare\\\/\",\"url\":\"https:\\\/\\\/klasmann-deilmann.com\\\/de\\\/datenschutz-formulare\\\/\",\"name\":\"Datenschutz Formulare - Klasmann-Deilmann\",\"isPartOf\":{\"@id\":\"https:\\\/\\\/klasmann-deilmann.com\\\/en\\\/#website\"},\"datePublished\":\"2018-05-25T10:16:48+00:00\",\"breadcrumb\":{\"@id\":\"https:\\\/\\\/klasmann-deilmann.com\\\/de\\\/datenschutz-formulare\\\/#breadcrumb\"},\"inLanguage\":\"de\",\"potentialAction\":[{\"@type\":\"ReadAction\",\"target\":[\"https:\\\/\\\/klasmann-deilmann.com\\\/de\\\/datenschutz-formulare\\\/\"]}]},{\"@type\":\"BreadcrumbList\",\"@id\":\"https:\\\/\\\/klasmann-deilmann.com\\\/de\\\/datenschutz-formulare\\\/#breadcrumb\",\"itemListElement\":[{\"@type\":\"ListItem\",\"position\":1,\"name\":\"Home\",\"item\":\"https:\\\/\\\/klasmann-deilmann.com\\\/de\\\/\"},{\"@type\":\"ListItem\",\"position\":2,\"name\":\"Datenschutz Formulare\"}]},{\"@type\":\"WebSite\",\"@id\":\"https:\\\/\\\/klasmann-deilmann.com\\\/en\\\/#website\",\"url\":\"https:\\\/\\\/klasmann-deilmann.com\\\/en\\\/\",\"name\":\"Klasmann-Deilmann\",\"description\":\"\",\"potentialAction\":[{\"@type\":\"SearchAction\",\"target\":{\"@type\":\"EntryPoint\",\"urlTemplate\":\"https:\\\/\\\/klasmann-deilmann.com\\\/en\\\/?s={search_term_string}\"},\"query-input\":{\"@type\":\"PropertyValueSpecification\",\"valueRequired\":true,\"valueName\":\"search_term_string\"}}],\"inLanguage\":\"de\"}]}<\/script>\n<!-- \/ Yoast SEO plugin. -->","yoast_head_json":{"title":"Datenschutz Formulare - Klasmann-Deilmann","robots":{"index":"index","follow":"follow","max-snippet":"max-snippet:-1","max-image-preview":"max-image-preview:large","max-video-preview":"max-video-preview:-1"},"canonical":"https:\/\/klasmann-deilmann.com\/de\/datenschutz-formulare\/","og_locale":"de_DE","og_type":"article","og_title":"Datenschutz Formulare - Klasmann-Deilmann","og_description":"[vc_row][vc_column][kd_header_image_banner image=&#8220;897&#8243;][\/vc_column][vc_column][vc_row_inner][vc_column_inner width=&#8220;1\/6&#8243;][\/vc_column_inner][vc_column_inner width=&#8220;4\/6&#8243;][vc_column_text] Datenschutzerkl\u00e4rung zum Kontaktformular [\/vc_column_text][vc_column_text]Vielen Dank f\u00fcr Ihre Kontaktanfrage und Ihren Besuch auf unserer Website. Der Schutz Ihrer pers\u00f6nlichen Daten und die Wahrung Ihrer Privatsph\u00e4re sind uns sehr wichtig. Daher informieren wir Sie nachfolgend \u00fcber die Erhebung und Verwendung Ihrer personenbezogenen Daten gem\u00e4\u00df den einschl\u00e4gigen Datenschutzvorschriften. Verwendung personenbezogener Daten Die personenbezogenen Daten, die Sie uns im Rahmen dieser Kontaktanfrage zur Verf\u00fcgung stellen, werden nur f\u00fcr die Beantwortung Ihrer Anfrage bzw. Kontaktaufnahme und f\u00fcr die damit verbundene technische","og_url":"https:\/\/klasmann-deilmann.com\/de\/datenschutz-formulare\/","og_site_name":"Klasmann-Deilmann","twitter_card":"summary_large_image","twitter_misc":{"Gesch\u00e4tzte Lesezeit":"2\u00a0Minuten"},"schema":{"@context":"https:\/\/schema.org","@graph":[{"@type":"WebPage","@id":"https:\/\/klasmann-deilmann.com\/de\/datenschutz-formulare\/","url":"https:\/\/klasmann-deilmann.com\/de\/datenschutz-formulare\/","name":"Datenschutz Formulare - Klasmann-Deilmann","isPartOf":{"@id":"https:\/\/klasmann-deilmann.com\/en\/#website"},"datePublished":"2018-05-25T10:16:48+00:00","breadcrumb":{"@id":"https:\/\/klasmann-deilmann.com\/de\/datenschutz-formulare\/#breadcrumb"},"inLanguage":"de","potentialAction":[{"@type":"ReadAction","target":["https:\/\/klasmann-deilmann.com\/de\/datenschutz-formulare\/"]}]},{"@type":"BreadcrumbList","@id":"https:\/\/klasmann-deilmann.com\/de\/datenschutz-formulare\/#breadcrumb","itemListElement":[{"@type":"ListItem","position":1,"name":"Home","item":"https:\/\/klasmann-deilmann.com\/de\/"},{"@type":"ListItem","position":2,"name":"Datenschutz Formulare"}]},{"@type":"WebSite","@id":"https:\/\/klasmann-deilmann.com\/en\/#website","url":"https:\/\/klasmann-deilmann.com\/en\/","name":"Klasmann-Deilmann","description":"","potentialAction":[{"@type":"SearchAction","target":{"@type":"EntryPoint","urlTemplate":"https:\/\/klasmann-deilmann.com\/en\/?s={search_term_string}"},"query-input":{"@type":"PropertyValueSpecification","valueRequired":true,"valueName":"search_term_string"}}],"inLanguage":"de"}]}},"_links":{"self":[{"href":"https:\/\/klasmann-deilmann.com\/de\/wp-json\/wp\/v2\/pages\/6732","targetHints":{"allow":["GET"]}}],"collection":[{"href":"https:\/\/klasmann-deilmann.com\/de\/wp-json\/wp\/v2\/pages"}],"about":[{"href":"https:\/\/klasmann-deilmann.com\/de\/wp-json\/wp\/v2\/types\/page"}],"author":[{"embeddable":true,"href":"https:\/\/klasmann-deilmann.com\/de\/wp-json\/wp\/v2\/users\/2"}],"replies":[{"embeddable":true,"href":"https:\/\/klasmann-deilmann.com\/de\/wp-json\/wp\/v2\/comments?post=6732"}],"version-history":[{"count":1,"href":"https:\/\/klasmann-deilmann.com\/de\/wp-json\/wp\/v2\/pages\/6732\/revisions"}],"predecessor-version":[{"id":6736,"href":"https:\/\/klasmann-deilmann.com\/de\/wp-json\/wp\/v2\/pages\/6732\/revisions\/6736"}],"wp:attachment":[{"href":"https:\/\/klasmann-deilmann.com\/de\/wp-json\/wp\/v2\/media?parent=6732"}],"curies":[{"name":"wp","href":"https:\/\/api.w.org\/{rel}","templated":true}]}}